{"id":266568,"date":"2026-04-25T00:49:28","date_gmt":"2026-04-25T06:49:28","guid":{"rendered":"https:\/\/compuviper.mx\/tienda\/producto\/sharp-display-dd-ea271f-monitor-led-sharp-27-panel-ips-1920x1080-10001-169-250-cd-m2-hdmi-dp-dvi-vga-usb-hub-3-1-102-srgb-75-5-adobergb-72-ntsc\/"},"modified":"2026-04-25T00:49:29","modified_gmt":"2026-04-25T06:49:29","slug":"sharp-display-dd-ea271f-monitor-led-sharp-27-panel-ips-1920x1080-10001-169-250-cd-m2-hdmi-dp-dvi-vga-usb-hub-3-1-102-srgb-75-5-adobergb-72-ntsc","status":"publish","type":"product","link":"https:\/\/compuviper.mx\/tienda\/producto\/sharp-display-dd-ea271f-monitor-led-sharp-27-panel-ips-1920x1080-10001-169-250-cd-m2-hdmi-dp-dvi-vga-usb-hub-3-1-102-srgb-75-5-adobergb-72-ntsc\/","title":{"rendered":"Sharp Display Dd-ea271f Monitor Led Sharp 27  Panel Ips 1920&#215;1080 10001 169 250 Cd\/m2 Hdmi Dp Dvi Vga Usb Hub 3-1, 102 Srgb 75.5 Adobergb, 72 Ntsc"},"content":{"rendered":"<table class=\"descripcion\">\n<tr>\n<td>Tecnolog\u00eda de paneles ips<\/td>\n<\/tr>\n<tr>\n<td>Tama\u00f1o de imagen visible 27<\/td>\n<\/tr>\n<tr>\n<td>Relaci\u00f3n de aspecto 16:9<\/td>\n<\/tr>\n<tr>\n<td>Resoluci\u00f3n de pantalla fhd 1920&#215;1080<\/td>\n<\/tr>\n<tr>\n<td>Paso de p\u00edxeles 0,31 mil\u00edmetros<\/td>\n<\/tr>\n<tr>\n<td>P\u00edxeles por pulgada 82 a resoluci\u00f3n nativa<\/td>\n<\/tr>\n<tr>\n<td>Tipo de retroiluminaci\u00f3n condujo<\/td>\n<\/tr>\n<tr>\n<td>Brillo (t\u00edpico) 250 cd\/ m2<\/td>\n<\/tr>\n<tr>\n<td>Relaci\u00f3n de contraste (t\u00edpica) 1000:1<\/td>\n<\/tr>\n<tr>\n<td>\u00e1ngulo de visi\u00f3n (t\u00edpico) 178\u00b0 vert., 178\u00b0 hor. (89u\/89d\/89l\/89r) a cr 10<\/td>\n<\/tr>\n<tr>\n<td>Frecuencia de actualizaci\u00f3n 48-75 hz<\/td>\n<\/tr>\n<tr>\n<td>Tiempo de respuesta (t\u00edpico) 6 ms<\/td>\n<\/tr>\n<tr>\n<td>\u00e1rea de pantalla activa 23,5 x 13,2 pulgadas \/ 597,9 x 336,3 mm<\/td>\n<\/tr>\n<tr>\n<td>Colores visualizables m\u00e1s de 16,7 millones<\/td>\n<\/tr>\n<tr>\n<td>Gama de colores<\/td>\n<\/tr>\n<tr>\n<td>Cobertura\/tama\u00f1o de adobe rgb: 73,5 % \/ 75,5 %<\/td>\n<\/tr>\n<tr>\n<td>Cobertura\/tama\u00f1o ntsc: 69,5 % \/ 72,1 %<\/td>\n<\/tr>\n<tr>\n<td>Cobertura\/tama\u00f1o srgb: 95,1 % \/ 101,6 %<\/td>\n<\/tr>\n<tr>\n<td>Rango de sincronizaci\u00f3n<\/td>\n<\/tr>\n<tr>\n<td>Horizontal (digital) 31,5 &#8211; 83 khz<\/td>\n<\/tr>\n<tr>\n<td>Vertical 56 &#8211; 75 hz<\/td>\n<\/tr>\n<tr>\n<td>Compatibilidad de se\u00f1ales<\/td>\n<\/tr>\n<tr>\n<td>Est\u00e1ndares de v\u00eddeo compatibles ntsc, ntsc 4.43, pal, pal-60, pal-m, pal-n, secam<\/td>\n<\/tr>\n<tr>\n<td>Compatibilidad de sincronizaci\u00f3n sincronizaci\u00f3n separada \/ sincronizaci\u00f3n compuesta \/ sincronizaci\u00f3n en g<\/td>\n<\/tr>\n<tr>\n<td>Conectividad<\/td>\n<\/tr>\n<tr>\n<td>Datos usb-a 3.1 (descendente) x3, usb-b (ascendente), controlsync (entrada\/salida)<\/td>\n<\/tr>\n<tr>\n<td>Terminales de entrada &#8211; rgb1 (anal\u00f3gico) vga d-sub de 15 pines<\/td>\n<\/tr>\n<tr>\n<td>Terminales de entrada &#8211; audio 1 miniconector est\u00e9reo<\/td>\n<\/tr>\n<tr>\n<td>Terminales de entrada &#8211; rgb1 (digital) hdmi<\/td>\n<\/tr>\n<tr>\n<td>Terminales de entrada &#8211; rgb2 (digital) displayport<\/td>\n<\/tr>\n<tr>\n<td>Terminales de entrada &#8211; rgb3 (digital) dvi-d<\/td>\n<\/tr>\n<tr>\n<td>Terminales de salida &#8211; salida de audio miniconector est\u00e9reo<\/td>\n<\/tr>\n<tr>\n<td>Consumo de energ\u00eda (t\u00edpico)<\/td>\n<\/tr>\n<tr>\n<td>En 17w<\/td>\n<\/tr>\n<tr>\n<td>Modo de ahorro de energ\u00eda 0,27 w<\/td>\n<\/tr>\n<tr>\n<td>Requisitos de energ\u00eda 100-240 v ca, 50\/60 hz<\/td>\n<\/tr>\n<tr>\n<td>Especificaciones f\u00edsicas<\/td>\n<\/tr>\n<tr>\n<td>Dimensiones (con soporte) (an. x al. x pr.) 24,0 x 14,9 &#8211; 20,8 x 9,8 pulgadas \/ 610,2 x 377,3 &#8211; 527,3 x 250 mm<\/td>\n<\/tr>\n<tr>\n<td>Dimensiones (sin soporte) (an. x al. x pr.) 24 x 14,2 x 1,8 pulgadas \/ 610,2 x 359,8 x 45,6 mm<\/td>\n<\/tr>\n<tr>\n<td>Dimensiones (env\u00edo) (an. x al. x pr.) 28,7 x 18,7 x 8,0 pulgadas \/ 730,0 x 475,0 x 204,0 mm<\/td>\n<\/tr>\n<tr>\n<td>Peso neto (con soporte) 16,8 libras \/ 7,6 kg<\/td>\n<\/tr>\n<tr>\n<td>Peso neto (sin soporte) 11 libras \/ 5 kg<\/td>\n<\/tr>\n<tr>\n<td>Peso (env\u00edo) 23,8 libras \/ 10,8 kg<\/td>\n<\/tr>\n<tr>\n<td>Configuraci\u00f3n de orificios vesa 100 x 100 mm<\/td>\n<\/tr>\n<tr>\n<td>Condiciones ambientales<\/td>\n<\/tr>\n<tr>\n<td>Temperatura de funcionamiento 41-95 \u00b0f \/ 5-35 \u00b0c<\/td>\n<\/tr>\n<tr>\n<td>Humedad de funcionamiento 20-80%<\/td>\n<\/tr>\n<tr>\n<td>Altitud de operaci\u00f3n 6563 pies \/ 2000 m<\/td>\n<\/tr>\n<tr>\n<td>Temperatura de almacenamiento 14-140 \u00b0f \/ -10-60 \u00b0c<\/td>\n<\/tr>\n<tr>\n<td>Humedad de almacenamiento 10-85%<\/td>\n<\/tr>\n<tr>\n<td>Altitud de almacenamiento 40.000 pies \/ 12.192 m<\/td>\n<\/tr>\n<tr>\n<td>Cumplimiento ambiental<\/td>\n<\/tr>\n<tr>\n<td>Energystar 8<\/td>\n<\/tr>\n<tr>\n<td>Rohs s\u00ed<\/td>\n<\/tr>\n<tr>\n<td>Costo total de propiedad 9<\/td>\n<\/tr>\n<tr>\n<td>Garant\u00eda limitada (piezas y mano de obra)<\/td>\n<\/tr>\n<tr>\n<td>3 a\u00f1os<\/td>\n<\/tr>\n<tr>\n<td>Caracter\u00edsticas adicionales<\/td>\n<\/tr>\n<tr>\n<td>Inclinaci\u00f3n<\/td>\n<\/tr>\n<tr>\n<td>Girar<\/td>\n<\/tr>\n<tr>\n<td>Pivote<\/td>\n<\/tr>\n<tr>\n<td>Soporte de altura regulable<\/td>\n<\/tr>\n<tr>\n<td>Personalizar configuraci\u00f3n<\/td>\n<\/tr>\n<tr>\n<td>Altavoces integrados<\/td>\n<\/tr>\n<tr>\n<td>Concentrador usb 3.1 de 3 puertos<\/td>\n<\/tr>\n<tr>\n<td>Retroiluminaci\u00f3n led<\/td>\n<\/tr>\n<tr>\n<td>Brillo autom\u00e1tico con sensor de luz ambiental<\/td>\n<\/tr>\n<tr>\n<td>Sensor humano<\/td>\n<\/tr>\n<tr>\n<td>Modo eco<\/td>\n<\/tr>\n<tr>\n<td>Medidor de huella de carbono<\/td>\n<\/tr>\n<tr>\n<td>Contador de costos reiniciable<\/td>\n<\/tr>\n<tr>\n<td>Bisel ultraestrecho<\/td>\n<\/tr>\n<tr>\n<td>Asa de transporte<\/td>\n<\/tr>\n<tr>\n<td>Respuesta r\u00e1pida<\/td>\n<\/tr>\n<tr>\n<td>Ambix<\/td>\n<\/tr>\n<tr>\n<td>Vista extra<\/td>\n<\/tr>\n<tr>\n<td>Tecla de acceso r\u00e1pido<\/td>\n<\/tr>\n<tr>\n<td>Controles t\u00e1ctiles osd<\/td>\n<\/tr>\n<tr>\n<td>Bloqueo de osd<\/td>\n<\/tr>\n<tr>\n<td>Gesti\u00f3n de cables<\/td>\n<\/tr>\n<tr>\n<td>Modo visual din\u00e1mico (est\u00e1ndar, texto, pel\u00edcula, juegos, foto, din\u00e1mico)<\/td>\n<\/tr>\n<tr>\n<td>Software naviset<\/td>\n<\/tr>\n<tr>\n<td>Montaje vesa<\/td>\n<\/tr>\n<tr>\n<td>Hdcp<\/td>\n<\/tr>\n<tr>\n<td>Ddc\/ci<\/td>\n<\/tr>\n<tr>\n<td>Ajuste autom\u00e1tico sin contacto<\/td>\n<\/tr>\n<tr>\n<td>Conectar y usar (vesa ddc2b)<\/td>\n<\/tr>\n<tr>\n<td>Administraci\u00f3n de energ\u00eda vesa dpms<\/td>\n<\/tr>\n<tr>\n<td>Control de color accucolor<\/td>\n<\/tr>\n<tr>\n<td>Suavizado digital<\/td>\n<\/tr>\n<tr>\n<td>Controles digitales<\/td>\n<\/tr>\n<tr>\n<td>Iso 9241-307 clase i<\/td>\n<\/tr>\n<tr>\n<td>Tarjeta sim dicom<\/td>\n<\/tr>\n<tr>\n<td>Se env\u00eda con:<\/td>\n<\/tr>\n<tr>\n<td>Hoja de configuraci\u00f3n<\/td>\n<\/tr>\n<tr>\n<td>Manual de usuario<\/td>\n<\/tr>\n<tr>\n<td>Cable de alimentaci\u00f3n<\/td>\n<\/tr>\n<tr>\n<td>Cable displayport<\/td>\n<\/tr>\n<tr>\n<td>Cable usb ab<\/td>\n<\/tr>\n<\/table>\n","protected":false},"excerpt":{"rendered":"<p>El sharp multisync\u00ae ea271f de 27 es un monitor ips de escritorio full hd con bisel ultra estrecho, ideal para entornos comerciales exigentes. Dise\u00f1ado con est\u00e1ndares profesionales de calidad de imagen y color, este modelo de pantalla ancha 16:9 incorpora tecnolog\u00eda de panel ips con amplios \u00e1ngulos de visi\u00f3n (178\u00b0 horizontal\/vertical) y ajuste ergon\u00f3mico. La retroiluminaci\u00f3n led del ea271f le permite un perfil m\u00e1s delgado, un peso m\u00e1s ligero y un mayor ahorro de energ\u00eda en comparaci\u00f3n con los modelos de generaciones anteriores. La tecnolog\u00eda de detecci\u00f3n inteligente detecta autom\u00e1ticamente sus condiciones de trabajo para determinar el brillo de pantalla adecuado seg\u00fan la luz ambiental y los sensores de movimiento. Su completa conectividad, que incluye hdmi, displayport, dvi-d, vga y un concentrador usb 3.1 de 3 puertos, conecta a los usuarios con los perif\u00e9ricos m\u00e1s modernos y garantiza su inversi\u00f3n a largo plazo.<\/p>\n","protected":false},"featured_media":0,"comment_status":"open","ping_status":"open","template":"","meta":[],"product_cat":[1740,1741],"product_tag":[2237],"acf":[],"yoast_head":"<!-- This site is optimized with the Yoast SEO plugin v21.7 - https:\/\/yoast.com\/wordpress\/plugins\/seo\/ -->\n<title>[ Sharp Display ] &#129351; Dd-ea271f Monitor Led Sharp 27 Panel Ips 1920x1080 10001 169 250 Cd\/m2 Hdmi Dp Dvi Vga Usb Hub 3-1, 102 Srgb 75.5 Adobergb, 72 Ntsc<\/title>\n<meta name=\"description\" content=\"Compra Dd-ea271f Monitor Led Sharp 27 Panel Ips 1920x1080 10001 169 250 Cd\/m2 Hdmi Dp Dvi Vga Usb Hub 3-1, 102 Srgb 75.5 Adobergb, 72 Ntsc + Env\u00edo a domicilio + Pago seguro + Garant\u00eda\" \/>\n<meta name=\"robots\" content=\"index, follow, max-snippet:-1, max-image-preview:large, max-video-preview:-1\" \/>\n<link rel=\"canonical\" href=\"https:\/\/compuviper.mx\/tienda\/producto\/sharp-display-dd-ea271f-monitor-led-sharp-27-panel-ips-1920x1080-10001-169-250-cd-m2-hdmi-dp-dvi-vga-usb-hub-3-1-102-srgb-75-5-adobergb-72-ntsc\/\" \/>\n<meta property=\"og:locale\" content=\"es_MX\" \/>\n<meta property=\"og:type\" content=\"article\" \/>\n<meta property=\"og:title\" content=\"[ Sharp Display ] &#129351; Dd-ea271f Monitor Led Sharp 27 Panel Ips 1920x1080 10001 169 250 Cd\/m2 Hdmi Dp Dvi Vga Usb Hub 3-1, 102 Srgb 75.5 Adobergb, 72 Ntsc\" \/>\n<meta property=\"og:description\" content=\"Compra Dd-ea271f Monitor Led Sharp 27 Panel Ips 1920x1080 10001 169 250 Cd\/m2 Hdmi Dp Dvi Vga Usb Hub 3-1, 102 Srgb 75.5 Adobergb, 72 Ntsc + Env\u00edo a domicilio + Pago seguro + Garant\u00eda\" \/>\n<meta property=\"og:url\" content=\"https:\/\/compuviper.mx\/tienda\/producto\/sharp-display-dd-ea271f-monitor-led-sharp-27-panel-ips-1920x1080-10001-169-250-cd-m2-hdmi-dp-dvi-vga-usb-hub-3-1-102-srgb-75-5-adobergb-72-ntsc\/\" \/>\n<meta property=\"og:site_name\" content=\"Compuviper\" \/>\n<meta property=\"article:publisher\" content=\"https:\/\/www.facebook.com\/compuviper\" \/>\n<meta property=\"article:modified_time\" content=\"2026-04-25T06:49:29+00:00\" \/>\n<meta name=\"twitter:card\" content=\"summary_large_image\" \/>\n<meta name=\"twitter:label1\" content=\"Precio\" \/>\n\t<meta name=\"twitter:data1\" content=\"&#36;7,696 con IVA\" \/>\n\t<meta name=\"twitter:label2\" content=\"Availability\" \/>\n\t<meta name=\"twitter:data2\" content=\"On backorder\" \/>\n<script type=\"application\/ld+json\" class=\"yoast-schema-graph\">{\"@context\":\"https:\/\/schema.org\",\"@graph\":[{\"@type\":\"WebPage\",\"@id\":\"https:\/\/compuviper.mx\/tienda\/producto\/sharp-display-dd-ea271f-monitor-led-sharp-27-panel-ips-1920x1080-10001-169-250-cd-m2-hdmi-dp-dvi-vga-usb-hub-3-1-102-srgb-75-5-adobergb-72-ntsc\/\",\"url\":\"https:\/\/compuviper.mx\/tienda\/producto\/sharp-display-dd-ea271f-monitor-led-sharp-27-panel-ips-1920x1080-10001-169-250-cd-m2-hdmi-dp-dvi-vga-usb-hub-3-1-102-srgb-75-5-adobergb-72-ntsc\/\",\"name\":\"[ Sharp Display ] &#129351; Dd-ea271f Monitor Led Sharp 27 Panel Ips 1920x1080 10001 169 250 Cd\/m2 Hdmi Dp Dvi Vga Usb Hub 3-1, 102 Srgb 75.5 Adobergb, 72 Ntsc\",\"isPartOf\":{\"@id\":\"https:\/\/compuviper.mx\/tienda\/#website\"},\"datePublished\":\"2026-04-25T06:49:28+00:00\",\"dateModified\":\"2026-04-25T06:49:29+00:00\",\"description\":\"Compra Dd-ea271f Monitor Led Sharp 27 Panel Ips 1920x1080 10001 169 250 Cd\/m2 Hdmi Dp Dvi Vga Usb Hub 3-1, 102 Srgb 75.5 Adobergb, 72 Ntsc + Env\u00edo a domicilio + Pago seguro + Garant\u00eda\",\"breadcrumb\":{\"@id\":\"https:\/\/compuviper.mx\/tienda\/producto\/sharp-display-dd-ea271f-monitor-led-sharp-27-panel-ips-1920x1080-10001-169-250-cd-m2-hdmi-dp-dvi-vga-usb-hub-3-1-102-srgb-75-5-adobergb-72-ntsc\/#breadcrumb\"},\"inLanguage\":\"es-MX\",\"potentialAction\":[{\"@type\":\"ReadAction\",\"target\":[\"https:\/\/compuviper.mx\/tienda\/producto\/sharp-display-dd-ea271f-monitor-led-sharp-27-panel-ips-1920x1080-10001-169-250-cd-m2-hdmi-dp-dvi-vga-usb-hub-3-1-102-srgb-75-5-adobergb-72-ntsc\/\"]}]},{\"@type\":\"BreadcrumbList\",\"@id\":\"https:\/\/compuviper.mx\/tienda\/producto\/sharp-display-dd-ea271f-monitor-led-sharp-27-panel-ips-1920x1080-10001-169-250-cd-m2-hdmi-dp-dvi-vga-usb-hub-3-1-102-srgb-75-5-adobergb-72-ntsc\/#breadcrumb\",\"itemListElement\":[{\"@type\":\"ListItem\",\"position\":1,\"name\":\"Inicio\",\"item\":\"https:\/\/compuviper.mx\/tienda\/\"},{\"@type\":\"ListItem\",\"position\":2,\"name\":\"Productos\",\"item\":\"https:\/\/compuviper.mx\/tienda\/productos\/\"},{\"@type\":\"ListItem\",\"position\":3,\"name\":\"Monitores\",\"item\":\"https:\/\/compuviper.mx\/tienda\/categoria-producto\/monitores\/\"},{\"@type\":\"ListItem\",\"position\":4,\"name\":\"Led\",\"item\":\"https:\/\/compuviper.mx\/tienda\/categoria-producto\/monitores\/led\/\"},{\"@type\":\"ListItem\",\"position\":5,\"name\":\"Sharp Display Dd-ea271f Monitor Led Sharp 27 Panel Ips 1920&#215;1080 10001 169 250 Cd\/m2 Hdmi Dp Dvi Vga Usb Hub 3-1, 102 Srgb 75.5 Adobergb, 72 Ntsc\"}]},{\"@type\":\"WebSite\",\"@id\":\"https:\/\/compuviper.mx\/tienda\/#website\",\"url\":\"https:\/\/compuviper.mx\/tienda\/\",\"name\":\"Compuviper\",\"description\":\"Proveedor de Computadoras, Laptops, Servidores, Monitores, Puntos de Venta, Teclados,   Impresoras, T\u00f3ner, C\u00e1maras de Seguridad y m\u00e1s en tu tienda en l\u00ednea\",\"publisher\":{\"@id\":\"https:\/\/compuviper.mx\/tienda\/#organization\"},\"potentialAction\":[{\"@type\":\"SearchAction\",\"target\":{\"@type\":\"EntryPoint\",\"urlTemplate\":\"https:\/\/compuviper.mx\/tienda\/?s={search_term_string}\"},\"query-input\":\"required name=search_term_string\"}],\"inLanguage\":\"es-MX\"},{\"@type\":\"Organization\",\"@id\":\"https:\/\/compuviper.mx\/tienda\/#organization\",\"name\":\"Compuviper\",\"url\":\"https:\/\/compuviper.mx\/tienda\/\",\"logo\":{\"@type\":\"ImageObject\",\"inLanguage\":\"es-MX\",\"@id\":\"https:\/\/compuviper.mx\/tienda\/#\/schema\/logo\/image\/\",\"url\":\"https:\/\/compuviper.mx\/tienda\/wp-content\/uploads\/2021\/08\/Logo-Compuviper-10.png\",\"contentUrl\":\"https:\/\/compuviper.mx\/tienda\/wp-content\/uploads\/2021\/08\/Logo-Compuviper-10.png\",\"width\":1000,\"height\":500,\"caption\":\"Compuviper\"},\"image\":{\"@id\":\"https:\/\/compuviper.mx\/tienda\/#\/schema\/logo\/image\/\"},\"sameAs\":[\"https:\/\/www.facebook.com\/compuviper\",\"https:\/\/www.youtube.com\/channel\/UCf73dERp9Y3cfOq7q8BhLjA?view_as=subscriber\"]}]}<\/script>\n<meta property=\"product:brand\" content=\"Sharp Display\" \/>\n<meta property=\"product:price:amount\" content=\"7696\" \/>\n<meta property=\"product:price:currency\" content=\"MXN\" \/>\n<meta property=\"og:availability\" content=\"backorder\" \/>\n<meta property=\"product:availability\" content=\"available for order\" \/>\n<meta property=\"product:retailer_item_id\" content=\"DD-EA271F\" \/>\n<meta property=\"product:condition\" content=\"new\" \/>\n<!-- \/ Yoast SEO plugin. -->","yoast_head_json":{"title":"[ Sharp Display ] &#129351; Dd-ea271f Monitor Led Sharp 27 Panel Ips 1920x1080 10001 169 250 Cd\/m2 Hdmi Dp Dvi Vga Usb Hub 3-1, 102 Srgb 75.5 Adobergb, 72 Ntsc","description":"Compra Dd-ea271f Monitor Led Sharp 27 Panel Ips 1920x1080 10001 169 250 Cd\/m2 Hdmi Dp Dvi Vga Usb Hub 3-1, 102 Srgb 75.5 Adobergb, 72 Ntsc + Env\u00edo a domicilio + Pago seguro + Garant\u00eda","robots":{"index":"index","follow":"follow","max-snippet":"max-snippet:-1","max-image-preview":"max-image-preview:large","max-video-preview":"max-video-preview:-1"},"canonical":"https:\/\/compuviper.mx\/tienda\/producto\/sharp-display-dd-ea271f-monitor-led-sharp-27-panel-ips-1920x1080-10001-169-250-cd-m2-hdmi-dp-dvi-vga-usb-hub-3-1-102-srgb-75-5-adobergb-72-ntsc\/","og_locale":"es_MX","og_type":"article","og_title":"[ Sharp Display ] &#129351; Dd-ea271f Monitor Led Sharp 27 Panel Ips 1920x1080 10001 169 250 Cd\/m2 Hdmi Dp Dvi Vga Usb Hub 3-1, 102 Srgb 75.5 Adobergb, 72 Ntsc","og_description":"Compra Dd-ea271f Monitor Led Sharp 27 Panel Ips 1920x1080 10001 169 250 Cd\/m2 Hdmi Dp Dvi Vga Usb Hub 3-1, 102 Srgb 75.5 Adobergb, 72 Ntsc + Env\u00edo a domicilio + Pago seguro + Garant\u00eda","og_url":"https:\/\/compuviper.mx\/tienda\/producto\/sharp-display-dd-ea271f-monitor-led-sharp-27-panel-ips-1920x1080-10001-169-250-cd-m2-hdmi-dp-dvi-vga-usb-hub-3-1-102-srgb-75-5-adobergb-72-ntsc\/","og_site_name":"Compuviper","article_publisher":"https:\/\/www.facebook.com\/compuviper","article_modified_time":"2026-04-25T06:49:29+00:00","twitter_card":"summary_large_image","twitter_misc":{"Precio":"&#36;7,696 con IVA","Availability":"On backorder"},"schema":{"@context":"https:\/\/schema.org","@graph":[{"@type":"WebPage","@id":"https:\/\/compuviper.mx\/tienda\/producto\/sharp-display-dd-ea271f-monitor-led-sharp-27-panel-ips-1920x1080-10001-169-250-cd-m2-hdmi-dp-dvi-vga-usb-hub-3-1-102-srgb-75-5-adobergb-72-ntsc\/","url":"https:\/\/compuviper.mx\/tienda\/producto\/sharp-display-dd-ea271f-monitor-led-sharp-27-panel-ips-1920x1080-10001-169-250-cd-m2-hdmi-dp-dvi-vga-usb-hub-3-1-102-srgb-75-5-adobergb-72-ntsc\/","name":"[ Sharp Display ] &#129351; Dd-ea271f Monitor Led Sharp 27 Panel Ips 1920x1080 10001 169 250 Cd\/m2 Hdmi Dp Dvi Vga Usb Hub 3-1, 102 Srgb 75.5 Adobergb, 72 Ntsc","isPartOf":{"@id":"https:\/\/compuviper.mx\/tienda\/#website"},"datePublished":"2026-04-25T06:49:28+00:00","dateModified":"2026-04-25T06:49:29+00:00","description":"Compra Dd-ea271f Monitor Led Sharp 27 Panel Ips 1920x1080 10001 169 250 Cd\/m2 Hdmi Dp Dvi Vga Usb Hub 3-1, 102 Srgb 75.5 Adobergb, 72 Ntsc + Env\u00edo a domicilio + Pago seguro + Garant\u00eda","breadcrumb":{"@id":"https:\/\/compuviper.mx\/tienda\/producto\/sharp-display-dd-ea271f-monitor-led-sharp-27-panel-ips-1920x1080-10001-169-250-cd-m2-hdmi-dp-dvi-vga-usb-hub-3-1-102-srgb-75-5-adobergb-72-ntsc\/#breadcrumb"},"inLanguage":"es-MX","potentialAction":[{"@type":"ReadAction","target":["https:\/\/compuviper.mx\/tienda\/producto\/sharp-display-dd-ea271f-monitor-led-sharp-27-panel-ips-1920x1080-10001-169-250-cd-m2-hdmi-dp-dvi-vga-usb-hub-3-1-102-srgb-75-5-adobergb-72-ntsc\/"]}]},{"@type":"BreadcrumbList","@id":"https:\/\/compuviper.mx\/tienda\/producto\/sharp-display-dd-ea271f-monitor-led-sharp-27-panel-ips-1920x1080-10001-169-250-cd-m2-hdmi-dp-dvi-vga-usb-hub-3-1-102-srgb-75-5-adobergb-72-ntsc\/#breadcrumb","itemListElement":[{"@type":"ListItem","position":1,"name":"Inicio","item":"https:\/\/compuviper.mx\/tienda\/"},{"@type":"ListItem","position":2,"name":"Productos","item":"https:\/\/compuviper.mx\/tienda\/productos\/"},{"@type":"ListItem","position":3,"name":"Monitores","item":"https:\/\/compuviper.mx\/tienda\/categoria-producto\/monitores\/"},{"@type":"ListItem","position":4,"name":"Led","item":"https:\/\/compuviper.mx\/tienda\/categoria-producto\/monitores\/led\/"},{"@type":"ListItem","position":5,"name":"Sharp Display Dd-ea271f Monitor Led Sharp 27 Panel Ips 1920&#215;1080 10001 169 250 Cd\/m2 Hdmi Dp Dvi Vga Usb Hub 3-1, 102 Srgb 75.5 Adobergb, 72 Ntsc"}]},{"@type":"WebSite","@id":"https:\/\/compuviper.mx\/tienda\/#website","url":"https:\/\/compuviper.mx\/tienda\/","name":"Compuviper","description":"Proveedor de Computadoras, Laptops, Servidores, Monitores, Puntos de Venta, Teclados,   Impresoras, T\u00f3ner, C\u00e1maras de Seguridad y m\u00e1s en tu tienda en l\u00ednea","publisher":{"@id":"https:\/\/compuviper.mx\/tienda\/#organization"},"potentialAction":[{"@type":"SearchAction","target":{"@type":"EntryPoint","urlTemplate":"https:\/\/compuviper.mx\/tienda\/?s={search_term_string}"},"query-input":"required name=search_term_string"}],"inLanguage":"es-MX"},{"@type":"Organization","@id":"https:\/\/compuviper.mx\/tienda\/#organization","name":"Compuviper","url":"https:\/\/compuviper.mx\/tienda\/","logo":{"@type":"ImageObject","inLanguage":"es-MX","@id":"https:\/\/compuviper.mx\/tienda\/#\/schema\/logo\/image\/","url":"https:\/\/compuviper.mx\/tienda\/wp-content\/uploads\/2021\/08\/Logo-Compuviper-10.png","contentUrl":"https:\/\/compuviper.mx\/tienda\/wp-content\/uploads\/2021\/08\/Logo-Compuviper-10.png","width":1000,"height":500,"caption":"Compuviper"},"image":{"@id":"https:\/\/compuviper.mx\/tienda\/#\/schema\/logo\/image\/"},"sameAs":["https:\/\/www.facebook.com\/compuviper","https:\/\/www.youtube.com\/channel\/UCf73dERp9Y3cfOq7q8BhLjA?view_as=subscriber"]}]},"product_brand":"Sharp Display","product_price_amount":"7696","product_price_currency":"MXN","og_availability":"backorder","product_availability":"available for order","product_retailer_item_id":"DD-EA271F","product_condition":"new"},"_links":{"self":[{"href":"https:\/\/compuviper.mx\/tienda\/wp-json\/wp\/v2\/product\/266568"}],"collection":[{"href":"https:\/\/compuviper.mx\/tienda\/wp-json\/wp\/v2\/product"}],"about":[{"href":"https:\/\/compuviper.mx\/tienda\/wp-json\/wp\/v2\/types\/product"}],"replies":[{"embeddable":true,"href":"https:\/\/compuviper.mx\/tienda\/wp-json\/wp\/v2\/comments?post=266568"}],"wp:attachment":[{"href":"https:\/\/compuviper.mx\/tienda\/wp-json\/wp\/v2\/media?parent=266568"}],"wp:term":[{"taxonomy":"product_cat","embeddable":true,"href":"https:\/\/compuviper.mx\/tienda\/wp-json\/wp\/v2\/product_cat?post=266568"},{"taxonomy":"product_tag","embeddable":true,"href":"https:\/\/compuviper.mx\/tienda\/wp-json\/wp\/v2\/product_tag?post=266568"}],"curies":[{"name":"wp","href":"https:\/\/api.w.org\/{rel}","templated":true}]}}