{"id":266566,"date":"2026-04-09T01:03:41","date_gmt":"2026-04-09T07:03:41","guid":{"rendered":"https:\/\/compuviper.mx\/tienda\/producto\/acer-um-je1aa-h01-monitor-ek1-ek321q-hbi-31-5-pulgadas-fhd-1920-x-1080-75hz-va-1-ms-vrb-vga-hdmi-vesa-incl-hdmi-negro-3-aos-de-garantia\/"},"modified":"2026-04-09T01:03:42","modified_gmt":"2026-04-09T07:03:42","slug":"acer-um-je1aa-h01-monitor-ek1-ek321q-hbi-31-5-pulgadas-fhd-1920-x-1080-75hz-va-1-ms-vrb-vga-hdmi-vesa-incl-hdmi-negro-3-aos-de-garantia","status":"publish","type":"product","link":"https:\/\/compuviper.mx\/tienda\/producto\/acer-um-je1aa-h01-monitor-ek1-ek321q-hbi-31-5-pulgadas-fhd-1920-x-1080-75hz-va-1-ms-vrb-vga-hdmi-vesa-incl-hdmi-negro-3-aos-de-garantia\/","title":{"rendered":"Acer Um.je1aa.h01 Monitor  Ek1 Ek321q Hbi, 31.5 Pulgadas, Fhd, 1920 X 1080 75hz, Va, 1 Ms Vrb, Vga, Hdmi, Vesa, Incl. Hdmi, Negro, 3 A?os De Garantia"},"content":{"rendered":"<table class=\"descripcion\">\n<tr>\n<td>Modelo: ek321q hbi<\/td>\n<\/tr>\n<tr>\n<td>Upc: 195133313780<\/td>\n<\/tr>\n<tr>\n<td>Sat: 43211900<\/td>\n<\/tr>\n<tr>\n<td>Numero de parte: um.je1aa.h01<\/td>\n<\/tr>\n<tr>\n<td>Pantalla: 31.5 pulgadas resolucion full hd 1920 x 1080 a 100 hz por hdmi y 75 hz por vga<\/td>\n<\/tr>\n<tr>\n<td>Relacion de aspecto: 16 a 9<\/td>\n<\/tr>\n<tr>\n<td>Cobertura de color: srgb 99 por ciento<\/td>\n<\/tr>\n<tr>\n<td>Libre de mercurio<\/td>\n<\/tr>\n<tr>\n<td>Amigable con el ambiente<\/td>\n<\/tr>\n<tr>\n<td>Tipo de panel: va<\/td>\n<\/tr>\n<tr>\n<td>Tiempo de respuesta: 1 milisegundo modo vrb<\/td>\n<\/tr>\n<tr>\n<td>Brillo: 250 nits<\/td>\n<\/tr>\n<tr>\n<td>Contraste: 100000000 a 1 maximo por tecnologia acm<\/td>\n<\/tr>\n<tr>\n<td>Contraste nativo: 3000 a 1<\/td>\n<\/tr>\n<tr>\n<td>Angulo de vision: 178 grados horizontal y vertical<\/td>\n<\/tr>\n<tr>\n<td>Colores: 16.7 millones<\/td>\n<\/tr>\n<tr>\n<td>Entrada de se\u00f1al: 1 puerto hdmi version 1.4<\/td>\n<\/tr>\n<tr>\n<td>1 puerto vga<\/td>\n<\/tr>\n<tr>\n<td>Bocinas: no incluye<\/td>\n<\/tr>\n<tr>\n<td>Montaje vesa: si, compatible con 100 x 100 mm<\/td>\n<\/tr>\n<tr>\n<td>Dimensiones con soporte:<\/td>\n<\/tr>\n<tr>\n<td>Ancho: 713.7 mm<\/td>\n<\/tr>\n<tr>\n<td>Altura: 513.2 mm<\/td>\n<\/tr>\n<tr>\n<td>Profundidad: 225 mm<\/td>\n<\/tr>\n<tr>\n<td>Peso: 5.5 kg<\/td>\n<\/tr>\n<tr>\n<td>Dimensiones sin soporte:<\/td>\n<\/tr>\n<tr>\n<td>Ancho: 713.7 mm<\/td>\n<\/tr>\n<tr>\n<td>Altura: 420 mm<\/td>\n<\/tr>\n<tr>\n<td>Profundidad: 45.1 mm<\/td>\n<\/tr>\n<tr>\n<td>Peso: 4.7 kg<\/td>\n<\/tr>\n<tr>\n<td>Fuente de energia: externa<\/td>\n<\/tr>\n<tr>\n<td>Ergo stand: inclinacion de menos 5 a mas 20 grados<\/td>\n<\/tr>\n<tr>\n<td>Otros: panel de 6 bits mas frc<\/td>\n<\/tr>\n<tr>\n<td>Incluye 1 cable hdmi<\/td>\n<\/tr>\n<tr>\n<td>Garantia: 3 a\u00f1os en centro de servicio<\/td>\n<\/tr>\n<\/table>\n","protected":false},"excerpt":{"rendered":"<p>Monitor acer ek1 ek321q hbi, 31.5 pulgadas, fhd, 1920 x 1080 75hz, va, 1 ms vrb, vga, hdmi, vesa, incl. Hdmi, negro, 3 a\u00f1os de garantia<\/p>\n","protected":false},"featured_media":0,"comment_status":"open","ping_status":"open","template":"","meta":[],"product_cat":[1741,1740],"product_tag":[1747],"acf":[],"yoast_head":"<!-- This site is optimized with the Yoast SEO plugin v21.7 - https:\/\/yoast.com\/wordpress\/plugins\/seo\/ -->\n<title>[ Acer ] &#129351; Um.je1aa.h01 Monitor Ek1 Ek321q Hbi, 31.5 Pulgadas, Fhd, 1920 X 1080 75hz, Va, 1 Ms Vrb, Vga, Hdmi, Vesa, Incl. Hdmi, Negro, 3 A\u00f1os De Garantia<\/title>\n<meta name=\"description\" content=\"Compra Um.je1aa.h01 Monitor Ek1 Ek321q Hbi, 31.5 Pulgadas, Fhd, 1920 X 1080 75hz, Va, 1 Ms Vrb, Vga, Hdmi, Vesa, Incl. Hdmi, Negro, 3 A\u00f1os De Garantia + Env\u00edo a domicilio + Pago seguro + Garant\u00eda\" \/>\n<meta name=\"robots\" content=\"index, follow, max-snippet:-1, max-image-preview:large, max-video-preview:-1\" \/>\n<link rel=\"canonical\" href=\"https:\/\/compuviper.mx\/tienda\/producto\/acer-um-je1aa-h01-monitor-ek1-ek321q-hbi-31-5-pulgadas-fhd-1920-x-1080-75hz-va-1-ms-vrb-vga-hdmi-vesa-incl-hdmi-negro-3-aos-de-garantia\/\" \/>\n<meta property=\"og:locale\" content=\"es_MX\" \/>\n<meta property=\"og:type\" content=\"article\" \/>\n<meta property=\"og:title\" content=\"[ Acer ] &#129351; Um.je1aa.h01 Monitor Ek1 Ek321q Hbi, 31.5 Pulgadas, Fhd, 1920 X 1080 75hz, Va, 1 Ms Vrb, Vga, Hdmi, Vesa, Incl. Hdmi, Negro, 3 A\u00f1os De Garantia\" \/>\n<meta property=\"og:description\" content=\"Compra Um.je1aa.h01 Monitor Ek1 Ek321q Hbi, 31.5 Pulgadas, Fhd, 1920 X 1080 75hz, Va, 1 Ms Vrb, Vga, Hdmi, Vesa, Incl. Hdmi, Negro, 3 A\u00f1os De Garantia + Env\u00edo a domicilio + Pago seguro + Garant\u00eda\" \/>\n<meta property=\"og:url\" content=\"https:\/\/compuviper.mx\/tienda\/producto\/acer-um-je1aa-h01-monitor-ek1-ek321q-hbi-31-5-pulgadas-fhd-1920-x-1080-75hz-va-1-ms-vrb-vga-hdmi-vesa-incl-hdmi-negro-3-aos-de-garantia\/\" \/>\n<meta property=\"og:site_name\" content=\"Compuviper\" \/>\n<meta property=\"article:publisher\" content=\"https:\/\/www.facebook.com\/compuviper\" \/>\n<meta property=\"article:modified_time\" content=\"2026-04-09T07:03:42+00:00\" \/>\n<meta name=\"twitter:card\" content=\"summary_large_image\" \/>\n<meta name=\"twitter:label1\" content=\"Precio\" \/>\n\t<meta name=\"twitter:data1\" content=\"&#36;3,440 con IVA\" \/>\n\t<meta name=\"twitter:label2\" content=\"Availability\" \/>\n\t<meta name=\"twitter:data2\" content=\"Out of stock\" \/>\n<script type=\"application\/ld+json\" class=\"yoast-schema-graph\">{\"@context\":\"https:\/\/schema.org\",\"@graph\":[{\"@type\":\"WebPage\",\"@id\":\"https:\/\/compuviper.mx\/tienda\/producto\/acer-um-je1aa-h01-monitor-ek1-ek321q-hbi-31-5-pulgadas-fhd-1920-x-1080-75hz-va-1-ms-vrb-vga-hdmi-vesa-incl-hdmi-negro-3-aos-de-garantia\/\",\"url\":\"https:\/\/compuviper.mx\/tienda\/producto\/acer-um-je1aa-h01-monitor-ek1-ek321q-hbi-31-5-pulgadas-fhd-1920-x-1080-75hz-va-1-ms-vrb-vga-hdmi-vesa-incl-hdmi-negro-3-aos-de-garantia\/\",\"name\":\"[ Acer ] &#129351; Um.je1aa.h01 Monitor Ek1 Ek321q Hbi, 31.5 Pulgadas, Fhd, 1920 X 1080 75hz, Va, 1 Ms Vrb, Vga, Hdmi, Vesa, Incl. Hdmi, Negro, 3 A\u00f1os De Garantia\",\"isPartOf\":{\"@id\":\"https:\/\/compuviper.mx\/tienda\/#website\"},\"datePublished\":\"2026-04-09T07:03:41+00:00\",\"dateModified\":\"2026-04-09T07:03:42+00:00\",\"description\":\"Compra Um.je1aa.h01 Monitor Ek1 Ek321q Hbi, 31.5 Pulgadas, Fhd, 1920 X 1080 75hz, Va, 1 Ms Vrb, Vga, Hdmi, Vesa, Incl. Hdmi, Negro, 3 A\u00f1os De Garantia + Env\u00edo a domicilio + Pago seguro + Garant\u00eda\",\"breadcrumb\":{\"@id\":\"https:\/\/compuviper.mx\/tienda\/producto\/acer-um-je1aa-h01-monitor-ek1-ek321q-hbi-31-5-pulgadas-fhd-1920-x-1080-75hz-va-1-ms-vrb-vga-hdmi-vesa-incl-hdmi-negro-3-aos-de-garantia\/#breadcrumb\"},\"inLanguage\":\"es-MX\",\"potentialAction\":[{\"@type\":\"ReadAction\",\"target\":[\"https:\/\/compuviper.mx\/tienda\/producto\/acer-um-je1aa-h01-monitor-ek1-ek321q-hbi-31-5-pulgadas-fhd-1920-x-1080-75hz-va-1-ms-vrb-vga-hdmi-vesa-incl-hdmi-negro-3-aos-de-garantia\/\"]}]},{\"@type\":\"BreadcrumbList\",\"@id\":\"https:\/\/compuviper.mx\/tienda\/producto\/acer-um-je1aa-h01-monitor-ek1-ek321q-hbi-31-5-pulgadas-fhd-1920-x-1080-75hz-va-1-ms-vrb-vga-hdmi-vesa-incl-hdmi-negro-3-aos-de-garantia\/#breadcrumb\",\"itemListElement\":[{\"@type\":\"ListItem\",\"position\":1,\"name\":\"Inicio\",\"item\":\"https:\/\/compuviper.mx\/tienda\/\"},{\"@type\":\"ListItem\",\"position\":2,\"name\":\"Productos\",\"item\":\"https:\/\/compuviper.mx\/tienda\/productos\/\"},{\"@type\":\"ListItem\",\"position\":3,\"name\":\"Monitores\",\"item\":\"https:\/\/compuviper.mx\/tienda\/categoria-producto\/monitores\/\"},{\"@type\":\"ListItem\",\"position\":4,\"name\":\"Led\",\"item\":\"https:\/\/compuviper.mx\/tienda\/categoria-producto\/monitores\/led\/\"},{\"@type\":\"ListItem\",\"position\":5,\"name\":\"Acer Um.je1aa.h01 Monitor Ek1 Ek321q Hbi, 31.5 Pulgadas, Fhd, 1920 X 1080 75hz, Va, 1 Ms Vrb, Vga, Hdmi, Vesa, Incl. Hdmi, Negro, 3 A?os De Garantia\"}]},{\"@type\":\"WebSite\",\"@id\":\"https:\/\/compuviper.mx\/tienda\/#website\",\"url\":\"https:\/\/compuviper.mx\/tienda\/\",\"name\":\"Compuviper\",\"description\":\"Proveedor de Computadoras, Laptops, Servidores, Monitores, Puntos de Venta, Teclados,   Impresoras, T\u00f3ner, C\u00e1maras de Seguridad y m\u00e1s en tu tienda en l\u00ednea\",\"publisher\":{\"@id\":\"https:\/\/compuviper.mx\/tienda\/#organization\"},\"potentialAction\":[{\"@type\":\"SearchAction\",\"target\":{\"@type\":\"EntryPoint\",\"urlTemplate\":\"https:\/\/compuviper.mx\/tienda\/?s={search_term_string}\"},\"query-input\":\"required name=search_term_string\"}],\"inLanguage\":\"es-MX\"},{\"@type\":\"Organization\",\"@id\":\"https:\/\/compuviper.mx\/tienda\/#organization\",\"name\":\"Compuviper\",\"url\":\"https:\/\/compuviper.mx\/tienda\/\",\"logo\":{\"@type\":\"ImageObject\",\"inLanguage\":\"es-MX\",\"@id\":\"https:\/\/compuviper.mx\/tienda\/#\/schema\/logo\/image\/\",\"url\":\"https:\/\/compuviper.mx\/tienda\/wp-content\/uploads\/2021\/08\/Logo-Compuviper-10.png\",\"contentUrl\":\"https:\/\/compuviper.mx\/tienda\/wp-content\/uploads\/2021\/08\/Logo-Compuviper-10.png\",\"width\":1000,\"height\":500,\"caption\":\"Compuviper\"},\"image\":{\"@id\":\"https:\/\/compuviper.mx\/tienda\/#\/schema\/logo\/image\/\"},\"sameAs\":[\"https:\/\/www.facebook.com\/compuviper\",\"https:\/\/www.youtube.com\/channel\/UCf73dERp9Y3cfOq7q8BhLjA?view_as=subscriber\"]}]}<\/script>\n<meta property=\"product:brand\" content=\"ACER\" \/>\n<meta property=\"product:price:amount\" content=\"3440\" \/>\n<meta property=\"product:price:currency\" content=\"MXN\" \/>\n<meta property=\"og:availability\" content=\"out of stock\" \/>\n<meta property=\"product:availability\" content=\"out of stock\" \/>\n<meta property=\"product:retailer_item_id\" content=\"UM.JE1AA.H01\" \/>\n<meta property=\"product:condition\" content=\"new\" \/>\n<!-- \/ Yoast SEO plugin. -->","yoast_head_json":{"title":"[ Acer ] &#129351; Um.je1aa.h01 Monitor Ek1 Ek321q Hbi, 31.5 Pulgadas, Fhd, 1920 X 1080 75hz, Va, 1 Ms Vrb, Vga, Hdmi, Vesa, Incl. Hdmi, Negro, 3 A\u00f1os De Garantia","description":"Compra Um.je1aa.h01 Monitor Ek1 Ek321q Hbi, 31.5 Pulgadas, Fhd, 1920 X 1080 75hz, Va, 1 Ms Vrb, Vga, Hdmi, Vesa, Incl. Hdmi, Negro, 3 A\u00f1os De Garantia + Env\u00edo a domicilio + Pago seguro + Garant\u00eda","robots":{"index":"index","follow":"follow","max-snippet":"max-snippet:-1","max-image-preview":"max-image-preview:large","max-video-preview":"max-video-preview:-1"},"canonical":"https:\/\/compuviper.mx\/tienda\/producto\/acer-um-je1aa-h01-monitor-ek1-ek321q-hbi-31-5-pulgadas-fhd-1920-x-1080-75hz-va-1-ms-vrb-vga-hdmi-vesa-incl-hdmi-negro-3-aos-de-garantia\/","og_locale":"es_MX","og_type":"article","og_title":"[ Acer ] &#129351; Um.je1aa.h01 Monitor Ek1 Ek321q Hbi, 31.5 Pulgadas, Fhd, 1920 X 1080 75hz, Va, 1 Ms Vrb, Vga, Hdmi, Vesa, Incl. Hdmi, Negro, 3 A\u00f1os De Garantia","og_description":"Compra Um.je1aa.h01 Monitor Ek1 Ek321q Hbi, 31.5 Pulgadas, Fhd, 1920 X 1080 75hz, Va, 1 Ms Vrb, Vga, Hdmi, Vesa, Incl. Hdmi, Negro, 3 A\u00f1os De Garantia + Env\u00edo a domicilio + Pago seguro + Garant\u00eda","og_url":"https:\/\/compuviper.mx\/tienda\/producto\/acer-um-je1aa-h01-monitor-ek1-ek321q-hbi-31-5-pulgadas-fhd-1920-x-1080-75hz-va-1-ms-vrb-vga-hdmi-vesa-incl-hdmi-negro-3-aos-de-garantia\/","og_site_name":"Compuviper","article_publisher":"https:\/\/www.facebook.com\/compuviper","article_modified_time":"2026-04-09T07:03:42+00:00","twitter_card":"summary_large_image","twitter_misc":{"Precio":"&#36;3,440 con IVA","Availability":"Out of stock"},"schema":{"@context":"https:\/\/schema.org","@graph":[{"@type":"WebPage","@id":"https:\/\/compuviper.mx\/tienda\/producto\/acer-um-je1aa-h01-monitor-ek1-ek321q-hbi-31-5-pulgadas-fhd-1920-x-1080-75hz-va-1-ms-vrb-vga-hdmi-vesa-incl-hdmi-negro-3-aos-de-garantia\/","url":"https:\/\/compuviper.mx\/tienda\/producto\/acer-um-je1aa-h01-monitor-ek1-ek321q-hbi-31-5-pulgadas-fhd-1920-x-1080-75hz-va-1-ms-vrb-vga-hdmi-vesa-incl-hdmi-negro-3-aos-de-garantia\/","name":"[ Acer ] &#129351; Um.je1aa.h01 Monitor Ek1 Ek321q Hbi, 31.5 Pulgadas, Fhd, 1920 X 1080 75hz, Va, 1 Ms Vrb, Vga, Hdmi, Vesa, Incl. Hdmi, Negro, 3 A\u00f1os De Garantia","isPartOf":{"@id":"https:\/\/compuviper.mx\/tienda\/#website"},"datePublished":"2026-04-09T07:03:41+00:00","dateModified":"2026-04-09T07:03:42+00:00","description":"Compra Um.je1aa.h01 Monitor Ek1 Ek321q Hbi, 31.5 Pulgadas, Fhd, 1920 X 1080 75hz, Va, 1 Ms Vrb, Vga, Hdmi, Vesa, Incl. Hdmi, Negro, 3 A\u00f1os De Garantia + Env\u00edo a domicilio + Pago seguro + Garant\u00eda","breadcrumb":{"@id":"https:\/\/compuviper.mx\/tienda\/producto\/acer-um-je1aa-h01-monitor-ek1-ek321q-hbi-31-5-pulgadas-fhd-1920-x-1080-75hz-va-1-ms-vrb-vga-hdmi-vesa-incl-hdmi-negro-3-aos-de-garantia\/#breadcrumb"},"inLanguage":"es-MX","potentialAction":[{"@type":"ReadAction","target":["https:\/\/compuviper.mx\/tienda\/producto\/acer-um-je1aa-h01-monitor-ek1-ek321q-hbi-31-5-pulgadas-fhd-1920-x-1080-75hz-va-1-ms-vrb-vga-hdmi-vesa-incl-hdmi-negro-3-aos-de-garantia\/"]}]},{"@type":"BreadcrumbList","@id":"https:\/\/compuviper.mx\/tienda\/producto\/acer-um-je1aa-h01-monitor-ek1-ek321q-hbi-31-5-pulgadas-fhd-1920-x-1080-75hz-va-1-ms-vrb-vga-hdmi-vesa-incl-hdmi-negro-3-aos-de-garantia\/#breadcrumb","itemListElement":[{"@type":"ListItem","position":1,"name":"Inicio","item":"https:\/\/compuviper.mx\/tienda\/"},{"@type":"ListItem","position":2,"name":"Productos","item":"https:\/\/compuviper.mx\/tienda\/productos\/"},{"@type":"ListItem","position":3,"name":"Monitores","item":"https:\/\/compuviper.mx\/tienda\/categoria-producto\/monitores\/"},{"@type":"ListItem","position":4,"name":"Led","item":"https:\/\/compuviper.mx\/tienda\/categoria-producto\/monitores\/led\/"},{"@type":"ListItem","position":5,"name":"Acer Um.je1aa.h01 Monitor Ek1 Ek321q Hbi, 31.5 Pulgadas, Fhd, 1920 X 1080 75hz, Va, 1 Ms Vrb, Vga, Hdmi, Vesa, Incl. Hdmi, Negro, 3 A?os De Garantia"}]},{"@type":"WebSite","@id":"https:\/\/compuviper.mx\/tienda\/#website","url":"https:\/\/compuviper.mx\/tienda\/","name":"Compuviper","description":"Proveedor de Computadoras, Laptops, Servidores, Monitores, Puntos de Venta, Teclados,   Impresoras, T\u00f3ner, C\u00e1maras de Seguridad y m\u00e1s en tu tienda en l\u00ednea","publisher":{"@id":"https:\/\/compuviper.mx\/tienda\/#organization"},"potentialAction":[{"@type":"SearchAction","target":{"@type":"EntryPoint","urlTemplate":"https:\/\/compuviper.mx\/tienda\/?s={search_term_string}"},"query-input":"required name=search_term_string"}],"inLanguage":"es-MX"},{"@type":"Organization","@id":"https:\/\/compuviper.mx\/tienda\/#organization","name":"Compuviper","url":"https:\/\/compuviper.mx\/tienda\/","logo":{"@type":"ImageObject","inLanguage":"es-MX","@id":"https:\/\/compuviper.mx\/tienda\/#\/schema\/logo\/image\/","url":"https:\/\/compuviper.mx\/tienda\/wp-content\/uploads\/2021\/08\/Logo-Compuviper-10.png","contentUrl":"https:\/\/compuviper.mx\/tienda\/wp-content\/uploads\/2021\/08\/Logo-Compuviper-10.png","width":1000,"height":500,"caption":"Compuviper"},"image":{"@id":"https:\/\/compuviper.mx\/tienda\/#\/schema\/logo\/image\/"},"sameAs":["https:\/\/www.facebook.com\/compuviper","https:\/\/www.youtube.com\/channel\/UCf73dERp9Y3cfOq7q8BhLjA?view_as=subscriber"]}]},"product_brand":"ACER","product_price_amount":"3440","product_price_currency":"MXN","og_availability":"out of stock","product_availability":"out of stock","product_retailer_item_id":"UM.JE1AA.H01","product_condition":"new"},"_links":{"self":[{"href":"https:\/\/compuviper.mx\/tienda\/wp-json\/wp\/v2\/product\/266566"}],"collection":[{"href":"https:\/\/compuviper.mx\/tienda\/wp-json\/wp\/v2\/product"}],"about":[{"href":"https:\/\/compuviper.mx\/tienda\/wp-json\/wp\/v2\/types\/product"}],"replies":[{"embeddable":true,"href":"https:\/\/compuviper.mx\/tienda\/wp-json\/wp\/v2\/comments?post=266566"}],"wp:attachment":[{"href":"https:\/\/compuviper.mx\/tienda\/wp-json\/wp\/v2\/media?parent=266566"}],"wp:term":[{"taxonomy":"product_cat","embeddable":true,"href":"https:\/\/compuviper.mx\/tienda\/wp-json\/wp\/v2\/product_cat?post=266566"},{"taxonomy":"product_tag","embeddable":true,"href":"https:\/\/compuviper.mx\/tienda\/wp-json\/wp\/v2\/product_tag?post=266566"}],"curies":[{"name":"wp","href":"https:\/\/api.w.org\/{rel}","templated":true}]}}