{"id":266539,"date":"2026-04-16T01:55:43","date_gmt":"2026-04-16T07:55:43","guid":{"rendered":"https:\/\/compuviper.mx\/tienda\/producto\/hewlett-packard-enterprise-p84141-b25-unidad-lectora-hpe-storage-lto-8-ultrium-external-tape-drive-5x-lto-8-30tb-data-cartridges\/"},"modified":"2026-04-16T01:55:43","modified_gmt":"2026-04-16T07:55:43","slug":"hewlett-packard-enterprise-p84141-b25-unidad-lectora-hpe-storage-lto-8-ultrium-external-tape-drive-5x-lto-8-30tb-data-cartridges","status":"publish","type":"product","link":"https:\/\/compuviper.mx\/tienda\/producto\/hewlett-packard-enterprise-p84141-b25-unidad-lectora-hpe-storage-lto-8-ultrium-external-tape-drive-5x-lto-8-30tb-data-cartridges\/","title":{"rendered":"Hewlett Packard Enterprise P84141-b25 Unidad Lectora Hpe Storage Lto-8 Ultrium External Tape Drive 5x Lto-8 30tb Data Cartridges"},"content":{"rendered":"<table class=\"descripcion\">\n<tr>\n<td>Tecnologa de grabacin<\/td>\n<\/tr>\n<tr>\n<td>Lto ultrium<\/td>\n<\/tr>\n<tr>\n<td>Tipos de unidad<\/td>\n<\/tr>\n<tr>\n<td>Incluye 1 unidad de cinta externa hpe storage lto-8 ultrium y 5 cartuchos de datos lto-8 de 15 tb.<\/td>\n<\/tr>\n<tr>\n<td>Capacidad<\/td>\n<\/tr>\n<tr>\n<td>30 tb con compresin 2,5:1, m\u00e1ximo<\/td>\n<\/tr>\n<tr>\n<td>Interfaz de host<\/td>\n<\/tr>\n<tr>\n<td>6 gb\/s sas en lto-8, 12 gb\/s sas en lto-9<\/td>\n<\/tr>\n<tr>\n<td>Velocidad de transferencia<\/td>\n<\/tr>\n<tr>\n<td>300 mb\/s nativo, m\u00e1ximo, segn el modelo<\/td>\n<\/tr>\n<tr>\n<td>Funciones worm<\/td>\n<\/tr>\n<tr>\n<td>Lto-8 ultrium 30750<\/td>\n<\/tr>\n<tr>\n<td>Capacidad de cifrado<\/td>\n<\/tr>\n<tr>\n<td>Aes de 256 bits<\/td>\n<\/tr>\n<tr>\n<td>Formato<\/td>\n<\/tr>\n<tr>\n<td>5,25 pulg. media altura<\/td>\n<\/tr>\n<tr>\n<td>Medidas del producto mtrico<\/td>\n<\/tr>\n<tr>\n<td>\u0095unidades externas: 7,7 x 22,3 x 29,5 cm, unidades internas: 4,1 x 14,5 x 20,6 cm<\/td>\n<\/tr>\n<tr>\n<td>\u0095external drives: 3 x 8.8 x 11.7 in, internal drives: 1.6 x 5.7 x 8.1 in<\/td>\n<\/tr>\n<tr>\n<td>Peso<\/td>\n<\/tr>\n<tr>\n<td>\u0095unidades externas: 4,65 kg, unidades internas: 1,45 kg<\/td>\n<\/tr>\n<tr>\n<td>\u0095external drives: 10.3 lb, internal drives: 3.2 lb<\/td>\n<\/tr>\n<tr>\n<td>Garanta<\/td>\n<\/tr>\n<tr>\n<td>Hewlett packard enterprise proporciona una garanta limitada de 3 aos, con sustitucin de producto al siguiente da, para las unidades de cinta ultrium, adem\u00e1s de asistencia telefnica 9 horas al da, 5 das a la semana, durante el periodo de garanta. sin cobertura de mano de obra ni soporte local.<\/td>\n<\/tr>\n<\/table>\n","protected":false},"excerpt":{"rendered":"<p>Las unidades de cinta hpe storage lto ultrium anteriormente hpe storeever lto ultrium tape drives representan nueve generaciones de tecnologa de cinta lineal abierta lto y son capaces de almacenar hasta 45 tb [1] por cartucho, con cifrado de datos de hardware y con un sistema de archivos de cinta lineal ltfs para su facilidad de uso y un rendimiento sin precedentes<\/p>\n","protected":false},"featured_media":0,"comment_status":"open","ping_status":"open","template":"","meta":[],"product_cat":[1803,1995],"product_tag":[1568],"acf":[],"yoast_head":"<!-- This site is optimized with the Yoast SEO plugin v21.7 - https:\/\/yoast.com\/wordpress\/plugins\/seo\/ -->\n<title>[ Hewlett Packard Enterprise ] &#129351; P84141-b25 Unidad Lectora Hpe Storage Lto-8 Ultrium External Tape Drive 5x Lto-8 30tb Data Cartridges<\/title>\n<meta name=\"description\" content=\"Compra P84141-b25 Unidad Lectora Hpe Storage Lto-8 Ultrium External Tape Drive 5x Lto-8 30tb Data Cartridges + Env\u00edo a domicilio + Pago seguro + Garant\u00eda\" \/>\n<meta name=\"robots\" content=\"index, follow, max-snippet:-1, max-image-preview:large, max-video-preview:-1\" \/>\n<link rel=\"canonical\" href=\"https:\/\/compuviper.mx\/tienda\/producto\/hewlett-packard-enterprise-p84141-b25-unidad-lectora-hpe-storage-lto-8-ultrium-external-tape-drive-5x-lto-8-30tb-data-cartridges\/\" \/>\n<meta property=\"og:locale\" content=\"es_MX\" \/>\n<meta property=\"og:type\" content=\"article\" \/>\n<meta property=\"og:title\" content=\"[ Hewlett Packard Enterprise ] &#129351; P84141-b25 Unidad Lectora Hpe Storage Lto-8 Ultrium External Tape Drive 5x Lto-8 30tb Data Cartridges\" \/>\n<meta property=\"og:description\" content=\"Compra P84141-b25 Unidad Lectora Hpe Storage Lto-8 Ultrium External Tape Drive 5x Lto-8 30tb Data Cartridges + Env\u00edo a domicilio + Pago seguro + Garant\u00eda\" \/>\n<meta property=\"og:url\" content=\"https:\/\/compuviper.mx\/tienda\/producto\/hewlett-packard-enterprise-p84141-b25-unidad-lectora-hpe-storage-lto-8-ultrium-external-tape-drive-5x-lto-8-30tb-data-cartridges\/\" \/>\n<meta property=\"og:site_name\" content=\"Compuviper\" \/>\n<meta property=\"article:publisher\" content=\"https:\/\/www.facebook.com\/compuviper\" \/>\n<meta name=\"twitter:card\" content=\"summary_large_image\" \/>\n<meta name=\"twitter:label1\" content=\"Precio\" \/>\n\t<meta name=\"twitter:data1\" content=\"&#36;73,989 con IVA\" \/>\n\t<meta name=\"twitter:label2\" content=\"Availability\" \/>\n\t<meta name=\"twitter:data2\" content=\"On backorder\" \/>\n<script type=\"application\/ld+json\" class=\"yoast-schema-graph\">{\"@context\":\"https:\/\/schema.org\",\"@graph\":[{\"@type\":\"WebPage\",\"@id\":\"https:\/\/compuviper.mx\/tienda\/producto\/hewlett-packard-enterprise-p84141-b25-unidad-lectora-hpe-storage-lto-8-ultrium-external-tape-drive-5x-lto-8-30tb-data-cartridges\/\",\"url\":\"https:\/\/compuviper.mx\/tienda\/producto\/hewlett-packard-enterprise-p84141-b25-unidad-lectora-hpe-storage-lto-8-ultrium-external-tape-drive-5x-lto-8-30tb-data-cartridges\/\",\"name\":\"[ Hewlett Packard Enterprise ] &#129351; P84141-b25 Unidad Lectora Hpe Storage Lto-8 Ultrium External Tape Drive 5x Lto-8 30tb Data Cartridges\",\"isPartOf\":{\"@id\":\"https:\/\/compuviper.mx\/tienda\/#website\"},\"datePublished\":\"2026-04-16T07:55:43+00:00\",\"dateModified\":\"2026-04-16T07:55:43+00:00\",\"description\":\"Compra P84141-b25 Unidad Lectora Hpe Storage Lto-8 Ultrium External Tape Drive 5x Lto-8 30tb Data Cartridges + Env\u00edo a domicilio + Pago seguro + Garant\u00eda\",\"breadcrumb\":{\"@id\":\"https:\/\/compuviper.mx\/tienda\/producto\/hewlett-packard-enterprise-p84141-b25-unidad-lectora-hpe-storage-lto-8-ultrium-external-tape-drive-5x-lto-8-30tb-data-cartridges\/#breadcrumb\"},\"inLanguage\":\"es-MX\",\"potentialAction\":[{\"@type\":\"ReadAction\",\"target\":[\"https:\/\/compuviper.mx\/tienda\/producto\/hewlett-packard-enterprise-p84141-b25-unidad-lectora-hpe-storage-lto-8-ultrium-external-tape-drive-5x-lto-8-30tb-data-cartridges\/\"]}]},{\"@type\":\"BreadcrumbList\",\"@id\":\"https:\/\/compuviper.mx\/tienda\/producto\/hewlett-packard-enterprise-p84141-b25-unidad-lectora-hpe-storage-lto-8-ultrium-external-tape-drive-5x-lto-8-30tb-data-cartridges\/#breadcrumb\",\"itemListElement\":[{\"@type\":\"ListItem\",\"position\":1,\"name\":\"Inicio\",\"item\":\"https:\/\/compuviper.mx\/tienda\/\"},{\"@type\":\"ListItem\",\"position\":2,\"name\":\"Productos\",\"item\":\"https:\/\/compuviper.mx\/tienda\/productos\/\"},{\"@type\":\"ListItem\",\"position\":3,\"name\":\"Almacenamiento\",\"item\":\"https:\/\/compuviper.mx\/tienda\/categoria-producto\/almacenamiento\/\"},{\"@type\":\"ListItem\",\"position\":4,\"name\":\"Storage Masivo\",\"item\":\"https:\/\/compuviper.mx\/tienda\/categoria-producto\/almacenamiento\/storage-masivo\/\"},{\"@type\":\"ListItem\",\"position\":5,\"name\":\"Hewlett Packard Enterprise P84141-b25 Unidad Lectora Hpe Storage Lto-8 Ultrium External Tape Drive 5x Lto-8 30tb Data Cartridges\"}]},{\"@type\":\"WebSite\",\"@id\":\"https:\/\/compuviper.mx\/tienda\/#website\",\"url\":\"https:\/\/compuviper.mx\/tienda\/\",\"name\":\"Compuviper\",\"description\":\"Proveedor de Computadoras, Laptops, Servidores, Monitores, Puntos de Venta, Teclados,   Impresoras, T\u00f3ner, C\u00e1maras de Seguridad y m\u00e1s en tu tienda en l\u00ednea\",\"publisher\":{\"@id\":\"https:\/\/compuviper.mx\/tienda\/#organization\"},\"potentialAction\":[{\"@type\":\"SearchAction\",\"target\":{\"@type\":\"EntryPoint\",\"urlTemplate\":\"https:\/\/compuviper.mx\/tienda\/?s={search_term_string}\"},\"query-input\":\"required name=search_term_string\"}],\"inLanguage\":\"es-MX\"},{\"@type\":\"Organization\",\"@id\":\"https:\/\/compuviper.mx\/tienda\/#organization\",\"name\":\"Compuviper\",\"url\":\"https:\/\/compuviper.mx\/tienda\/\",\"logo\":{\"@type\":\"ImageObject\",\"inLanguage\":\"es-MX\",\"@id\":\"https:\/\/compuviper.mx\/tienda\/#\/schema\/logo\/image\/\",\"url\":\"https:\/\/compuviper.mx\/tienda\/wp-content\/uploads\/2021\/08\/Logo-Compuviper-10.png\",\"contentUrl\":\"https:\/\/compuviper.mx\/tienda\/wp-content\/uploads\/2021\/08\/Logo-Compuviper-10.png\",\"width\":1000,\"height\":500,\"caption\":\"Compuviper\"},\"image\":{\"@id\":\"https:\/\/compuviper.mx\/tienda\/#\/schema\/logo\/image\/\"},\"sameAs\":[\"https:\/\/www.facebook.com\/compuviper\",\"https:\/\/www.youtube.com\/channel\/UCf73dERp9Y3cfOq7q8BhLjA?view_as=subscriber\"]}]}<\/script>\n<meta property=\"product:brand\" content=\"HEWLETT PACKARD ENTERPRISE\" \/>\n<meta property=\"product:price:amount\" content=\"73989\" \/>\n<meta property=\"product:price:currency\" content=\"MXN\" \/>\n<meta property=\"og:availability\" content=\"backorder\" \/>\n<meta property=\"product:availability\" content=\"available for order\" \/>\n<meta property=\"product:retailer_item_id\" content=\"P84141-B25\" \/>\n<meta property=\"product:condition\" content=\"new\" \/>\n<!-- \/ Yoast SEO plugin. -->","yoast_head_json":{"title":"[ Hewlett Packard Enterprise ] &#129351; P84141-b25 Unidad Lectora Hpe Storage Lto-8 Ultrium External Tape Drive 5x Lto-8 30tb Data Cartridges","description":"Compra P84141-b25 Unidad Lectora Hpe Storage Lto-8 Ultrium External Tape Drive 5x Lto-8 30tb Data Cartridges + Env\u00edo a domicilio + Pago seguro + Garant\u00eda","robots":{"index":"index","follow":"follow","max-snippet":"max-snippet:-1","max-image-preview":"max-image-preview:large","max-video-preview":"max-video-preview:-1"},"canonical":"https:\/\/compuviper.mx\/tienda\/producto\/hewlett-packard-enterprise-p84141-b25-unidad-lectora-hpe-storage-lto-8-ultrium-external-tape-drive-5x-lto-8-30tb-data-cartridges\/","og_locale":"es_MX","og_type":"article","og_title":"[ Hewlett Packard Enterprise ] &#129351; P84141-b25 Unidad Lectora Hpe Storage Lto-8 Ultrium External Tape Drive 5x Lto-8 30tb Data Cartridges","og_description":"Compra P84141-b25 Unidad Lectora Hpe Storage Lto-8 Ultrium External Tape Drive 5x Lto-8 30tb Data Cartridges + Env\u00edo a domicilio + Pago seguro + Garant\u00eda","og_url":"https:\/\/compuviper.mx\/tienda\/producto\/hewlett-packard-enterprise-p84141-b25-unidad-lectora-hpe-storage-lto-8-ultrium-external-tape-drive-5x-lto-8-30tb-data-cartridges\/","og_site_name":"Compuviper","article_publisher":"https:\/\/www.facebook.com\/compuviper","twitter_card":"summary_large_image","twitter_misc":{"Precio":"&#36;73,989 con IVA","Availability":"On backorder"},"schema":{"@context":"https:\/\/schema.org","@graph":[{"@type":"WebPage","@id":"https:\/\/compuviper.mx\/tienda\/producto\/hewlett-packard-enterprise-p84141-b25-unidad-lectora-hpe-storage-lto-8-ultrium-external-tape-drive-5x-lto-8-30tb-data-cartridges\/","url":"https:\/\/compuviper.mx\/tienda\/producto\/hewlett-packard-enterprise-p84141-b25-unidad-lectora-hpe-storage-lto-8-ultrium-external-tape-drive-5x-lto-8-30tb-data-cartridges\/","name":"[ Hewlett Packard Enterprise ] &#129351; P84141-b25 Unidad Lectora Hpe Storage Lto-8 Ultrium External Tape Drive 5x Lto-8 30tb Data Cartridges","isPartOf":{"@id":"https:\/\/compuviper.mx\/tienda\/#website"},"datePublished":"2026-04-16T07:55:43+00:00","dateModified":"2026-04-16T07:55:43+00:00","description":"Compra P84141-b25 Unidad Lectora Hpe Storage Lto-8 Ultrium External Tape Drive 5x Lto-8 30tb Data Cartridges + Env\u00edo a domicilio + Pago seguro + Garant\u00eda","breadcrumb":{"@id":"https:\/\/compuviper.mx\/tienda\/producto\/hewlett-packard-enterprise-p84141-b25-unidad-lectora-hpe-storage-lto-8-ultrium-external-tape-drive-5x-lto-8-30tb-data-cartridges\/#breadcrumb"},"inLanguage":"es-MX","potentialAction":[{"@type":"ReadAction","target":["https:\/\/compuviper.mx\/tienda\/producto\/hewlett-packard-enterprise-p84141-b25-unidad-lectora-hpe-storage-lto-8-ultrium-external-tape-drive-5x-lto-8-30tb-data-cartridges\/"]}]},{"@type":"BreadcrumbList","@id":"https:\/\/compuviper.mx\/tienda\/producto\/hewlett-packard-enterprise-p84141-b25-unidad-lectora-hpe-storage-lto-8-ultrium-external-tape-drive-5x-lto-8-30tb-data-cartridges\/#breadcrumb","itemListElement":[{"@type":"ListItem","position":1,"name":"Inicio","item":"https:\/\/compuviper.mx\/tienda\/"},{"@type":"ListItem","position":2,"name":"Productos","item":"https:\/\/compuviper.mx\/tienda\/productos\/"},{"@type":"ListItem","position":3,"name":"Almacenamiento","item":"https:\/\/compuviper.mx\/tienda\/categoria-producto\/almacenamiento\/"},{"@type":"ListItem","position":4,"name":"Storage Masivo","item":"https:\/\/compuviper.mx\/tienda\/categoria-producto\/almacenamiento\/storage-masivo\/"},{"@type":"ListItem","position":5,"name":"Hewlett Packard Enterprise P84141-b25 Unidad Lectora Hpe Storage Lto-8 Ultrium External Tape Drive 5x Lto-8 30tb Data Cartridges"}]},{"@type":"WebSite","@id":"https:\/\/compuviper.mx\/tienda\/#website","url":"https:\/\/compuviper.mx\/tienda\/","name":"Compuviper","description":"Proveedor de Computadoras, Laptops, Servidores, Monitores, Puntos de Venta, Teclados,   Impresoras, T\u00f3ner, C\u00e1maras de Seguridad y m\u00e1s en tu tienda en l\u00ednea","publisher":{"@id":"https:\/\/compuviper.mx\/tienda\/#organization"},"potentialAction":[{"@type":"SearchAction","target":{"@type":"EntryPoint","urlTemplate":"https:\/\/compuviper.mx\/tienda\/?s={search_term_string}"},"query-input":"required name=search_term_string"}],"inLanguage":"es-MX"},{"@type":"Organization","@id":"https:\/\/compuviper.mx\/tienda\/#organization","name":"Compuviper","url":"https:\/\/compuviper.mx\/tienda\/","logo":{"@type":"ImageObject","inLanguage":"es-MX","@id":"https:\/\/compuviper.mx\/tienda\/#\/schema\/logo\/image\/","url":"https:\/\/compuviper.mx\/tienda\/wp-content\/uploads\/2021\/08\/Logo-Compuviper-10.png","contentUrl":"https:\/\/compuviper.mx\/tienda\/wp-content\/uploads\/2021\/08\/Logo-Compuviper-10.png","width":1000,"height":500,"caption":"Compuviper"},"image":{"@id":"https:\/\/compuviper.mx\/tienda\/#\/schema\/logo\/image\/"},"sameAs":["https:\/\/www.facebook.com\/compuviper","https:\/\/www.youtube.com\/channel\/UCf73dERp9Y3cfOq7q8BhLjA?view_as=subscriber"]}]},"product_brand":"HEWLETT PACKARD ENTERPRISE","product_price_amount":"73989","product_price_currency":"MXN","og_availability":"backorder","product_availability":"available for order","product_retailer_item_id":"P84141-B25","product_condition":"new"},"_links":{"self":[{"href":"https:\/\/compuviper.mx\/tienda\/wp-json\/wp\/v2\/product\/266539"}],"collection":[{"href":"https:\/\/compuviper.mx\/tienda\/wp-json\/wp\/v2\/product"}],"about":[{"href":"https:\/\/compuviper.mx\/tienda\/wp-json\/wp\/v2\/types\/product"}],"replies":[{"embeddable":true,"href":"https:\/\/compuviper.mx\/tienda\/wp-json\/wp\/v2\/comments?post=266539"}],"wp:attachment":[{"href":"https:\/\/compuviper.mx\/tienda\/wp-json\/wp\/v2\/media?parent=266539"}],"wp:term":[{"taxonomy":"product_cat","embeddable":true,"href":"https:\/\/compuviper.mx\/tienda\/wp-json\/wp\/v2\/product_cat?post=266539"},{"taxonomy":"product_tag","embeddable":true,"href":"https:\/\/compuviper.mx\/tienda\/wp-json\/wp\/v2\/product_tag?post=266539"}],"curies":[{"name":"wp","href":"https:\/\/api.w.org\/{rel}","templated":true}]}}