{"id":266528,"date":"2026-04-10T00:50:50","date_gmt":"2026-04-10T06:50:50","guid":{"rendered":"https:\/\/compuviper.mx\/tienda\/producto\/adata-rift-r27f6-bkcmx-monitor-xpg-rift-r27f6-plano-27-pulgadas-in-ips-1920x1080fhd-165hz-1ms-negro-rift-r27f6-bkcmx\/"},"modified":"2026-04-10T00:50:50","modified_gmt":"2026-04-10T06:50:50","slug":"adata-rift-r27f6-bkcmx-monitor-xpg-rift-r27f6-plano-27-pulgadas-in-ips-1920x1080fhd-165hz-1ms-negro-rift-r27f6-bkcmx","status":"publish","type":"product","link":"https:\/\/compuviper.mx\/tienda\/producto\/adata-rift-r27f6-bkcmx-monitor-xpg-rift-r27f6-plano-27-pulgadas-in-ips-1920x1080fhd-165hz-1ms-negro-rift-r27f6-bkcmx\/","title":{"rendered":"Adata Rift R27f6-bkcmx Monitor  Xpg Rift R27f6 Plano 27 Pulgadas In Ips 1920x1080fhd 165hz 1ms Negro (rift R27f6 Bkcmx)"},"content":{"rendered":"<table class=\"descripcion\">\n<tr>\n<td>Modelo: rift r27f6<\/td>\n<\/tr>\n<tr>\n<td>Tama\u00f1o: 27<\/td>\n<\/tr>\n<tr>\n<td>Tipo de panel: ips<\/td>\n<\/tr>\n<tr>\n<td>Resoluci\u00f3n:1920 \u00d7 1080 (fhd)<\/td>\n<\/tr>\n<tr>\n<td>Relaci\u00f3n de aspecto: 16:9<\/td>\n<\/tr>\n<tr>\n<td>Brillo (nits): 300 (t\u00edpico)<\/td>\n<\/tr>\n<tr>\n<td>Relaci\u00f3n de contraste: 1000:1<\/td>\n<\/tr>\n<tr>\n<td>Frecuencia de actualizaci\u00f3n: 165hz<\/td>\n<\/tr>\n<tr>\n<td>Tiempo de respuesta: 1ms (mprt)<\/td>\n<\/tr>\n<tr>\n<td>Entradas\/salidas:<\/td>\n<\/tr>\n<tr>\n<td>Hdmi 2.0 x1 \/<\/td>\n<\/tr>\n<tr>\n<td>Displayport 1.4 x1<\/td>\n<\/tr>\n<tr>\n<td>Gama de colo: 99% srgb (t\u00edpico)<\/td>\n<\/tr>\n<tr>\n<td>\u00e1ngulos de visi\u00f3n (cr 10): 178\u00b0 (h), 178\u00b0 (v)<\/td>\n<\/tr>\n<tr>\n<td>Colores de pantalla: 16.7 m (8 bits)<\/td>\n<\/tr>\n<tr>\n<td>Consumo de energ\u00eda: encendido: 23w (t\u00edpico), modo en espera:  0,5 w<\/td>\n<\/tr>\n<tr>\n<td>Opciones de alimentaci\u00f3n del monitor: 12v and #9107;3a<\/td>\n<\/tr>\n<tr>\n<td>Montaje vesa: 75 \u00d7 75 mm<\/td>\n<\/tr>\n<tr>\n<td>Dimensiones:210 \u00d7 462 \u00d7 615 mm<\/td>\n<\/tr>\n<tr>\n<td>Peso:<\/td>\n<\/tr>\n<tr>\n<td>4.0  kg (neto)<\/td>\n<\/tr>\n<tr>\n<td>5.7 kg (bruto)<\/td>\n<\/tr>\n<tr>\n<td>Condiciones de funcionamiento:<\/td>\n<\/tr>\n<tr>\n<td>Temperatura de operaci\u00f3n: 0\u00b0c a 40\u00b0c<\/td>\n<\/tr>\n<tr>\n<td>Temperatura de almacenamiento: -20\u00b0c a 60\u00b0c<\/td>\n<\/tr>\n<\/table>\n","protected":false},"excerpt":{"rendered":"<p>Logra un nivel superior de inmersi\u00f3n y respuesta con el rift r27f6. Este monitor gaming fhd de 27 pulgadas est\u00e1 dise\u00f1ado para poder puro, combinando una velocidad competitiva de 165hz con una precisi\u00f3n visual superior. Con un brillante panel ips 99% srgb y un tiempo de respuesta \u00e9lite de 1ms (mprt), el rift r27f6 garantiza una experiencia de juego fluido genuina desde el momento en que lo conectas.<\/p>\n","protected":false},"featured_media":0,"comment_status":"open","ping_status":"open","template":"","meta":[],"product_cat":[1746,1740],"product_tag":[1539],"acf":[],"yoast_head":"<!-- This site is optimized with the Yoast SEO plugin v21.7 - https:\/\/yoast.com\/wordpress\/plugins\/seo\/ -->\n<title>[ Adata ] &#129351; Rift R27f6-bkcmx Monitor Xpg Rift R27f6 Plano 27 Pulgadas In Ips 1920x1080fhd 165hz 1ms Negro (rift R27f6 Bkcmx)<\/title>\n<meta name=\"description\" content=\"Compra Rift R27f6-bkcmx Monitor Xpg Rift R27f6 Plano 27 Pulgadas In Ips 1920x1080fhd 165hz 1ms Negro (rift R27f6 Bkcmx) + Env\u00edo a domicilio + Pago seguro + Garant\u00eda\" \/>\n<meta name=\"robots\" content=\"index, follow, max-snippet:-1, max-image-preview:large, max-video-preview:-1\" \/>\n<link rel=\"canonical\" href=\"https:\/\/compuviper.mx\/tienda\/producto\/adata-rift-r27f6-bkcmx-monitor-xpg-rift-r27f6-plano-27-pulgadas-in-ips-1920x1080fhd-165hz-1ms-negro-rift-r27f6-bkcmx\/\" \/>\n<meta property=\"og:locale\" content=\"es_MX\" \/>\n<meta property=\"og:type\" content=\"article\" \/>\n<meta property=\"og:title\" content=\"[ Adata ] &#129351; Rift R27f6-bkcmx Monitor Xpg Rift R27f6 Plano 27 Pulgadas In Ips 1920x1080fhd 165hz 1ms Negro (rift R27f6 Bkcmx)\" \/>\n<meta property=\"og:description\" content=\"Compra Rift R27f6-bkcmx Monitor Xpg Rift R27f6 Plano 27 Pulgadas In Ips 1920x1080fhd 165hz 1ms Negro (rift R27f6 Bkcmx) + Env\u00edo a domicilio + Pago seguro + Garant\u00eda\" \/>\n<meta property=\"og:url\" content=\"https:\/\/compuviper.mx\/tienda\/producto\/adata-rift-r27f6-bkcmx-monitor-xpg-rift-r27f6-plano-27-pulgadas-in-ips-1920x1080fhd-165hz-1ms-negro-rift-r27f6-bkcmx\/\" \/>\n<meta property=\"og:site_name\" content=\"Compuviper\" \/>\n<meta property=\"article:publisher\" content=\"https:\/\/www.facebook.com\/compuviper\" \/>\n<meta name=\"twitter:card\" content=\"summary_large_image\" \/>\n<meta name=\"twitter:label1\" content=\"Precio\" \/>\n\t<meta name=\"twitter:data1\" content=\"&#36;2,399 con IVA\" \/>\n\t<meta name=\"twitter:label2\" content=\"Availability\" \/>\n\t<meta name=\"twitter:data2\" content=\"In stock\" \/>\n<script type=\"application\/ld+json\" class=\"yoast-schema-graph\">{\"@context\":\"https:\/\/schema.org\",\"@graph\":[{\"@type\":\"WebPage\",\"@id\":\"https:\/\/compuviper.mx\/tienda\/producto\/adata-rift-r27f6-bkcmx-monitor-xpg-rift-r27f6-plano-27-pulgadas-in-ips-1920x1080fhd-165hz-1ms-negro-rift-r27f6-bkcmx\/\",\"url\":\"https:\/\/compuviper.mx\/tienda\/producto\/adata-rift-r27f6-bkcmx-monitor-xpg-rift-r27f6-plano-27-pulgadas-in-ips-1920x1080fhd-165hz-1ms-negro-rift-r27f6-bkcmx\/\",\"name\":\"[ Adata ] &#129351; Rift R27f6-bkcmx Monitor Xpg Rift R27f6 Plano 27 Pulgadas In Ips 1920x1080fhd 165hz 1ms Negro (rift R27f6 Bkcmx)\",\"isPartOf\":{\"@id\":\"https:\/\/compuviper.mx\/tienda\/#website\"},\"datePublished\":\"2026-04-10T06:50:50+00:00\",\"dateModified\":\"2026-04-10T06:50:50+00:00\",\"description\":\"Compra Rift R27f6-bkcmx Monitor Xpg Rift R27f6 Plano 27 Pulgadas In Ips 1920x1080fhd 165hz 1ms Negro (rift R27f6 Bkcmx) + Env\u00edo a domicilio + Pago seguro + Garant\u00eda\",\"breadcrumb\":{\"@id\":\"https:\/\/compuviper.mx\/tienda\/producto\/adata-rift-r27f6-bkcmx-monitor-xpg-rift-r27f6-plano-27-pulgadas-in-ips-1920x1080fhd-165hz-1ms-negro-rift-r27f6-bkcmx\/#breadcrumb\"},\"inLanguage\":\"es-MX\",\"potentialAction\":[{\"@type\":\"ReadAction\",\"target\":[\"https:\/\/compuviper.mx\/tienda\/producto\/adata-rift-r27f6-bkcmx-monitor-xpg-rift-r27f6-plano-27-pulgadas-in-ips-1920x1080fhd-165hz-1ms-negro-rift-r27f6-bkcmx\/\"]}]},{\"@type\":\"BreadcrumbList\",\"@id\":\"https:\/\/compuviper.mx\/tienda\/producto\/adata-rift-r27f6-bkcmx-monitor-xpg-rift-r27f6-plano-27-pulgadas-in-ips-1920x1080fhd-165hz-1ms-negro-rift-r27f6-bkcmx\/#breadcrumb\",\"itemListElement\":[{\"@type\":\"ListItem\",\"position\":1,\"name\":\"Inicio\",\"item\":\"https:\/\/compuviper.mx\/tienda\/\"},{\"@type\":\"ListItem\",\"position\":2,\"name\":\"Productos\",\"item\":\"https:\/\/compuviper.mx\/tienda\/productos\/\"},{\"@type\":\"ListItem\",\"position\":3,\"name\":\"Monitores\",\"item\":\"https:\/\/compuviper.mx\/tienda\/categoria-producto\/monitores\/\"},{\"@type\":\"ListItem\",\"position\":4,\"name\":\"Lcd\",\"item\":\"https:\/\/compuviper.mx\/tienda\/categoria-producto\/monitores\/lcd\/\"},{\"@type\":\"ListItem\",\"position\":5,\"name\":\"Adata Rift R27f6-bkcmx Monitor Xpg Rift R27f6 Plano 27 Pulgadas In Ips 1920x1080fhd 165hz 1ms Negro (rift R27f6 Bkcmx)\"}]},{\"@type\":\"WebSite\",\"@id\":\"https:\/\/compuviper.mx\/tienda\/#website\",\"url\":\"https:\/\/compuviper.mx\/tienda\/\",\"name\":\"Compuviper\",\"description\":\"Proveedor de Computadoras, Laptops, Servidores, Monitores, Puntos de Venta, Teclados,   Impresoras, T\u00f3ner, C\u00e1maras de Seguridad y m\u00e1s en tu tienda en l\u00ednea\",\"publisher\":{\"@id\":\"https:\/\/compuviper.mx\/tienda\/#organization\"},\"potentialAction\":[{\"@type\":\"SearchAction\",\"target\":{\"@type\":\"EntryPoint\",\"urlTemplate\":\"https:\/\/compuviper.mx\/tienda\/?s={search_term_string}\"},\"query-input\":\"required name=search_term_string\"}],\"inLanguage\":\"es-MX\"},{\"@type\":\"Organization\",\"@id\":\"https:\/\/compuviper.mx\/tienda\/#organization\",\"name\":\"Compuviper\",\"url\":\"https:\/\/compuviper.mx\/tienda\/\",\"logo\":{\"@type\":\"ImageObject\",\"inLanguage\":\"es-MX\",\"@id\":\"https:\/\/compuviper.mx\/tienda\/#\/schema\/logo\/image\/\",\"url\":\"https:\/\/compuviper.mx\/tienda\/wp-content\/uploads\/2021\/08\/Logo-Compuviper-10.png\",\"contentUrl\":\"https:\/\/compuviper.mx\/tienda\/wp-content\/uploads\/2021\/08\/Logo-Compuviper-10.png\",\"width\":1000,\"height\":500,\"caption\":\"Compuviper\"},\"image\":{\"@id\":\"https:\/\/compuviper.mx\/tienda\/#\/schema\/logo\/image\/\"},\"sameAs\":[\"https:\/\/www.facebook.com\/compuviper\",\"https:\/\/www.youtube.com\/channel\/UCf73dERp9Y3cfOq7q8BhLjA?view_as=subscriber\"]}]}<\/script>\n<meta property=\"product:brand\" content=\"ADATA\" \/>\n<meta property=\"product:price:amount\" content=\"2399\" \/>\n<meta property=\"product:price:currency\" content=\"MXN\" \/>\n<meta property=\"og:availability\" content=\"instock\" \/>\n<meta property=\"product:availability\" content=\"instock\" \/>\n<meta property=\"product:retailer_item_id\" content=\"RIFT R27F6-BKCMX\" \/>\n<meta property=\"product:condition\" content=\"new\" \/>\n<!-- \/ Yoast SEO plugin. -->","yoast_head_json":{"title":"[ Adata ] &#129351; Rift R27f6-bkcmx Monitor Xpg Rift R27f6 Plano 27 Pulgadas In Ips 1920x1080fhd 165hz 1ms Negro (rift R27f6 Bkcmx)","description":"Compra Rift R27f6-bkcmx Monitor Xpg Rift R27f6 Plano 27 Pulgadas In Ips 1920x1080fhd 165hz 1ms Negro (rift R27f6 Bkcmx) + Env\u00edo a domicilio + Pago seguro + Garant\u00eda","robots":{"index":"index","follow":"follow","max-snippet":"max-snippet:-1","max-image-preview":"max-image-preview:large","max-video-preview":"max-video-preview:-1"},"canonical":"https:\/\/compuviper.mx\/tienda\/producto\/adata-rift-r27f6-bkcmx-monitor-xpg-rift-r27f6-plano-27-pulgadas-in-ips-1920x1080fhd-165hz-1ms-negro-rift-r27f6-bkcmx\/","og_locale":"es_MX","og_type":"article","og_title":"[ Adata ] &#129351; Rift R27f6-bkcmx Monitor Xpg Rift R27f6 Plano 27 Pulgadas In Ips 1920x1080fhd 165hz 1ms Negro (rift R27f6 Bkcmx)","og_description":"Compra Rift R27f6-bkcmx Monitor Xpg Rift R27f6 Plano 27 Pulgadas In Ips 1920x1080fhd 165hz 1ms Negro (rift R27f6 Bkcmx) + Env\u00edo a domicilio + Pago seguro + Garant\u00eda","og_url":"https:\/\/compuviper.mx\/tienda\/producto\/adata-rift-r27f6-bkcmx-monitor-xpg-rift-r27f6-plano-27-pulgadas-in-ips-1920x1080fhd-165hz-1ms-negro-rift-r27f6-bkcmx\/","og_site_name":"Compuviper","article_publisher":"https:\/\/www.facebook.com\/compuviper","twitter_card":"summary_large_image","twitter_misc":{"Precio":"&#36;2,399 con IVA","Availability":"In stock"},"schema":{"@context":"https:\/\/schema.org","@graph":[{"@type":"WebPage","@id":"https:\/\/compuviper.mx\/tienda\/producto\/adata-rift-r27f6-bkcmx-monitor-xpg-rift-r27f6-plano-27-pulgadas-in-ips-1920x1080fhd-165hz-1ms-negro-rift-r27f6-bkcmx\/","url":"https:\/\/compuviper.mx\/tienda\/producto\/adata-rift-r27f6-bkcmx-monitor-xpg-rift-r27f6-plano-27-pulgadas-in-ips-1920x1080fhd-165hz-1ms-negro-rift-r27f6-bkcmx\/","name":"[ Adata ] &#129351; Rift R27f6-bkcmx Monitor Xpg Rift R27f6 Plano 27 Pulgadas In Ips 1920x1080fhd 165hz 1ms Negro (rift R27f6 Bkcmx)","isPartOf":{"@id":"https:\/\/compuviper.mx\/tienda\/#website"},"datePublished":"2026-04-10T06:50:50+00:00","dateModified":"2026-04-10T06:50:50+00:00","description":"Compra Rift R27f6-bkcmx Monitor Xpg Rift R27f6 Plano 27 Pulgadas In Ips 1920x1080fhd 165hz 1ms Negro (rift R27f6 Bkcmx) + Env\u00edo a domicilio + Pago seguro + Garant\u00eda","breadcrumb":{"@id":"https:\/\/compuviper.mx\/tienda\/producto\/adata-rift-r27f6-bkcmx-monitor-xpg-rift-r27f6-plano-27-pulgadas-in-ips-1920x1080fhd-165hz-1ms-negro-rift-r27f6-bkcmx\/#breadcrumb"},"inLanguage":"es-MX","potentialAction":[{"@type":"ReadAction","target":["https:\/\/compuviper.mx\/tienda\/producto\/adata-rift-r27f6-bkcmx-monitor-xpg-rift-r27f6-plano-27-pulgadas-in-ips-1920x1080fhd-165hz-1ms-negro-rift-r27f6-bkcmx\/"]}]},{"@type":"BreadcrumbList","@id":"https:\/\/compuviper.mx\/tienda\/producto\/adata-rift-r27f6-bkcmx-monitor-xpg-rift-r27f6-plano-27-pulgadas-in-ips-1920x1080fhd-165hz-1ms-negro-rift-r27f6-bkcmx\/#breadcrumb","itemListElement":[{"@type":"ListItem","position":1,"name":"Inicio","item":"https:\/\/compuviper.mx\/tienda\/"},{"@type":"ListItem","position":2,"name":"Productos","item":"https:\/\/compuviper.mx\/tienda\/productos\/"},{"@type":"ListItem","position":3,"name":"Monitores","item":"https:\/\/compuviper.mx\/tienda\/categoria-producto\/monitores\/"},{"@type":"ListItem","position":4,"name":"Lcd","item":"https:\/\/compuviper.mx\/tienda\/categoria-producto\/monitores\/lcd\/"},{"@type":"ListItem","position":5,"name":"Adata Rift R27f6-bkcmx Monitor Xpg Rift R27f6 Plano 27 Pulgadas In Ips 1920x1080fhd 165hz 1ms Negro (rift R27f6 Bkcmx)"}]},{"@type":"WebSite","@id":"https:\/\/compuviper.mx\/tienda\/#website","url":"https:\/\/compuviper.mx\/tienda\/","name":"Compuviper","description":"Proveedor de Computadoras, Laptops, Servidores, Monitores, Puntos de Venta, Teclados,   Impresoras, T\u00f3ner, C\u00e1maras de Seguridad y m\u00e1s en tu tienda en l\u00ednea","publisher":{"@id":"https:\/\/compuviper.mx\/tienda\/#organization"},"potentialAction":[{"@type":"SearchAction","target":{"@type":"EntryPoint","urlTemplate":"https:\/\/compuviper.mx\/tienda\/?s={search_term_string}"},"query-input":"required name=search_term_string"}],"inLanguage":"es-MX"},{"@type":"Organization","@id":"https:\/\/compuviper.mx\/tienda\/#organization","name":"Compuviper","url":"https:\/\/compuviper.mx\/tienda\/","logo":{"@type":"ImageObject","inLanguage":"es-MX","@id":"https:\/\/compuviper.mx\/tienda\/#\/schema\/logo\/image\/","url":"https:\/\/compuviper.mx\/tienda\/wp-content\/uploads\/2021\/08\/Logo-Compuviper-10.png","contentUrl":"https:\/\/compuviper.mx\/tienda\/wp-content\/uploads\/2021\/08\/Logo-Compuviper-10.png","width":1000,"height":500,"caption":"Compuviper"},"image":{"@id":"https:\/\/compuviper.mx\/tienda\/#\/schema\/logo\/image\/"},"sameAs":["https:\/\/www.facebook.com\/compuviper","https:\/\/www.youtube.com\/channel\/UCf73dERp9Y3cfOq7q8BhLjA?view_as=subscriber"]}]},"product_brand":"ADATA","product_price_amount":"2399","product_price_currency":"MXN","og_availability":"instock","product_availability":"instock","product_retailer_item_id":"RIFT R27F6-BKCMX","product_condition":"new"},"_links":{"self":[{"href":"https:\/\/compuviper.mx\/tienda\/wp-json\/wp\/v2\/product\/266528"}],"collection":[{"href":"https:\/\/compuviper.mx\/tienda\/wp-json\/wp\/v2\/product"}],"about":[{"href":"https:\/\/compuviper.mx\/tienda\/wp-json\/wp\/v2\/types\/product"}],"replies":[{"embeddable":true,"href":"https:\/\/compuviper.mx\/tienda\/wp-json\/wp\/v2\/comments?post=266528"}],"wp:attachment":[{"href":"https:\/\/compuviper.mx\/tienda\/wp-json\/wp\/v2\/media?parent=266528"}],"wp:term":[{"taxonomy":"product_cat","embeddable":true,"href":"https:\/\/compuviper.mx\/tienda\/wp-json\/wp\/v2\/product_cat?post=266528"},{"taxonomy":"product_tag","embeddable":true,"href":"https:\/\/compuviper.mx\/tienda\/wp-json\/wp\/v2\/product_tag?post=266528"}],"curies":[{"name":"wp","href":"https:\/\/api.w.org\/{rel}","templated":true}]}}