{"id":266522,"date":"2026-04-02T00:31:09","date_gmt":"2026-04-02T06:31:09","guid":{"rendered":"https:\/\/compuviper.mx\/tienda\/producto\/cyberpower-gx150c2-ups-1500va-1000w-120v-pfc-activo-rgb-panel-lcd-usb-cx2\/"},"modified":"2026-04-02T00:31:10","modified_gmt":"2026-04-02T06:31:10","slug":"cyberpower-gx150c2-ups-1500va-1000w-120v-pfc-activo-rgb-panel-lcd-usb-cx2","status":"publish","type":"product","link":"https:\/\/compuviper.mx\/tienda\/producto\/cyberpower-gx150c2-ups-1500va-1000w-120v-pfc-activo-rgb-panel-lcd-usb-cx2\/","title":{"rendered":"Cyberpower Gx150c2 Ups   1500va 1000w 120v Pfc Activo Rgb Panel Lcd Usb-cx2"},"content":{"rendered":"<table class=\"descripcion\">\n<tr>\n<td>Ups marca cyberpower gamer gx150c2 1500va \/1000w 120v pfc activo rgb panel lcd usb-cx2<\/td>\n<\/tr>\n<\/table>\n","protected":false},"excerpt":{"rendered":"<p>Ups marca cyberpower gamer gx150c2 1500va \/1000w 120v pfc activo rgb panel lcd usb-cx2<\/p>\n","protected":false},"featured_media":0,"comment_status":"open","ping_status":"open","template":"","meta":[],"product_cat":[1508,1691],"product_tag":[1692],"acf":[],"yoast_head":"<!-- This site is optimized with the Yoast SEO plugin v21.7 - https:\/\/yoast.com\/wordpress\/plugins\/seo\/ -->\n<title>[ Cyberpower ] &#129351; Gx150c2 Ups 1500va 1000w 120v Pfc Activo Rgb Panel Lcd Usb-cx2<\/title>\n<meta name=\"description\" content=\"Compra Gx150c2 Ups 1500va 1000w 120v Pfc Activo Rgb Panel Lcd Usb-cx2 + Env\u00edo a domicilio + Pago seguro + Garant\u00eda\" \/>\n<meta name=\"robots\" content=\"index, follow, max-snippet:-1, max-image-preview:large, max-video-preview:-1\" \/>\n<link rel=\"canonical\" href=\"https:\/\/compuviper.mx\/tienda\/producto\/cyberpower-gx150c2-ups-1500va-1000w-120v-pfc-activo-rgb-panel-lcd-usb-cx2\/\" \/>\n<meta property=\"og:locale\" content=\"es_MX\" \/>\n<meta property=\"og:type\" content=\"article\" \/>\n<meta property=\"og:title\" content=\"[ Cyberpower ] &#129351; Gx150c2 Ups 1500va 1000w 120v Pfc Activo Rgb Panel Lcd Usb-cx2\" \/>\n<meta property=\"og:description\" content=\"Compra Gx150c2 Ups 1500va 1000w 120v Pfc Activo Rgb Panel Lcd Usb-cx2 + Env\u00edo a domicilio + Pago seguro + Garant\u00eda\" \/>\n<meta property=\"og:url\" content=\"https:\/\/compuviper.mx\/tienda\/producto\/cyberpower-gx150c2-ups-1500va-1000w-120v-pfc-activo-rgb-panel-lcd-usb-cx2\/\" \/>\n<meta property=\"og:site_name\" content=\"Compuviper\" \/>\n<meta property=\"article:publisher\" content=\"https:\/\/www.facebook.com\/compuviper\" \/>\n<meta property=\"article:modified_time\" content=\"2026-04-02T06:31:10+00:00\" \/>\n<meta name=\"twitter:card\" content=\"summary_large_image\" \/>\n<meta name=\"twitter:label1\" content=\"Precio\" \/>\n\t<meta name=\"twitter:data1\" content=\"&#36;5,830 con IVA\" \/>\n\t<meta name=\"twitter:label2\" content=\"Availability\" \/>\n\t<meta name=\"twitter:data2\" content=\"Out of stock\" \/>\n<script type=\"application\/ld+json\" class=\"yoast-schema-graph\">{\"@context\":\"https:\/\/schema.org\",\"@graph\":[{\"@type\":\"WebPage\",\"@id\":\"https:\/\/compuviper.mx\/tienda\/producto\/cyberpower-gx150c2-ups-1500va-1000w-120v-pfc-activo-rgb-panel-lcd-usb-cx2\/\",\"url\":\"https:\/\/compuviper.mx\/tienda\/producto\/cyberpower-gx150c2-ups-1500va-1000w-120v-pfc-activo-rgb-panel-lcd-usb-cx2\/\",\"name\":\"[ Cyberpower ] &#129351; Gx150c2 Ups 1500va 1000w 120v Pfc Activo Rgb Panel Lcd Usb-cx2\",\"isPartOf\":{\"@id\":\"https:\/\/compuviper.mx\/tienda\/#website\"},\"datePublished\":\"2026-04-02T06:31:09+00:00\",\"dateModified\":\"2026-04-02T06:31:10+00:00\",\"description\":\"Compra Gx150c2 Ups 1500va 1000w 120v Pfc Activo Rgb Panel Lcd Usb-cx2 + Env\u00edo a domicilio + Pago seguro + Garant\u00eda\",\"breadcrumb\":{\"@id\":\"https:\/\/compuviper.mx\/tienda\/producto\/cyberpower-gx150c2-ups-1500va-1000w-120v-pfc-activo-rgb-panel-lcd-usb-cx2\/#breadcrumb\"},\"inLanguage\":\"es-MX\",\"potentialAction\":[{\"@type\":\"ReadAction\",\"target\":[\"https:\/\/compuviper.mx\/tienda\/producto\/cyberpower-gx150c2-ups-1500va-1000w-120v-pfc-activo-rgb-panel-lcd-usb-cx2\/\"]}]},{\"@type\":\"BreadcrumbList\",\"@id\":\"https:\/\/compuviper.mx\/tienda\/producto\/cyberpower-gx150c2-ups-1500va-1000w-120v-pfc-activo-rgb-panel-lcd-usb-cx2\/#breadcrumb\",\"itemListElement\":[{\"@type\":\"ListItem\",\"position\":1,\"name\":\"Inicio\",\"item\":\"https:\/\/compuviper.mx\/tienda\/\"},{\"@type\":\"ListItem\",\"position\":2,\"name\":\"Productos\",\"item\":\"https:\/\/compuviper.mx\/tienda\/productos\/\"},{\"@type\":\"ListItem\",\"position\":3,\"name\":\"Energia\",\"item\":\"https:\/\/compuviper.mx\/tienda\/categoria-producto\/energia\/\"},{\"@type\":\"ListItem\",\"position\":4,\"name\":\"No Break\",\"item\":\"https:\/\/compuviper.mx\/tienda\/categoria-producto\/energia\/no-break\/\"},{\"@type\":\"ListItem\",\"position\":5,\"name\":\"Cyberpower Gx150c2 Ups 1500va 1000w 120v Pfc Activo Rgb Panel Lcd Usb-cx2\"}]},{\"@type\":\"WebSite\",\"@id\":\"https:\/\/compuviper.mx\/tienda\/#website\",\"url\":\"https:\/\/compuviper.mx\/tienda\/\",\"name\":\"Compuviper\",\"description\":\"Proveedor de Computadoras, Laptops, Servidores, Monitores, Puntos de Venta, Teclados,   Impresoras, T\u00f3ner, C\u00e1maras de Seguridad y m\u00e1s en tu tienda en l\u00ednea\",\"publisher\":{\"@id\":\"https:\/\/compuviper.mx\/tienda\/#organization\"},\"potentialAction\":[{\"@type\":\"SearchAction\",\"target\":{\"@type\":\"EntryPoint\",\"urlTemplate\":\"https:\/\/compuviper.mx\/tienda\/?s={search_term_string}\"},\"query-input\":\"required name=search_term_string\"}],\"inLanguage\":\"es-MX\"},{\"@type\":\"Organization\",\"@id\":\"https:\/\/compuviper.mx\/tienda\/#organization\",\"name\":\"Compuviper\",\"url\":\"https:\/\/compuviper.mx\/tienda\/\",\"logo\":{\"@type\":\"ImageObject\",\"inLanguage\":\"es-MX\",\"@id\":\"https:\/\/compuviper.mx\/tienda\/#\/schema\/logo\/image\/\",\"url\":\"https:\/\/compuviper.mx\/tienda\/wp-content\/uploads\/2021\/08\/Logo-Compuviper-10.png\",\"contentUrl\":\"https:\/\/compuviper.mx\/tienda\/wp-content\/uploads\/2021\/08\/Logo-Compuviper-10.png\",\"width\":1000,\"height\":500,\"caption\":\"Compuviper\"},\"image\":{\"@id\":\"https:\/\/compuviper.mx\/tienda\/#\/schema\/logo\/image\/\"},\"sameAs\":[\"https:\/\/www.facebook.com\/compuviper\",\"https:\/\/www.youtube.com\/channel\/UCf73dERp9Y3cfOq7q8BhLjA?view_as=subscriber\"]}]}<\/script>\n<meta property=\"product:brand\" content=\"CYBERPOWER\" \/>\n<meta property=\"product:price:amount\" content=\"5830\" \/>\n<meta property=\"product:price:currency\" content=\"MXN\" \/>\n<meta property=\"og:availability\" content=\"out of stock\" \/>\n<meta property=\"product:availability\" content=\"out of stock\" \/>\n<meta property=\"product:retailer_item_id\" content=\"GX150C2\" \/>\n<meta property=\"product:condition\" content=\"new\" \/>\n<!-- \/ Yoast SEO plugin. -->","yoast_head_json":{"title":"[ Cyberpower ] &#129351; Gx150c2 Ups 1500va 1000w 120v Pfc Activo Rgb Panel Lcd Usb-cx2","description":"Compra Gx150c2 Ups 1500va 1000w 120v Pfc Activo Rgb Panel Lcd Usb-cx2 + Env\u00edo a domicilio + Pago seguro + Garant\u00eda","robots":{"index":"index","follow":"follow","max-snippet":"max-snippet:-1","max-image-preview":"max-image-preview:large","max-video-preview":"max-video-preview:-1"},"canonical":"https:\/\/compuviper.mx\/tienda\/producto\/cyberpower-gx150c2-ups-1500va-1000w-120v-pfc-activo-rgb-panel-lcd-usb-cx2\/","og_locale":"es_MX","og_type":"article","og_title":"[ Cyberpower ] &#129351; Gx150c2 Ups 1500va 1000w 120v Pfc Activo Rgb Panel Lcd Usb-cx2","og_description":"Compra Gx150c2 Ups 1500va 1000w 120v Pfc Activo Rgb Panel Lcd Usb-cx2 + Env\u00edo a domicilio + Pago seguro + Garant\u00eda","og_url":"https:\/\/compuviper.mx\/tienda\/producto\/cyberpower-gx150c2-ups-1500va-1000w-120v-pfc-activo-rgb-panel-lcd-usb-cx2\/","og_site_name":"Compuviper","article_publisher":"https:\/\/www.facebook.com\/compuviper","article_modified_time":"2026-04-02T06:31:10+00:00","twitter_card":"summary_large_image","twitter_misc":{"Precio":"&#36;5,830 con IVA","Availability":"Out of stock"},"schema":{"@context":"https:\/\/schema.org","@graph":[{"@type":"WebPage","@id":"https:\/\/compuviper.mx\/tienda\/producto\/cyberpower-gx150c2-ups-1500va-1000w-120v-pfc-activo-rgb-panel-lcd-usb-cx2\/","url":"https:\/\/compuviper.mx\/tienda\/producto\/cyberpower-gx150c2-ups-1500va-1000w-120v-pfc-activo-rgb-panel-lcd-usb-cx2\/","name":"[ Cyberpower ] &#129351; Gx150c2 Ups 1500va 1000w 120v Pfc Activo Rgb Panel Lcd Usb-cx2","isPartOf":{"@id":"https:\/\/compuviper.mx\/tienda\/#website"},"datePublished":"2026-04-02T06:31:09+00:00","dateModified":"2026-04-02T06:31:10+00:00","description":"Compra Gx150c2 Ups 1500va 1000w 120v Pfc Activo Rgb Panel Lcd Usb-cx2 + Env\u00edo a domicilio + Pago seguro + Garant\u00eda","breadcrumb":{"@id":"https:\/\/compuviper.mx\/tienda\/producto\/cyberpower-gx150c2-ups-1500va-1000w-120v-pfc-activo-rgb-panel-lcd-usb-cx2\/#breadcrumb"},"inLanguage":"es-MX","potentialAction":[{"@type":"ReadAction","target":["https:\/\/compuviper.mx\/tienda\/producto\/cyberpower-gx150c2-ups-1500va-1000w-120v-pfc-activo-rgb-panel-lcd-usb-cx2\/"]}]},{"@type":"BreadcrumbList","@id":"https:\/\/compuviper.mx\/tienda\/producto\/cyberpower-gx150c2-ups-1500va-1000w-120v-pfc-activo-rgb-panel-lcd-usb-cx2\/#breadcrumb","itemListElement":[{"@type":"ListItem","position":1,"name":"Inicio","item":"https:\/\/compuviper.mx\/tienda\/"},{"@type":"ListItem","position":2,"name":"Productos","item":"https:\/\/compuviper.mx\/tienda\/productos\/"},{"@type":"ListItem","position":3,"name":"Energia","item":"https:\/\/compuviper.mx\/tienda\/categoria-producto\/energia\/"},{"@type":"ListItem","position":4,"name":"No Break","item":"https:\/\/compuviper.mx\/tienda\/categoria-producto\/energia\/no-break\/"},{"@type":"ListItem","position":5,"name":"Cyberpower Gx150c2 Ups 1500va 1000w 120v Pfc Activo Rgb Panel Lcd Usb-cx2"}]},{"@type":"WebSite","@id":"https:\/\/compuviper.mx\/tienda\/#website","url":"https:\/\/compuviper.mx\/tienda\/","name":"Compuviper","description":"Proveedor de Computadoras, Laptops, Servidores, Monitores, Puntos de Venta, Teclados,   Impresoras, T\u00f3ner, C\u00e1maras de Seguridad y m\u00e1s en tu tienda en l\u00ednea","publisher":{"@id":"https:\/\/compuviper.mx\/tienda\/#organization"},"potentialAction":[{"@type":"SearchAction","target":{"@type":"EntryPoint","urlTemplate":"https:\/\/compuviper.mx\/tienda\/?s={search_term_string}"},"query-input":"required name=search_term_string"}],"inLanguage":"es-MX"},{"@type":"Organization","@id":"https:\/\/compuviper.mx\/tienda\/#organization","name":"Compuviper","url":"https:\/\/compuviper.mx\/tienda\/","logo":{"@type":"ImageObject","inLanguage":"es-MX","@id":"https:\/\/compuviper.mx\/tienda\/#\/schema\/logo\/image\/","url":"https:\/\/compuviper.mx\/tienda\/wp-content\/uploads\/2021\/08\/Logo-Compuviper-10.png","contentUrl":"https:\/\/compuviper.mx\/tienda\/wp-content\/uploads\/2021\/08\/Logo-Compuviper-10.png","width":1000,"height":500,"caption":"Compuviper"},"image":{"@id":"https:\/\/compuviper.mx\/tienda\/#\/schema\/logo\/image\/"},"sameAs":["https:\/\/www.facebook.com\/compuviper","https:\/\/www.youtube.com\/channel\/UCf73dERp9Y3cfOq7q8BhLjA?view_as=subscriber"]}]},"product_brand":"CYBERPOWER","product_price_amount":"5830","product_price_currency":"MXN","og_availability":"out of stock","product_availability":"out of stock","product_retailer_item_id":"GX150C2","product_condition":"new"},"_links":{"self":[{"href":"https:\/\/compuviper.mx\/tienda\/wp-json\/wp\/v2\/product\/266522"}],"collection":[{"href":"https:\/\/compuviper.mx\/tienda\/wp-json\/wp\/v2\/product"}],"about":[{"href":"https:\/\/compuviper.mx\/tienda\/wp-json\/wp\/v2\/types\/product"}],"replies":[{"embeddable":true,"href":"https:\/\/compuviper.mx\/tienda\/wp-json\/wp\/v2\/comments?post=266522"}],"wp:attachment":[{"href":"https:\/\/compuviper.mx\/tienda\/wp-json\/wp\/v2\/media?parent=266522"}],"wp:term":[{"taxonomy":"product_cat","embeddable":true,"href":"https:\/\/compuviper.mx\/tienda\/wp-json\/wp\/v2\/product_cat?post=266522"},{"taxonomy":"product_tag","embeddable":true,"href":"https:\/\/compuviper.mx\/tienda\/wp-json\/wp\/v2\/product_tag?post=266522"}],"curies":[{"name":"wp","href":"https:\/\/api.w.org\/{rel}","templated":true}]}}