{"id":266514,"date":"2026-04-14T02:24:27","date_gmt":"2026-04-14T08:24:27","guid":{"rendered":"https:\/\/compuviper.mx\/tienda\/producto\/asus-oem-prime-rx9070xt-o16g-tarjeta-de-video-asus-radeon-rx9070xt-pcie-x16-5-0-16gb-gddr6-hdmi-3xdp-estandar-gama-alta\/"},"modified":"2026-04-14T02:24:27","modified_gmt":"2026-04-14T08:24:27","slug":"asus-oem-prime-rx9070xt-o16g-tarjeta-de-video-asus-radeon-rx9070xt-pcie-x16-5-0-16gb-gddr6-hdmi-3xdp-estandar-gama-alta","status":"publish","type":"product","link":"https:\/\/compuviper.mx\/tienda\/producto\/asus-oem-prime-rx9070xt-o16g-tarjeta-de-video-asus-radeon-rx9070xt-pcie-x16-5-0-16gb-gddr6-hdmi-3xdp-estandar-gama-alta\/","title":{"rendered":"Asus Oem Prime-rx9070xt-o16g Tarjeta De Video Asus Radeon Rx9070xt \/pcie X16 5.0 \/16gb Gddr6 \/hdmi \/3xdp \/estandar \/gama Alta"},"content":{"rendered":"<table class=\"descripcion\">\n<tr>\n<td>Prime-rx9070xt-o16g<\/td>\n<\/tr>\n<tr>\n<td>Motor gr\u00e1fico  amd radeon rx 9070 xt<\/td>\n<\/tr>\n<tr>\n<td>Estandard  pci express 5.0<\/td>\n<\/tr>\n<tr>\n<td>Opengl  opengl\u00ae4.6<\/td>\n<\/tr>\n<tr>\n<td>Memoria de video  16gb gddr6<\/td>\n<\/tr>\n<tr>\n<td>Reloj<\/td>\n<\/tr>\n<tr>\n<td>-oc mode(gpu tweak iii): up to 3030 mhz (boost clock)\/up to 2480 mhz (game clock)<\/td>\n<\/tr>\n<tr>\n<td>-default mode: up to 3010 mhz (boost clock)\/up to 2460 mhz (game clock)<\/td>\n<\/tr>\n<tr>\n<td>Procesadores stream  4096<\/td>\n<\/tr>\n<tr>\n<td>Velocidad de memoria  20 gbps and #8203;<\/td>\n<\/tr>\n<tr>\n<td>Interfaz de memoria  256 bit<\/td>\n<\/tr>\n<tr>\n<td>Resoluci\u00f3n  digital max resolution 7680 x 4320<\/td>\n<\/tr>\n<tr>\n<td>Interfa<\/td>\n<\/tr>\n<tr>\n<td>-yes x 1 (native hdmi 2.1b)<\/td>\n<\/tr>\n<tr>\n<td>-yes x 3 (native displayport 2.1a)<\/td>\n<\/tr>\n<tr>\n<td>-s\u00ed (2.3) hdcp support<\/td>\n<\/tr>\n<tr>\n<td>M\u00e1ximo de pantallas  4<\/td>\n<\/tr>\n<tr>\n<td>Soporte nvlink\/ crossfire  no<\/td>\n<\/tr>\n<tr>\n<td>Software<\/td>\n<\/tr>\n<tr>\n<td>Asus gpu tweak iii  and  drivers: please download all software from the support site.<\/td>\n<\/tr>\n<tr>\n<td>Dimensiones<\/td>\n<\/tr>\n<tr>\n<td>312 x 130 x 50 mm<\/td>\n<\/tr>\n<tr>\n<td>12.3 x 5.1 x 2.0 inch<\/td>\n<\/tr>\n<tr>\n<td>Fuente de poder recomendada  750w<\/td>\n<\/tr>\n<tr>\n<td>Conectores de alimentaci\u00f3n  3 x 8 clavijas<\/td>\n<\/tr>\n<tr>\n<td>Ranura  2.5 slot<\/td>\n<\/tr>\n<\/table>\n","protected":false},"excerpt":{"rendered":"<p>La asus prime radeon rx 9070 xt oc edition. Tiene tres ventiladores axial-tech y un thermal pad de cambio de fase en el gpu para una refrigeraci\u00f3n suprema.<\/p>\n","protected":false},"featured_media":266515,"comment_status":"open","ping_status":"open","template":"","meta":[],"product_cat":[1841,1842],"product_tag":[2096],"acf":[],"yoast_head":"<!-- This site is optimized with the Yoast SEO plugin v21.7 - https:\/\/yoast.com\/wordpress\/plugins\/seo\/ -->\n<title>[ Asus Oem ] &#129351; Prime-rx9070xt-o16g Tarjeta De Video Asus Radeon Rx9070xt \/pcie X16 5.0 \/16gb Gddr6 \/hdmi \/3xdp \/estandar \/gama Alta<\/title>\n<meta name=\"description\" content=\"Compra Prime-rx9070xt-o16g Tarjeta De Video Asus Radeon Rx9070xt \/pcie X16 5.0 \/16gb Gddr6 \/hdmi \/3xdp \/estandar \/gama Alta + Env\u00edo a domicilio + Pago seguro + Garant\u00eda\" \/>\n<meta name=\"robots\" content=\"index, follow, max-snippet:-1, max-image-preview:large, max-video-preview:-1\" \/>\n<link rel=\"canonical\" href=\"https:\/\/compuviper.mx\/tienda\/producto\/asus-oem-prime-rx9070xt-o16g-tarjeta-de-video-asus-radeon-rx9070xt-pcie-x16-5-0-16gb-gddr6-hdmi-3xdp-estandar-gama-alta\/\" \/>\n<meta property=\"og:locale\" content=\"es_MX\" \/>\n<meta property=\"og:type\" content=\"article\" \/>\n<meta property=\"og:title\" content=\"[ Asus Oem ] &#129351; Prime-rx9070xt-o16g Tarjeta De Video Asus Radeon Rx9070xt \/pcie X16 5.0 \/16gb Gddr6 \/hdmi \/3xdp \/estandar \/gama Alta\" \/>\n<meta property=\"og:description\" content=\"Compra Prime-rx9070xt-o16g Tarjeta De Video Asus Radeon Rx9070xt \/pcie X16 5.0 \/16gb Gddr6 \/hdmi \/3xdp \/estandar \/gama Alta + Env\u00edo a domicilio + Pago seguro + Garant\u00eda\" \/>\n<meta property=\"og:url\" content=\"https:\/\/compuviper.mx\/tienda\/producto\/asus-oem-prime-rx9070xt-o16g-tarjeta-de-video-asus-radeon-rx9070xt-pcie-x16-5-0-16gb-gddr6-hdmi-3xdp-estandar-gama-alta\/\" \/>\n<meta property=\"og:site_name\" content=\"Compuviper\" \/>\n<meta property=\"article:publisher\" content=\"https:\/\/www.facebook.com\/compuviper\" \/>\n<meta property=\"og:image\" content=\"https:\/\/compuviper.mx\/tienda\/wp-content\/uploads\/2026\/02\/Tarjeta-de-video-asus-radeon-rx9070xt-pcie-x16-5.0-16gb-gddr6-hdmi-3xdp-estandar-gama-alta.jpg\" \/>\n\t<meta property=\"og:image:width\" content=\"200\" \/>\n\t<meta property=\"og:image:height\" content=\"200\" \/>\n\t<meta property=\"og:image:type\" content=\"image\/jpeg\" \/>\n<meta name=\"twitter:card\" content=\"summary_large_image\" \/>\n<meta name=\"twitter:label1\" content=\"Precio\" \/>\n\t<meta name=\"twitter:data1\" content=\"&#36;11,923 con IVA\" \/>\n\t<meta name=\"twitter:label2\" content=\"Availability\" \/>\n\t<meta name=\"twitter:data2\" content=\"In stock\" \/>\n<script type=\"application\/ld+json\" class=\"yoast-schema-graph\">{\"@context\":\"https:\/\/schema.org\",\"@graph\":[{\"@type\":\"WebPage\",\"@id\":\"https:\/\/compuviper.mx\/tienda\/producto\/asus-oem-prime-rx9070xt-o16g-tarjeta-de-video-asus-radeon-rx9070xt-pcie-x16-5-0-16gb-gddr6-hdmi-3xdp-estandar-gama-alta\/\",\"url\":\"https:\/\/compuviper.mx\/tienda\/producto\/asus-oem-prime-rx9070xt-o16g-tarjeta-de-video-asus-radeon-rx9070xt-pcie-x16-5-0-16gb-gddr6-hdmi-3xdp-estandar-gama-alta\/\",\"name\":\"[ Asus Oem ] &#129351; Prime-rx9070xt-o16g Tarjeta De Video Asus Radeon Rx9070xt \/pcie X16 5.0 \/16gb Gddr6 \/hdmi \/3xdp \/estandar \/gama Alta\",\"isPartOf\":{\"@id\":\"https:\/\/compuviper.mx\/tienda\/#website\"},\"datePublished\":\"2026-04-14T08:24:27+00:00\",\"dateModified\":\"2026-04-14T08:24:27+00:00\",\"description\":\"Compra Prime-rx9070xt-o16g Tarjeta De Video Asus Radeon Rx9070xt \/pcie X16 5.0 \/16gb Gddr6 \/hdmi \/3xdp \/estandar \/gama Alta + Env\u00edo a domicilio + Pago seguro + Garant\u00eda\",\"breadcrumb\":{\"@id\":\"https:\/\/compuviper.mx\/tienda\/producto\/asus-oem-prime-rx9070xt-o16g-tarjeta-de-video-asus-radeon-rx9070xt-pcie-x16-5-0-16gb-gddr6-hdmi-3xdp-estandar-gama-alta\/#breadcrumb\"},\"inLanguage\":\"es-MX\",\"potentialAction\":[{\"@type\":\"ReadAction\",\"target\":[\"https:\/\/compuviper.mx\/tienda\/producto\/asus-oem-prime-rx9070xt-o16g-tarjeta-de-video-asus-radeon-rx9070xt-pcie-x16-5-0-16gb-gddr6-hdmi-3xdp-estandar-gama-alta\/\"]}]},{\"@type\":\"BreadcrumbList\",\"@id\":\"https:\/\/compuviper.mx\/tienda\/producto\/asus-oem-prime-rx9070xt-o16g-tarjeta-de-video-asus-radeon-rx9070xt-pcie-x16-5-0-16gb-gddr6-hdmi-3xdp-estandar-gama-alta\/#breadcrumb\",\"itemListElement\":[{\"@type\":\"ListItem\",\"position\":1,\"name\":\"Inicio\",\"item\":\"https:\/\/compuviper.mx\/tienda\/\"},{\"@type\":\"ListItem\",\"position\":2,\"name\":\"Productos\",\"item\":\"https:\/\/compuviper.mx\/tienda\/productos\/\"},{\"@type\":\"ListItem\",\"position\":3,\"name\":\"Video\",\"item\":\"https:\/\/compuviper.mx\/tienda\/categoria-producto\/video\/\"},{\"@type\":\"ListItem\",\"position\":4,\"name\":\"Video\",\"item\":\"https:\/\/compuviper.mx\/tienda\/categoria-producto\/video\/video-video\/\"},{\"@type\":\"ListItem\",\"position\":5,\"name\":\"Asus Oem Prime-rx9070xt-o16g Tarjeta De Video Asus Radeon Rx9070xt \/pcie X16 5.0 \/16gb Gddr6 \/hdmi \/3xdp \/estandar \/gama Alta\"}]},{\"@type\":\"WebSite\",\"@id\":\"https:\/\/compuviper.mx\/tienda\/#website\",\"url\":\"https:\/\/compuviper.mx\/tienda\/\",\"name\":\"Compuviper\",\"description\":\"Proveedor de Computadoras, Laptops, Servidores, Monitores, Puntos de Venta, Teclados,   Impresoras, T\u00f3ner, C\u00e1maras de Seguridad y m\u00e1s en tu tienda en l\u00ednea\",\"publisher\":{\"@id\":\"https:\/\/compuviper.mx\/tienda\/#organization\"},\"potentialAction\":[{\"@type\":\"SearchAction\",\"target\":{\"@type\":\"EntryPoint\",\"urlTemplate\":\"https:\/\/compuviper.mx\/tienda\/?s={search_term_string}\"},\"query-input\":\"required name=search_term_string\"}],\"inLanguage\":\"es-MX\"},{\"@type\":\"Organization\",\"@id\":\"https:\/\/compuviper.mx\/tienda\/#organization\",\"name\":\"Compuviper\",\"url\":\"https:\/\/compuviper.mx\/tienda\/\",\"logo\":{\"@type\":\"ImageObject\",\"inLanguage\":\"es-MX\",\"@id\":\"https:\/\/compuviper.mx\/tienda\/#\/schema\/logo\/image\/\",\"url\":\"https:\/\/compuviper.mx\/tienda\/wp-content\/uploads\/2021\/08\/Logo-Compuviper-10.png\",\"contentUrl\":\"https:\/\/compuviper.mx\/tienda\/wp-content\/uploads\/2021\/08\/Logo-Compuviper-10.png\",\"width\":1000,\"height\":500,\"caption\":\"Compuviper\"},\"image\":{\"@id\":\"https:\/\/compuviper.mx\/tienda\/#\/schema\/logo\/image\/\"},\"sameAs\":[\"https:\/\/www.facebook.com\/compuviper\",\"https:\/\/www.youtube.com\/channel\/UCf73dERp9Y3cfOq7q8BhLjA?view_as=subscriber\"]}]}<\/script>\n<meta property=\"product:brand\" content=\"Asus Oem\" \/>\n<meta property=\"product:price:amount\" content=\"11923\" \/>\n<meta property=\"product:price:currency\" content=\"MXN\" \/>\n<meta property=\"og:availability\" content=\"instock\" \/>\n<meta property=\"product:availability\" content=\"instock\" \/>\n<meta property=\"product:retailer_item_id\" content=\"PRIME-RX9070XT-O16G\" \/>\n<meta property=\"product:condition\" content=\"new\" \/>\n<!-- \/ Yoast SEO plugin. -->","yoast_head_json":{"title":"[ Asus Oem ] &#129351; Prime-rx9070xt-o16g Tarjeta De Video Asus Radeon Rx9070xt \/pcie X16 5.0 \/16gb Gddr6 \/hdmi \/3xdp \/estandar \/gama Alta","description":"Compra Prime-rx9070xt-o16g Tarjeta De Video Asus Radeon Rx9070xt \/pcie X16 5.0 \/16gb Gddr6 \/hdmi \/3xdp \/estandar \/gama Alta + Env\u00edo a domicilio + Pago seguro + Garant\u00eda","robots":{"index":"index","follow":"follow","max-snippet":"max-snippet:-1","max-image-preview":"max-image-preview:large","max-video-preview":"max-video-preview:-1"},"canonical":"https:\/\/compuviper.mx\/tienda\/producto\/asus-oem-prime-rx9070xt-o16g-tarjeta-de-video-asus-radeon-rx9070xt-pcie-x16-5-0-16gb-gddr6-hdmi-3xdp-estandar-gama-alta\/","og_locale":"es_MX","og_type":"article","og_title":"[ Asus Oem ] &#129351; Prime-rx9070xt-o16g Tarjeta De Video Asus Radeon Rx9070xt \/pcie X16 5.0 \/16gb Gddr6 \/hdmi \/3xdp \/estandar \/gama Alta","og_description":"Compra Prime-rx9070xt-o16g Tarjeta De Video Asus Radeon Rx9070xt \/pcie X16 5.0 \/16gb Gddr6 \/hdmi \/3xdp \/estandar \/gama Alta + Env\u00edo a domicilio + Pago seguro + Garant\u00eda","og_url":"https:\/\/compuviper.mx\/tienda\/producto\/asus-oem-prime-rx9070xt-o16g-tarjeta-de-video-asus-radeon-rx9070xt-pcie-x16-5-0-16gb-gddr6-hdmi-3xdp-estandar-gama-alta\/","og_site_name":"Compuviper","article_publisher":"https:\/\/www.facebook.com\/compuviper","og_image":[{"width":200,"height":200,"url":"https:\/\/compuviper.mx\/tienda\/wp-content\/uploads\/2026\/02\/Tarjeta-de-video-asus-radeon-rx9070xt-pcie-x16-5.0-16gb-gddr6-hdmi-3xdp-estandar-gama-alta.jpg","type":"image\/jpeg"}],"twitter_card":"summary_large_image","twitter_misc":{"Precio":"&#36;11,923 con IVA","Availability":"In stock"},"schema":{"@context":"https:\/\/schema.org","@graph":[{"@type":"WebPage","@id":"https:\/\/compuviper.mx\/tienda\/producto\/asus-oem-prime-rx9070xt-o16g-tarjeta-de-video-asus-radeon-rx9070xt-pcie-x16-5-0-16gb-gddr6-hdmi-3xdp-estandar-gama-alta\/","url":"https:\/\/compuviper.mx\/tienda\/producto\/asus-oem-prime-rx9070xt-o16g-tarjeta-de-video-asus-radeon-rx9070xt-pcie-x16-5-0-16gb-gddr6-hdmi-3xdp-estandar-gama-alta\/","name":"[ Asus Oem ] &#129351; Prime-rx9070xt-o16g Tarjeta De Video Asus Radeon Rx9070xt \/pcie X16 5.0 \/16gb Gddr6 \/hdmi \/3xdp \/estandar \/gama Alta","isPartOf":{"@id":"https:\/\/compuviper.mx\/tienda\/#website"},"datePublished":"2026-04-14T08:24:27+00:00","dateModified":"2026-04-14T08:24:27+00:00","description":"Compra Prime-rx9070xt-o16g Tarjeta De Video Asus Radeon Rx9070xt \/pcie X16 5.0 \/16gb Gddr6 \/hdmi \/3xdp \/estandar \/gama Alta + Env\u00edo a domicilio + Pago seguro + Garant\u00eda","breadcrumb":{"@id":"https:\/\/compuviper.mx\/tienda\/producto\/asus-oem-prime-rx9070xt-o16g-tarjeta-de-video-asus-radeon-rx9070xt-pcie-x16-5-0-16gb-gddr6-hdmi-3xdp-estandar-gama-alta\/#breadcrumb"},"inLanguage":"es-MX","potentialAction":[{"@type":"ReadAction","target":["https:\/\/compuviper.mx\/tienda\/producto\/asus-oem-prime-rx9070xt-o16g-tarjeta-de-video-asus-radeon-rx9070xt-pcie-x16-5-0-16gb-gddr6-hdmi-3xdp-estandar-gama-alta\/"]}]},{"@type":"BreadcrumbList","@id":"https:\/\/compuviper.mx\/tienda\/producto\/asus-oem-prime-rx9070xt-o16g-tarjeta-de-video-asus-radeon-rx9070xt-pcie-x16-5-0-16gb-gddr6-hdmi-3xdp-estandar-gama-alta\/#breadcrumb","itemListElement":[{"@type":"ListItem","position":1,"name":"Inicio","item":"https:\/\/compuviper.mx\/tienda\/"},{"@type":"ListItem","position":2,"name":"Productos","item":"https:\/\/compuviper.mx\/tienda\/productos\/"},{"@type":"ListItem","position":3,"name":"Video","item":"https:\/\/compuviper.mx\/tienda\/categoria-producto\/video\/"},{"@type":"ListItem","position":4,"name":"Video","item":"https:\/\/compuviper.mx\/tienda\/categoria-producto\/video\/video-video\/"},{"@type":"ListItem","position":5,"name":"Asus Oem Prime-rx9070xt-o16g Tarjeta De Video Asus Radeon Rx9070xt \/pcie X16 5.0 \/16gb Gddr6 \/hdmi \/3xdp \/estandar \/gama Alta"}]},{"@type":"WebSite","@id":"https:\/\/compuviper.mx\/tienda\/#website","url":"https:\/\/compuviper.mx\/tienda\/","name":"Compuviper","description":"Proveedor de Computadoras, Laptops, Servidores, Monitores, Puntos de Venta, Teclados,   Impresoras, T\u00f3ner, C\u00e1maras de Seguridad y m\u00e1s en tu tienda en l\u00ednea","publisher":{"@id":"https:\/\/compuviper.mx\/tienda\/#organization"},"potentialAction":[{"@type":"SearchAction","target":{"@type":"EntryPoint","urlTemplate":"https:\/\/compuviper.mx\/tienda\/?s={search_term_string}"},"query-input":"required name=search_term_string"}],"inLanguage":"es-MX"},{"@type":"Organization","@id":"https:\/\/compuviper.mx\/tienda\/#organization","name":"Compuviper","url":"https:\/\/compuviper.mx\/tienda\/","logo":{"@type":"ImageObject","inLanguage":"es-MX","@id":"https:\/\/compuviper.mx\/tienda\/#\/schema\/logo\/image\/","url":"https:\/\/compuviper.mx\/tienda\/wp-content\/uploads\/2021\/08\/Logo-Compuviper-10.png","contentUrl":"https:\/\/compuviper.mx\/tienda\/wp-content\/uploads\/2021\/08\/Logo-Compuviper-10.png","width":1000,"height":500,"caption":"Compuviper"},"image":{"@id":"https:\/\/compuviper.mx\/tienda\/#\/schema\/logo\/image\/"},"sameAs":["https:\/\/www.facebook.com\/compuviper","https:\/\/www.youtube.com\/channel\/UCf73dERp9Y3cfOq7q8BhLjA?view_as=subscriber"]}]},"product_brand":"Asus Oem","product_price_amount":"11923","product_price_currency":"MXN","og_availability":"instock","product_availability":"instock","product_retailer_item_id":"PRIME-RX9070XT-O16G","product_condition":"new"},"_links":{"self":[{"href":"https:\/\/compuviper.mx\/tienda\/wp-json\/wp\/v2\/product\/266514"}],"collection":[{"href":"https:\/\/compuviper.mx\/tienda\/wp-json\/wp\/v2\/product"}],"about":[{"href":"https:\/\/compuviper.mx\/tienda\/wp-json\/wp\/v2\/types\/product"}],"replies":[{"embeddable":true,"href":"https:\/\/compuviper.mx\/tienda\/wp-json\/wp\/v2\/comments?post=266514"}],"wp:featuredmedia":[{"embeddable":true,"href":"https:\/\/compuviper.mx\/tienda\/wp-json\/wp\/v2\/media\/266515"}],"wp:attachment":[{"href":"https:\/\/compuviper.mx\/tienda\/wp-json\/wp\/v2\/media?parent=266514"}],"wp:term":[{"taxonomy":"product_cat","embeddable":true,"href":"https:\/\/compuviper.mx\/tienda\/wp-json\/wp\/v2\/product_cat?post=266514"},{"taxonomy":"product_tag","embeddable":true,"href":"https:\/\/compuviper.mx\/tienda\/wp-json\/wp\/v2\/product_tag?post=266514"}],"curies":[{"name":"wp","href":"https:\/\/api.w.org\/{rel}","templated":true}]}}