{"id":266502,"date":"2026-04-14T02:24:03","date_gmt":"2026-04-14T08:24:03","guid":{"rendered":"https:\/\/compuviper.mx\/tienda\/producto\/gigabyte-gv-r76gaming-oc-8gd889523038055-tarjeta-de-video-amd-radeon-rx-7600-gaming-oc-8g-pcie-4-0-8-gb-gddr6x-256-bit-gama-alta\/"},"modified":"2026-04-14T02:24:03","modified_gmt":"2026-04-14T08:24:03","slug":"gigabyte-gv-r76gaming-oc-8gd889523038055-tarjeta-de-video-amd-radeon-rx-7600-gaming-oc-8g-pcie-4-0-8-gb-gddr6x-256-bit-gama-alta","status":"publish","type":"product","link":"https:\/\/compuviper.mx\/tienda\/producto\/gigabyte-gv-r76gaming-oc-8gd889523038055-tarjeta-de-video-amd-radeon-rx-7600-gaming-oc-8g-pcie-4-0-8-gb-gddr6x-256-bit-gama-alta\/","title":{"rendered":"Gigabyte Gv-r76gaming Oc-8gd,889523038055 Tarjeta De Video  Amd Radeon Rx 7600 Gaming Oc 8g Pcie 4.0 8 Gb\/gddr6x\/256 Bit\/gama Alta"},"content":{"rendered":"<table class=\"descripcion\">\n<tr>\n<td>Procesamiento de gr\u00e1ficos<\/td>\n<\/tr>\n<tr>\n<td>Radeon\u0099 rx 7600<\/td>\n<\/tr>\n<tr>\n<td>Reloj de n\u00facleo<\/td>\n<\/tr>\n<tr>\n<td>Boost clock* : hasta 2755 mhz (tarjeta de referencia: 2655 mhz)<\/td>\n<\/tr>\n<tr>\n<td>Game clock* : hasta 2355 mhz (tarjeta de referencia: 2250 mhz)<\/td>\n<\/tr>\n<tr>\n<td>Procesadores de flujo<\/td>\n<\/tr>\n<tr>\n<td>2048<\/td>\n<\/tr>\n<tr>\n<td>Reloj de la memoria<\/td>\n<\/tr>\n<tr>\n<td>18 gb\/s<\/td>\n<\/tr>\n<tr>\n<td>Tama\u00f1o de la memoria<\/td>\n<\/tr>\n<tr>\n<td>8 gb<\/td>\n<\/tr>\n<tr>\n<td>Tipo de memoria<\/td>\n<\/tr>\n<tr>\n<td>Gddr6<\/td>\n<\/tr>\n<tr>\n<td>Bus de memoria<\/td>\n<\/tr>\n<tr>\n<td>128 bits<\/td>\n<\/tr>\n<tr>\n<td>Tarjeta de autob\u00fas<\/td>\n<\/tr>\n<tr>\n<td>Pci-e 4.0<\/td>\n<\/tr>\n<tr>\n<td>Resoluci\u00f3n m\u00e1xima digital<\/td>\n<\/tr>\n<tr>\n<td>7680&#215;4320<\/td>\n<\/tr>\n<tr>\n<td>Vista m\u00faltiple<\/td>\n<\/tr>\n<tr>\n<td>4<\/td>\n<\/tr>\n<tr>\n<td>Tama\u00f1o de la tarjeta<\/td>\n<\/tr>\n<tr>\n<td>Largo=282 ancho=115 alto=50 mm<\/td>\n<\/tr>\n<tr>\n<td>Forma de placa de circuito impreso<\/td>\n<\/tr>\n<tr>\n<td>Atx<\/td>\n<\/tr>\n<tr>\n<td>Directx<\/td>\n<\/tr>\n<tr>\n<td>12 \u00faltimo<\/td>\n<\/tr>\n<tr>\n<td>Opengl<\/td>\n<\/tr>\n<tr>\n<td>4.6<\/td>\n<\/tr>\n<tr>\n<td>Fuente de alimentaci\u00f3n recomendada<\/td>\n<\/tr>\n<tr>\n<td>550w<\/td>\n<\/tr>\n<tr>\n<td>Conectores de alimentaci\u00f3n<\/td>\n<\/tr>\n<tr>\n<td>8 pines * 1<\/td>\n<\/tr>\n<tr>\n<td>Producci\u00f3n<\/td>\n<\/tr>\n<tr>\n<td>Displayport 1.4a *2<\/td>\n<\/tr>\n<tr>\n<td>Hdmi 2.1a *2<\/td>\n<\/tr>\n<\/table>\n","protected":false},"excerpt":{"rendered":"<p>El sistema de refrigeraci\u00f3n windforce cuenta con tres ventiladores de aspa \u00fanicos de 80 mm, giro alternativo, 5 tubos de calor de cobre compuesto que tocan directamente la gpu, ventilador activo 3d y refrigeraci\u00f3n de pantalla, que juntos proporcionan una disipaci\u00f3n de calor de alta eficiencia. El ventilador activo 3d proporciona refrigeraci\u00f3n semipasiva, y los ventiladores permanecer\u00e1n apagados cuando la gpu est\u00e9 en un juego de baja carga o bajo consumo de energ\u00eda. El disipador de calor extendido permite el paso del aire, proporcionando una mejor disipaci\u00f3n del calor. Con 16,7 millones de opciones de color personalizables y numerosos efectos de iluminaci\u00f3n, puede elegir cualquier efecto de iluminaci\u00f3n o sincronizar con otros dispositivos en el centro de control de gigabyte. Gigabyte control center (gcc) es un software unificado para todos los productos compatibles con gigabyte. Proporciona una interfaz intuitiva que permite a los usuarios ajustar la velocidad del reloj, el voltaje, el modo del ventilador y el objetivo de potencia en tiempo real.<\/p>\n","protected":false},"featured_media":266503,"comment_status":"open","ping_status":"open","template":"","meta":[],"product_cat":[1841,1842],"product_tag":[1732],"acf":[],"yoast_head":"<!-- This site is optimized with the Yoast SEO plugin v21.7 - https:\/\/yoast.com\/wordpress\/plugins\/seo\/ -->\n<title>[ Gigabyte ] &#129351; Gv-r76gaming Oc-8gd,889523038055 Tarjeta De Video Amd Radeon Rx 7600 Gaming Oc 8g Pcie 4.0 8 Gb\/gddr6x\/256 Bit\/gama Alta<\/title>\n<meta name=\"description\" content=\"Compra Gv-r76gaming Oc-8gd,889523038055 Tarjeta De Video Amd Radeon Rx 7600 Gaming Oc 8g Pcie 4.0 8 Gb\/gddr6x\/256 Bit\/gama Alta + Env\u00edo a domicilio + Pago seguro + Garant\u00eda\" \/>\n<meta name=\"robots\" content=\"index, follow, max-snippet:-1, max-image-preview:large, max-video-preview:-1\" \/>\n<link rel=\"canonical\" href=\"https:\/\/compuviper.mx\/tienda\/producto\/gigabyte-gv-r76gaming-oc-8gd889523038055-tarjeta-de-video-amd-radeon-rx-7600-gaming-oc-8g-pcie-4-0-8-gb-gddr6x-256-bit-gama-alta\/\" \/>\n<meta property=\"og:locale\" content=\"es_MX\" \/>\n<meta property=\"og:type\" content=\"article\" \/>\n<meta property=\"og:title\" content=\"[ Gigabyte ] &#129351; Gv-r76gaming Oc-8gd,889523038055 Tarjeta De Video Amd Radeon Rx 7600 Gaming Oc 8g Pcie 4.0 8 Gb\/gddr6x\/256 Bit\/gama Alta\" \/>\n<meta property=\"og:description\" content=\"Compra Gv-r76gaming Oc-8gd,889523038055 Tarjeta De Video Amd Radeon Rx 7600 Gaming Oc 8g Pcie 4.0 8 Gb\/gddr6x\/256 Bit\/gama Alta + Env\u00edo a domicilio + Pago seguro + Garant\u00eda\" \/>\n<meta property=\"og:url\" content=\"https:\/\/compuviper.mx\/tienda\/producto\/gigabyte-gv-r76gaming-oc-8gd889523038055-tarjeta-de-video-amd-radeon-rx-7600-gaming-oc-8g-pcie-4-0-8-gb-gddr6x-256-bit-gama-alta\/\" \/>\n<meta property=\"og:site_name\" content=\"Compuviper\" \/>\n<meta property=\"article:publisher\" content=\"https:\/\/www.facebook.com\/compuviper\" \/>\n<meta property=\"og:image\" content=\"https:\/\/compuviper.mx\/tienda\/wp-content\/uploads\/2026\/02\/Tarjeta-de-video-gigabyte-amd-radeon-rx-7600-gaming-oc-8g-pcie-4.0-8-gbgddr6x256-bitgama-alta.jpg\" \/>\n\t<meta property=\"og:image:width\" content=\"200\" \/>\n\t<meta property=\"og:image:height\" content=\"200\" \/>\n\t<meta property=\"og:image:type\" content=\"image\/jpeg\" \/>\n<meta name=\"twitter:card\" content=\"summary_large_image\" \/>\n<meta name=\"twitter:label1\" content=\"Precio\" \/>\n\t<meta name=\"twitter:data1\" content=\"&#36;5,006 con IVA\" \/>\n\t<meta name=\"twitter:label2\" content=\"Availability\" \/>\n\t<meta name=\"twitter:data2\" content=\"In stock\" \/>\n<script type=\"application\/ld+json\" class=\"yoast-schema-graph\">{\"@context\":\"https:\/\/schema.org\",\"@graph\":[{\"@type\":\"WebPage\",\"@id\":\"https:\/\/compuviper.mx\/tienda\/producto\/gigabyte-gv-r76gaming-oc-8gd889523038055-tarjeta-de-video-amd-radeon-rx-7600-gaming-oc-8g-pcie-4-0-8-gb-gddr6x-256-bit-gama-alta\/\",\"url\":\"https:\/\/compuviper.mx\/tienda\/producto\/gigabyte-gv-r76gaming-oc-8gd889523038055-tarjeta-de-video-amd-radeon-rx-7600-gaming-oc-8g-pcie-4-0-8-gb-gddr6x-256-bit-gama-alta\/\",\"name\":\"[ Gigabyte ] &#129351; Gv-r76gaming Oc-8gd,889523038055 Tarjeta De Video Amd Radeon Rx 7600 Gaming Oc 8g Pcie 4.0 8 Gb\/gddr6x\/256 Bit\/gama Alta\",\"isPartOf\":{\"@id\":\"https:\/\/compuviper.mx\/tienda\/#website\"},\"datePublished\":\"2026-04-14T08:24:03+00:00\",\"dateModified\":\"2026-04-14T08:24:03+00:00\",\"description\":\"Compra Gv-r76gaming Oc-8gd,889523038055 Tarjeta De Video Amd Radeon Rx 7600 Gaming Oc 8g Pcie 4.0 8 Gb\/gddr6x\/256 Bit\/gama Alta + Env\u00edo a domicilio + Pago seguro + Garant\u00eda\",\"breadcrumb\":{\"@id\":\"https:\/\/compuviper.mx\/tienda\/producto\/gigabyte-gv-r76gaming-oc-8gd889523038055-tarjeta-de-video-amd-radeon-rx-7600-gaming-oc-8g-pcie-4-0-8-gb-gddr6x-256-bit-gama-alta\/#breadcrumb\"},\"inLanguage\":\"es-MX\",\"potentialAction\":[{\"@type\":\"ReadAction\",\"target\":[\"https:\/\/compuviper.mx\/tienda\/producto\/gigabyte-gv-r76gaming-oc-8gd889523038055-tarjeta-de-video-amd-radeon-rx-7600-gaming-oc-8g-pcie-4-0-8-gb-gddr6x-256-bit-gama-alta\/\"]}]},{\"@type\":\"BreadcrumbList\",\"@id\":\"https:\/\/compuviper.mx\/tienda\/producto\/gigabyte-gv-r76gaming-oc-8gd889523038055-tarjeta-de-video-amd-radeon-rx-7600-gaming-oc-8g-pcie-4-0-8-gb-gddr6x-256-bit-gama-alta\/#breadcrumb\",\"itemListElement\":[{\"@type\":\"ListItem\",\"position\":1,\"name\":\"Inicio\",\"item\":\"https:\/\/compuviper.mx\/tienda\/\"},{\"@type\":\"ListItem\",\"position\":2,\"name\":\"Productos\",\"item\":\"https:\/\/compuviper.mx\/tienda\/productos\/\"},{\"@type\":\"ListItem\",\"position\":3,\"name\":\"Video\",\"item\":\"https:\/\/compuviper.mx\/tienda\/categoria-producto\/video\/\"},{\"@type\":\"ListItem\",\"position\":4,\"name\":\"Video\",\"item\":\"https:\/\/compuviper.mx\/tienda\/categoria-producto\/video\/video-video\/\"},{\"@type\":\"ListItem\",\"position\":5,\"name\":\"Gigabyte Gv-r76gaming Oc-8gd,889523038055 Tarjeta De Video Amd Radeon Rx 7600 Gaming Oc 8g Pcie 4.0 8 Gb\/gddr6x\/256 Bit\/gama Alta\"}]},{\"@type\":\"WebSite\",\"@id\":\"https:\/\/compuviper.mx\/tienda\/#website\",\"url\":\"https:\/\/compuviper.mx\/tienda\/\",\"name\":\"Compuviper\",\"description\":\"Proveedor de Computadoras, Laptops, Servidores, Monitores, Puntos de Venta, Teclados,   Impresoras, T\u00f3ner, C\u00e1maras de Seguridad y m\u00e1s en tu tienda en l\u00ednea\",\"publisher\":{\"@id\":\"https:\/\/compuviper.mx\/tienda\/#organization\"},\"potentialAction\":[{\"@type\":\"SearchAction\",\"target\":{\"@type\":\"EntryPoint\",\"urlTemplate\":\"https:\/\/compuviper.mx\/tienda\/?s={search_term_string}\"},\"query-input\":\"required name=search_term_string\"}],\"inLanguage\":\"es-MX\"},{\"@type\":\"Organization\",\"@id\":\"https:\/\/compuviper.mx\/tienda\/#organization\",\"name\":\"Compuviper\",\"url\":\"https:\/\/compuviper.mx\/tienda\/\",\"logo\":{\"@type\":\"ImageObject\",\"inLanguage\":\"es-MX\",\"@id\":\"https:\/\/compuviper.mx\/tienda\/#\/schema\/logo\/image\/\",\"url\":\"https:\/\/compuviper.mx\/tienda\/wp-content\/uploads\/2021\/08\/Logo-Compuviper-10.png\",\"contentUrl\":\"https:\/\/compuviper.mx\/tienda\/wp-content\/uploads\/2021\/08\/Logo-Compuviper-10.png\",\"width\":1000,\"height\":500,\"caption\":\"Compuviper\"},\"image\":{\"@id\":\"https:\/\/compuviper.mx\/tienda\/#\/schema\/logo\/image\/\"},\"sameAs\":[\"https:\/\/www.facebook.com\/compuviper\",\"https:\/\/www.youtube.com\/channel\/UCf73dERp9Y3cfOq7q8BhLjA?view_as=subscriber\"]}]}<\/script>\n<meta property=\"product:brand\" content=\"GIGABYTE\" \/>\n<meta property=\"product:price:amount\" content=\"5006\" \/>\n<meta property=\"product:price:currency\" content=\"MXN\" \/>\n<meta property=\"og:availability\" content=\"instock\" \/>\n<meta property=\"product:availability\" content=\"instock\" \/>\n<meta property=\"product:retailer_item_id\" content=\"GV-R76GAMING OC-8GD,889523038055\" \/>\n<meta property=\"product:condition\" content=\"new\" \/>\n<!-- \/ Yoast SEO plugin. -->","yoast_head_json":{"title":"[ Gigabyte ] &#129351; Gv-r76gaming Oc-8gd,889523038055 Tarjeta De Video Amd Radeon Rx 7600 Gaming Oc 8g Pcie 4.0 8 Gb\/gddr6x\/256 Bit\/gama Alta","description":"Compra Gv-r76gaming Oc-8gd,889523038055 Tarjeta De Video Amd Radeon Rx 7600 Gaming Oc 8g Pcie 4.0 8 Gb\/gddr6x\/256 Bit\/gama Alta + Env\u00edo a domicilio + Pago seguro + Garant\u00eda","robots":{"index":"index","follow":"follow","max-snippet":"max-snippet:-1","max-image-preview":"max-image-preview:large","max-video-preview":"max-video-preview:-1"},"canonical":"https:\/\/compuviper.mx\/tienda\/producto\/gigabyte-gv-r76gaming-oc-8gd889523038055-tarjeta-de-video-amd-radeon-rx-7600-gaming-oc-8g-pcie-4-0-8-gb-gddr6x-256-bit-gama-alta\/","og_locale":"es_MX","og_type":"article","og_title":"[ Gigabyte ] &#129351; Gv-r76gaming Oc-8gd,889523038055 Tarjeta De Video Amd Radeon Rx 7600 Gaming Oc 8g Pcie 4.0 8 Gb\/gddr6x\/256 Bit\/gama Alta","og_description":"Compra Gv-r76gaming Oc-8gd,889523038055 Tarjeta De Video Amd Radeon Rx 7600 Gaming Oc 8g Pcie 4.0 8 Gb\/gddr6x\/256 Bit\/gama Alta + Env\u00edo a domicilio + Pago seguro + Garant\u00eda","og_url":"https:\/\/compuviper.mx\/tienda\/producto\/gigabyte-gv-r76gaming-oc-8gd889523038055-tarjeta-de-video-amd-radeon-rx-7600-gaming-oc-8g-pcie-4-0-8-gb-gddr6x-256-bit-gama-alta\/","og_site_name":"Compuviper","article_publisher":"https:\/\/www.facebook.com\/compuviper","og_image":[{"width":200,"height":200,"url":"https:\/\/compuviper.mx\/tienda\/wp-content\/uploads\/2026\/02\/Tarjeta-de-video-gigabyte-amd-radeon-rx-7600-gaming-oc-8g-pcie-4.0-8-gbgddr6x256-bitgama-alta.jpg","type":"image\/jpeg"}],"twitter_card":"summary_large_image","twitter_misc":{"Precio":"&#36;5,006 con IVA","Availability":"In stock"},"schema":{"@context":"https:\/\/schema.org","@graph":[{"@type":"WebPage","@id":"https:\/\/compuviper.mx\/tienda\/producto\/gigabyte-gv-r76gaming-oc-8gd889523038055-tarjeta-de-video-amd-radeon-rx-7600-gaming-oc-8g-pcie-4-0-8-gb-gddr6x-256-bit-gama-alta\/","url":"https:\/\/compuviper.mx\/tienda\/producto\/gigabyte-gv-r76gaming-oc-8gd889523038055-tarjeta-de-video-amd-radeon-rx-7600-gaming-oc-8g-pcie-4-0-8-gb-gddr6x-256-bit-gama-alta\/","name":"[ Gigabyte ] &#129351; Gv-r76gaming Oc-8gd,889523038055 Tarjeta De Video Amd Radeon Rx 7600 Gaming Oc 8g Pcie 4.0 8 Gb\/gddr6x\/256 Bit\/gama Alta","isPartOf":{"@id":"https:\/\/compuviper.mx\/tienda\/#website"},"datePublished":"2026-04-14T08:24:03+00:00","dateModified":"2026-04-14T08:24:03+00:00","description":"Compra Gv-r76gaming Oc-8gd,889523038055 Tarjeta De Video Amd Radeon Rx 7600 Gaming Oc 8g Pcie 4.0 8 Gb\/gddr6x\/256 Bit\/gama Alta + Env\u00edo a domicilio + Pago seguro + Garant\u00eda","breadcrumb":{"@id":"https:\/\/compuviper.mx\/tienda\/producto\/gigabyte-gv-r76gaming-oc-8gd889523038055-tarjeta-de-video-amd-radeon-rx-7600-gaming-oc-8g-pcie-4-0-8-gb-gddr6x-256-bit-gama-alta\/#breadcrumb"},"inLanguage":"es-MX","potentialAction":[{"@type":"ReadAction","target":["https:\/\/compuviper.mx\/tienda\/producto\/gigabyte-gv-r76gaming-oc-8gd889523038055-tarjeta-de-video-amd-radeon-rx-7600-gaming-oc-8g-pcie-4-0-8-gb-gddr6x-256-bit-gama-alta\/"]}]},{"@type":"BreadcrumbList","@id":"https:\/\/compuviper.mx\/tienda\/producto\/gigabyte-gv-r76gaming-oc-8gd889523038055-tarjeta-de-video-amd-radeon-rx-7600-gaming-oc-8g-pcie-4-0-8-gb-gddr6x-256-bit-gama-alta\/#breadcrumb","itemListElement":[{"@type":"ListItem","position":1,"name":"Inicio","item":"https:\/\/compuviper.mx\/tienda\/"},{"@type":"ListItem","position":2,"name":"Productos","item":"https:\/\/compuviper.mx\/tienda\/productos\/"},{"@type":"ListItem","position":3,"name":"Video","item":"https:\/\/compuviper.mx\/tienda\/categoria-producto\/video\/"},{"@type":"ListItem","position":4,"name":"Video","item":"https:\/\/compuviper.mx\/tienda\/categoria-producto\/video\/video-video\/"},{"@type":"ListItem","position":5,"name":"Gigabyte Gv-r76gaming Oc-8gd,889523038055 Tarjeta De Video Amd Radeon Rx 7600 Gaming Oc 8g Pcie 4.0 8 Gb\/gddr6x\/256 Bit\/gama Alta"}]},{"@type":"WebSite","@id":"https:\/\/compuviper.mx\/tienda\/#website","url":"https:\/\/compuviper.mx\/tienda\/","name":"Compuviper","description":"Proveedor de Computadoras, Laptops, Servidores, Monitores, Puntos de Venta, Teclados,   Impresoras, T\u00f3ner, C\u00e1maras de Seguridad y m\u00e1s en tu tienda en l\u00ednea","publisher":{"@id":"https:\/\/compuviper.mx\/tienda\/#organization"},"potentialAction":[{"@type":"SearchAction","target":{"@type":"EntryPoint","urlTemplate":"https:\/\/compuviper.mx\/tienda\/?s={search_term_string}"},"query-input":"required name=search_term_string"}],"inLanguage":"es-MX"},{"@type":"Organization","@id":"https:\/\/compuviper.mx\/tienda\/#organization","name":"Compuviper","url":"https:\/\/compuviper.mx\/tienda\/","logo":{"@type":"ImageObject","inLanguage":"es-MX","@id":"https:\/\/compuviper.mx\/tienda\/#\/schema\/logo\/image\/","url":"https:\/\/compuviper.mx\/tienda\/wp-content\/uploads\/2021\/08\/Logo-Compuviper-10.png","contentUrl":"https:\/\/compuviper.mx\/tienda\/wp-content\/uploads\/2021\/08\/Logo-Compuviper-10.png","width":1000,"height":500,"caption":"Compuviper"},"image":{"@id":"https:\/\/compuviper.mx\/tienda\/#\/schema\/logo\/image\/"},"sameAs":["https:\/\/www.facebook.com\/compuviper","https:\/\/www.youtube.com\/channel\/UCf73dERp9Y3cfOq7q8BhLjA?view_as=subscriber"]}]},"product_brand":"GIGABYTE","product_price_amount":"5006","product_price_currency":"MXN","og_availability":"instock","product_availability":"instock","product_retailer_item_id":"GV-R76GAMING OC-8GD,889523038055","product_condition":"new"},"_links":{"self":[{"href":"https:\/\/compuviper.mx\/tienda\/wp-json\/wp\/v2\/product\/266502"}],"collection":[{"href":"https:\/\/compuviper.mx\/tienda\/wp-json\/wp\/v2\/product"}],"about":[{"href":"https:\/\/compuviper.mx\/tienda\/wp-json\/wp\/v2\/types\/product"}],"replies":[{"embeddable":true,"href":"https:\/\/compuviper.mx\/tienda\/wp-json\/wp\/v2\/comments?post=266502"}],"wp:featuredmedia":[{"embeddable":true,"href":"https:\/\/compuviper.mx\/tienda\/wp-json\/wp\/v2\/media\/266503"}],"wp:attachment":[{"href":"https:\/\/compuviper.mx\/tienda\/wp-json\/wp\/v2\/media?parent=266502"}],"wp:term":[{"taxonomy":"product_cat","embeddable":true,"href":"https:\/\/compuviper.mx\/tienda\/wp-json\/wp\/v2\/product_cat?post=266502"},{"taxonomy":"product_tag","embeddable":true,"href":"https:\/\/compuviper.mx\/tienda\/wp-json\/wp\/v2\/product_tag?post=266502"}],"curies":[{"name":"wp","href":"https:\/\/api.w.org\/{rel}","templated":true}]}}