{"id":266499,"date":"2026-04-07T01:56:55","date_gmt":"2026-04-07T07:56:55","guid":{"rendered":"https:\/\/compuviper.mx\/tienda\/producto\/logitech-981-000882-audifonos-gaming-g733-lightspeed-rgb-inalambrico-recargable-hasta-29hrs-de-uso-blanco\/"},"modified":"2026-04-07T01:56:55","modified_gmt":"2026-04-07T07:56:55","slug":"logitech-981-000882-audifonos-gaming-g733-lightspeed-rgb-inalambrico-recargable-hasta-29hrs-de-uso-blanco","status":"publish","type":"product","link":"https:\/\/compuviper.mx\/tienda\/producto\/logitech-981-000882-audifonos-gaming-g733-lightspeed-rgb-inalambrico-recargable-hasta-29hrs-de-uso-blanco\/","title":{"rendered":"Logitech 981-000882 Audifonos Gaming  G733 Lightspeed Rgb Inalambrico Recargable Hasta 29hrs De Uso Blanco"},"content":{"rendered":"<table class=\"descripcion\">\n<tr>\n<td>Especificaciones<\/td>\n<\/tr>\n<tr>\n<td>278 g<\/td>\n<\/tr>\n<tr>\n<td>Ligeros<\/td>\n<\/tr>\n<tr>\n<td>Hasta 29 horas 6depende del uso y de los dispositivos. la duraci\u00f3n de la bater\u00eda se basa en un volumen de aud\u00edfonos configurado en 50% y la iluminaci\u00f3n desactivada.<\/td>\n<\/tr>\n<tr>\n<td>Duraci\u00f3n de la bater\u00eda<\/td>\n<\/tr>\n<tr>\n<td>20 metros 7depende del uso y de los dispositivos. la duraci\u00f3n de la bater\u00eda se basa en un volumen de aud\u00edfonos configurado en 50% y la iluminaci\u00f3n desactivada.<\/td>\n<\/tr>\n<tr>\n<td>Radio de acci\u00f3n inal\u00e1mbrico<\/td>\n<\/tr>\n<tr>\n<td>Requisito<\/td>\n<\/tr>\n<tr>\n<td>Puerto usb 2.0 (puerto tipo a)<\/td>\n<\/tr>\n<tr>\n<td>Pc con windows\u00ae 7 o posteriores, macos x 10.12 o posteriores, o consola de videjuegos playstation\u00ae 48funciones avanzadas como dts headphone:x 2.0, blue vo!ce y rgb lightsync no est\u00e1n disponibles en playstation 4.<\/td>\n<\/tr>\n<tr>\n<td>(opcional) acceso a internet para el software logitech g hub9las funciones avanzadas requieren el software logitech g hub. descarga gratuita desde logitechg.com and #8260;ghub.<\/td>\n<\/tr>\n<tr>\n<td>Especificaciones t\u00e9cnicas<\/td>\n<\/tr>\n<tr>\n<td>Aud\u00edfono:<\/td>\n<\/tr>\n<tr>\n<td>Peso: 278 g<\/td>\n<\/tr>\n<tr>\n<td>Transductor: pro-g 40 mm<\/td>\n<\/tr>\n<tr>\n<td>Respuesta de frecuencia: 20 hz-20 khz<\/td>\n<\/tr>\n<tr>\n<td>Impedancia: 39 ohmios (pasiva), 5 kilohmios (activa)<\/td>\n<\/tr>\n<tr>\n<td>Sensibilidad: 87,5 db spl\/mw<\/td>\n<\/tr>\n<tr>\n<td>Micr\u00f3fono (varilla):<\/td>\n<\/tr>\n<tr>\n<td>Patr\u00f3n de captaci\u00f3n de micr\u00f3fono: cardioide (unidireccional)<\/td>\n<\/tr>\n<tr>\n<td>Tama\u00f1o: 6 mm<\/td>\n<\/tr>\n<tr>\n<td>Respuesta de frecuencia: 100 hz &#8211; 10 khz<\/td>\n<\/tr>\n<tr>\n<td>Radio de acci\u00f3n inal\u00e1mbrico10depende del uso y de los dispositivos. la duraci\u00f3n de la bater\u00eda se basa en un volumen de aud\u00edfonos configurado en 50%.: hasta 20 metros<\/td>\n<\/tr>\n<tr>\n<td>Tipo de conexi\u00f3n: tecnolog\u00eda inal\u00e1mbrica lightspeed a trav\u00e9s de usb<\/td>\n<\/tr>\n<tr>\n<td>Duraci\u00f3n de bater\u00eda (recargable)11depende del uso y de los dispositivos. la duraci\u00f3n de la bater\u00eda se basa en un volumen de aud\u00edfonos configurado en 50%.:<\/td>\n<\/tr>\n<tr>\n<td>Sin iluminaci\u00f3n: 29 horas<\/td>\n<\/tr>\n<tr>\n<td>Iluminaci\u00f3n predeterminada: 20 horas<\/td>\n<\/tr>\n<tr>\n<td>Contenido de la caja<\/td>\n<\/tr>\n<tr>\n<td>Aud\u00edfonos g733 con micr\u00f3fono inal\u00e1mbricos lightspeed rgb para juegos<\/td>\n<\/tr>\n<tr>\n<td>Diadema blanda reversible (acoplada)<\/td>\n<\/tr>\n<tr>\n<td>Micr\u00f3fono extra\u00edble<\/td>\n<\/tr>\n<tr>\n<td>Receptor inal\u00e1mbrico lightspeed (usb-a)<\/td>\n<\/tr>\n<tr>\n<td>Cable de carga usb-c a usb-a<\/td>\n<\/tr>\n<tr>\n<td>N\u00famero de referencia<\/td>\n<\/tr>\n<tr>\n<td>Lila : 981-000889<\/td>\n<\/tr>\n<tr>\n<td>Negro : 981-000863<\/td>\n<\/tr>\n<tr>\n<td>White : 981-000882<\/td>\n<\/tr>\n<tr>\n<td>Blue : 981-000942<\/td>\n<\/tr>\n<tr>\n<td>Informaci\u00f3n de garant\u00eda<\/td>\n<\/tr>\n<tr>\n<td>Dos a\u00f1os de garant\u00eda de hardware limitada<\/td>\n<\/tr>\n<\/table>\n","protected":false},"excerpt":{"rendered":"<p>Juega a tu manera. Por fin, unos aud\u00edfonos que pueden ser tan expresivos como t\u00fa. Los aud\u00edfonos g733 son inal\u00e1mbricos y se dise\u00f1aron pensando en el confort. Y est\u00e1n equipados con todo el sonido envolvente, los filtros de voz y la iluminaci\u00f3n avanzada que necesitas para lucir, sonar y jugar con m\u00e1s estilo que nunca. Inal\u00e1mbricos y ligeros. Conectividad lightspeed confiable. Iluminaci\u00f3n frontal. Rgb\u00ae lightsync de espectro completo. Colores vibrantes. Cuatro a elegir. Juega a tu manera. Presentamos color collection. Juega a tu manera. Aud\u00edfonos con micr\u00f3fono g733. Juega a tu manera. Presentamos color collection. Juega a tu manera. Aud\u00edfonos con micr\u00f3fono g733. Libertad inal\u00e1mbrica. La tecnolog\u00eda inal\u00e1mbrica lightspeed te proporciona m\u00e1s de 29 horas de duraci\u00f3n de bater\u00eda y hasta 20 metros de libertad inal\u00e1mbrica confiable.1depende del uso y de los dispositivos. La duraci\u00f3n de la bater\u00eda se basa en un volumen de aud\u00edfonos configurado en 50% y la iluminaci\u00f3n desactivada. Juega sin enredarte con un cable. Rel\u00e1jate y sum\u00e9rgete en el juego, la m\u00fasica, la pel\u00edcula, o lo que te apetezca. S\u00e9 libre y juega a tu manera. Enci\u00e9ndelos. Alrededor de 16,8 millones de colores, dos zonas para personalizar la iluminaci\u00f3n y hacerla completamente tuya. Elige tus colores, visualiza tu audio, int\u00e9grate en tu mundo de juego, o enloquece con las animaciones predefinidas o crea las tuyas propias. Progr\u00e1malo todo con el software gratuito para juegos g hub.2las funciones avanzadas requieren el software logitech g hub. Descarga gratuita desde logitechg.Com and #8260;ghub. M\u00e1s sobre el software g hub. Personaliza a\u00fan m\u00e1s con accesorios. Desde cintas de suspensi\u00f3n reversibles a protectores de micr\u00f3fono, los aud\u00edfonos g733 est\u00e1n listos para la personalizaci\u00f3n con una amplia variedad de coloridos accesorios. Mezcla y combina. Voltea y acopla. Divi\u00e9rtete sin parar con tu elecci\u00f3n de accesorios a la venta por separado. Descubrir cintas ahora. Descubrir protectores de micr\u00f3fono. Audio inmersivo. Esc\u00fachalo todo con nuestros propios transductores pro-g dise\u00f1ados para ofrecer un sonido preciso y de gama completa. Sum\u00e9rgete en el juego m\u00e1s que nunca con el sonido envolvente de pr\u00f3xima generaci\u00f3n dts headphone:x 2.0.3funciones avanzadas como dts headphone:x 2.0, blue vo!ce rgb lightsync no est\u00e1n disponibles en playstation 4. Suena incre\u00edble y n\u00edtido, con el micr\u00f3fono con certificaci\u00f3n para discord. G733 &#8211; transductores pro-g. Escucha cada jugada. Desde los juegos hasta la m\u00fasica, la claridad y precisi\u00f3n de audio y los graves contundentes son caracter\u00edsticas del dise\u00f1o. Los transductores pro-g est\u00e1n hechos de un exclusivo material de malla h\u00edbrida que reduce la distorsi\u00f3n para crear un sonido preciso y limpio que ofrece una experiencia cinem\u00e1tica fluida y rica. G733 &#8211; impresionante sonido envolvente. Impresionante sonido envolvente. El sonido envolvente de pr\u00f3xima generaci\u00f3n da vida al mundo del juego a tu alrededor. Disfruta de todo el asombroso mundo que te rodea y de las pistas sonoras ambientales que ofrecen tus juegos favoritos, desde todas direcciones. La m\u00e1s reciente tecnolog\u00eda dts headphone:x 2.0 ofrece sonido envolvente m\u00e1s all\u00e1 de los 7.1 canales.4las funciones avanzadas requieren el software logitech g hub. Descarga gratuita desde logitechg.Com and #8260;ghub. G733 &#8211; filtros de micr\u00f3fono. Vas a sonar incre\u00edble. Los aud\u00edfonos g733 incluyen filtros blue vo!ce que puedes optimizar para un sonido con calidad de difusi\u00f3n. Haz que tu stream suene m\u00e1s profesional en un instante. Elige entre diversos filtros o personaliza tus propios filtros con el software g hub.5las funciones avanzadas requieren el software logitech g hub. Descarga gratuita desde logitechg.Com and #8260;ghub. Descarga g hub ahora. Cerrar. Ultraligeros. S\u00f3lo 278 gramos, un poco m\u00e1s de media libra. Es el peso de dos hamburguesas con queso peque\u00f1as o de 250 gominolas. Son muy ligeros y la cinta de suspensi\u00f3n est\u00e1 dise\u00f1ada para aliviar y distribuir el peso, as\u00ed que puedes seguir jugando como si no los llevaras puestos. Se adapta al contorno. La espuma viscoel\u00e1stica de doble capa se adapta suavemente a tu cabeza y al contorno de tu cara. Reduce los puntos de estr\u00e9s y proporciona un confort m\u00e1s duradero para esas largas sesiones de juego. La diadema con cinta de suspensi\u00f3n suave y ajustable garantiza un ajuste perfecto. Juega con color. Jugar cobra un nuevo aspecto ya que logitech g combina tecnolog\u00eda para juegos de primera categor\u00eda con colores vibrantes, estilo moderno y sonido impresionante. Completa tu equipo con un mouse y un teclado de alto desempe\u00f1o a juego.<\/p>\n","protected":false},"featured_media":266540,"comment_status":"open","ping_status":"open","template":"","meta":[],"product_cat":[1552,1822],"product_tag":[1500],"acf":[],"yoast_head":"<!-- This site is optimized with the Yoast SEO plugin v21.7 - https:\/\/yoast.com\/wordpress\/plugins\/seo\/ -->\n<title>[ Logitech ] &#129351; 981-000882 Audifonos Gaming G733 Lightspeed Rgb Inalambrico Recargable Hasta 29hrs De Uso Blanco<\/title>\n<meta name=\"description\" content=\"Compra 981-000882 Audifonos Gaming G733 Lightspeed Rgb Inalambrico Recargable Hasta 29hrs De Uso Blanco + Env\u00edo a domicilio + Pago seguro + Garant\u00eda\" \/>\n<meta name=\"robots\" content=\"index, follow, max-snippet:-1, max-image-preview:large, max-video-preview:-1\" \/>\n<link rel=\"canonical\" href=\"https:\/\/compuviper.mx\/tienda\/producto\/logitech-981-000882-audifonos-gaming-g733-lightspeed-rgb-inalambrico-recargable-hasta-29hrs-de-uso-blanco\/\" \/>\n<meta property=\"og:locale\" content=\"es_MX\" \/>\n<meta property=\"og:type\" content=\"article\" \/>\n<meta property=\"og:title\" content=\"[ Logitech ] &#129351; 981-000882 Audifonos Gaming G733 Lightspeed Rgb Inalambrico Recargable Hasta 29hrs De Uso Blanco\" \/>\n<meta property=\"og:description\" content=\"Compra 981-000882 Audifonos Gaming G733 Lightspeed Rgb Inalambrico Recargable Hasta 29hrs De Uso Blanco + Env\u00edo a domicilio + Pago seguro + Garant\u00eda\" \/>\n<meta property=\"og:url\" content=\"https:\/\/compuviper.mx\/tienda\/producto\/logitech-981-000882-audifonos-gaming-g733-lightspeed-rgb-inalambrico-recargable-hasta-29hrs-de-uso-blanco\/\" \/>\n<meta property=\"og:site_name\" content=\"Compuviper\" \/>\n<meta property=\"article:publisher\" content=\"https:\/\/www.facebook.com\/compuviper\" \/>\n<meta property=\"og:image\" content=\"https:\/\/compuviper.mx\/tienda\/wp-content\/uploads\/2026\/02\/Audifonos-gaming-logitech-g733-lightspeed-rgb-inalambrico-recargable-hasta-29hrs-de-uso-blanco.jpg\" \/>\n\t<meta property=\"og:image:width\" content=\"200\" \/>\n\t<meta property=\"og:image:height\" content=\"200\" \/>\n\t<meta property=\"og:image:type\" content=\"image\/jpeg\" \/>\n<meta name=\"twitter:card\" content=\"summary_large_image\" \/>\n<meta name=\"twitter:label1\" content=\"Precio\" \/>\n\t<meta name=\"twitter:data1\" content=\"&#36;2,735 con IVA\" \/>\n\t<meta name=\"twitter:label2\" content=\"Availability\" \/>\n\t<meta name=\"twitter:data2\" content=\"Out of stock\" \/>\n<script type=\"application\/ld+json\" class=\"yoast-schema-graph\">{\"@context\":\"https:\/\/schema.org\",\"@graph\":[{\"@type\":\"WebPage\",\"@id\":\"https:\/\/compuviper.mx\/tienda\/producto\/logitech-981-000882-audifonos-gaming-g733-lightspeed-rgb-inalambrico-recargable-hasta-29hrs-de-uso-blanco\/\",\"url\":\"https:\/\/compuviper.mx\/tienda\/producto\/logitech-981-000882-audifonos-gaming-g733-lightspeed-rgb-inalambrico-recargable-hasta-29hrs-de-uso-blanco\/\",\"name\":\"[ Logitech ] &#129351; 981-000882 Audifonos Gaming G733 Lightspeed Rgb Inalambrico Recargable Hasta 29hrs De Uso Blanco\",\"isPartOf\":{\"@id\":\"https:\/\/compuviper.mx\/tienda\/#website\"},\"datePublished\":\"2026-04-07T07:56:55+00:00\",\"dateModified\":\"2026-04-07T07:56:55+00:00\",\"description\":\"Compra 981-000882 Audifonos Gaming G733 Lightspeed Rgb Inalambrico Recargable Hasta 29hrs De Uso Blanco + Env\u00edo a domicilio + Pago seguro + Garant\u00eda\",\"breadcrumb\":{\"@id\":\"https:\/\/compuviper.mx\/tienda\/producto\/logitech-981-000882-audifonos-gaming-g733-lightspeed-rgb-inalambrico-recargable-hasta-29hrs-de-uso-blanco\/#breadcrumb\"},\"inLanguage\":\"es-MX\",\"potentialAction\":[{\"@type\":\"ReadAction\",\"target\":[\"https:\/\/compuviper.mx\/tienda\/producto\/logitech-981-000882-audifonos-gaming-g733-lightspeed-rgb-inalambrico-recargable-hasta-29hrs-de-uso-blanco\/\"]}]},{\"@type\":\"BreadcrumbList\",\"@id\":\"https:\/\/compuviper.mx\/tienda\/producto\/logitech-981-000882-audifonos-gaming-g733-lightspeed-rgb-inalambrico-recargable-hasta-29hrs-de-uso-blanco\/#breadcrumb\",\"itemListElement\":[{\"@type\":\"ListItem\",\"position\":1,\"name\":\"Inicio\",\"item\":\"https:\/\/compuviper.mx\/tienda\/\"},{\"@type\":\"ListItem\",\"position\":2,\"name\":\"Productos\",\"item\":\"https:\/\/compuviper.mx\/tienda\/productos\/\"},{\"@type\":\"ListItem\",\"position\":3,\"name\":\"Audifonos Y Micro\",\"item\":\"https:\/\/compuviper.mx\/tienda\/categoria-producto\/audifonos-y-micro\/\"},{\"@type\":\"ListItem\",\"position\":4,\"name\":\"Gamers\",\"item\":\"https:\/\/compuviper.mx\/tienda\/categoria-producto\/audifonos-y-micro\/gamers-audifonos-y-micro\/\"},{\"@type\":\"ListItem\",\"position\":5,\"name\":\"Logitech 981-000882 Audifonos Gaming G733 Lightspeed Rgb Inalambrico Recargable Hasta 29hrs De Uso Blanco\"}]},{\"@type\":\"WebSite\",\"@id\":\"https:\/\/compuviper.mx\/tienda\/#website\",\"url\":\"https:\/\/compuviper.mx\/tienda\/\",\"name\":\"Compuviper\",\"description\":\"Proveedor de Computadoras, Laptops, Servidores, Monitores, Puntos de Venta, Teclados,   Impresoras, T\u00f3ner, C\u00e1maras de Seguridad y m\u00e1s en tu tienda en l\u00ednea\",\"publisher\":{\"@id\":\"https:\/\/compuviper.mx\/tienda\/#organization\"},\"potentialAction\":[{\"@type\":\"SearchAction\",\"target\":{\"@type\":\"EntryPoint\",\"urlTemplate\":\"https:\/\/compuviper.mx\/tienda\/?s={search_term_string}\"},\"query-input\":\"required name=search_term_string\"}],\"inLanguage\":\"es-MX\"},{\"@type\":\"Organization\",\"@id\":\"https:\/\/compuviper.mx\/tienda\/#organization\",\"name\":\"Compuviper\",\"url\":\"https:\/\/compuviper.mx\/tienda\/\",\"logo\":{\"@type\":\"ImageObject\",\"inLanguage\":\"es-MX\",\"@id\":\"https:\/\/compuviper.mx\/tienda\/#\/schema\/logo\/image\/\",\"url\":\"https:\/\/compuviper.mx\/tienda\/wp-content\/uploads\/2021\/08\/Logo-Compuviper-10.png\",\"contentUrl\":\"https:\/\/compuviper.mx\/tienda\/wp-content\/uploads\/2021\/08\/Logo-Compuviper-10.png\",\"width\":1000,\"height\":500,\"caption\":\"Compuviper\"},\"image\":{\"@id\":\"https:\/\/compuviper.mx\/tienda\/#\/schema\/logo\/image\/\"},\"sameAs\":[\"https:\/\/www.facebook.com\/compuviper\",\"https:\/\/www.youtube.com\/channel\/UCf73dERp9Y3cfOq7q8BhLjA?view_as=subscriber\"]}]}<\/script>\n<meta property=\"product:brand\" content=\"LOGITECH\" \/>\n<meta property=\"product:price:amount\" content=\"2735\" \/>\n<meta property=\"product:price:currency\" content=\"MXN\" \/>\n<meta property=\"og:availability\" content=\"out of stock\" \/>\n<meta property=\"product:availability\" content=\"out of stock\" \/>\n<meta property=\"product:retailer_item_id\" content=\"981-000882\" \/>\n<meta property=\"product:condition\" content=\"new\" \/>\n<!-- \/ Yoast SEO plugin. -->","yoast_head_json":{"title":"[ Logitech ] &#129351; 981-000882 Audifonos Gaming G733 Lightspeed Rgb Inalambrico Recargable Hasta 29hrs De Uso Blanco","description":"Compra 981-000882 Audifonos Gaming G733 Lightspeed Rgb Inalambrico Recargable Hasta 29hrs De Uso Blanco + Env\u00edo a domicilio + Pago seguro + Garant\u00eda","robots":{"index":"index","follow":"follow","max-snippet":"max-snippet:-1","max-image-preview":"max-image-preview:large","max-video-preview":"max-video-preview:-1"},"canonical":"https:\/\/compuviper.mx\/tienda\/producto\/logitech-981-000882-audifonos-gaming-g733-lightspeed-rgb-inalambrico-recargable-hasta-29hrs-de-uso-blanco\/","og_locale":"es_MX","og_type":"article","og_title":"[ Logitech ] &#129351; 981-000882 Audifonos Gaming G733 Lightspeed Rgb Inalambrico Recargable Hasta 29hrs De Uso Blanco","og_description":"Compra 981-000882 Audifonos Gaming G733 Lightspeed Rgb Inalambrico Recargable Hasta 29hrs De Uso Blanco + Env\u00edo a domicilio + Pago seguro + Garant\u00eda","og_url":"https:\/\/compuviper.mx\/tienda\/producto\/logitech-981-000882-audifonos-gaming-g733-lightspeed-rgb-inalambrico-recargable-hasta-29hrs-de-uso-blanco\/","og_site_name":"Compuviper","article_publisher":"https:\/\/www.facebook.com\/compuviper","og_image":[{"width":200,"height":200,"url":"https:\/\/compuviper.mx\/tienda\/wp-content\/uploads\/2026\/02\/Audifonos-gaming-logitech-g733-lightspeed-rgb-inalambrico-recargable-hasta-29hrs-de-uso-blanco.jpg","type":"image\/jpeg"}],"twitter_card":"summary_large_image","twitter_misc":{"Precio":"&#36;2,735 con IVA","Availability":"Out of stock"},"schema":{"@context":"https:\/\/schema.org","@graph":[{"@type":"WebPage","@id":"https:\/\/compuviper.mx\/tienda\/producto\/logitech-981-000882-audifonos-gaming-g733-lightspeed-rgb-inalambrico-recargable-hasta-29hrs-de-uso-blanco\/","url":"https:\/\/compuviper.mx\/tienda\/producto\/logitech-981-000882-audifonos-gaming-g733-lightspeed-rgb-inalambrico-recargable-hasta-29hrs-de-uso-blanco\/","name":"[ Logitech ] &#129351; 981-000882 Audifonos Gaming G733 Lightspeed Rgb Inalambrico Recargable Hasta 29hrs De Uso Blanco","isPartOf":{"@id":"https:\/\/compuviper.mx\/tienda\/#website"},"datePublished":"2026-04-07T07:56:55+00:00","dateModified":"2026-04-07T07:56:55+00:00","description":"Compra 981-000882 Audifonos Gaming G733 Lightspeed Rgb Inalambrico Recargable Hasta 29hrs De Uso Blanco + Env\u00edo a domicilio + Pago seguro + Garant\u00eda","breadcrumb":{"@id":"https:\/\/compuviper.mx\/tienda\/producto\/logitech-981-000882-audifonos-gaming-g733-lightspeed-rgb-inalambrico-recargable-hasta-29hrs-de-uso-blanco\/#breadcrumb"},"inLanguage":"es-MX","potentialAction":[{"@type":"ReadAction","target":["https:\/\/compuviper.mx\/tienda\/producto\/logitech-981-000882-audifonos-gaming-g733-lightspeed-rgb-inalambrico-recargable-hasta-29hrs-de-uso-blanco\/"]}]},{"@type":"BreadcrumbList","@id":"https:\/\/compuviper.mx\/tienda\/producto\/logitech-981-000882-audifonos-gaming-g733-lightspeed-rgb-inalambrico-recargable-hasta-29hrs-de-uso-blanco\/#breadcrumb","itemListElement":[{"@type":"ListItem","position":1,"name":"Inicio","item":"https:\/\/compuviper.mx\/tienda\/"},{"@type":"ListItem","position":2,"name":"Productos","item":"https:\/\/compuviper.mx\/tienda\/productos\/"},{"@type":"ListItem","position":3,"name":"Audifonos Y Micro","item":"https:\/\/compuviper.mx\/tienda\/categoria-producto\/audifonos-y-micro\/"},{"@type":"ListItem","position":4,"name":"Gamers","item":"https:\/\/compuviper.mx\/tienda\/categoria-producto\/audifonos-y-micro\/gamers-audifonos-y-micro\/"},{"@type":"ListItem","position":5,"name":"Logitech 981-000882 Audifonos Gaming G733 Lightspeed Rgb Inalambrico Recargable Hasta 29hrs De Uso Blanco"}]},{"@type":"WebSite","@id":"https:\/\/compuviper.mx\/tienda\/#website","url":"https:\/\/compuviper.mx\/tienda\/","name":"Compuviper","description":"Proveedor de Computadoras, Laptops, Servidores, Monitores, Puntos de Venta, Teclados,   Impresoras, T\u00f3ner, C\u00e1maras de Seguridad y m\u00e1s en tu tienda en l\u00ednea","publisher":{"@id":"https:\/\/compuviper.mx\/tienda\/#organization"},"potentialAction":[{"@type":"SearchAction","target":{"@type":"EntryPoint","urlTemplate":"https:\/\/compuviper.mx\/tienda\/?s={search_term_string}"},"query-input":"required name=search_term_string"}],"inLanguage":"es-MX"},{"@type":"Organization","@id":"https:\/\/compuviper.mx\/tienda\/#organization","name":"Compuviper","url":"https:\/\/compuviper.mx\/tienda\/","logo":{"@type":"ImageObject","inLanguage":"es-MX","@id":"https:\/\/compuviper.mx\/tienda\/#\/schema\/logo\/image\/","url":"https:\/\/compuviper.mx\/tienda\/wp-content\/uploads\/2021\/08\/Logo-Compuviper-10.png","contentUrl":"https:\/\/compuviper.mx\/tienda\/wp-content\/uploads\/2021\/08\/Logo-Compuviper-10.png","width":1000,"height":500,"caption":"Compuviper"},"image":{"@id":"https:\/\/compuviper.mx\/tienda\/#\/schema\/logo\/image\/"},"sameAs":["https:\/\/www.facebook.com\/compuviper","https:\/\/www.youtube.com\/channel\/UCf73dERp9Y3cfOq7q8BhLjA?view_as=subscriber"]}]},"product_brand":"LOGITECH","product_price_amount":"2735","product_price_currency":"MXN","og_availability":"out of stock","product_availability":"out of stock","product_retailer_item_id":"981-000882","product_condition":"new"},"_links":{"self":[{"href":"https:\/\/compuviper.mx\/tienda\/wp-json\/wp\/v2\/product\/266499"}],"collection":[{"href":"https:\/\/compuviper.mx\/tienda\/wp-json\/wp\/v2\/product"}],"about":[{"href":"https:\/\/compuviper.mx\/tienda\/wp-json\/wp\/v2\/types\/product"}],"replies":[{"embeddable":true,"href":"https:\/\/compuviper.mx\/tienda\/wp-json\/wp\/v2\/comments?post=266499"}],"wp:featuredmedia":[{"embeddable":true,"href":"https:\/\/compuviper.mx\/tienda\/wp-json\/wp\/v2\/media\/266540"}],"wp:attachment":[{"href":"https:\/\/compuviper.mx\/tienda\/wp-json\/wp\/v2\/media?parent=266499"}],"wp:term":[{"taxonomy":"product_cat","embeddable":true,"href":"https:\/\/compuviper.mx\/tienda\/wp-json\/wp\/v2\/product_cat?post=266499"},{"taxonomy":"product_tag","embeddable":true,"href":"https:\/\/compuviper.mx\/tienda\/wp-json\/wp\/v2\/product_tag?post=266499"}],"curies":[{"name":"wp","href":"https:\/\/api.w.org\/{rel}","templated":true}]}}