{"id":266491,"date":"2026-04-02T01:51:53","date_gmt":"2026-04-02T07:51:53","guid":{"rendered":"https:\/\/compuviper.mx\/tienda\/producto\/sandisk-sdczis-256g-g46-memoria-256gb-usb-3-2-smurfs-pitufina-lectura-130mb-s\/"},"modified":"2026-04-03T00:00:31","modified_gmt":"2026-04-03T06:00:31","slug":"sandisk-sdczis-256g-g46-memoria-256gb-usb-3-2-smurfs-pitufina-lectura-130mb-s","status":"publish","type":"product","link":"https:\/\/compuviper.mx\/tienda\/producto\/sandisk-sdczis-256g-g46-memoria-256gb-usb-3-2-smurfs-pitufina-lectura-130mb-s\/","title":{"rendered":"Sandisk Sdczis-256g-g46 Memoria  256gb Usb 3.2 Smurfs Pitufina Lectura 130mb\/s"},"content":{"rendered":"<table class=\"descripcion\">\n<tr>\n<td>Capacidad   256 gb<\/td>\n<\/tr>\n<tr>\n<td>Conector  usb-a<\/td>\n<\/tr>\n<tr>\n<td>Rendimiento de lectura secuencial  130mb\/s<\/td>\n<\/tr>\n<tr>\n<td>Conexion  usb 3.2 gen 1<\/td>\n<\/tr>\n<tr>\n<td>Dimensiones (largo, ancho y alto)  60mm x 20mm x 9mm<\/td>\n<\/tr>\n<tr>\n<td>Garantia limitada de 5 a\u00f1os<\/td>\n<\/tr>\n<tr>\n<td>Peso  6gms<\/td>\n<\/tr>\n<tr>\n<td>Numero de modelo  sdczis-256g-g46<\/td>\n<\/tr>\n<tr>\n<td>Temperatura de funcionamiento  0\u00b0c to 45\u00b0c<\/td>\n<\/tr>\n<tr>\n<td>Non-operating temperature  -10\u00b0c to 70\u00b0c<\/td>\n<\/tr>\n<tr>\n<td>Caracteristicas del producto :<\/td>\n<\/tr>\n<tr>\n<td>\u0095con la compra, el disco incluye un codigo de canje para el videojuego los pitufos: operacion vilhoja.<\/td>\n<\/tr>\n<tr>\n<td>\u0095presume de tu aficion por los pitufos con un dise\u00f1o del pitufo filosofo, papa pitufo o pitufina de edicion limitada.<\/td>\n<\/tr>\n<tr>\n<td>\u0095sigue el ritmo con hasta 130 mb\/s de velocidad de lectura para ofrecer un alto rendimiento.<\/td>\n<\/tr>\n<tr>\n<td>Compatibilidad :<\/td>\n<\/tr>\n<tr>\n<td>\u0095windows 10 o versiones posteriores<\/td>\n<\/tr>\n<tr>\n<td>\u0095macos 12 o versiones posteriores<\/td>\n<\/tr>\n<tr>\n<td>\u0095compatible con una amplia variedad de dispositivos con usb type-a (p. ej, ordenadores portatiles y de sobremesa, tabletas, etc.)<\/td>\n<\/tr>\n<\/table>\n","protected":false},"excerpt":{"rendered":"<p>Lleva contigo a tu pitufo favorito con esta unidad flash de edicion limitada?. \u00a1un estilo pitufesco! almacena, comparte y presume de estilo pitufesco con las tres nuevas unidades flash usb sandisk smurfs de edicion limitada. Tanto si eres mas del pitufo filosofo, de pitufina o de papa pitufo, hay un disco para el pitufo que llevas dentro. Estos discos tematicos de los pitufos incluyen un codigo de canje para el videojuego los pitufos: operacion vilhoja con la compra, se aplican limitaciones. Amplia tu almacenamiento hasta 256 gb para guardar tus videos, fotos, juegos preferidos y mucho mas. Y con hasta 130 mb\/s de velocidad de lectura, puedes transferir archivos grandes rapidamente. Emprende una pitufaventura. Con la compra, tu disco viene precargado con un codigo de canje para el videojuego los pitufos: operacion vilhoja. \u00a1es tu billete a la aldea pitufa y a horas de diversion con tus personajes preferidos. Se la envidia de los fans de los pitufos con cualquiera de los tres dise\u00f1os de edicion limitada: el pitufo filosofo, la pitufina y papa pitufo. Mas espacio para mas diversion con hasta 256 gb1 de almacenamiento extra para tus dispositivos usb type-a. Con hasta 130 mb\/s2 de velocidad de lectura, ofrece siempre un rendimiento pitufable.<\/p>\n","protected":false},"featured_media":266492,"comment_status":"open","ping_status":"open","template":"","meta":[],"product_cat":[1796,1793],"product_tag":[1709],"acf":[],"yoast_head":"<!-- This site is optimized with the Yoast SEO plugin v21.7 - https:\/\/yoast.com\/wordpress\/plugins\/seo\/ -->\n<title>[ Sandisk ] &#129351; Sdczis-256g-g46 Memoria 256gb Usb 3.2 Smurfs Pitufina Lectura 130mb\/s<\/title>\n<meta name=\"description\" content=\"Compra Sdczis-256g-g46 Memoria 256gb Usb 3.2 Smurfs Pitufina Lectura 130mb\/s + Env\u00edo a domicilio + Pago seguro + Garant\u00eda\" \/>\n<meta name=\"robots\" content=\"index, follow, max-snippet:-1, max-image-preview:large, max-video-preview:-1\" \/>\n<link rel=\"canonical\" href=\"https:\/\/compuviper.mx\/tienda\/producto\/sandisk-sdczis-256g-g46-memoria-256gb-usb-3-2-smurfs-pitufina-lectura-130mb-s\/\" \/>\n<meta property=\"og:locale\" content=\"es_MX\" \/>\n<meta property=\"og:type\" content=\"article\" \/>\n<meta property=\"og:title\" content=\"[ Sandisk ] &#129351; Sdczis-256g-g46 Memoria 256gb Usb 3.2 Smurfs Pitufina Lectura 130mb\/s\" \/>\n<meta property=\"og:description\" content=\"Compra Sdczis-256g-g46 Memoria 256gb Usb 3.2 Smurfs Pitufina Lectura 130mb\/s + Env\u00edo a domicilio + Pago seguro + Garant\u00eda\" \/>\n<meta property=\"og:url\" content=\"https:\/\/compuviper.mx\/tienda\/producto\/sandisk-sdczis-256g-g46-memoria-256gb-usb-3-2-smurfs-pitufina-lectura-130mb-s\/\" \/>\n<meta property=\"og:site_name\" content=\"Compuviper\" \/>\n<meta property=\"article:publisher\" content=\"https:\/\/www.facebook.com\/compuviper\" \/>\n<meta property=\"article:modified_time\" content=\"2026-04-03T06:00:31+00:00\" \/>\n<meta property=\"og:image\" content=\"https:\/\/compuviper.mx\/tienda\/wp-content\/uploads\/2026\/02\/Memoria-sandisk-256gb-usb-3.2-smurfs-pitufina-lectura-130mbs-sdczis-256g-g46.jpg\" \/>\n\t<meta property=\"og:image:width\" content=\"200\" \/>\n\t<meta property=\"og:image:height\" content=\"200\" \/>\n\t<meta property=\"og:image:type\" content=\"image\/jpeg\" \/>\n<meta name=\"twitter:card\" content=\"summary_large_image\" \/>\n<meta name=\"twitter:label1\" content=\"Precio\" \/>\n\t<meta name=\"twitter:data1\" content=\"&#36;384 con IVA\" \/>\n\t<meta name=\"twitter:label2\" content=\"Availability\" \/>\n\t<meta name=\"twitter:data2\" content=\"In stock\" \/>\n<script type=\"application\/ld+json\" class=\"yoast-schema-graph\">{\"@context\":\"https:\/\/schema.org\",\"@graph\":[{\"@type\":\"WebPage\",\"@id\":\"https:\/\/compuviper.mx\/tienda\/producto\/sandisk-sdczis-256g-g46-memoria-256gb-usb-3-2-smurfs-pitufina-lectura-130mb-s\/\",\"url\":\"https:\/\/compuviper.mx\/tienda\/producto\/sandisk-sdczis-256g-g46-memoria-256gb-usb-3-2-smurfs-pitufina-lectura-130mb-s\/\",\"name\":\"[ Sandisk ] &#129351; Sdczis-256g-g46 Memoria 256gb Usb 3.2 Smurfs Pitufina Lectura 130mb\/s\",\"isPartOf\":{\"@id\":\"https:\/\/compuviper.mx\/tienda\/#website\"},\"datePublished\":\"2026-04-02T07:51:53+00:00\",\"dateModified\":\"2026-04-03T06:00:31+00:00\",\"description\":\"Compra Sdczis-256g-g46 Memoria 256gb Usb 3.2 Smurfs Pitufina Lectura 130mb\/s + Env\u00edo a domicilio + Pago seguro + Garant\u00eda\",\"breadcrumb\":{\"@id\":\"https:\/\/compuviper.mx\/tienda\/producto\/sandisk-sdczis-256g-g46-memoria-256gb-usb-3-2-smurfs-pitufina-lectura-130mb-s\/#breadcrumb\"},\"inLanguage\":\"es-MX\",\"potentialAction\":[{\"@type\":\"ReadAction\",\"target\":[\"https:\/\/compuviper.mx\/tienda\/producto\/sandisk-sdczis-256g-g46-memoria-256gb-usb-3-2-smurfs-pitufina-lectura-130mb-s\/\"]}]},{\"@type\":\"BreadcrumbList\",\"@id\":\"https:\/\/compuviper.mx\/tienda\/producto\/sandisk-sdczis-256g-g46-memoria-256gb-usb-3-2-smurfs-pitufina-lectura-130mb-s\/#breadcrumb\",\"itemListElement\":[{\"@type\":\"ListItem\",\"position\":1,\"name\":\"Inicio\",\"item\":\"https:\/\/compuviper.mx\/tienda\/\"},{\"@type\":\"ListItem\",\"position\":2,\"name\":\"Productos\",\"item\":\"https:\/\/compuviper.mx\/tienda\/productos\/\"},{\"@type\":\"ListItem\",\"position\":3,\"name\":\"Memorias\",\"item\":\"https:\/\/compuviper.mx\/tienda\/categoria-producto\/memorias\/\"},{\"@type\":\"ListItem\",\"position\":4,\"name\":\"Memoria Flash Usb\",\"item\":\"https:\/\/compuviper.mx\/tienda\/categoria-producto\/memorias\/memoria-flash-usb\/\"},{\"@type\":\"ListItem\",\"position\":5,\"name\":\"Sandisk Sdczis-256g-g46 Memoria 256gb Usb 3.2 Smurfs Pitufina Lectura 130mb\/s\"}]},{\"@type\":\"WebSite\",\"@id\":\"https:\/\/compuviper.mx\/tienda\/#website\",\"url\":\"https:\/\/compuviper.mx\/tienda\/\",\"name\":\"Compuviper\",\"description\":\"Proveedor de Computadoras, Laptops, Servidores, Monitores, Puntos de Venta, Teclados,   Impresoras, T\u00f3ner, C\u00e1maras de Seguridad y m\u00e1s en tu tienda en l\u00ednea\",\"publisher\":{\"@id\":\"https:\/\/compuviper.mx\/tienda\/#organization\"},\"potentialAction\":[{\"@type\":\"SearchAction\",\"target\":{\"@type\":\"EntryPoint\",\"urlTemplate\":\"https:\/\/compuviper.mx\/tienda\/?s={search_term_string}\"},\"query-input\":\"required name=search_term_string\"}],\"inLanguage\":\"es-MX\"},{\"@type\":\"Organization\",\"@id\":\"https:\/\/compuviper.mx\/tienda\/#organization\",\"name\":\"Compuviper\",\"url\":\"https:\/\/compuviper.mx\/tienda\/\",\"logo\":{\"@type\":\"ImageObject\",\"inLanguage\":\"es-MX\",\"@id\":\"https:\/\/compuviper.mx\/tienda\/#\/schema\/logo\/image\/\",\"url\":\"https:\/\/compuviper.mx\/tienda\/wp-content\/uploads\/2021\/08\/Logo-Compuviper-10.png\",\"contentUrl\":\"https:\/\/compuviper.mx\/tienda\/wp-content\/uploads\/2021\/08\/Logo-Compuviper-10.png\",\"width\":1000,\"height\":500,\"caption\":\"Compuviper\"},\"image\":{\"@id\":\"https:\/\/compuviper.mx\/tienda\/#\/schema\/logo\/image\/\"},\"sameAs\":[\"https:\/\/www.facebook.com\/compuviper\",\"https:\/\/www.youtube.com\/channel\/UCf73dERp9Y3cfOq7q8BhLjA?view_as=subscriber\"]}]}<\/script>\n<meta property=\"product:brand\" content=\"SANDISK\" \/>\n<meta property=\"product:price:amount\" content=\"384\" \/>\n<meta property=\"product:price:currency\" content=\"MXN\" \/>\n<meta property=\"og:availability\" content=\"instock\" \/>\n<meta property=\"product:availability\" content=\"instock\" \/>\n<meta property=\"product:retailer_item_id\" content=\"SDCZIS-256G-G46\" \/>\n<meta property=\"product:condition\" content=\"new\" \/>\n<!-- \/ Yoast SEO plugin. -->","yoast_head_json":{"title":"[ Sandisk ] &#129351; Sdczis-256g-g46 Memoria 256gb Usb 3.2 Smurfs Pitufina Lectura 130mb\/s","description":"Compra Sdczis-256g-g46 Memoria 256gb Usb 3.2 Smurfs Pitufina Lectura 130mb\/s + Env\u00edo a domicilio + Pago seguro + Garant\u00eda","robots":{"index":"index","follow":"follow","max-snippet":"max-snippet:-1","max-image-preview":"max-image-preview:large","max-video-preview":"max-video-preview:-1"},"canonical":"https:\/\/compuviper.mx\/tienda\/producto\/sandisk-sdczis-256g-g46-memoria-256gb-usb-3-2-smurfs-pitufina-lectura-130mb-s\/","og_locale":"es_MX","og_type":"article","og_title":"[ Sandisk ] &#129351; Sdczis-256g-g46 Memoria 256gb Usb 3.2 Smurfs Pitufina Lectura 130mb\/s","og_description":"Compra Sdczis-256g-g46 Memoria 256gb Usb 3.2 Smurfs Pitufina Lectura 130mb\/s + Env\u00edo a domicilio + Pago seguro + Garant\u00eda","og_url":"https:\/\/compuviper.mx\/tienda\/producto\/sandisk-sdczis-256g-g46-memoria-256gb-usb-3-2-smurfs-pitufina-lectura-130mb-s\/","og_site_name":"Compuviper","article_publisher":"https:\/\/www.facebook.com\/compuviper","article_modified_time":"2026-04-03T06:00:31+00:00","og_image":[{"width":200,"height":200,"url":"https:\/\/compuviper.mx\/tienda\/wp-content\/uploads\/2026\/02\/Memoria-sandisk-256gb-usb-3.2-smurfs-pitufina-lectura-130mbs-sdczis-256g-g46.jpg","type":"image\/jpeg"}],"twitter_card":"summary_large_image","twitter_misc":{"Precio":"&#36;384 con IVA","Availability":"In stock"},"schema":{"@context":"https:\/\/schema.org","@graph":[{"@type":"WebPage","@id":"https:\/\/compuviper.mx\/tienda\/producto\/sandisk-sdczis-256g-g46-memoria-256gb-usb-3-2-smurfs-pitufina-lectura-130mb-s\/","url":"https:\/\/compuviper.mx\/tienda\/producto\/sandisk-sdczis-256g-g46-memoria-256gb-usb-3-2-smurfs-pitufina-lectura-130mb-s\/","name":"[ Sandisk ] &#129351; Sdczis-256g-g46 Memoria 256gb Usb 3.2 Smurfs Pitufina Lectura 130mb\/s","isPartOf":{"@id":"https:\/\/compuviper.mx\/tienda\/#website"},"datePublished":"2026-04-02T07:51:53+00:00","dateModified":"2026-04-03T06:00:31+00:00","description":"Compra Sdczis-256g-g46 Memoria 256gb Usb 3.2 Smurfs Pitufina Lectura 130mb\/s + Env\u00edo a domicilio + Pago seguro + Garant\u00eda","breadcrumb":{"@id":"https:\/\/compuviper.mx\/tienda\/producto\/sandisk-sdczis-256g-g46-memoria-256gb-usb-3-2-smurfs-pitufina-lectura-130mb-s\/#breadcrumb"},"inLanguage":"es-MX","potentialAction":[{"@type":"ReadAction","target":["https:\/\/compuviper.mx\/tienda\/producto\/sandisk-sdczis-256g-g46-memoria-256gb-usb-3-2-smurfs-pitufina-lectura-130mb-s\/"]}]},{"@type":"BreadcrumbList","@id":"https:\/\/compuviper.mx\/tienda\/producto\/sandisk-sdczis-256g-g46-memoria-256gb-usb-3-2-smurfs-pitufina-lectura-130mb-s\/#breadcrumb","itemListElement":[{"@type":"ListItem","position":1,"name":"Inicio","item":"https:\/\/compuviper.mx\/tienda\/"},{"@type":"ListItem","position":2,"name":"Productos","item":"https:\/\/compuviper.mx\/tienda\/productos\/"},{"@type":"ListItem","position":3,"name":"Memorias","item":"https:\/\/compuviper.mx\/tienda\/categoria-producto\/memorias\/"},{"@type":"ListItem","position":4,"name":"Memoria Flash Usb","item":"https:\/\/compuviper.mx\/tienda\/categoria-producto\/memorias\/memoria-flash-usb\/"},{"@type":"ListItem","position":5,"name":"Sandisk Sdczis-256g-g46 Memoria 256gb Usb 3.2 Smurfs Pitufina Lectura 130mb\/s"}]},{"@type":"WebSite","@id":"https:\/\/compuviper.mx\/tienda\/#website","url":"https:\/\/compuviper.mx\/tienda\/","name":"Compuviper","description":"Proveedor de Computadoras, Laptops, Servidores, Monitores, Puntos de Venta, Teclados,   Impresoras, T\u00f3ner, C\u00e1maras de Seguridad y m\u00e1s en tu tienda en l\u00ednea","publisher":{"@id":"https:\/\/compuviper.mx\/tienda\/#organization"},"potentialAction":[{"@type":"SearchAction","target":{"@type":"EntryPoint","urlTemplate":"https:\/\/compuviper.mx\/tienda\/?s={search_term_string}"},"query-input":"required name=search_term_string"}],"inLanguage":"es-MX"},{"@type":"Organization","@id":"https:\/\/compuviper.mx\/tienda\/#organization","name":"Compuviper","url":"https:\/\/compuviper.mx\/tienda\/","logo":{"@type":"ImageObject","inLanguage":"es-MX","@id":"https:\/\/compuviper.mx\/tienda\/#\/schema\/logo\/image\/","url":"https:\/\/compuviper.mx\/tienda\/wp-content\/uploads\/2021\/08\/Logo-Compuviper-10.png","contentUrl":"https:\/\/compuviper.mx\/tienda\/wp-content\/uploads\/2021\/08\/Logo-Compuviper-10.png","width":1000,"height":500,"caption":"Compuviper"},"image":{"@id":"https:\/\/compuviper.mx\/tienda\/#\/schema\/logo\/image\/"},"sameAs":["https:\/\/www.facebook.com\/compuviper","https:\/\/www.youtube.com\/channel\/UCf73dERp9Y3cfOq7q8BhLjA?view_as=subscriber"]}]},"product_brand":"SANDISK","product_price_amount":"384","product_price_currency":"MXN","og_availability":"instock","product_availability":"instock","product_retailer_item_id":"SDCZIS-256G-G46","product_condition":"new"},"_links":{"self":[{"href":"https:\/\/compuviper.mx\/tienda\/wp-json\/wp\/v2\/product\/266491"}],"collection":[{"href":"https:\/\/compuviper.mx\/tienda\/wp-json\/wp\/v2\/product"}],"about":[{"href":"https:\/\/compuviper.mx\/tienda\/wp-json\/wp\/v2\/types\/product"}],"replies":[{"embeddable":true,"href":"https:\/\/compuviper.mx\/tienda\/wp-json\/wp\/v2\/comments?post=266491"}],"wp:featuredmedia":[{"embeddable":true,"href":"https:\/\/compuviper.mx\/tienda\/wp-json\/wp\/v2\/media\/266492"}],"wp:attachment":[{"href":"https:\/\/compuviper.mx\/tienda\/wp-json\/wp\/v2\/media?parent=266491"}],"wp:term":[{"taxonomy":"product_cat","embeddable":true,"href":"https:\/\/compuviper.mx\/tienda\/wp-json\/wp\/v2\/product_cat?post=266491"},{"taxonomy":"product_tag","embeddable":true,"href":"https:\/\/compuviper.mx\/tienda\/wp-json\/wp\/v2\/product_tag?post=266491"}],"curies":[{"name":"wp","href":"https:\/\/api.w.org\/{rel}","templated":true}]}}