{"id":266483,"date":"2026-04-07T01:44:33","date_gmt":"2026-04-07T07:44:33","guid":{"rendered":"https:\/\/compuviper.mx\/tienda\/producto\/kingston-kf432s20ibk2-16-memoria-ram-sodimm-ddr4-16gb-2x8gb-3200mt-s-fury-impact-black-cl20-260pin-1-2v-c-difusor-de-calor-p-laptop-kit-2\/"},"modified":"2026-04-07T01:44:34","modified_gmt":"2026-04-07T07:44:34","slug":"kingston-kf432s20ibk2-16-memoria-ram-sodimm-ddr4-16gb-2x8gb-3200mt-s-fury-impact-black-cl20-260pin-1-2v-c-difusor-de-calor-p-laptop-kit-2","status":"publish","type":"product","link":"https:\/\/compuviper.mx\/tienda\/producto\/kingston-kf432s20ibk2-16-memoria-ram-sodimm-ddr4-16gb-2x8gb-3200mt-s-fury-impact-black-cl20-260pin-1-2v-c-difusor-de-calor-p-laptop-kit-2\/","title":{"rendered":"Kingston Kf432s20ibk2\/16 Memoria Ram  Sodimm Ddr4 16gb 2x8gb 3200mt\/s Fury Impact Black Cl20 260pin 1.2v C\/difusor De Calor P\/laptop Kit 2"},"content":{"rendered":"<table class=\"descripcion\">\n<tr>\n<td>\u0095 tipo de memoria interna: ddr5<\/td>\n<\/tr>\n<tr>\n<td>\u0095memoria interna: 16 gb<\/td>\n<\/tr>\n<tr>\n<td>\u0095dise\u00f1o de memoria: 2 x 8 gb<\/td>\n<\/tr>\n<tr>\n<td>\u0095velocidad de memoria del reloj: 3200 mt\/s<\/td>\n<\/tr>\n<tr>\n<td>\u0095latencia cas: 20<\/td>\n<\/tr>\n<tr>\n<td>\u0095factor de forma: 260-pin so-dimm<\/td>\n<\/tr>\n<\/table>\n","protected":false},"excerpt":{"rendered":"<p>Kingston fury kf432s20ibk2\/16 es un kit de dos 1g x 64-bit (8gb) ddr4-3200 cl20 sdram (dram sincrona) 1rx8, memoria modulo, basado en ocho componentes fbga de 1g x 8 bits por modulo. Cada kit de modulo admite perfiles de memoria intel extreme (intel xmp) 2.0. La capacidad total del kit es de 16 gb. Cada modulo tiene se ha probado para funcionar en ddr4-3200 con un tiempo de latencia baja de 20-22-22. A 1,2v. Los parametros de sincronizacion adicionales se muestran en la seccion de parametros de sincronizacion plug-n-play (pnp) a continuacion.<\/p>\n","protected":false},"featured_media":266484,"comment_status":"open","ping_status":"open","template":"","meta":[],"product_cat":[1793,1797],"product_tag":[1573],"acf":[],"yoast_head":"<!-- This site is optimized with the Yoast SEO plugin v21.7 - https:\/\/yoast.com\/wordpress\/plugins\/seo\/ -->\n<title>[ Kingston ] &#129351; Kf432s20ibk2\/16 Memoria Ram Sodimm Ddr4 16gb 2x8gb 3200mt\/s Fury Impact Black Cl20 260pin 1.2v C\/difusor De Calor P\/laptop Kit 2<\/title>\n<meta name=\"description\" content=\"Compra Kf432s20ibk2\/16 Memoria Ram Sodimm Ddr4 16gb 2x8gb 3200mt\/s Fury Impact Black Cl20 260pin 1.2v C\/difusor De Calor P\/laptop Kit 2 + Env\u00edo a domicilio + Pago seguro + Garant\u00eda\" \/>\n<meta name=\"robots\" content=\"index, follow, max-snippet:-1, max-image-preview:large, max-video-preview:-1\" \/>\n<link rel=\"canonical\" href=\"https:\/\/compuviper.mx\/tienda\/producto\/kingston-kf432s20ibk2-16-memoria-ram-sodimm-ddr4-16gb-2x8gb-3200mt-s-fury-impact-black-cl20-260pin-1-2v-c-difusor-de-calor-p-laptop-kit-2\/\" \/>\n<meta property=\"og:locale\" content=\"es_MX\" \/>\n<meta property=\"og:type\" content=\"article\" \/>\n<meta property=\"og:title\" content=\"[ Kingston ] &#129351; Kf432s20ibk2\/16 Memoria Ram Sodimm Ddr4 16gb 2x8gb 3200mt\/s Fury Impact Black Cl20 260pin 1.2v C\/difusor De Calor P\/laptop Kit 2\" \/>\n<meta property=\"og:description\" content=\"Compra Kf432s20ibk2\/16 Memoria Ram Sodimm Ddr4 16gb 2x8gb 3200mt\/s Fury Impact Black Cl20 260pin 1.2v C\/difusor De Calor P\/laptop Kit 2 + Env\u00edo a domicilio + Pago seguro + Garant\u00eda\" \/>\n<meta property=\"og:url\" content=\"https:\/\/compuviper.mx\/tienda\/producto\/kingston-kf432s20ibk2-16-memoria-ram-sodimm-ddr4-16gb-2x8gb-3200mt-s-fury-impact-black-cl20-260pin-1-2v-c-difusor-de-calor-p-laptop-kit-2\/\" \/>\n<meta property=\"og:site_name\" content=\"Compuviper\" \/>\n<meta property=\"article:publisher\" content=\"https:\/\/www.facebook.com\/compuviper\" \/>\n<meta property=\"article:modified_time\" content=\"2026-04-07T07:44:34+00:00\" \/>\n<meta property=\"og:image\" content=\"https:\/\/compuviper.mx\/tienda\/wp-content\/uploads\/2026\/02\/Memoria-ram-kingston-sodimm-ddr4-16gb-2x8gb-3200mts-fury-impact-black-cl20-260pin-1.2v-cdifusor-de-calor-plaptop-kit-2-kf432s20ibk216.jpg\" \/>\n\t<meta property=\"og:image:width\" content=\"200\" \/>\n\t<meta property=\"og:image:height\" content=\"200\" \/>\n\t<meta property=\"og:image:type\" content=\"image\/jpeg\" \/>\n<meta name=\"twitter:card\" content=\"summary_large_image\" \/>\n<meta name=\"twitter:label1\" content=\"Precio\" \/>\n\t<meta name=\"twitter:data1\" content=\"&#36;2,634 con IVA\" \/>\n\t<meta name=\"twitter:label2\" content=\"Availability\" \/>\n\t<meta name=\"twitter:data2\" content=\"In stock\" \/>\n<script type=\"application\/ld+json\" class=\"yoast-schema-graph\">{\"@context\":\"https:\/\/schema.org\",\"@graph\":[{\"@type\":\"WebPage\",\"@id\":\"https:\/\/compuviper.mx\/tienda\/producto\/kingston-kf432s20ibk2-16-memoria-ram-sodimm-ddr4-16gb-2x8gb-3200mt-s-fury-impact-black-cl20-260pin-1-2v-c-difusor-de-calor-p-laptop-kit-2\/\",\"url\":\"https:\/\/compuviper.mx\/tienda\/producto\/kingston-kf432s20ibk2-16-memoria-ram-sodimm-ddr4-16gb-2x8gb-3200mt-s-fury-impact-black-cl20-260pin-1-2v-c-difusor-de-calor-p-laptop-kit-2\/\",\"name\":\"[ Kingston ] &#129351; Kf432s20ibk2\/16 Memoria Ram Sodimm Ddr4 16gb 2x8gb 3200mt\/s Fury Impact Black Cl20 260pin 1.2v C\/difusor De Calor P\/laptop Kit 2\",\"isPartOf\":{\"@id\":\"https:\/\/compuviper.mx\/tienda\/#website\"},\"datePublished\":\"2026-04-07T07:44:33+00:00\",\"dateModified\":\"2026-04-07T07:44:34+00:00\",\"description\":\"Compra Kf432s20ibk2\/16 Memoria Ram Sodimm Ddr4 16gb 2x8gb 3200mt\/s Fury Impact Black Cl20 260pin 1.2v C\/difusor De Calor P\/laptop Kit 2 + Env\u00edo a domicilio + Pago seguro + Garant\u00eda\",\"breadcrumb\":{\"@id\":\"https:\/\/compuviper.mx\/tienda\/producto\/kingston-kf432s20ibk2-16-memoria-ram-sodimm-ddr4-16gb-2x8gb-3200mt-s-fury-impact-black-cl20-260pin-1-2v-c-difusor-de-calor-p-laptop-kit-2\/#breadcrumb\"},\"inLanguage\":\"es-MX\",\"potentialAction\":[{\"@type\":\"ReadAction\",\"target\":[\"https:\/\/compuviper.mx\/tienda\/producto\/kingston-kf432s20ibk2-16-memoria-ram-sodimm-ddr4-16gb-2x8gb-3200mt-s-fury-impact-black-cl20-260pin-1-2v-c-difusor-de-calor-p-laptop-kit-2\/\"]}]},{\"@type\":\"BreadcrumbList\",\"@id\":\"https:\/\/compuviper.mx\/tienda\/producto\/kingston-kf432s20ibk2-16-memoria-ram-sodimm-ddr4-16gb-2x8gb-3200mt-s-fury-impact-black-cl20-260pin-1-2v-c-difusor-de-calor-p-laptop-kit-2\/#breadcrumb\",\"itemListElement\":[{\"@type\":\"ListItem\",\"position\":1,\"name\":\"Inicio\",\"item\":\"https:\/\/compuviper.mx\/tienda\/\"},{\"@type\":\"ListItem\",\"position\":2,\"name\":\"Productos\",\"item\":\"https:\/\/compuviper.mx\/tienda\/productos\/\"},{\"@type\":\"ListItem\",\"position\":3,\"name\":\"Memorias\",\"item\":\"https:\/\/compuviper.mx\/tienda\/categoria-producto\/memorias\/\"},{\"@type\":\"ListItem\",\"position\":4,\"name\":\"Memoria Ram\",\"item\":\"https:\/\/compuviper.mx\/tienda\/categoria-producto\/memorias\/memoria-ram\/\"},{\"@type\":\"ListItem\",\"position\":5,\"name\":\"Kingston Kf432s20ibk2\/16 Memoria Ram Sodimm Ddr4 16gb 2x8gb 3200mt\/s Fury Impact Black Cl20 260pin 1.2v C\/difusor De Calor P\/laptop Kit 2\"}]},{\"@type\":\"WebSite\",\"@id\":\"https:\/\/compuviper.mx\/tienda\/#website\",\"url\":\"https:\/\/compuviper.mx\/tienda\/\",\"name\":\"Compuviper\",\"description\":\"Proveedor de Computadoras, Laptops, Servidores, Monitores, Puntos de Venta, Teclados,   Impresoras, T\u00f3ner, C\u00e1maras de Seguridad y m\u00e1s en tu tienda en l\u00ednea\",\"publisher\":{\"@id\":\"https:\/\/compuviper.mx\/tienda\/#organization\"},\"potentialAction\":[{\"@type\":\"SearchAction\",\"target\":{\"@type\":\"EntryPoint\",\"urlTemplate\":\"https:\/\/compuviper.mx\/tienda\/?s={search_term_string}\"},\"query-input\":\"required name=search_term_string\"}],\"inLanguage\":\"es-MX\"},{\"@type\":\"Organization\",\"@id\":\"https:\/\/compuviper.mx\/tienda\/#organization\",\"name\":\"Compuviper\",\"url\":\"https:\/\/compuviper.mx\/tienda\/\",\"logo\":{\"@type\":\"ImageObject\",\"inLanguage\":\"es-MX\",\"@id\":\"https:\/\/compuviper.mx\/tienda\/#\/schema\/logo\/image\/\",\"url\":\"https:\/\/compuviper.mx\/tienda\/wp-content\/uploads\/2021\/08\/Logo-Compuviper-10.png\",\"contentUrl\":\"https:\/\/compuviper.mx\/tienda\/wp-content\/uploads\/2021\/08\/Logo-Compuviper-10.png\",\"width\":1000,\"height\":500,\"caption\":\"Compuviper\"},\"image\":{\"@id\":\"https:\/\/compuviper.mx\/tienda\/#\/schema\/logo\/image\/\"},\"sameAs\":[\"https:\/\/www.facebook.com\/compuviper\",\"https:\/\/www.youtube.com\/channel\/UCf73dERp9Y3cfOq7q8BhLjA?view_as=subscriber\"]}]}<\/script>\n<meta property=\"product:brand\" content=\"KINGSTON\" \/>\n<meta property=\"product:price:amount\" content=\"2634\" \/>\n<meta property=\"product:price:currency\" content=\"MXN\" \/>\n<meta property=\"og:availability\" content=\"instock\" \/>\n<meta property=\"product:availability\" content=\"instock\" \/>\n<meta property=\"product:retailer_item_id\" content=\"KF432S20IBK2\/16\" \/>\n<meta property=\"product:condition\" content=\"new\" \/>\n<!-- \/ Yoast SEO plugin. -->","yoast_head_json":{"title":"[ Kingston ] &#129351; Kf432s20ibk2\/16 Memoria Ram Sodimm Ddr4 16gb 2x8gb 3200mt\/s Fury Impact Black Cl20 260pin 1.2v C\/difusor De Calor P\/laptop Kit 2","description":"Compra Kf432s20ibk2\/16 Memoria Ram Sodimm Ddr4 16gb 2x8gb 3200mt\/s Fury Impact Black Cl20 260pin 1.2v C\/difusor De Calor P\/laptop Kit 2 + Env\u00edo a domicilio + Pago seguro + Garant\u00eda","robots":{"index":"index","follow":"follow","max-snippet":"max-snippet:-1","max-image-preview":"max-image-preview:large","max-video-preview":"max-video-preview:-1"},"canonical":"https:\/\/compuviper.mx\/tienda\/producto\/kingston-kf432s20ibk2-16-memoria-ram-sodimm-ddr4-16gb-2x8gb-3200mt-s-fury-impact-black-cl20-260pin-1-2v-c-difusor-de-calor-p-laptop-kit-2\/","og_locale":"es_MX","og_type":"article","og_title":"[ Kingston ] &#129351; Kf432s20ibk2\/16 Memoria Ram Sodimm Ddr4 16gb 2x8gb 3200mt\/s Fury Impact Black Cl20 260pin 1.2v C\/difusor De Calor P\/laptop Kit 2","og_description":"Compra Kf432s20ibk2\/16 Memoria Ram Sodimm Ddr4 16gb 2x8gb 3200mt\/s Fury Impact Black Cl20 260pin 1.2v C\/difusor De Calor P\/laptop Kit 2 + Env\u00edo a domicilio + Pago seguro + Garant\u00eda","og_url":"https:\/\/compuviper.mx\/tienda\/producto\/kingston-kf432s20ibk2-16-memoria-ram-sodimm-ddr4-16gb-2x8gb-3200mt-s-fury-impact-black-cl20-260pin-1-2v-c-difusor-de-calor-p-laptop-kit-2\/","og_site_name":"Compuviper","article_publisher":"https:\/\/www.facebook.com\/compuviper","article_modified_time":"2026-04-07T07:44:34+00:00","og_image":[{"width":200,"height":200,"url":"https:\/\/compuviper.mx\/tienda\/wp-content\/uploads\/2026\/02\/Memoria-ram-kingston-sodimm-ddr4-16gb-2x8gb-3200mts-fury-impact-black-cl20-260pin-1.2v-cdifusor-de-calor-plaptop-kit-2-kf432s20ibk216.jpg","type":"image\/jpeg"}],"twitter_card":"summary_large_image","twitter_misc":{"Precio":"&#36;2,634 con IVA","Availability":"In stock"},"schema":{"@context":"https:\/\/schema.org","@graph":[{"@type":"WebPage","@id":"https:\/\/compuviper.mx\/tienda\/producto\/kingston-kf432s20ibk2-16-memoria-ram-sodimm-ddr4-16gb-2x8gb-3200mt-s-fury-impact-black-cl20-260pin-1-2v-c-difusor-de-calor-p-laptop-kit-2\/","url":"https:\/\/compuviper.mx\/tienda\/producto\/kingston-kf432s20ibk2-16-memoria-ram-sodimm-ddr4-16gb-2x8gb-3200mt-s-fury-impact-black-cl20-260pin-1-2v-c-difusor-de-calor-p-laptop-kit-2\/","name":"[ Kingston ] &#129351; Kf432s20ibk2\/16 Memoria Ram Sodimm Ddr4 16gb 2x8gb 3200mt\/s Fury Impact Black Cl20 260pin 1.2v C\/difusor De Calor P\/laptop Kit 2","isPartOf":{"@id":"https:\/\/compuviper.mx\/tienda\/#website"},"datePublished":"2026-04-07T07:44:33+00:00","dateModified":"2026-04-07T07:44:34+00:00","description":"Compra Kf432s20ibk2\/16 Memoria Ram Sodimm Ddr4 16gb 2x8gb 3200mt\/s Fury Impact Black Cl20 260pin 1.2v C\/difusor De Calor P\/laptop Kit 2 + Env\u00edo a domicilio + Pago seguro + Garant\u00eda","breadcrumb":{"@id":"https:\/\/compuviper.mx\/tienda\/producto\/kingston-kf432s20ibk2-16-memoria-ram-sodimm-ddr4-16gb-2x8gb-3200mt-s-fury-impact-black-cl20-260pin-1-2v-c-difusor-de-calor-p-laptop-kit-2\/#breadcrumb"},"inLanguage":"es-MX","potentialAction":[{"@type":"ReadAction","target":["https:\/\/compuviper.mx\/tienda\/producto\/kingston-kf432s20ibk2-16-memoria-ram-sodimm-ddr4-16gb-2x8gb-3200mt-s-fury-impact-black-cl20-260pin-1-2v-c-difusor-de-calor-p-laptop-kit-2\/"]}]},{"@type":"BreadcrumbList","@id":"https:\/\/compuviper.mx\/tienda\/producto\/kingston-kf432s20ibk2-16-memoria-ram-sodimm-ddr4-16gb-2x8gb-3200mt-s-fury-impact-black-cl20-260pin-1-2v-c-difusor-de-calor-p-laptop-kit-2\/#breadcrumb","itemListElement":[{"@type":"ListItem","position":1,"name":"Inicio","item":"https:\/\/compuviper.mx\/tienda\/"},{"@type":"ListItem","position":2,"name":"Productos","item":"https:\/\/compuviper.mx\/tienda\/productos\/"},{"@type":"ListItem","position":3,"name":"Memorias","item":"https:\/\/compuviper.mx\/tienda\/categoria-producto\/memorias\/"},{"@type":"ListItem","position":4,"name":"Memoria Ram","item":"https:\/\/compuviper.mx\/tienda\/categoria-producto\/memorias\/memoria-ram\/"},{"@type":"ListItem","position":5,"name":"Kingston Kf432s20ibk2\/16 Memoria Ram Sodimm Ddr4 16gb 2x8gb 3200mt\/s Fury Impact Black Cl20 260pin 1.2v C\/difusor De Calor P\/laptop Kit 2"}]},{"@type":"WebSite","@id":"https:\/\/compuviper.mx\/tienda\/#website","url":"https:\/\/compuviper.mx\/tienda\/","name":"Compuviper","description":"Proveedor de Computadoras, Laptops, Servidores, Monitores, Puntos de Venta, Teclados,   Impresoras, T\u00f3ner, C\u00e1maras de Seguridad y m\u00e1s en tu tienda en l\u00ednea","publisher":{"@id":"https:\/\/compuviper.mx\/tienda\/#organization"},"potentialAction":[{"@type":"SearchAction","target":{"@type":"EntryPoint","urlTemplate":"https:\/\/compuviper.mx\/tienda\/?s={search_term_string}"},"query-input":"required name=search_term_string"}],"inLanguage":"es-MX"},{"@type":"Organization","@id":"https:\/\/compuviper.mx\/tienda\/#organization","name":"Compuviper","url":"https:\/\/compuviper.mx\/tienda\/","logo":{"@type":"ImageObject","inLanguage":"es-MX","@id":"https:\/\/compuviper.mx\/tienda\/#\/schema\/logo\/image\/","url":"https:\/\/compuviper.mx\/tienda\/wp-content\/uploads\/2021\/08\/Logo-Compuviper-10.png","contentUrl":"https:\/\/compuviper.mx\/tienda\/wp-content\/uploads\/2021\/08\/Logo-Compuviper-10.png","width":1000,"height":500,"caption":"Compuviper"},"image":{"@id":"https:\/\/compuviper.mx\/tienda\/#\/schema\/logo\/image\/"},"sameAs":["https:\/\/www.facebook.com\/compuviper","https:\/\/www.youtube.com\/channel\/UCf73dERp9Y3cfOq7q8BhLjA?view_as=subscriber"]}]},"product_brand":"KINGSTON","product_price_amount":"2634","product_price_currency":"MXN","og_availability":"instock","product_availability":"instock","product_retailer_item_id":"KF432S20IBK2\/16","product_condition":"new"},"_links":{"self":[{"href":"https:\/\/compuviper.mx\/tienda\/wp-json\/wp\/v2\/product\/266483"}],"collection":[{"href":"https:\/\/compuviper.mx\/tienda\/wp-json\/wp\/v2\/product"}],"about":[{"href":"https:\/\/compuviper.mx\/tienda\/wp-json\/wp\/v2\/types\/product"}],"replies":[{"embeddable":true,"href":"https:\/\/compuviper.mx\/tienda\/wp-json\/wp\/v2\/comments?post=266483"}],"wp:featuredmedia":[{"embeddable":true,"href":"https:\/\/compuviper.mx\/tienda\/wp-json\/wp\/v2\/media\/266484"}],"wp:attachment":[{"href":"https:\/\/compuviper.mx\/tienda\/wp-json\/wp\/v2\/media?parent=266483"}],"wp:term":[{"taxonomy":"product_cat","embeddable":true,"href":"https:\/\/compuviper.mx\/tienda\/wp-json\/wp\/v2\/product_cat?post=266483"},{"taxonomy":"product_tag","embeddable":true,"href":"https:\/\/compuviper.mx\/tienda\/wp-json\/wp\/v2\/product_tag?post=266483"}],"curies":[{"name":"wp","href":"https:\/\/api.w.org\/{rel}","templated":true}]}}