{"id":266466,"date":"2026-04-07T01:41:59","date_gmt":"2026-04-07T07:41:59","guid":{"rendered":"https:\/\/compuviper.mx\/tienda\/producto\/kingston-kth-pl548s8-16g-memoria-propietaria-dimm-ddr5-16gb-4800mt-s-cl40-288-pin-1-1v\/"},"modified":"2026-04-07T01:41:59","modified_gmt":"2026-04-07T07:41:59","slug":"kingston-kth-pl548s8-16g-memoria-propietaria-dimm-ddr5-16gb-4800mt-s-cl40-288-pin-1-1v","status":"publish","type":"product","link":"https:\/\/compuviper.mx\/tienda\/producto\/kingston-kth-pl548s8-16g-memoria-propietaria-dimm-ddr5-16gb-4800mt-s-cl40-288-pin-1-1v\/","title":{"rendered":"Kingston Kth-pl548s8-16g Memoria Propietaria  Dimm Ddr5 16gb 4800mt\/s Cl40 288-pin 1.1v"},"content":{"rendered":"<table class=\"descripcion\">\n<tr>\n<td>Tipo de memoria interna: ddr5<\/td>\n<\/tr>\n<tr>\n<td>Memoria interna: 16 gb<\/td>\n<\/tr>\n<tr>\n<td>Dise\u00f1o de memoria: 1 x 16 gb<\/td>\n<\/tr>\n<tr>\n<td>Velocidad de memoria del reloj: 4800 mhz<\/td>\n<\/tr>\n<tr>\n<td>Latencia cas: 40<\/td>\n<\/tr>\n<\/table>\n","protected":false},"excerpt":{"rendered":"<p>Tipo de embalaje: dimm, color del producto: verde. La memoria ram kingston ddr5 es un componente dise\u00f1ado para ser utilizado en computadoras. Tiene una velocidad de memoria del reloj de 4800 mt\/s y una latencia cas de 40. Esta memoria utiliza el tipo no registrado (sin buffer) y no cuenta con correccion de errores ecc. La capacidad interna de esta memoria ram es de 16 gb y funciona a un voltaje nominal bajo de 1.1 v. El dise\u00f1o consta de un solo modulo con una capacidad individual totalizada en los mencionados 16 gb. El factor forma que presenta este modelo especifico es el estandar para las memorias dimm, concretamente se trata del formato conocido como 288-pin. Ademas, la configuracion interna se compone por modulos individuales organizados en una matriz bidimensional donde cada uno tiene una capacidad individual.<\/p>\n","protected":false},"featured_media":266534,"comment_status":"open","ping_status":"open","template":"","meta":[],"product_cat":[1798,1793],"product_tag":[1573],"acf":[],"yoast_head":"<!-- This site is optimized with the Yoast SEO plugin v21.7 - https:\/\/yoast.com\/wordpress\/plugins\/seo\/ -->\n<title>[ Kingston ] &#129351; Kth-pl548s8-16g Memoria Propietaria Dimm Ddr5 16gb 4800mt\/s Cl40 288-pin 1.1v<\/title>\n<meta name=\"description\" content=\"Compra Kth-pl548s8-16g Memoria Propietaria Dimm Ddr5 16gb 4800mt\/s Cl40 288-pin 1.1v + Env\u00edo a domicilio + Pago seguro + Garant\u00eda\" \/>\n<meta name=\"robots\" content=\"index, follow, max-snippet:-1, max-image-preview:large, max-video-preview:-1\" \/>\n<link rel=\"canonical\" href=\"https:\/\/compuviper.mx\/tienda\/producto\/kingston-kth-pl548s8-16g-memoria-propietaria-dimm-ddr5-16gb-4800mt-s-cl40-288-pin-1-1v\/\" \/>\n<meta property=\"og:locale\" content=\"es_MX\" \/>\n<meta property=\"og:type\" content=\"article\" \/>\n<meta property=\"og:title\" content=\"[ Kingston ] &#129351; Kth-pl548s8-16g Memoria Propietaria Dimm Ddr5 16gb 4800mt\/s Cl40 288-pin 1.1v\" \/>\n<meta property=\"og:description\" content=\"Compra Kth-pl548s8-16g Memoria Propietaria Dimm Ddr5 16gb 4800mt\/s Cl40 288-pin 1.1v + Env\u00edo a domicilio + Pago seguro + Garant\u00eda\" \/>\n<meta property=\"og:url\" content=\"https:\/\/compuviper.mx\/tienda\/producto\/kingston-kth-pl548s8-16g-memoria-propietaria-dimm-ddr5-16gb-4800mt-s-cl40-288-pin-1-1v\/\" \/>\n<meta property=\"og:site_name\" content=\"Compuviper\" \/>\n<meta property=\"article:publisher\" content=\"https:\/\/www.facebook.com\/compuviper\" \/>\n<meta property=\"og:image\" content=\"https:\/\/compuviper.mx\/tienda\/wp-content\/uploads\/2026\/02\/Memoria-propietaria-kingston-dimm-ddr5-16gb-4800mts-cl40-288-pin-1.1v-kth-pl548s8-16g.jpg\" \/>\n\t<meta property=\"og:image:width\" content=\"200\" \/>\n\t<meta property=\"og:image:height\" content=\"200\" \/>\n\t<meta property=\"og:image:type\" content=\"image\/jpeg\" \/>\n<meta name=\"twitter:card\" content=\"summary_large_image\" \/>\n<meta name=\"twitter:label1\" content=\"Precio\" \/>\n\t<meta name=\"twitter:data1\" content=\"&#36;2,121 con IVA\" \/>\n\t<meta name=\"twitter:label2\" content=\"Availability\" \/>\n\t<meta name=\"twitter:data2\" content=\"Out of stock\" \/>\n<script type=\"application\/ld+json\" class=\"yoast-schema-graph\">{\"@context\":\"https:\/\/schema.org\",\"@graph\":[{\"@type\":\"WebPage\",\"@id\":\"https:\/\/compuviper.mx\/tienda\/producto\/kingston-kth-pl548s8-16g-memoria-propietaria-dimm-ddr5-16gb-4800mt-s-cl40-288-pin-1-1v\/\",\"url\":\"https:\/\/compuviper.mx\/tienda\/producto\/kingston-kth-pl548s8-16g-memoria-propietaria-dimm-ddr5-16gb-4800mt-s-cl40-288-pin-1-1v\/\",\"name\":\"[ Kingston ] &#129351; Kth-pl548s8-16g Memoria Propietaria Dimm Ddr5 16gb 4800mt\/s Cl40 288-pin 1.1v\",\"isPartOf\":{\"@id\":\"https:\/\/compuviper.mx\/tienda\/#website\"},\"datePublished\":\"2026-04-07T07:41:59+00:00\",\"dateModified\":\"2026-04-07T07:41:59+00:00\",\"description\":\"Compra Kth-pl548s8-16g Memoria Propietaria Dimm Ddr5 16gb 4800mt\/s Cl40 288-pin 1.1v + Env\u00edo a domicilio + Pago seguro + Garant\u00eda\",\"breadcrumb\":{\"@id\":\"https:\/\/compuviper.mx\/tienda\/producto\/kingston-kth-pl548s8-16g-memoria-propietaria-dimm-ddr5-16gb-4800mt-s-cl40-288-pin-1-1v\/#breadcrumb\"},\"inLanguage\":\"es-MX\",\"potentialAction\":[{\"@type\":\"ReadAction\",\"target\":[\"https:\/\/compuviper.mx\/tienda\/producto\/kingston-kth-pl548s8-16g-memoria-propietaria-dimm-ddr5-16gb-4800mt-s-cl40-288-pin-1-1v\/\"]}]},{\"@type\":\"BreadcrumbList\",\"@id\":\"https:\/\/compuviper.mx\/tienda\/producto\/kingston-kth-pl548s8-16g-memoria-propietaria-dimm-ddr5-16gb-4800mt-s-cl40-288-pin-1-1v\/#breadcrumb\",\"itemListElement\":[{\"@type\":\"ListItem\",\"position\":1,\"name\":\"Inicio\",\"item\":\"https:\/\/compuviper.mx\/tienda\/\"},{\"@type\":\"ListItem\",\"position\":2,\"name\":\"Productos\",\"item\":\"https:\/\/compuviper.mx\/tienda\/productos\/\"},{\"@type\":\"ListItem\",\"position\":3,\"name\":\"Memorias\",\"item\":\"https:\/\/compuviper.mx\/tienda\/categoria-producto\/memorias\/\"},{\"@type\":\"ListItem\",\"position\":4,\"name\":\"Memoria Propietaria\",\"item\":\"https:\/\/compuviper.mx\/tienda\/categoria-producto\/memorias\/memoria-propietaria\/\"},{\"@type\":\"ListItem\",\"position\":5,\"name\":\"Kingston Kth-pl548s8-16g Memoria Propietaria Dimm Ddr5 16gb 4800mt\/s Cl40 288-pin 1.1v\"}]},{\"@type\":\"WebSite\",\"@id\":\"https:\/\/compuviper.mx\/tienda\/#website\",\"url\":\"https:\/\/compuviper.mx\/tienda\/\",\"name\":\"Compuviper\",\"description\":\"Proveedor de Computadoras, Laptops, Servidores, Monitores, Puntos de Venta, Teclados,   Impresoras, T\u00f3ner, C\u00e1maras de Seguridad y m\u00e1s en tu tienda en l\u00ednea\",\"publisher\":{\"@id\":\"https:\/\/compuviper.mx\/tienda\/#organization\"},\"potentialAction\":[{\"@type\":\"SearchAction\",\"target\":{\"@type\":\"EntryPoint\",\"urlTemplate\":\"https:\/\/compuviper.mx\/tienda\/?s={search_term_string}\"},\"query-input\":\"required name=search_term_string\"}],\"inLanguage\":\"es-MX\"},{\"@type\":\"Organization\",\"@id\":\"https:\/\/compuviper.mx\/tienda\/#organization\",\"name\":\"Compuviper\",\"url\":\"https:\/\/compuviper.mx\/tienda\/\",\"logo\":{\"@type\":\"ImageObject\",\"inLanguage\":\"es-MX\",\"@id\":\"https:\/\/compuviper.mx\/tienda\/#\/schema\/logo\/image\/\",\"url\":\"https:\/\/compuviper.mx\/tienda\/wp-content\/uploads\/2021\/08\/Logo-Compuviper-10.png\",\"contentUrl\":\"https:\/\/compuviper.mx\/tienda\/wp-content\/uploads\/2021\/08\/Logo-Compuviper-10.png\",\"width\":1000,\"height\":500,\"caption\":\"Compuviper\"},\"image\":{\"@id\":\"https:\/\/compuviper.mx\/tienda\/#\/schema\/logo\/image\/\"},\"sameAs\":[\"https:\/\/www.facebook.com\/compuviper\",\"https:\/\/www.youtube.com\/channel\/UCf73dERp9Y3cfOq7q8BhLjA?view_as=subscriber\"]}]}<\/script>\n<meta property=\"product:brand\" content=\"KINGSTON\" \/>\n<meta property=\"product:price:amount\" content=\"2121\" \/>\n<meta property=\"product:price:currency\" content=\"MXN\" \/>\n<meta property=\"og:availability\" content=\"out of stock\" \/>\n<meta property=\"product:availability\" content=\"out of stock\" \/>\n<meta property=\"product:retailer_item_id\" content=\"KTH-PL548S8-16G\" \/>\n<meta property=\"product:condition\" content=\"new\" \/>\n<!-- \/ Yoast SEO plugin. -->","yoast_head_json":{"title":"[ Kingston ] &#129351; Kth-pl548s8-16g Memoria Propietaria Dimm Ddr5 16gb 4800mt\/s Cl40 288-pin 1.1v","description":"Compra Kth-pl548s8-16g Memoria Propietaria Dimm Ddr5 16gb 4800mt\/s Cl40 288-pin 1.1v + Env\u00edo a domicilio + Pago seguro + Garant\u00eda","robots":{"index":"index","follow":"follow","max-snippet":"max-snippet:-1","max-image-preview":"max-image-preview:large","max-video-preview":"max-video-preview:-1"},"canonical":"https:\/\/compuviper.mx\/tienda\/producto\/kingston-kth-pl548s8-16g-memoria-propietaria-dimm-ddr5-16gb-4800mt-s-cl40-288-pin-1-1v\/","og_locale":"es_MX","og_type":"article","og_title":"[ Kingston ] &#129351; Kth-pl548s8-16g Memoria Propietaria Dimm Ddr5 16gb 4800mt\/s Cl40 288-pin 1.1v","og_description":"Compra Kth-pl548s8-16g Memoria Propietaria Dimm Ddr5 16gb 4800mt\/s Cl40 288-pin 1.1v + Env\u00edo a domicilio + Pago seguro + Garant\u00eda","og_url":"https:\/\/compuviper.mx\/tienda\/producto\/kingston-kth-pl548s8-16g-memoria-propietaria-dimm-ddr5-16gb-4800mt-s-cl40-288-pin-1-1v\/","og_site_name":"Compuviper","article_publisher":"https:\/\/www.facebook.com\/compuviper","og_image":[{"width":200,"height":200,"url":"https:\/\/compuviper.mx\/tienda\/wp-content\/uploads\/2026\/02\/Memoria-propietaria-kingston-dimm-ddr5-16gb-4800mts-cl40-288-pin-1.1v-kth-pl548s8-16g.jpg","type":"image\/jpeg"}],"twitter_card":"summary_large_image","twitter_misc":{"Precio":"&#36;2,121 con IVA","Availability":"Out of stock"},"schema":{"@context":"https:\/\/schema.org","@graph":[{"@type":"WebPage","@id":"https:\/\/compuviper.mx\/tienda\/producto\/kingston-kth-pl548s8-16g-memoria-propietaria-dimm-ddr5-16gb-4800mt-s-cl40-288-pin-1-1v\/","url":"https:\/\/compuviper.mx\/tienda\/producto\/kingston-kth-pl548s8-16g-memoria-propietaria-dimm-ddr5-16gb-4800mt-s-cl40-288-pin-1-1v\/","name":"[ Kingston ] &#129351; Kth-pl548s8-16g Memoria Propietaria Dimm Ddr5 16gb 4800mt\/s Cl40 288-pin 1.1v","isPartOf":{"@id":"https:\/\/compuviper.mx\/tienda\/#website"},"datePublished":"2026-04-07T07:41:59+00:00","dateModified":"2026-04-07T07:41:59+00:00","description":"Compra Kth-pl548s8-16g Memoria Propietaria Dimm Ddr5 16gb 4800mt\/s Cl40 288-pin 1.1v + Env\u00edo a domicilio + Pago seguro + Garant\u00eda","breadcrumb":{"@id":"https:\/\/compuviper.mx\/tienda\/producto\/kingston-kth-pl548s8-16g-memoria-propietaria-dimm-ddr5-16gb-4800mt-s-cl40-288-pin-1-1v\/#breadcrumb"},"inLanguage":"es-MX","potentialAction":[{"@type":"ReadAction","target":["https:\/\/compuviper.mx\/tienda\/producto\/kingston-kth-pl548s8-16g-memoria-propietaria-dimm-ddr5-16gb-4800mt-s-cl40-288-pin-1-1v\/"]}]},{"@type":"BreadcrumbList","@id":"https:\/\/compuviper.mx\/tienda\/producto\/kingston-kth-pl548s8-16g-memoria-propietaria-dimm-ddr5-16gb-4800mt-s-cl40-288-pin-1-1v\/#breadcrumb","itemListElement":[{"@type":"ListItem","position":1,"name":"Inicio","item":"https:\/\/compuviper.mx\/tienda\/"},{"@type":"ListItem","position":2,"name":"Productos","item":"https:\/\/compuviper.mx\/tienda\/productos\/"},{"@type":"ListItem","position":3,"name":"Memorias","item":"https:\/\/compuviper.mx\/tienda\/categoria-producto\/memorias\/"},{"@type":"ListItem","position":4,"name":"Memoria Propietaria","item":"https:\/\/compuviper.mx\/tienda\/categoria-producto\/memorias\/memoria-propietaria\/"},{"@type":"ListItem","position":5,"name":"Kingston Kth-pl548s8-16g Memoria Propietaria Dimm Ddr5 16gb 4800mt\/s Cl40 288-pin 1.1v"}]},{"@type":"WebSite","@id":"https:\/\/compuviper.mx\/tienda\/#website","url":"https:\/\/compuviper.mx\/tienda\/","name":"Compuviper","description":"Proveedor de Computadoras, Laptops, Servidores, Monitores, Puntos de Venta, Teclados,   Impresoras, T\u00f3ner, C\u00e1maras de Seguridad y m\u00e1s en tu tienda en l\u00ednea","publisher":{"@id":"https:\/\/compuviper.mx\/tienda\/#organization"},"potentialAction":[{"@type":"SearchAction","target":{"@type":"EntryPoint","urlTemplate":"https:\/\/compuviper.mx\/tienda\/?s={search_term_string}"},"query-input":"required name=search_term_string"}],"inLanguage":"es-MX"},{"@type":"Organization","@id":"https:\/\/compuviper.mx\/tienda\/#organization","name":"Compuviper","url":"https:\/\/compuviper.mx\/tienda\/","logo":{"@type":"ImageObject","inLanguage":"es-MX","@id":"https:\/\/compuviper.mx\/tienda\/#\/schema\/logo\/image\/","url":"https:\/\/compuviper.mx\/tienda\/wp-content\/uploads\/2021\/08\/Logo-Compuviper-10.png","contentUrl":"https:\/\/compuviper.mx\/tienda\/wp-content\/uploads\/2021\/08\/Logo-Compuviper-10.png","width":1000,"height":500,"caption":"Compuviper"},"image":{"@id":"https:\/\/compuviper.mx\/tienda\/#\/schema\/logo\/image\/"},"sameAs":["https:\/\/www.facebook.com\/compuviper","https:\/\/www.youtube.com\/channel\/UCf73dERp9Y3cfOq7q8BhLjA?view_as=subscriber"]}]},"product_brand":"KINGSTON","product_price_amount":"2121","product_price_currency":"MXN","og_availability":"out of stock","product_availability":"out of stock","product_retailer_item_id":"KTH-PL548S8-16G","product_condition":"new"},"_links":{"self":[{"href":"https:\/\/compuviper.mx\/tienda\/wp-json\/wp\/v2\/product\/266466"}],"collection":[{"href":"https:\/\/compuviper.mx\/tienda\/wp-json\/wp\/v2\/product"}],"about":[{"href":"https:\/\/compuviper.mx\/tienda\/wp-json\/wp\/v2\/types\/product"}],"replies":[{"embeddable":true,"href":"https:\/\/compuviper.mx\/tienda\/wp-json\/wp\/v2\/comments?post=266466"}],"wp:featuredmedia":[{"embeddable":true,"href":"https:\/\/compuviper.mx\/tienda\/wp-json\/wp\/v2\/media\/266534"}],"wp:attachment":[{"href":"https:\/\/compuviper.mx\/tienda\/wp-json\/wp\/v2\/media?parent=266466"}],"wp:term":[{"taxonomy":"product_cat","embeddable":true,"href":"https:\/\/compuviper.mx\/tienda\/wp-json\/wp\/v2\/product_cat?post=266466"},{"taxonomy":"product_tag","embeddable":true,"href":"https:\/\/compuviper.mx\/tienda\/wp-json\/wp\/v2\/product_tag?post=266466"}],"curies":[{"name":"wp","href":"https:\/\/api.w.org\/{rel}","templated":true}]}}