{"id":266445,"date":"2026-04-02T01:47:33","date_gmt":"2026-04-02T07:47:33","guid":{"rendered":"https:\/\/compuviper.mx\/tienda\/producto\/kingston-kth-pl426-32g-memoria-propietaria-dimm-ddr4-ecc-32gb-2666mt-s-cl19-288-pin-1-2v\/"},"modified":"2026-04-03T00:00:23","modified_gmt":"2026-04-03T06:00:23","slug":"kingston-kth-pl426-32g-memoria-propietaria-dimm-ddr4-ecc-32gb-2666mt-s-cl19-288-pin-1-2v","status":"publish","type":"product","link":"https:\/\/compuviper.mx\/tienda\/producto\/kingston-kth-pl426-32g-memoria-propietaria-dimm-ddr4-ecc-32gb-2666mt-s-cl19-288-pin-1-2v\/","title":{"rendered":"Kingston Kth-pl426\/32g Memoria Propietaria  Dimm Ddr4 Ecc 32gb 2666mt\/s Cl19 288-pin 1.2v"},"content":{"rendered":"<table class=\"descripcion\">\n<tr>\n<td>\u0095 tipo de memoria interna: ddr4<\/td>\n<\/tr>\n<tr>\n<td>\u0095 memoria interna: 32 gb<\/td>\n<\/tr>\n<tr>\n<td>\u0095 dise\u00f1o de memoria: 1 x 32 gb<\/td>\n<\/tr>\n<tr>\n<td>\u0095 velocidad de memoria del reloj: 2666 mhz<\/td>\n<\/tr>\n<tr>\n<td>\u0095 factor de forma: 288-pin dimm<\/td>\n<\/tr>\n<\/table>\n","protected":false},"excerpt":{"rendered":"<p>La memoria ram kingston ddr4, con una capacidad de 32gb y velocidad de reloj de 2666mhz, es un componente dise\u00f1ado para su uso en pc\/servidor. Con un factor de forma dimm de 288 pines y dise\u00f1o modular \u00fanico (1 x 32 gb), esta memoria ofrece soporte a sistemas operativos windows, mac y linux. Adem\u00e1s, la memoria ram cuenta con tecnolog\u00eda ecc que permite detectar errores en los datos almacenados y corregirlos autom\u00e1ticamente. El voltaje nominal requerido por este m\u00f3dulo es bajo (1.2v) lo que contribuye a reducir el consumo energ\u00e9tico del sistema. El producto tiene unas dimensiones compactas: altura m\u00e1xima de 31mm y ancho m\u00e1ximo de 133.3 mm; esto facilita su instalaci\u00f3n incluso en espacios limitados dentro del equipo o servidor donde se requiera mayor capacidad para procesamiento simult\u00e1neo. En cuanto al rendimiento t\u00e9rmico, la memoria ram kingston ddr4 puede funcionar sin problemas en temperaturas entre los cero grados celsius hasta los ochenta cinco grados celsius gracias a sus caracter\u00edsticas t\u00e9cnicas avanzadas como el tipo registrado bufferizado (buffered memory type).<\/p>\n","protected":false},"featured_media":266446,"comment_status":"open","ping_status":"open","template":"","meta":[],"product_cat":[1798,1793],"product_tag":[1573],"acf":[],"yoast_head":"<!-- This site is optimized with the Yoast SEO plugin v21.7 - https:\/\/yoast.com\/wordpress\/plugins\/seo\/ -->\n<title>[ Kingston ] &#129351; Kth-pl426\/32g Memoria Propietaria Dimm Ddr4 Ecc 32gb 2666mt\/s Cl19 288-pin 1.2v<\/title>\n<meta name=\"description\" content=\"Compra Kth-pl426\/32g Memoria Propietaria Dimm Ddr4 Ecc 32gb 2666mt\/s Cl19 288-pin 1.2v + Env\u00edo a domicilio + Pago seguro + Garant\u00eda\" \/>\n<meta name=\"robots\" content=\"index, follow, max-snippet:-1, max-image-preview:large, max-video-preview:-1\" \/>\n<link rel=\"canonical\" href=\"https:\/\/compuviper.mx\/tienda\/producto\/kingston-kth-pl426-32g-memoria-propietaria-dimm-ddr4-ecc-32gb-2666mt-s-cl19-288-pin-1-2v\/\" \/>\n<meta property=\"og:locale\" content=\"es_MX\" \/>\n<meta property=\"og:type\" content=\"article\" \/>\n<meta property=\"og:title\" content=\"[ Kingston ] &#129351; Kth-pl426\/32g Memoria Propietaria Dimm Ddr4 Ecc 32gb 2666mt\/s Cl19 288-pin 1.2v\" \/>\n<meta property=\"og:description\" content=\"Compra Kth-pl426\/32g Memoria Propietaria Dimm Ddr4 Ecc 32gb 2666mt\/s Cl19 288-pin 1.2v + Env\u00edo a domicilio + Pago seguro + Garant\u00eda\" \/>\n<meta property=\"og:url\" content=\"https:\/\/compuviper.mx\/tienda\/producto\/kingston-kth-pl426-32g-memoria-propietaria-dimm-ddr4-ecc-32gb-2666mt-s-cl19-288-pin-1-2v\/\" \/>\n<meta property=\"og:site_name\" content=\"Compuviper\" \/>\n<meta property=\"article:publisher\" content=\"https:\/\/www.facebook.com\/compuviper\" \/>\n<meta property=\"article:modified_time\" content=\"2026-04-03T06:00:23+00:00\" \/>\n<meta property=\"og:image\" content=\"https:\/\/compuviper.mx\/tienda\/wp-content\/uploads\/2026\/02\/Memoria-propietaria-kingston-dimm-ddr4-ecc-32gb-2666mts-cl19-288-pin-1.2v-kth-pl42632g.jpg\" \/>\n\t<meta property=\"og:image:width\" content=\"200\" \/>\n\t<meta property=\"og:image:height\" content=\"200\" \/>\n\t<meta property=\"og:image:type\" content=\"image\/jpeg\" \/>\n<meta name=\"twitter:card\" content=\"summary_large_image\" \/>\n<meta name=\"twitter:label1\" content=\"Precio\" \/>\n\t<meta name=\"twitter:data1\" content=\"&#36;8,587 con IVA\" \/>\n\t<meta name=\"twitter:label2\" content=\"Availability\" \/>\n\t<meta name=\"twitter:data2\" content=\"In stock\" \/>\n<script type=\"application\/ld+json\" class=\"yoast-schema-graph\">{\"@context\":\"https:\/\/schema.org\",\"@graph\":[{\"@type\":\"WebPage\",\"@id\":\"https:\/\/compuviper.mx\/tienda\/producto\/kingston-kth-pl426-32g-memoria-propietaria-dimm-ddr4-ecc-32gb-2666mt-s-cl19-288-pin-1-2v\/\",\"url\":\"https:\/\/compuviper.mx\/tienda\/producto\/kingston-kth-pl426-32g-memoria-propietaria-dimm-ddr4-ecc-32gb-2666mt-s-cl19-288-pin-1-2v\/\",\"name\":\"[ Kingston ] &#129351; Kth-pl426\/32g Memoria Propietaria Dimm Ddr4 Ecc 32gb 2666mt\/s Cl19 288-pin 1.2v\",\"isPartOf\":{\"@id\":\"https:\/\/compuviper.mx\/tienda\/#website\"},\"datePublished\":\"2026-04-02T07:47:33+00:00\",\"dateModified\":\"2026-04-03T06:00:23+00:00\",\"description\":\"Compra Kth-pl426\/32g Memoria Propietaria Dimm Ddr4 Ecc 32gb 2666mt\/s Cl19 288-pin 1.2v + Env\u00edo a domicilio + Pago seguro + Garant\u00eda\",\"breadcrumb\":{\"@id\":\"https:\/\/compuviper.mx\/tienda\/producto\/kingston-kth-pl426-32g-memoria-propietaria-dimm-ddr4-ecc-32gb-2666mt-s-cl19-288-pin-1-2v\/#breadcrumb\"},\"inLanguage\":\"es-MX\",\"potentialAction\":[{\"@type\":\"ReadAction\",\"target\":[\"https:\/\/compuviper.mx\/tienda\/producto\/kingston-kth-pl426-32g-memoria-propietaria-dimm-ddr4-ecc-32gb-2666mt-s-cl19-288-pin-1-2v\/\"]}]},{\"@type\":\"BreadcrumbList\",\"@id\":\"https:\/\/compuviper.mx\/tienda\/producto\/kingston-kth-pl426-32g-memoria-propietaria-dimm-ddr4-ecc-32gb-2666mt-s-cl19-288-pin-1-2v\/#breadcrumb\",\"itemListElement\":[{\"@type\":\"ListItem\",\"position\":1,\"name\":\"Inicio\",\"item\":\"https:\/\/compuviper.mx\/tienda\/\"},{\"@type\":\"ListItem\",\"position\":2,\"name\":\"Productos\",\"item\":\"https:\/\/compuviper.mx\/tienda\/productos\/\"},{\"@type\":\"ListItem\",\"position\":3,\"name\":\"Memorias\",\"item\":\"https:\/\/compuviper.mx\/tienda\/categoria-producto\/memorias\/\"},{\"@type\":\"ListItem\",\"position\":4,\"name\":\"Memoria Propietaria\",\"item\":\"https:\/\/compuviper.mx\/tienda\/categoria-producto\/memorias\/memoria-propietaria\/\"},{\"@type\":\"ListItem\",\"position\":5,\"name\":\"Kingston Kth-pl426\/32g Memoria Propietaria Dimm Ddr4 Ecc 32gb 2666mt\/s Cl19 288-pin 1.2v\"}]},{\"@type\":\"WebSite\",\"@id\":\"https:\/\/compuviper.mx\/tienda\/#website\",\"url\":\"https:\/\/compuviper.mx\/tienda\/\",\"name\":\"Compuviper\",\"description\":\"Proveedor de Computadoras, Laptops, Servidores, Monitores, Puntos de Venta, Teclados,   Impresoras, T\u00f3ner, C\u00e1maras de Seguridad y m\u00e1s en tu tienda en l\u00ednea\",\"publisher\":{\"@id\":\"https:\/\/compuviper.mx\/tienda\/#organization\"},\"potentialAction\":[{\"@type\":\"SearchAction\",\"target\":{\"@type\":\"EntryPoint\",\"urlTemplate\":\"https:\/\/compuviper.mx\/tienda\/?s={search_term_string}\"},\"query-input\":\"required name=search_term_string\"}],\"inLanguage\":\"es-MX\"},{\"@type\":\"Organization\",\"@id\":\"https:\/\/compuviper.mx\/tienda\/#organization\",\"name\":\"Compuviper\",\"url\":\"https:\/\/compuviper.mx\/tienda\/\",\"logo\":{\"@type\":\"ImageObject\",\"inLanguage\":\"es-MX\",\"@id\":\"https:\/\/compuviper.mx\/tienda\/#\/schema\/logo\/image\/\",\"url\":\"https:\/\/compuviper.mx\/tienda\/wp-content\/uploads\/2021\/08\/Logo-Compuviper-10.png\",\"contentUrl\":\"https:\/\/compuviper.mx\/tienda\/wp-content\/uploads\/2021\/08\/Logo-Compuviper-10.png\",\"width\":1000,\"height\":500,\"caption\":\"Compuviper\"},\"image\":{\"@id\":\"https:\/\/compuviper.mx\/tienda\/#\/schema\/logo\/image\/\"},\"sameAs\":[\"https:\/\/www.facebook.com\/compuviper\",\"https:\/\/www.youtube.com\/channel\/UCf73dERp9Y3cfOq7q8BhLjA?view_as=subscriber\"]}]}<\/script>\n<meta property=\"product:brand\" content=\"KINGSTON\" \/>\n<meta property=\"product:price:amount\" content=\"8587\" \/>\n<meta property=\"product:price:currency\" content=\"MXN\" \/>\n<meta property=\"og:availability\" content=\"instock\" \/>\n<meta property=\"product:availability\" content=\"instock\" \/>\n<meta property=\"product:retailer_item_id\" content=\"KTH-PL426\/32G\" \/>\n<meta property=\"product:condition\" content=\"new\" \/>\n<!-- \/ Yoast SEO plugin. -->","yoast_head_json":{"title":"[ Kingston ] &#129351; Kth-pl426\/32g Memoria Propietaria Dimm Ddr4 Ecc 32gb 2666mt\/s Cl19 288-pin 1.2v","description":"Compra Kth-pl426\/32g Memoria Propietaria Dimm Ddr4 Ecc 32gb 2666mt\/s Cl19 288-pin 1.2v + Env\u00edo a domicilio + Pago seguro + Garant\u00eda","robots":{"index":"index","follow":"follow","max-snippet":"max-snippet:-1","max-image-preview":"max-image-preview:large","max-video-preview":"max-video-preview:-1"},"canonical":"https:\/\/compuviper.mx\/tienda\/producto\/kingston-kth-pl426-32g-memoria-propietaria-dimm-ddr4-ecc-32gb-2666mt-s-cl19-288-pin-1-2v\/","og_locale":"es_MX","og_type":"article","og_title":"[ Kingston ] &#129351; Kth-pl426\/32g Memoria Propietaria Dimm Ddr4 Ecc 32gb 2666mt\/s Cl19 288-pin 1.2v","og_description":"Compra Kth-pl426\/32g Memoria Propietaria Dimm Ddr4 Ecc 32gb 2666mt\/s Cl19 288-pin 1.2v + Env\u00edo a domicilio + Pago seguro + Garant\u00eda","og_url":"https:\/\/compuviper.mx\/tienda\/producto\/kingston-kth-pl426-32g-memoria-propietaria-dimm-ddr4-ecc-32gb-2666mt-s-cl19-288-pin-1-2v\/","og_site_name":"Compuviper","article_publisher":"https:\/\/www.facebook.com\/compuviper","article_modified_time":"2026-04-03T06:00:23+00:00","og_image":[{"width":200,"height":200,"url":"https:\/\/compuviper.mx\/tienda\/wp-content\/uploads\/2026\/02\/Memoria-propietaria-kingston-dimm-ddr4-ecc-32gb-2666mts-cl19-288-pin-1.2v-kth-pl42632g.jpg","type":"image\/jpeg"}],"twitter_card":"summary_large_image","twitter_misc":{"Precio":"&#36;8,587 con IVA","Availability":"In stock"},"schema":{"@context":"https:\/\/schema.org","@graph":[{"@type":"WebPage","@id":"https:\/\/compuviper.mx\/tienda\/producto\/kingston-kth-pl426-32g-memoria-propietaria-dimm-ddr4-ecc-32gb-2666mt-s-cl19-288-pin-1-2v\/","url":"https:\/\/compuviper.mx\/tienda\/producto\/kingston-kth-pl426-32g-memoria-propietaria-dimm-ddr4-ecc-32gb-2666mt-s-cl19-288-pin-1-2v\/","name":"[ Kingston ] &#129351; Kth-pl426\/32g Memoria Propietaria Dimm Ddr4 Ecc 32gb 2666mt\/s Cl19 288-pin 1.2v","isPartOf":{"@id":"https:\/\/compuviper.mx\/tienda\/#website"},"datePublished":"2026-04-02T07:47:33+00:00","dateModified":"2026-04-03T06:00:23+00:00","description":"Compra Kth-pl426\/32g Memoria Propietaria Dimm Ddr4 Ecc 32gb 2666mt\/s Cl19 288-pin 1.2v + Env\u00edo a domicilio + Pago seguro + Garant\u00eda","breadcrumb":{"@id":"https:\/\/compuviper.mx\/tienda\/producto\/kingston-kth-pl426-32g-memoria-propietaria-dimm-ddr4-ecc-32gb-2666mt-s-cl19-288-pin-1-2v\/#breadcrumb"},"inLanguage":"es-MX","potentialAction":[{"@type":"ReadAction","target":["https:\/\/compuviper.mx\/tienda\/producto\/kingston-kth-pl426-32g-memoria-propietaria-dimm-ddr4-ecc-32gb-2666mt-s-cl19-288-pin-1-2v\/"]}]},{"@type":"BreadcrumbList","@id":"https:\/\/compuviper.mx\/tienda\/producto\/kingston-kth-pl426-32g-memoria-propietaria-dimm-ddr4-ecc-32gb-2666mt-s-cl19-288-pin-1-2v\/#breadcrumb","itemListElement":[{"@type":"ListItem","position":1,"name":"Inicio","item":"https:\/\/compuviper.mx\/tienda\/"},{"@type":"ListItem","position":2,"name":"Productos","item":"https:\/\/compuviper.mx\/tienda\/productos\/"},{"@type":"ListItem","position":3,"name":"Memorias","item":"https:\/\/compuviper.mx\/tienda\/categoria-producto\/memorias\/"},{"@type":"ListItem","position":4,"name":"Memoria Propietaria","item":"https:\/\/compuviper.mx\/tienda\/categoria-producto\/memorias\/memoria-propietaria\/"},{"@type":"ListItem","position":5,"name":"Kingston Kth-pl426\/32g Memoria Propietaria Dimm Ddr4 Ecc 32gb 2666mt\/s Cl19 288-pin 1.2v"}]},{"@type":"WebSite","@id":"https:\/\/compuviper.mx\/tienda\/#website","url":"https:\/\/compuviper.mx\/tienda\/","name":"Compuviper","description":"Proveedor de Computadoras, Laptops, Servidores, Monitores, Puntos de Venta, Teclados,   Impresoras, T\u00f3ner, C\u00e1maras de Seguridad y m\u00e1s en tu tienda en l\u00ednea","publisher":{"@id":"https:\/\/compuviper.mx\/tienda\/#organization"},"potentialAction":[{"@type":"SearchAction","target":{"@type":"EntryPoint","urlTemplate":"https:\/\/compuviper.mx\/tienda\/?s={search_term_string}"},"query-input":"required name=search_term_string"}],"inLanguage":"es-MX"},{"@type":"Organization","@id":"https:\/\/compuviper.mx\/tienda\/#organization","name":"Compuviper","url":"https:\/\/compuviper.mx\/tienda\/","logo":{"@type":"ImageObject","inLanguage":"es-MX","@id":"https:\/\/compuviper.mx\/tienda\/#\/schema\/logo\/image\/","url":"https:\/\/compuviper.mx\/tienda\/wp-content\/uploads\/2021\/08\/Logo-Compuviper-10.png","contentUrl":"https:\/\/compuviper.mx\/tienda\/wp-content\/uploads\/2021\/08\/Logo-Compuviper-10.png","width":1000,"height":500,"caption":"Compuviper"},"image":{"@id":"https:\/\/compuviper.mx\/tienda\/#\/schema\/logo\/image\/"},"sameAs":["https:\/\/www.facebook.com\/compuviper","https:\/\/www.youtube.com\/channel\/UCf73dERp9Y3cfOq7q8BhLjA?view_as=subscriber"]}]},"product_brand":"KINGSTON","product_price_amount":"8587","product_price_currency":"MXN","og_availability":"instock","product_availability":"instock","product_retailer_item_id":"KTH-PL426\/32G","product_condition":"new"},"_links":{"self":[{"href":"https:\/\/compuviper.mx\/tienda\/wp-json\/wp\/v2\/product\/266445"}],"collection":[{"href":"https:\/\/compuviper.mx\/tienda\/wp-json\/wp\/v2\/product"}],"about":[{"href":"https:\/\/compuviper.mx\/tienda\/wp-json\/wp\/v2\/types\/product"}],"replies":[{"embeddable":true,"href":"https:\/\/compuviper.mx\/tienda\/wp-json\/wp\/v2\/comments?post=266445"}],"wp:featuredmedia":[{"embeddable":true,"href":"https:\/\/compuviper.mx\/tienda\/wp-json\/wp\/v2\/media\/266446"}],"wp:attachment":[{"href":"https:\/\/compuviper.mx\/tienda\/wp-json\/wp\/v2\/media?parent=266445"}],"wp:term":[{"taxonomy":"product_cat","embeddable":true,"href":"https:\/\/compuviper.mx\/tienda\/wp-json\/wp\/v2\/product_cat?post=266445"},{"taxonomy":"product_tag","embeddable":true,"href":"https:\/\/compuviper.mx\/tienda\/wp-json\/wp\/v2\/product_tag?post=266445"}],"curies":[{"name":"wp","href":"https:\/\/api.w.org\/{rel}","templated":true}]}}