{"id":266424,"date":"2026-04-02T00:55:39","date_gmt":"2026-04-02T06:55:39","guid":{"rendered":"https:\/\/compuviper.mx\/tienda\/producto\/balam-rush-br-944144-monitor-gamer-cosmos-titan-mct49x-49-pulg-curvo-led-120-hz-vesa-75-x-75-mm-1-ms-r1500-bocinas-integradas-ajuste-de-altura-e-inclinacion-negro\/"},"modified":"2026-04-02T00:55:39","modified_gmt":"2026-04-02T06:55:39","slug":"balam-rush-br-944144-monitor-gamer-cosmos-titan-mct49x-49-pulg-curvo-led-120-hz-vesa-75-x-75-mm-1-ms-r1500-bocinas-integradas-ajuste-de-altura-e-inclinacion-negro","status":"publish","type":"product","link":"https:\/\/compuviper.mx\/tienda\/producto\/balam-rush-br-944144-monitor-gamer-cosmos-titan-mct49x-49-pulg-curvo-led-120-hz-vesa-75-x-75-mm-1-ms-r1500-bocinas-integradas-ajuste-de-altura-e-inclinacion-negro\/","title":{"rendered":"Balam Rush Br-944144 Monitor Gamer  Cosmos Titan Mct49x \/ 49 Pulg \/ Curvo \/ Led \/ 120 Hz  \/ Vesa 75 X 75 Mm \/ 1 Ms \/ R1500 \/ Bocinas Integradas \/ Ajuste De Altura E Inclinacion \/ Negro \/"},"content":{"rendered":"<table class=\"descripcion\">\n<tr>\n<td>Ficha tecnica<\/td>\n<\/tr>\n<tr>\n<td>\u0095 modelo: br-944144<\/td>\n<\/tr>\n<tr>\n<td>\u0095 producto: monitor gamer<\/td>\n<\/tr>\n<tr>\n<td>\u0095 color: negro<\/td>\n<\/tr>\n<tr>\n<td>\u0095 material: metal y plastico<\/td>\n<\/tr>\n<tr>\n<td>\u0095 dimensiones (l  w  h): 118.5 x 36.5 x 19.2 cm<\/td>\n<\/tr>\n<tr>\n<td>\u0095 peso: 7.600 kg<\/td>\n<\/tr>\n<tr>\n<td>\u0095 tipo de panel: va<\/td>\n<\/tr>\n<tr>\n<td>\u0095 forma de pantalla: curvo<\/td>\n<\/tr>\n<tr>\n<td>\u0095 tamano de pantalla: 49 pulgadas<\/td>\n<\/tr>\n<tr>\n<td>\u0095 resolucion maxima: 5120 x 1440<\/td>\n<\/tr>\n<tr>\n<td>\u0095 relacion de aspecto: 32:9<\/td>\n<\/tr>\n<tr>\n<td>\u0095 frecuencia de actualizacion (hz): dp 1.4 &#8211; 120 hz<\/td>\n<\/tr>\n<tr>\n<td>Hdmi 2.0 &#8211; 100 hz tipo-c display &#8211; 100 hz<\/td>\n<\/tr>\n<tr>\n<td>Pantalla a color: dqhd<\/td>\n<\/tr>\n<tr>\n<td>\u0095 angulos de vision : 178 grados \/ 178 grados<\/td>\n<\/tr>\n<tr>\n<td>\u0095 tipo de iluminacion : led<\/td>\n<\/tr>\n<tr>\n<td>\u0095 brillo (cd\/m2): 330 cd\/m2<\/td>\n<\/tr>\n<tr>\n<td>\u0095 relacion de contraste: 3000:1<\/td>\n<\/tr>\n<tr>\n<td>\u0095 tiempo de respuesta: mprt\/1ms<\/td>\n<\/tr>\n<tr>\n<td>\u0095 tipo hd: dqhd<\/td>\n<\/tr>\n<tr>\n<td>\u0095 pantalla radio: r1500<\/td>\n<\/tr>\n<tr>\n<td>\u0095 diseno sin marco: si<\/td>\n<\/tr>\n<tr>\n<td>\u0095 i\/o:<\/td>\n<\/tr>\n<tr>\n<td>2x dp 1.4<\/td>\n<\/tr>\n<tr>\n<td>2x hdmi 2.0<\/td>\n<\/tr>\n<tr>\n<td>1x tipo-c display<\/td>\n<\/tr>\n<tr>\n<td>2x usb-a<\/td>\n<\/tr>\n<tr>\n<td>1x usb-b<\/td>\n<\/tr>\n<tr>\n<td>1x audio out 3.5 mm and #8195;<\/td>\n<\/tr>\n<tr>\n<td>1x dc<\/td>\n<\/tr>\n<tr>\n<td>\u0095 control: joystick<\/td>\n<\/tr>\n<tr>\n<td>\u0095 tecnologias:<\/td>\n<\/tr>\n<tr>\n<td>Low blue light, flicker free, od eco,freesync\/g-snyc, mprt<\/td>\n<\/tr>\n<tr>\n<td>Al vision, aicrosshair<\/td>\n<\/tr>\n<tr>\n<td>Pbp\/pip<\/td>\n<\/tr>\n<tr>\n<td>2x bocinas 3w<\/td>\n<\/tr>\n<tr>\n<td>\u0095 soporte de altura: 11cm<\/td>\n<\/tr>\n<tr>\n<td>\u0095 kensington lock: si<\/td>\n<\/tr>\n<tr>\n<td>\u0095 vesa: 75 x 75 mm<\/td>\n<\/tr>\n<tr>\n<td>\u0095 ajuste de inclinacion: frontal 5 grados \/ trasero 15 grados<\/td>\n<\/tr>\n<tr>\n<td>\u0095 srgb: 100 porciento<\/td>\n<\/tr>\n<tr>\n<td>\u0095 alimentacion:<\/td>\n<\/tr>\n<tr>\n<td>       entrada: 100 v &#8211; 240 v 50 \/ 60 hz 1.2 a max<\/td>\n<\/tr>\n<tr>\n<td>      salida: 24 v 6.25 a<\/td>\n<\/tr>\n<tr>\n<td>      maximo consumo: 150 w<\/td>\n<\/tr>\n<tr>\n<td>      consumo de energia en espera: 0.5 w<\/td>\n<\/tr>\n<tr>\n<td>      longitud de cable: 1.5 mts<\/td>\n<\/tr>\n<\/table>\n","protected":false},"excerpt":{"rendered":"<p>Versatilidad colosal. Con 2 usb-a, 2 hdmi 2.0, 1 usb-c (display), 2  displayport 1.4, a usb-b y salida de audio. 3.5 mm este minitor ofrece versatilidad total para conecatr todos tus dispositivos. Ademas, su inclinacion ajustable de 5 grados hacia adelante y 15 grados hacia atr\u00e1s te permite mantener la postura ideal y el control visual perfecto en cada partida.<\/p>\n","protected":false},"featured_media":0,"comment_status":"open","ping_status":"open","template":"","meta":[],"product_cat":[1741,1740],"product_tag":[2097],"acf":[],"yoast_head":"<!-- This site is optimized with the Yoast SEO plugin v21.7 - https:\/\/yoast.com\/wordpress\/plugins\/seo\/ -->\n<title>[ Balam Rush ] &#129351; Br-944144 Monitor Gamer Cosmos Titan Mct49x \/ 49 Pulg \/ Curvo \/ Led \/ 120 Hz \/ Vesa 75 X 75 Mm \/ 1 Ms \/ R1500 \/ Bocinas Integradas \/ Ajuste De Altura E Inclinacion \/ Negro \/<\/title>\n<meta name=\"description\" content=\"Compra Br-944144 Monitor Gamer Cosmos Titan Mct49x \/ 49 Pulg \/ Curvo \/ Led \/ 120 Hz \/ Vesa 75 X 75 Mm \/ 1 Ms \/ R1500 \/ Bocinas Integradas \/ Ajuste De Altura E Inclinacion \/ Negro \/ + Env\u00edo a domicilio + Pago seguro + Garant\u00eda\" \/>\n<meta name=\"robots\" content=\"index, follow, max-snippet:-1, max-image-preview:large, max-video-preview:-1\" \/>\n<link rel=\"canonical\" href=\"https:\/\/compuviper.mx\/tienda\/producto\/balam-rush-br-944144-monitor-gamer-cosmos-titan-mct49x-49-pulg-curvo-led-120-hz-vesa-75-x-75-mm-1-ms-r1500-bocinas-integradas-ajuste-de-altura-e-inclinacion-negro\/\" \/>\n<meta property=\"og:locale\" content=\"es_MX\" \/>\n<meta property=\"og:type\" content=\"article\" \/>\n<meta property=\"og:title\" content=\"[ Balam Rush ] &#129351; Br-944144 Monitor Gamer Cosmos Titan Mct49x \/ 49 Pulg \/ Curvo \/ Led \/ 120 Hz \/ Vesa 75 X 75 Mm \/ 1 Ms \/ R1500 \/ Bocinas Integradas \/ Ajuste De Altura E Inclinacion \/ Negro \/\" \/>\n<meta property=\"og:description\" content=\"Compra Br-944144 Monitor Gamer Cosmos Titan Mct49x \/ 49 Pulg \/ Curvo \/ Led \/ 120 Hz \/ Vesa 75 X 75 Mm \/ 1 Ms \/ R1500 \/ Bocinas Integradas \/ Ajuste De Altura E Inclinacion \/ Negro \/ + Env\u00edo a domicilio + Pago seguro + Garant\u00eda\" \/>\n<meta property=\"og:url\" content=\"https:\/\/compuviper.mx\/tienda\/producto\/balam-rush-br-944144-monitor-gamer-cosmos-titan-mct49x-49-pulg-curvo-led-120-hz-vesa-75-x-75-mm-1-ms-r1500-bocinas-integradas-ajuste-de-altura-e-inclinacion-negro\/\" \/>\n<meta property=\"og:site_name\" content=\"Compuviper\" \/>\n<meta property=\"article:publisher\" content=\"https:\/\/www.facebook.com\/compuviper\" \/>\n<meta name=\"twitter:card\" content=\"summary_large_image\" \/>\n<meta name=\"twitter:label1\" content=\"Precio\" \/>\n\t<meta name=\"twitter:data1\" content=\"&#36;9,924 con IVA\" \/>\n\t<meta name=\"twitter:label2\" content=\"Availability\" \/>\n\t<meta name=\"twitter:data2\" content=\"Out of stock\" \/>\n<script type=\"application\/ld+json\" class=\"yoast-schema-graph\">{\"@context\":\"https:\/\/schema.org\",\"@graph\":[{\"@type\":\"WebPage\",\"@id\":\"https:\/\/compuviper.mx\/tienda\/producto\/balam-rush-br-944144-monitor-gamer-cosmos-titan-mct49x-49-pulg-curvo-led-120-hz-vesa-75-x-75-mm-1-ms-r1500-bocinas-integradas-ajuste-de-altura-e-inclinacion-negro\/\",\"url\":\"https:\/\/compuviper.mx\/tienda\/producto\/balam-rush-br-944144-monitor-gamer-cosmos-titan-mct49x-49-pulg-curvo-led-120-hz-vesa-75-x-75-mm-1-ms-r1500-bocinas-integradas-ajuste-de-altura-e-inclinacion-negro\/\",\"name\":\"[ Balam Rush ] &#129351; Br-944144 Monitor Gamer Cosmos Titan Mct49x \/ 49 Pulg \/ Curvo \/ Led \/ 120 Hz \/ Vesa 75 X 75 Mm \/ 1 Ms \/ R1500 \/ Bocinas Integradas \/ Ajuste De Altura E Inclinacion \/ Negro \/\",\"isPartOf\":{\"@id\":\"https:\/\/compuviper.mx\/tienda\/#website\"},\"datePublished\":\"2026-04-02T06:55:39+00:00\",\"dateModified\":\"2026-04-02T06:55:39+00:00\",\"description\":\"Compra Br-944144 Monitor Gamer Cosmos Titan Mct49x \/ 49 Pulg \/ Curvo \/ Led \/ 120 Hz \/ Vesa 75 X 75 Mm \/ 1 Ms \/ R1500 \/ Bocinas Integradas \/ Ajuste De Altura E Inclinacion \/ Negro \/ + Env\u00edo a domicilio + Pago seguro + Garant\u00eda\",\"breadcrumb\":{\"@id\":\"https:\/\/compuviper.mx\/tienda\/producto\/balam-rush-br-944144-monitor-gamer-cosmos-titan-mct49x-49-pulg-curvo-led-120-hz-vesa-75-x-75-mm-1-ms-r1500-bocinas-integradas-ajuste-de-altura-e-inclinacion-negro\/#breadcrumb\"},\"inLanguage\":\"es-MX\",\"potentialAction\":[{\"@type\":\"ReadAction\",\"target\":[\"https:\/\/compuviper.mx\/tienda\/producto\/balam-rush-br-944144-monitor-gamer-cosmos-titan-mct49x-49-pulg-curvo-led-120-hz-vesa-75-x-75-mm-1-ms-r1500-bocinas-integradas-ajuste-de-altura-e-inclinacion-negro\/\"]}]},{\"@type\":\"BreadcrumbList\",\"@id\":\"https:\/\/compuviper.mx\/tienda\/producto\/balam-rush-br-944144-monitor-gamer-cosmos-titan-mct49x-49-pulg-curvo-led-120-hz-vesa-75-x-75-mm-1-ms-r1500-bocinas-integradas-ajuste-de-altura-e-inclinacion-negro\/#breadcrumb\",\"itemListElement\":[{\"@type\":\"ListItem\",\"position\":1,\"name\":\"Inicio\",\"item\":\"https:\/\/compuviper.mx\/tienda\/\"},{\"@type\":\"ListItem\",\"position\":2,\"name\":\"Productos\",\"item\":\"https:\/\/compuviper.mx\/tienda\/productos\/\"},{\"@type\":\"ListItem\",\"position\":3,\"name\":\"Monitores\",\"item\":\"https:\/\/compuviper.mx\/tienda\/categoria-producto\/monitores\/\"},{\"@type\":\"ListItem\",\"position\":4,\"name\":\"Led\",\"item\":\"https:\/\/compuviper.mx\/tienda\/categoria-producto\/monitores\/led\/\"},{\"@type\":\"ListItem\",\"position\":5,\"name\":\"Balam Rush Br-944144 Monitor Gamer Cosmos Titan Mct49x \/ 49 Pulg \/ Curvo \/ Led \/ 120 Hz \/ Vesa 75 X 75 Mm \/ 1 Ms \/ R1500 \/ Bocinas Integradas \/ Ajuste De Altura E Inclinacion \/ Negro \/\"}]},{\"@type\":\"WebSite\",\"@id\":\"https:\/\/compuviper.mx\/tienda\/#website\",\"url\":\"https:\/\/compuviper.mx\/tienda\/\",\"name\":\"Compuviper\",\"description\":\"Proveedor de Computadoras, Laptops, Servidores, Monitores, Puntos de Venta, Teclados,   Impresoras, T\u00f3ner, C\u00e1maras de Seguridad y m\u00e1s en tu tienda en l\u00ednea\",\"publisher\":{\"@id\":\"https:\/\/compuviper.mx\/tienda\/#organization\"},\"potentialAction\":[{\"@type\":\"SearchAction\",\"target\":{\"@type\":\"EntryPoint\",\"urlTemplate\":\"https:\/\/compuviper.mx\/tienda\/?s={search_term_string}\"},\"query-input\":\"required name=search_term_string\"}],\"inLanguage\":\"es-MX\"},{\"@type\":\"Organization\",\"@id\":\"https:\/\/compuviper.mx\/tienda\/#organization\",\"name\":\"Compuviper\",\"url\":\"https:\/\/compuviper.mx\/tienda\/\",\"logo\":{\"@type\":\"ImageObject\",\"inLanguage\":\"es-MX\",\"@id\":\"https:\/\/compuviper.mx\/tienda\/#\/schema\/logo\/image\/\",\"url\":\"https:\/\/compuviper.mx\/tienda\/wp-content\/uploads\/2021\/08\/Logo-Compuviper-10.png\",\"contentUrl\":\"https:\/\/compuviper.mx\/tienda\/wp-content\/uploads\/2021\/08\/Logo-Compuviper-10.png\",\"width\":1000,\"height\":500,\"caption\":\"Compuviper\"},\"image\":{\"@id\":\"https:\/\/compuviper.mx\/tienda\/#\/schema\/logo\/image\/\"},\"sameAs\":[\"https:\/\/www.facebook.com\/compuviper\",\"https:\/\/www.youtube.com\/channel\/UCf73dERp9Y3cfOq7q8BhLjA?view_as=subscriber\"]}]}<\/script>\n<meta property=\"product:brand\" content=\"Balam Rush\" \/>\n<meta property=\"product:price:amount\" content=\"9924\" \/>\n<meta property=\"product:price:currency\" content=\"MXN\" \/>\n<meta property=\"og:availability\" content=\"out of stock\" \/>\n<meta property=\"product:availability\" content=\"out of stock\" \/>\n<meta property=\"product:retailer_item_id\" content=\"BR-944144\" \/>\n<meta property=\"product:condition\" content=\"new\" \/>\n<!-- \/ Yoast SEO plugin. -->","yoast_head_json":{"title":"[ Balam Rush ] &#129351; Br-944144 Monitor Gamer Cosmos Titan Mct49x \/ 49 Pulg \/ Curvo \/ Led \/ 120 Hz \/ Vesa 75 X 75 Mm \/ 1 Ms \/ R1500 \/ Bocinas Integradas \/ Ajuste De Altura E Inclinacion \/ Negro \/","description":"Compra Br-944144 Monitor Gamer Cosmos Titan Mct49x \/ 49 Pulg \/ Curvo \/ Led \/ 120 Hz \/ Vesa 75 X 75 Mm \/ 1 Ms \/ R1500 \/ Bocinas Integradas \/ Ajuste De Altura E Inclinacion \/ Negro \/ + Env\u00edo a domicilio + Pago seguro + Garant\u00eda","robots":{"index":"index","follow":"follow","max-snippet":"max-snippet:-1","max-image-preview":"max-image-preview:large","max-video-preview":"max-video-preview:-1"},"canonical":"https:\/\/compuviper.mx\/tienda\/producto\/balam-rush-br-944144-monitor-gamer-cosmos-titan-mct49x-49-pulg-curvo-led-120-hz-vesa-75-x-75-mm-1-ms-r1500-bocinas-integradas-ajuste-de-altura-e-inclinacion-negro\/","og_locale":"es_MX","og_type":"article","og_title":"[ Balam Rush ] &#129351; Br-944144 Monitor Gamer Cosmos Titan Mct49x \/ 49 Pulg \/ Curvo \/ Led \/ 120 Hz \/ Vesa 75 X 75 Mm \/ 1 Ms \/ R1500 \/ Bocinas Integradas \/ Ajuste De Altura E Inclinacion \/ Negro \/","og_description":"Compra Br-944144 Monitor Gamer Cosmos Titan Mct49x \/ 49 Pulg \/ Curvo \/ Led \/ 120 Hz \/ Vesa 75 X 75 Mm \/ 1 Ms \/ R1500 \/ Bocinas Integradas \/ Ajuste De Altura E Inclinacion \/ Negro \/ + Env\u00edo a domicilio + Pago seguro + Garant\u00eda","og_url":"https:\/\/compuviper.mx\/tienda\/producto\/balam-rush-br-944144-monitor-gamer-cosmos-titan-mct49x-49-pulg-curvo-led-120-hz-vesa-75-x-75-mm-1-ms-r1500-bocinas-integradas-ajuste-de-altura-e-inclinacion-negro\/","og_site_name":"Compuviper","article_publisher":"https:\/\/www.facebook.com\/compuviper","twitter_card":"summary_large_image","twitter_misc":{"Precio":"&#36;9,924 con IVA","Availability":"Out of stock"},"schema":{"@context":"https:\/\/schema.org","@graph":[{"@type":"WebPage","@id":"https:\/\/compuviper.mx\/tienda\/producto\/balam-rush-br-944144-monitor-gamer-cosmos-titan-mct49x-49-pulg-curvo-led-120-hz-vesa-75-x-75-mm-1-ms-r1500-bocinas-integradas-ajuste-de-altura-e-inclinacion-negro\/","url":"https:\/\/compuviper.mx\/tienda\/producto\/balam-rush-br-944144-monitor-gamer-cosmos-titan-mct49x-49-pulg-curvo-led-120-hz-vesa-75-x-75-mm-1-ms-r1500-bocinas-integradas-ajuste-de-altura-e-inclinacion-negro\/","name":"[ Balam Rush ] &#129351; Br-944144 Monitor Gamer Cosmos Titan Mct49x \/ 49 Pulg \/ Curvo \/ Led \/ 120 Hz \/ Vesa 75 X 75 Mm \/ 1 Ms \/ R1500 \/ Bocinas Integradas \/ Ajuste De Altura E Inclinacion \/ Negro \/","isPartOf":{"@id":"https:\/\/compuviper.mx\/tienda\/#website"},"datePublished":"2026-04-02T06:55:39+00:00","dateModified":"2026-04-02T06:55:39+00:00","description":"Compra Br-944144 Monitor Gamer Cosmos Titan Mct49x \/ 49 Pulg \/ Curvo \/ Led \/ 120 Hz \/ Vesa 75 X 75 Mm \/ 1 Ms \/ R1500 \/ Bocinas Integradas \/ Ajuste De Altura E Inclinacion \/ Negro \/ + Env\u00edo a domicilio + Pago seguro + Garant\u00eda","breadcrumb":{"@id":"https:\/\/compuviper.mx\/tienda\/producto\/balam-rush-br-944144-monitor-gamer-cosmos-titan-mct49x-49-pulg-curvo-led-120-hz-vesa-75-x-75-mm-1-ms-r1500-bocinas-integradas-ajuste-de-altura-e-inclinacion-negro\/#breadcrumb"},"inLanguage":"es-MX","potentialAction":[{"@type":"ReadAction","target":["https:\/\/compuviper.mx\/tienda\/producto\/balam-rush-br-944144-monitor-gamer-cosmos-titan-mct49x-49-pulg-curvo-led-120-hz-vesa-75-x-75-mm-1-ms-r1500-bocinas-integradas-ajuste-de-altura-e-inclinacion-negro\/"]}]},{"@type":"BreadcrumbList","@id":"https:\/\/compuviper.mx\/tienda\/producto\/balam-rush-br-944144-monitor-gamer-cosmos-titan-mct49x-49-pulg-curvo-led-120-hz-vesa-75-x-75-mm-1-ms-r1500-bocinas-integradas-ajuste-de-altura-e-inclinacion-negro\/#breadcrumb","itemListElement":[{"@type":"ListItem","position":1,"name":"Inicio","item":"https:\/\/compuviper.mx\/tienda\/"},{"@type":"ListItem","position":2,"name":"Productos","item":"https:\/\/compuviper.mx\/tienda\/productos\/"},{"@type":"ListItem","position":3,"name":"Monitores","item":"https:\/\/compuviper.mx\/tienda\/categoria-producto\/monitores\/"},{"@type":"ListItem","position":4,"name":"Led","item":"https:\/\/compuviper.mx\/tienda\/categoria-producto\/monitores\/led\/"},{"@type":"ListItem","position":5,"name":"Balam Rush Br-944144 Monitor Gamer Cosmos Titan Mct49x \/ 49 Pulg \/ Curvo \/ Led \/ 120 Hz \/ Vesa 75 X 75 Mm \/ 1 Ms \/ R1500 \/ Bocinas Integradas \/ Ajuste De Altura E Inclinacion \/ Negro \/"}]},{"@type":"WebSite","@id":"https:\/\/compuviper.mx\/tienda\/#website","url":"https:\/\/compuviper.mx\/tienda\/","name":"Compuviper","description":"Proveedor de Computadoras, Laptops, Servidores, Monitores, Puntos de Venta, Teclados,   Impresoras, T\u00f3ner, C\u00e1maras de Seguridad y m\u00e1s en tu tienda en l\u00ednea","publisher":{"@id":"https:\/\/compuviper.mx\/tienda\/#organization"},"potentialAction":[{"@type":"SearchAction","target":{"@type":"EntryPoint","urlTemplate":"https:\/\/compuviper.mx\/tienda\/?s={search_term_string}"},"query-input":"required name=search_term_string"}],"inLanguage":"es-MX"},{"@type":"Organization","@id":"https:\/\/compuviper.mx\/tienda\/#organization","name":"Compuviper","url":"https:\/\/compuviper.mx\/tienda\/","logo":{"@type":"ImageObject","inLanguage":"es-MX","@id":"https:\/\/compuviper.mx\/tienda\/#\/schema\/logo\/image\/","url":"https:\/\/compuviper.mx\/tienda\/wp-content\/uploads\/2021\/08\/Logo-Compuviper-10.png","contentUrl":"https:\/\/compuviper.mx\/tienda\/wp-content\/uploads\/2021\/08\/Logo-Compuviper-10.png","width":1000,"height":500,"caption":"Compuviper"},"image":{"@id":"https:\/\/compuviper.mx\/tienda\/#\/schema\/logo\/image\/"},"sameAs":["https:\/\/www.facebook.com\/compuviper","https:\/\/www.youtube.com\/channel\/UCf73dERp9Y3cfOq7q8BhLjA?view_as=subscriber"]}]},"product_brand":"Balam Rush","product_price_amount":"9924","product_price_currency":"MXN","og_availability":"out of stock","product_availability":"out of stock","product_retailer_item_id":"BR-944144","product_condition":"new"},"_links":{"self":[{"href":"https:\/\/compuviper.mx\/tienda\/wp-json\/wp\/v2\/product\/266424"}],"collection":[{"href":"https:\/\/compuviper.mx\/tienda\/wp-json\/wp\/v2\/product"}],"about":[{"href":"https:\/\/compuviper.mx\/tienda\/wp-json\/wp\/v2\/types\/product"}],"replies":[{"embeddable":true,"href":"https:\/\/compuviper.mx\/tienda\/wp-json\/wp\/v2\/comments?post=266424"}],"wp:attachment":[{"href":"https:\/\/compuviper.mx\/tienda\/wp-json\/wp\/v2\/media?parent=266424"}],"wp:term":[{"taxonomy":"product_cat","embeddable":true,"href":"https:\/\/compuviper.mx\/tienda\/wp-json\/wp\/v2\/product_cat?post=266424"},{"taxonomy":"product_tag","embeddable":true,"href":"https:\/\/compuviper.mx\/tienda\/wp-json\/wp\/v2\/product_tag?post=266424"}],"curies":[{"name":"wp","href":"https:\/\/api.w.org\/{rel}","templated":true}]}}