{"id":266415,"date":"2026-04-11T00:45:45","date_gmt":"2026-04-11T06:45:45","guid":{"rendered":"https:\/\/compuviper.mx\/tienda\/producto\/ecs-89-206-mj9315881038052403-mb-cpu-integrado-intel-n4020-1x-sodimm-ddr4-2133-vga-hdmi-6xusb-mini-itx-gama-basica\/"},"modified":"2026-04-11T00:45:45","modified_gmt":"2026-04-11T06:45:45","slug":"ecs-89-206-mj9315881038052403-mb-cpu-integrado-intel-n4020-1x-sodimm-ddr4-2133-vga-hdmi-6xusb-mini-itx-gama-basica","status":"publish","type":"product","link":"https:\/\/compuviper.mx\/tienda\/producto\/ecs-89-206-mj9315881038052403-mb-cpu-integrado-intel-n4020-1x-sodimm-ddr4-2133-vga-hdmi-6xusb-mini-itx-gama-basica\/","title":{"rendered":"Ecs 89-206-mj9315,881038052403 Mb  Cpu Integrado Intel N4020 \/1x Sodimm Ddr4 2133\/vga\/hdmi\/6xusb \/mini Itx\/gama Basica"},"content":{"rendered":"<table class=\"descripcion\">\n<tr>\n<td>Cpu<\/td>\n<\/tr>\n<tr>\n<td>Procesadores integrados intel\u00ae gimini lake<\/td>\n<\/tr>\n<tr>\n<td>Diseo de alimentacin por 1 fases<\/td>\n<\/tr>\n<tr>\n<td>Diseo de capacitor 100 slido<\/td>\n<\/tr>\n<tr>\n<td>Chipset<\/td>\n<\/tr>\n<tr>\n<td>Conjunto de chips express de intel\u00ae gimini lake<\/td>\n<\/tr>\n<tr>\n<td>Graphics<\/td>\n<\/tr>\n<tr>\n<td>Compatible con directx\u00ae 12<\/td>\n<\/tr>\n<tr>\n<td>Compatible con hdmi 1.4a y premium audio<\/td>\n<\/tr>\n<tr>\n<td>Supports dp 1.2<\/td>\n<\/tr>\n<tr>\n<td>Memory<\/td>\n<\/tr>\n<tr>\n<td>Arquitectura de memoria single-channelddr4<\/td>\n<\/tr>\n<tr>\n<td>Soporta ddr4 2400 memorias no ecc, dimm so sin buffer<\/td>\n<\/tr>\n<tr>\n<td>1 x ddr4 so-dimm socket<\/td>\n<\/tr>\n<tr>\n<td>Support up to 8 gb<\/td>\n<\/tr>\n<tr>\n<td>Expansion slot<\/td>\n<\/tr>\n<tr>\n<td>1 x m.2 slot for wifi pcie gen 2<\/td>\n<\/tr>\n<tr>\n<td>Supports intel\u00ae cnvi<\/td>\n<\/tr>\n<tr>\n<td>Storage<\/td>\n<\/tr>\n<tr>\n<td>Compatible con conjunto de chips express gimini lake<\/td>\n<\/tr>\n<tr>\n<td>2 puertos serie ataiii 6 gb\/s<\/td>\n<\/tr>\n<tr>\n<td>Audio<\/td>\n<\/tr>\n<tr>\n<td>Cdec de audio hd de 6 canales<\/td>\n<\/tr>\n<tr>\n<td>Cdec de audio hd de 6 canales realtek alc897<\/td>\n<\/tr>\n<tr>\n<td>Lan<\/td>\n<\/tr>\n<tr>\n<td>Controlador fast ethernet realtek 8111h<\/td>\n<\/tr>\n<tr>\n<td>Usb<\/td>\n<\/tr>\n<tr>\n<td>4 x usb 3.2 gen 1&#215;1 ports up to 5gb\/s either rear i\/o or front header<\/td>\n<\/tr>\n<tr>\n<td>&#8211; 2 puertos del panel trasero<\/td>\n<\/tr>\n<tr>\n<td>&#8211; 2 puertos integrados<\/td>\n<\/tr>\n<tr>\n<td>6 puertos usb2.0 hasta 480 mb\/s<\/td>\n<\/tr>\n<tr>\n<td>&#8211; 2 puertos del panel trasero<\/td>\n<\/tr>\n<tr>\n<td>&#8211; 4 puertos integrados<\/td>\n<\/tr>\n<tr>\n<td>Rear panel i\/o<\/td>\n<\/tr>\n<tr>\n<td>1 conector de teclado y ratn para ps\/2<\/td>\n<\/tr>\n<tr>\n<td>1 puerto de audio salida de lnea\/entrada de lnea\/entrada de micrfono<\/td>\n<\/tr>\n<tr>\n<td>1 puertos rj-45<\/td>\n<\/tr>\n<tr>\n<td>1 puertos hdmi<\/td>\n<\/tr>\n<tr>\n<td>1 x puertos d-sub vga opcional<\/td>\n<\/tr>\n<tr>\n<td>1 puertos displayport opcional<\/td>\n<\/tr>\n<tr>\n<td>4 x usb 3.2 gen 1&#215;1 type a ports<\/td>\n<\/tr>\n<tr>\n<td>2 x usb2.0 ports<\/td>\n<\/tr>\n<tr>\n<td>Connectors  and  headers<\/td>\n<\/tr>\n<tr>\n<td>1 conector de fuente de alimentacin atx de 24 contactos<\/td>\n<\/tr>\n<tr>\n<td>1 conector sys_fan de 4 contactos<\/td>\n<\/tr>\n<tr>\n<td>1 cabezal de micrfono\/salida de altavoz del panel frontal<\/td>\n<\/tr>\n<tr>\n<td>1 cabezal de conmutacin\/led del panel frontal<\/td>\n<\/tr>\n<tr>\n<td>Support additional usb ports<\/td>\n<\/tr>\n<tr>\n<td>2 x usb 2.0 header<\/td>\n<\/tr>\n<tr>\n<td>2 conectores sata iii 6 gb\/s<\/td>\n<\/tr>\n<tr>\n<td>1 cabezal clr_cmos<\/td>\n<\/tr>\n<tr>\n<td>2 cabezales de puerto serie com<\/td>\n<\/tr>\n<tr>\n<td>1 cabezal de puerto paralelo lpt<\/td>\n<\/tr>\n<tr>\n<td>System bios<\/td>\n<\/tr>\n<tr>\n<td>Ami bios con 128 mb spi flash rom<\/td>\n<\/tr>\n<tr>\n<td>Pantalla doble<\/td>\n<\/tr>\n<tr>\n<td>Compatible con bios gui uefi<\/td>\n<\/tr>\n<tr>\n<td>Bios en varios idiomas<\/td>\n<\/tr>\n<tr>\n<td>Form factor<\/td>\n<\/tr>\n<tr>\n<td>Factor de forma mini itx<\/td>\n<\/tr>\n<tr>\n<td>170170<\/td>\n<\/tr>\n<tr>\n<td>Os support<\/td>\n<\/tr>\n<tr>\n<td>Windows 10 64-bit<\/td>\n<\/tr>\n<tr>\n<td>Certifications<\/td>\n<\/tr>\n<tr>\n<td>Certificacin ce\/fcc<\/td>\n<\/tr>\n<tr>\n<td>Certificacin whql<\/td>\n<\/tr>\n<tr>\n<td>Archive spec and 19981; and 38920; and 21246; and 36984;<\/td>\n<\/tr>\n<tr>\n<td>Compatible con la utilidad m.i.b. iii<\/td>\n<\/tr>\n<\/table>\n","protected":false},"excerpt":{"rendered":"<p>Glkd-i2. Windows 10 workable support. Compatible con la tecnologa durathon de ecs para garantizar la estabilidad, la fiabilidad y el rendimiento del sistema. Pcb de triple densidad; resistencia a temperaturas extremas; 1.5k de prueba marathon; caps slidos superiores. Ecs mib iii &#8211; sencilla interfaz con sobreaceleracin. Ecs intelligent ez utility : edlu<\/p>\n","protected":false},"featured_media":266416,"comment_status":"open","ping_status":"open","template":"","meta":[],"product_cat":[1730,1727],"product_tag":[1733],"acf":[],"yoast_head":"<!-- This site is optimized with the Yoast SEO plugin v21.7 - https:\/\/yoast.com\/wordpress\/plugins\/seo\/ -->\n<title>[ Ecs ] &#129351; 89-206-mj9315,881038052403 Mb Cpu Integrado Intel N4020 \/1x Sodimm Ddr4 2133\/vga\/hdmi\/6xusb \/mini Itx\/gama Basica<\/title>\n<meta name=\"description\" content=\"Compra 89-206-mj9315,881038052403 Mb Cpu Integrado Intel N4020 \/1x Sodimm Ddr4 2133\/vga\/hdmi\/6xusb \/mini Itx\/gama Basica + Env\u00edo a domicilio + Pago seguro + Garant\u00eda\" \/>\n<meta name=\"robots\" content=\"index, follow, max-snippet:-1, max-image-preview:large, max-video-preview:-1\" \/>\n<link rel=\"canonical\" href=\"https:\/\/compuviper.mx\/tienda\/producto\/ecs-89-206-mj9315881038052403-mb-cpu-integrado-intel-n4020-1x-sodimm-ddr4-2133-vga-hdmi-6xusb-mini-itx-gama-basica\/\" \/>\n<meta property=\"og:locale\" content=\"es_MX\" \/>\n<meta property=\"og:type\" content=\"article\" \/>\n<meta property=\"og:title\" content=\"[ Ecs ] &#129351; 89-206-mj9315,881038052403 Mb Cpu Integrado Intel N4020 \/1x Sodimm Ddr4 2133\/vga\/hdmi\/6xusb \/mini Itx\/gama Basica\" \/>\n<meta property=\"og:description\" content=\"Compra 89-206-mj9315,881038052403 Mb Cpu Integrado Intel N4020 \/1x Sodimm Ddr4 2133\/vga\/hdmi\/6xusb \/mini Itx\/gama Basica + Env\u00edo a domicilio + Pago seguro + Garant\u00eda\" \/>\n<meta property=\"og:url\" content=\"https:\/\/compuviper.mx\/tienda\/producto\/ecs-89-206-mj9315881038052403-mb-cpu-integrado-intel-n4020-1x-sodimm-ddr4-2133-vga-hdmi-6xusb-mini-itx-gama-basica\/\" \/>\n<meta property=\"og:site_name\" content=\"Compuviper\" \/>\n<meta property=\"article:publisher\" content=\"https:\/\/www.facebook.com\/compuviper\" \/>\n<meta property=\"og:image\" content=\"https:\/\/compuviper.mx\/tienda\/wp-content\/uploads\/2026\/02\/Mb-ecs-cpu-integrado-intel-n4020-1x-sodimm-ddr4-2133vgahdmi6xusb-mini-itxgama-basica.jpg\" \/>\n\t<meta property=\"og:image:width\" content=\"200\" \/>\n\t<meta property=\"og:image:height\" content=\"200\" \/>\n\t<meta property=\"og:image:type\" content=\"image\/jpeg\" \/>\n<meta name=\"twitter:card\" content=\"summary_large_image\" \/>\n<meta name=\"twitter:label1\" content=\"Precio\" \/>\n\t<meta name=\"twitter:data1\" content=\"&#36;949 con IVA\" \/>\n\t<meta name=\"twitter:label2\" content=\"Availability\" \/>\n\t<meta name=\"twitter:data2\" content=\"Out of stock\" \/>\n<script type=\"application\/ld+json\" class=\"yoast-schema-graph\">{\"@context\":\"https:\/\/schema.org\",\"@graph\":[{\"@type\":\"WebPage\",\"@id\":\"https:\/\/compuviper.mx\/tienda\/producto\/ecs-89-206-mj9315881038052403-mb-cpu-integrado-intel-n4020-1x-sodimm-ddr4-2133-vga-hdmi-6xusb-mini-itx-gama-basica\/\",\"url\":\"https:\/\/compuviper.mx\/tienda\/producto\/ecs-89-206-mj9315881038052403-mb-cpu-integrado-intel-n4020-1x-sodimm-ddr4-2133-vga-hdmi-6xusb-mini-itx-gama-basica\/\",\"name\":\"[ Ecs ] &#129351; 89-206-mj9315,881038052403 Mb Cpu Integrado Intel N4020 \/1x Sodimm Ddr4 2133\/vga\/hdmi\/6xusb \/mini Itx\/gama Basica\",\"isPartOf\":{\"@id\":\"https:\/\/compuviper.mx\/tienda\/#website\"},\"datePublished\":\"2026-04-11T06:45:45+00:00\",\"dateModified\":\"2026-04-11T06:45:45+00:00\",\"description\":\"Compra 89-206-mj9315,881038052403 Mb Cpu Integrado Intel N4020 \/1x Sodimm Ddr4 2133\/vga\/hdmi\/6xusb \/mini Itx\/gama Basica + Env\u00edo a domicilio + Pago seguro + Garant\u00eda\",\"breadcrumb\":{\"@id\":\"https:\/\/compuviper.mx\/tienda\/producto\/ecs-89-206-mj9315881038052403-mb-cpu-integrado-intel-n4020-1x-sodimm-ddr4-2133-vga-hdmi-6xusb-mini-itx-gama-basica\/#breadcrumb\"},\"inLanguage\":\"es-MX\",\"potentialAction\":[{\"@type\":\"ReadAction\",\"target\":[\"https:\/\/compuviper.mx\/tienda\/producto\/ecs-89-206-mj9315881038052403-mb-cpu-integrado-intel-n4020-1x-sodimm-ddr4-2133-vga-hdmi-6xusb-mini-itx-gama-basica\/\"]}]},{\"@type\":\"BreadcrumbList\",\"@id\":\"https:\/\/compuviper.mx\/tienda\/producto\/ecs-89-206-mj9315881038052403-mb-cpu-integrado-intel-n4020-1x-sodimm-ddr4-2133-vga-hdmi-6xusb-mini-itx-gama-basica\/#breadcrumb\",\"itemListElement\":[{\"@type\":\"ListItem\",\"position\":1,\"name\":\"Inicio\",\"item\":\"https:\/\/compuviper.mx\/tienda\/\"},{\"@type\":\"ListItem\",\"position\":2,\"name\":\"Productos\",\"item\":\"https:\/\/compuviper.mx\/tienda\/productos\/\"},{\"@type\":\"ListItem\",\"position\":3,\"name\":\"Tarjeta Madre\",\"item\":\"https:\/\/compuviper.mx\/tienda\/categoria-producto\/tarjeta-madre\/\"},{\"@type\":\"ListItem\",\"position\":4,\"name\":\"Bundle\",\"item\":\"https:\/\/compuviper.mx\/tienda\/categoria-producto\/tarjeta-madre\/bundle\/\"},{\"@type\":\"ListItem\",\"position\":5,\"name\":\"Ecs 89-206-mj9315,881038052403 Mb Cpu Integrado Intel N4020 \/1x Sodimm Ddr4 2133\/vga\/hdmi\/6xusb \/mini Itx\/gama Basica\"}]},{\"@type\":\"WebSite\",\"@id\":\"https:\/\/compuviper.mx\/tienda\/#website\",\"url\":\"https:\/\/compuviper.mx\/tienda\/\",\"name\":\"Compuviper\",\"description\":\"Proveedor de Computadoras, Laptops, Servidores, Monitores, Puntos de Venta, Teclados,   Impresoras, T\u00f3ner, C\u00e1maras de Seguridad y m\u00e1s en tu tienda en l\u00ednea\",\"publisher\":{\"@id\":\"https:\/\/compuviper.mx\/tienda\/#organization\"},\"potentialAction\":[{\"@type\":\"SearchAction\",\"target\":{\"@type\":\"EntryPoint\",\"urlTemplate\":\"https:\/\/compuviper.mx\/tienda\/?s={search_term_string}\"},\"query-input\":\"required name=search_term_string\"}],\"inLanguage\":\"es-MX\"},{\"@type\":\"Organization\",\"@id\":\"https:\/\/compuviper.mx\/tienda\/#organization\",\"name\":\"Compuviper\",\"url\":\"https:\/\/compuviper.mx\/tienda\/\",\"logo\":{\"@type\":\"ImageObject\",\"inLanguage\":\"es-MX\",\"@id\":\"https:\/\/compuviper.mx\/tienda\/#\/schema\/logo\/image\/\",\"url\":\"https:\/\/compuviper.mx\/tienda\/wp-content\/uploads\/2021\/08\/Logo-Compuviper-10.png\",\"contentUrl\":\"https:\/\/compuviper.mx\/tienda\/wp-content\/uploads\/2021\/08\/Logo-Compuviper-10.png\",\"width\":1000,\"height\":500,\"caption\":\"Compuviper\"},\"image\":{\"@id\":\"https:\/\/compuviper.mx\/tienda\/#\/schema\/logo\/image\/\"},\"sameAs\":[\"https:\/\/www.facebook.com\/compuviper\",\"https:\/\/www.youtube.com\/channel\/UCf73dERp9Y3cfOq7q8BhLjA?view_as=subscriber\"]}]}<\/script>\n<meta property=\"product:brand\" content=\"ECS\" \/>\n<meta property=\"product:price:amount\" content=\"949\" \/>\n<meta property=\"product:price:currency\" content=\"MXN\" \/>\n<meta property=\"og:availability\" content=\"out of stock\" \/>\n<meta property=\"product:availability\" content=\"out of stock\" \/>\n<meta property=\"product:retailer_item_id\" content=\"89-206-MJ9315,881038052403\" \/>\n<meta property=\"product:condition\" content=\"new\" \/>\n<!-- \/ Yoast SEO plugin. -->","yoast_head_json":{"title":"[ Ecs ] &#129351; 89-206-mj9315,881038052403 Mb Cpu Integrado Intel N4020 \/1x Sodimm Ddr4 2133\/vga\/hdmi\/6xusb \/mini Itx\/gama Basica","description":"Compra 89-206-mj9315,881038052403 Mb Cpu Integrado Intel N4020 \/1x Sodimm Ddr4 2133\/vga\/hdmi\/6xusb \/mini Itx\/gama Basica + Env\u00edo a domicilio + Pago seguro + Garant\u00eda","robots":{"index":"index","follow":"follow","max-snippet":"max-snippet:-1","max-image-preview":"max-image-preview:large","max-video-preview":"max-video-preview:-1"},"canonical":"https:\/\/compuviper.mx\/tienda\/producto\/ecs-89-206-mj9315881038052403-mb-cpu-integrado-intel-n4020-1x-sodimm-ddr4-2133-vga-hdmi-6xusb-mini-itx-gama-basica\/","og_locale":"es_MX","og_type":"article","og_title":"[ Ecs ] &#129351; 89-206-mj9315,881038052403 Mb Cpu Integrado Intel N4020 \/1x Sodimm Ddr4 2133\/vga\/hdmi\/6xusb \/mini Itx\/gama Basica","og_description":"Compra 89-206-mj9315,881038052403 Mb Cpu Integrado Intel N4020 \/1x Sodimm Ddr4 2133\/vga\/hdmi\/6xusb \/mini Itx\/gama Basica + Env\u00edo a domicilio + Pago seguro + Garant\u00eda","og_url":"https:\/\/compuviper.mx\/tienda\/producto\/ecs-89-206-mj9315881038052403-mb-cpu-integrado-intel-n4020-1x-sodimm-ddr4-2133-vga-hdmi-6xusb-mini-itx-gama-basica\/","og_site_name":"Compuviper","article_publisher":"https:\/\/www.facebook.com\/compuviper","og_image":[{"width":200,"height":200,"url":"https:\/\/compuviper.mx\/tienda\/wp-content\/uploads\/2026\/02\/Mb-ecs-cpu-integrado-intel-n4020-1x-sodimm-ddr4-2133vgahdmi6xusb-mini-itxgama-basica.jpg","type":"image\/jpeg"}],"twitter_card":"summary_large_image","twitter_misc":{"Precio":"&#36;949 con IVA","Availability":"Out of stock"},"schema":{"@context":"https:\/\/schema.org","@graph":[{"@type":"WebPage","@id":"https:\/\/compuviper.mx\/tienda\/producto\/ecs-89-206-mj9315881038052403-mb-cpu-integrado-intel-n4020-1x-sodimm-ddr4-2133-vga-hdmi-6xusb-mini-itx-gama-basica\/","url":"https:\/\/compuviper.mx\/tienda\/producto\/ecs-89-206-mj9315881038052403-mb-cpu-integrado-intel-n4020-1x-sodimm-ddr4-2133-vga-hdmi-6xusb-mini-itx-gama-basica\/","name":"[ Ecs ] &#129351; 89-206-mj9315,881038052403 Mb Cpu Integrado Intel N4020 \/1x Sodimm Ddr4 2133\/vga\/hdmi\/6xusb \/mini Itx\/gama Basica","isPartOf":{"@id":"https:\/\/compuviper.mx\/tienda\/#website"},"datePublished":"2026-04-11T06:45:45+00:00","dateModified":"2026-04-11T06:45:45+00:00","description":"Compra 89-206-mj9315,881038052403 Mb Cpu Integrado Intel N4020 \/1x Sodimm Ddr4 2133\/vga\/hdmi\/6xusb \/mini Itx\/gama Basica + Env\u00edo a domicilio + Pago seguro + Garant\u00eda","breadcrumb":{"@id":"https:\/\/compuviper.mx\/tienda\/producto\/ecs-89-206-mj9315881038052403-mb-cpu-integrado-intel-n4020-1x-sodimm-ddr4-2133-vga-hdmi-6xusb-mini-itx-gama-basica\/#breadcrumb"},"inLanguage":"es-MX","potentialAction":[{"@type":"ReadAction","target":["https:\/\/compuviper.mx\/tienda\/producto\/ecs-89-206-mj9315881038052403-mb-cpu-integrado-intel-n4020-1x-sodimm-ddr4-2133-vga-hdmi-6xusb-mini-itx-gama-basica\/"]}]},{"@type":"BreadcrumbList","@id":"https:\/\/compuviper.mx\/tienda\/producto\/ecs-89-206-mj9315881038052403-mb-cpu-integrado-intel-n4020-1x-sodimm-ddr4-2133-vga-hdmi-6xusb-mini-itx-gama-basica\/#breadcrumb","itemListElement":[{"@type":"ListItem","position":1,"name":"Inicio","item":"https:\/\/compuviper.mx\/tienda\/"},{"@type":"ListItem","position":2,"name":"Productos","item":"https:\/\/compuviper.mx\/tienda\/productos\/"},{"@type":"ListItem","position":3,"name":"Tarjeta Madre","item":"https:\/\/compuviper.mx\/tienda\/categoria-producto\/tarjeta-madre\/"},{"@type":"ListItem","position":4,"name":"Bundle","item":"https:\/\/compuviper.mx\/tienda\/categoria-producto\/tarjeta-madre\/bundle\/"},{"@type":"ListItem","position":5,"name":"Ecs 89-206-mj9315,881038052403 Mb Cpu Integrado Intel N4020 \/1x Sodimm Ddr4 2133\/vga\/hdmi\/6xusb \/mini Itx\/gama Basica"}]},{"@type":"WebSite","@id":"https:\/\/compuviper.mx\/tienda\/#website","url":"https:\/\/compuviper.mx\/tienda\/","name":"Compuviper","description":"Proveedor de Computadoras, Laptops, Servidores, Monitores, Puntos de Venta, Teclados,   Impresoras, T\u00f3ner, C\u00e1maras de Seguridad y m\u00e1s en tu tienda en l\u00ednea","publisher":{"@id":"https:\/\/compuviper.mx\/tienda\/#organization"},"potentialAction":[{"@type":"SearchAction","target":{"@type":"EntryPoint","urlTemplate":"https:\/\/compuviper.mx\/tienda\/?s={search_term_string}"},"query-input":"required name=search_term_string"}],"inLanguage":"es-MX"},{"@type":"Organization","@id":"https:\/\/compuviper.mx\/tienda\/#organization","name":"Compuviper","url":"https:\/\/compuviper.mx\/tienda\/","logo":{"@type":"ImageObject","inLanguage":"es-MX","@id":"https:\/\/compuviper.mx\/tienda\/#\/schema\/logo\/image\/","url":"https:\/\/compuviper.mx\/tienda\/wp-content\/uploads\/2021\/08\/Logo-Compuviper-10.png","contentUrl":"https:\/\/compuviper.mx\/tienda\/wp-content\/uploads\/2021\/08\/Logo-Compuviper-10.png","width":1000,"height":500,"caption":"Compuviper"},"image":{"@id":"https:\/\/compuviper.mx\/tienda\/#\/schema\/logo\/image\/"},"sameAs":["https:\/\/www.facebook.com\/compuviper","https:\/\/www.youtube.com\/channel\/UCf73dERp9Y3cfOq7q8BhLjA?view_as=subscriber"]}]},"product_brand":"ECS","product_price_amount":"949","product_price_currency":"MXN","og_availability":"out of stock","product_availability":"out of stock","product_retailer_item_id":"89-206-MJ9315,881038052403","product_condition":"new"},"_links":{"self":[{"href":"https:\/\/compuviper.mx\/tienda\/wp-json\/wp\/v2\/product\/266415"}],"collection":[{"href":"https:\/\/compuviper.mx\/tienda\/wp-json\/wp\/v2\/product"}],"about":[{"href":"https:\/\/compuviper.mx\/tienda\/wp-json\/wp\/v2\/types\/product"}],"replies":[{"embeddable":true,"href":"https:\/\/compuviper.mx\/tienda\/wp-json\/wp\/v2\/comments?post=266415"}],"wp:featuredmedia":[{"embeddable":true,"href":"https:\/\/compuviper.mx\/tienda\/wp-json\/wp\/v2\/media\/266416"}],"wp:attachment":[{"href":"https:\/\/compuviper.mx\/tienda\/wp-json\/wp\/v2\/media?parent=266415"}],"wp:term":[{"taxonomy":"product_cat","embeddable":true,"href":"https:\/\/compuviper.mx\/tienda\/wp-json\/wp\/v2\/product_cat?post=266415"},{"taxonomy":"product_tag","embeddable":true,"href":"https:\/\/compuviper.mx\/tienda\/wp-json\/wp\/v2\/product_tag?post=266415"}],"curies":[{"name":"wp","href":"https:\/\/api.w.org\/{rel}","templated":true}]}}