{"id":266413,"date":"2026-04-07T00:40:05","date_gmt":"2026-04-07T06:40:05","guid":{"rendered":"https:\/\/compuviper.mx\/tienda\/producto\/sandisk-wds500g5g0a-00cpt0619659219253-unidad-de-estado-solido-ssd-interno-wd-green-500gb-2-5-sata3-6gb-s-lect-545mbs-7mm-laptop-mini-pc-wds500g5g0a-00cpt0\/"},"modified":"2026-04-07T00:40:05","modified_gmt":"2026-04-07T06:40:05","slug":"sandisk-wds500g5g0a-00cpt0619659219253-unidad-de-estado-solido-ssd-interno-wd-green-500gb-2-5-sata3-6gb-s-lect-545mbs-7mm-laptop-mini-pc-wds500g5g0a-00cpt0","status":"publish","type":"product","link":"https:\/\/compuviper.mx\/tienda\/producto\/sandisk-wds500g5g0a-00cpt0619659219253-unidad-de-estado-solido-ssd-interno-wd-green-500gb-2-5-sata3-6gb-s-lect-545mbs-7mm-laptop-mini-pc-wds500g5g0a-00cpt0\/","title":{"rendered":"Sandisk Wds500g5g0a-00cpt0,619659219253 Unidad De Estado Solido Ssd Interno Wd Green 500gb 2.5 Sata3 6gb\/s Lect.545mbs 7mm Laptop Mini Pc Wds500g5g0a-00cpt0"},"content":{"rendered":"<table class=\"descripcion\">\n<tr>\n<td>Capacidad  500 gb<\/td>\n<\/tr>\n<tr>\n<td>Formato  2.5-inch<\/td>\n<\/tr>\n<tr>\n<td>Rendimiento de lectura secuencial  545mb\/s<\/td>\n<\/tr>\n<tr>\n<td>Dimensiones largo, ancho y alto  100.5mm x 69.85mm x 7mm<\/td>\n<\/tr>\n<tr>\n<td>Garantia limitada de 3 aos<\/td>\n<\/tr>\n<tr>\n<td>Peso  32.7gms<\/td>\n<\/tr>\n<tr>\n<td>Temperatura de funcionamiento  0\u00b0c to 70\u00b0c<\/td>\n<\/tr>\n<tr>\n<td>Non-operating temperature  -55\u00b0c to 85\u00b0c<\/td>\n<\/tr>\n<tr>\n<td>Caracteristicas del producto :<\/td>\n<\/tr>\n<tr>\n<td>\u0095amplia la capacidad de almacenamiento de su pc o portatil con hasta 2 tb de almacenamiento ssd interno.<\/td>\n<\/tr>\n<tr>\n<td>\u0095arranca el sistema e inicia las aplicaciones de forma mas rapida con velocidades de ssd sata de hasta 545 mb\/s.<\/td>\n<\/tr>\n<tr>\n<td>\u0095resistencia frente a golpes y caidas accidentales.<\/td>\n<\/tr>\n<tr>\n<td>Compatibilidad :<\/td>\n<\/tr>\n<tr>\n<td>\u0095ordenadores de sobremesa<\/td>\n<\/tr>\n<tr>\n<td>\u0095ordenadores portatiles<\/td>\n<\/tr>\n<\/table>\n","protected":false},"excerpt":{"rendered":"<p>Almacenamiento mejorado para tus necesidades digitales del dia a dia. Al usarlos con ordenadores portatiles y de sobremesa, los wd green sata ssd amplian tu espacio de almacenamiento hasta 2 tb de tecnologia de estado slido. Arranca mas rapido, inicia mas rapido con un ssd sata con velocidades de hasta 545 mb\/s. Los ssd ofrecen resistencia a golpes contra caidas e impactos accidentales. Disponible con una carcasa de 2,5\u0094\/7 mm y en formatos m.2 2280 para adaptarse a la mayoria de los pc. La actualizacin se simplifica con el software3 de migracin de datos acronis true image para sandisk de descarga gratuitapuede ser necesario el cable, que se vende por separado. Trabaja con confianza gracias a la aplicacin sandisk dashboard4 para descargar, que te ayuda a supervisar tu ssd. Incluye una garantia limitada de 3 aos. Amplia el almacenamiento de tu ordenador y evita el borrado de archivos.Los wd green sata ssd estan disponibles con capacidades comprendidas entre 250 gb y 2 tb para adaptarse a tu presupuesto de almacenamiento. Aade la capacidad que necesita tu ordenador antiguo a fin de tener espacio para mas aplicaciones, videos, fotos o datos personales. Impulsa el rendimiento de tu ordenador para la informatica cotidiana. Mejora tu ordenador con un wd green sata ssd y aumenta el rendimiento para tus necesidades informaticas diarias. Arranca mas rapido, inicia mas rapido con un ssd sata con velocidades de hasta 545 mb\/s. Navega por la web, juega tus juegos informales favoritos o simplemente descarga y ve vdeos en un instante. Fiabilidad de estado solido. Los wd green sata ssd, diseados sin piezas moviles, estan fabricados para ser ligeros y resistentes a los impactos, de modo que no se pierdan datos en caso de que se produzcan golpes o caidas accidentales. Realiza la migracion a tu nuevo disco de forma sencilla. Los wd green sata ssd estan disponibles en el modelo de carcasa de 7 mm\/2,5 pulgadas y en el de m.2 2280, para evolucionar junto con los ordenadores mas nuevos y compactos. Con formatos que se adaptan a muchos ordenadores portatiles y de sobremesa, el wd green sata ssd esta listo para trabajar. Gracias al software gratuito acronis true image for sandisk, podras hacer la migracion de tu disco antiguo al nuevo es posible que se necesite un cable o hardware adicional, vendidos por separado. Supervisa con nuestro  sandisk dashboard. La aplicacion descargable sandisk dashboard4 te permite supervisar el rendimiento del nuevo disco y el espacio de almacenamiento; ademas, mantiene tu disco actualizado. Garantia limitada de 3 aos, dispondras de almacenamiento de confianza al actualizar tu disco sustituyendolo por un wd green sata ssd.<\/p>\n","protected":false},"featured_media":266414,"comment_status":"open","ping_status":"open","template":"","meta":[],"product_cat":[1703,1708],"product_tag":[1709],"acf":[],"yoast_head":"<!-- This site is optimized with the Yoast SEO plugin v21.7 - https:\/\/yoast.com\/wordpress\/plugins\/seo\/ -->\n<title>[ Sandisk ] &#129351; Wds500g5g0a-00cpt0,619659219253 Unidad De Estado Solido Ssd Interno Wd Green 500gb 2.5 Sata3 6gb\/s Lect.545mbs 7mm Laptop Mini Pc Wds500g5g0a-00cpt0<\/title>\n<meta name=\"description\" content=\"Compra Wds500g5g0a-00cpt0,619659219253 Unidad De Estado Solido Ssd Interno Wd Green 500gb 2.5 Sata3 6gb\/s Lect.545mbs 7mm Laptop Mini Pc Wds500g5g0a-00cpt0 + Env\u00edo a domicilio + Pago seguro + Garant\u00eda\" \/>\n<meta name=\"robots\" content=\"index, follow, max-snippet:-1, max-image-preview:large, max-video-preview:-1\" \/>\n<link rel=\"canonical\" href=\"https:\/\/compuviper.mx\/tienda\/producto\/sandisk-wds500g5g0a-00cpt0619659219253-unidad-de-estado-solido-ssd-interno-wd-green-500gb-2-5-sata3-6gb-s-lect-545mbs-7mm-laptop-mini-pc-wds500g5g0a-00cpt0\/\" \/>\n<meta property=\"og:locale\" content=\"es_MX\" \/>\n<meta property=\"og:type\" content=\"article\" \/>\n<meta property=\"og:title\" content=\"[ Sandisk ] &#129351; Wds500g5g0a-00cpt0,619659219253 Unidad De Estado Solido Ssd Interno Wd Green 500gb 2.5 Sata3 6gb\/s Lect.545mbs 7mm Laptop Mini Pc Wds500g5g0a-00cpt0\" \/>\n<meta property=\"og:description\" content=\"Compra Wds500g5g0a-00cpt0,619659219253 Unidad De Estado Solido Ssd Interno Wd Green 500gb 2.5 Sata3 6gb\/s Lect.545mbs 7mm Laptop Mini Pc Wds500g5g0a-00cpt0 + Env\u00edo a domicilio + Pago seguro + Garant\u00eda\" \/>\n<meta property=\"og:url\" content=\"https:\/\/compuviper.mx\/tienda\/producto\/sandisk-wds500g5g0a-00cpt0619659219253-unidad-de-estado-solido-ssd-interno-wd-green-500gb-2-5-sata3-6gb-s-lect-545mbs-7mm-laptop-mini-pc-wds500g5g0a-00cpt0\/\" \/>\n<meta property=\"og:site_name\" content=\"Compuviper\" \/>\n<meta property=\"article:publisher\" content=\"https:\/\/www.facebook.com\/compuviper\" \/>\n<meta property=\"og:image\" content=\"https:\/\/compuviper.mx\/tienda\/wp-content\/uploads\/2026\/02\/Unidad-de-estado-solido-ssd-interno-wd-green-500gb-2.5-sata3-6gbs-lect.545mbs-7mm-laptop-mini-pc-wds500g5g0a-00cpt0.jpg\" \/>\n\t<meta property=\"og:image:width\" content=\"200\" \/>\n\t<meta property=\"og:image:height\" content=\"200\" \/>\n\t<meta property=\"og:image:type\" content=\"image\/jpeg\" \/>\n<meta name=\"twitter:card\" content=\"summary_large_image\" \/>\n<meta name=\"twitter:label1\" content=\"Precio\" \/>\n\t<meta name=\"twitter:data1\" content=\"&#36;2,617 &#36;1,479 con IVA\" \/>\n\t<meta name=\"twitter:label2\" content=\"Availability\" \/>\n\t<meta name=\"twitter:data2\" content=\"In stock\" \/>\n<script type=\"application\/ld+json\" class=\"yoast-schema-graph\">{\"@context\":\"https:\/\/schema.org\",\"@graph\":[{\"@type\":\"WebPage\",\"@id\":\"https:\/\/compuviper.mx\/tienda\/producto\/sandisk-wds500g5g0a-00cpt0619659219253-unidad-de-estado-solido-ssd-interno-wd-green-500gb-2-5-sata3-6gb-s-lect-545mbs-7mm-laptop-mini-pc-wds500g5g0a-00cpt0\/\",\"url\":\"https:\/\/compuviper.mx\/tienda\/producto\/sandisk-wds500g5g0a-00cpt0619659219253-unidad-de-estado-solido-ssd-interno-wd-green-500gb-2-5-sata3-6gb-s-lect-545mbs-7mm-laptop-mini-pc-wds500g5g0a-00cpt0\/\",\"name\":\"[ Sandisk ] &#129351; Wds500g5g0a-00cpt0,619659219253 Unidad De Estado Solido Ssd Interno Wd Green 500gb 2.5 Sata3 6gb\/s Lect.545mbs 7mm Laptop Mini Pc Wds500g5g0a-00cpt0\",\"isPartOf\":{\"@id\":\"https:\/\/compuviper.mx\/tienda\/#website\"},\"datePublished\":\"2026-04-07T06:40:05+00:00\",\"dateModified\":\"2026-04-07T06:40:05+00:00\",\"description\":\"Compra Wds500g5g0a-00cpt0,619659219253 Unidad De Estado Solido Ssd Interno Wd Green 500gb 2.5 Sata3 6gb\/s Lect.545mbs 7mm Laptop Mini Pc Wds500g5g0a-00cpt0 + Env\u00edo a domicilio + Pago seguro + Garant\u00eda\",\"breadcrumb\":{\"@id\":\"https:\/\/compuviper.mx\/tienda\/producto\/sandisk-wds500g5g0a-00cpt0619659219253-unidad-de-estado-solido-ssd-interno-wd-green-500gb-2-5-sata3-6gb-s-lect-545mbs-7mm-laptop-mini-pc-wds500g5g0a-00cpt0\/#breadcrumb\"},\"inLanguage\":\"es-MX\",\"potentialAction\":[{\"@type\":\"ReadAction\",\"target\":[\"https:\/\/compuviper.mx\/tienda\/producto\/sandisk-wds500g5g0a-00cpt0619659219253-unidad-de-estado-solido-ssd-interno-wd-green-500gb-2-5-sata3-6gb-s-lect-545mbs-7mm-laptop-mini-pc-wds500g5g0a-00cpt0\/\"]}]},{\"@type\":\"BreadcrumbList\",\"@id\":\"https:\/\/compuviper.mx\/tienda\/producto\/sandisk-wds500g5g0a-00cpt0619659219253-unidad-de-estado-solido-ssd-interno-wd-green-500gb-2-5-sata3-6gb-s-lect-545mbs-7mm-laptop-mini-pc-wds500g5g0a-00cpt0\/#breadcrumb\",\"itemListElement\":[{\"@type\":\"ListItem\",\"position\":1,\"name\":\"Inicio\",\"item\":\"https:\/\/compuviper.mx\/tienda\/\"},{\"@type\":\"ListItem\",\"position\":2,\"name\":\"Productos\",\"item\":\"https:\/\/compuviper.mx\/tienda\/productos\/\"},{\"@type\":\"ListItem\",\"position\":3,\"name\":\"Discos Duros\",\"item\":\"https:\/\/compuviper.mx\/tienda\/categoria-producto\/discos-duros\/\"},{\"@type\":\"ListItem\",\"position\":4,\"name\":\"Unidad De Estado Solido\",\"item\":\"https:\/\/compuviper.mx\/tienda\/categoria-producto\/discos-duros\/unidad-de-estado-solido\/\"},{\"@type\":\"ListItem\",\"position\":5,\"name\":\"Sandisk Wds500g5g0a-00cpt0,619659219253 Unidad De Estado Solido Ssd Interno Wd Green 500gb 2.5 Sata3 6gb\/s Lect.545mbs 7mm Laptop Mini Pc Wds500g5g0a-00cpt0\"}]},{\"@type\":\"WebSite\",\"@id\":\"https:\/\/compuviper.mx\/tienda\/#website\",\"url\":\"https:\/\/compuviper.mx\/tienda\/\",\"name\":\"Compuviper\",\"description\":\"Proveedor de Computadoras, Laptops, Servidores, Monitores, Puntos de Venta, Teclados,   Impresoras, T\u00f3ner, C\u00e1maras de Seguridad y m\u00e1s en tu tienda en l\u00ednea\",\"publisher\":{\"@id\":\"https:\/\/compuviper.mx\/tienda\/#organization\"},\"potentialAction\":[{\"@type\":\"SearchAction\",\"target\":{\"@type\":\"EntryPoint\",\"urlTemplate\":\"https:\/\/compuviper.mx\/tienda\/?s={search_term_string}\"},\"query-input\":\"required name=search_term_string\"}],\"inLanguage\":\"es-MX\"},{\"@type\":\"Organization\",\"@id\":\"https:\/\/compuviper.mx\/tienda\/#organization\",\"name\":\"Compuviper\",\"url\":\"https:\/\/compuviper.mx\/tienda\/\",\"logo\":{\"@type\":\"ImageObject\",\"inLanguage\":\"es-MX\",\"@id\":\"https:\/\/compuviper.mx\/tienda\/#\/schema\/logo\/image\/\",\"url\":\"https:\/\/compuviper.mx\/tienda\/wp-content\/uploads\/2021\/08\/Logo-Compuviper-10.png\",\"contentUrl\":\"https:\/\/compuviper.mx\/tienda\/wp-content\/uploads\/2021\/08\/Logo-Compuviper-10.png\",\"width\":1000,\"height\":500,\"caption\":\"Compuviper\"},\"image\":{\"@id\":\"https:\/\/compuviper.mx\/tienda\/#\/schema\/logo\/image\/\"},\"sameAs\":[\"https:\/\/www.facebook.com\/compuviper\",\"https:\/\/www.youtube.com\/channel\/UCf73dERp9Y3cfOq7q8BhLjA?view_as=subscriber\"]}]}<\/script>\n<meta property=\"product:brand\" content=\"SANDISK\" \/>\n<meta property=\"product:price:amount\" content=\"1479\" \/>\n<meta property=\"product:price:currency\" content=\"MXN\" \/>\n<meta property=\"og:availability\" content=\"instock\" \/>\n<meta property=\"product:availability\" content=\"instock\" \/>\n<meta property=\"product:retailer_item_id\" content=\"WDS500G5G0A-00CPT0,619659219253\" \/>\n<meta property=\"product:condition\" content=\"new\" \/>\n<!-- \/ Yoast SEO plugin. -->","yoast_head_json":{"title":"[ Sandisk ] &#129351; Wds500g5g0a-00cpt0,619659219253 Unidad De Estado Solido Ssd Interno Wd Green 500gb 2.5 Sata3 6gb\/s Lect.545mbs 7mm Laptop Mini Pc Wds500g5g0a-00cpt0","description":"Compra Wds500g5g0a-00cpt0,619659219253 Unidad De Estado Solido Ssd Interno Wd Green 500gb 2.5 Sata3 6gb\/s Lect.545mbs 7mm Laptop Mini Pc Wds500g5g0a-00cpt0 + Env\u00edo a domicilio + Pago seguro + Garant\u00eda","robots":{"index":"index","follow":"follow","max-snippet":"max-snippet:-1","max-image-preview":"max-image-preview:large","max-video-preview":"max-video-preview:-1"},"canonical":"https:\/\/compuviper.mx\/tienda\/producto\/sandisk-wds500g5g0a-00cpt0619659219253-unidad-de-estado-solido-ssd-interno-wd-green-500gb-2-5-sata3-6gb-s-lect-545mbs-7mm-laptop-mini-pc-wds500g5g0a-00cpt0\/","og_locale":"es_MX","og_type":"article","og_title":"[ Sandisk ] &#129351; Wds500g5g0a-00cpt0,619659219253 Unidad De Estado Solido Ssd Interno Wd Green 500gb 2.5 Sata3 6gb\/s Lect.545mbs 7mm Laptop Mini Pc Wds500g5g0a-00cpt0","og_description":"Compra Wds500g5g0a-00cpt0,619659219253 Unidad De Estado Solido Ssd Interno Wd Green 500gb 2.5 Sata3 6gb\/s Lect.545mbs 7mm Laptop Mini Pc Wds500g5g0a-00cpt0 + Env\u00edo a domicilio + Pago seguro + Garant\u00eda","og_url":"https:\/\/compuviper.mx\/tienda\/producto\/sandisk-wds500g5g0a-00cpt0619659219253-unidad-de-estado-solido-ssd-interno-wd-green-500gb-2-5-sata3-6gb-s-lect-545mbs-7mm-laptop-mini-pc-wds500g5g0a-00cpt0\/","og_site_name":"Compuviper","article_publisher":"https:\/\/www.facebook.com\/compuviper","og_image":[{"width":200,"height":200,"url":"https:\/\/compuviper.mx\/tienda\/wp-content\/uploads\/2026\/02\/Unidad-de-estado-solido-ssd-interno-wd-green-500gb-2.5-sata3-6gbs-lect.545mbs-7mm-laptop-mini-pc-wds500g5g0a-00cpt0.jpg","type":"image\/jpeg"}],"twitter_card":"summary_large_image","twitter_misc":{"Precio":"&#36;2,617 &#36;1,479 con IVA","Availability":"In stock"},"schema":{"@context":"https:\/\/schema.org","@graph":[{"@type":"WebPage","@id":"https:\/\/compuviper.mx\/tienda\/producto\/sandisk-wds500g5g0a-00cpt0619659219253-unidad-de-estado-solido-ssd-interno-wd-green-500gb-2-5-sata3-6gb-s-lect-545mbs-7mm-laptop-mini-pc-wds500g5g0a-00cpt0\/","url":"https:\/\/compuviper.mx\/tienda\/producto\/sandisk-wds500g5g0a-00cpt0619659219253-unidad-de-estado-solido-ssd-interno-wd-green-500gb-2-5-sata3-6gb-s-lect-545mbs-7mm-laptop-mini-pc-wds500g5g0a-00cpt0\/","name":"[ Sandisk ] &#129351; Wds500g5g0a-00cpt0,619659219253 Unidad De Estado Solido Ssd Interno Wd Green 500gb 2.5 Sata3 6gb\/s Lect.545mbs 7mm Laptop Mini Pc Wds500g5g0a-00cpt0","isPartOf":{"@id":"https:\/\/compuviper.mx\/tienda\/#website"},"datePublished":"2026-04-07T06:40:05+00:00","dateModified":"2026-04-07T06:40:05+00:00","description":"Compra Wds500g5g0a-00cpt0,619659219253 Unidad De Estado Solido Ssd Interno Wd Green 500gb 2.5 Sata3 6gb\/s Lect.545mbs 7mm Laptop Mini Pc Wds500g5g0a-00cpt0 + Env\u00edo a domicilio + Pago seguro + Garant\u00eda","breadcrumb":{"@id":"https:\/\/compuviper.mx\/tienda\/producto\/sandisk-wds500g5g0a-00cpt0619659219253-unidad-de-estado-solido-ssd-interno-wd-green-500gb-2-5-sata3-6gb-s-lect-545mbs-7mm-laptop-mini-pc-wds500g5g0a-00cpt0\/#breadcrumb"},"inLanguage":"es-MX","potentialAction":[{"@type":"ReadAction","target":["https:\/\/compuviper.mx\/tienda\/producto\/sandisk-wds500g5g0a-00cpt0619659219253-unidad-de-estado-solido-ssd-interno-wd-green-500gb-2-5-sata3-6gb-s-lect-545mbs-7mm-laptop-mini-pc-wds500g5g0a-00cpt0\/"]}]},{"@type":"BreadcrumbList","@id":"https:\/\/compuviper.mx\/tienda\/producto\/sandisk-wds500g5g0a-00cpt0619659219253-unidad-de-estado-solido-ssd-interno-wd-green-500gb-2-5-sata3-6gb-s-lect-545mbs-7mm-laptop-mini-pc-wds500g5g0a-00cpt0\/#breadcrumb","itemListElement":[{"@type":"ListItem","position":1,"name":"Inicio","item":"https:\/\/compuviper.mx\/tienda\/"},{"@type":"ListItem","position":2,"name":"Productos","item":"https:\/\/compuviper.mx\/tienda\/productos\/"},{"@type":"ListItem","position":3,"name":"Discos Duros","item":"https:\/\/compuviper.mx\/tienda\/categoria-producto\/discos-duros\/"},{"@type":"ListItem","position":4,"name":"Unidad De Estado Solido","item":"https:\/\/compuviper.mx\/tienda\/categoria-producto\/discos-duros\/unidad-de-estado-solido\/"},{"@type":"ListItem","position":5,"name":"Sandisk Wds500g5g0a-00cpt0,619659219253 Unidad De Estado Solido Ssd Interno Wd Green 500gb 2.5 Sata3 6gb\/s Lect.545mbs 7mm Laptop Mini Pc Wds500g5g0a-00cpt0"}]},{"@type":"WebSite","@id":"https:\/\/compuviper.mx\/tienda\/#website","url":"https:\/\/compuviper.mx\/tienda\/","name":"Compuviper","description":"Proveedor de Computadoras, Laptops, Servidores, Monitores, Puntos de Venta, Teclados,   Impresoras, T\u00f3ner, C\u00e1maras de Seguridad y m\u00e1s en tu tienda en l\u00ednea","publisher":{"@id":"https:\/\/compuviper.mx\/tienda\/#organization"},"potentialAction":[{"@type":"SearchAction","target":{"@type":"EntryPoint","urlTemplate":"https:\/\/compuviper.mx\/tienda\/?s={search_term_string}"},"query-input":"required name=search_term_string"}],"inLanguage":"es-MX"},{"@type":"Organization","@id":"https:\/\/compuviper.mx\/tienda\/#organization","name":"Compuviper","url":"https:\/\/compuviper.mx\/tienda\/","logo":{"@type":"ImageObject","inLanguage":"es-MX","@id":"https:\/\/compuviper.mx\/tienda\/#\/schema\/logo\/image\/","url":"https:\/\/compuviper.mx\/tienda\/wp-content\/uploads\/2021\/08\/Logo-Compuviper-10.png","contentUrl":"https:\/\/compuviper.mx\/tienda\/wp-content\/uploads\/2021\/08\/Logo-Compuviper-10.png","width":1000,"height":500,"caption":"Compuviper"},"image":{"@id":"https:\/\/compuviper.mx\/tienda\/#\/schema\/logo\/image\/"},"sameAs":["https:\/\/www.facebook.com\/compuviper","https:\/\/www.youtube.com\/channel\/UCf73dERp9Y3cfOq7q8BhLjA?view_as=subscriber"]}]},"product_brand":"SANDISK","product_price_amount":"1479","product_price_currency":"MXN","og_availability":"instock","product_availability":"instock","product_retailer_item_id":"WDS500G5G0A-00CPT0,619659219253","product_condition":"new"},"_links":{"self":[{"href":"https:\/\/compuviper.mx\/tienda\/wp-json\/wp\/v2\/product\/266413"}],"collection":[{"href":"https:\/\/compuviper.mx\/tienda\/wp-json\/wp\/v2\/product"}],"about":[{"href":"https:\/\/compuviper.mx\/tienda\/wp-json\/wp\/v2\/types\/product"}],"replies":[{"embeddable":true,"href":"https:\/\/compuviper.mx\/tienda\/wp-json\/wp\/v2\/comments?post=266413"}],"wp:featuredmedia":[{"embeddable":true,"href":"https:\/\/compuviper.mx\/tienda\/wp-json\/wp\/v2\/media\/266414"}],"wp:attachment":[{"href":"https:\/\/compuviper.mx\/tienda\/wp-json\/wp\/v2\/media?parent=266413"}],"wp:term":[{"taxonomy":"product_cat","embeddable":true,"href":"https:\/\/compuviper.mx\/tienda\/wp-json\/wp\/v2\/product_cat?post=266413"},{"taxonomy":"product_tag","embeddable":true,"href":"https:\/\/compuviper.mx\/tienda\/wp-json\/wp\/v2\/product_tag?post=266413"}],"curies":[{"name":"wp","href":"https:\/\/api.w.org\/{rel}","templated":true}]}}