{"id":266393,"date":"2026-04-02T00:35:22","date_gmt":"2026-04-02T06:35:22","guid":{"rendered":"https:\/\/compuviper.mx\/tienda\/producto\/seagate-st8000vn004-disco-duro-interno-ironwolf-8tb-3-5-escritorio-sata3-6gb-s-256mb-7200rpm-24x7-hot-plug-nas-1-8-bahia\/"},"modified":"2026-04-03T00:00:09","modified_gmt":"2026-04-03T06:00:09","slug":"seagate-st8000vn004-disco-duro-interno-ironwolf-8tb-3-5-escritorio-sata3-6gb-s-256mb-7200rpm-24x7-hot-plug-nas-1-8-bahia","status":"publish","type":"product","link":"https:\/\/compuviper.mx\/tienda\/producto\/seagate-st8000vn004-disco-duro-interno-ironwolf-8tb-3-5-escritorio-sata3-6gb-s-256mb-7200rpm-24x7-hot-plug-nas-1-8-bahia\/","title":{"rendered":"Seagate St8000vn004 Disco Duro Interno  Ironwolf 8tb 3.5 Escritorio Sata3 6gb\/s 256mb 7200rpm 24&#215;7 Hot-plug Nas 1-8 Bahia"},"content":{"rendered":"<table class=\"descripcion\">\n<tr>\n<td>Capacidad<\/td>\n<\/tr>\n<tr>\n<td>8 tb<\/td>\n<\/tr>\n<tr>\n<td>N\u00famero de n\u00famero de modelo est\u00e1ndar<\/td>\n<\/tr>\n<tr>\n<td>St8000vn004<\/td>\n<\/tr>\n<tr>\n<td>Interfaz<\/td>\n<\/tr>\n<tr>\n<td>Sata de 6 gb\/s<\/td>\n<\/tr>\n<tr>\n<td>Funciones y rendimiento<\/td>\n<\/tr>\n<tr>\n<td>Bah\u00edas de unidad admitidas<\/td>\n<\/tr>\n<tr>\n<td>1 a 8 bah\u00edas<\/td>\n<\/tr>\n<tr>\n<td>Grabaci\u00f3n magn\u00e9tica convencional (conventional magnetic recording, cmr)<\/td>\n<\/tr>\n<tr>\n<td>S\u00ed<\/td>\n<\/tr>\n<tr>\n<td>Sensor de vibraci\u00f3n giratoria (vg)<\/td>\n<\/tr>\n<tr>\n<td>S\u00ed<\/td>\n<\/tr>\n<tr>\n<td>Equilibrio de doble plano<\/td>\n<\/tr>\n<tr>\n<td>S\u00ed<\/td>\n<\/tr>\n<tr>\n<td>Control de recuperaci\u00f3n de errores<\/td>\n<\/tr>\n<tr>\n<td>S\u00ed<\/td>\n<\/tr>\n<tr>\n<td>M\u00e1x. velocidad de transferencia continua od (mb\/s)<\/td>\n<\/tr>\n<tr>\n<td>210mb\/s<\/td>\n<\/tr>\n<tr>\n<td>Velocidad del eje (rpm)<\/td>\n<\/tr>\n<tr>\n<td>7.200<\/td>\n<\/tr>\n<tr>\n<td>Cach\u00e9 (mb)<\/td>\n<\/tr>\n<tr>\n<td>256<\/td>\n<\/tr>\n<tr>\n<td>Fiabilidad<\/td>\n<\/tr>\n<tr>\n<td>Ciclos de carga\/descarga<\/td>\n<\/tr>\n<tr>\n<td>600.000<\/td>\n<\/tr>\n<tr>\n<td>\u00edndice de errores de lectura no recuperables, m\u00e1x.<\/td>\n<\/tr>\n<tr>\n<td>1 por 10e15<\/td>\n<\/tr>\n<tr>\n<td>Tiempo de funcionamiento en horas<\/td>\n<\/tr>\n<tr>\n<td>8.760<\/td>\n<\/tr>\n<tr>\n<td>L\u00edmite de carga de trabajo (wrl)<\/td>\n<\/tr>\n<tr>\n<td>180<\/td>\n<\/tr>\n<tr>\n<td>Tiempo medio entre fallos (mtbf, horas)<\/td>\n<\/tr>\n<tr>\n<td>1.000.000<\/td>\n<\/tr>\n<tr>\n<td>Administraci\u00f3n de energ\u00eda<\/td>\n<\/tr>\n<tr>\n<td>Corriente de arranque, t\u00edpica (12 v, a)<\/td>\n<\/tr>\n<tr>\n<td>1,8<\/td>\n<\/tr>\n<tr>\n<td>Consumo de energ\u00eda promedio en funcionamiento (w)<\/td>\n<\/tr>\n<tr>\n<td>8,8 w<\/td>\n<\/tr>\n<tr>\n<td>Inactividad promedio (w)<\/td>\n<\/tr>\n<tr>\n<td>7,6 w<\/td>\n<\/tr>\n<tr>\n<td>Modo en espera\/modo descanso, t\u00edpico (w)<\/td>\n<\/tr>\n<tr>\n<td>0,6\/0,6<\/td>\n<\/tr>\n<tr>\n<td>Tolerancia de voltaje, ruido incluido (5 v)<\/td>\n<\/tr>\n<tr>\n<td>\u00b15 %<\/td>\n<\/tr>\n<tr>\n<td>Tolerancia de voltaje, ruido incluido (12 v)<\/td>\n<\/tr>\n<tr>\n<td>\u00b110 %<\/td>\n<\/tr>\n<tr>\n<td>Ambiental\/temperatura<\/td>\n<\/tr>\n<tr>\n<td>En funcionamiento (ambiente, m\u00edn. \u00b0c)<\/td>\n<\/tr>\n<tr>\n<td>5<\/td>\n<\/tr>\n<tr>\n<td>En funcionamiento (caja de la unidad, \u00b0c m\u00e1x.)<\/td>\n<\/tr>\n<tr>\n<td>70<\/td>\n<\/tr>\n<tr>\n<td>No en funcionamiento (ambiente, \u00b0c m\u00edn.)<\/td>\n<\/tr>\n<tr>\n<td>-40<\/td>\n<\/tr>\n<tr>\n<td>No en funcionamiento (ambiente, m\u00e1ximo en \u00b0c)<\/td>\n<\/tr>\n<tr>\n<td>70<\/td>\n<\/tr>\n<tr>\n<td>Sin hal\u00f3geno<\/td>\n<\/tr>\n<tr>\n<td>S\u00ed<\/td>\n<\/tr>\n<tr>\n<td>Ambiental\/choques<\/td>\n<\/tr>\n<tr>\n<td>Golpes, en funcionamiento\/no en funcionamiento: 2 ms (m\u00e1x)<\/td>\n<\/tr>\n<tr>\n<td>70 g\/250 g<\/td>\n<\/tr>\n<tr>\n<td>Ambiental\/ac\u00fastica<\/td>\n<\/tr>\n<tr>\n<td>En reposo (t\u00edpico)<\/td>\n<\/tr>\n<tr>\n<td>2,8 belios<\/td>\n<\/tr>\n<tr>\n<td>B\u00fasqueda (t\u00edpica)<\/td>\n<\/tr>\n<tr>\n<td>3,2 belios<\/td>\n<\/tr>\n<tr>\n<td>F\u00edsico<\/td>\n<\/tr>\n<tr>\n<td>Altura (mm\/pulg.)<\/td>\n<\/tr>\n<tr>\n<td>26,11 mm\/1,028 pulg.<\/td>\n<\/tr>\n<tr>\n<td>Ancho (mm\/pulg., m\u00e1x.)<\/td>\n<\/tr>\n<tr>\n<td>101,85 mm\/4,01 pulg.<\/td>\n<\/tr>\n<tr>\n<td>Profundidad (mm\/pulg., m\u00e1x.)<\/td>\n<\/tr>\n<tr>\n<td>146,99 mm\/5,787 pulg.<\/td>\n<\/tr>\n<tr>\n<td>Peso (g\/lb, t\u00edpico)<\/td>\n<\/tr>\n<tr>\n<td>722 g\/1,59 lb<\/td>\n<\/tr>\n<\/table>\n","protected":false},"excerpt":{"rendered":"<p>Ironwolf brinda un \u00edndice de carga de. Trabajo de 180 tb\/a\u00f1o. M\u00faltiples usuarios pueden cargar y descargar datos en el. Servidor nas con seguridad, sabiendo que ironwolf puede manejar la carga de trabajo. Ya se trate de un profesional creativo o una peque\u00f1a empresa. Usos id\u00f3neos. Para sistemas de almacenamiento conectados en red (nas) de una a ocho bah\u00edas. Matrices raid de sobremesa y servidores. Servidor de almacenamiento multimedia. Nube privada<\/p>\n","protected":false},"featured_media":266394,"comment_status":"open","ping_status":"open","template":"","meta":[],"product_cat":[1706,1703],"product_tag":[1710],"acf":[],"yoast_head":"<!-- This site is optimized with the Yoast SEO plugin v21.7 - https:\/\/yoast.com\/wordpress\/plugins\/seo\/ -->\n<title>[ Seagate ] &#129351; St8000vn004 Disco Duro Interno Ironwolf 8tb 3.5 Escritorio Sata3 6gb\/s 256mb 7200rpm 24x7 Hot-plug Nas 1-8 Bahia<\/title>\n<meta name=\"description\" content=\"Compra St8000vn004 Disco Duro Interno Ironwolf 8tb 3.5 Escritorio Sata3 6gb\/s 256mb 7200rpm 24x7 Hot-plug Nas 1-8 Bahia + Env\u00edo a domicilio + Pago seguro + Garant\u00eda\" \/>\n<meta name=\"robots\" content=\"index, follow, max-snippet:-1, max-image-preview:large, max-video-preview:-1\" \/>\n<link rel=\"canonical\" href=\"https:\/\/compuviper.mx\/tienda\/producto\/seagate-st8000vn004-disco-duro-interno-ironwolf-8tb-3-5-escritorio-sata3-6gb-s-256mb-7200rpm-24x7-hot-plug-nas-1-8-bahia\/\" \/>\n<meta property=\"og:locale\" content=\"es_MX\" \/>\n<meta property=\"og:type\" content=\"article\" \/>\n<meta property=\"og:title\" content=\"[ Seagate ] &#129351; St8000vn004 Disco Duro Interno Ironwolf 8tb 3.5 Escritorio Sata3 6gb\/s 256mb 7200rpm 24x7 Hot-plug Nas 1-8 Bahia\" \/>\n<meta property=\"og:description\" content=\"Compra St8000vn004 Disco Duro Interno Ironwolf 8tb 3.5 Escritorio Sata3 6gb\/s 256mb 7200rpm 24x7 Hot-plug Nas 1-8 Bahia + Env\u00edo a domicilio + Pago seguro + Garant\u00eda\" \/>\n<meta property=\"og:url\" content=\"https:\/\/compuviper.mx\/tienda\/producto\/seagate-st8000vn004-disco-duro-interno-ironwolf-8tb-3-5-escritorio-sata3-6gb-s-256mb-7200rpm-24x7-hot-plug-nas-1-8-bahia\/\" \/>\n<meta property=\"og:site_name\" content=\"Compuviper\" \/>\n<meta property=\"article:publisher\" content=\"https:\/\/www.facebook.com\/compuviper\" \/>\n<meta property=\"article:modified_time\" content=\"2026-04-03T06:00:09+00:00\" \/>\n<meta property=\"og:image\" content=\"https:\/\/compuviper.mx\/tienda\/wp-content\/uploads\/2026\/02\/Disco-duro-interno-seagate-ironwolf-8tb-3.5-escritorio-sata3-6gbs-256mb-7200rpm-24x7-hot-plug-nas-1-8-bahia.jpg\" \/>\n\t<meta property=\"og:image:width\" content=\"200\" \/>\n\t<meta property=\"og:image:height\" content=\"200\" \/>\n\t<meta property=\"og:image:type\" content=\"image\/jpeg\" \/>\n<meta name=\"twitter:card\" content=\"summary_large_image\" \/>\n<meta name=\"twitter:label1\" content=\"Precio\" \/>\n\t<meta name=\"twitter:data1\" content=\"&#36;3,263 con IVA\" \/>\n\t<meta name=\"twitter:label2\" content=\"Availability\" \/>\n\t<meta name=\"twitter:data2\" content=\"Out of stock\" \/>\n<script type=\"application\/ld+json\" class=\"yoast-schema-graph\">{\"@context\":\"https:\/\/schema.org\",\"@graph\":[{\"@type\":\"WebPage\",\"@id\":\"https:\/\/compuviper.mx\/tienda\/producto\/seagate-st8000vn004-disco-duro-interno-ironwolf-8tb-3-5-escritorio-sata3-6gb-s-256mb-7200rpm-24x7-hot-plug-nas-1-8-bahia\/\",\"url\":\"https:\/\/compuviper.mx\/tienda\/producto\/seagate-st8000vn004-disco-duro-interno-ironwolf-8tb-3-5-escritorio-sata3-6gb-s-256mb-7200rpm-24x7-hot-plug-nas-1-8-bahia\/\",\"name\":\"[ Seagate ] &#129351; St8000vn004 Disco Duro Interno Ironwolf 8tb 3.5 Escritorio Sata3 6gb\/s 256mb 7200rpm 24x7 Hot-plug Nas 1-8 Bahia\",\"isPartOf\":{\"@id\":\"https:\/\/compuviper.mx\/tienda\/#website\"},\"datePublished\":\"2026-04-02T06:35:22+00:00\",\"dateModified\":\"2026-04-03T06:00:09+00:00\",\"description\":\"Compra St8000vn004 Disco Duro Interno Ironwolf 8tb 3.5 Escritorio Sata3 6gb\/s 256mb 7200rpm 24x7 Hot-plug Nas 1-8 Bahia + Env\u00edo a domicilio + Pago seguro + Garant\u00eda\",\"breadcrumb\":{\"@id\":\"https:\/\/compuviper.mx\/tienda\/producto\/seagate-st8000vn004-disco-duro-interno-ironwolf-8tb-3-5-escritorio-sata3-6gb-s-256mb-7200rpm-24x7-hot-plug-nas-1-8-bahia\/#breadcrumb\"},\"inLanguage\":\"es-MX\",\"potentialAction\":[{\"@type\":\"ReadAction\",\"target\":[\"https:\/\/compuviper.mx\/tienda\/producto\/seagate-st8000vn004-disco-duro-interno-ironwolf-8tb-3-5-escritorio-sata3-6gb-s-256mb-7200rpm-24x7-hot-plug-nas-1-8-bahia\/\"]}]},{\"@type\":\"BreadcrumbList\",\"@id\":\"https:\/\/compuviper.mx\/tienda\/producto\/seagate-st8000vn004-disco-duro-interno-ironwolf-8tb-3-5-escritorio-sata3-6gb-s-256mb-7200rpm-24x7-hot-plug-nas-1-8-bahia\/#breadcrumb\",\"itemListElement\":[{\"@type\":\"ListItem\",\"position\":1,\"name\":\"Inicio\",\"item\":\"https:\/\/compuviper.mx\/tienda\/\"},{\"@type\":\"ListItem\",\"position\":2,\"name\":\"Productos\",\"item\":\"https:\/\/compuviper.mx\/tienda\/productos\/\"},{\"@type\":\"ListItem\",\"position\":3,\"name\":\"Discos Duros\",\"item\":\"https:\/\/compuviper.mx\/tienda\/categoria-producto\/discos-duros\/\"},{\"@type\":\"ListItem\",\"position\":4,\"name\":\"Disco Duro\",\"item\":\"https:\/\/compuviper.mx\/tienda\/categoria-producto\/discos-duros\/disco-duro\/\"},{\"@type\":\"ListItem\",\"position\":5,\"name\":\"Seagate St8000vn004 Disco Duro Interno Ironwolf 8tb 3.5 Escritorio Sata3 6gb\/s 256mb 7200rpm 24&#215;7 Hot-plug Nas 1-8 Bahia\"}]},{\"@type\":\"WebSite\",\"@id\":\"https:\/\/compuviper.mx\/tienda\/#website\",\"url\":\"https:\/\/compuviper.mx\/tienda\/\",\"name\":\"Compuviper\",\"description\":\"Proveedor de Computadoras, Laptops, Servidores, Monitores, Puntos de Venta, Teclados,   Impresoras, T\u00f3ner, C\u00e1maras de Seguridad y m\u00e1s en tu tienda en l\u00ednea\",\"publisher\":{\"@id\":\"https:\/\/compuviper.mx\/tienda\/#organization\"},\"potentialAction\":[{\"@type\":\"SearchAction\",\"target\":{\"@type\":\"EntryPoint\",\"urlTemplate\":\"https:\/\/compuviper.mx\/tienda\/?s={search_term_string}\"},\"query-input\":\"required name=search_term_string\"}],\"inLanguage\":\"es-MX\"},{\"@type\":\"Organization\",\"@id\":\"https:\/\/compuviper.mx\/tienda\/#organization\",\"name\":\"Compuviper\",\"url\":\"https:\/\/compuviper.mx\/tienda\/\",\"logo\":{\"@type\":\"ImageObject\",\"inLanguage\":\"es-MX\",\"@id\":\"https:\/\/compuviper.mx\/tienda\/#\/schema\/logo\/image\/\",\"url\":\"https:\/\/compuviper.mx\/tienda\/wp-content\/uploads\/2021\/08\/Logo-Compuviper-10.png\",\"contentUrl\":\"https:\/\/compuviper.mx\/tienda\/wp-content\/uploads\/2021\/08\/Logo-Compuviper-10.png\",\"width\":1000,\"height\":500,\"caption\":\"Compuviper\"},\"image\":{\"@id\":\"https:\/\/compuviper.mx\/tienda\/#\/schema\/logo\/image\/\"},\"sameAs\":[\"https:\/\/www.facebook.com\/compuviper\",\"https:\/\/www.youtube.com\/channel\/UCf73dERp9Y3cfOq7q8BhLjA?view_as=subscriber\"]}]}<\/script>\n<meta property=\"product:brand\" content=\"SEAGATE\" \/>\n<meta property=\"product:price:amount\" content=\"3263\" \/>\n<meta property=\"product:price:currency\" content=\"MXN\" \/>\n<meta property=\"og:availability\" content=\"out of stock\" \/>\n<meta property=\"product:availability\" content=\"out of stock\" \/>\n<meta property=\"product:retailer_item_id\" content=\"ST8000VN004\" \/>\n<meta property=\"product:condition\" content=\"new\" \/>\n<!-- \/ Yoast SEO plugin. -->","yoast_head_json":{"title":"[ Seagate ] &#129351; St8000vn004 Disco Duro Interno Ironwolf 8tb 3.5 Escritorio Sata3 6gb\/s 256mb 7200rpm 24x7 Hot-plug Nas 1-8 Bahia","description":"Compra St8000vn004 Disco Duro Interno Ironwolf 8tb 3.5 Escritorio Sata3 6gb\/s 256mb 7200rpm 24x7 Hot-plug Nas 1-8 Bahia + Env\u00edo a domicilio + Pago seguro + Garant\u00eda","robots":{"index":"index","follow":"follow","max-snippet":"max-snippet:-1","max-image-preview":"max-image-preview:large","max-video-preview":"max-video-preview:-1"},"canonical":"https:\/\/compuviper.mx\/tienda\/producto\/seagate-st8000vn004-disco-duro-interno-ironwolf-8tb-3-5-escritorio-sata3-6gb-s-256mb-7200rpm-24x7-hot-plug-nas-1-8-bahia\/","og_locale":"es_MX","og_type":"article","og_title":"[ Seagate ] &#129351; St8000vn004 Disco Duro Interno Ironwolf 8tb 3.5 Escritorio Sata3 6gb\/s 256mb 7200rpm 24x7 Hot-plug Nas 1-8 Bahia","og_description":"Compra St8000vn004 Disco Duro Interno Ironwolf 8tb 3.5 Escritorio Sata3 6gb\/s 256mb 7200rpm 24x7 Hot-plug Nas 1-8 Bahia + Env\u00edo a domicilio + Pago seguro + Garant\u00eda","og_url":"https:\/\/compuviper.mx\/tienda\/producto\/seagate-st8000vn004-disco-duro-interno-ironwolf-8tb-3-5-escritorio-sata3-6gb-s-256mb-7200rpm-24x7-hot-plug-nas-1-8-bahia\/","og_site_name":"Compuviper","article_publisher":"https:\/\/www.facebook.com\/compuviper","article_modified_time":"2026-04-03T06:00:09+00:00","og_image":[{"width":200,"height":200,"url":"https:\/\/compuviper.mx\/tienda\/wp-content\/uploads\/2026\/02\/Disco-duro-interno-seagate-ironwolf-8tb-3.5-escritorio-sata3-6gbs-256mb-7200rpm-24x7-hot-plug-nas-1-8-bahia.jpg","type":"image\/jpeg"}],"twitter_card":"summary_large_image","twitter_misc":{"Precio":"&#36;3,263 con IVA","Availability":"Out of stock"},"schema":{"@context":"https:\/\/schema.org","@graph":[{"@type":"WebPage","@id":"https:\/\/compuviper.mx\/tienda\/producto\/seagate-st8000vn004-disco-duro-interno-ironwolf-8tb-3-5-escritorio-sata3-6gb-s-256mb-7200rpm-24x7-hot-plug-nas-1-8-bahia\/","url":"https:\/\/compuviper.mx\/tienda\/producto\/seagate-st8000vn004-disco-duro-interno-ironwolf-8tb-3-5-escritorio-sata3-6gb-s-256mb-7200rpm-24x7-hot-plug-nas-1-8-bahia\/","name":"[ Seagate ] &#129351; St8000vn004 Disco Duro Interno Ironwolf 8tb 3.5 Escritorio Sata3 6gb\/s 256mb 7200rpm 24x7 Hot-plug Nas 1-8 Bahia","isPartOf":{"@id":"https:\/\/compuviper.mx\/tienda\/#website"},"datePublished":"2026-04-02T06:35:22+00:00","dateModified":"2026-04-03T06:00:09+00:00","description":"Compra St8000vn004 Disco Duro Interno Ironwolf 8tb 3.5 Escritorio Sata3 6gb\/s 256mb 7200rpm 24x7 Hot-plug Nas 1-8 Bahia + Env\u00edo a domicilio + Pago seguro + Garant\u00eda","breadcrumb":{"@id":"https:\/\/compuviper.mx\/tienda\/producto\/seagate-st8000vn004-disco-duro-interno-ironwolf-8tb-3-5-escritorio-sata3-6gb-s-256mb-7200rpm-24x7-hot-plug-nas-1-8-bahia\/#breadcrumb"},"inLanguage":"es-MX","potentialAction":[{"@type":"ReadAction","target":["https:\/\/compuviper.mx\/tienda\/producto\/seagate-st8000vn004-disco-duro-interno-ironwolf-8tb-3-5-escritorio-sata3-6gb-s-256mb-7200rpm-24x7-hot-plug-nas-1-8-bahia\/"]}]},{"@type":"BreadcrumbList","@id":"https:\/\/compuviper.mx\/tienda\/producto\/seagate-st8000vn004-disco-duro-interno-ironwolf-8tb-3-5-escritorio-sata3-6gb-s-256mb-7200rpm-24x7-hot-plug-nas-1-8-bahia\/#breadcrumb","itemListElement":[{"@type":"ListItem","position":1,"name":"Inicio","item":"https:\/\/compuviper.mx\/tienda\/"},{"@type":"ListItem","position":2,"name":"Productos","item":"https:\/\/compuviper.mx\/tienda\/productos\/"},{"@type":"ListItem","position":3,"name":"Discos Duros","item":"https:\/\/compuviper.mx\/tienda\/categoria-producto\/discos-duros\/"},{"@type":"ListItem","position":4,"name":"Disco Duro","item":"https:\/\/compuviper.mx\/tienda\/categoria-producto\/discos-duros\/disco-duro\/"},{"@type":"ListItem","position":5,"name":"Seagate St8000vn004 Disco Duro Interno Ironwolf 8tb 3.5 Escritorio Sata3 6gb\/s 256mb 7200rpm 24&#215;7 Hot-plug Nas 1-8 Bahia"}]},{"@type":"WebSite","@id":"https:\/\/compuviper.mx\/tienda\/#website","url":"https:\/\/compuviper.mx\/tienda\/","name":"Compuviper","description":"Proveedor de Computadoras, Laptops, Servidores, Monitores, Puntos de Venta, Teclados,   Impresoras, T\u00f3ner, C\u00e1maras de Seguridad y m\u00e1s en tu tienda en l\u00ednea","publisher":{"@id":"https:\/\/compuviper.mx\/tienda\/#organization"},"potentialAction":[{"@type":"SearchAction","target":{"@type":"EntryPoint","urlTemplate":"https:\/\/compuviper.mx\/tienda\/?s={search_term_string}"},"query-input":"required name=search_term_string"}],"inLanguage":"es-MX"},{"@type":"Organization","@id":"https:\/\/compuviper.mx\/tienda\/#organization","name":"Compuviper","url":"https:\/\/compuviper.mx\/tienda\/","logo":{"@type":"ImageObject","inLanguage":"es-MX","@id":"https:\/\/compuviper.mx\/tienda\/#\/schema\/logo\/image\/","url":"https:\/\/compuviper.mx\/tienda\/wp-content\/uploads\/2021\/08\/Logo-Compuviper-10.png","contentUrl":"https:\/\/compuviper.mx\/tienda\/wp-content\/uploads\/2021\/08\/Logo-Compuviper-10.png","width":1000,"height":500,"caption":"Compuviper"},"image":{"@id":"https:\/\/compuviper.mx\/tienda\/#\/schema\/logo\/image\/"},"sameAs":["https:\/\/www.facebook.com\/compuviper","https:\/\/www.youtube.com\/channel\/UCf73dERp9Y3cfOq7q8BhLjA?view_as=subscriber"]}]},"product_brand":"SEAGATE","product_price_amount":"3263","product_price_currency":"MXN","og_availability":"out of stock","product_availability":"out of stock","product_retailer_item_id":"ST8000VN004","product_condition":"new"},"_links":{"self":[{"href":"https:\/\/compuviper.mx\/tienda\/wp-json\/wp\/v2\/product\/266393"}],"collection":[{"href":"https:\/\/compuviper.mx\/tienda\/wp-json\/wp\/v2\/product"}],"about":[{"href":"https:\/\/compuviper.mx\/tienda\/wp-json\/wp\/v2\/types\/product"}],"replies":[{"embeddable":true,"href":"https:\/\/compuviper.mx\/tienda\/wp-json\/wp\/v2\/comments?post=266393"}],"wp:featuredmedia":[{"embeddable":true,"href":"https:\/\/compuviper.mx\/tienda\/wp-json\/wp\/v2\/media\/266394"}],"wp:attachment":[{"href":"https:\/\/compuviper.mx\/tienda\/wp-json\/wp\/v2\/media?parent=266393"}],"wp:term":[{"taxonomy":"product_cat","embeddable":true,"href":"https:\/\/compuviper.mx\/tienda\/wp-json\/wp\/v2\/product_cat?post=266393"},{"taxonomy":"product_tag","embeddable":true,"href":"https:\/\/compuviper.mx\/tienda\/wp-json\/wp\/v2\/product_tag?post=266393"}],"curies":[{"name":"wp","href":"https:\/\/api.w.org\/{rel}","templated":true}]}}