{"id":266379,"date":"2026-04-10T00:05:47","date_gmt":"2026-04-10T06:05:47","guid":{"rendered":"https:\/\/compuviper.mx\/tienda\/producto\/balam-rush-br-943901-gabinete-gamer-nitrox-edge-aircool-4700a-mini-torre-micro-atx-mini-itx-incluye-3-ventiladores-argb-120-mm-cristal-templado-negro\/"},"modified":"2026-04-10T00:05:47","modified_gmt":"2026-04-10T06:05:47","slug":"balam-rush-br-943901-gabinete-gamer-nitrox-edge-aircool-4700a-mini-torre-micro-atx-mini-itx-incluye-3-ventiladores-argb-120-mm-cristal-templado-negro","status":"publish","type":"product","link":"https:\/\/compuviper.mx\/tienda\/producto\/balam-rush-br-943901-gabinete-gamer-nitrox-edge-aircool-4700a-mini-torre-micro-atx-mini-itx-incluye-3-ventiladores-argb-120-mm-cristal-templado-negro\/","title":{"rendered":"Balam Rush Br-943901 Gabinete Gamer  Nitrox Edge Aircool 4700a \/ Mini Torre \/ Micro-atx, Mini Itx \/ Incluye 3 Ventiladores Argb 120 Mm \/ Cristal Templado \/ Negro \/"},"content":{"rendered":"<table class=\"descripcion\">\n<tr>\n<td>Ficha tecnica<\/td>\n<\/tr>\n<tr>\n<td>\u0095 modelo: br-943901<\/td>\n<\/tr>\n<tr>\n<td>\u0095 producto: gabinete gamer<\/td>\n<\/tr>\n<tr>\n<td>\u0095 color: negro<\/td>\n<\/tr>\n<tr>\n<td>\u0095 factor de forma:  mini torre<\/td>\n<\/tr>\n<tr>\n<td>\u0095 materiales: exterior- metal \/ plastico \/ cristal templado<\/td>\n<\/tr>\n<tr>\n<td>Panel izquierdo: cristal templadoo<\/td>\n<\/tr>\n<tr>\n<td>Panel derecho: metal<\/td>\n<\/tr>\n<tr>\n<td>Panel frontal: plastico \/ malla<\/td>\n<\/tr>\n<tr>\n<td>Tipo de acero y grosor: spcc 0.4 mm<\/td>\n<\/tr>\n<tr>\n<td>\u0095 dimensiones (largo x ancho x alto): 32.0 x 19.5 x 39.5 cm<\/td>\n<\/tr>\n<tr>\n<td>\u0095 peso: 3.1 kg<\/td>\n<\/tr>\n<tr>\n<td>\u0095 soporte tarjeta madre: micro atx \/ mini itx<\/td>\n<\/tr>\n<tr>\n<td>\u0095 slots expandibles: 4<\/td>\n<\/tr>\n<tr>\n<td>\u0095 bahias para unidades<\/td>\n<\/tr>\n<tr>\n<td>3.5 pulgadas \/ 2.5 pulgadas combo: 1<\/td>\n<\/tr>\n<tr>\n<td>2.5 pulgadas ssd: 1<\/td>\n<\/tr>\n<tr>\n<td>\u0095 panel i\/o: puertos usb: 1x usb 3.0 \/ 2x usb 2.0<\/td>\n<\/tr>\n<tr>\n<td>Audio: audio \/ mic<\/td>\n<\/tr>\n<tr>\n<td>Ventiladores:<\/td>\n<\/tr>\n<tr>\n<td>Superior 2x 120 mm<\/td>\n<\/tr>\n<tr>\n<td>Frontal: 3x 120 mm<\/td>\n<\/tr>\n<tr>\n<td>Trasero: 1x 120 mm<\/td>\n<\/tr>\n<tr>\n<td>Inferior: 2x 120 mm<\/td>\n<\/tr>\n<tr>\n<td>\u0095 ventiladores pre instalados<\/td>\n<\/tr>\n<tr>\n<td>Frontal: 3x 120 mm<\/td>\n<\/tr>\n<tr>\n<td>Trasero: 1x 120 mm (argb maestro &#8211; esclavo)<\/td>\n<\/tr>\n<tr>\n<td>\u0095 informacion de ventiladores pre instalados<\/td>\n<\/tr>\n<tr>\n<td>Velocidad: 1100 \/ 10 porciento<\/td>\n<\/tr>\n<tr>\n<td>Flujo de aire: 35 cfm<\/td>\n<\/tr>\n<tr>\n<td>Presion de aire: 1.3 mmh2o<\/td>\n<\/tr>\n<tr>\n<td>Ruido: 25 db<\/td>\n<\/tr>\n<tr>\n<td>Tipo de iluminacion: argb<\/td>\n<\/tr>\n<tr>\n<td>Alimentacion: sata<\/td>\n<\/tr>\n<tr>\n<td>Tipo de control: boton reset o m\/b<\/td>\n<\/tr>\n<tr>\n<td>\u0095 radiador<\/td>\n<\/tr>\n<tr>\n<td>Superior: 240 mm (no incluido)<\/td>\n<\/tr>\n<tr>\n<td>Trasero: 120 mm (no incluido)<\/td>\n<\/tr>\n<tr>\n<td>\u0095 tolerancias:<\/td>\n<\/tr>\n<tr>\n<td>Enfriamiento cpu torre: 163 mm<\/td>\n<\/tr>\n<tr>\n<td>Tarjetas graficas: 280 mm<\/td>\n<\/tr>\n<tr>\n<td>\u0095 cableado: detras de mb: 23 mm<\/td>\n<\/tr>\n<tr>\n<td>\u0095 fuente de poder: tipo: atx  (no incluida)<\/td>\n<\/tr>\n<tr>\n<td>Ubicacion: inferior trasero<\/td>\n<\/tr>\n<tr>\n<td>\u0095 accesorios: si<\/td>\n<\/tr>\n<tr>\n<td>\u0095 boton de encendido: si<\/td>\n<\/tr>\n<tr>\n<td>\u0095 led hdd: si<\/td>\n<\/tr>\n<\/table>\n","protected":false},"excerpt":{"rendered":"<p>Potencia para potencia grafica. Soporta tarjetas graficas de hasta 280 mm, ideal para gpu de alto rendimiento, brindando el espacio perfecto para setups gamers exigentes que buscan potencia sin comprometer ventilacion ni estilo<\/p>\n","protected":false},"featured_media":0,"comment_status":"open","ping_status":"open","template":"","meta":[],"product_cat":[1674,1945],"product_tag":[2097],"acf":[],"yoast_head":"<!-- This site is optimized with the Yoast SEO plugin v21.7 - https:\/\/yoast.com\/wordpress\/plugins\/seo\/ -->\n<title>[ Balam Rush ] &#129351; Br-943901 Gabinete Gamer Nitrox Edge Aircool 4700a \/ Mini Torre \/ Micro-atx, Mini Itx \/ Incluye 3 Ventiladores Argb 120 Mm \/ Cristal Templado \/ Negro \/<\/title>\n<meta name=\"description\" content=\"Compra Br-943901 Gabinete Gamer Nitrox Edge Aircool 4700a \/ Mini Torre \/ Micro-atx, Mini Itx \/ Incluye 3 Ventiladores Argb 120 Mm \/ Cristal Templado \/ Negro \/ + Env\u00edo a domicilio + Pago seguro + Garant\u00eda\" \/>\n<meta name=\"robots\" content=\"index, follow, max-snippet:-1, max-image-preview:large, max-video-preview:-1\" \/>\n<link rel=\"canonical\" href=\"https:\/\/compuviper.mx\/tienda\/producto\/balam-rush-br-943901-gabinete-gamer-nitrox-edge-aircool-4700a-mini-torre-micro-atx-mini-itx-incluye-3-ventiladores-argb-120-mm-cristal-templado-negro\/\" \/>\n<meta property=\"og:locale\" content=\"es_MX\" \/>\n<meta property=\"og:type\" content=\"article\" \/>\n<meta property=\"og:title\" content=\"[ Balam Rush ] &#129351; Br-943901 Gabinete Gamer Nitrox Edge Aircool 4700a \/ Mini Torre \/ Micro-atx, Mini Itx \/ Incluye 3 Ventiladores Argb 120 Mm \/ Cristal Templado \/ Negro \/\" \/>\n<meta property=\"og:description\" content=\"Compra Br-943901 Gabinete Gamer Nitrox Edge Aircool 4700a \/ Mini Torre \/ Micro-atx, Mini Itx \/ Incluye 3 Ventiladores Argb 120 Mm \/ Cristal Templado \/ Negro \/ + Env\u00edo a domicilio + Pago seguro + Garant\u00eda\" \/>\n<meta property=\"og:url\" content=\"https:\/\/compuviper.mx\/tienda\/producto\/balam-rush-br-943901-gabinete-gamer-nitrox-edge-aircool-4700a-mini-torre-micro-atx-mini-itx-incluye-3-ventiladores-argb-120-mm-cristal-templado-negro\/\" \/>\n<meta property=\"og:site_name\" content=\"Compuviper\" \/>\n<meta property=\"article:publisher\" content=\"https:\/\/www.facebook.com\/compuviper\" \/>\n<meta name=\"twitter:card\" content=\"summary_large_image\" \/>\n<meta name=\"twitter:label1\" content=\"Precio\" \/>\n\t<meta name=\"twitter:data1\" content=\"&#36;555 &#36;527 con IVA\" \/>\n\t<meta name=\"twitter:label2\" content=\"Availability\" \/>\n\t<meta name=\"twitter:data2\" content=\"Out of stock\" \/>\n<script type=\"application\/ld+json\" class=\"yoast-schema-graph\">{\"@context\":\"https:\/\/schema.org\",\"@graph\":[{\"@type\":\"WebPage\",\"@id\":\"https:\/\/compuviper.mx\/tienda\/producto\/balam-rush-br-943901-gabinete-gamer-nitrox-edge-aircool-4700a-mini-torre-micro-atx-mini-itx-incluye-3-ventiladores-argb-120-mm-cristal-templado-negro\/\",\"url\":\"https:\/\/compuviper.mx\/tienda\/producto\/balam-rush-br-943901-gabinete-gamer-nitrox-edge-aircool-4700a-mini-torre-micro-atx-mini-itx-incluye-3-ventiladores-argb-120-mm-cristal-templado-negro\/\",\"name\":\"[ Balam Rush ] &#129351; Br-943901 Gabinete Gamer Nitrox Edge Aircool 4700a \/ Mini Torre \/ Micro-atx, Mini Itx \/ Incluye 3 Ventiladores Argb 120 Mm \/ Cristal Templado \/ Negro \/\",\"isPartOf\":{\"@id\":\"https:\/\/compuviper.mx\/tienda\/#website\"},\"datePublished\":\"2026-04-10T06:05:47+00:00\",\"dateModified\":\"2026-04-10T06:05:47+00:00\",\"description\":\"Compra Br-943901 Gabinete Gamer Nitrox Edge Aircool 4700a \/ Mini Torre \/ Micro-atx, Mini Itx \/ Incluye 3 Ventiladores Argb 120 Mm \/ Cristal Templado \/ Negro \/ + Env\u00edo a domicilio + Pago seguro + Garant\u00eda\",\"breadcrumb\":{\"@id\":\"https:\/\/compuviper.mx\/tienda\/producto\/balam-rush-br-943901-gabinete-gamer-nitrox-edge-aircool-4700a-mini-torre-micro-atx-mini-itx-incluye-3-ventiladores-argb-120-mm-cristal-templado-negro\/#breadcrumb\"},\"inLanguage\":\"es-MX\",\"potentialAction\":[{\"@type\":\"ReadAction\",\"target\":[\"https:\/\/compuviper.mx\/tienda\/producto\/balam-rush-br-943901-gabinete-gamer-nitrox-edge-aircool-4700a-mini-torre-micro-atx-mini-itx-incluye-3-ventiladores-argb-120-mm-cristal-templado-negro\/\"]}]},{\"@type\":\"BreadcrumbList\",\"@id\":\"https:\/\/compuviper.mx\/tienda\/producto\/balam-rush-br-943901-gabinete-gamer-nitrox-edge-aircool-4700a-mini-torre-micro-atx-mini-itx-incluye-3-ventiladores-argb-120-mm-cristal-templado-negro\/#breadcrumb\",\"itemListElement\":[{\"@type\":\"ListItem\",\"position\":1,\"name\":\"Inicio\",\"item\":\"https:\/\/compuviper.mx\/tienda\/\"},{\"@type\":\"ListItem\",\"position\":2,\"name\":\"Productos\",\"item\":\"https:\/\/compuviper.mx\/tienda\/productos\/\"},{\"@type\":\"ListItem\",\"position\":3,\"name\":\"Gabinetes\",\"item\":\"https:\/\/compuviper.mx\/tienda\/categoria-producto\/gabinetes\/\"},{\"@type\":\"ListItem\",\"position\":4,\"name\":\"Mini Torre\",\"item\":\"https:\/\/compuviper.mx\/tienda\/categoria-producto\/gabinetes\/mini-torre\/\"},{\"@type\":\"ListItem\",\"position\":5,\"name\":\"Balam Rush Br-943901 Gabinete Gamer Nitrox Edge Aircool 4700a \/ Mini Torre \/ Micro-atx, Mini Itx \/ Incluye 3 Ventiladores Argb 120 Mm \/ Cristal Templado \/ Negro \/\"}]},{\"@type\":\"WebSite\",\"@id\":\"https:\/\/compuviper.mx\/tienda\/#website\",\"url\":\"https:\/\/compuviper.mx\/tienda\/\",\"name\":\"Compuviper\",\"description\":\"Proveedor de Computadoras, Laptops, Servidores, Monitores, Puntos de Venta, Teclados,   Impresoras, T\u00f3ner, C\u00e1maras de Seguridad y m\u00e1s en tu tienda en l\u00ednea\",\"publisher\":{\"@id\":\"https:\/\/compuviper.mx\/tienda\/#organization\"},\"potentialAction\":[{\"@type\":\"SearchAction\",\"target\":{\"@type\":\"EntryPoint\",\"urlTemplate\":\"https:\/\/compuviper.mx\/tienda\/?s={search_term_string}\"},\"query-input\":\"required name=search_term_string\"}],\"inLanguage\":\"es-MX\"},{\"@type\":\"Organization\",\"@id\":\"https:\/\/compuviper.mx\/tienda\/#organization\",\"name\":\"Compuviper\",\"url\":\"https:\/\/compuviper.mx\/tienda\/\",\"logo\":{\"@type\":\"ImageObject\",\"inLanguage\":\"es-MX\",\"@id\":\"https:\/\/compuviper.mx\/tienda\/#\/schema\/logo\/image\/\",\"url\":\"https:\/\/compuviper.mx\/tienda\/wp-content\/uploads\/2021\/08\/Logo-Compuviper-10.png\",\"contentUrl\":\"https:\/\/compuviper.mx\/tienda\/wp-content\/uploads\/2021\/08\/Logo-Compuviper-10.png\",\"width\":1000,\"height\":500,\"caption\":\"Compuviper\"},\"image\":{\"@id\":\"https:\/\/compuviper.mx\/tienda\/#\/schema\/logo\/image\/\"},\"sameAs\":[\"https:\/\/www.facebook.com\/compuviper\",\"https:\/\/www.youtube.com\/channel\/UCf73dERp9Y3cfOq7q8BhLjA?view_as=subscriber\"]}]}<\/script>\n<meta property=\"product:brand\" content=\"Balam Rush\" \/>\n<meta property=\"product:price:amount\" content=\"527\" \/>\n<meta property=\"product:price:currency\" content=\"MXN\" \/>\n<meta property=\"og:availability\" content=\"out of stock\" \/>\n<meta property=\"product:availability\" content=\"out of stock\" \/>\n<meta property=\"product:retailer_item_id\" content=\"BR-943901\" \/>\n<meta property=\"product:condition\" content=\"new\" \/>\n<!-- \/ Yoast SEO plugin. -->","yoast_head_json":{"title":"[ Balam Rush ] &#129351; Br-943901 Gabinete Gamer Nitrox Edge Aircool 4700a \/ Mini Torre \/ Micro-atx, Mini Itx \/ Incluye 3 Ventiladores Argb 120 Mm \/ Cristal Templado \/ Negro \/","description":"Compra Br-943901 Gabinete Gamer Nitrox Edge Aircool 4700a \/ Mini Torre \/ Micro-atx, Mini Itx \/ Incluye 3 Ventiladores Argb 120 Mm \/ Cristal Templado \/ Negro \/ + Env\u00edo a domicilio + Pago seguro + Garant\u00eda","robots":{"index":"index","follow":"follow","max-snippet":"max-snippet:-1","max-image-preview":"max-image-preview:large","max-video-preview":"max-video-preview:-1"},"canonical":"https:\/\/compuviper.mx\/tienda\/producto\/balam-rush-br-943901-gabinete-gamer-nitrox-edge-aircool-4700a-mini-torre-micro-atx-mini-itx-incluye-3-ventiladores-argb-120-mm-cristal-templado-negro\/","og_locale":"es_MX","og_type":"article","og_title":"[ Balam Rush ] &#129351; Br-943901 Gabinete Gamer Nitrox Edge Aircool 4700a \/ Mini Torre \/ Micro-atx, Mini Itx \/ Incluye 3 Ventiladores Argb 120 Mm \/ Cristal Templado \/ Negro \/","og_description":"Compra Br-943901 Gabinete Gamer Nitrox Edge Aircool 4700a \/ Mini Torre \/ Micro-atx, Mini Itx \/ Incluye 3 Ventiladores Argb 120 Mm \/ Cristal Templado \/ Negro \/ + Env\u00edo a domicilio + Pago seguro + Garant\u00eda","og_url":"https:\/\/compuviper.mx\/tienda\/producto\/balam-rush-br-943901-gabinete-gamer-nitrox-edge-aircool-4700a-mini-torre-micro-atx-mini-itx-incluye-3-ventiladores-argb-120-mm-cristal-templado-negro\/","og_site_name":"Compuviper","article_publisher":"https:\/\/www.facebook.com\/compuviper","twitter_card":"summary_large_image","twitter_misc":{"Precio":"&#36;555 &#36;527 con IVA","Availability":"Out of stock"},"schema":{"@context":"https:\/\/schema.org","@graph":[{"@type":"WebPage","@id":"https:\/\/compuviper.mx\/tienda\/producto\/balam-rush-br-943901-gabinete-gamer-nitrox-edge-aircool-4700a-mini-torre-micro-atx-mini-itx-incluye-3-ventiladores-argb-120-mm-cristal-templado-negro\/","url":"https:\/\/compuviper.mx\/tienda\/producto\/balam-rush-br-943901-gabinete-gamer-nitrox-edge-aircool-4700a-mini-torre-micro-atx-mini-itx-incluye-3-ventiladores-argb-120-mm-cristal-templado-negro\/","name":"[ Balam Rush ] &#129351; Br-943901 Gabinete Gamer Nitrox Edge Aircool 4700a \/ Mini Torre \/ Micro-atx, Mini Itx \/ Incluye 3 Ventiladores Argb 120 Mm \/ Cristal Templado \/ Negro \/","isPartOf":{"@id":"https:\/\/compuviper.mx\/tienda\/#website"},"datePublished":"2026-04-10T06:05:47+00:00","dateModified":"2026-04-10T06:05:47+00:00","description":"Compra Br-943901 Gabinete Gamer Nitrox Edge Aircool 4700a \/ Mini Torre \/ Micro-atx, Mini Itx \/ Incluye 3 Ventiladores Argb 120 Mm \/ Cristal Templado \/ Negro \/ + Env\u00edo a domicilio + Pago seguro + Garant\u00eda","breadcrumb":{"@id":"https:\/\/compuviper.mx\/tienda\/producto\/balam-rush-br-943901-gabinete-gamer-nitrox-edge-aircool-4700a-mini-torre-micro-atx-mini-itx-incluye-3-ventiladores-argb-120-mm-cristal-templado-negro\/#breadcrumb"},"inLanguage":"es-MX","potentialAction":[{"@type":"ReadAction","target":["https:\/\/compuviper.mx\/tienda\/producto\/balam-rush-br-943901-gabinete-gamer-nitrox-edge-aircool-4700a-mini-torre-micro-atx-mini-itx-incluye-3-ventiladores-argb-120-mm-cristal-templado-negro\/"]}]},{"@type":"BreadcrumbList","@id":"https:\/\/compuviper.mx\/tienda\/producto\/balam-rush-br-943901-gabinete-gamer-nitrox-edge-aircool-4700a-mini-torre-micro-atx-mini-itx-incluye-3-ventiladores-argb-120-mm-cristal-templado-negro\/#breadcrumb","itemListElement":[{"@type":"ListItem","position":1,"name":"Inicio","item":"https:\/\/compuviper.mx\/tienda\/"},{"@type":"ListItem","position":2,"name":"Productos","item":"https:\/\/compuviper.mx\/tienda\/productos\/"},{"@type":"ListItem","position":3,"name":"Gabinetes","item":"https:\/\/compuviper.mx\/tienda\/categoria-producto\/gabinetes\/"},{"@type":"ListItem","position":4,"name":"Mini Torre","item":"https:\/\/compuviper.mx\/tienda\/categoria-producto\/gabinetes\/mini-torre\/"},{"@type":"ListItem","position":5,"name":"Balam Rush Br-943901 Gabinete Gamer Nitrox Edge Aircool 4700a \/ Mini Torre \/ Micro-atx, Mini Itx \/ Incluye 3 Ventiladores Argb 120 Mm \/ Cristal Templado \/ Negro \/"}]},{"@type":"WebSite","@id":"https:\/\/compuviper.mx\/tienda\/#website","url":"https:\/\/compuviper.mx\/tienda\/","name":"Compuviper","description":"Proveedor de Computadoras, Laptops, Servidores, Monitores, Puntos de Venta, Teclados,   Impresoras, T\u00f3ner, C\u00e1maras de Seguridad y m\u00e1s en tu tienda en l\u00ednea","publisher":{"@id":"https:\/\/compuviper.mx\/tienda\/#organization"},"potentialAction":[{"@type":"SearchAction","target":{"@type":"EntryPoint","urlTemplate":"https:\/\/compuviper.mx\/tienda\/?s={search_term_string}"},"query-input":"required name=search_term_string"}],"inLanguage":"es-MX"},{"@type":"Organization","@id":"https:\/\/compuviper.mx\/tienda\/#organization","name":"Compuviper","url":"https:\/\/compuviper.mx\/tienda\/","logo":{"@type":"ImageObject","inLanguage":"es-MX","@id":"https:\/\/compuviper.mx\/tienda\/#\/schema\/logo\/image\/","url":"https:\/\/compuviper.mx\/tienda\/wp-content\/uploads\/2021\/08\/Logo-Compuviper-10.png","contentUrl":"https:\/\/compuviper.mx\/tienda\/wp-content\/uploads\/2021\/08\/Logo-Compuviper-10.png","width":1000,"height":500,"caption":"Compuviper"},"image":{"@id":"https:\/\/compuviper.mx\/tienda\/#\/schema\/logo\/image\/"},"sameAs":["https:\/\/www.facebook.com\/compuviper","https:\/\/www.youtube.com\/channel\/UCf73dERp9Y3cfOq7q8BhLjA?view_as=subscriber"]}]},"product_brand":"Balam Rush","product_price_amount":"527","product_price_currency":"MXN","og_availability":"out of stock","product_availability":"out of stock","product_retailer_item_id":"BR-943901","product_condition":"new"},"_links":{"self":[{"href":"https:\/\/compuviper.mx\/tienda\/wp-json\/wp\/v2\/product\/266379"}],"collection":[{"href":"https:\/\/compuviper.mx\/tienda\/wp-json\/wp\/v2\/product"}],"about":[{"href":"https:\/\/compuviper.mx\/tienda\/wp-json\/wp\/v2\/types\/product"}],"replies":[{"embeddable":true,"href":"https:\/\/compuviper.mx\/tienda\/wp-json\/wp\/v2\/comments?post=266379"}],"wp:attachment":[{"href":"https:\/\/compuviper.mx\/tienda\/wp-json\/wp\/v2\/media?parent=266379"}],"wp:term":[{"taxonomy":"product_cat","embeddable":true,"href":"https:\/\/compuviper.mx\/tienda\/wp-json\/wp\/v2\/product_cat?post=266379"},{"taxonomy":"product_tag","embeddable":true,"href":"https:\/\/compuviper.mx\/tienda\/wp-json\/wp\/v2\/product_tag?post=266379"}],"curies":[{"name":"wp","href":"https:\/\/api.w.org\/{rel}","templated":true}]}}