{"id":266350,"date":"2026-04-09T23:45:14","date_gmt":"2026-04-10T05:45:14","guid":{"rendered":"https:\/\/compuviper.mx\/tienda\/producto\/cooler-master-mlw-d24m-a18ps-r1-disipador-de-enfriamiento-liquido-masterliquid-ml240l-core-argb-negro-ventiladores-de-120mm-socket-1851-1700-1200-1151-1150-1155-1156-am5-am4-am3-am3-am2-am2-fm2-fm\/"},"modified":"2026-04-09T23:45:15","modified_gmt":"2026-04-10T05:45:15","slug":"cooler-master-mlw-d24m-a18ps-r1-disipador-de-enfriamiento-liquido-masterliquid-ml240l-core-argb-negro-ventiladores-de-120mm-socket-1851-1700-1200-1151-1150-1155-1156-am5-am4-am3-am3-am2-am2-fm2-fm","status":"publish","type":"product","link":"https:\/\/compuviper.mx\/tienda\/producto\/cooler-master-mlw-d24m-a18ps-r1-disipador-de-enfriamiento-liquido-masterliquid-ml240l-core-argb-negro-ventiladores-de-120mm-socket-1851-1700-1200-1151-1150-1155-1156-am5-am4-am3-am3-am2-am2-fm2-fm\/","title":{"rendered":"Cooler Master Mlw-d24m-a18ps-r1 Disipador De Enfriamiento Liquido  Masterliquid Ml240l Core Argb\/negro\/ventiladores De 120mm Socket 1851\/1700\/1200\/1151\/1150\/1155\/1156\/am5\/am4\/am3+\/am3\/am2+\/am2\/fm2+\/fm2\/fm1"},"content":{"rendered":"<table class=\"descripcion\">\n<tr>\n<td>N\u00famero de producto        mlw-d24m-a18pz-r1<\/td>\n<\/tr>\n<tr>\n<td>Color exterior            negro<\/td>\n<\/tr>\n<tr>\n<td>Z\u00f3calo de cpu            z\u00f3calo intel\u00ae lga 1851\/1700\/1200\/1151\/1150\/1155\/1156<\/td>\n<\/tr>\n<tr>\n<td>Z\u00f3calo de cpu            z\u00f3calo amd\u00ae am5 \/ am4 \/ am3+ \/ am3 \/ am2+ \/ am2 \/ fm2+ \/ fm2 \/ fm1<\/td>\n<\/tr>\n<tr>\n<td>Material del radiador           aluminio<\/td>\n<\/tr>\n<tr>\n<td>Dimensiones del radiador         277 x 119,6 x 27,2 mm \/ 10,9 x 4,7 x 1,1 pulgadas<\/td>\n<\/tr>\n<tr>\n<td>Dimensiones de la bomba          81 x 76 x 47 mm \/ 3,2 x 3 x 1,9 pulgadas<\/td>\n<\/tr>\n<tr>\n<td>Tiempo medio de transferencia de la bomba           70.000 horas<\/td>\n<\/tr>\n<tr>\n<td>Nivel de ruido de la bomba         12 dba (m\u00e1x.)<\/td>\n<\/tr>\n<tr>\n<td>Conector de bomba          3 pines<\/td>\n<\/tr>\n<tr>\n<td>Voltaje nominal de la bomba           12 vcc<\/td>\n<\/tr>\n<tr>\n<td>Consumo de energ\u00eda de la bomba           3,96 w<\/td>\n<\/tr>\n<tr>\n<td>Dimensiones (largo x ancho x alto)            120 x 120 x 25 mm \/ 4,7 x 4,7 x 1,0 pulgadas<\/td>\n<\/tr>\n<tr>\n<td>Cantidad de fans         2 piezas<\/td>\n<\/tr>\n<tr>\n<td>Tipo de led del ventilador           argb<\/td>\n<\/tr>\n<tr>\n<td>Velocidad del ventilador           650-1750 rpm \u00b1 10%<\/td>\n<\/tr>\n<tr>\n<td>Flujo de aire del ventilador           71,93 cfm (m\u00e1x.)<\/td>\n<\/tr>\n<tr>\n<td>Nivel de ruido del ventilador              27,2 dba (m\u00e1x.)<\/td>\n<\/tr>\n<tr>\n<td>Presi\u00f3n del ventilador            1,86 mmh and #8322;o (m\u00e1x.)<\/td>\n<\/tr>\n<tr>\n<td>Tipo de cojinete del ventilador           cojinete de fusil<\/td>\n<\/tr>\n<tr>\n<td>Mttf del ventilador             160.000 horas<\/td>\n<\/tr>\n<tr>\n<td>Conector de alimentaci\u00f3n del ventilador         4 pines (pwm)<\/td>\n<\/tr>\n<tr>\n<td>Voltaje nominal del ventilador           12 vcc<\/td>\n<\/tr>\n<tr>\n<td>Corriente nominal del ventilador          0,26 a<\/td>\n<\/tr>\n<tr>\n<td>Corriente de seguridad del ventilador            0,37 a<\/td>\n<\/tr>\n<tr>\n<td>Liquidaci\u00f3n de ram             n \/ a<\/td>\n<\/tr>\n<tr>\n<td>Garant\u00eda            3 a\u00f1os<\/td>\n<\/tr>\n<tr>\n<td>Tipo de enfriador               refrigerador l\u00edquido<\/td>\n<\/tr>\n<tr>\n<td>Serie              masterliquid lite<\/td>\n<\/tr>\n<tr>\n<td>Tama\u00f1o del radiador              240<\/td>\n<\/tr>\n<\/table>\n","protected":false},"excerpt":{"rendered":"<p>Masterliquid 240l core argb. Cooler master ha desarrollado la cl\u00e1sica serie masterliquid l para presentar una versi\u00f3n redise\u00f1ada y mejorada del masterliquid l core argb. Con nuevos elementos de dise\u00f1o que aportan un aspecto minimalista cl\u00e1sico a la serie, el masterliquid l core argb representa el esp\u00edritu innovador de cooler master. Dise\u00f1o cl\u00e1sico limpio. El dise\u00f1o minimalista limpio aporta un aire moderno y renovado a la tapa de la bomba. Superficie del radiador expandida. Ventiladores argb de 120 mm. Los ventiladores argb de 120 mm mejorados brindan un rendimiento \u00f3ptimo del radiador y opciones de iluminaci\u00f3n vers\u00e1tiles.<\/p>\n","protected":false},"featured_media":266351,"comment_status":"open","ping_status":"open","template":"","meta":[],"product_cat":[1612,1859],"product_tag":[1615],"acf":[],"yoast_head":"<!-- This site is optimized with the Yoast SEO plugin v21.7 - https:\/\/yoast.com\/wordpress\/plugins\/seo\/ -->\n<title>[ Cooler Master ] &#129351; Mlw-d24m-a18ps-r1 Disipador De Enfriamiento Liquido Masterliquid Ml240l Core Argb\/negro\/ventiladores De 120mm Socket 1851\/1700\/1200\/1151\/1150\/1155\/1156\/am5\/am4\/am3+\/am3\/am2+\/am2\/fm2+\/fm2\/fm1<\/title>\n<meta name=\"description\" content=\"Compra Mlw-d24m-a18ps-r1 Disipador De Enfriamiento Liquido Masterliquid Ml240l Core Argb\/negro\/ventiladores De 120mm Socket 1851\/1700\/1200\/1151\/1150\/1155\/1156\/am5\/am4\/am3+\/am3\/am2+\/am2\/fm2+\/fm2\/fm1 + Env\u00edo a domicilio + Pago seguro + Garant\u00eda\" \/>\n<meta name=\"robots\" content=\"index, follow, max-snippet:-1, max-image-preview:large, max-video-preview:-1\" \/>\n<link rel=\"canonical\" href=\"https:\/\/compuviper.mx\/tienda\/producto\/cooler-master-mlw-d24m-a18ps-r1-disipador-de-enfriamiento-liquido-masterliquid-ml240l-core-argb-negro-ventiladores-de-120mm-socket-1851-1700-1200-1151-1150-1155-1156-am5-am4-am3-am3-am2-am2-fm2-fm\/\" \/>\n<meta property=\"og:locale\" content=\"es_MX\" \/>\n<meta property=\"og:type\" content=\"article\" \/>\n<meta property=\"og:title\" content=\"[ Cooler Master ] &#129351; Mlw-d24m-a18ps-r1 Disipador De Enfriamiento Liquido Masterliquid Ml240l Core Argb\/negro\/ventiladores De 120mm Socket 1851\/1700\/1200\/1151\/1150\/1155\/1156\/am5\/am4\/am3+\/am3\/am2+\/am2\/fm2+\/fm2\/fm1\" \/>\n<meta property=\"og:description\" content=\"Compra Mlw-d24m-a18ps-r1 Disipador De Enfriamiento Liquido Masterliquid Ml240l Core Argb\/negro\/ventiladores De 120mm Socket 1851\/1700\/1200\/1151\/1150\/1155\/1156\/am5\/am4\/am3+\/am3\/am2+\/am2\/fm2+\/fm2\/fm1 + Env\u00edo a domicilio + Pago seguro + Garant\u00eda\" \/>\n<meta property=\"og:url\" content=\"https:\/\/compuviper.mx\/tienda\/producto\/cooler-master-mlw-d24m-a18ps-r1-disipador-de-enfriamiento-liquido-masterliquid-ml240l-core-argb-negro-ventiladores-de-120mm-socket-1851-1700-1200-1151-1150-1155-1156-am5-am4-am3-am3-am2-am2-fm2-fm\/\" \/>\n<meta property=\"og:site_name\" content=\"Compuviper\" \/>\n<meta property=\"article:publisher\" content=\"https:\/\/www.facebook.com\/compuviper\" \/>\n<meta property=\"article:modified_time\" content=\"2026-04-10T05:45:15+00:00\" \/>\n<meta property=\"og:image\" content=\"https:\/\/compuviper.mx\/tienda\/wp-content\/uploads\/2026\/02\/Disipador-de-enfriamiento-liquido-cooler-master-masterliquid-ml240l-core-argbnegroventiladores-de-120mm-socket-1851170012001151115011551156am5am4am3am3am2am2fm2fm2fm1.jpg\" \/>\n\t<meta property=\"og:image:width\" content=\"200\" \/>\n\t<meta property=\"og:image:height\" content=\"200\" \/>\n\t<meta property=\"og:image:type\" content=\"image\/jpeg\" \/>\n<meta name=\"twitter:card\" content=\"summary_large_image\" \/>\n<meta name=\"twitter:label1\" content=\"Precio\" \/>\n\t<meta name=\"twitter:data1\" content=\"&#36;1,226 &#36;1,125 con IVA\" \/>\n\t<meta name=\"twitter:label2\" content=\"Availability\" \/>\n\t<meta name=\"twitter:data2\" content=\"In stock\" \/>\n<script type=\"application\/ld+json\" class=\"yoast-schema-graph\">{\"@context\":\"https:\/\/schema.org\",\"@graph\":[{\"@type\":\"WebPage\",\"@id\":\"https:\/\/compuviper.mx\/tienda\/producto\/cooler-master-mlw-d24m-a18ps-r1-disipador-de-enfriamiento-liquido-masterliquid-ml240l-core-argb-negro-ventiladores-de-120mm-socket-1851-1700-1200-1151-1150-1155-1156-am5-am4-am3-am3-am2-am2-fm2-fm\/\",\"url\":\"https:\/\/compuviper.mx\/tienda\/producto\/cooler-master-mlw-d24m-a18ps-r1-disipador-de-enfriamiento-liquido-masterliquid-ml240l-core-argb-negro-ventiladores-de-120mm-socket-1851-1700-1200-1151-1150-1155-1156-am5-am4-am3-am3-am2-am2-fm2-fm\/\",\"name\":\"[ Cooler Master ] &#129351; Mlw-d24m-a18ps-r1 Disipador De Enfriamiento Liquido Masterliquid Ml240l Core Argb\/negro\/ventiladores De 120mm Socket 1851\/1700\/1200\/1151\/1150\/1155\/1156\/am5\/am4\/am3+\/am3\/am2+\/am2\/fm2+\/fm2\/fm1\",\"isPartOf\":{\"@id\":\"https:\/\/compuviper.mx\/tienda\/#website\"},\"datePublished\":\"2026-04-10T05:45:14+00:00\",\"dateModified\":\"2026-04-10T05:45:15+00:00\",\"description\":\"Compra Mlw-d24m-a18ps-r1 Disipador De Enfriamiento Liquido Masterliquid Ml240l Core Argb\/negro\/ventiladores De 120mm Socket 1851\/1700\/1200\/1151\/1150\/1155\/1156\/am5\/am4\/am3+\/am3\/am2+\/am2\/fm2+\/fm2\/fm1 + Env\u00edo a domicilio + Pago seguro + Garant\u00eda\",\"breadcrumb\":{\"@id\":\"https:\/\/compuviper.mx\/tienda\/producto\/cooler-master-mlw-d24m-a18ps-r1-disipador-de-enfriamiento-liquido-masterliquid-ml240l-core-argb-negro-ventiladores-de-120mm-socket-1851-1700-1200-1151-1150-1155-1156-am5-am4-am3-am3-am2-am2-fm2-fm\/#breadcrumb\"},\"inLanguage\":\"es-MX\",\"potentialAction\":[{\"@type\":\"ReadAction\",\"target\":[\"https:\/\/compuviper.mx\/tienda\/producto\/cooler-master-mlw-d24m-a18ps-r1-disipador-de-enfriamiento-liquido-masterliquid-ml240l-core-argb-negro-ventiladores-de-120mm-socket-1851-1700-1200-1151-1150-1155-1156-am5-am4-am3-am3-am2-am2-fm2-fm\/\"]}]},{\"@type\":\"BreadcrumbList\",\"@id\":\"https:\/\/compuviper.mx\/tienda\/producto\/cooler-master-mlw-d24m-a18ps-r1-disipador-de-enfriamiento-liquido-masterliquid-ml240l-core-argb-negro-ventiladores-de-120mm-socket-1851-1700-1200-1151-1150-1155-1156-am5-am4-am3-am3-am2-am2-fm2-fm\/#breadcrumb\",\"itemListElement\":[{\"@type\":\"ListItem\",\"position\":1,\"name\":\"Inicio\",\"item\":\"https:\/\/compuviper.mx\/tienda\/\"},{\"@type\":\"ListItem\",\"position\":2,\"name\":\"Productos\",\"item\":\"https:\/\/compuviper.mx\/tienda\/productos\/\"},{\"@type\":\"ListItem\",\"position\":3,\"name\":\"Ventiladores\",\"item\":\"https:\/\/compuviper.mx\/tienda\/categoria-producto\/ventiladores\/\"},{\"@type\":\"ListItem\",\"position\":4,\"name\":\"Disipador\",\"item\":\"https:\/\/compuviper.mx\/tienda\/categoria-producto\/ventiladores\/disipador\/\"},{\"@type\":\"ListItem\",\"position\":5,\"name\":\"Cooler Master Mlw-d24m-a18ps-r1 Disipador De Enfriamiento Liquido Masterliquid Ml240l Core Argb\/negro\/ventiladores De 120mm Socket 1851\/1700\/1200\/1151\/1150\/1155\/1156\/am5\/am4\/am3+\/am3\/am2+\/am2\/fm2+\/fm2\/fm1\"}]},{\"@type\":\"WebSite\",\"@id\":\"https:\/\/compuviper.mx\/tienda\/#website\",\"url\":\"https:\/\/compuviper.mx\/tienda\/\",\"name\":\"Compuviper\",\"description\":\"Proveedor de Computadoras, Laptops, Servidores, Monitores, Puntos de Venta, Teclados,   Impresoras, T\u00f3ner, C\u00e1maras de Seguridad y m\u00e1s en tu tienda en l\u00ednea\",\"publisher\":{\"@id\":\"https:\/\/compuviper.mx\/tienda\/#organization\"},\"potentialAction\":[{\"@type\":\"SearchAction\",\"target\":{\"@type\":\"EntryPoint\",\"urlTemplate\":\"https:\/\/compuviper.mx\/tienda\/?s={search_term_string}\"},\"query-input\":\"required name=search_term_string\"}],\"inLanguage\":\"es-MX\"},{\"@type\":\"Organization\",\"@id\":\"https:\/\/compuviper.mx\/tienda\/#organization\",\"name\":\"Compuviper\",\"url\":\"https:\/\/compuviper.mx\/tienda\/\",\"logo\":{\"@type\":\"ImageObject\",\"inLanguage\":\"es-MX\",\"@id\":\"https:\/\/compuviper.mx\/tienda\/#\/schema\/logo\/image\/\",\"url\":\"https:\/\/compuviper.mx\/tienda\/wp-content\/uploads\/2021\/08\/Logo-Compuviper-10.png\",\"contentUrl\":\"https:\/\/compuviper.mx\/tienda\/wp-content\/uploads\/2021\/08\/Logo-Compuviper-10.png\",\"width\":1000,\"height\":500,\"caption\":\"Compuviper\"},\"image\":{\"@id\":\"https:\/\/compuviper.mx\/tienda\/#\/schema\/logo\/image\/\"},\"sameAs\":[\"https:\/\/www.facebook.com\/compuviper\",\"https:\/\/www.youtube.com\/channel\/UCf73dERp9Y3cfOq7q8BhLjA?view_as=subscriber\"]}]}<\/script>\n<meta property=\"product:brand\" content=\"COOLER MASTER\" \/>\n<meta property=\"product:price:amount\" content=\"1125\" \/>\n<meta property=\"product:price:currency\" content=\"MXN\" \/>\n<meta property=\"og:availability\" content=\"instock\" \/>\n<meta property=\"product:availability\" content=\"instock\" \/>\n<meta property=\"product:retailer_item_id\" content=\"MLW-D24M-A18PS-R1\" \/>\n<meta property=\"product:condition\" content=\"new\" \/>\n<!-- \/ Yoast SEO plugin. -->","yoast_head_json":{"title":"[ Cooler Master ] &#129351; Mlw-d24m-a18ps-r1 Disipador De Enfriamiento Liquido Masterliquid Ml240l Core Argb\/negro\/ventiladores De 120mm Socket 1851\/1700\/1200\/1151\/1150\/1155\/1156\/am5\/am4\/am3+\/am3\/am2+\/am2\/fm2+\/fm2\/fm1","description":"Compra Mlw-d24m-a18ps-r1 Disipador De Enfriamiento Liquido Masterliquid Ml240l Core Argb\/negro\/ventiladores De 120mm Socket 1851\/1700\/1200\/1151\/1150\/1155\/1156\/am5\/am4\/am3+\/am3\/am2+\/am2\/fm2+\/fm2\/fm1 + Env\u00edo a domicilio + Pago seguro + Garant\u00eda","robots":{"index":"index","follow":"follow","max-snippet":"max-snippet:-1","max-image-preview":"max-image-preview:large","max-video-preview":"max-video-preview:-1"},"canonical":"https:\/\/compuviper.mx\/tienda\/producto\/cooler-master-mlw-d24m-a18ps-r1-disipador-de-enfriamiento-liquido-masterliquid-ml240l-core-argb-negro-ventiladores-de-120mm-socket-1851-1700-1200-1151-1150-1155-1156-am5-am4-am3-am3-am2-am2-fm2-fm\/","og_locale":"es_MX","og_type":"article","og_title":"[ Cooler Master ] &#129351; Mlw-d24m-a18ps-r1 Disipador De Enfriamiento Liquido Masterliquid Ml240l Core Argb\/negro\/ventiladores De 120mm Socket 1851\/1700\/1200\/1151\/1150\/1155\/1156\/am5\/am4\/am3+\/am3\/am2+\/am2\/fm2+\/fm2\/fm1","og_description":"Compra Mlw-d24m-a18ps-r1 Disipador De Enfriamiento Liquido Masterliquid Ml240l Core Argb\/negro\/ventiladores De 120mm Socket 1851\/1700\/1200\/1151\/1150\/1155\/1156\/am5\/am4\/am3+\/am3\/am2+\/am2\/fm2+\/fm2\/fm1 + Env\u00edo a domicilio + Pago seguro + Garant\u00eda","og_url":"https:\/\/compuviper.mx\/tienda\/producto\/cooler-master-mlw-d24m-a18ps-r1-disipador-de-enfriamiento-liquido-masterliquid-ml240l-core-argb-negro-ventiladores-de-120mm-socket-1851-1700-1200-1151-1150-1155-1156-am5-am4-am3-am3-am2-am2-fm2-fm\/","og_site_name":"Compuviper","article_publisher":"https:\/\/www.facebook.com\/compuviper","article_modified_time":"2026-04-10T05:45:15+00:00","og_image":[{"width":200,"height":200,"url":"https:\/\/compuviper.mx\/tienda\/wp-content\/uploads\/2026\/02\/Disipador-de-enfriamiento-liquido-cooler-master-masterliquid-ml240l-core-argbnegroventiladores-de-120mm-socket-1851170012001151115011551156am5am4am3am3am2am2fm2fm2fm1.jpg","type":"image\/jpeg"}],"twitter_card":"summary_large_image","twitter_misc":{"Precio":"&#36;1,226 &#36;1,125 con IVA","Availability":"In stock"},"schema":{"@context":"https:\/\/schema.org","@graph":[{"@type":"WebPage","@id":"https:\/\/compuviper.mx\/tienda\/producto\/cooler-master-mlw-d24m-a18ps-r1-disipador-de-enfriamiento-liquido-masterliquid-ml240l-core-argb-negro-ventiladores-de-120mm-socket-1851-1700-1200-1151-1150-1155-1156-am5-am4-am3-am3-am2-am2-fm2-fm\/","url":"https:\/\/compuviper.mx\/tienda\/producto\/cooler-master-mlw-d24m-a18ps-r1-disipador-de-enfriamiento-liquido-masterliquid-ml240l-core-argb-negro-ventiladores-de-120mm-socket-1851-1700-1200-1151-1150-1155-1156-am5-am4-am3-am3-am2-am2-fm2-fm\/","name":"[ Cooler Master ] &#129351; Mlw-d24m-a18ps-r1 Disipador De Enfriamiento Liquido Masterliquid Ml240l Core Argb\/negro\/ventiladores De 120mm Socket 1851\/1700\/1200\/1151\/1150\/1155\/1156\/am5\/am4\/am3+\/am3\/am2+\/am2\/fm2+\/fm2\/fm1","isPartOf":{"@id":"https:\/\/compuviper.mx\/tienda\/#website"},"datePublished":"2026-04-10T05:45:14+00:00","dateModified":"2026-04-10T05:45:15+00:00","description":"Compra Mlw-d24m-a18ps-r1 Disipador De Enfriamiento Liquido Masterliquid Ml240l Core Argb\/negro\/ventiladores De 120mm Socket 1851\/1700\/1200\/1151\/1150\/1155\/1156\/am5\/am4\/am3+\/am3\/am2+\/am2\/fm2+\/fm2\/fm1 + Env\u00edo a domicilio + Pago seguro + Garant\u00eda","breadcrumb":{"@id":"https:\/\/compuviper.mx\/tienda\/producto\/cooler-master-mlw-d24m-a18ps-r1-disipador-de-enfriamiento-liquido-masterliquid-ml240l-core-argb-negro-ventiladores-de-120mm-socket-1851-1700-1200-1151-1150-1155-1156-am5-am4-am3-am3-am2-am2-fm2-fm\/#breadcrumb"},"inLanguage":"es-MX","potentialAction":[{"@type":"ReadAction","target":["https:\/\/compuviper.mx\/tienda\/producto\/cooler-master-mlw-d24m-a18ps-r1-disipador-de-enfriamiento-liquido-masterliquid-ml240l-core-argb-negro-ventiladores-de-120mm-socket-1851-1700-1200-1151-1150-1155-1156-am5-am4-am3-am3-am2-am2-fm2-fm\/"]}]},{"@type":"BreadcrumbList","@id":"https:\/\/compuviper.mx\/tienda\/producto\/cooler-master-mlw-d24m-a18ps-r1-disipador-de-enfriamiento-liquido-masterliquid-ml240l-core-argb-negro-ventiladores-de-120mm-socket-1851-1700-1200-1151-1150-1155-1156-am5-am4-am3-am3-am2-am2-fm2-fm\/#breadcrumb","itemListElement":[{"@type":"ListItem","position":1,"name":"Inicio","item":"https:\/\/compuviper.mx\/tienda\/"},{"@type":"ListItem","position":2,"name":"Productos","item":"https:\/\/compuviper.mx\/tienda\/productos\/"},{"@type":"ListItem","position":3,"name":"Ventiladores","item":"https:\/\/compuviper.mx\/tienda\/categoria-producto\/ventiladores\/"},{"@type":"ListItem","position":4,"name":"Disipador","item":"https:\/\/compuviper.mx\/tienda\/categoria-producto\/ventiladores\/disipador\/"},{"@type":"ListItem","position":5,"name":"Cooler Master Mlw-d24m-a18ps-r1 Disipador De Enfriamiento Liquido Masterliquid Ml240l Core Argb\/negro\/ventiladores De 120mm Socket 1851\/1700\/1200\/1151\/1150\/1155\/1156\/am5\/am4\/am3+\/am3\/am2+\/am2\/fm2+\/fm2\/fm1"}]},{"@type":"WebSite","@id":"https:\/\/compuviper.mx\/tienda\/#website","url":"https:\/\/compuviper.mx\/tienda\/","name":"Compuviper","description":"Proveedor de Computadoras, Laptops, Servidores, Monitores, Puntos de Venta, Teclados,   Impresoras, T\u00f3ner, C\u00e1maras de Seguridad y m\u00e1s en tu tienda en l\u00ednea","publisher":{"@id":"https:\/\/compuviper.mx\/tienda\/#organization"},"potentialAction":[{"@type":"SearchAction","target":{"@type":"EntryPoint","urlTemplate":"https:\/\/compuviper.mx\/tienda\/?s={search_term_string}"},"query-input":"required name=search_term_string"}],"inLanguage":"es-MX"},{"@type":"Organization","@id":"https:\/\/compuviper.mx\/tienda\/#organization","name":"Compuviper","url":"https:\/\/compuviper.mx\/tienda\/","logo":{"@type":"ImageObject","inLanguage":"es-MX","@id":"https:\/\/compuviper.mx\/tienda\/#\/schema\/logo\/image\/","url":"https:\/\/compuviper.mx\/tienda\/wp-content\/uploads\/2021\/08\/Logo-Compuviper-10.png","contentUrl":"https:\/\/compuviper.mx\/tienda\/wp-content\/uploads\/2021\/08\/Logo-Compuviper-10.png","width":1000,"height":500,"caption":"Compuviper"},"image":{"@id":"https:\/\/compuviper.mx\/tienda\/#\/schema\/logo\/image\/"},"sameAs":["https:\/\/www.facebook.com\/compuviper","https:\/\/www.youtube.com\/channel\/UCf73dERp9Y3cfOq7q8BhLjA?view_as=subscriber"]}]},"product_brand":"COOLER MASTER","product_price_amount":"1125","product_price_currency":"MXN","og_availability":"instock","product_availability":"instock","product_retailer_item_id":"MLW-D24M-A18PS-R1","product_condition":"new"},"_links":{"self":[{"href":"https:\/\/compuviper.mx\/tienda\/wp-json\/wp\/v2\/product\/266350"}],"collection":[{"href":"https:\/\/compuviper.mx\/tienda\/wp-json\/wp\/v2\/product"}],"about":[{"href":"https:\/\/compuviper.mx\/tienda\/wp-json\/wp\/v2\/types\/product"}],"replies":[{"embeddable":true,"href":"https:\/\/compuviper.mx\/tienda\/wp-json\/wp\/v2\/comments?post=266350"}],"wp:featuredmedia":[{"embeddable":true,"href":"https:\/\/compuviper.mx\/tienda\/wp-json\/wp\/v2\/media\/266351"}],"wp:attachment":[{"href":"https:\/\/compuviper.mx\/tienda\/wp-json\/wp\/v2\/media?parent=266350"}],"wp:term":[{"taxonomy":"product_cat","embeddable":true,"href":"https:\/\/compuviper.mx\/tienda\/wp-json\/wp\/v2\/product_cat?post=266350"},{"taxonomy":"product_tag","embeddable":true,"href":"https:\/\/compuviper.mx\/tienda\/wp-json\/wp\/v2\/product_tag?post=266350"}],"curies":[{"name":"wp","href":"https:\/\/api.w.org\/{rel}","templated":true}]}}