{"id":266324,"date":"2026-04-02T00:06:34","date_gmt":"2026-04-02T06:06:34","guid":{"rendered":"https:\/\/compuviper.mx\/tienda\/producto\/amd-100-000001504wof-procesador-ryzen-5-5500x3d-s-am4-5a-gen-3-0-4-0-ghz-cache-96mb-6-nucleos-sin-graficos-sin-disipador-gamer-medio\/"},"modified":"2026-04-03T00:00:04","modified_gmt":"2026-04-03T06:00:04","slug":"amd-100-000001504wof-procesador-ryzen-5-5500x3d-s-am4-5a-gen-3-0-4-0-ghz-cache-96mb-6-nucleos-sin-graficos-sin-disipador-gamer-medio","status":"publish","type":"product","link":"https:\/\/compuviper.mx\/tienda\/producto\/amd-100-000001504wof-procesador-ryzen-5-5500x3d-s-am4-5a-gen-3-0-4-0-ghz-cache-96mb-6-nucleos-sin-graficos-sin-disipador-gamer-medio\/","title":{"rendered":"Amd 100-000001504wof Procesador  Ryzen 5 5500x3d S-am4 5a Gen \/ 3.0- 4.0 Ghz \/ Cache 96mb \/ 6 Nucleos \/ Sin Graficos \/ Sin  Disipador \/ Gamer Medio"},"content":{"rendered":"<table class=\"descripcion\">\n<tr>\n<td>Serie: ryzen 5<\/td>\n<\/tr>\n<tr>\n<td>Modelo: 5500x3d<\/td>\n<\/tr>\n<tr>\n<td>Cod. fabricante : 100-000001504wof<\/td>\n<\/tr>\n<tr>\n<td>Frecuencia base : 3.0 ghz<\/td>\n<\/tr>\n<tr>\n<td>Frecuencia maxima : hasta 4.0 ghz<\/td>\n<\/tr>\n<tr>\n<td>Numero de nucleos : 6<\/td>\n<\/tr>\n<tr>\n<td>Socket de procesador : am4<\/td>\n<\/tr>\n<tr>\n<td>Cach l3 del procesador : 96mb<\/td>\n<\/tr>\n<tr>\n<td>Cach l2 del procesador : 3mb<\/td>\n<\/tr>\n<tr>\n<td>Tecnologia de procesador : 7nm<\/td>\n<\/tr>\n<tr>\n<td>Tdp: 105w<\/td>\n<\/tr>\n<tr>\n<td>Tipo de memoria de sistema:ddr4<\/td>\n<\/tr>\n<tr>\n<td>Memoria maxima:128gb<\/td>\n<\/tr>\n<\/table>\n","protected":false},"excerpt":{"rendered":"<p>Desata a\u00fan m\u00e1s el rendimiento de los juegos con la cach\u00e9 l3 apilada en 3d. El amd ryzen 5 5500x3d es el procesador de escritorio con cach\u00e9 l3 apilada que ofrece unos inigualables 96 mb de cach\u00e9 l3 emparejados con n\u00facleos incre\u00edblemente r\u00e1pidos para crear el procesador de escritorio para juegos m\u00e1s r\u00e1pido del mundo.<\/p>\n","protected":false},"featured_media":266325,"comment_status":"open","ping_status":"open","template":"","meta":[],"product_cat":[1654,1665],"product_tag":[1656],"acf":[],"yoast_head":"<!-- This site is optimized with the Yoast SEO plugin v21.7 - https:\/\/yoast.com\/wordpress\/plugins\/seo\/ -->\n<title>[ Amd ] &#129351; 100-000001504wof Procesador Ryzen 5 5500x3d S-am4 5a Gen \/ 3.0- 4.0 Ghz \/ Cache 96mb \/ 6 Nucleos \/ Sin Graficos \/ Sin Disipador \/ Gamer Medio<\/title>\n<meta name=\"description\" content=\"Compra 100-000001504wof Procesador Ryzen 5 5500x3d S-am4 5a Gen \/ 3.0- 4.0 Ghz \/ Cache 96mb \/ 6 Nucleos \/ Sin Graficos \/ Sin Disipador \/ Gamer Medio + Env\u00edo a domicilio + Pago seguro + Garant\u00eda\" \/>\n<meta name=\"robots\" content=\"index, follow, max-snippet:-1, max-image-preview:large, max-video-preview:-1\" \/>\n<link rel=\"canonical\" href=\"https:\/\/compuviper.mx\/tienda\/producto\/amd-100-000001504wof-procesador-ryzen-5-5500x3d-s-am4-5a-gen-3-0-4-0-ghz-cache-96mb-6-nucleos-sin-graficos-sin-disipador-gamer-medio\/\" \/>\n<meta property=\"og:locale\" content=\"es_MX\" \/>\n<meta property=\"og:type\" content=\"article\" \/>\n<meta property=\"og:title\" content=\"[ Amd ] &#129351; 100-000001504wof Procesador Ryzen 5 5500x3d S-am4 5a Gen \/ 3.0- 4.0 Ghz \/ Cache 96mb \/ 6 Nucleos \/ Sin Graficos \/ Sin Disipador \/ Gamer Medio\" \/>\n<meta property=\"og:description\" content=\"Compra 100-000001504wof Procesador Ryzen 5 5500x3d S-am4 5a Gen \/ 3.0- 4.0 Ghz \/ Cache 96mb \/ 6 Nucleos \/ Sin Graficos \/ Sin Disipador \/ Gamer Medio + Env\u00edo a domicilio + Pago seguro + Garant\u00eda\" \/>\n<meta property=\"og:url\" content=\"https:\/\/compuviper.mx\/tienda\/producto\/amd-100-000001504wof-procesador-ryzen-5-5500x3d-s-am4-5a-gen-3-0-4-0-ghz-cache-96mb-6-nucleos-sin-graficos-sin-disipador-gamer-medio\/\" \/>\n<meta property=\"og:site_name\" content=\"Compuviper\" \/>\n<meta property=\"article:publisher\" content=\"https:\/\/www.facebook.com\/compuviper\" \/>\n<meta property=\"article:modified_time\" content=\"2026-04-03T06:00:04+00:00\" \/>\n<meta property=\"og:image\" content=\"https:\/\/compuviper.mx\/tienda\/wp-content\/uploads\/2026\/02\/Procesador-amd-ryzen-5-5500x3d-s-am4-5a-gen-3.0-4.0-ghz-cache-96mb-6-nucleos-sin-graficos-sin-disipador-gamer-medio.jpg\" \/>\n\t<meta property=\"og:image:width\" content=\"200\" \/>\n\t<meta property=\"og:image:height\" content=\"200\" \/>\n\t<meta property=\"og:image:type\" content=\"image\/jpeg\" \/>\n<meta name=\"twitter:card\" content=\"summary_large_image\" \/>\n<meta name=\"twitter:label1\" content=\"Precio\" \/>\n\t<meta name=\"twitter:data1\" content=\"&#36;2,860 con IVA\" \/>\n\t<meta name=\"twitter:label2\" content=\"Availability\" \/>\n\t<meta name=\"twitter:data2\" content=\"In stock\" \/>\n<script type=\"application\/ld+json\" class=\"yoast-schema-graph\">{\"@context\":\"https:\/\/schema.org\",\"@graph\":[{\"@type\":\"WebPage\",\"@id\":\"https:\/\/compuviper.mx\/tienda\/producto\/amd-100-000001504wof-procesador-ryzen-5-5500x3d-s-am4-5a-gen-3-0-4-0-ghz-cache-96mb-6-nucleos-sin-graficos-sin-disipador-gamer-medio\/\",\"url\":\"https:\/\/compuviper.mx\/tienda\/producto\/amd-100-000001504wof-procesador-ryzen-5-5500x3d-s-am4-5a-gen-3-0-4-0-ghz-cache-96mb-6-nucleos-sin-graficos-sin-disipador-gamer-medio\/\",\"name\":\"[ Amd ] &#129351; 100-000001504wof Procesador Ryzen 5 5500x3d S-am4 5a Gen \/ 3.0- 4.0 Ghz \/ Cache 96mb \/ 6 Nucleos \/ Sin Graficos \/ Sin Disipador \/ Gamer Medio\",\"isPartOf\":{\"@id\":\"https:\/\/compuviper.mx\/tienda\/#website\"},\"datePublished\":\"2026-04-02T06:06:34+00:00\",\"dateModified\":\"2026-04-03T06:00:04+00:00\",\"description\":\"Compra 100-000001504wof Procesador Ryzen 5 5500x3d S-am4 5a Gen \/ 3.0- 4.0 Ghz \/ Cache 96mb \/ 6 Nucleos \/ Sin Graficos \/ Sin Disipador \/ Gamer Medio + Env\u00edo a domicilio + Pago seguro + Garant\u00eda\",\"breadcrumb\":{\"@id\":\"https:\/\/compuviper.mx\/tienda\/producto\/amd-100-000001504wof-procesador-ryzen-5-5500x3d-s-am4-5a-gen-3-0-4-0-ghz-cache-96mb-6-nucleos-sin-graficos-sin-disipador-gamer-medio\/#breadcrumb\"},\"inLanguage\":\"es-MX\",\"potentialAction\":[{\"@type\":\"ReadAction\",\"target\":[\"https:\/\/compuviper.mx\/tienda\/producto\/amd-100-000001504wof-procesador-ryzen-5-5500x3d-s-am4-5a-gen-3-0-4-0-ghz-cache-96mb-6-nucleos-sin-graficos-sin-disipador-gamer-medio\/\"]}]},{\"@type\":\"BreadcrumbList\",\"@id\":\"https:\/\/compuviper.mx\/tienda\/producto\/amd-100-000001504wof-procesador-ryzen-5-5500x3d-s-am4-5a-gen-3-0-4-0-ghz-cache-96mb-6-nucleos-sin-graficos-sin-disipador-gamer-medio\/#breadcrumb\",\"itemListElement\":[{\"@type\":\"ListItem\",\"position\":1,\"name\":\"Inicio\",\"item\":\"https:\/\/compuviper.mx\/tienda\/\"},{\"@type\":\"ListItem\",\"position\":2,\"name\":\"Productos\",\"item\":\"https:\/\/compuviper.mx\/tienda\/productos\/\"},{\"@type\":\"ListItem\",\"position\":3,\"name\":\"Procesadores\",\"item\":\"https:\/\/compuviper.mx\/tienda\/categoria-producto\/procesadores\/\"},{\"@type\":\"ListItem\",\"position\":4,\"name\":\"Amd Ryzen 5\",\"item\":\"https:\/\/compuviper.mx\/tienda\/categoria-producto\/procesadores\/amd-ryzen-5\/\"},{\"@type\":\"ListItem\",\"position\":5,\"name\":\"Amd 100-000001504wof Procesador Ryzen 5 5500x3d S-am4 5a Gen \/ 3.0- 4.0 Ghz \/ Cache 96mb \/ 6 Nucleos \/ Sin Graficos \/ Sin Disipador \/ Gamer Medio\"}]},{\"@type\":\"WebSite\",\"@id\":\"https:\/\/compuviper.mx\/tienda\/#website\",\"url\":\"https:\/\/compuviper.mx\/tienda\/\",\"name\":\"Compuviper\",\"description\":\"Proveedor de Computadoras, Laptops, Servidores, Monitores, Puntos de Venta, Teclados,   Impresoras, T\u00f3ner, C\u00e1maras de Seguridad y m\u00e1s en tu tienda en l\u00ednea\",\"publisher\":{\"@id\":\"https:\/\/compuviper.mx\/tienda\/#organization\"},\"potentialAction\":[{\"@type\":\"SearchAction\",\"target\":{\"@type\":\"EntryPoint\",\"urlTemplate\":\"https:\/\/compuviper.mx\/tienda\/?s={search_term_string}\"},\"query-input\":\"required name=search_term_string\"}],\"inLanguage\":\"es-MX\"},{\"@type\":\"Organization\",\"@id\":\"https:\/\/compuviper.mx\/tienda\/#organization\",\"name\":\"Compuviper\",\"url\":\"https:\/\/compuviper.mx\/tienda\/\",\"logo\":{\"@type\":\"ImageObject\",\"inLanguage\":\"es-MX\",\"@id\":\"https:\/\/compuviper.mx\/tienda\/#\/schema\/logo\/image\/\",\"url\":\"https:\/\/compuviper.mx\/tienda\/wp-content\/uploads\/2021\/08\/Logo-Compuviper-10.png\",\"contentUrl\":\"https:\/\/compuviper.mx\/tienda\/wp-content\/uploads\/2021\/08\/Logo-Compuviper-10.png\",\"width\":1000,\"height\":500,\"caption\":\"Compuviper\"},\"image\":{\"@id\":\"https:\/\/compuviper.mx\/tienda\/#\/schema\/logo\/image\/\"},\"sameAs\":[\"https:\/\/www.facebook.com\/compuviper\",\"https:\/\/www.youtube.com\/channel\/UCf73dERp9Y3cfOq7q8BhLjA?view_as=subscriber\"]}]}<\/script>\n<meta property=\"product:brand\" content=\"AMD\" \/>\n<meta property=\"product:price:amount\" content=\"2860\" \/>\n<meta property=\"product:price:currency\" content=\"MXN\" \/>\n<meta property=\"og:availability\" content=\"instock\" \/>\n<meta property=\"product:availability\" content=\"instock\" \/>\n<meta property=\"product:retailer_item_id\" content=\"100-000001504WOF\" \/>\n<meta property=\"product:condition\" content=\"new\" \/>\n<!-- \/ Yoast SEO plugin. -->","yoast_head_json":{"title":"[ Amd ] &#129351; 100-000001504wof Procesador Ryzen 5 5500x3d S-am4 5a Gen \/ 3.0- 4.0 Ghz \/ Cache 96mb \/ 6 Nucleos \/ Sin Graficos \/ Sin Disipador \/ Gamer Medio","description":"Compra 100-000001504wof Procesador Ryzen 5 5500x3d S-am4 5a Gen \/ 3.0- 4.0 Ghz \/ Cache 96mb \/ 6 Nucleos \/ Sin Graficos \/ Sin Disipador \/ Gamer Medio + Env\u00edo a domicilio + Pago seguro + Garant\u00eda","robots":{"index":"index","follow":"follow","max-snippet":"max-snippet:-1","max-image-preview":"max-image-preview:large","max-video-preview":"max-video-preview:-1"},"canonical":"https:\/\/compuviper.mx\/tienda\/producto\/amd-100-000001504wof-procesador-ryzen-5-5500x3d-s-am4-5a-gen-3-0-4-0-ghz-cache-96mb-6-nucleos-sin-graficos-sin-disipador-gamer-medio\/","og_locale":"es_MX","og_type":"article","og_title":"[ Amd ] &#129351; 100-000001504wof Procesador Ryzen 5 5500x3d S-am4 5a Gen \/ 3.0- 4.0 Ghz \/ Cache 96mb \/ 6 Nucleos \/ Sin Graficos \/ Sin Disipador \/ Gamer Medio","og_description":"Compra 100-000001504wof Procesador Ryzen 5 5500x3d S-am4 5a Gen \/ 3.0- 4.0 Ghz \/ Cache 96mb \/ 6 Nucleos \/ Sin Graficos \/ Sin Disipador \/ Gamer Medio + Env\u00edo a domicilio + Pago seguro + Garant\u00eda","og_url":"https:\/\/compuviper.mx\/tienda\/producto\/amd-100-000001504wof-procesador-ryzen-5-5500x3d-s-am4-5a-gen-3-0-4-0-ghz-cache-96mb-6-nucleos-sin-graficos-sin-disipador-gamer-medio\/","og_site_name":"Compuviper","article_publisher":"https:\/\/www.facebook.com\/compuviper","article_modified_time":"2026-04-03T06:00:04+00:00","og_image":[{"width":200,"height":200,"url":"https:\/\/compuviper.mx\/tienda\/wp-content\/uploads\/2026\/02\/Procesador-amd-ryzen-5-5500x3d-s-am4-5a-gen-3.0-4.0-ghz-cache-96mb-6-nucleos-sin-graficos-sin-disipador-gamer-medio.jpg","type":"image\/jpeg"}],"twitter_card":"summary_large_image","twitter_misc":{"Precio":"&#36;2,860 con IVA","Availability":"In stock"},"schema":{"@context":"https:\/\/schema.org","@graph":[{"@type":"WebPage","@id":"https:\/\/compuviper.mx\/tienda\/producto\/amd-100-000001504wof-procesador-ryzen-5-5500x3d-s-am4-5a-gen-3-0-4-0-ghz-cache-96mb-6-nucleos-sin-graficos-sin-disipador-gamer-medio\/","url":"https:\/\/compuviper.mx\/tienda\/producto\/amd-100-000001504wof-procesador-ryzen-5-5500x3d-s-am4-5a-gen-3-0-4-0-ghz-cache-96mb-6-nucleos-sin-graficos-sin-disipador-gamer-medio\/","name":"[ Amd ] &#129351; 100-000001504wof Procesador Ryzen 5 5500x3d S-am4 5a Gen \/ 3.0- 4.0 Ghz \/ Cache 96mb \/ 6 Nucleos \/ Sin Graficos \/ Sin Disipador \/ Gamer Medio","isPartOf":{"@id":"https:\/\/compuviper.mx\/tienda\/#website"},"datePublished":"2026-04-02T06:06:34+00:00","dateModified":"2026-04-03T06:00:04+00:00","description":"Compra 100-000001504wof Procesador Ryzen 5 5500x3d S-am4 5a Gen \/ 3.0- 4.0 Ghz \/ Cache 96mb \/ 6 Nucleos \/ Sin Graficos \/ Sin Disipador \/ Gamer Medio + Env\u00edo a domicilio + Pago seguro + Garant\u00eda","breadcrumb":{"@id":"https:\/\/compuviper.mx\/tienda\/producto\/amd-100-000001504wof-procesador-ryzen-5-5500x3d-s-am4-5a-gen-3-0-4-0-ghz-cache-96mb-6-nucleos-sin-graficos-sin-disipador-gamer-medio\/#breadcrumb"},"inLanguage":"es-MX","potentialAction":[{"@type":"ReadAction","target":["https:\/\/compuviper.mx\/tienda\/producto\/amd-100-000001504wof-procesador-ryzen-5-5500x3d-s-am4-5a-gen-3-0-4-0-ghz-cache-96mb-6-nucleos-sin-graficos-sin-disipador-gamer-medio\/"]}]},{"@type":"BreadcrumbList","@id":"https:\/\/compuviper.mx\/tienda\/producto\/amd-100-000001504wof-procesador-ryzen-5-5500x3d-s-am4-5a-gen-3-0-4-0-ghz-cache-96mb-6-nucleos-sin-graficos-sin-disipador-gamer-medio\/#breadcrumb","itemListElement":[{"@type":"ListItem","position":1,"name":"Inicio","item":"https:\/\/compuviper.mx\/tienda\/"},{"@type":"ListItem","position":2,"name":"Productos","item":"https:\/\/compuviper.mx\/tienda\/productos\/"},{"@type":"ListItem","position":3,"name":"Procesadores","item":"https:\/\/compuviper.mx\/tienda\/categoria-producto\/procesadores\/"},{"@type":"ListItem","position":4,"name":"Amd Ryzen 5","item":"https:\/\/compuviper.mx\/tienda\/categoria-producto\/procesadores\/amd-ryzen-5\/"},{"@type":"ListItem","position":5,"name":"Amd 100-000001504wof Procesador Ryzen 5 5500x3d S-am4 5a Gen \/ 3.0- 4.0 Ghz \/ Cache 96mb \/ 6 Nucleos \/ Sin Graficos \/ Sin Disipador \/ Gamer Medio"}]},{"@type":"WebSite","@id":"https:\/\/compuviper.mx\/tienda\/#website","url":"https:\/\/compuviper.mx\/tienda\/","name":"Compuviper","description":"Proveedor de Computadoras, Laptops, Servidores, Monitores, Puntos de Venta, Teclados,   Impresoras, T\u00f3ner, C\u00e1maras de Seguridad y m\u00e1s en tu tienda en l\u00ednea","publisher":{"@id":"https:\/\/compuviper.mx\/tienda\/#organization"},"potentialAction":[{"@type":"SearchAction","target":{"@type":"EntryPoint","urlTemplate":"https:\/\/compuviper.mx\/tienda\/?s={search_term_string}"},"query-input":"required name=search_term_string"}],"inLanguage":"es-MX"},{"@type":"Organization","@id":"https:\/\/compuviper.mx\/tienda\/#organization","name":"Compuviper","url":"https:\/\/compuviper.mx\/tienda\/","logo":{"@type":"ImageObject","inLanguage":"es-MX","@id":"https:\/\/compuviper.mx\/tienda\/#\/schema\/logo\/image\/","url":"https:\/\/compuviper.mx\/tienda\/wp-content\/uploads\/2021\/08\/Logo-Compuviper-10.png","contentUrl":"https:\/\/compuviper.mx\/tienda\/wp-content\/uploads\/2021\/08\/Logo-Compuviper-10.png","width":1000,"height":500,"caption":"Compuviper"},"image":{"@id":"https:\/\/compuviper.mx\/tienda\/#\/schema\/logo\/image\/"},"sameAs":["https:\/\/www.facebook.com\/compuviper","https:\/\/www.youtube.com\/channel\/UCf73dERp9Y3cfOq7q8BhLjA?view_as=subscriber"]}]},"product_brand":"AMD","product_price_amount":"2860","product_price_currency":"MXN","og_availability":"instock","product_availability":"instock","product_retailer_item_id":"100-000001504WOF","product_condition":"new"},"_links":{"self":[{"href":"https:\/\/compuviper.mx\/tienda\/wp-json\/wp\/v2\/product\/266324"}],"collection":[{"href":"https:\/\/compuviper.mx\/tienda\/wp-json\/wp\/v2\/product"}],"about":[{"href":"https:\/\/compuviper.mx\/tienda\/wp-json\/wp\/v2\/types\/product"}],"replies":[{"embeddable":true,"href":"https:\/\/compuviper.mx\/tienda\/wp-json\/wp\/v2\/comments?post=266324"}],"wp:featuredmedia":[{"embeddable":true,"href":"https:\/\/compuviper.mx\/tienda\/wp-json\/wp\/v2\/media\/266325"}],"wp:attachment":[{"href":"https:\/\/compuviper.mx\/tienda\/wp-json\/wp\/v2\/media?parent=266324"}],"wp:term":[{"taxonomy":"product_cat","embeddable":true,"href":"https:\/\/compuviper.mx\/tienda\/wp-json\/wp\/v2\/product_cat?post=266324"},{"taxonomy":"product_tag","embeddable":true,"href":"https:\/\/compuviper.mx\/tienda\/wp-json\/wp\/v2\/product_tag?post=266324"}],"curies":[{"name":"wp","href":"https:\/\/api.w.org\/{rel}","templated":true}]}}