{"id":266322,"date":"2026-04-02T02:22:17","date_gmt":"2026-04-02T08:22:17","guid":{"rendered":"https:\/\/compuviper.mx\/tienda\/producto\/microsoft-dg7gmgf0vnhv0002commercial-csp-sql-server-2025-1-user-cal-com-perpetuo\/"},"modified":"2026-04-02T02:22:18","modified_gmt":"2026-04-02T08:22:18","slug":"microsoft-dg7gmgf0vnhv0002commercial-csp-sql-server-2025-1-user-cal-com-perpetuo","status":"publish","type":"product","link":"https:\/\/compuviper.mx\/tienda\/producto\/microsoft-dg7gmgf0vnhv0002commercial-csp-sql-server-2025-1-user-cal-com-perpetuo\/","title":{"rendered":"Microsoft Dg7gmgf0vnhv:0002:commercial  Csp Sql Server 2025 &#8211; 1 User Cal &#8211; Com Perpetuo"},"content":{"rendered":"<table class=\"descripcion\">\n<tr>\n<td>Una sql cal permite que un usuario o dispositivo tenga acceso leg\u00edtimo al motor de base de datos sql server, ya sea:<\/td>\n<\/tr>\n<tr>\n<td>\u0095 acceso directo<\/td>\n<\/tr>\n<tr>\n<td>\u0095 acceso indirecto (a trav\u00e9s de aplicaciones que consultan sql server)<\/td>\n<\/tr>\n<tr>\n<td>Las cal son necesarias para:<\/td>\n<\/tr>\n<tr>\n<td>\u0095 consultas<\/td>\n<\/tr>\n<tr>\n<td>\u0095 lectura\/escritura de datos<\/td>\n<\/tr>\n<tr>\n<td>\u0095 aplicaciones internas que se apoyan en sql server<\/td>\n<\/tr>\n<tr>\n<td> and #10004; requerimientos seg\u00fan edici\u00f3n<\/td>\n<\/tr>\n<tr>\n<td>\u0095 sql server standard: puede licenciarse con cal.<\/td>\n<\/tr>\n<tr>\n<td>\u0095 sql server enterprise: solo se licencia por n\u00facleo (no requiere cal).<\/td>\n<\/tr>\n<tr>\n<td> and #10004; cu\u00e1ndo no necesitas cal<\/td>\n<\/tr>\n<tr>\n<td>Si eliges licencia por n\u00facleo, sql server permite accesos ilimitados sin cal.<\/td>\n<\/tr>\n<\/table>\n","protected":false},"excerpt":{"rendered":"<p>Una sql cal (client access license) es una licencia que autoriza a un usuario o dispositivo a acceder legalmente a un servidor microsoft sql server bajo el modelo de licencia servidor + cal. No es un software, sino un permiso de acceso. Se asigna a un usuario. &#8211; el usuario puede conectarse desde cualquier dispositivo sin comprar licencias adicionales. &#8211; ideal cuando los empleados usan varios dispositivos (pc, laptop, m\u00f3vil).<\/p>\n","protected":false},"featured_media":0,"comment_status":"open","ping_status":"open","template":"","meta":[],"product_cat":[1827,2108],"product_tag":[1831],"acf":[],"yoast_head":"<!-- This site is optimized with the Yoast SEO plugin v21.7 - https:\/\/yoast.com\/wordpress\/plugins\/seo\/ -->\n<title>[ Microsoft ] &#129351; Dg7gmgf0vnhv:0002:commercial Csp Sql Server 2025 - 1 User Cal - Com Perpetuo<\/title>\n<meta name=\"description\" content=\"Compra Dg7gmgf0vnhv:0002:commercial Csp Sql Server 2025 - 1 User Cal - Com Perpetuo + Env\u00edo a domicilio + Pago seguro + Garant\u00eda\" \/>\n<meta name=\"robots\" content=\"index, follow, max-snippet:-1, max-image-preview:large, max-video-preview:-1\" \/>\n<link rel=\"canonical\" href=\"https:\/\/compuviper.mx\/tienda\/producto\/microsoft-dg7gmgf0vnhv0002commercial-csp-sql-server-2025-1-user-cal-com-perpetuo\/\" \/>\n<meta property=\"og:locale\" content=\"es_MX\" \/>\n<meta property=\"og:type\" content=\"article\" \/>\n<meta property=\"og:title\" content=\"[ Microsoft ] &#129351; Dg7gmgf0vnhv:0002:commercial Csp Sql Server 2025 - 1 User Cal - Com Perpetuo\" \/>\n<meta property=\"og:description\" content=\"Compra Dg7gmgf0vnhv:0002:commercial Csp Sql Server 2025 - 1 User Cal - Com Perpetuo + Env\u00edo a domicilio + Pago seguro + Garant\u00eda\" \/>\n<meta property=\"og:url\" content=\"https:\/\/compuviper.mx\/tienda\/producto\/microsoft-dg7gmgf0vnhv0002commercial-csp-sql-server-2025-1-user-cal-com-perpetuo\/\" \/>\n<meta property=\"og:site_name\" content=\"Compuviper\" \/>\n<meta property=\"article:publisher\" content=\"https:\/\/www.facebook.com\/compuviper\" \/>\n<meta property=\"article:modified_time\" content=\"2026-04-02T08:22:18+00:00\" \/>\n<meta name=\"twitter:card\" content=\"summary_large_image\" \/>\n<meta name=\"twitter:label1\" content=\"Precio\" \/>\n\t<meta name=\"twitter:data1\" content=\"&#36;4,839 con IVA\" \/>\n\t<meta name=\"twitter:label2\" content=\"Availability\" \/>\n\t<meta name=\"twitter:data2\" content=\"On backorder\" \/>\n<script type=\"application\/ld+json\" class=\"yoast-schema-graph\">{\"@context\":\"https:\/\/schema.org\",\"@graph\":[{\"@type\":\"WebPage\",\"@id\":\"https:\/\/compuviper.mx\/tienda\/producto\/microsoft-dg7gmgf0vnhv0002commercial-csp-sql-server-2025-1-user-cal-com-perpetuo\/\",\"url\":\"https:\/\/compuviper.mx\/tienda\/producto\/microsoft-dg7gmgf0vnhv0002commercial-csp-sql-server-2025-1-user-cal-com-perpetuo\/\",\"name\":\"[ Microsoft ] &#129351; Dg7gmgf0vnhv:0002:commercial Csp Sql Server 2025 - 1 User Cal - Com Perpetuo\",\"isPartOf\":{\"@id\":\"https:\/\/compuviper.mx\/tienda\/#website\"},\"datePublished\":\"2026-04-02T08:22:17+00:00\",\"dateModified\":\"2026-04-02T08:22:18+00:00\",\"description\":\"Compra Dg7gmgf0vnhv:0002:commercial Csp Sql Server 2025 - 1 User Cal - Com Perpetuo + Env\u00edo a domicilio + Pago seguro + Garant\u00eda\",\"breadcrumb\":{\"@id\":\"https:\/\/compuviper.mx\/tienda\/producto\/microsoft-dg7gmgf0vnhv0002commercial-csp-sql-server-2025-1-user-cal-com-perpetuo\/#breadcrumb\"},\"inLanguage\":\"es-MX\",\"potentialAction\":[{\"@type\":\"ReadAction\",\"target\":[\"https:\/\/compuviper.mx\/tienda\/producto\/microsoft-dg7gmgf0vnhv0002commercial-csp-sql-server-2025-1-user-cal-com-perpetuo\/\"]}]},{\"@type\":\"BreadcrumbList\",\"@id\":\"https:\/\/compuviper.mx\/tienda\/producto\/microsoft-dg7gmgf0vnhv0002commercial-csp-sql-server-2025-1-user-cal-com-perpetuo\/#breadcrumb\",\"itemListElement\":[{\"@type\":\"ListItem\",\"position\":1,\"name\":\"Inicio\",\"item\":\"https:\/\/compuviper.mx\/tienda\/\"},{\"@type\":\"ListItem\",\"position\":2,\"name\":\"Productos\",\"item\":\"https:\/\/compuviper.mx\/tienda\/productos\/\"},{\"@type\":\"ListItem\",\"position\":3,\"name\":\"Software\",\"item\":\"https:\/\/compuviper.mx\/tienda\/categoria-producto\/software\/\"},{\"@type\":\"ListItem\",\"position\":4,\"name\":\"Licenciamiento Microsoft Csp\",\"item\":\"https:\/\/compuviper.mx\/tienda\/categoria-producto\/software\/licenciamiento-microsoft-csp\/\"},{\"@type\":\"ListItem\",\"position\":5,\"name\":\"Microsoft Dg7gmgf0vnhv:0002:commercial Csp Sql Server 2025 &#8211; 1 User Cal &#8211; Com Perpetuo\"}]},{\"@type\":\"WebSite\",\"@id\":\"https:\/\/compuviper.mx\/tienda\/#website\",\"url\":\"https:\/\/compuviper.mx\/tienda\/\",\"name\":\"Compuviper\",\"description\":\"Proveedor de Computadoras, Laptops, Servidores, Monitores, Puntos de Venta, Teclados,   Impresoras, T\u00f3ner, C\u00e1maras de Seguridad y m\u00e1s en tu tienda en l\u00ednea\",\"publisher\":{\"@id\":\"https:\/\/compuviper.mx\/tienda\/#organization\"},\"potentialAction\":[{\"@type\":\"SearchAction\",\"target\":{\"@type\":\"EntryPoint\",\"urlTemplate\":\"https:\/\/compuviper.mx\/tienda\/?s={search_term_string}\"},\"query-input\":\"required name=search_term_string\"}],\"inLanguage\":\"es-MX\"},{\"@type\":\"Organization\",\"@id\":\"https:\/\/compuviper.mx\/tienda\/#organization\",\"name\":\"Compuviper\",\"url\":\"https:\/\/compuviper.mx\/tienda\/\",\"logo\":{\"@type\":\"ImageObject\",\"inLanguage\":\"es-MX\",\"@id\":\"https:\/\/compuviper.mx\/tienda\/#\/schema\/logo\/image\/\",\"url\":\"https:\/\/compuviper.mx\/tienda\/wp-content\/uploads\/2021\/08\/Logo-Compuviper-10.png\",\"contentUrl\":\"https:\/\/compuviper.mx\/tienda\/wp-content\/uploads\/2021\/08\/Logo-Compuviper-10.png\",\"width\":1000,\"height\":500,\"caption\":\"Compuviper\"},\"image\":{\"@id\":\"https:\/\/compuviper.mx\/tienda\/#\/schema\/logo\/image\/\"},\"sameAs\":[\"https:\/\/www.facebook.com\/compuviper\",\"https:\/\/www.youtube.com\/channel\/UCf73dERp9Y3cfOq7q8BhLjA?view_as=subscriber\"]}]}<\/script>\n<meta property=\"product:brand\" content=\"MICROSOFT\" \/>\n<meta property=\"product:price:amount\" content=\"4839\" \/>\n<meta property=\"product:price:currency\" content=\"MXN\" \/>\n<meta property=\"og:availability\" content=\"backorder\" \/>\n<meta property=\"product:availability\" content=\"available for order\" \/>\n<meta property=\"product:retailer_item_id\" content=\"DG7GMGF0VNHV:0002:COMMERCIAL\" \/>\n<meta property=\"product:condition\" content=\"new\" \/>\n<!-- \/ Yoast SEO plugin. -->","yoast_head_json":{"title":"[ Microsoft ] &#129351; Dg7gmgf0vnhv:0002:commercial Csp Sql Server 2025 - 1 User Cal - Com Perpetuo","description":"Compra Dg7gmgf0vnhv:0002:commercial Csp Sql Server 2025 - 1 User Cal - Com Perpetuo + Env\u00edo a domicilio + Pago seguro + Garant\u00eda","robots":{"index":"index","follow":"follow","max-snippet":"max-snippet:-1","max-image-preview":"max-image-preview:large","max-video-preview":"max-video-preview:-1"},"canonical":"https:\/\/compuviper.mx\/tienda\/producto\/microsoft-dg7gmgf0vnhv0002commercial-csp-sql-server-2025-1-user-cal-com-perpetuo\/","og_locale":"es_MX","og_type":"article","og_title":"[ Microsoft ] &#129351; Dg7gmgf0vnhv:0002:commercial Csp Sql Server 2025 - 1 User Cal - Com Perpetuo","og_description":"Compra Dg7gmgf0vnhv:0002:commercial Csp Sql Server 2025 - 1 User Cal - Com Perpetuo + Env\u00edo a domicilio + Pago seguro + Garant\u00eda","og_url":"https:\/\/compuviper.mx\/tienda\/producto\/microsoft-dg7gmgf0vnhv0002commercial-csp-sql-server-2025-1-user-cal-com-perpetuo\/","og_site_name":"Compuviper","article_publisher":"https:\/\/www.facebook.com\/compuviper","article_modified_time":"2026-04-02T08:22:18+00:00","twitter_card":"summary_large_image","twitter_misc":{"Precio":"&#36;4,839 con IVA","Availability":"On backorder"},"schema":{"@context":"https:\/\/schema.org","@graph":[{"@type":"WebPage","@id":"https:\/\/compuviper.mx\/tienda\/producto\/microsoft-dg7gmgf0vnhv0002commercial-csp-sql-server-2025-1-user-cal-com-perpetuo\/","url":"https:\/\/compuviper.mx\/tienda\/producto\/microsoft-dg7gmgf0vnhv0002commercial-csp-sql-server-2025-1-user-cal-com-perpetuo\/","name":"[ Microsoft ] &#129351; Dg7gmgf0vnhv:0002:commercial Csp Sql Server 2025 - 1 User Cal - Com Perpetuo","isPartOf":{"@id":"https:\/\/compuviper.mx\/tienda\/#website"},"datePublished":"2026-04-02T08:22:17+00:00","dateModified":"2026-04-02T08:22:18+00:00","description":"Compra Dg7gmgf0vnhv:0002:commercial Csp Sql Server 2025 - 1 User Cal - Com Perpetuo + Env\u00edo a domicilio + Pago seguro + Garant\u00eda","breadcrumb":{"@id":"https:\/\/compuviper.mx\/tienda\/producto\/microsoft-dg7gmgf0vnhv0002commercial-csp-sql-server-2025-1-user-cal-com-perpetuo\/#breadcrumb"},"inLanguage":"es-MX","potentialAction":[{"@type":"ReadAction","target":["https:\/\/compuviper.mx\/tienda\/producto\/microsoft-dg7gmgf0vnhv0002commercial-csp-sql-server-2025-1-user-cal-com-perpetuo\/"]}]},{"@type":"BreadcrumbList","@id":"https:\/\/compuviper.mx\/tienda\/producto\/microsoft-dg7gmgf0vnhv0002commercial-csp-sql-server-2025-1-user-cal-com-perpetuo\/#breadcrumb","itemListElement":[{"@type":"ListItem","position":1,"name":"Inicio","item":"https:\/\/compuviper.mx\/tienda\/"},{"@type":"ListItem","position":2,"name":"Productos","item":"https:\/\/compuviper.mx\/tienda\/productos\/"},{"@type":"ListItem","position":3,"name":"Software","item":"https:\/\/compuviper.mx\/tienda\/categoria-producto\/software\/"},{"@type":"ListItem","position":4,"name":"Licenciamiento Microsoft Csp","item":"https:\/\/compuviper.mx\/tienda\/categoria-producto\/software\/licenciamiento-microsoft-csp\/"},{"@type":"ListItem","position":5,"name":"Microsoft Dg7gmgf0vnhv:0002:commercial Csp Sql Server 2025 &#8211; 1 User Cal &#8211; Com Perpetuo"}]},{"@type":"WebSite","@id":"https:\/\/compuviper.mx\/tienda\/#website","url":"https:\/\/compuviper.mx\/tienda\/","name":"Compuviper","description":"Proveedor de Computadoras, Laptops, Servidores, Monitores, Puntos de Venta, Teclados,   Impresoras, T\u00f3ner, C\u00e1maras de Seguridad y m\u00e1s en tu tienda en l\u00ednea","publisher":{"@id":"https:\/\/compuviper.mx\/tienda\/#organization"},"potentialAction":[{"@type":"SearchAction","target":{"@type":"EntryPoint","urlTemplate":"https:\/\/compuviper.mx\/tienda\/?s={search_term_string}"},"query-input":"required name=search_term_string"}],"inLanguage":"es-MX"},{"@type":"Organization","@id":"https:\/\/compuviper.mx\/tienda\/#organization","name":"Compuviper","url":"https:\/\/compuviper.mx\/tienda\/","logo":{"@type":"ImageObject","inLanguage":"es-MX","@id":"https:\/\/compuviper.mx\/tienda\/#\/schema\/logo\/image\/","url":"https:\/\/compuviper.mx\/tienda\/wp-content\/uploads\/2021\/08\/Logo-Compuviper-10.png","contentUrl":"https:\/\/compuviper.mx\/tienda\/wp-content\/uploads\/2021\/08\/Logo-Compuviper-10.png","width":1000,"height":500,"caption":"Compuviper"},"image":{"@id":"https:\/\/compuviper.mx\/tienda\/#\/schema\/logo\/image\/"},"sameAs":["https:\/\/www.facebook.com\/compuviper","https:\/\/www.youtube.com\/channel\/UCf73dERp9Y3cfOq7q8BhLjA?view_as=subscriber"]}]},"product_brand":"MICROSOFT","product_price_amount":"4839","product_price_currency":"MXN","og_availability":"backorder","product_availability":"available for order","product_retailer_item_id":"DG7GMGF0VNHV:0002:COMMERCIAL","product_condition":"new"},"_links":{"self":[{"href":"https:\/\/compuviper.mx\/tienda\/wp-json\/wp\/v2\/product\/266322"}],"collection":[{"href":"https:\/\/compuviper.mx\/tienda\/wp-json\/wp\/v2\/product"}],"about":[{"href":"https:\/\/compuviper.mx\/tienda\/wp-json\/wp\/v2\/types\/product"}],"replies":[{"embeddable":true,"href":"https:\/\/compuviper.mx\/tienda\/wp-json\/wp\/v2\/comments?post=266322"}],"wp:attachment":[{"href":"https:\/\/compuviper.mx\/tienda\/wp-json\/wp\/v2\/media?parent=266322"}],"wp:term":[{"taxonomy":"product_cat","embeddable":true,"href":"https:\/\/compuviper.mx\/tienda\/wp-json\/wp\/v2\/product_cat?post=266322"},{"taxonomy":"product_tag","embeddable":true,"href":"https:\/\/compuviper.mx\/tienda\/wp-json\/wp\/v2\/product_tag?post=266322"}],"curies":[{"name":"wp","href":"https:\/\/api.w.org\/{rel}","templated":true}]}}