{"id":266292,"date":"2026-04-17T01:12:29","date_gmt":"2026-04-17T07:12:29","guid":{"rendered":"https:\/\/compuviper.mx\/tienda\/producto\/qnap-qxg-10g2sf-nxe-tarjeta-de-expansin-de-red-pcie-con-2-puertos-10-gbe-sfp-para-nas-pc-o-servidores-que-aporta-conectividad-de-alta-velocidad-hasta-10-gbps-por-puerto-y-soporte-para-funciones\/"},"modified":"2026-04-17T01:12:29","modified_gmt":"2026-04-17T07:12:29","slug":"qnap-qxg-10g2sf-nxe-tarjeta-de-expansin-de-red-pcie-con-2-puertos-10-gbe-sfp-para-nas-pc-o-servidores-que-aporta-conectividad-de-alta-velocidad-hasta-10-gbps-por-puerto-y-soporte-para-funciones","status":"publish","type":"product","link":"https:\/\/compuviper.mx\/tienda\/producto\/qnap-qxg-10g2sf-nxe-tarjeta-de-expansin-de-red-pcie-con-2-puertos-10-gbe-sfp-para-nas-pc-o-servidores-que-aporta-conectividad-de-alta-velocidad-hasta-10-gbps-por-puerto-y-soporte-para-funciones\/","title":{"rendered":"Qnap Qxg-10g2sf-nxe Tarjeta De Expansi?n De Red Pcie Con 2 Puertos 10 Gbe Sfp+ Para Nas, Pc O Servidores, Que Aporta Conectividad De Alta Velocidad (hasta 10 Gbps Por Puerto) Y Soporte Para Funciones Avanzadas Como Sr-i"},"content":{"rendered":"<table class=\"descripcion\">\n<tr>\n<td>Dimensiones (l x a x h) 110 \u00d7 18.3 \u00d7 68.9 mm<\/td>\n<\/tr>\n<tr>\n<td>Controlador broadcom bcm57412<\/td>\n<\/tr>\n<tr>\n<td>N\u00famero de puertos 2 puertos sfp+<\/td>\n<\/tr>\n<tr>\n<td>Conector sfp+<\/td>\n<\/tr>\n<tr>\n<td>Pcie y carriles pcie gen3 x8<\/td>\n<\/tr>\n<tr>\n<td>Tasas de transmisi\u00f3n 10gbps\/1gbps<\/td>\n<\/tr>\n<tr>\n<td>Normas ieee ieee std 802.3ae 10 gigabit ethernet<\/td>\n<\/tr>\n<tr>\n<td>Ieee std 802.3az energy efficient ethernet<\/td>\n<\/tr>\n<tr>\n<td>Ieee std 802.3ap based auto-negotiation between 1, 10, 40 gb\/s, fec, and kr startup<\/td>\n<\/tr>\n<tr>\n<td>Proprietary ethernet protocols (20\/40gbase-r2, 50gbase-<\/td>\n<\/tr>\n<tr>\n<td>R4)<\/td>\n<\/tr>\n<tr>\n<td>Ieee std 802.3ad link aggregation and failover<\/td>\n<\/tr>\n<tr>\n<td>Ieee 802.1q, 802.1p vlan tags and priority<\/td>\n<\/tr>\n<tr>\n<td>Ieee std 802.1qau congestion notification (qcn)<\/td>\n<\/tr>\n<tr>\n<td>Ieee std 802.1qaz (ets)<\/td>\n<\/tr>\n<tr>\n<td>Soporte soporte de bracket de bajo perfil preinstalado; brackets de altura completa y especializados (para modelos seleccionados de qnap nas) incluidos<\/td>\n<\/tr>\n<tr>\n<td>Compatibilidad con sr-iov<\/td>\n<\/tr>\n<tr>\n<td>Sistemas operativos nas compatibles at least qts 5.2.1  and quts hero h5.2.1 build 20241106<\/td>\n<\/tr>\n<tr>\n<td>Nas qnap compatibles modelos con ranura(s) pcie (se requiere 1 ranura libre)<\/td>\n<\/tr>\n<tr>\n<td>Compatibilidad con la distribuci\u00f3n comercial de linux ubuntu ubuntu 24.04<\/td>\n<\/tr>\n<tr>\n<td>Compatibilidad con windows windows 11<\/td>\n<\/tr>\n<tr>\n<td>Compatibilidad con windows server windows server 2022<\/td>\n<\/tr>\n<tr>\n<td>Puerto y cable sfp+ dac cable (1.5m, 3m, 5m) or sfp+ optic transceiver<\/td>\n<\/tr>\n<tr>\n<td>Contenido del paquete 1 x tarjeta de red; 1 x qig; 3 x soportes<\/td>\n<\/tr>\n<tr>\n<td>Garant\u00eda est\u00e1ndar 3 a\u00f1os<\/td>\n<\/tr>\n<\/table>\n","protected":false},"excerpt":{"rendered":"<p>La tarjeta de expansi\u00f3n de red 10gbe qxg-10g2sf-nxe, con dos puertos sfp+ de 10gbe (10g\/1g), es eficiente desde el punto de vista energ\u00e9tico y asequible. Se trata de una soluci\u00f3n ideal para equipos que necesitan acceder de forma simult\u00e1nea a los datos, para fot\u00f3grafos o productores de v\u00eddeo que buscan una transmisi\u00f3n de datos r\u00e1pida y fluida o para aplicaciones de virtualizaci\u00f3n sensible a la latencia.<\/p>\n","protected":false},"featured_media":0,"comment_status":"open","ping_status":"open","template":"","meta":[],"product_cat":[1563,1572],"product_tag":[2110],"acf":[],"yoast_head":"<!-- This site is optimized with the Yoast SEO plugin v21.7 - https:\/\/yoast.com\/wordpress\/plugins\/seo\/ -->\n<title>[ Qnap ] &#129351; Qxg-10g2sf-nxe Tarjeta De Expansi\u00f3n De Red Pcie Con 2 Puertos 10 Gbe Sfp+ Para Nas, Pc O Servidores, Que Aporta Conectividad De Alta Velocidad (hasta 10 Gbps Por Puerto) Y Soporte Para Funciones Avanzadas Como Sr-i<\/title>\n<meta name=\"description\" content=\"Compra Qxg-10g2sf-nxe Tarjeta De Expansi\u00f3n De Red Pcie Con 2 Puertos 10 Gbe Sfp+ Para Nas, Pc O Servidores, Que Aporta Conectividad De Alta Velocidad (hasta 10 Gbps Por Puerto) Y Soporte Para Funciones Avanzadas Como Sr-i + Env\u00edo a domicilio + Pago seguro + Garant\u00eda\" \/>\n<meta name=\"robots\" content=\"index, follow, max-snippet:-1, max-image-preview:large, max-video-preview:-1\" \/>\n<link rel=\"canonical\" href=\"https:\/\/compuviper.mx\/tienda\/producto\/qnap-qxg-10g2sf-nxe-tarjeta-de-expansin-de-red-pcie-con-2-puertos-10-gbe-sfp-para-nas-pc-o-servidores-que-aporta-conectividad-de-alta-velocidad-hasta-10-gbps-por-puerto-y-soporte-para-funciones\/\" \/>\n<meta property=\"og:locale\" content=\"es_MX\" \/>\n<meta property=\"og:type\" content=\"article\" \/>\n<meta property=\"og:title\" content=\"[ Qnap ] &#129351; Qxg-10g2sf-nxe Tarjeta De Expansi\u00f3n De Red Pcie Con 2 Puertos 10 Gbe Sfp+ Para Nas, Pc O Servidores, Que Aporta Conectividad De Alta Velocidad (hasta 10 Gbps Por Puerto) Y Soporte Para Funciones Avanzadas Como Sr-i\" \/>\n<meta property=\"og:description\" content=\"Compra Qxg-10g2sf-nxe Tarjeta De Expansi\u00f3n De Red Pcie Con 2 Puertos 10 Gbe Sfp+ Para Nas, Pc O Servidores, Que Aporta Conectividad De Alta Velocidad (hasta 10 Gbps Por Puerto) Y Soporte Para Funciones Avanzadas Como Sr-i + Env\u00edo a domicilio + Pago seguro + Garant\u00eda\" \/>\n<meta property=\"og:url\" content=\"https:\/\/compuviper.mx\/tienda\/producto\/qnap-qxg-10g2sf-nxe-tarjeta-de-expansin-de-red-pcie-con-2-puertos-10-gbe-sfp-para-nas-pc-o-servidores-que-aporta-conectividad-de-alta-velocidad-hasta-10-gbps-por-puerto-y-soporte-para-funciones\/\" \/>\n<meta property=\"og:site_name\" content=\"Compuviper\" \/>\n<meta property=\"article:publisher\" content=\"https:\/\/www.facebook.com\/compuviper\" \/>\n<meta name=\"twitter:card\" content=\"summary_large_image\" \/>\n<meta name=\"twitter:label1\" content=\"Precio\" \/>\n\t<meta name=\"twitter:data1\" content=\"&#36;4,901 con IVA\" \/>\n\t<meta name=\"twitter:label2\" content=\"Availability\" \/>\n\t<meta name=\"twitter:data2\" content=\"On backorder\" \/>\n<script type=\"application\/ld+json\" class=\"yoast-schema-graph\">{\"@context\":\"https:\/\/schema.org\",\"@graph\":[{\"@type\":\"WebPage\",\"@id\":\"https:\/\/compuviper.mx\/tienda\/producto\/qnap-qxg-10g2sf-nxe-tarjeta-de-expansin-de-red-pcie-con-2-puertos-10-gbe-sfp-para-nas-pc-o-servidores-que-aporta-conectividad-de-alta-velocidad-hasta-10-gbps-por-puerto-y-soporte-para-funciones\/\",\"url\":\"https:\/\/compuviper.mx\/tienda\/producto\/qnap-qxg-10g2sf-nxe-tarjeta-de-expansin-de-red-pcie-con-2-puertos-10-gbe-sfp-para-nas-pc-o-servidores-que-aporta-conectividad-de-alta-velocidad-hasta-10-gbps-por-puerto-y-soporte-para-funciones\/\",\"name\":\"[ Qnap ] &#129351; Qxg-10g2sf-nxe Tarjeta De Expansi\u00f3n De Red Pcie Con 2 Puertos 10 Gbe Sfp+ Para Nas, Pc O Servidores, Que Aporta Conectividad De Alta Velocidad (hasta 10 Gbps Por Puerto) Y Soporte Para Funciones Avanzadas Como Sr-i\",\"isPartOf\":{\"@id\":\"https:\/\/compuviper.mx\/tienda\/#website\"},\"datePublished\":\"2026-04-17T07:12:29+00:00\",\"dateModified\":\"2026-04-17T07:12:29+00:00\",\"description\":\"Compra Qxg-10g2sf-nxe Tarjeta De Expansi\u00f3n De Red Pcie Con 2 Puertos 10 Gbe Sfp+ Para Nas, Pc O Servidores, Que Aporta Conectividad De Alta Velocidad (hasta 10 Gbps Por Puerto) Y Soporte Para Funciones Avanzadas Como Sr-i + Env\u00edo a domicilio + Pago seguro + Garant\u00eda\",\"breadcrumb\":{\"@id\":\"https:\/\/compuviper.mx\/tienda\/producto\/qnap-qxg-10g2sf-nxe-tarjeta-de-expansin-de-red-pcie-con-2-puertos-10-gbe-sfp-para-nas-pc-o-servidores-que-aporta-conectividad-de-alta-velocidad-hasta-10-gbps-por-puerto-y-soporte-para-funciones\/#breadcrumb\"},\"inLanguage\":\"es-MX\",\"potentialAction\":[{\"@type\":\"ReadAction\",\"target\":[\"https:\/\/compuviper.mx\/tienda\/producto\/qnap-qxg-10g2sf-nxe-tarjeta-de-expansin-de-red-pcie-con-2-puertos-10-gbe-sfp-para-nas-pc-o-servidores-que-aporta-conectividad-de-alta-velocidad-hasta-10-gbps-por-puerto-y-soporte-para-funciones\/\"]}]},{\"@type\":\"BreadcrumbList\",\"@id\":\"https:\/\/compuviper.mx\/tienda\/producto\/qnap-qxg-10g2sf-nxe-tarjeta-de-expansin-de-red-pcie-con-2-puertos-10-gbe-sfp-para-nas-pc-o-servidores-que-aporta-conectividad-de-alta-velocidad-hasta-10-gbps-por-puerto-y-soporte-para-funciones\/#breadcrumb\",\"itemListElement\":[{\"@type\":\"ListItem\",\"position\":1,\"name\":\"Inicio\",\"item\":\"https:\/\/compuviper.mx\/tienda\/\"},{\"@type\":\"ListItem\",\"position\":2,\"name\":\"Productos\",\"item\":\"https:\/\/compuviper.mx\/tienda\/productos\/\"},{\"@type\":\"ListItem\",\"position\":3,\"name\":\"Redes\",\"item\":\"https:\/\/compuviper.mx\/tienda\/categoria-producto\/redes\/\"},{\"@type\":\"ListItem\",\"position\":4,\"name\":\"Tarjetas De Red\",\"item\":\"https:\/\/compuviper.mx\/tienda\/categoria-producto\/redes\/tarjetas-de-red\/\"},{\"@type\":\"ListItem\",\"position\":5,\"name\":\"Qnap Qxg-10g2sf-nxe Tarjeta De Expansi?n De Red Pcie Con 2 Puertos 10 Gbe Sfp+ Para Nas, Pc O Servidores, Que Aporta Conectividad De Alta Velocidad (hasta 10 Gbps Por Puerto) Y Soporte Para Funciones Avanzadas Como Sr-i\"}]},{\"@type\":\"WebSite\",\"@id\":\"https:\/\/compuviper.mx\/tienda\/#website\",\"url\":\"https:\/\/compuviper.mx\/tienda\/\",\"name\":\"Compuviper\",\"description\":\"Proveedor de Computadoras, Laptops, Servidores, Monitores, Puntos de Venta, Teclados,   Impresoras, T\u00f3ner, C\u00e1maras de Seguridad y m\u00e1s en tu tienda en l\u00ednea\",\"publisher\":{\"@id\":\"https:\/\/compuviper.mx\/tienda\/#organization\"},\"potentialAction\":[{\"@type\":\"SearchAction\",\"target\":{\"@type\":\"EntryPoint\",\"urlTemplate\":\"https:\/\/compuviper.mx\/tienda\/?s={search_term_string}\"},\"query-input\":\"required name=search_term_string\"}],\"inLanguage\":\"es-MX\"},{\"@type\":\"Organization\",\"@id\":\"https:\/\/compuviper.mx\/tienda\/#organization\",\"name\":\"Compuviper\",\"url\":\"https:\/\/compuviper.mx\/tienda\/\",\"logo\":{\"@type\":\"ImageObject\",\"inLanguage\":\"es-MX\",\"@id\":\"https:\/\/compuviper.mx\/tienda\/#\/schema\/logo\/image\/\",\"url\":\"https:\/\/compuviper.mx\/tienda\/wp-content\/uploads\/2021\/08\/Logo-Compuviper-10.png\",\"contentUrl\":\"https:\/\/compuviper.mx\/tienda\/wp-content\/uploads\/2021\/08\/Logo-Compuviper-10.png\",\"width\":1000,\"height\":500,\"caption\":\"Compuviper\"},\"image\":{\"@id\":\"https:\/\/compuviper.mx\/tienda\/#\/schema\/logo\/image\/\"},\"sameAs\":[\"https:\/\/www.facebook.com\/compuviper\",\"https:\/\/www.youtube.com\/channel\/UCf73dERp9Y3cfOq7q8BhLjA?view_as=subscriber\"]}]}<\/script>\n<meta property=\"product:brand\" content=\"Qnap\" \/>\n<meta property=\"product:price:amount\" content=\"4901\" \/>\n<meta property=\"product:price:currency\" content=\"MXN\" \/>\n<meta property=\"og:availability\" content=\"backorder\" \/>\n<meta property=\"product:availability\" content=\"available for order\" \/>\n<meta property=\"product:retailer_item_id\" content=\"QXG-10G2SF-NXE\" \/>\n<meta property=\"product:condition\" content=\"new\" \/>\n<!-- \/ Yoast SEO plugin. -->","yoast_head_json":{"title":"[ Qnap ] &#129351; Qxg-10g2sf-nxe Tarjeta De Expansi\u00f3n De Red Pcie Con 2 Puertos 10 Gbe Sfp+ Para Nas, Pc O Servidores, Que Aporta Conectividad De Alta Velocidad (hasta 10 Gbps Por Puerto) Y Soporte Para Funciones Avanzadas Como Sr-i","description":"Compra Qxg-10g2sf-nxe Tarjeta De Expansi\u00f3n De Red Pcie Con 2 Puertos 10 Gbe Sfp+ Para Nas, Pc O Servidores, Que Aporta Conectividad De Alta Velocidad (hasta 10 Gbps Por Puerto) Y Soporte Para Funciones Avanzadas Como Sr-i + Env\u00edo a domicilio + Pago seguro + Garant\u00eda","robots":{"index":"index","follow":"follow","max-snippet":"max-snippet:-1","max-image-preview":"max-image-preview:large","max-video-preview":"max-video-preview:-1"},"canonical":"https:\/\/compuviper.mx\/tienda\/producto\/qnap-qxg-10g2sf-nxe-tarjeta-de-expansin-de-red-pcie-con-2-puertos-10-gbe-sfp-para-nas-pc-o-servidores-que-aporta-conectividad-de-alta-velocidad-hasta-10-gbps-por-puerto-y-soporte-para-funciones\/","og_locale":"es_MX","og_type":"article","og_title":"[ Qnap ] &#129351; Qxg-10g2sf-nxe Tarjeta De Expansi\u00f3n De Red Pcie Con 2 Puertos 10 Gbe Sfp+ Para Nas, Pc O Servidores, Que Aporta Conectividad De Alta Velocidad (hasta 10 Gbps Por Puerto) Y Soporte Para Funciones Avanzadas Como Sr-i","og_description":"Compra Qxg-10g2sf-nxe Tarjeta De Expansi\u00f3n De Red Pcie Con 2 Puertos 10 Gbe Sfp+ Para Nas, Pc O Servidores, Que Aporta Conectividad De Alta Velocidad (hasta 10 Gbps Por Puerto) Y Soporte Para Funciones Avanzadas Como Sr-i + Env\u00edo a domicilio + Pago seguro + Garant\u00eda","og_url":"https:\/\/compuviper.mx\/tienda\/producto\/qnap-qxg-10g2sf-nxe-tarjeta-de-expansin-de-red-pcie-con-2-puertos-10-gbe-sfp-para-nas-pc-o-servidores-que-aporta-conectividad-de-alta-velocidad-hasta-10-gbps-por-puerto-y-soporte-para-funciones\/","og_site_name":"Compuviper","article_publisher":"https:\/\/www.facebook.com\/compuviper","twitter_card":"summary_large_image","twitter_misc":{"Precio":"&#36;4,901 con IVA","Availability":"On backorder"},"schema":{"@context":"https:\/\/schema.org","@graph":[{"@type":"WebPage","@id":"https:\/\/compuviper.mx\/tienda\/producto\/qnap-qxg-10g2sf-nxe-tarjeta-de-expansin-de-red-pcie-con-2-puertos-10-gbe-sfp-para-nas-pc-o-servidores-que-aporta-conectividad-de-alta-velocidad-hasta-10-gbps-por-puerto-y-soporte-para-funciones\/","url":"https:\/\/compuviper.mx\/tienda\/producto\/qnap-qxg-10g2sf-nxe-tarjeta-de-expansin-de-red-pcie-con-2-puertos-10-gbe-sfp-para-nas-pc-o-servidores-que-aporta-conectividad-de-alta-velocidad-hasta-10-gbps-por-puerto-y-soporte-para-funciones\/","name":"[ Qnap ] &#129351; Qxg-10g2sf-nxe Tarjeta De Expansi\u00f3n De Red Pcie Con 2 Puertos 10 Gbe Sfp+ Para Nas, Pc O Servidores, Que Aporta Conectividad De Alta Velocidad (hasta 10 Gbps Por Puerto) Y Soporte Para Funciones Avanzadas Como Sr-i","isPartOf":{"@id":"https:\/\/compuviper.mx\/tienda\/#website"},"datePublished":"2026-04-17T07:12:29+00:00","dateModified":"2026-04-17T07:12:29+00:00","description":"Compra Qxg-10g2sf-nxe Tarjeta De Expansi\u00f3n De Red Pcie Con 2 Puertos 10 Gbe Sfp+ Para Nas, Pc O Servidores, Que Aporta Conectividad De Alta Velocidad (hasta 10 Gbps Por Puerto) Y Soporte Para Funciones Avanzadas Como Sr-i + Env\u00edo a domicilio + Pago seguro + Garant\u00eda","breadcrumb":{"@id":"https:\/\/compuviper.mx\/tienda\/producto\/qnap-qxg-10g2sf-nxe-tarjeta-de-expansin-de-red-pcie-con-2-puertos-10-gbe-sfp-para-nas-pc-o-servidores-que-aporta-conectividad-de-alta-velocidad-hasta-10-gbps-por-puerto-y-soporte-para-funciones\/#breadcrumb"},"inLanguage":"es-MX","potentialAction":[{"@type":"ReadAction","target":["https:\/\/compuviper.mx\/tienda\/producto\/qnap-qxg-10g2sf-nxe-tarjeta-de-expansin-de-red-pcie-con-2-puertos-10-gbe-sfp-para-nas-pc-o-servidores-que-aporta-conectividad-de-alta-velocidad-hasta-10-gbps-por-puerto-y-soporte-para-funciones\/"]}]},{"@type":"BreadcrumbList","@id":"https:\/\/compuviper.mx\/tienda\/producto\/qnap-qxg-10g2sf-nxe-tarjeta-de-expansin-de-red-pcie-con-2-puertos-10-gbe-sfp-para-nas-pc-o-servidores-que-aporta-conectividad-de-alta-velocidad-hasta-10-gbps-por-puerto-y-soporte-para-funciones\/#breadcrumb","itemListElement":[{"@type":"ListItem","position":1,"name":"Inicio","item":"https:\/\/compuviper.mx\/tienda\/"},{"@type":"ListItem","position":2,"name":"Productos","item":"https:\/\/compuviper.mx\/tienda\/productos\/"},{"@type":"ListItem","position":3,"name":"Redes","item":"https:\/\/compuviper.mx\/tienda\/categoria-producto\/redes\/"},{"@type":"ListItem","position":4,"name":"Tarjetas De Red","item":"https:\/\/compuviper.mx\/tienda\/categoria-producto\/redes\/tarjetas-de-red\/"},{"@type":"ListItem","position":5,"name":"Qnap Qxg-10g2sf-nxe Tarjeta De Expansi?n De Red Pcie Con 2 Puertos 10 Gbe Sfp+ Para Nas, Pc O Servidores, Que Aporta Conectividad De Alta Velocidad (hasta 10 Gbps Por Puerto) Y Soporte Para Funciones Avanzadas Como Sr-i"}]},{"@type":"WebSite","@id":"https:\/\/compuviper.mx\/tienda\/#website","url":"https:\/\/compuviper.mx\/tienda\/","name":"Compuviper","description":"Proveedor de Computadoras, Laptops, Servidores, Monitores, Puntos de Venta, Teclados,   Impresoras, T\u00f3ner, C\u00e1maras de Seguridad y m\u00e1s en tu tienda en l\u00ednea","publisher":{"@id":"https:\/\/compuviper.mx\/tienda\/#organization"},"potentialAction":[{"@type":"SearchAction","target":{"@type":"EntryPoint","urlTemplate":"https:\/\/compuviper.mx\/tienda\/?s={search_term_string}"},"query-input":"required name=search_term_string"}],"inLanguage":"es-MX"},{"@type":"Organization","@id":"https:\/\/compuviper.mx\/tienda\/#organization","name":"Compuviper","url":"https:\/\/compuviper.mx\/tienda\/","logo":{"@type":"ImageObject","inLanguage":"es-MX","@id":"https:\/\/compuviper.mx\/tienda\/#\/schema\/logo\/image\/","url":"https:\/\/compuviper.mx\/tienda\/wp-content\/uploads\/2021\/08\/Logo-Compuviper-10.png","contentUrl":"https:\/\/compuviper.mx\/tienda\/wp-content\/uploads\/2021\/08\/Logo-Compuviper-10.png","width":1000,"height":500,"caption":"Compuviper"},"image":{"@id":"https:\/\/compuviper.mx\/tienda\/#\/schema\/logo\/image\/"},"sameAs":["https:\/\/www.facebook.com\/compuviper","https:\/\/www.youtube.com\/channel\/UCf73dERp9Y3cfOq7q8BhLjA?view_as=subscriber"]}]},"product_brand":"Qnap","product_price_amount":"4901","product_price_currency":"MXN","og_availability":"backorder","product_availability":"available for order","product_retailer_item_id":"QXG-10G2SF-NXE","product_condition":"new"},"_links":{"self":[{"href":"https:\/\/compuviper.mx\/tienda\/wp-json\/wp\/v2\/product\/266292"}],"collection":[{"href":"https:\/\/compuviper.mx\/tienda\/wp-json\/wp\/v2\/product"}],"about":[{"href":"https:\/\/compuviper.mx\/tienda\/wp-json\/wp\/v2\/types\/product"}],"replies":[{"embeddable":true,"href":"https:\/\/compuviper.mx\/tienda\/wp-json\/wp\/v2\/comments?post=266292"}],"wp:attachment":[{"href":"https:\/\/compuviper.mx\/tienda\/wp-json\/wp\/v2\/media?parent=266292"}],"wp:term":[{"taxonomy":"product_cat","embeddable":true,"href":"https:\/\/compuviper.mx\/tienda\/wp-json\/wp\/v2\/product_cat?post=266292"},{"taxonomy":"product_tag","embeddable":true,"href":"https:\/\/compuviper.mx\/tienda\/wp-json\/wp\/v2\/product_tag?post=266292"}],"curies":[{"name":"wp","href":"https:\/\/api.w.org\/{rel}","templated":true}]}}