{"id":266289,"date":"2026-04-25T00:40:44","date_gmt":"2026-04-25T06:40:44","guid":{"rendered":"https:\/\/compuviper.mx\/tienda\/producto\/asrock-b650m-h-m-2-mb-am5-ryzen-series-9000-8000-y-7000-ddr5-6400-mhz-pcie-gen5m-2-2-pcie-4-0x16-1-pcie-3-0x1-amd-rdna-1-blazing-m-2-1-hyper-m-2-6-usb-3-2-1-usb-c-trasero\/"},"modified":"2026-04-26T00:00:21","modified_gmt":"2026-04-26T06:00:21","slug":"asrock-b650m-h-m-2-mb-b650m-h-m-2-am5-ryzen-series-9000-8000-y-7000-ddr5-6400-mhz-pcie-gen5m-2-2-pcie-4-0x16-1-pcie-3-0x1-amd-rdna-1-blazing-m-2-1-hyper-m-2-6-usb-3-2-1-usb-c-trasero","status":"publish","type":"product","link":"https:\/\/compuviper.mx\/tienda\/producto\/asrock-b650m-h-m-2-mb-b650m-h-m-2-am5-ryzen-series-9000-8000-y-7000-ddr5-6400-mhz-pcie-gen5m-2-2-pcie-4-0x16-1-pcie-3-0x1-amd-rdna-1-blazing-m-2-1-hyper-m-2-6-usb-3-2-1-usb-c-trasero\/","title":{"rendered":"Asrock B650m-h\/m.2+ Mb  B650m-h\/m.2\/am5 Ryzen Series 9000, 8000 Y 7000\/ddr5 6400 Mhz\/ Pcie Gen5m.2\/2 Pcie 4.0&#215;16\/1 Pcie 3.0&#215;1\/amd Rdna\/1 Blazing M.2\/1 Hyper M.2\/6 Usb 3.2\/1 Usb C Trasero\/"},"content":{"rendered":"<table class=\"descripcion\">\n<tr>\n<td>\u0095 caracter\u00edstica \u00fanica<\/td>\n<\/tr>\n<tr>\n<td>Excelente productividad<\/td>\n<\/tr>\n<tr>\n<td>&#8211; pcie gen5 (m.2)<\/td>\n<\/tr>\n<tr>\n<td>&#8211; ddr5<\/td>\n<\/tr>\n<tr>\n<td>De doble canal durabilidad<\/td>\n<\/tr>\n<tr>\n<td>S\u00f3lida como una roca- fase de potencia 6+1+1, 50a dr.mos para vcore<\/td>\n<\/tr>\n<tr>\n<td>Ez update<\/td>\n<\/tr>\n<tr>\n<td>\u0095 bot\u00f3n<\/td>\n<\/tr>\n<tr>\n<td>De flashback de bios- instalador<\/td>\n<\/tr>\n<tr>\n<td>Autom\u00e1tico de controladores asrock solucionador<\/td>\n<\/tr>\n<tr>\n<td>De problemas ez- comprobador de estado de publicaci\u00f3n de asrock<\/td>\n<\/tr>\n<tr>\n<td>\u0095 cpu<\/td>\n<\/tr>\n<tr>\n<td> admite procesadores amd socket am5 ryzen\u0099 de las series 9000, 8000 y 7000*<\/td>\n<\/tr>\n<tr>\n<td>*la disponibilidad de ranuras de expansi\u00f3n puede variar seg\u00fan la cpu. consulte la tabla de ancho de banda pcie\/m.2 para obtener m\u00e1s detalles.<\/td>\n<\/tr>\n<tr>\n<td>Conjunto de chips<\/td>\n<\/tr>\n<tr>\n<td>&#8211; amd b650<\/td>\n<\/tr>\n<tr>\n<td>\u0095 memoria<\/td>\n<\/tr>\n<tr>\n<td>&#8211; tecnolog\u00eda<\/td>\n<\/tr>\n<tr>\n<td>De memoria ddr5 de doble canal- 2 ranuras<\/td>\n<\/tr>\n<tr>\n<td>Dimm ddr5- admite memoria ddr5 ecc \/ no ecc, sin b\u00fafer hasta 6400 + (oc) *<\/td>\n<\/tr>\n<tr>\n<td>&#8211; capacidad m\u00e1xima de la memoria del sistema: 128 gb-<\/td>\n<\/tr>\n<tr>\n<td>Admite m\u00f3dulos de memoria extreme memory profile (xmp) y extended profiles for overclocking (expo)<\/td>\n<\/tr>\n<tr>\n<td>*consulte la lista de compatibilidad de memoria para obtener m\u00e1s informaci\u00f3n.<\/td>\n<\/tr>\n<tr>\n<td>\u0095 bios<\/td>\n<\/tr>\n<tr>\n<td>&#8211; bios legal uefi ami de 256 mb con soporte gui<\/td>\n<\/tr>\n<tr>\n<td>\u0095 graficos<\/td>\n<\/tr>\n<tr>\n<td>Gr\u00e1ficos amd rdna\u0099 integrados (el soporte real puede variar seg\u00fan la cpu):<\/td>\n<\/tr>\n<tr>\n<td>1 x hdmi 2.1 tmds \/ frl 8g compatible, admite hdr, hdcp 2.3 y resoluci\u00f3n m\u00e1xima de hasta 4k 120hz<\/td>\n<\/tr>\n<tr>\n<td>: 1 x displayport 1.4 con dsc (comprimido), admite hdcp 2.3 y resoluci\u00f3n m\u00e1xima de hasta 4k 120hz<\/td>\n<\/tr>\n<tr>\n<td>\u0095 audio<\/td>\n<\/tr>\n<tr>\n<td>&#8211; audio hd de 7.1 canales (c\u00f3dec de audio realtek alc897)<\/td>\n<\/tr>\n<tr>\n<td>&#8211; audio nahimic<\/td>\n<\/tr>\n<tr>\n<td>\u0095 lan<\/td>\n<\/tr>\n<tr>\n<td>&#8211; lan gigabit 10\/100\/1000 mb\/s<\/td>\n<\/tr>\n<tr>\n<td>&#8211; realtek rtl8111h<\/td>\n<\/tr>\n<tr>\n<td>Ranuras<\/td>\n<\/tr>\n<tr>\n<td>Cpu:<\/td>\n<\/tr>\n<tr>\n<td>&#8211; 1 x ranura pcie 4.0 x16 (pcie1), admite modo x16 *<\/td>\n<\/tr>\n<tr>\n<td>Chipset:<\/td>\n<\/tr>\n<tr>\n<td>&#8211; 2 x ranuras pcie 4.0 x1 (pcie2 y pcie3) *<\/td>\n<\/tr>\n<tr>\n<td>&#8211; 1 x z\u00f3calo m.2 (clave e), admite m\u00f3dulo wifi tipo 2230 wifi \/ bt pcie *<\/td>\n<\/tr>\n<tr>\n<td>&#8211; contacto dorado de 15  and #924; en ranura vga pcie (pcie1)<\/td>\n<\/tr>\n<tr>\n<td>* admite ssd nvme como discos de arranque<\/td>\n<\/tr>\n<tr>\n<td>Almacenamiento<\/td>\n<\/tr>\n<tr>\n<td>Cpu:<\/td>\n<\/tr>\n<tr>\n<td>&#8211; 1 x z\u00f3calo blazing m.2 (m2_1, key m), soporta el modo tipo 2280 pcie gen5x4 (128 gb\/s)*<\/td>\n<\/tr>\n<tr>\n<td>&#8211; 1 x z\u00f3calo hyper m.2 (m2_2, key m), soporta el modo tipo 2260\/2280 pcie gen4x4 (64 gb\/s)*<\/td>\n<\/tr>\n<tr>\n<td>Chipset:<\/td>\n<\/tr>\n<tr>\n<td>&#8211; 4 x conectores sata3 6.0 gb\/s<\/td>\n<\/tr>\n<tr>\n<td>* admite ssd nvme como discos de arranque<\/td>\n<\/tr>\n<tr>\n<td>\u0095incursi\u00f3n<\/td>\n<\/tr>\n<tr>\n<td>&#8211; admite raid 0, raid 1 y raid 10 para dispositivos<\/td>\n<\/tr>\n<tr>\n<td>De almacenamiento sata &#8211; admite raid 0, raid 1 y raid 10 para dispositivos de almacenamiento m.2 nvme*<\/td>\n<\/tr>\n<tr>\n<td>* requiere tarjetas de expansi\u00f3n m.2 nvme adicionales para admitir raid 10<\/td>\n<\/tr>\n<tr>\n<td>Usb<\/td>\n<\/tr>\n<tr>\n<td>&#8211; 1 usb 3.2 gen1 tipo-c (trasero)<\/td>\n<\/tr>\n<tr>\n<td>&#8211; 5 usb 3.2 gen1 tipo-a (3 traseros, 2 frontales)<\/td>\n<\/tr>\n<tr>\n<td>&#8211; 6 usb 2.0 (2 traseros, 4 frontales)<\/td>\n<\/tr>\n<tr>\n<td>* todos los puertos usb son compatibles con la protecci\u00f3n esd<\/td>\n<\/tr>\n<tr>\n<td>\u0095 conector<\/td>\n<\/tr>\n<tr>\n<td>&#8211; 1 x cabezal<\/td>\n<\/tr>\n<tr>\n<td>Spi tpm &#8211; 1 x led de alimentaci\u00f3n y cabezal<\/td>\n<\/tr>\n<tr>\n<td>De altavoz &#8211; 1 x conector de ventilador de cpu (4 pines) *<\/td>\n<\/tr>\n<tr>\n<td>&#8211; 3 x conectores de ventilador de chasis\/bomba de agua (4 pines) (control inteligente de velocidad del ventilador) **<\/td>\n<\/tr>\n<tr>\n<td>&#8211; 1 x conector<\/td>\n<\/tr>\n<tr>\n<td>De alimentaci\u00f3n atx de 24 pines &#8211; 1 x conector<\/td>\n<\/tr>\n<tr>\n<td>De alimentaci\u00f3n de 12 v de 8 pines &#8211; 1 x conector<\/td>\n<\/tr>\n<tr>\n<td>De audio del panel frontal &#8211; 2 x cabezales usb 2.0 (admite 4 puertos usb 2.0)<\/td>\n<\/tr>\n<tr>\n<td>&#8211; 1 x cabezal usb 3.2 gen1 (admite 2 puertos usb 3.2 gen1)<\/td>\n<\/tr>\n<tr>\n<td>* cpu_fan1 admite la potencia del ventilador de hasta 1 a (12 w).<\/td>\n<\/tr>\n<tr>\n<td>** cha_fan1 ~ 3 \/ wp admiten la potencia del ventilador hasta 2a (24w).<\/td>\n<\/tr>\n<tr>\n<td>Cha_fan1 ~ 3 \/ wp puede detectar autom\u00e1ticamente si el ventilador de 3 o 4 pines est\u00e1 en uso.<\/td>\n<\/tr>\n<tr>\n<td>E\/s del panel trasero<\/td>\n<\/tr>\n<tr>\n<td>&#8211; 2 puntos de montaje de antena<\/td>\n<\/tr>\n<tr>\n<td>&#8211; 1 puerto<\/td>\n<\/tr>\n<tr>\n<td>Hdmi- 1 puerto displayport 1.4<\/td>\n<\/tr>\n<tr>\n<td>&#8211; 1 puerto<\/td>\n<\/tr>\n<tr>\n<td>Usb 3.2 gen1 tipo-c- 3 puertos usb 3.2 gen1 tipo-a<\/td>\n<\/tr>\n<tr>\n<td>&#8211; 2 puertos usb 2.0<\/td>\n<\/tr>\n<tr>\n<td>&#8211; 1 puerto<\/td>\n<\/tr>\n<tr>\n<td>Lan rj-45- 1 bot\u00f3n<\/td>\n<\/tr>\n<tr>\n<td>De flashback bios- conectores de audio hd: entrada de l\u00ednea \/ altavoz frontal \/ micr\u00f3fono<\/td>\n<\/tr>\n<tr>\n<td>\u0095 software y uefi<\/td>\n<\/tr>\n<tr>\n<td>Software<\/td>\n<\/tr>\n<tr>\n<td>&#8211; asrock motherboard utility (a-tuning)<\/td>\n<\/tr>\n<tr>\n<td>Uefi-<\/td>\n<\/tr>\n<tr>\n<td>Asrock full hd uefi-<\/td>\n<\/tr>\n<tr>\n<td>Asrock auto driver installer- asrock instant flash<\/td>\n<\/tr>\n<tr>\n<td>*estas utilidades se pueden descargar desde asrock live update  and  app shop.<\/td>\n<\/tr>\n<tr>\n<td>\u0095 accesorios<\/td>\n<\/tr>\n<tr>\n<td>&#8211; 1 x manual<\/td>\n<\/tr>\n<tr>\n<td>De usuario- 1 x blindaje<\/td>\n<\/tr>\n<tr>\n<td>De e\/s- 2 x cables<\/td>\n<\/tr>\n<tr>\n<td>De datos sata- 3 x tornillos para z\u00f3calos m.2<\/td>\n<\/tr>\n<tr>\n<td>\u0095 factor de forma<\/td>\n<\/tr>\n<tr>\n<td>&#8211; factor de forma micro atx: 9,6 pulgadas x 8,9 pulgadas, 24,4 cm x 22,6 cm<\/td>\n<\/tr>\n<tr>\n<td>\u0095sistema operativo<\/td>\n<\/tr>\n<tr>\n<td>&#8211; microsoft windows\u00ae 10 de 64 bits \/ 11 de 64 bits<\/td>\n<\/tr>\n<tr>\n<td>\u0095certificaciones<\/td>\n<\/tr>\n<tr>\n<td>&#8211; preparado para fcc, ce-<\/td>\n<\/tr>\n<tr>\n<td>Erp\/eup (se requiere una fuente de alimentaci\u00f3n preparada para erp\/eup)<\/td>\n<\/tr>\n<\/table>\n","protected":false},"excerpt":{"rendered":"<p>Dise\u00f1o vrm optimizado. Con componentes robustos optimizados para los procesadores amd ryzen\u0099 serie 7000x3d, que ofrecen un rendimiento mejorado para los jugadores. Pcb de 6 capas. La pcb de 6 capas proporciona trazas de se\u00f1al estables y formas de potencia que brindan una temperatura m\u00e1s baja y una mayor eficiencia energ\u00e9tica, lo que brinda un sistema estable y confiable. Ranura de acero reforzado [versi\u00f3n pcie 4.0. La ranura de acero reforzado es capaz de soportar el est\u00e1ndar pci express 4.0. Los diversos beneficios incluyen. Puntos de anclaje adicionales, pestillo mas fuerte garantizar la estabilidad de la se\u00f1al asegurese de que las tarjetas graficas pesadas esten bien instaladas. Nahimic audio. Ya sea que este usando auriculares, auriculares, altavoces externos o internos, a traves de usb, wi-fi, salida analogica o incluso hdmi, nahimic audio le ofrece la experiencia auditiva mas atractiva, vibrante y rica en detalles.<\/p>\n","protected":false},"featured_media":0,"comment_status":"open","ping_status":"open","template":"","meta":[],"product_cat":[2240,1727],"product_tag":[2148],"acf":[],"yoast_head":"<!-- This site is optimized with the Yoast SEO plugin v21.7 - https:\/\/yoast.com\/wordpress\/plugins\/seo\/ -->\n<title>[ Asrock ] &#129351; B650m-h\/m.2+ Mb B650m-h\/m.2\/am5 Ryzen Series 9000, 8000 Y 7000\/ddr5 6400 Mhz\/ Pcie Gen5m.2\/2 Pcie 4.0x16\/1 Pcie 3.0x1\/amd Rdna\/1 Blazing M.2\/1 Hyper M.2\/6 Usb 3.2\/1 Usb C Trasero\/<\/title>\n<meta name=\"description\" content=\"Compra B650m-h\/m.2+ Mb B650m-h\/m.2\/am5 Ryzen Series 9000, 8000 Y 7000\/ddr5 6400 Mhz\/ Pcie Gen5m.2\/2 Pcie 4.0x16\/1 Pcie 3.0x1\/amd Rdna\/1 Blazing M.2\/1 Hyper M.2\/6 Usb 3.2\/1 Usb C Trasero\/ + Env\u00edo a domicilio + Pago seguro + Garant\u00eda\" \/>\n<meta name=\"robots\" content=\"index, follow, max-snippet:-1, max-image-preview:large, max-video-preview:-1\" \/>\n<link rel=\"canonical\" href=\"https:\/\/compuviper.mx\/tienda\/producto\/asrock-b650m-h-m-2-mb-b650m-h-m-2-am5-ryzen-series-9000-8000-y-7000-ddr5-6400-mhz-pcie-gen5m-2-2-pcie-4-0x16-1-pcie-3-0x1-amd-rdna-1-blazing-m-2-1-hyper-m-2-6-usb-3-2-1-usb-c-trasero\/\" \/>\n<meta property=\"og:locale\" content=\"es_MX\" \/>\n<meta property=\"og:type\" content=\"article\" \/>\n<meta property=\"og:title\" content=\"[ Asrock ] &#129351; B650m-h\/m.2+ Mb B650m-h\/m.2\/am5 Ryzen Series 9000, 8000 Y 7000\/ddr5 6400 Mhz\/ Pcie Gen5m.2\/2 Pcie 4.0x16\/1 Pcie 3.0x1\/amd Rdna\/1 Blazing M.2\/1 Hyper M.2\/6 Usb 3.2\/1 Usb C Trasero\/\" \/>\n<meta property=\"og:description\" content=\"Compra B650m-h\/m.2+ Mb B650m-h\/m.2\/am5 Ryzen Series 9000, 8000 Y 7000\/ddr5 6400 Mhz\/ Pcie Gen5m.2\/2 Pcie 4.0x16\/1 Pcie 3.0x1\/amd Rdna\/1 Blazing M.2\/1 Hyper M.2\/6 Usb 3.2\/1 Usb C Trasero\/ + Env\u00edo a domicilio + Pago seguro + Garant\u00eda\" \/>\n<meta property=\"og:url\" content=\"https:\/\/compuviper.mx\/tienda\/producto\/asrock-b650m-h-m-2-mb-b650m-h-m-2-am5-ryzen-series-9000-8000-y-7000-ddr5-6400-mhz-pcie-gen5m-2-2-pcie-4-0x16-1-pcie-3-0x1-amd-rdna-1-blazing-m-2-1-hyper-m-2-6-usb-3-2-1-usb-c-trasero\/\" \/>\n<meta property=\"og:site_name\" content=\"Compuviper\" \/>\n<meta property=\"article:publisher\" content=\"https:\/\/www.facebook.com\/compuviper\" \/>\n<meta property=\"article:modified_time\" content=\"2026-04-26T06:00:21+00:00\" \/>\n<meta name=\"twitter:card\" content=\"summary_large_image\" \/>\n<meta name=\"twitter:label1\" content=\"Precio\" \/>\n\t<meta name=\"twitter:data1\" content=\"&#36;1,261 con IVA\" \/>\n\t<meta name=\"twitter:label2\" content=\"Availability\" \/>\n\t<meta name=\"twitter:data2\" content=\"In stock\" \/>\n<script type=\"application\/ld+json\" class=\"yoast-schema-graph\">{\"@context\":\"https:\/\/schema.org\",\"@graph\":[{\"@type\":\"WebPage\",\"@id\":\"https:\/\/compuviper.mx\/tienda\/producto\/asrock-b650m-h-m-2-mb-b650m-h-m-2-am5-ryzen-series-9000-8000-y-7000-ddr5-6400-mhz-pcie-gen5m-2-2-pcie-4-0x16-1-pcie-3-0x1-amd-rdna-1-blazing-m-2-1-hyper-m-2-6-usb-3-2-1-usb-c-trasero\/\",\"url\":\"https:\/\/compuviper.mx\/tienda\/producto\/asrock-b650m-h-m-2-mb-b650m-h-m-2-am5-ryzen-series-9000-8000-y-7000-ddr5-6400-mhz-pcie-gen5m-2-2-pcie-4-0x16-1-pcie-3-0x1-amd-rdna-1-blazing-m-2-1-hyper-m-2-6-usb-3-2-1-usb-c-trasero\/\",\"name\":\"[ Asrock ] &#129351; B650m-h\/m.2+ Mb B650m-h\/m.2\/am5 Ryzen Series 9000, 8000 Y 7000\/ddr5 6400 Mhz\/ Pcie Gen5m.2\/2 Pcie 4.0x16\/1 Pcie 3.0x1\/amd Rdna\/1 Blazing M.2\/1 Hyper M.2\/6 Usb 3.2\/1 Usb C Trasero\/\",\"isPartOf\":{\"@id\":\"https:\/\/compuviper.mx\/tienda\/#website\"},\"datePublished\":\"2026-04-25T06:40:44+00:00\",\"dateModified\":\"2026-04-26T06:00:21+00:00\",\"description\":\"Compra B650m-h\/m.2+ Mb B650m-h\/m.2\/am5 Ryzen Series 9000, 8000 Y 7000\/ddr5 6400 Mhz\/ Pcie Gen5m.2\/2 Pcie 4.0x16\/1 Pcie 3.0x1\/amd Rdna\/1 Blazing M.2\/1 Hyper M.2\/6 Usb 3.2\/1 Usb C Trasero\/ + Env\u00edo a domicilio + Pago seguro + Garant\u00eda\",\"breadcrumb\":{\"@id\":\"https:\/\/compuviper.mx\/tienda\/producto\/asrock-b650m-h-m-2-mb-b650m-h-m-2-am5-ryzen-series-9000-8000-y-7000-ddr5-6400-mhz-pcie-gen5m-2-2-pcie-4-0x16-1-pcie-3-0x1-amd-rdna-1-blazing-m-2-1-hyper-m-2-6-usb-3-2-1-usb-c-trasero\/#breadcrumb\"},\"inLanguage\":\"es-MX\",\"potentialAction\":[{\"@type\":\"ReadAction\",\"target\":[\"https:\/\/compuviper.mx\/tienda\/producto\/asrock-b650m-h-m-2-mb-b650m-h-m-2-am5-ryzen-series-9000-8000-y-7000-ddr5-6400-mhz-pcie-gen5m-2-2-pcie-4-0x16-1-pcie-3-0x1-amd-rdna-1-blazing-m-2-1-hyper-m-2-6-usb-3-2-1-usb-c-trasero\/\"]}]},{\"@type\":\"BreadcrumbList\",\"@id\":\"https:\/\/compuviper.mx\/tienda\/producto\/asrock-b650m-h-m-2-mb-b650m-h-m-2-am5-ryzen-series-9000-8000-y-7000-ddr5-6400-mhz-pcie-gen5m-2-2-pcie-4-0x16-1-pcie-3-0x1-amd-rdna-1-blazing-m-2-1-hyper-m-2-6-usb-3-2-1-usb-c-trasero\/#breadcrumb\",\"itemListElement\":[{\"@type\":\"ListItem\",\"position\":1,\"name\":\"Inicio\",\"item\":\"https:\/\/compuviper.mx\/tienda\/\"},{\"@type\":\"ListItem\",\"position\":2,\"name\":\"Productos\",\"item\":\"https:\/\/compuviper.mx\/tienda\/productos\/\"},{\"@type\":\"ListItem\",\"position\":3,\"name\":\"Tarjeta Madre\",\"item\":\"https:\/\/compuviper.mx\/tienda\/categoria-producto\/tarjeta-madre\/\"},{\"@type\":\"ListItem\",\"position\":4,\"name\":\"Socket Am5\",\"item\":\"https:\/\/compuviper.mx\/tienda\/categoria-producto\/tarjeta-madre\/socket-am5\/\"},{\"@type\":\"ListItem\",\"position\":5,\"name\":\"Asrock B650m-h\/m.2+ Mb B650m-h\/m.2\/am5 Ryzen Series 9000, 8000 Y 7000\/ddr5 6400 Mhz\/ Pcie Gen5m.2\/2 Pcie 4.0&#215;16\/1 Pcie 3.0&#215;1\/amd Rdna\/1 Blazing M.2\/1 Hyper M.2\/6 Usb 3.2\/1 Usb C Trasero\/\"}]},{\"@type\":\"WebSite\",\"@id\":\"https:\/\/compuviper.mx\/tienda\/#website\",\"url\":\"https:\/\/compuviper.mx\/tienda\/\",\"name\":\"Compuviper\",\"description\":\"Proveedor de Computadoras, Laptops, Servidores, Monitores, Puntos de Venta, Teclados,   Impresoras, T\u00f3ner, C\u00e1maras de Seguridad y m\u00e1s en tu tienda en l\u00ednea\",\"publisher\":{\"@id\":\"https:\/\/compuviper.mx\/tienda\/#organization\"},\"potentialAction\":[{\"@type\":\"SearchAction\",\"target\":{\"@type\":\"EntryPoint\",\"urlTemplate\":\"https:\/\/compuviper.mx\/tienda\/?s={search_term_string}\"},\"query-input\":\"required name=search_term_string\"}],\"inLanguage\":\"es-MX\"},{\"@type\":\"Organization\",\"@id\":\"https:\/\/compuviper.mx\/tienda\/#organization\",\"name\":\"Compuviper\",\"url\":\"https:\/\/compuviper.mx\/tienda\/\",\"logo\":{\"@type\":\"ImageObject\",\"inLanguage\":\"es-MX\",\"@id\":\"https:\/\/compuviper.mx\/tienda\/#\/schema\/logo\/image\/\",\"url\":\"https:\/\/compuviper.mx\/tienda\/wp-content\/uploads\/2021\/08\/Logo-Compuviper-10.png\",\"contentUrl\":\"https:\/\/compuviper.mx\/tienda\/wp-content\/uploads\/2021\/08\/Logo-Compuviper-10.png\",\"width\":1000,\"height\":500,\"caption\":\"Compuviper\"},\"image\":{\"@id\":\"https:\/\/compuviper.mx\/tienda\/#\/schema\/logo\/image\/\"},\"sameAs\":[\"https:\/\/www.facebook.com\/compuviper\",\"https:\/\/www.youtube.com\/channel\/UCf73dERp9Y3cfOq7q8BhLjA?view_as=subscriber\"]}]}<\/script>\n<meta property=\"product:brand\" content=\"Asrock\" \/>\n<meta property=\"product:price:amount\" content=\"1261\" \/>\n<meta property=\"product:price:currency\" content=\"MXN\" \/>\n<meta property=\"og:availability\" content=\"instock\" \/>\n<meta property=\"product:availability\" content=\"instock\" \/>\n<meta property=\"product:retailer_item_id\" content=\"B650M-H\/M.2+\" \/>\n<meta property=\"product:condition\" content=\"new\" \/>\n<!-- \/ Yoast SEO plugin. -->","yoast_head_json":{"title":"[ Asrock ] &#129351; B650m-h\/m.2+ Mb B650m-h\/m.2\/am5 Ryzen Series 9000, 8000 Y 7000\/ddr5 6400 Mhz\/ Pcie Gen5m.2\/2 Pcie 4.0x16\/1 Pcie 3.0x1\/amd Rdna\/1 Blazing M.2\/1 Hyper M.2\/6 Usb 3.2\/1 Usb C Trasero\/","description":"Compra B650m-h\/m.2+ Mb B650m-h\/m.2\/am5 Ryzen Series 9000, 8000 Y 7000\/ddr5 6400 Mhz\/ Pcie Gen5m.2\/2 Pcie 4.0x16\/1 Pcie 3.0x1\/amd Rdna\/1 Blazing M.2\/1 Hyper M.2\/6 Usb 3.2\/1 Usb C Trasero\/ + Env\u00edo a domicilio + Pago seguro + Garant\u00eda","robots":{"index":"index","follow":"follow","max-snippet":"max-snippet:-1","max-image-preview":"max-image-preview:large","max-video-preview":"max-video-preview:-1"},"canonical":"https:\/\/compuviper.mx\/tienda\/producto\/asrock-b650m-h-m-2-mb-b650m-h-m-2-am5-ryzen-series-9000-8000-y-7000-ddr5-6400-mhz-pcie-gen5m-2-2-pcie-4-0x16-1-pcie-3-0x1-amd-rdna-1-blazing-m-2-1-hyper-m-2-6-usb-3-2-1-usb-c-trasero\/","og_locale":"es_MX","og_type":"article","og_title":"[ Asrock ] &#129351; B650m-h\/m.2+ Mb B650m-h\/m.2\/am5 Ryzen Series 9000, 8000 Y 7000\/ddr5 6400 Mhz\/ Pcie Gen5m.2\/2 Pcie 4.0x16\/1 Pcie 3.0x1\/amd Rdna\/1 Blazing M.2\/1 Hyper M.2\/6 Usb 3.2\/1 Usb C Trasero\/","og_description":"Compra B650m-h\/m.2+ Mb B650m-h\/m.2\/am5 Ryzen Series 9000, 8000 Y 7000\/ddr5 6400 Mhz\/ Pcie Gen5m.2\/2 Pcie 4.0x16\/1 Pcie 3.0x1\/amd Rdna\/1 Blazing M.2\/1 Hyper M.2\/6 Usb 3.2\/1 Usb C Trasero\/ + Env\u00edo a domicilio + Pago seguro + Garant\u00eda","og_url":"https:\/\/compuviper.mx\/tienda\/producto\/asrock-b650m-h-m-2-mb-b650m-h-m-2-am5-ryzen-series-9000-8000-y-7000-ddr5-6400-mhz-pcie-gen5m-2-2-pcie-4-0x16-1-pcie-3-0x1-amd-rdna-1-blazing-m-2-1-hyper-m-2-6-usb-3-2-1-usb-c-trasero\/","og_site_name":"Compuviper","article_publisher":"https:\/\/www.facebook.com\/compuviper","article_modified_time":"2026-04-26T06:00:21+00:00","twitter_card":"summary_large_image","twitter_misc":{"Precio":"&#36;1,261 con IVA","Availability":"In stock"},"schema":{"@context":"https:\/\/schema.org","@graph":[{"@type":"WebPage","@id":"https:\/\/compuviper.mx\/tienda\/producto\/asrock-b650m-h-m-2-mb-b650m-h-m-2-am5-ryzen-series-9000-8000-y-7000-ddr5-6400-mhz-pcie-gen5m-2-2-pcie-4-0x16-1-pcie-3-0x1-amd-rdna-1-blazing-m-2-1-hyper-m-2-6-usb-3-2-1-usb-c-trasero\/","url":"https:\/\/compuviper.mx\/tienda\/producto\/asrock-b650m-h-m-2-mb-b650m-h-m-2-am5-ryzen-series-9000-8000-y-7000-ddr5-6400-mhz-pcie-gen5m-2-2-pcie-4-0x16-1-pcie-3-0x1-amd-rdna-1-blazing-m-2-1-hyper-m-2-6-usb-3-2-1-usb-c-trasero\/","name":"[ Asrock ] &#129351; B650m-h\/m.2+ Mb B650m-h\/m.2\/am5 Ryzen Series 9000, 8000 Y 7000\/ddr5 6400 Mhz\/ Pcie Gen5m.2\/2 Pcie 4.0x16\/1 Pcie 3.0x1\/amd Rdna\/1 Blazing M.2\/1 Hyper M.2\/6 Usb 3.2\/1 Usb C Trasero\/","isPartOf":{"@id":"https:\/\/compuviper.mx\/tienda\/#website"},"datePublished":"2026-04-25T06:40:44+00:00","dateModified":"2026-04-26T06:00:21+00:00","description":"Compra B650m-h\/m.2+ Mb B650m-h\/m.2\/am5 Ryzen Series 9000, 8000 Y 7000\/ddr5 6400 Mhz\/ Pcie Gen5m.2\/2 Pcie 4.0x16\/1 Pcie 3.0x1\/amd Rdna\/1 Blazing M.2\/1 Hyper M.2\/6 Usb 3.2\/1 Usb C Trasero\/ + Env\u00edo a domicilio + Pago seguro + Garant\u00eda","breadcrumb":{"@id":"https:\/\/compuviper.mx\/tienda\/producto\/asrock-b650m-h-m-2-mb-b650m-h-m-2-am5-ryzen-series-9000-8000-y-7000-ddr5-6400-mhz-pcie-gen5m-2-2-pcie-4-0x16-1-pcie-3-0x1-amd-rdna-1-blazing-m-2-1-hyper-m-2-6-usb-3-2-1-usb-c-trasero\/#breadcrumb"},"inLanguage":"es-MX","potentialAction":[{"@type":"ReadAction","target":["https:\/\/compuviper.mx\/tienda\/producto\/asrock-b650m-h-m-2-mb-b650m-h-m-2-am5-ryzen-series-9000-8000-y-7000-ddr5-6400-mhz-pcie-gen5m-2-2-pcie-4-0x16-1-pcie-3-0x1-amd-rdna-1-blazing-m-2-1-hyper-m-2-6-usb-3-2-1-usb-c-trasero\/"]}]},{"@type":"BreadcrumbList","@id":"https:\/\/compuviper.mx\/tienda\/producto\/asrock-b650m-h-m-2-mb-b650m-h-m-2-am5-ryzen-series-9000-8000-y-7000-ddr5-6400-mhz-pcie-gen5m-2-2-pcie-4-0x16-1-pcie-3-0x1-amd-rdna-1-blazing-m-2-1-hyper-m-2-6-usb-3-2-1-usb-c-trasero\/#breadcrumb","itemListElement":[{"@type":"ListItem","position":1,"name":"Inicio","item":"https:\/\/compuviper.mx\/tienda\/"},{"@type":"ListItem","position":2,"name":"Productos","item":"https:\/\/compuviper.mx\/tienda\/productos\/"},{"@type":"ListItem","position":3,"name":"Tarjeta Madre","item":"https:\/\/compuviper.mx\/tienda\/categoria-producto\/tarjeta-madre\/"},{"@type":"ListItem","position":4,"name":"Socket Am5","item":"https:\/\/compuviper.mx\/tienda\/categoria-producto\/tarjeta-madre\/socket-am5\/"},{"@type":"ListItem","position":5,"name":"Asrock B650m-h\/m.2+ Mb B650m-h\/m.2\/am5 Ryzen Series 9000, 8000 Y 7000\/ddr5 6400 Mhz\/ Pcie Gen5m.2\/2 Pcie 4.0&#215;16\/1 Pcie 3.0&#215;1\/amd Rdna\/1 Blazing M.2\/1 Hyper M.2\/6 Usb 3.2\/1 Usb C Trasero\/"}]},{"@type":"WebSite","@id":"https:\/\/compuviper.mx\/tienda\/#website","url":"https:\/\/compuviper.mx\/tienda\/","name":"Compuviper","description":"Proveedor de Computadoras, Laptops, Servidores, Monitores, Puntos de Venta, Teclados,   Impresoras, T\u00f3ner, C\u00e1maras de Seguridad y m\u00e1s en tu tienda en l\u00ednea","publisher":{"@id":"https:\/\/compuviper.mx\/tienda\/#organization"},"potentialAction":[{"@type":"SearchAction","target":{"@type":"EntryPoint","urlTemplate":"https:\/\/compuviper.mx\/tienda\/?s={search_term_string}"},"query-input":"required name=search_term_string"}],"inLanguage":"es-MX"},{"@type":"Organization","@id":"https:\/\/compuviper.mx\/tienda\/#organization","name":"Compuviper","url":"https:\/\/compuviper.mx\/tienda\/","logo":{"@type":"ImageObject","inLanguage":"es-MX","@id":"https:\/\/compuviper.mx\/tienda\/#\/schema\/logo\/image\/","url":"https:\/\/compuviper.mx\/tienda\/wp-content\/uploads\/2021\/08\/Logo-Compuviper-10.png","contentUrl":"https:\/\/compuviper.mx\/tienda\/wp-content\/uploads\/2021\/08\/Logo-Compuviper-10.png","width":1000,"height":500,"caption":"Compuviper"},"image":{"@id":"https:\/\/compuviper.mx\/tienda\/#\/schema\/logo\/image\/"},"sameAs":["https:\/\/www.facebook.com\/compuviper","https:\/\/www.youtube.com\/channel\/UCf73dERp9Y3cfOq7q8BhLjA?view_as=subscriber"]}]},"product_brand":"Asrock","product_price_amount":"1261","product_price_currency":"MXN","og_availability":"instock","product_availability":"instock","product_retailer_item_id":"B650M-H\/M.2+","product_condition":"new"},"_links":{"self":[{"href":"https:\/\/compuviper.mx\/tienda\/wp-json\/wp\/v2\/product\/266289"}],"collection":[{"href":"https:\/\/compuviper.mx\/tienda\/wp-json\/wp\/v2\/product"}],"about":[{"href":"https:\/\/compuviper.mx\/tienda\/wp-json\/wp\/v2\/types\/product"}],"replies":[{"embeddable":true,"href":"https:\/\/compuviper.mx\/tienda\/wp-json\/wp\/v2\/comments?post=266289"}],"wp:attachment":[{"href":"https:\/\/compuviper.mx\/tienda\/wp-json\/wp\/v2\/media?parent=266289"}],"wp:term":[{"taxonomy":"product_cat","embeddable":true,"href":"https:\/\/compuviper.mx\/tienda\/wp-json\/wp\/v2\/product_cat?post=266289"},{"taxonomy":"product_tag","embeddable":true,"href":"https:\/\/compuviper.mx\/tienda\/wp-json\/wp\/v2\/product_tag?post=266289"}],"curies":[{"name":"wp","href":"https:\/\/api.w.org\/{rel}","templated":true}]}}