{"id":266249,"date":"2026-04-01T23:24:01","date_gmt":"2026-04-02T05:24:01","guid":{"rendered":"https:\/\/compuviper.mx\/tienda\/producto\/dahua-display-dht0430070-estructura-para-pantalla-de-116-pulgadas-pitch-de-1-8-1-5-solucion-estandar-para-montar-en-pared-de-concreto-block-o-ladrillo-interior-2-56m-x-1-44m-no-incluye-instalacio\/"},"modified":"2026-04-01T23:24:02","modified_gmt":"2026-04-02T05:24:02","slug":"dahua-display-dht0430070-estructura-para-pantalla-de-116-pulgadas-pitch-de-1-8-1-5-solucion-estandar-para-montar-en-pared-de-concreto-block-o-ladrillo-interior-2-56m-x-1-44m-no-incluye-instalacio","status":"publish","type":"product","link":"https:\/\/compuviper.mx\/tienda\/producto\/dahua-display-dht0430070-estructura-para-pantalla-de-116-pulgadas-pitch-de-1-8-1-5-solucion-estandar-para-montar-en-pared-de-concreto-block-o-ladrillo-interior-2-56m-x-1-44m-no-incluye-instalacio\/","title":{"rendered":"Dahua Display Dht0430070 Estructura Para Pantalla De 116 Pulgadas\/ Pitch De 1.8-1.5\/solucion Estandar\/ Para Montar En Pared De Concreto, Block O Ladrillo\/interior\/2.56m X 1.44m\/  No Incluye Instalacion"},"content":{"rendered":"<table class=\"descripcion\">\n<tr>\n<td>Informacion general<\/td>\n<\/tr>\n<tr>\n<td>La estructura para pantalla de 116 pulgadas, con pitch de 1.8-1.5, es una solucion estandar para montaje en paredes de concreto, block o ladrillo. tiene dimensiones de 2.56 m x 1.44 m y esta destinada para uso en interiores. la instalacion no esta incluida y el tiempo de entrega estimado es de 2-3 semanas habiles. esta estructura proporciona un soporte robusto y versatil para pantallas grandes, ideal para entornos interiores.<\/td>\n<\/tr>\n<\/table>\n","protected":false},"excerpt":{"rendered":"<p>Especificaciones tecnicas. Horizontales y postes materiales: lamina negra cal.16. Tapas materiales: lamina negra cal.20. Medidas estructuras: 2.56 x 1.44 m. Acabado: pintura electroestatica negro mate<\/p>\n","protected":false},"featured_media":0,"comment_status":"open","ping_status":"open","template":"","meta":[],"product_cat":[2321,2265],"product_tag":[2206],"acf":[],"yoast_head":"<!-- This site is optimized with the Yoast SEO plugin v21.7 - https:\/\/yoast.com\/wordpress\/plugins\/seo\/ -->\n<title>[ Dahua Display ] &#129351; Dht0430070 Estructura Para Pantalla De 116 Pulgadas\/ Pitch De 1.8-1.5\/solucion Estandar\/ Para Montar En Pared De Concreto, Block O Ladrillo\/interior\/2.56m X 1.44m\/ No Incluye Instalacion<\/title>\n<meta name=\"description\" content=\"Compra Dht0430070 Estructura Para Pantalla De 116 Pulgadas\/ Pitch De 1.8-1.5\/solucion Estandar\/ Para Montar En Pared De Concreto, Block O Ladrillo\/interior\/2.56m X 1.44m\/ No Incluye Instalacion + Env\u00edo a domicilio + Pago seguro + Garant\u00eda\" \/>\n<meta name=\"robots\" content=\"index, follow, max-snippet:-1, max-image-preview:large, max-video-preview:-1\" \/>\n<link rel=\"canonical\" href=\"https:\/\/compuviper.mx\/tienda\/producto\/dahua-display-dht0430070-estructura-para-pantalla-de-116-pulgadas-pitch-de-1-8-1-5-solucion-estandar-para-montar-en-pared-de-concreto-block-o-ladrillo-interior-2-56m-x-1-44m-no-incluye-instalacio\/\" \/>\n<meta property=\"og:locale\" content=\"es_MX\" \/>\n<meta property=\"og:type\" content=\"article\" \/>\n<meta property=\"og:title\" content=\"[ Dahua Display ] &#129351; Dht0430070 Estructura Para Pantalla De 116 Pulgadas\/ Pitch De 1.8-1.5\/solucion Estandar\/ Para Montar En Pared De Concreto, Block O Ladrillo\/interior\/2.56m X 1.44m\/ No Incluye Instalacion\" \/>\n<meta property=\"og:description\" content=\"Compra Dht0430070 Estructura Para Pantalla De 116 Pulgadas\/ Pitch De 1.8-1.5\/solucion Estandar\/ Para Montar En Pared De Concreto, Block O Ladrillo\/interior\/2.56m X 1.44m\/ No Incluye Instalacion + Env\u00edo a domicilio + Pago seguro + Garant\u00eda\" \/>\n<meta property=\"og:url\" content=\"https:\/\/compuviper.mx\/tienda\/producto\/dahua-display-dht0430070-estructura-para-pantalla-de-116-pulgadas-pitch-de-1-8-1-5-solucion-estandar-para-montar-en-pared-de-concreto-block-o-ladrillo-interior-2-56m-x-1-44m-no-incluye-instalacio\/\" \/>\n<meta property=\"og:site_name\" content=\"Compuviper\" \/>\n<meta property=\"article:publisher\" content=\"https:\/\/www.facebook.com\/compuviper\" \/>\n<meta property=\"article:modified_time\" content=\"2026-04-02T05:24:02+00:00\" \/>\n<meta name=\"twitter:card\" content=\"summary_large_image\" \/>\n<meta name=\"twitter:label1\" content=\"Precio\" \/>\n\t<meta name=\"twitter:data1\" content=\"&#36;33,232 con IVA\" \/>\n\t<meta name=\"twitter:label2\" content=\"Availability\" \/>\n\t<meta name=\"twitter:data2\" content=\"On backorder\" \/>\n<script type=\"application\/ld+json\" class=\"yoast-schema-graph\">{\"@context\":\"https:\/\/schema.org\",\"@graph\":[{\"@type\":\"WebPage\",\"@id\":\"https:\/\/compuviper.mx\/tienda\/producto\/dahua-display-dht0430070-estructura-para-pantalla-de-116-pulgadas-pitch-de-1-8-1-5-solucion-estandar-para-montar-en-pared-de-concreto-block-o-ladrillo-interior-2-56m-x-1-44m-no-incluye-instalacio\/\",\"url\":\"https:\/\/compuviper.mx\/tienda\/producto\/dahua-display-dht0430070-estructura-para-pantalla-de-116-pulgadas-pitch-de-1-8-1-5-solucion-estandar-para-montar-en-pared-de-concreto-block-o-ladrillo-interior-2-56m-x-1-44m-no-incluye-instalacio\/\",\"name\":\"[ Dahua Display ] &#129351; Dht0430070 Estructura Para Pantalla De 116 Pulgadas\/ Pitch De 1.8-1.5\/solucion Estandar\/ Para Montar En Pared De Concreto, Block O Ladrillo\/interior\/2.56m X 1.44m\/ No Incluye Instalacion\",\"isPartOf\":{\"@id\":\"https:\/\/compuviper.mx\/tienda\/#website\"},\"datePublished\":\"2026-04-02T05:24:01+00:00\",\"dateModified\":\"2026-04-02T05:24:02+00:00\",\"description\":\"Compra Dht0430070 Estructura Para Pantalla De 116 Pulgadas\/ Pitch De 1.8-1.5\/solucion Estandar\/ Para Montar En Pared De Concreto, Block O Ladrillo\/interior\/2.56m X 1.44m\/ No Incluye Instalacion + Env\u00edo a domicilio + Pago seguro + Garant\u00eda\",\"breadcrumb\":{\"@id\":\"https:\/\/compuviper.mx\/tienda\/producto\/dahua-display-dht0430070-estructura-para-pantalla-de-116-pulgadas-pitch-de-1-8-1-5-solucion-estandar-para-montar-en-pared-de-concreto-block-o-ladrillo-interior-2-56m-x-1-44m-no-incluye-instalacio\/#breadcrumb\"},\"inLanguage\":\"es-MX\",\"potentialAction\":[{\"@type\":\"ReadAction\",\"target\":[\"https:\/\/compuviper.mx\/tienda\/producto\/dahua-display-dht0430070-estructura-para-pantalla-de-116-pulgadas-pitch-de-1-8-1-5-solucion-estandar-para-montar-en-pared-de-concreto-block-o-ladrillo-interior-2-56m-x-1-44m-no-incluye-instalacio\/\"]}]},{\"@type\":\"BreadcrumbList\",\"@id\":\"https:\/\/compuviper.mx\/tienda\/producto\/dahua-display-dht0430070-estructura-para-pantalla-de-116-pulgadas-pitch-de-1-8-1-5-solucion-estandar-para-montar-en-pared-de-concreto-block-o-ladrillo-interior-2-56m-x-1-44m-no-incluye-instalacio\/#breadcrumb\",\"itemListElement\":[{\"@type\":\"ListItem\",\"position\":1,\"name\":\"Inicio\",\"item\":\"https:\/\/compuviper.mx\/tienda\/\"},{\"@type\":\"ListItem\",\"position\":2,\"name\":\"Productos\",\"item\":\"https:\/\/compuviper.mx\/tienda\/productos\/\"},{\"@type\":\"ListItem\",\"position\":3,\"name\":\"Soportes Y Bases P\/tv\/ Proyectores\/dvd\/consolas\/bocinas\/pantallas\/monotores\",\"item\":\"https:\/\/compuviper.mx\/tienda\/categoria-producto\/soportes-y-bases-p-tv-proyectores-dvd-consolas-bocinas-pantallas-monotores\/\"},{\"@type\":\"ListItem\",\"position\":4,\"name\":\"Soporte Y Base Para Tv\/pantallas\/monitores\/kiosko\",\"item\":\"https:\/\/compuviper.mx\/tienda\/categoria-producto\/soportes-y-bases-p-tv-proyectores-dvd-consolas-bocinas-pantallas-monotores\/soporte-y-base-para-tv-pantallas-monitores-kiosko\/\"},{\"@type\":\"ListItem\",\"position\":5,\"name\":\"Dahua Display Dht0430070 Estructura Para Pantalla De 116 Pulgadas\/ Pitch De 1.8-1.5\/solucion Estandar\/ Para Montar En Pared De Concreto, Block O Ladrillo\/interior\/2.56m X 1.44m\/ No Incluye Instalacion\"}]},{\"@type\":\"WebSite\",\"@id\":\"https:\/\/compuviper.mx\/tienda\/#website\",\"url\":\"https:\/\/compuviper.mx\/tienda\/\",\"name\":\"Compuviper\",\"description\":\"Proveedor de Computadoras, Laptops, Servidores, Monitores, Puntos de Venta, Teclados,   Impresoras, T\u00f3ner, C\u00e1maras de Seguridad y m\u00e1s en tu tienda en l\u00ednea\",\"publisher\":{\"@id\":\"https:\/\/compuviper.mx\/tienda\/#organization\"},\"potentialAction\":[{\"@type\":\"SearchAction\",\"target\":{\"@type\":\"EntryPoint\",\"urlTemplate\":\"https:\/\/compuviper.mx\/tienda\/?s={search_term_string}\"},\"query-input\":\"required name=search_term_string\"}],\"inLanguage\":\"es-MX\"},{\"@type\":\"Organization\",\"@id\":\"https:\/\/compuviper.mx\/tienda\/#organization\",\"name\":\"Compuviper\",\"url\":\"https:\/\/compuviper.mx\/tienda\/\",\"logo\":{\"@type\":\"ImageObject\",\"inLanguage\":\"es-MX\",\"@id\":\"https:\/\/compuviper.mx\/tienda\/#\/schema\/logo\/image\/\",\"url\":\"https:\/\/compuviper.mx\/tienda\/wp-content\/uploads\/2021\/08\/Logo-Compuviper-10.png\",\"contentUrl\":\"https:\/\/compuviper.mx\/tienda\/wp-content\/uploads\/2021\/08\/Logo-Compuviper-10.png\",\"width\":1000,\"height\":500,\"caption\":\"Compuviper\"},\"image\":{\"@id\":\"https:\/\/compuviper.mx\/tienda\/#\/schema\/logo\/image\/\"},\"sameAs\":[\"https:\/\/www.facebook.com\/compuviper\",\"https:\/\/www.youtube.com\/channel\/UCf73dERp9Y3cfOq7q8BhLjA?view_as=subscriber\"]}]}<\/script>\n<meta property=\"product:brand\" content=\"Dahua Display\" \/>\n<meta property=\"product:price:amount\" content=\"33232\" \/>\n<meta property=\"product:price:currency\" content=\"MXN\" \/>\n<meta property=\"og:availability\" content=\"backorder\" \/>\n<meta property=\"product:availability\" content=\"available for order\" \/>\n<meta property=\"product:retailer_item_id\" content=\"DHT0430070\" \/>\n<meta property=\"product:condition\" content=\"new\" \/>\n<!-- \/ Yoast SEO plugin. -->","yoast_head_json":{"title":"[ Dahua Display ] &#129351; Dht0430070 Estructura Para Pantalla De 116 Pulgadas\/ Pitch De 1.8-1.5\/solucion Estandar\/ Para Montar En Pared De Concreto, Block O Ladrillo\/interior\/2.56m X 1.44m\/ No Incluye Instalacion","description":"Compra Dht0430070 Estructura Para Pantalla De 116 Pulgadas\/ Pitch De 1.8-1.5\/solucion Estandar\/ Para Montar En Pared De Concreto, Block O Ladrillo\/interior\/2.56m X 1.44m\/ No Incluye Instalacion + Env\u00edo a domicilio + Pago seguro + Garant\u00eda","robots":{"index":"index","follow":"follow","max-snippet":"max-snippet:-1","max-image-preview":"max-image-preview:large","max-video-preview":"max-video-preview:-1"},"canonical":"https:\/\/compuviper.mx\/tienda\/producto\/dahua-display-dht0430070-estructura-para-pantalla-de-116-pulgadas-pitch-de-1-8-1-5-solucion-estandar-para-montar-en-pared-de-concreto-block-o-ladrillo-interior-2-56m-x-1-44m-no-incluye-instalacio\/","og_locale":"es_MX","og_type":"article","og_title":"[ Dahua Display ] &#129351; Dht0430070 Estructura Para Pantalla De 116 Pulgadas\/ Pitch De 1.8-1.5\/solucion Estandar\/ Para Montar En Pared De Concreto, Block O Ladrillo\/interior\/2.56m X 1.44m\/ No Incluye Instalacion","og_description":"Compra Dht0430070 Estructura Para Pantalla De 116 Pulgadas\/ Pitch De 1.8-1.5\/solucion Estandar\/ Para Montar En Pared De Concreto, Block O Ladrillo\/interior\/2.56m X 1.44m\/ No Incluye Instalacion + Env\u00edo a domicilio + Pago seguro + Garant\u00eda","og_url":"https:\/\/compuviper.mx\/tienda\/producto\/dahua-display-dht0430070-estructura-para-pantalla-de-116-pulgadas-pitch-de-1-8-1-5-solucion-estandar-para-montar-en-pared-de-concreto-block-o-ladrillo-interior-2-56m-x-1-44m-no-incluye-instalacio\/","og_site_name":"Compuviper","article_publisher":"https:\/\/www.facebook.com\/compuviper","article_modified_time":"2026-04-02T05:24:02+00:00","twitter_card":"summary_large_image","twitter_misc":{"Precio":"&#36;33,232 con IVA","Availability":"On backorder"},"schema":{"@context":"https:\/\/schema.org","@graph":[{"@type":"WebPage","@id":"https:\/\/compuviper.mx\/tienda\/producto\/dahua-display-dht0430070-estructura-para-pantalla-de-116-pulgadas-pitch-de-1-8-1-5-solucion-estandar-para-montar-en-pared-de-concreto-block-o-ladrillo-interior-2-56m-x-1-44m-no-incluye-instalacio\/","url":"https:\/\/compuviper.mx\/tienda\/producto\/dahua-display-dht0430070-estructura-para-pantalla-de-116-pulgadas-pitch-de-1-8-1-5-solucion-estandar-para-montar-en-pared-de-concreto-block-o-ladrillo-interior-2-56m-x-1-44m-no-incluye-instalacio\/","name":"[ Dahua Display ] &#129351; Dht0430070 Estructura Para Pantalla De 116 Pulgadas\/ Pitch De 1.8-1.5\/solucion Estandar\/ Para Montar En Pared De Concreto, Block O Ladrillo\/interior\/2.56m X 1.44m\/ No Incluye Instalacion","isPartOf":{"@id":"https:\/\/compuviper.mx\/tienda\/#website"},"datePublished":"2026-04-02T05:24:01+00:00","dateModified":"2026-04-02T05:24:02+00:00","description":"Compra Dht0430070 Estructura Para Pantalla De 116 Pulgadas\/ Pitch De 1.8-1.5\/solucion Estandar\/ Para Montar En Pared De Concreto, Block O Ladrillo\/interior\/2.56m X 1.44m\/ No Incluye Instalacion + Env\u00edo a domicilio + Pago seguro + Garant\u00eda","breadcrumb":{"@id":"https:\/\/compuviper.mx\/tienda\/producto\/dahua-display-dht0430070-estructura-para-pantalla-de-116-pulgadas-pitch-de-1-8-1-5-solucion-estandar-para-montar-en-pared-de-concreto-block-o-ladrillo-interior-2-56m-x-1-44m-no-incluye-instalacio\/#breadcrumb"},"inLanguage":"es-MX","potentialAction":[{"@type":"ReadAction","target":["https:\/\/compuviper.mx\/tienda\/producto\/dahua-display-dht0430070-estructura-para-pantalla-de-116-pulgadas-pitch-de-1-8-1-5-solucion-estandar-para-montar-en-pared-de-concreto-block-o-ladrillo-interior-2-56m-x-1-44m-no-incluye-instalacio\/"]}]},{"@type":"BreadcrumbList","@id":"https:\/\/compuviper.mx\/tienda\/producto\/dahua-display-dht0430070-estructura-para-pantalla-de-116-pulgadas-pitch-de-1-8-1-5-solucion-estandar-para-montar-en-pared-de-concreto-block-o-ladrillo-interior-2-56m-x-1-44m-no-incluye-instalacio\/#breadcrumb","itemListElement":[{"@type":"ListItem","position":1,"name":"Inicio","item":"https:\/\/compuviper.mx\/tienda\/"},{"@type":"ListItem","position":2,"name":"Productos","item":"https:\/\/compuviper.mx\/tienda\/productos\/"},{"@type":"ListItem","position":3,"name":"Soportes Y Bases P\/tv\/ Proyectores\/dvd\/consolas\/bocinas\/pantallas\/monotores","item":"https:\/\/compuviper.mx\/tienda\/categoria-producto\/soportes-y-bases-p-tv-proyectores-dvd-consolas-bocinas-pantallas-monotores\/"},{"@type":"ListItem","position":4,"name":"Soporte Y Base Para Tv\/pantallas\/monitores\/kiosko","item":"https:\/\/compuviper.mx\/tienda\/categoria-producto\/soportes-y-bases-p-tv-proyectores-dvd-consolas-bocinas-pantallas-monotores\/soporte-y-base-para-tv-pantallas-monitores-kiosko\/"},{"@type":"ListItem","position":5,"name":"Dahua Display Dht0430070 Estructura Para Pantalla De 116 Pulgadas\/ Pitch De 1.8-1.5\/solucion Estandar\/ Para Montar En Pared De Concreto, Block O Ladrillo\/interior\/2.56m X 1.44m\/ No Incluye Instalacion"}]},{"@type":"WebSite","@id":"https:\/\/compuviper.mx\/tienda\/#website","url":"https:\/\/compuviper.mx\/tienda\/","name":"Compuviper","description":"Proveedor de Computadoras, Laptops, Servidores, Monitores, Puntos de Venta, Teclados,   Impresoras, T\u00f3ner, C\u00e1maras de Seguridad y m\u00e1s en tu tienda en l\u00ednea","publisher":{"@id":"https:\/\/compuviper.mx\/tienda\/#organization"},"potentialAction":[{"@type":"SearchAction","target":{"@type":"EntryPoint","urlTemplate":"https:\/\/compuviper.mx\/tienda\/?s={search_term_string}"},"query-input":"required name=search_term_string"}],"inLanguage":"es-MX"},{"@type":"Organization","@id":"https:\/\/compuviper.mx\/tienda\/#organization","name":"Compuviper","url":"https:\/\/compuviper.mx\/tienda\/","logo":{"@type":"ImageObject","inLanguage":"es-MX","@id":"https:\/\/compuviper.mx\/tienda\/#\/schema\/logo\/image\/","url":"https:\/\/compuviper.mx\/tienda\/wp-content\/uploads\/2021\/08\/Logo-Compuviper-10.png","contentUrl":"https:\/\/compuviper.mx\/tienda\/wp-content\/uploads\/2021\/08\/Logo-Compuviper-10.png","width":1000,"height":500,"caption":"Compuviper"},"image":{"@id":"https:\/\/compuviper.mx\/tienda\/#\/schema\/logo\/image\/"},"sameAs":["https:\/\/www.facebook.com\/compuviper","https:\/\/www.youtube.com\/channel\/UCf73dERp9Y3cfOq7q8BhLjA?view_as=subscriber"]}]},"product_brand":"Dahua Display","product_price_amount":"33232","product_price_currency":"MXN","og_availability":"backorder","product_availability":"available for order","product_retailer_item_id":"DHT0430070","product_condition":"new"},"_links":{"self":[{"href":"https:\/\/compuviper.mx\/tienda\/wp-json\/wp\/v2\/product\/266249"}],"collection":[{"href":"https:\/\/compuviper.mx\/tienda\/wp-json\/wp\/v2\/product"}],"about":[{"href":"https:\/\/compuviper.mx\/tienda\/wp-json\/wp\/v2\/types\/product"}],"replies":[{"embeddable":true,"href":"https:\/\/compuviper.mx\/tienda\/wp-json\/wp\/v2\/comments?post=266249"}],"wp:attachment":[{"href":"https:\/\/compuviper.mx\/tienda\/wp-json\/wp\/v2\/media?parent=266249"}],"wp:term":[{"taxonomy":"product_cat","embeddable":true,"href":"https:\/\/compuviper.mx\/tienda\/wp-json\/wp\/v2\/product_cat?post=266249"},{"taxonomy":"product_tag","embeddable":true,"href":"https:\/\/compuviper.mx\/tienda\/wp-json\/wp\/v2\/product_tag?post=266249"}],"curies":[{"name":"wp","href":"https:\/\/api.w.org\/{rel}","templated":true}]}}