{"id":266244,"date":"2026-04-01T23:21:53","date_gmt":"2026-04-02T05:21:53","guid":{"rendered":"https:\/\/compuviper.mx\/tienda\/producto\/dahua-display-dhi-phgoa3-91-fc-gabiente-led-dahua-pixel-pitch-3-91mm-smd-resolucion-256x256-tamao-de-gabinete-1mx1m-brillo-5500-nits-exterior-ip65-100000hrs\/"},"modified":"2026-04-01T23:21:53","modified_gmt":"2026-04-02T05:21:53","slug":"dahua-display-dhi-phgoa3-91-fc-gabiente-led-dahua-pixel-pitch-3-91mm-smd-resolucion-256x256-tamao-de-gabinete-1mx1m-brillo-5500-nits-exterior-ip65-100000hrs","status":"publish","type":"product","link":"https:\/\/compuviper.mx\/tienda\/producto\/dahua-display-dhi-phgoa3-91-fc-gabiente-led-dahua-pixel-pitch-3-91mm-smd-resolucion-256x256-tamao-de-gabinete-1mx1m-brillo-5500-nits-exterior-ip65-100000hrs\/","title":{"rendered":"Dahua Display Dhi-phgoa3.91-fc Gabiente Led Dahua \/pixel Pitch 3.91mm\/smd\/resolucion 256&#215;256\/tama?o De Gabinete 1mx1m\/brillo 5500 Nits\/exterior Ip65\/100,000hrs"},"content":{"rendered":"<table class=\"descripcion\">\n<tr>\n<td>Especificaciones tecnicas<\/td>\n<\/tr>\n<tr>\n<td>Tama\u00f1o del modulo: 500 mm \u00d7 250 mm<\/td>\n<\/tr>\n<tr>\n<td>Tama\u00f1o del gabinete: ancho 1000 mm \u00d7 alto 1000 mm \u00d7 profundidad 75 mm<\/td>\n<\/tr>\n<tr>\n<td>Resolucion del gabinete (an. \u00d7 al.): 256\u00d7256 dots<\/td>\n<\/tr>\n<tr>\n<td>Peso del gabinete: 25 kilos \u00b1 0,5<\/td>\n<\/tr>\n<tr>\n<td>Material del gabinete: aluminio<\/td>\n<\/tr>\n<tr>\n<td>Temperatura de funcionamiento: &#8211; 20\u00b0c~+50 and #8451;\/10 ~ 90 % de humedad relativa<\/td>\n<\/tr>\n<tr>\n<td>Requiere controlador externo; no opera de forma autonoma.<\/td>\n<\/tr>\n<\/table>\n","protected":false},"excerpt":{"rendered":"<p>Informacion general. El dahua dhi-phgoa3.91-fc es un panel led para exteriores dise\u00f1ado para ofrecer rendimiento visual excepcional en condiciones adversas. Su chasis de aluminio garantiza resistencia y ligereza, mientras que su dise\u00f1o admite mantenimiento frontal y trasero, facilitando la instalacion y el servicio. Ideal para aplicaciones comerciales y publicitarias, este panel combina eficiencia energetica con calidad de imagen superior, asegurando una experiencia visual impactante y confiable. Su construccion robusta lo convierte en una solucion perfecta para proyectos en entornos exteriores que demanden alta durabilidad y mantenimiento practico. Caracteristicas principales. Pixel pitch de 3.91mm que proporciona una alta resolucion para contenido visual impactante a corta y mediana distancia. Brillo maximo de 5500 nits, asegurando visibilidad clara bajo luz solar directa. Angulo de vision de 140\u00b0 tanto horizontal como vertical, garantizando una amplia cobertura visual. Alta frecuencia de actualizacion de 3840hz, ofreciendo imagenes fluidas y sin parpadeos, perfectas para contenido dinamico. Proteccion ip65 tanto en la parte frontal como trasera, asegurando resistencia al agua y al polvo. Larga vida util superior a 100,000 horas, lo que reduce costos de mantenimiento y reemplazo. Instalacion versatil, se puede montar en pared o en piso y ofrece mantenimiento frontal o trasero<\/p>\n","protected":false},"featured_media":0,"comment_status":"open","ping_status":"open","template":"","meta":[],"product_cat":[1485,2139],"product_tag":[2206],"acf":[],"yoast_head":"<!-- This site is optimized with the Yoast SEO plugin v21.7 - https:\/\/yoast.com\/wordpress\/plugins\/seo\/ -->\n<title>[ Dahua Display ] &#129351; Dhi-phgoa3.91-fc Gabiente Led Dahua \/pixel Pitch 3.91mm\/smd\/resolucion 256x256\/tama\u00f1o De Gabinete 1mx1m\/brillo 5500 Nits\/exterior Ip65\/100,000hrs<\/title>\n<meta name=\"description\" content=\"Compra Dhi-phgoa3.91-fc Gabiente Led Dahua \/pixel Pitch 3.91mm\/smd\/resolucion 256x256\/tama\u00f1o De Gabinete 1mx1m\/brillo 5500 Nits\/exterior Ip65\/100,000hrs + Env\u00edo a domicilio + Pago seguro + Garant\u00eda\" \/>\n<meta name=\"robots\" content=\"index, follow, max-snippet:-1, max-image-preview:large, max-video-preview:-1\" \/>\n<link rel=\"canonical\" href=\"https:\/\/compuviper.mx\/tienda\/producto\/dahua-display-dhi-phgoa3-91-fc-gabiente-led-dahua-pixel-pitch-3-91mm-smd-resolucion-256x256-tamao-de-gabinete-1mx1m-brillo-5500-nits-exterior-ip65-100000hrs\/\" \/>\n<meta property=\"og:locale\" content=\"es_MX\" \/>\n<meta property=\"og:type\" content=\"article\" \/>\n<meta property=\"og:title\" content=\"[ Dahua Display ] &#129351; Dhi-phgoa3.91-fc Gabiente Led Dahua \/pixel Pitch 3.91mm\/smd\/resolucion 256x256\/tama\u00f1o De Gabinete 1mx1m\/brillo 5500 Nits\/exterior Ip65\/100,000hrs\" \/>\n<meta property=\"og:description\" content=\"Compra Dhi-phgoa3.91-fc Gabiente Led Dahua \/pixel Pitch 3.91mm\/smd\/resolucion 256x256\/tama\u00f1o De Gabinete 1mx1m\/brillo 5500 Nits\/exterior Ip65\/100,000hrs + Env\u00edo a domicilio + Pago seguro + Garant\u00eda\" \/>\n<meta property=\"og:url\" content=\"https:\/\/compuviper.mx\/tienda\/producto\/dahua-display-dhi-phgoa3-91-fc-gabiente-led-dahua-pixel-pitch-3-91mm-smd-resolucion-256x256-tamao-de-gabinete-1mx1m-brillo-5500-nits-exterior-ip65-100000hrs\/\" \/>\n<meta property=\"og:site_name\" content=\"Compuviper\" \/>\n<meta property=\"article:publisher\" content=\"https:\/\/www.facebook.com\/compuviper\" \/>\n<meta name=\"twitter:card\" content=\"summary_large_image\" \/>\n<meta name=\"twitter:label1\" content=\"Precio\" \/>\n\t<meta name=\"twitter:data1\" content=\"&#36;36,154 con IVA\" \/>\n\t<meta name=\"twitter:label2\" content=\"Availability\" \/>\n\t<meta name=\"twitter:data2\" content=\"On backorder\" \/>\n<script type=\"application\/ld+json\" class=\"yoast-schema-graph\">{\"@context\":\"https:\/\/schema.org\",\"@graph\":[{\"@type\":\"WebPage\",\"@id\":\"https:\/\/compuviper.mx\/tienda\/producto\/dahua-display-dhi-phgoa3-91-fc-gabiente-led-dahua-pixel-pitch-3-91mm-smd-resolucion-256x256-tamao-de-gabinete-1mx1m-brillo-5500-nits-exterior-ip65-100000hrs\/\",\"url\":\"https:\/\/compuviper.mx\/tienda\/producto\/dahua-display-dhi-phgoa3-91-fc-gabiente-led-dahua-pixel-pitch-3-91mm-smd-resolucion-256x256-tamao-de-gabinete-1mx1m-brillo-5500-nits-exterior-ip65-100000hrs\/\",\"name\":\"[ Dahua Display ] &#129351; Dhi-phgoa3.91-fc Gabiente Led Dahua \/pixel Pitch 3.91mm\/smd\/resolucion 256x256\/tama\u00f1o De Gabinete 1mx1m\/brillo 5500 Nits\/exterior Ip65\/100,000hrs\",\"isPartOf\":{\"@id\":\"https:\/\/compuviper.mx\/tienda\/#website\"},\"datePublished\":\"2026-04-02T05:21:53+00:00\",\"dateModified\":\"2026-04-02T05:21:53+00:00\",\"description\":\"Compra Dhi-phgoa3.91-fc Gabiente Led Dahua \/pixel Pitch 3.91mm\/smd\/resolucion 256x256\/tama\u00f1o De Gabinete 1mx1m\/brillo 5500 Nits\/exterior Ip65\/100,000hrs + Env\u00edo a domicilio + Pago seguro + Garant\u00eda\",\"breadcrumb\":{\"@id\":\"https:\/\/compuviper.mx\/tienda\/producto\/dahua-display-dhi-phgoa3-91-fc-gabiente-led-dahua-pixel-pitch-3-91mm-smd-resolucion-256x256-tamao-de-gabinete-1mx1m-brillo-5500-nits-exterior-ip65-100000hrs\/#breadcrumb\"},\"inLanguage\":\"es-MX\",\"potentialAction\":[{\"@type\":\"ReadAction\",\"target\":[\"https:\/\/compuviper.mx\/tienda\/producto\/dahua-display-dhi-phgoa3-91-fc-gabiente-led-dahua-pixel-pitch-3-91mm-smd-resolucion-256x256-tamao-de-gabinete-1mx1m-brillo-5500-nits-exterior-ip65-100000hrs\/\"]}]},{\"@type\":\"BreadcrumbList\",\"@id\":\"https:\/\/compuviper.mx\/tienda\/producto\/dahua-display-dhi-phgoa3-91-fc-gabiente-led-dahua-pixel-pitch-3-91mm-smd-resolucion-256x256-tamao-de-gabinete-1mx1m-brillo-5500-nits-exterior-ip65-100000hrs\/#breadcrumb\",\"itemListElement\":[{\"@type\":\"ListItem\",\"position\":1,\"name\":\"Inicio\",\"item\":\"https:\/\/compuviper.mx\/tienda\/\"},{\"@type\":\"ListItem\",\"position\":2,\"name\":\"Productos\",\"item\":\"https:\/\/compuviper.mx\/tienda\/productos\/\"},{\"@type\":\"ListItem\",\"position\":3,\"name\":\"Accesorios\",\"item\":\"https:\/\/compuviper.mx\/tienda\/categoria-producto\/accesorios\/\"},{\"@type\":\"ListItem\",\"position\":4,\"name\":\"Unidad De Respaldo\",\"item\":\"https:\/\/compuviper.mx\/tienda\/categoria-producto\/accesorios\/unidad-de-respaldo-accesorios\/\"},{\"@type\":\"ListItem\",\"position\":5,\"name\":\"Dahua Display Dhi-phgoa3.91-fc Gabiente Led Dahua \/pixel Pitch 3.91mm\/smd\/resolucion 256&#215;256\/tama?o De Gabinete 1mx1m\/brillo 5500 Nits\/exterior Ip65\/100,000hrs\"}]},{\"@type\":\"WebSite\",\"@id\":\"https:\/\/compuviper.mx\/tienda\/#website\",\"url\":\"https:\/\/compuviper.mx\/tienda\/\",\"name\":\"Compuviper\",\"description\":\"Proveedor de Computadoras, Laptops, Servidores, Monitores, Puntos de Venta, Teclados,   Impresoras, T\u00f3ner, C\u00e1maras de Seguridad y m\u00e1s en tu tienda en l\u00ednea\",\"publisher\":{\"@id\":\"https:\/\/compuviper.mx\/tienda\/#organization\"},\"potentialAction\":[{\"@type\":\"SearchAction\",\"target\":{\"@type\":\"EntryPoint\",\"urlTemplate\":\"https:\/\/compuviper.mx\/tienda\/?s={search_term_string}\"},\"query-input\":\"required name=search_term_string\"}],\"inLanguage\":\"es-MX\"},{\"@type\":\"Organization\",\"@id\":\"https:\/\/compuviper.mx\/tienda\/#organization\",\"name\":\"Compuviper\",\"url\":\"https:\/\/compuviper.mx\/tienda\/\",\"logo\":{\"@type\":\"ImageObject\",\"inLanguage\":\"es-MX\",\"@id\":\"https:\/\/compuviper.mx\/tienda\/#\/schema\/logo\/image\/\",\"url\":\"https:\/\/compuviper.mx\/tienda\/wp-content\/uploads\/2021\/08\/Logo-Compuviper-10.png\",\"contentUrl\":\"https:\/\/compuviper.mx\/tienda\/wp-content\/uploads\/2021\/08\/Logo-Compuviper-10.png\",\"width\":1000,\"height\":500,\"caption\":\"Compuviper\"},\"image\":{\"@id\":\"https:\/\/compuviper.mx\/tienda\/#\/schema\/logo\/image\/\"},\"sameAs\":[\"https:\/\/www.facebook.com\/compuviper\",\"https:\/\/www.youtube.com\/channel\/UCf73dERp9Y3cfOq7q8BhLjA?view_as=subscriber\"]}]}<\/script>\n<meta property=\"product:brand\" content=\"Dahua Display\" \/>\n<meta property=\"product:price:amount\" content=\"36154\" \/>\n<meta property=\"product:price:currency\" content=\"MXN\" \/>\n<meta property=\"og:availability\" content=\"backorder\" \/>\n<meta property=\"product:availability\" content=\"available for order\" \/>\n<meta property=\"product:retailer_item_id\" content=\"DHI-PHGOA3.91-FC\" \/>\n<meta property=\"product:condition\" content=\"new\" \/>\n<!-- \/ Yoast SEO plugin. -->","yoast_head_json":{"title":"[ Dahua Display ] &#129351; Dhi-phgoa3.91-fc Gabiente Led Dahua \/pixel Pitch 3.91mm\/smd\/resolucion 256x256\/tama\u00f1o De Gabinete 1mx1m\/brillo 5500 Nits\/exterior Ip65\/100,000hrs","description":"Compra Dhi-phgoa3.91-fc Gabiente Led Dahua \/pixel Pitch 3.91mm\/smd\/resolucion 256x256\/tama\u00f1o De Gabinete 1mx1m\/brillo 5500 Nits\/exterior Ip65\/100,000hrs + Env\u00edo a domicilio + Pago seguro + Garant\u00eda","robots":{"index":"index","follow":"follow","max-snippet":"max-snippet:-1","max-image-preview":"max-image-preview:large","max-video-preview":"max-video-preview:-1"},"canonical":"https:\/\/compuviper.mx\/tienda\/producto\/dahua-display-dhi-phgoa3-91-fc-gabiente-led-dahua-pixel-pitch-3-91mm-smd-resolucion-256x256-tamao-de-gabinete-1mx1m-brillo-5500-nits-exterior-ip65-100000hrs\/","og_locale":"es_MX","og_type":"article","og_title":"[ Dahua Display ] &#129351; Dhi-phgoa3.91-fc Gabiente Led Dahua \/pixel Pitch 3.91mm\/smd\/resolucion 256x256\/tama\u00f1o De Gabinete 1mx1m\/brillo 5500 Nits\/exterior Ip65\/100,000hrs","og_description":"Compra Dhi-phgoa3.91-fc Gabiente Led Dahua \/pixel Pitch 3.91mm\/smd\/resolucion 256x256\/tama\u00f1o De Gabinete 1mx1m\/brillo 5500 Nits\/exterior Ip65\/100,000hrs + Env\u00edo a domicilio + Pago seguro + Garant\u00eda","og_url":"https:\/\/compuviper.mx\/tienda\/producto\/dahua-display-dhi-phgoa3-91-fc-gabiente-led-dahua-pixel-pitch-3-91mm-smd-resolucion-256x256-tamao-de-gabinete-1mx1m-brillo-5500-nits-exterior-ip65-100000hrs\/","og_site_name":"Compuviper","article_publisher":"https:\/\/www.facebook.com\/compuviper","twitter_card":"summary_large_image","twitter_misc":{"Precio":"&#36;36,154 con IVA","Availability":"On backorder"},"schema":{"@context":"https:\/\/schema.org","@graph":[{"@type":"WebPage","@id":"https:\/\/compuviper.mx\/tienda\/producto\/dahua-display-dhi-phgoa3-91-fc-gabiente-led-dahua-pixel-pitch-3-91mm-smd-resolucion-256x256-tamao-de-gabinete-1mx1m-brillo-5500-nits-exterior-ip65-100000hrs\/","url":"https:\/\/compuviper.mx\/tienda\/producto\/dahua-display-dhi-phgoa3-91-fc-gabiente-led-dahua-pixel-pitch-3-91mm-smd-resolucion-256x256-tamao-de-gabinete-1mx1m-brillo-5500-nits-exterior-ip65-100000hrs\/","name":"[ Dahua Display ] &#129351; Dhi-phgoa3.91-fc Gabiente Led Dahua \/pixel Pitch 3.91mm\/smd\/resolucion 256x256\/tama\u00f1o De Gabinete 1mx1m\/brillo 5500 Nits\/exterior Ip65\/100,000hrs","isPartOf":{"@id":"https:\/\/compuviper.mx\/tienda\/#website"},"datePublished":"2026-04-02T05:21:53+00:00","dateModified":"2026-04-02T05:21:53+00:00","description":"Compra Dhi-phgoa3.91-fc Gabiente Led Dahua \/pixel Pitch 3.91mm\/smd\/resolucion 256x256\/tama\u00f1o De Gabinete 1mx1m\/brillo 5500 Nits\/exterior Ip65\/100,000hrs + Env\u00edo a domicilio + Pago seguro + Garant\u00eda","breadcrumb":{"@id":"https:\/\/compuviper.mx\/tienda\/producto\/dahua-display-dhi-phgoa3-91-fc-gabiente-led-dahua-pixel-pitch-3-91mm-smd-resolucion-256x256-tamao-de-gabinete-1mx1m-brillo-5500-nits-exterior-ip65-100000hrs\/#breadcrumb"},"inLanguage":"es-MX","potentialAction":[{"@type":"ReadAction","target":["https:\/\/compuviper.mx\/tienda\/producto\/dahua-display-dhi-phgoa3-91-fc-gabiente-led-dahua-pixel-pitch-3-91mm-smd-resolucion-256x256-tamao-de-gabinete-1mx1m-brillo-5500-nits-exterior-ip65-100000hrs\/"]}]},{"@type":"BreadcrumbList","@id":"https:\/\/compuviper.mx\/tienda\/producto\/dahua-display-dhi-phgoa3-91-fc-gabiente-led-dahua-pixel-pitch-3-91mm-smd-resolucion-256x256-tamao-de-gabinete-1mx1m-brillo-5500-nits-exterior-ip65-100000hrs\/#breadcrumb","itemListElement":[{"@type":"ListItem","position":1,"name":"Inicio","item":"https:\/\/compuviper.mx\/tienda\/"},{"@type":"ListItem","position":2,"name":"Productos","item":"https:\/\/compuviper.mx\/tienda\/productos\/"},{"@type":"ListItem","position":3,"name":"Accesorios","item":"https:\/\/compuviper.mx\/tienda\/categoria-producto\/accesorios\/"},{"@type":"ListItem","position":4,"name":"Unidad De Respaldo","item":"https:\/\/compuviper.mx\/tienda\/categoria-producto\/accesorios\/unidad-de-respaldo-accesorios\/"},{"@type":"ListItem","position":5,"name":"Dahua Display Dhi-phgoa3.91-fc Gabiente Led Dahua \/pixel Pitch 3.91mm\/smd\/resolucion 256&#215;256\/tama?o De Gabinete 1mx1m\/brillo 5500 Nits\/exterior Ip65\/100,000hrs"}]},{"@type":"WebSite","@id":"https:\/\/compuviper.mx\/tienda\/#website","url":"https:\/\/compuviper.mx\/tienda\/","name":"Compuviper","description":"Proveedor de Computadoras, Laptops, Servidores, Monitores, Puntos de Venta, Teclados,   Impresoras, T\u00f3ner, C\u00e1maras de Seguridad y m\u00e1s en tu tienda en l\u00ednea","publisher":{"@id":"https:\/\/compuviper.mx\/tienda\/#organization"},"potentialAction":[{"@type":"SearchAction","target":{"@type":"EntryPoint","urlTemplate":"https:\/\/compuviper.mx\/tienda\/?s={search_term_string}"},"query-input":"required name=search_term_string"}],"inLanguage":"es-MX"},{"@type":"Organization","@id":"https:\/\/compuviper.mx\/tienda\/#organization","name":"Compuviper","url":"https:\/\/compuviper.mx\/tienda\/","logo":{"@type":"ImageObject","inLanguage":"es-MX","@id":"https:\/\/compuviper.mx\/tienda\/#\/schema\/logo\/image\/","url":"https:\/\/compuviper.mx\/tienda\/wp-content\/uploads\/2021\/08\/Logo-Compuviper-10.png","contentUrl":"https:\/\/compuviper.mx\/tienda\/wp-content\/uploads\/2021\/08\/Logo-Compuviper-10.png","width":1000,"height":500,"caption":"Compuviper"},"image":{"@id":"https:\/\/compuviper.mx\/tienda\/#\/schema\/logo\/image\/"},"sameAs":["https:\/\/www.facebook.com\/compuviper","https:\/\/www.youtube.com\/channel\/UCf73dERp9Y3cfOq7q8BhLjA?view_as=subscriber"]}]},"product_brand":"Dahua Display","product_price_amount":"36154","product_price_currency":"MXN","og_availability":"backorder","product_availability":"available for order","product_retailer_item_id":"DHI-PHGOA3.91-FC","product_condition":"new"},"_links":{"self":[{"href":"https:\/\/compuviper.mx\/tienda\/wp-json\/wp\/v2\/product\/266244"}],"collection":[{"href":"https:\/\/compuviper.mx\/tienda\/wp-json\/wp\/v2\/product"}],"about":[{"href":"https:\/\/compuviper.mx\/tienda\/wp-json\/wp\/v2\/types\/product"}],"replies":[{"embeddable":true,"href":"https:\/\/compuviper.mx\/tienda\/wp-json\/wp\/v2\/comments?post=266244"}],"wp:attachment":[{"href":"https:\/\/compuviper.mx\/tienda\/wp-json\/wp\/v2\/media?parent=266244"}],"wp:term":[{"taxonomy":"product_cat","embeddable":true,"href":"https:\/\/compuviper.mx\/tienda\/wp-json\/wp\/v2\/product_cat?post=266244"},{"taxonomy":"product_tag","embeddable":true,"href":"https:\/\/compuviper.mx\/tienda\/wp-json\/wp\/v2\/product_tag?post=266244"}],"curies":[{"name":"wp","href":"https:\/\/api.w.org\/{rel}","templated":true}]}}