{"id":266241,"date":"2026-04-14T02:01:34","date_gmt":"2026-04-14T08:01:34","guid":{"rendered":"https:\/\/compuviper.mx\/tienda\/producto\/poly-7s431aaaba7s431aaaba-manos-libres-hp-7s431aaaba-voyager-5200-bluetooth-con-cancelacion-de-ruido-hasta-6-hrs-en-llamada-alcance-de-30-mts-comandos-de-voz-sin-case\/"},"modified":"2026-04-14T02:01:34","modified_gmt":"2026-04-14T08:01:34","slug":"poly-7s431aaaba7s431aaaba-manos-libres-hp-7s431aaaba-voyager-5200-bluetooth-con-cancelacion-de-ruido-hasta-6-hrs-en-llamada-alcance-de-30-mts-comandos-de-voz-sin-case","status":"publish","type":"product","link":"https:\/\/compuviper.mx\/tienda\/producto\/poly-7s431aaaba7s431aaaba-manos-libres-hp-7s431aaaba-voyager-5200-bluetooth-con-cancelacion-de-ruido-hasta-6-hrs-en-llamada-alcance-de-30-mts-comandos-de-voz-sin-case\/","title":{"rendered":"Poly 7s431aa#aba,7s431aa#aba Manos Libres Hp  7s431aaaba Voyager 5200\/ Bluetooth Con Cancelacion De Ruido Hasta 6 Hrs En Llamada Alcance De 30 Mts Comandos De Voz Sin Case"},"content":{"rendered":"<table class=\"descripcion\">\n<tr>\n<td>-puertos e interfaces<\/td>\n<\/tr>\n<tr>\n<td>Tecnolog\u00eda de conectividad: inal\u00e1mbrico<\/td>\n<\/tr>\n<tr>\n<td>Conexi\u00f3n usb: si<\/td>\n<\/tr>\n<tr>\n<td>Conector usb: microusb<\/td>\n<\/tr>\n<tr>\n<td>Bluetooth: si<\/td>\n<\/tr>\n<tr>\n<td>Perfiles de bluetooth: a2dp, hfp, hsf, pbap, ssp2<\/td>\n<\/tr>\n<tr>\n<td>Versi\u00f3n de bluetooth:  5.0<\/td>\n<\/tr>\n<tr>\n<td>Alcance inal\u00e1mbrico: 30 m<\/td>\n<\/tr>\n<tr>\n<td>-auriculares<\/td>\n<\/tr>\n<tr>\n<td>Acoplamiento al o\u00eddo:   intraaural<\/td>\n<\/tr>\n<tr>\n<td>Frecuencia de auricular:  100 &#8211; 20000 hz<\/td>\n<\/tr>\n<tr>\n<td>Sensibilidad de auricular:   90 db<\/td>\n<\/tr>\n<tr>\n<td>Unidad de disco: 1.36 cm<\/td>\n<\/tr>\n<tr>\n<td>-micr\u00f3fono<\/td>\n<\/tr>\n<tr>\n<td>Tipo de micr\u00f3fono: boom<\/td>\n<\/tr>\n<tr>\n<td>Frecuencia de micr\u00f3fono:   100 &#8211; 6800 hz<\/td>\n<\/tr>\n<tr>\n<td>Tipo de direcci\u00f3n de micr\u00f3fono: omnidireccional<\/td>\n<\/tr>\n<tr>\n<td>Micr\u00f3fono plegable: si<\/td>\n<\/tr>\n<tr>\n<td>Micr\u00f3fono mems (sistema micro electro mec\u00e1nico): si<\/td>\n<\/tr>\n<tr>\n<td>Cancelaci\u00f3n del ruido del micr\u00f3fono: si<\/td>\n<\/tr>\n<tr>\n<td>Micr\u00f3fono mudo: si<\/td>\n<\/tr>\n<tr>\n<td>-bater\u00eda<\/td>\n<\/tr>\n<tr>\n<td>Bater\u00eda:    si<\/td>\n<\/tr>\n<tr>\n<td>Tipo de bater\u00eda: bater\u00eda integrada<\/td>\n<\/tr>\n<tr>\n<td>Tecnolog\u00eda de bater\u00eda: pol\u00edmero de litio<\/td>\n<\/tr>\n<tr>\n<td>Tiempo de conversaci\u00f3n: 7 h<\/td>\n<\/tr>\n<tr>\n<td>Tiempo de recarga de la bater\u00eda: 1.6 h<\/td>\n<\/tr>\n<tr>\n<td>Tiempo de reposo:      216 h<\/td>\n<\/tr>\n<\/table>\n","protected":false},"excerpt":{"rendered":"<p>Auricular bluetooth. Claridad en las llamadas, especialmente en exteriores, gracias a nuestra exclusiva tecnolog\u00eda windsmart y una vanguardista anulaci\u00f3n del ruido adaptable.<\/p>\n","protected":false},"featured_media":266242,"comment_status":"open","ping_status":"open","template":"","meta":[],"product_cat":[1552,1816],"product_tag":[2035],"acf":[],"yoast_head":"<!-- This site is optimized with the Yoast SEO plugin v21.7 - https:\/\/yoast.com\/wordpress\/plugins\/seo\/ -->\n<title>[ Poly ] &#129351; 7s431aa#aba,7s431aa#aba Manos Libres Hp 7s431aaaba Voyager 5200\/ Bluetooth Con Cancelacion De Ruido Hasta 6 Hrs En Llamada Alcance De 30 Mts Comandos De Voz Sin Case<\/title>\n<meta name=\"description\" content=\"Compra 7s431aa#aba,7s431aa#aba Manos Libres Hp 7s431aaaba Voyager 5200\/ Bluetooth Con Cancelacion De Ruido Hasta 6 Hrs En Llamada Alcance De 30 Mts Comandos De Voz Sin Case + Env\u00edo a domicilio + Pago seguro + Garant\u00eda\" \/>\n<meta name=\"robots\" content=\"index, follow, max-snippet:-1, max-image-preview:large, max-video-preview:-1\" \/>\n<link rel=\"canonical\" href=\"https:\/\/compuviper.mx\/tienda\/producto\/poly-7s431aaaba7s431aaaba-manos-libres-hp-7s431aaaba-voyager-5200-bluetooth-con-cancelacion-de-ruido-hasta-6-hrs-en-llamada-alcance-de-30-mts-comandos-de-voz-sin-case\/\" \/>\n<meta property=\"og:locale\" content=\"es_MX\" \/>\n<meta property=\"og:type\" content=\"article\" \/>\n<meta property=\"og:title\" content=\"[ Poly ] &#129351; 7s431aa#aba,7s431aa#aba Manos Libres Hp 7s431aaaba Voyager 5200\/ Bluetooth Con Cancelacion De Ruido Hasta 6 Hrs En Llamada Alcance De 30 Mts Comandos De Voz Sin Case\" \/>\n<meta property=\"og:description\" content=\"Compra 7s431aa#aba,7s431aa#aba Manos Libres Hp 7s431aaaba Voyager 5200\/ Bluetooth Con Cancelacion De Ruido Hasta 6 Hrs En Llamada Alcance De 30 Mts Comandos De Voz Sin Case + Env\u00edo a domicilio + Pago seguro + Garant\u00eda\" \/>\n<meta property=\"og:url\" content=\"https:\/\/compuviper.mx\/tienda\/producto\/poly-7s431aaaba7s431aaaba-manos-libres-hp-7s431aaaba-voyager-5200-bluetooth-con-cancelacion-de-ruido-hasta-6-hrs-en-llamada-alcance-de-30-mts-comandos-de-voz-sin-case\/\" \/>\n<meta property=\"og:site_name\" content=\"Compuviper\" \/>\n<meta property=\"article:publisher\" content=\"https:\/\/www.facebook.com\/compuviper\" \/>\n<meta property=\"og:image\" content=\"https:\/\/compuviper.mx\/tienda\/wp-content\/uploads\/2026\/01\/Manos-libres-hp-poly-7s431aaaba-voyager-5200-bluetooth-con-cancelacion-de-ruido-hasta-6-hrs-en-llamada-alcance-de-30-mts-comandos-de-voz-sin-case.jpg\" \/>\n\t<meta property=\"og:image:width\" content=\"200\" \/>\n\t<meta property=\"og:image:height\" content=\"200\" \/>\n\t<meta property=\"og:image:type\" content=\"image\/jpeg\" \/>\n<meta name=\"twitter:card\" content=\"summary_large_image\" \/>\n<meta name=\"twitter:label1\" content=\"Precio\" \/>\n\t<meta name=\"twitter:data1\" content=\"&#36;2,170 &#36;2,061 con IVA\" \/>\n\t<meta name=\"twitter:label2\" content=\"Availability\" \/>\n\t<meta name=\"twitter:data2\" content=\"Out of stock\" \/>\n<script type=\"application\/ld+json\" class=\"yoast-schema-graph\">{\"@context\":\"https:\/\/schema.org\",\"@graph\":[{\"@type\":\"WebPage\",\"@id\":\"https:\/\/compuviper.mx\/tienda\/producto\/poly-7s431aaaba7s431aaaba-manos-libres-hp-7s431aaaba-voyager-5200-bluetooth-con-cancelacion-de-ruido-hasta-6-hrs-en-llamada-alcance-de-30-mts-comandos-de-voz-sin-case\/\",\"url\":\"https:\/\/compuviper.mx\/tienda\/producto\/poly-7s431aaaba7s431aaaba-manos-libres-hp-7s431aaaba-voyager-5200-bluetooth-con-cancelacion-de-ruido-hasta-6-hrs-en-llamada-alcance-de-30-mts-comandos-de-voz-sin-case\/\",\"name\":\"[ Poly ] &#129351; 7s431aa#aba,7s431aa#aba Manos Libres Hp 7s431aaaba Voyager 5200\/ Bluetooth Con Cancelacion De Ruido Hasta 6 Hrs En Llamada Alcance De 30 Mts Comandos De Voz Sin Case\",\"isPartOf\":{\"@id\":\"https:\/\/compuviper.mx\/tienda\/#website\"},\"datePublished\":\"2026-04-14T08:01:34+00:00\",\"dateModified\":\"2026-04-14T08:01:34+00:00\",\"description\":\"Compra 7s431aa#aba,7s431aa#aba Manos Libres Hp 7s431aaaba Voyager 5200\/ Bluetooth Con Cancelacion De Ruido Hasta 6 Hrs En Llamada Alcance De 30 Mts Comandos De Voz Sin Case + Env\u00edo a domicilio + Pago seguro + Garant\u00eda\",\"breadcrumb\":{\"@id\":\"https:\/\/compuviper.mx\/tienda\/producto\/poly-7s431aaaba7s431aaaba-manos-libres-hp-7s431aaaba-voyager-5200-bluetooth-con-cancelacion-de-ruido-hasta-6-hrs-en-llamada-alcance-de-30-mts-comandos-de-voz-sin-case\/#breadcrumb\"},\"inLanguage\":\"es-MX\",\"potentialAction\":[{\"@type\":\"ReadAction\",\"target\":[\"https:\/\/compuviper.mx\/tienda\/producto\/poly-7s431aaaba7s431aaaba-manos-libres-hp-7s431aaaba-voyager-5200-bluetooth-con-cancelacion-de-ruido-hasta-6-hrs-en-llamada-alcance-de-30-mts-comandos-de-voz-sin-case\/\"]}]},{\"@type\":\"BreadcrumbList\",\"@id\":\"https:\/\/compuviper.mx\/tienda\/producto\/poly-7s431aaaba7s431aaaba-manos-libres-hp-7s431aaaba-voyager-5200-bluetooth-con-cancelacion-de-ruido-hasta-6-hrs-en-llamada-alcance-de-30-mts-comandos-de-voz-sin-case\/#breadcrumb\",\"itemListElement\":[{\"@type\":\"ListItem\",\"position\":1,\"name\":\"Inicio\",\"item\":\"https:\/\/compuviper.mx\/tienda\/\"},{\"@type\":\"ListItem\",\"position\":2,\"name\":\"Productos\",\"item\":\"https:\/\/compuviper.mx\/tienda\/productos\/\"},{\"@type\":\"ListItem\",\"position\":3,\"name\":\"Audifonos Y Micro\",\"item\":\"https:\/\/compuviper.mx\/tienda\/categoria-producto\/audifonos-y-micro\/\"},{\"@type\":\"ListItem\",\"position\":4,\"name\":\"Audifono Con Microfono\",\"item\":\"https:\/\/compuviper.mx\/tienda\/categoria-producto\/audifonos-y-micro\/audifono-con-microfono\/\"},{\"@type\":\"ListItem\",\"position\":5,\"name\":\"Poly 7s431aa#aba,7s431aa#aba Manos Libres Hp 7s431aaaba Voyager 5200\/ Bluetooth Con Cancelacion De Ruido Hasta 6 Hrs En Llamada Alcance De 30 Mts Comandos De Voz Sin Case\"}]},{\"@type\":\"WebSite\",\"@id\":\"https:\/\/compuviper.mx\/tienda\/#website\",\"url\":\"https:\/\/compuviper.mx\/tienda\/\",\"name\":\"Compuviper\",\"description\":\"Proveedor de Computadoras, Laptops, Servidores, Monitores, Puntos de Venta, Teclados,   Impresoras, T\u00f3ner, C\u00e1maras de Seguridad y m\u00e1s en tu tienda en l\u00ednea\",\"publisher\":{\"@id\":\"https:\/\/compuviper.mx\/tienda\/#organization\"},\"potentialAction\":[{\"@type\":\"SearchAction\",\"target\":{\"@type\":\"EntryPoint\",\"urlTemplate\":\"https:\/\/compuviper.mx\/tienda\/?s={search_term_string}\"},\"query-input\":\"required name=search_term_string\"}],\"inLanguage\":\"es-MX\"},{\"@type\":\"Organization\",\"@id\":\"https:\/\/compuviper.mx\/tienda\/#organization\",\"name\":\"Compuviper\",\"url\":\"https:\/\/compuviper.mx\/tienda\/\",\"logo\":{\"@type\":\"ImageObject\",\"inLanguage\":\"es-MX\",\"@id\":\"https:\/\/compuviper.mx\/tienda\/#\/schema\/logo\/image\/\",\"url\":\"https:\/\/compuviper.mx\/tienda\/wp-content\/uploads\/2021\/08\/Logo-Compuviper-10.png\",\"contentUrl\":\"https:\/\/compuviper.mx\/tienda\/wp-content\/uploads\/2021\/08\/Logo-Compuviper-10.png\",\"width\":1000,\"height\":500,\"caption\":\"Compuviper\"},\"image\":{\"@id\":\"https:\/\/compuviper.mx\/tienda\/#\/schema\/logo\/image\/\"},\"sameAs\":[\"https:\/\/www.facebook.com\/compuviper\",\"https:\/\/www.youtube.com\/channel\/UCf73dERp9Y3cfOq7q8BhLjA?view_as=subscriber\"]}]}<\/script>\n<meta property=\"product:brand\" content=\"POLY\" \/>\n<meta property=\"product:price:amount\" content=\"2061\" \/>\n<meta property=\"product:price:currency\" content=\"MXN\" \/>\n<meta property=\"og:availability\" content=\"out of stock\" \/>\n<meta property=\"product:availability\" content=\"out of stock\" \/>\n<meta property=\"product:retailer_item_id\" content=\"7S431AA#ABA,7S431AA#ABA\" \/>\n<meta property=\"product:condition\" content=\"new\" \/>\n<!-- \/ Yoast SEO plugin. -->","yoast_head_json":{"title":"[ Poly ] &#129351; 7s431aa#aba,7s431aa#aba Manos Libres Hp 7s431aaaba Voyager 5200\/ Bluetooth Con Cancelacion De Ruido Hasta 6 Hrs En Llamada Alcance De 30 Mts Comandos De Voz Sin Case","description":"Compra 7s431aa#aba,7s431aa#aba Manos Libres Hp 7s431aaaba Voyager 5200\/ Bluetooth Con Cancelacion De Ruido Hasta 6 Hrs En Llamada Alcance De 30 Mts Comandos De Voz Sin Case + Env\u00edo a domicilio + Pago seguro + Garant\u00eda","robots":{"index":"index","follow":"follow","max-snippet":"max-snippet:-1","max-image-preview":"max-image-preview:large","max-video-preview":"max-video-preview:-1"},"canonical":"https:\/\/compuviper.mx\/tienda\/producto\/poly-7s431aaaba7s431aaaba-manos-libres-hp-7s431aaaba-voyager-5200-bluetooth-con-cancelacion-de-ruido-hasta-6-hrs-en-llamada-alcance-de-30-mts-comandos-de-voz-sin-case\/","og_locale":"es_MX","og_type":"article","og_title":"[ Poly ] &#129351; 7s431aa#aba,7s431aa#aba Manos Libres Hp 7s431aaaba Voyager 5200\/ Bluetooth Con Cancelacion De Ruido Hasta 6 Hrs En Llamada Alcance De 30 Mts Comandos De Voz Sin Case","og_description":"Compra 7s431aa#aba,7s431aa#aba Manos Libres Hp 7s431aaaba Voyager 5200\/ Bluetooth Con Cancelacion De Ruido Hasta 6 Hrs En Llamada Alcance De 30 Mts Comandos De Voz Sin Case + Env\u00edo a domicilio + Pago seguro + Garant\u00eda","og_url":"https:\/\/compuviper.mx\/tienda\/producto\/poly-7s431aaaba7s431aaaba-manos-libres-hp-7s431aaaba-voyager-5200-bluetooth-con-cancelacion-de-ruido-hasta-6-hrs-en-llamada-alcance-de-30-mts-comandos-de-voz-sin-case\/","og_site_name":"Compuviper","article_publisher":"https:\/\/www.facebook.com\/compuviper","og_image":[{"width":200,"height":200,"url":"https:\/\/compuviper.mx\/tienda\/wp-content\/uploads\/2026\/01\/Manos-libres-hp-poly-7s431aaaba-voyager-5200-bluetooth-con-cancelacion-de-ruido-hasta-6-hrs-en-llamada-alcance-de-30-mts-comandos-de-voz-sin-case.jpg","type":"image\/jpeg"}],"twitter_card":"summary_large_image","twitter_misc":{"Precio":"&#36;2,170 &#36;2,061 con IVA","Availability":"Out of stock"},"schema":{"@context":"https:\/\/schema.org","@graph":[{"@type":"WebPage","@id":"https:\/\/compuviper.mx\/tienda\/producto\/poly-7s431aaaba7s431aaaba-manos-libres-hp-7s431aaaba-voyager-5200-bluetooth-con-cancelacion-de-ruido-hasta-6-hrs-en-llamada-alcance-de-30-mts-comandos-de-voz-sin-case\/","url":"https:\/\/compuviper.mx\/tienda\/producto\/poly-7s431aaaba7s431aaaba-manos-libres-hp-7s431aaaba-voyager-5200-bluetooth-con-cancelacion-de-ruido-hasta-6-hrs-en-llamada-alcance-de-30-mts-comandos-de-voz-sin-case\/","name":"[ Poly ] &#129351; 7s431aa#aba,7s431aa#aba Manos Libres Hp 7s431aaaba Voyager 5200\/ Bluetooth Con Cancelacion De Ruido Hasta 6 Hrs En Llamada Alcance De 30 Mts Comandos De Voz Sin Case","isPartOf":{"@id":"https:\/\/compuviper.mx\/tienda\/#website"},"datePublished":"2026-04-14T08:01:34+00:00","dateModified":"2026-04-14T08:01:34+00:00","description":"Compra 7s431aa#aba,7s431aa#aba Manos Libres Hp 7s431aaaba Voyager 5200\/ Bluetooth Con Cancelacion De Ruido Hasta 6 Hrs En Llamada Alcance De 30 Mts Comandos De Voz Sin Case + Env\u00edo a domicilio + Pago seguro + Garant\u00eda","breadcrumb":{"@id":"https:\/\/compuviper.mx\/tienda\/producto\/poly-7s431aaaba7s431aaaba-manos-libres-hp-7s431aaaba-voyager-5200-bluetooth-con-cancelacion-de-ruido-hasta-6-hrs-en-llamada-alcance-de-30-mts-comandos-de-voz-sin-case\/#breadcrumb"},"inLanguage":"es-MX","potentialAction":[{"@type":"ReadAction","target":["https:\/\/compuviper.mx\/tienda\/producto\/poly-7s431aaaba7s431aaaba-manos-libres-hp-7s431aaaba-voyager-5200-bluetooth-con-cancelacion-de-ruido-hasta-6-hrs-en-llamada-alcance-de-30-mts-comandos-de-voz-sin-case\/"]}]},{"@type":"BreadcrumbList","@id":"https:\/\/compuviper.mx\/tienda\/producto\/poly-7s431aaaba7s431aaaba-manos-libres-hp-7s431aaaba-voyager-5200-bluetooth-con-cancelacion-de-ruido-hasta-6-hrs-en-llamada-alcance-de-30-mts-comandos-de-voz-sin-case\/#breadcrumb","itemListElement":[{"@type":"ListItem","position":1,"name":"Inicio","item":"https:\/\/compuviper.mx\/tienda\/"},{"@type":"ListItem","position":2,"name":"Productos","item":"https:\/\/compuviper.mx\/tienda\/productos\/"},{"@type":"ListItem","position":3,"name":"Audifonos Y Micro","item":"https:\/\/compuviper.mx\/tienda\/categoria-producto\/audifonos-y-micro\/"},{"@type":"ListItem","position":4,"name":"Audifono Con Microfono","item":"https:\/\/compuviper.mx\/tienda\/categoria-producto\/audifonos-y-micro\/audifono-con-microfono\/"},{"@type":"ListItem","position":5,"name":"Poly 7s431aa#aba,7s431aa#aba Manos Libres Hp 7s431aaaba Voyager 5200\/ Bluetooth Con Cancelacion De Ruido Hasta 6 Hrs En Llamada Alcance De 30 Mts Comandos De Voz Sin Case"}]},{"@type":"WebSite","@id":"https:\/\/compuviper.mx\/tienda\/#website","url":"https:\/\/compuviper.mx\/tienda\/","name":"Compuviper","description":"Proveedor de Computadoras, Laptops, Servidores, Monitores, Puntos de Venta, Teclados,   Impresoras, T\u00f3ner, C\u00e1maras de Seguridad y m\u00e1s en tu tienda en l\u00ednea","publisher":{"@id":"https:\/\/compuviper.mx\/tienda\/#organization"},"potentialAction":[{"@type":"SearchAction","target":{"@type":"EntryPoint","urlTemplate":"https:\/\/compuviper.mx\/tienda\/?s={search_term_string}"},"query-input":"required name=search_term_string"}],"inLanguage":"es-MX"},{"@type":"Organization","@id":"https:\/\/compuviper.mx\/tienda\/#organization","name":"Compuviper","url":"https:\/\/compuviper.mx\/tienda\/","logo":{"@type":"ImageObject","inLanguage":"es-MX","@id":"https:\/\/compuviper.mx\/tienda\/#\/schema\/logo\/image\/","url":"https:\/\/compuviper.mx\/tienda\/wp-content\/uploads\/2021\/08\/Logo-Compuviper-10.png","contentUrl":"https:\/\/compuviper.mx\/tienda\/wp-content\/uploads\/2021\/08\/Logo-Compuviper-10.png","width":1000,"height":500,"caption":"Compuviper"},"image":{"@id":"https:\/\/compuviper.mx\/tienda\/#\/schema\/logo\/image\/"},"sameAs":["https:\/\/www.facebook.com\/compuviper","https:\/\/www.youtube.com\/channel\/UCf73dERp9Y3cfOq7q8BhLjA?view_as=subscriber"]}]},"product_brand":"POLY","product_price_amount":"2061","product_price_currency":"MXN","og_availability":"out of stock","product_availability":"out of stock","product_retailer_item_id":"7S431AA#ABA,7S431AA#ABA","product_condition":"new"},"_links":{"self":[{"href":"https:\/\/compuviper.mx\/tienda\/wp-json\/wp\/v2\/product\/266241"}],"collection":[{"href":"https:\/\/compuviper.mx\/tienda\/wp-json\/wp\/v2\/product"}],"about":[{"href":"https:\/\/compuviper.mx\/tienda\/wp-json\/wp\/v2\/types\/product"}],"replies":[{"embeddable":true,"href":"https:\/\/compuviper.mx\/tienda\/wp-json\/wp\/v2\/comments?post=266241"}],"wp:featuredmedia":[{"embeddable":true,"href":"https:\/\/compuviper.mx\/tienda\/wp-json\/wp\/v2\/media\/266242"}],"wp:attachment":[{"href":"https:\/\/compuviper.mx\/tienda\/wp-json\/wp\/v2\/media?parent=266241"}],"wp:term":[{"taxonomy":"product_cat","embeddable":true,"href":"https:\/\/compuviper.mx\/tienda\/wp-json\/wp\/v2\/product_cat?post=266241"},{"taxonomy":"product_tag","embeddable":true,"href":"https:\/\/compuviper.mx\/tienda\/wp-json\/wp\/v2\/product_tag?post=266241"}],"curies":[{"name":"wp","href":"https:\/\/api.w.org\/{rel}","templated":true}]}}