{"id":266226,"date":"2026-04-02T23:19:28","date_gmt":"2026-04-03T05:19:28","guid":{"rendered":"https:\/\/compuviper.mx\/tienda\/producto\/adata-auv250-32g-rbk-memoria-32gb-usb-2-0-uv250-metalica\/"},"modified":"2026-04-03T00:00:38","modified_gmt":"2026-04-03T06:00:38","slug":"adata-auv250-32g-rbk-memoria-32gb-usb-2-0-uv250-metalica","status":"publish","type":"product","link":"https:\/\/compuviper.mx\/tienda\/producto\/adata-auv250-32g-rbk-memoria-32gb-usb-2-0-uv250-metalica\/","title":{"rendered":"Adata Auv250-32g-rbk Memoria  32gb Usb 2.0 Uv250 Metalica ()"},"content":{"rendered":"<table class=\"descripcion\">\n<tr>\n<td>Capacidad: 32gb<\/td>\n<\/tr>\n<tr>\n<td>Interfaz: usb 2.0<\/td>\n<\/tr>\n<tr>\n<td>Compatible con: windows xp, vista, 7,8,8.1,10.<\/td>\n<\/tr>\n<tr>\n<td>Mac os x 10.6 o posteriores.<\/td>\n<\/tr>\n<tr>\n<td>Linux kernel 2.6 o posteriores<\/td>\n<\/tr>\n<tr>\n<td>Caracter\u00edsticas:compatibilidad pr\u00e1cticamente universal con:<\/td>\n<\/tr>\n<tr>\n<td>Pc, tabletas, tv inteligentes, sistemas para veh\u00edculos, consolas de videojuegos, sistemas de entretenimiento en casa y mucho mas.<\/td>\n<\/tr>\n<tr>\n<td>Garant\u00eda: 5 a\u00f1os<\/td>\n<\/tr>\n<\/table>\n","protected":false},"excerpt":{"rendered":"<p>La carcasa met\u00e1lica brillante de su uv250 y el orificio del cord\u00f3n negro ofrecen una discreta sensacion de sofisticacion que combina perfectamente con su estilo de vida movil. La lista de dispositivos compatibles con la unidad llega tan lejos como pueda imaginar, pc, tabletas, tv inteligentes, sistemas para veh\u00edculos, consolas de videojuegos, sistemas de entretenimiento en casa y mucho mas.<\/p>\n","protected":false},"featured_media":266227,"comment_status":"open","ping_status":"open","template":"","meta":[],"product_cat":[1796,1793],"product_tag":[1539],"acf":[],"yoast_head":"<!-- This site is optimized with the Yoast SEO plugin v21.7 - https:\/\/yoast.com\/wordpress\/plugins\/seo\/ -->\n<title>[ Adata ] &#129351; Auv250-32g-rbk Memoria 32gb Usb 2.0 Uv250 Metalica ()<\/title>\n<meta name=\"description\" content=\"Compra Auv250-32g-rbk Memoria 32gb Usb 2.0 Uv250 Metalica () + Env\u00edo a domicilio + Pago seguro + Garant\u00eda\" \/>\n<meta name=\"robots\" content=\"index, follow, max-snippet:-1, max-image-preview:large, max-video-preview:-1\" \/>\n<link rel=\"canonical\" href=\"https:\/\/compuviper.mx\/tienda\/producto\/adata-auv250-32g-rbk-memoria-32gb-usb-2-0-uv250-metalica\/\" \/>\n<meta property=\"og:locale\" content=\"es_MX\" \/>\n<meta property=\"og:type\" content=\"article\" \/>\n<meta property=\"og:title\" content=\"[ Adata ] &#129351; Auv250-32g-rbk Memoria 32gb Usb 2.0 Uv250 Metalica ()\" \/>\n<meta property=\"og:description\" content=\"Compra Auv250-32g-rbk Memoria 32gb Usb 2.0 Uv250 Metalica () + Env\u00edo a domicilio + Pago seguro + Garant\u00eda\" \/>\n<meta property=\"og:url\" content=\"https:\/\/compuviper.mx\/tienda\/producto\/adata-auv250-32g-rbk-memoria-32gb-usb-2-0-uv250-metalica\/\" \/>\n<meta property=\"og:site_name\" content=\"Compuviper\" \/>\n<meta property=\"article:publisher\" content=\"https:\/\/www.facebook.com\/compuviper\" \/>\n<meta property=\"article:modified_time\" content=\"2026-04-03T06:00:38+00:00\" \/>\n<meta property=\"og:image\" content=\"https:\/\/compuviper.mx\/tienda\/wp-content\/uploads\/2026\/01\/Memoria-adata-32gb-usb-2.0-uv250-metalica-auv250-32g-rbk.jpg\" \/>\n\t<meta property=\"og:image:width\" content=\"200\" \/>\n\t<meta property=\"og:image:height\" content=\"200\" \/>\n\t<meta property=\"og:image:type\" content=\"image\/jpeg\" \/>\n<meta name=\"twitter:card\" content=\"summary_large_image\" \/>\n<meta name=\"twitter:label1\" content=\"Precio\" \/>\n\t<meta name=\"twitter:data1\" content=\"&#36;89 con IVA\" \/>\n\t<meta name=\"twitter:label2\" content=\"Availability\" \/>\n\t<meta name=\"twitter:data2\" content=\"In stock\" \/>\n<script type=\"application\/ld+json\" class=\"yoast-schema-graph\">{\"@context\":\"https:\/\/schema.org\",\"@graph\":[{\"@type\":\"WebPage\",\"@id\":\"https:\/\/compuviper.mx\/tienda\/producto\/adata-auv250-32g-rbk-memoria-32gb-usb-2-0-uv250-metalica\/\",\"url\":\"https:\/\/compuviper.mx\/tienda\/producto\/adata-auv250-32g-rbk-memoria-32gb-usb-2-0-uv250-metalica\/\",\"name\":\"[ Adata ] &#129351; Auv250-32g-rbk Memoria 32gb Usb 2.0 Uv250 Metalica ()\",\"isPartOf\":{\"@id\":\"https:\/\/compuviper.mx\/tienda\/#website\"},\"datePublished\":\"2026-04-03T05:19:28+00:00\",\"dateModified\":\"2026-04-03T06:00:38+00:00\",\"description\":\"Compra Auv250-32g-rbk Memoria 32gb Usb 2.0 Uv250 Metalica () + Env\u00edo a domicilio + Pago seguro + Garant\u00eda\",\"breadcrumb\":{\"@id\":\"https:\/\/compuviper.mx\/tienda\/producto\/adata-auv250-32g-rbk-memoria-32gb-usb-2-0-uv250-metalica\/#breadcrumb\"},\"inLanguage\":\"es-MX\",\"potentialAction\":[{\"@type\":\"ReadAction\",\"target\":[\"https:\/\/compuviper.mx\/tienda\/producto\/adata-auv250-32g-rbk-memoria-32gb-usb-2-0-uv250-metalica\/\"]}]},{\"@type\":\"BreadcrumbList\",\"@id\":\"https:\/\/compuviper.mx\/tienda\/producto\/adata-auv250-32g-rbk-memoria-32gb-usb-2-0-uv250-metalica\/#breadcrumb\",\"itemListElement\":[{\"@type\":\"ListItem\",\"position\":1,\"name\":\"Inicio\",\"item\":\"https:\/\/compuviper.mx\/tienda\/\"},{\"@type\":\"ListItem\",\"position\":2,\"name\":\"Productos\",\"item\":\"https:\/\/compuviper.mx\/tienda\/productos\/\"},{\"@type\":\"ListItem\",\"position\":3,\"name\":\"Memorias\",\"item\":\"https:\/\/compuviper.mx\/tienda\/categoria-producto\/memorias\/\"},{\"@type\":\"ListItem\",\"position\":4,\"name\":\"Memoria Flash Usb\",\"item\":\"https:\/\/compuviper.mx\/tienda\/categoria-producto\/memorias\/memoria-flash-usb\/\"},{\"@type\":\"ListItem\",\"position\":5,\"name\":\"Adata Auv250-32g-rbk Memoria 32gb Usb 2.0 Uv250 Metalica ()\"}]},{\"@type\":\"WebSite\",\"@id\":\"https:\/\/compuviper.mx\/tienda\/#website\",\"url\":\"https:\/\/compuviper.mx\/tienda\/\",\"name\":\"Compuviper\",\"description\":\"Proveedor de Computadoras, Laptops, Servidores, Monitores, Puntos de Venta, Teclados,   Impresoras, T\u00f3ner, C\u00e1maras de Seguridad y m\u00e1s en tu tienda en l\u00ednea\",\"publisher\":{\"@id\":\"https:\/\/compuviper.mx\/tienda\/#organization\"},\"potentialAction\":[{\"@type\":\"SearchAction\",\"target\":{\"@type\":\"EntryPoint\",\"urlTemplate\":\"https:\/\/compuviper.mx\/tienda\/?s={search_term_string}\"},\"query-input\":\"required name=search_term_string\"}],\"inLanguage\":\"es-MX\"},{\"@type\":\"Organization\",\"@id\":\"https:\/\/compuviper.mx\/tienda\/#organization\",\"name\":\"Compuviper\",\"url\":\"https:\/\/compuviper.mx\/tienda\/\",\"logo\":{\"@type\":\"ImageObject\",\"inLanguage\":\"es-MX\",\"@id\":\"https:\/\/compuviper.mx\/tienda\/#\/schema\/logo\/image\/\",\"url\":\"https:\/\/compuviper.mx\/tienda\/wp-content\/uploads\/2021\/08\/Logo-Compuviper-10.png\",\"contentUrl\":\"https:\/\/compuviper.mx\/tienda\/wp-content\/uploads\/2021\/08\/Logo-Compuviper-10.png\",\"width\":1000,\"height\":500,\"caption\":\"Compuviper\"},\"image\":{\"@id\":\"https:\/\/compuviper.mx\/tienda\/#\/schema\/logo\/image\/\"},\"sameAs\":[\"https:\/\/www.facebook.com\/compuviper\",\"https:\/\/www.youtube.com\/channel\/UCf73dERp9Y3cfOq7q8BhLjA?view_as=subscriber\"]}]}<\/script>\n<meta property=\"product:brand\" content=\"ADATA\" \/>\n<meta property=\"product:price:amount\" content=\"89\" \/>\n<meta property=\"product:price:currency\" content=\"MXN\" \/>\n<meta property=\"og:availability\" content=\"instock\" \/>\n<meta property=\"product:availability\" content=\"instock\" \/>\n<meta property=\"product:retailer_item_id\" content=\"AUV250-32G-RBK\" \/>\n<meta property=\"product:condition\" content=\"new\" \/>\n<!-- \/ Yoast SEO plugin. -->","yoast_head_json":{"title":"[ Adata ] &#129351; Auv250-32g-rbk Memoria 32gb Usb 2.0 Uv250 Metalica ()","description":"Compra Auv250-32g-rbk Memoria 32gb Usb 2.0 Uv250 Metalica () + Env\u00edo a domicilio + Pago seguro + Garant\u00eda","robots":{"index":"index","follow":"follow","max-snippet":"max-snippet:-1","max-image-preview":"max-image-preview:large","max-video-preview":"max-video-preview:-1"},"canonical":"https:\/\/compuviper.mx\/tienda\/producto\/adata-auv250-32g-rbk-memoria-32gb-usb-2-0-uv250-metalica\/","og_locale":"es_MX","og_type":"article","og_title":"[ Adata ] &#129351; Auv250-32g-rbk Memoria 32gb Usb 2.0 Uv250 Metalica ()","og_description":"Compra Auv250-32g-rbk Memoria 32gb Usb 2.0 Uv250 Metalica () + Env\u00edo a domicilio + Pago seguro + Garant\u00eda","og_url":"https:\/\/compuviper.mx\/tienda\/producto\/adata-auv250-32g-rbk-memoria-32gb-usb-2-0-uv250-metalica\/","og_site_name":"Compuviper","article_publisher":"https:\/\/www.facebook.com\/compuviper","article_modified_time":"2026-04-03T06:00:38+00:00","og_image":[{"width":200,"height":200,"url":"https:\/\/compuviper.mx\/tienda\/wp-content\/uploads\/2026\/01\/Memoria-adata-32gb-usb-2.0-uv250-metalica-auv250-32g-rbk.jpg","type":"image\/jpeg"}],"twitter_card":"summary_large_image","twitter_misc":{"Precio":"&#36;89 con IVA","Availability":"In stock"},"schema":{"@context":"https:\/\/schema.org","@graph":[{"@type":"WebPage","@id":"https:\/\/compuviper.mx\/tienda\/producto\/adata-auv250-32g-rbk-memoria-32gb-usb-2-0-uv250-metalica\/","url":"https:\/\/compuviper.mx\/tienda\/producto\/adata-auv250-32g-rbk-memoria-32gb-usb-2-0-uv250-metalica\/","name":"[ Adata ] &#129351; Auv250-32g-rbk Memoria 32gb Usb 2.0 Uv250 Metalica ()","isPartOf":{"@id":"https:\/\/compuviper.mx\/tienda\/#website"},"datePublished":"2026-04-03T05:19:28+00:00","dateModified":"2026-04-03T06:00:38+00:00","description":"Compra Auv250-32g-rbk Memoria 32gb Usb 2.0 Uv250 Metalica () + Env\u00edo a domicilio + Pago seguro + Garant\u00eda","breadcrumb":{"@id":"https:\/\/compuviper.mx\/tienda\/producto\/adata-auv250-32g-rbk-memoria-32gb-usb-2-0-uv250-metalica\/#breadcrumb"},"inLanguage":"es-MX","potentialAction":[{"@type":"ReadAction","target":["https:\/\/compuviper.mx\/tienda\/producto\/adata-auv250-32g-rbk-memoria-32gb-usb-2-0-uv250-metalica\/"]}]},{"@type":"BreadcrumbList","@id":"https:\/\/compuviper.mx\/tienda\/producto\/adata-auv250-32g-rbk-memoria-32gb-usb-2-0-uv250-metalica\/#breadcrumb","itemListElement":[{"@type":"ListItem","position":1,"name":"Inicio","item":"https:\/\/compuviper.mx\/tienda\/"},{"@type":"ListItem","position":2,"name":"Productos","item":"https:\/\/compuviper.mx\/tienda\/productos\/"},{"@type":"ListItem","position":3,"name":"Memorias","item":"https:\/\/compuviper.mx\/tienda\/categoria-producto\/memorias\/"},{"@type":"ListItem","position":4,"name":"Memoria Flash Usb","item":"https:\/\/compuviper.mx\/tienda\/categoria-producto\/memorias\/memoria-flash-usb\/"},{"@type":"ListItem","position":5,"name":"Adata Auv250-32g-rbk Memoria 32gb Usb 2.0 Uv250 Metalica ()"}]},{"@type":"WebSite","@id":"https:\/\/compuviper.mx\/tienda\/#website","url":"https:\/\/compuviper.mx\/tienda\/","name":"Compuviper","description":"Proveedor de Computadoras, Laptops, Servidores, Monitores, Puntos de Venta, Teclados,   Impresoras, T\u00f3ner, C\u00e1maras de Seguridad y m\u00e1s en tu tienda en l\u00ednea","publisher":{"@id":"https:\/\/compuviper.mx\/tienda\/#organization"},"potentialAction":[{"@type":"SearchAction","target":{"@type":"EntryPoint","urlTemplate":"https:\/\/compuviper.mx\/tienda\/?s={search_term_string}"},"query-input":"required name=search_term_string"}],"inLanguage":"es-MX"},{"@type":"Organization","@id":"https:\/\/compuviper.mx\/tienda\/#organization","name":"Compuviper","url":"https:\/\/compuviper.mx\/tienda\/","logo":{"@type":"ImageObject","inLanguage":"es-MX","@id":"https:\/\/compuviper.mx\/tienda\/#\/schema\/logo\/image\/","url":"https:\/\/compuviper.mx\/tienda\/wp-content\/uploads\/2021\/08\/Logo-Compuviper-10.png","contentUrl":"https:\/\/compuviper.mx\/tienda\/wp-content\/uploads\/2021\/08\/Logo-Compuviper-10.png","width":1000,"height":500,"caption":"Compuviper"},"image":{"@id":"https:\/\/compuviper.mx\/tienda\/#\/schema\/logo\/image\/"},"sameAs":["https:\/\/www.facebook.com\/compuviper","https:\/\/www.youtube.com\/channel\/UCf73dERp9Y3cfOq7q8BhLjA?view_as=subscriber"]}]},"product_brand":"ADATA","product_price_amount":"89","product_price_currency":"MXN","og_availability":"instock","product_availability":"instock","product_retailer_item_id":"AUV250-32G-RBK","product_condition":"new"},"_links":{"self":[{"href":"https:\/\/compuviper.mx\/tienda\/wp-json\/wp\/v2\/product\/266226"}],"collection":[{"href":"https:\/\/compuviper.mx\/tienda\/wp-json\/wp\/v2\/product"}],"about":[{"href":"https:\/\/compuviper.mx\/tienda\/wp-json\/wp\/v2\/types\/product"}],"replies":[{"embeddable":true,"href":"https:\/\/compuviper.mx\/tienda\/wp-json\/wp\/v2\/comments?post=266226"}],"wp:featuredmedia":[{"embeddable":true,"href":"https:\/\/compuviper.mx\/tienda\/wp-json\/wp\/v2\/media\/266227"}],"wp:attachment":[{"href":"https:\/\/compuviper.mx\/tienda\/wp-json\/wp\/v2\/media?parent=266226"}],"wp:term":[{"taxonomy":"product_cat","embeddable":true,"href":"https:\/\/compuviper.mx\/tienda\/wp-json\/wp\/v2\/product_cat?post=266226"},{"taxonomy":"product_tag","embeddable":true,"href":"https:\/\/compuviper.mx\/tienda\/wp-json\/wp\/v2\/product_tag?post=266226"}],"curies":[{"name":"wp","href":"https:\/\/api.w.org\/{rel}","templated":true}]}}