{"id":266215,"date":"2026-04-25T01:13:28","date_gmt":"2026-04-25T07:13:28","guid":{"rendered":"https:\/\/compuviper.mx\/tienda\/producto\/lenovo-83s00005lm-laptop-idea-gaming-loq-15arp10e-ryzen-7-7735hs-4-75ghz-16gb-ddr5-512gb-ssd-rtx-4050-6gb-15-6-fhd-1920x1080-luna-grey-win-11-home-1yr-cs-2\/"},"modified":"2026-04-25T01:13:29","modified_gmt":"2026-04-25T07:13:29","slug":"lenovo-83s00005lm-laptop-idea-gaming-loq-15arp10e-ryzen-7-7735hs-4-75ghz-16gb-ddr5-512gb-ssd-rtx-4050-6gb-15-6-fhd-1920x1080-luna-grey-win-11-home-1yr-cs","status":"publish","type":"product","link":"https:\/\/compuviper.mx\/tienda\/producto\/lenovo-83s00005lm-laptop-idea-gaming-loq-15arp10e-ryzen-7-7735hs-4-75ghz-16gb-ddr5-512gb-ssd-rtx-4050-6gb-15-6-fhd-1920x1080-luna-grey-win-11-home-1yr-cs\/","title":{"rendered":"Lenovo 83s00005lm Laptop  Idea Gaming Loq 15arp10e \/ Ryzen 7 7735hs 4.75ghz \/ 16gb Ddr5 \/ 512gb Ssd \/ Rtx 4050 6gb \/ 15.6 Fhd 1920&#215;1080 \/ Luna Grey \/ Win 11 Home \/ 1yr Cs"},"content":{"rendered":"<table class=\"descripcion\">\n<tr>\n<td>83s00005lm<\/td>\n<\/tr>\n<tr>\n<td>Desempe\u00f1o<\/td>\n<\/tr>\n<tr>\n<td>Procesador: amd ryzen 7 7735hs (8c\/16t, 3,2\/4,75 ghz, 4 mb l2\/16 mb l3)<\/td>\n<\/tr>\n<tr>\n<td>Gr\u00e1ficos: nvidia geforce rtx 4050 6 gb gddr6, reloj boost de 1605 mhz, tgp de 65 w, 194 ia tops<\/td>\n<\/tr>\n<tr>\n<td>Chipset: plataforma soc amd<\/td>\n<\/tr>\n<tr>\n<td>Memoria: 1x 16 gb sodimm ddr5-4800<\/td>\n<\/tr>\n<tr>\n<td>Ranuras de memorias: dos ranuras sodimm ddr5 con capacidad de doble canal<\/td>\n<\/tr>\n<tr>\n<td>Memoria m\u00e1xima: hasta 16 gb ddr5-4800<\/td>\n<\/tr>\n<tr>\n<td>Almacenamiento ssd: de 512 gb m.2 2242 pcie 4.0&#215;4 nvme<\/td>\n<\/tr>\n<tr>\n<td>Ranura de almacenamiento: dos ranuras m.2 2242 pcie 4.0 x4<\/td>\n<\/tr>\n<tr>\n<td>Soporte de almacenamiento m\u00e1ximo: hasta dos unidades, 2 ssd m.2 \u0095 ssd m.2 de hasta 1 tb cada uno<\/td>\n<\/tr>\n<tr>\n<td>\u00f3ptico : ninguno<\/td>\n<\/tr>\n<tr>\n<td>Lector de tarjetas: lector de tarjetas 3 en 1<\/td>\n<\/tr>\n<tr>\n<td>Chip de audio: audio de alta definici\u00f3n (hd), c\u00f3dec realtek\u00ae alc3287<\/td>\n<\/tr>\n<tr>\n<td>Bocinas: altavoces est\u00e9reo, 2 w x2, optimizados con nahimic audio<\/td>\n<\/tr>\n<tr>\n<td>Micr\u00f3fono: 2x, array<\/td>\n<\/tr>\n<tr>\n<td>C\u00e1mara: hd 720p con obturador de privacidad<\/td>\n<\/tr>\n<tr>\n<td>Bater\u00eda: 57,5 wh<\/td>\n<\/tr>\n<tr>\n<td>Adaptador de corriente: punta delgada de 135 w (3 pines)<\/td>\n<\/tr>\n<tr>\n<td>Caracter\u00edsticas especiales: chip de ia: la1<\/td>\n<\/tr>\n<tr>\n<td>Dise\u00f1o<\/td>\n<\/tr>\n<tr>\n<td>Display: pantalla fhd de 15,6 (1920 x 1080) ips de 300 nits antirreflejo, 100 % srgb, 144 hz, freesync<\/td>\n<\/tr>\n<tr>\n<td>Pantalla t\u00e1ctil: ninguno<\/td>\n<\/tr>\n<tr>\n<td>Relaci\u00f3n pantalla-cuerpo:  88% aar (\u00edndice de \u00e1rea activa)<\/td>\n<\/tr>\n<tr>\n<td>Calibraci\u00f3n de color: ninguno<\/td>\n<\/tr>\n<tr>\n<td>Bol\u00edgrafo: l\u00e1piz no compatible<\/td>\n<\/tr>\n<tr>\n<td>Teclado: retroiluminaci\u00f3n blanca, espa\u00f1ol (la)<\/td>\n<\/tr>\n<tr>\n<td>Panel t\u00e1ctil: panel t\u00e1ctil multit\u00e1ctil con superficie mylar\u00ae sin botones, compatible con precision touchpad (ptp), 69 x 104 mm (2,72 x 4,09 pulgadas)<\/td>\n<\/tr>\n<tr>\n<td>Dimensiones (an x pr x al): 359,2 x 236 x 19,9-22,95 mm (14,14 x 9,29 x 0,78-0,90 pulgadas)<\/td>\n<\/tr>\n<tr>\n<td>Peso: a partir de 1,8 kg (3,97 lbs)<\/td>\n<\/tr>\n<tr>\n<td>Color: luna grey<\/td>\n<\/tr>\n<tr>\n<td>Material equipo: pc-abs (arriba), pc-abs (abajo)<\/td>\n<\/tr>\n<tr>\n<td>Tratamiento de superficies: imr (decoraci\u00f3n en molde con rodillo)<\/td>\n<\/tr>\n<tr>\n<td>Software<\/td>\n<\/tr>\n<tr>\n<td>Sistema operativo: windows 11 home en un solo idioma, espa\u00f1ol<\/td>\n<\/tr>\n<tr>\n<td>Software incluido: office trial<\/td>\n<\/tr>\n<tr>\n<td>Conectividad<\/td>\n<\/tr>\n<tr>\n<td>Wlan + bluetooth: wi-fi 6, 802.11ax 2&#215;2 + bt5.2<\/td>\n<\/tr>\n<tr>\n<td>Red de \u00e1rea amplia (wwan) : wwan no compatible<\/td>\n<\/tr>\n<tr>\n<td>Ethernet: 100\/1000m (rj-45)<\/td>\n<\/tr>\n<tr>\n<td>Puertos est\u00e1ndar:<\/td>\n<\/tr>\n<tr>\n<td>2 puertos usb-a (usb 5 gbps\/usb 3.2 gen 1)<\/td>\n<\/tr>\n<tr>\n<td>1x usb-c\u00ae (usb 5 gbps \/ usb 3.2 gen 1), con pd 3.0<\/td>\n<\/tr>\n<tr>\n<td>1x hdmi\u00ae 2.1, hasta 8k\/60hz<\/td>\n<\/tr>\n<tr>\n<td>1 conector combinado para auriculares y micr\u00f3fono (3,5 mm)<\/td>\n<\/tr>\n<tr>\n<td>1x ethernet (rj-45)<\/td>\n<\/tr>\n<tr>\n<td>1x lector de tarjetas<\/td>\n<\/tr>\n<tr>\n<td>1 conector de alimentaci\u00f3n de punta delgada<\/td>\n<\/tr>\n<tr>\n<td>Seguridad y privacidad<\/td>\n<\/tr>\n<tr>\n<td>Chip de seguridad: microsoft pluton tpm 2.0 habilitado<\/td>\n<\/tr>\n<tr>\n<td>Lector de huellas dactilares: ninguno<\/td>\n<\/tr>\n<tr>\n<td>Otra seguridad: obturador de privacidad de la c\u00e1mara<\/td>\n<\/tr>\n<tr>\n<td>Servicio<\/td>\n<\/tr>\n<tr>\n<td>Garant\u00eda b\u00e1sica: 1 a\u00f1o, mensajer\u00eda o entrega a domicilio<\/td>\n<\/tr>\n<tr>\n<td>Actualizaci\u00f3n incluida: ninguno<\/td>\n<\/tr>\n<tr>\n<td>Accesorios<\/td>\n<\/tr>\n<tr>\n<td>Accesorios incluidos: ninguno<\/td>\n<\/tr>\n<tr>\n<td>Certificaciones<\/td>\n<\/tr>\n<tr>\n<td>Certificaciones green: lote erp 6\/26 &#8211;  cumple con rohs<\/td>\n<\/tr>\n<tr>\n<td>Informaci\u00f3n del modelo<\/td>\n<\/tr>\n<tr>\n<td>Modelo<\/td>\n<\/tr>\n<tr>\n<td>83s00005lm<\/td>\n<\/tr>\n<tr>\n<td>Ean \/ upc \/ ene<\/td>\n<\/tr>\n<tr>\n<td>199272687276<\/td>\n<\/tr>\n<\/table>\n","protected":false},"excerpt":{"rendered":"<p>Potencia tu experiencia de juego. Juega sin concesiones con tu nueva lenovo loq. S\u00e9 todo lo que quieres ser, tanto dentro como fuera del juego, con el rendimiento optimizado y las funciones nuevas. Juega con m\u00e1s intensidad y trabaja de forma m\u00e1s inteligente con los procesadores m\u00e1s recientes.<\/p>\n","protected":false},"featured_media":0,"comment_status":"open","ping_status":"open","template":"","meta":[],"product_cat":[1886,1891],"product_tag":[1578],"acf":[],"yoast_head":"<!-- This site is optimized with the Yoast SEO plugin v21.7 - https:\/\/yoast.com\/wordpress\/plugins\/seo\/ -->\n<title>[ Lenovo ] &#129351; 83s00005lm Laptop Idea Gaming Loq 15arp10e \/ Ryzen 7 7735hs 4.75ghz \/ 16gb Ddr5 \/ 512gb Ssd \/ Rtx 4050 6gb \/ 15.6 Fhd 1920x1080 \/ Luna Grey \/ Win 11 Home \/ 1yr Cs<\/title>\n<meta name=\"description\" content=\"Compra 83s00005lm Laptop Idea Gaming Loq 15arp10e \/ Ryzen 7 7735hs 4.75ghz \/ 16gb Ddr5 \/ 512gb Ssd \/ Rtx 4050 6gb \/ 15.6 Fhd 1920x1080 \/ Luna Grey \/ Win 11 Home \/ 1yr Cs + Env\u00edo a domicilio + Pago seguro + Garant\u00eda\" \/>\n<meta name=\"robots\" content=\"index, follow, max-snippet:-1, max-image-preview:large, max-video-preview:-1\" \/>\n<link rel=\"canonical\" href=\"https:\/\/compuviper.mx\/tienda\/producto\/lenovo-83s00005lm-laptop-idea-gaming-loq-15arp10e-ryzen-7-7735hs-4-75ghz-16gb-ddr5-512gb-ssd-rtx-4050-6gb-15-6-fhd-1920x1080-luna-grey-win-11-home-1yr-cs\/\" \/>\n<meta property=\"og:locale\" content=\"es_MX\" \/>\n<meta property=\"og:type\" content=\"article\" \/>\n<meta property=\"og:title\" content=\"[ Lenovo ] &#129351; 83s00005lm Laptop Idea Gaming Loq 15arp10e \/ Ryzen 7 7735hs 4.75ghz \/ 16gb Ddr5 \/ 512gb Ssd \/ Rtx 4050 6gb \/ 15.6 Fhd 1920x1080 \/ Luna Grey \/ Win 11 Home \/ 1yr Cs\" \/>\n<meta property=\"og:description\" content=\"Compra 83s00005lm Laptop Idea Gaming Loq 15arp10e \/ Ryzen 7 7735hs 4.75ghz \/ 16gb Ddr5 \/ 512gb Ssd \/ Rtx 4050 6gb \/ 15.6 Fhd 1920x1080 \/ Luna Grey \/ Win 11 Home \/ 1yr Cs + Env\u00edo a domicilio + Pago seguro + Garant\u00eda\" \/>\n<meta property=\"og:url\" content=\"https:\/\/compuviper.mx\/tienda\/producto\/lenovo-83s00005lm-laptop-idea-gaming-loq-15arp10e-ryzen-7-7735hs-4-75ghz-16gb-ddr5-512gb-ssd-rtx-4050-6gb-15-6-fhd-1920x1080-luna-grey-win-11-home-1yr-cs\/\" \/>\n<meta property=\"og:site_name\" content=\"Compuviper\" \/>\n<meta property=\"article:publisher\" content=\"https:\/\/www.facebook.com\/compuviper\" \/>\n<meta property=\"article:modified_time\" content=\"2026-04-25T07:13:29+00:00\" \/>\n<meta name=\"twitter:card\" content=\"summary_large_image\" \/>\n<meta name=\"twitter:label1\" content=\"Precio\" \/>\n\t<meta name=\"twitter:data1\" content=\"&#36;19,470 &#36;17,004 con IVA\" \/>\n\t<meta name=\"twitter:label2\" content=\"Availability\" \/>\n\t<meta name=\"twitter:data2\" content=\"In stock\" \/>\n<script type=\"application\/ld+json\" class=\"yoast-schema-graph\">{\"@context\":\"https:\/\/schema.org\",\"@graph\":[{\"@type\":\"WebPage\",\"@id\":\"https:\/\/compuviper.mx\/tienda\/producto\/lenovo-83s00005lm-laptop-idea-gaming-loq-15arp10e-ryzen-7-7735hs-4-75ghz-16gb-ddr5-512gb-ssd-rtx-4050-6gb-15-6-fhd-1920x1080-luna-grey-win-11-home-1yr-cs\/\",\"url\":\"https:\/\/compuviper.mx\/tienda\/producto\/lenovo-83s00005lm-laptop-idea-gaming-loq-15arp10e-ryzen-7-7735hs-4-75ghz-16gb-ddr5-512gb-ssd-rtx-4050-6gb-15-6-fhd-1920x1080-luna-grey-win-11-home-1yr-cs\/\",\"name\":\"[ Lenovo ] &#129351; 83s00005lm Laptop Idea Gaming Loq 15arp10e \/ Ryzen 7 7735hs 4.75ghz \/ 16gb Ddr5 \/ 512gb Ssd \/ Rtx 4050 6gb \/ 15.6 Fhd 1920x1080 \/ Luna Grey \/ Win 11 Home \/ 1yr Cs\",\"isPartOf\":{\"@id\":\"https:\/\/compuviper.mx\/tienda\/#website\"},\"datePublished\":\"2026-04-25T07:13:28+00:00\",\"dateModified\":\"2026-04-25T07:13:29+00:00\",\"description\":\"Compra 83s00005lm Laptop Idea Gaming Loq 15arp10e \/ Ryzen 7 7735hs 4.75ghz \/ 16gb Ddr5 \/ 512gb Ssd \/ Rtx 4050 6gb \/ 15.6 Fhd 1920x1080 \/ Luna Grey \/ Win 11 Home \/ 1yr Cs + Env\u00edo a domicilio + Pago seguro + Garant\u00eda\",\"breadcrumb\":{\"@id\":\"https:\/\/compuviper.mx\/tienda\/producto\/lenovo-83s00005lm-laptop-idea-gaming-loq-15arp10e-ryzen-7-7735hs-4-75ghz-16gb-ddr5-512gb-ssd-rtx-4050-6gb-15-6-fhd-1920x1080-luna-grey-win-11-home-1yr-cs\/#breadcrumb\"},\"inLanguage\":\"es-MX\",\"potentialAction\":[{\"@type\":\"ReadAction\",\"target\":[\"https:\/\/compuviper.mx\/tienda\/producto\/lenovo-83s00005lm-laptop-idea-gaming-loq-15arp10e-ryzen-7-7735hs-4-75ghz-16gb-ddr5-512gb-ssd-rtx-4050-6gb-15-6-fhd-1920x1080-luna-grey-win-11-home-1yr-cs\/\"]}]},{\"@type\":\"BreadcrumbList\",\"@id\":\"https:\/\/compuviper.mx\/tienda\/producto\/lenovo-83s00005lm-laptop-idea-gaming-loq-15arp10e-ryzen-7-7735hs-4-75ghz-16gb-ddr5-512gb-ssd-rtx-4050-6gb-15-6-fhd-1920x1080-luna-grey-win-11-home-1yr-cs\/#breadcrumb\",\"itemListElement\":[{\"@type\":\"ListItem\",\"position\":1,\"name\":\"Inicio\",\"item\":\"https:\/\/compuviper.mx\/tienda\/\"},{\"@type\":\"ListItem\",\"position\":2,\"name\":\"Productos\",\"item\":\"https:\/\/compuviper.mx\/tienda\/productos\/\"},{\"@type\":\"ListItem\",\"position\":3,\"name\":\"Laptops\",\"item\":\"https:\/\/compuviper.mx\/tienda\/categoria-producto\/laptops\/\"},{\"@type\":\"ListItem\",\"position\":4,\"name\":\"Gaming\",\"item\":\"https:\/\/compuviper.mx\/tienda\/categoria-producto\/laptops\/gaming-laptops\/\"},{\"@type\":\"ListItem\",\"position\":5,\"name\":\"Lenovo 83s00005lm Laptop Idea Gaming Loq 15arp10e \/ Ryzen 7 7735hs 4.75ghz \/ 16gb Ddr5 \/ 512gb Ssd \/ Rtx 4050 6gb \/ 15.6 Fhd 1920&#215;1080 \/ Luna Grey \/ Win 11 Home \/ 1yr Cs\"}]},{\"@type\":\"WebSite\",\"@id\":\"https:\/\/compuviper.mx\/tienda\/#website\",\"url\":\"https:\/\/compuviper.mx\/tienda\/\",\"name\":\"Compuviper\",\"description\":\"Proveedor de Computadoras, Laptops, Servidores, Monitores, Puntos de Venta, Teclados,   Impresoras, T\u00f3ner, C\u00e1maras de Seguridad y m\u00e1s en tu tienda en l\u00ednea\",\"publisher\":{\"@id\":\"https:\/\/compuviper.mx\/tienda\/#organization\"},\"potentialAction\":[{\"@type\":\"SearchAction\",\"target\":{\"@type\":\"EntryPoint\",\"urlTemplate\":\"https:\/\/compuviper.mx\/tienda\/?s={search_term_string}\"},\"query-input\":\"required name=search_term_string\"}],\"inLanguage\":\"es-MX\"},{\"@type\":\"Organization\",\"@id\":\"https:\/\/compuviper.mx\/tienda\/#organization\",\"name\":\"Compuviper\",\"url\":\"https:\/\/compuviper.mx\/tienda\/\",\"logo\":{\"@type\":\"ImageObject\",\"inLanguage\":\"es-MX\",\"@id\":\"https:\/\/compuviper.mx\/tienda\/#\/schema\/logo\/image\/\",\"url\":\"https:\/\/compuviper.mx\/tienda\/wp-content\/uploads\/2021\/08\/Logo-Compuviper-10.png\",\"contentUrl\":\"https:\/\/compuviper.mx\/tienda\/wp-content\/uploads\/2021\/08\/Logo-Compuviper-10.png\",\"width\":1000,\"height\":500,\"caption\":\"Compuviper\"},\"image\":{\"@id\":\"https:\/\/compuviper.mx\/tienda\/#\/schema\/logo\/image\/\"},\"sameAs\":[\"https:\/\/www.facebook.com\/compuviper\",\"https:\/\/www.youtube.com\/channel\/UCf73dERp9Y3cfOq7q8BhLjA?view_as=subscriber\"]}]}<\/script>\n<meta property=\"product:brand\" content=\"LENOVO\" \/>\n<meta property=\"product:price:amount\" content=\"17004\" \/>\n<meta property=\"product:price:currency\" content=\"MXN\" \/>\n<meta property=\"og:availability\" content=\"instock\" \/>\n<meta property=\"product:availability\" content=\"instock\" \/>\n<meta property=\"product:retailer_item_id\" content=\"83S00005LM\" \/>\n<meta property=\"product:condition\" content=\"new\" \/>\n<!-- \/ Yoast SEO plugin. -->","yoast_head_json":{"title":"[ Lenovo ] &#129351; 83s00005lm Laptop Idea Gaming Loq 15arp10e \/ Ryzen 7 7735hs 4.75ghz \/ 16gb Ddr5 \/ 512gb Ssd \/ Rtx 4050 6gb \/ 15.6 Fhd 1920x1080 \/ Luna Grey \/ Win 11 Home \/ 1yr Cs","description":"Compra 83s00005lm Laptop Idea Gaming Loq 15arp10e \/ Ryzen 7 7735hs 4.75ghz \/ 16gb Ddr5 \/ 512gb Ssd \/ Rtx 4050 6gb \/ 15.6 Fhd 1920x1080 \/ Luna Grey \/ Win 11 Home \/ 1yr Cs + Env\u00edo a domicilio + Pago seguro + Garant\u00eda","robots":{"index":"index","follow":"follow","max-snippet":"max-snippet:-1","max-image-preview":"max-image-preview:large","max-video-preview":"max-video-preview:-1"},"canonical":"https:\/\/compuviper.mx\/tienda\/producto\/lenovo-83s00005lm-laptop-idea-gaming-loq-15arp10e-ryzen-7-7735hs-4-75ghz-16gb-ddr5-512gb-ssd-rtx-4050-6gb-15-6-fhd-1920x1080-luna-grey-win-11-home-1yr-cs\/","og_locale":"es_MX","og_type":"article","og_title":"[ Lenovo ] &#129351; 83s00005lm Laptop Idea Gaming Loq 15arp10e \/ Ryzen 7 7735hs 4.75ghz \/ 16gb Ddr5 \/ 512gb Ssd \/ Rtx 4050 6gb \/ 15.6 Fhd 1920x1080 \/ Luna Grey \/ Win 11 Home \/ 1yr Cs","og_description":"Compra 83s00005lm Laptop Idea Gaming Loq 15arp10e \/ Ryzen 7 7735hs 4.75ghz \/ 16gb Ddr5 \/ 512gb Ssd \/ Rtx 4050 6gb \/ 15.6 Fhd 1920x1080 \/ Luna Grey \/ Win 11 Home \/ 1yr Cs + Env\u00edo a domicilio + Pago seguro + Garant\u00eda","og_url":"https:\/\/compuviper.mx\/tienda\/producto\/lenovo-83s00005lm-laptop-idea-gaming-loq-15arp10e-ryzen-7-7735hs-4-75ghz-16gb-ddr5-512gb-ssd-rtx-4050-6gb-15-6-fhd-1920x1080-luna-grey-win-11-home-1yr-cs\/","og_site_name":"Compuviper","article_publisher":"https:\/\/www.facebook.com\/compuviper","article_modified_time":"2026-04-25T07:13:29+00:00","twitter_card":"summary_large_image","twitter_misc":{"Precio":"&#36;19,470 &#36;17,004 con IVA","Availability":"In stock"},"schema":{"@context":"https:\/\/schema.org","@graph":[{"@type":"WebPage","@id":"https:\/\/compuviper.mx\/tienda\/producto\/lenovo-83s00005lm-laptop-idea-gaming-loq-15arp10e-ryzen-7-7735hs-4-75ghz-16gb-ddr5-512gb-ssd-rtx-4050-6gb-15-6-fhd-1920x1080-luna-grey-win-11-home-1yr-cs\/","url":"https:\/\/compuviper.mx\/tienda\/producto\/lenovo-83s00005lm-laptop-idea-gaming-loq-15arp10e-ryzen-7-7735hs-4-75ghz-16gb-ddr5-512gb-ssd-rtx-4050-6gb-15-6-fhd-1920x1080-luna-grey-win-11-home-1yr-cs\/","name":"[ Lenovo ] &#129351; 83s00005lm Laptop Idea Gaming Loq 15arp10e \/ Ryzen 7 7735hs 4.75ghz \/ 16gb Ddr5 \/ 512gb Ssd \/ Rtx 4050 6gb \/ 15.6 Fhd 1920x1080 \/ Luna Grey \/ Win 11 Home \/ 1yr Cs","isPartOf":{"@id":"https:\/\/compuviper.mx\/tienda\/#website"},"datePublished":"2026-04-25T07:13:28+00:00","dateModified":"2026-04-25T07:13:29+00:00","description":"Compra 83s00005lm Laptop Idea Gaming Loq 15arp10e \/ Ryzen 7 7735hs 4.75ghz \/ 16gb Ddr5 \/ 512gb Ssd \/ Rtx 4050 6gb \/ 15.6 Fhd 1920x1080 \/ Luna Grey \/ Win 11 Home \/ 1yr Cs + Env\u00edo a domicilio + Pago seguro + Garant\u00eda","breadcrumb":{"@id":"https:\/\/compuviper.mx\/tienda\/producto\/lenovo-83s00005lm-laptop-idea-gaming-loq-15arp10e-ryzen-7-7735hs-4-75ghz-16gb-ddr5-512gb-ssd-rtx-4050-6gb-15-6-fhd-1920x1080-luna-grey-win-11-home-1yr-cs\/#breadcrumb"},"inLanguage":"es-MX","potentialAction":[{"@type":"ReadAction","target":["https:\/\/compuviper.mx\/tienda\/producto\/lenovo-83s00005lm-laptop-idea-gaming-loq-15arp10e-ryzen-7-7735hs-4-75ghz-16gb-ddr5-512gb-ssd-rtx-4050-6gb-15-6-fhd-1920x1080-luna-grey-win-11-home-1yr-cs\/"]}]},{"@type":"BreadcrumbList","@id":"https:\/\/compuviper.mx\/tienda\/producto\/lenovo-83s00005lm-laptop-idea-gaming-loq-15arp10e-ryzen-7-7735hs-4-75ghz-16gb-ddr5-512gb-ssd-rtx-4050-6gb-15-6-fhd-1920x1080-luna-grey-win-11-home-1yr-cs\/#breadcrumb","itemListElement":[{"@type":"ListItem","position":1,"name":"Inicio","item":"https:\/\/compuviper.mx\/tienda\/"},{"@type":"ListItem","position":2,"name":"Productos","item":"https:\/\/compuviper.mx\/tienda\/productos\/"},{"@type":"ListItem","position":3,"name":"Laptops","item":"https:\/\/compuviper.mx\/tienda\/categoria-producto\/laptops\/"},{"@type":"ListItem","position":4,"name":"Gaming","item":"https:\/\/compuviper.mx\/tienda\/categoria-producto\/laptops\/gaming-laptops\/"},{"@type":"ListItem","position":5,"name":"Lenovo 83s00005lm Laptop Idea Gaming Loq 15arp10e \/ Ryzen 7 7735hs 4.75ghz \/ 16gb Ddr5 \/ 512gb Ssd \/ Rtx 4050 6gb \/ 15.6 Fhd 1920&#215;1080 \/ Luna Grey \/ Win 11 Home \/ 1yr Cs"}]},{"@type":"WebSite","@id":"https:\/\/compuviper.mx\/tienda\/#website","url":"https:\/\/compuviper.mx\/tienda\/","name":"Compuviper","description":"Proveedor de Computadoras, Laptops, Servidores, Monitores, Puntos de Venta, Teclados,   Impresoras, T\u00f3ner, C\u00e1maras de Seguridad y m\u00e1s en tu tienda en l\u00ednea","publisher":{"@id":"https:\/\/compuviper.mx\/tienda\/#organization"},"potentialAction":[{"@type":"SearchAction","target":{"@type":"EntryPoint","urlTemplate":"https:\/\/compuviper.mx\/tienda\/?s={search_term_string}"},"query-input":"required name=search_term_string"}],"inLanguage":"es-MX"},{"@type":"Organization","@id":"https:\/\/compuviper.mx\/tienda\/#organization","name":"Compuviper","url":"https:\/\/compuviper.mx\/tienda\/","logo":{"@type":"ImageObject","inLanguage":"es-MX","@id":"https:\/\/compuviper.mx\/tienda\/#\/schema\/logo\/image\/","url":"https:\/\/compuviper.mx\/tienda\/wp-content\/uploads\/2021\/08\/Logo-Compuviper-10.png","contentUrl":"https:\/\/compuviper.mx\/tienda\/wp-content\/uploads\/2021\/08\/Logo-Compuviper-10.png","width":1000,"height":500,"caption":"Compuviper"},"image":{"@id":"https:\/\/compuviper.mx\/tienda\/#\/schema\/logo\/image\/"},"sameAs":["https:\/\/www.facebook.com\/compuviper","https:\/\/www.youtube.com\/channel\/UCf73dERp9Y3cfOq7q8BhLjA?view_as=subscriber"]}]},"product_brand":"LENOVO","product_price_amount":"17004","product_price_currency":"MXN","og_availability":"instock","product_availability":"instock","product_retailer_item_id":"83S00005LM","product_condition":"new"},"_links":{"self":[{"href":"https:\/\/compuviper.mx\/tienda\/wp-json\/wp\/v2\/product\/266215"}],"collection":[{"href":"https:\/\/compuviper.mx\/tienda\/wp-json\/wp\/v2\/product"}],"about":[{"href":"https:\/\/compuviper.mx\/tienda\/wp-json\/wp\/v2\/types\/product"}],"replies":[{"embeddable":true,"href":"https:\/\/compuviper.mx\/tienda\/wp-json\/wp\/v2\/comments?post=266215"}],"wp:attachment":[{"href":"https:\/\/compuviper.mx\/tienda\/wp-json\/wp\/v2\/media?parent=266215"}],"wp:term":[{"taxonomy":"product_cat","embeddable":true,"href":"https:\/\/compuviper.mx\/tienda\/wp-json\/wp\/v2\/product_cat?post=266215"},{"taxonomy":"product_tag","embeddable":true,"href":"https:\/\/compuviper.mx\/tienda\/wp-json\/wp\/v2\/product_tag?post=266215"}],"curies":[{"name":"wp","href":"https:\/\/api.w.org\/{rel}","templated":true}]}}