{"id":266200,"date":"2026-04-02T00:39:28","date_gmt":"2026-04-02T06:39:28","guid":{"rendered":"https:\/\/compuviper.mx\/tienda\/producto\/adata-aleg-710-256gcs842243028249-unidad-de-estado-solido-ssd-interno-legend-710-256gb-m-2-2280-nvme-pcie-gen-3x4-lect-2400-escrit-1800-mbs-pc-laptop-minipc-3dnand-disipador-aleg-710-256gcs\/"},"modified":"2026-04-03T00:00:14","modified_gmt":"2026-04-03T06:00:14","slug":"adata-aleg-710-256gcs842243028249-unidad-de-estado-solido-ssd-interno-legend-710-256gb-m-2-2280-nvme-pcie-gen-3x4-lect-2400-escrit-1800-mbs-pc-laptop-minipc-3dnand-disipador-aleg-710-256gcs","status":"publish","type":"product","link":"https:\/\/compuviper.mx\/tienda\/producto\/adata-aleg-710-256gcs842243028249-unidad-de-estado-solido-ssd-interno-legend-710-256gb-m-2-2280-nvme-pcie-gen-3x4-lect-2400-escrit-1800-mbs-pc-laptop-minipc-3dnand-disipador-aleg-710-256gcs\/","title":{"rendered":"Adata Aleg-710-256gcs,842243028249 Unidad De Estado Solido Ssd Interno  Legend 710 256gb M.2 2280 Nvme Pcie Gen 3&#215;4 Lect.2400 Escrit.1800 Mbs Pc Laptop Minipc 3dnand Disipador Aleg-710-256gcs"},"content":{"rendered":"<table class=\"descripcion\">\n<tr>\n<td>And #9679; capacidad: 256 gb \/ 512 gb \/ 1 tb \/ 2 tb<\/td>\n<\/tr>\n<tr>\n<td> and #9679; factor de forma: m.2 2280<\/td>\n<\/tr>\n<tr>\n<td> and #9679; interfaz: pcie gen3 x4<\/td>\n<\/tr>\n<tr>\n<td> and #9679; controlador: realtek rts5766dl<\/td>\n<\/tr>\n<tr>\n<td> and #9679; flash nand: nand 3d<\/td>\n<\/tr>\n<tr>\n<td> and #9679; lectura\/escritura secuencial (m\u00e1x.):<\/td>\n<\/tr>\n<tr>\n<td>Lectura de 2.400 mb\/s escritura 1.800 mb\/s<\/td>\n<\/tr>\n<tr>\n<td> and #9679; iops de lectura\/escritura aleatoria 4k (m\u00e1x.): 200k\/150k<\/td>\n<\/tr>\n<tr>\n<td> and #9679; temperatura de funcionamiento : 0 \u00b0c-70 \u00b0c<\/td>\n<\/tr>\n<tr>\n<td> and #9679; temperatura de almacenamiento : -40 \u00b0c-85 \u00b0c<\/td>\n<\/tr>\n<tr>\n<td> and #9679; dimensiones (largo x ancho x alto):<\/td>\n<\/tr>\n<tr>\n<td>80 x 22 x 3,13 mm (con disipador de calor)<\/td>\n<\/tr>\n<tr>\n<td>80 x 22 x 2,15 mm (sin disipador de calor)<\/td>\n<\/tr>\n<tr>\n<td> and #9679; peso:<\/td>\n<\/tr>\n<tr>\n<td>9 g \/ 0,32 oz (con disipador de calor)<\/td>\n<\/tr>\n<tr>\n<td>6,2 g \/ 0,22 oz (sin disipador de calor)<\/td>\n<\/tr>\n<tr>\n<td> and #9679; terabytes escritos (tbw) (capacidad m\u00e1xima): 520 tb<\/td>\n<\/tr>\n<tr>\n<td> and #9679; mtbf: 1.500.000 horas<\/td>\n<\/tr>\n<tr>\n<td> and #9679; garant\u00eda: limitada a 3 a\u00f1os<\/td>\n<\/tr>\n<tr>\n<td> and #9679; certificaciones: ce, fcc, bsmi, kc, eac, rcm, marruecos,<\/td>\n<\/tr>\n<\/table>\n","protected":false},"excerpt":{"rendered":"<p>Legend 710 utiliza pcie gen3 x4 y nvme 1.4 para ofrecer velocidades sostenidas de lectura y escritura de hasta 2.400\/1.800 mb por segundo. La especificaci\u00f3n m.2 2280 admite las plataformas intel y amd m\u00e1s recientes, lo que incluye computadoras de escritorio y computadoras port\u00e1tiles.<\/p>\n","protected":false},"featured_media":266201,"comment_status":"open","ping_status":"open","template":"","meta":[],"product_cat":[1703,1708],"product_tag":[1539],"acf":[],"yoast_head":"<!-- This site is optimized with the Yoast SEO plugin v21.7 - https:\/\/yoast.com\/wordpress\/plugins\/seo\/ -->\n<title>[ Adata ] &#129351; Aleg-710-256gcs,842243028249 Unidad De Estado Solido Ssd Interno Legend 710 256gb M.2 2280 Nvme Pcie Gen 3x4 Lect.2400 Escrit.1800 Mbs Pc Laptop Minipc 3dnand Disipador Aleg-710-256gcs<\/title>\n<meta name=\"description\" content=\"Compra Aleg-710-256gcs,842243028249 Unidad De Estado Solido Ssd Interno Legend 710 256gb M.2 2280 Nvme Pcie Gen 3x4 Lect.2400 Escrit.1800 Mbs Pc Laptop Minipc 3dnand Disipador Aleg-710-256gcs + Env\u00edo a domicilio + Pago seguro + Garant\u00eda\" \/>\n<meta name=\"robots\" content=\"index, follow, max-snippet:-1, max-image-preview:large, max-video-preview:-1\" \/>\n<link rel=\"canonical\" href=\"https:\/\/compuviper.mx\/tienda\/producto\/adata-aleg-710-256gcs842243028249-unidad-de-estado-solido-ssd-interno-legend-710-256gb-m-2-2280-nvme-pcie-gen-3x4-lect-2400-escrit-1800-mbs-pc-laptop-minipc-3dnand-disipador-aleg-710-256gcs\/\" \/>\n<meta property=\"og:locale\" content=\"es_MX\" \/>\n<meta property=\"og:type\" content=\"article\" \/>\n<meta property=\"og:title\" content=\"[ Adata ] &#129351; Aleg-710-256gcs,842243028249 Unidad De Estado Solido Ssd Interno Legend 710 256gb M.2 2280 Nvme Pcie Gen 3x4 Lect.2400 Escrit.1800 Mbs Pc Laptop Minipc 3dnand Disipador Aleg-710-256gcs\" \/>\n<meta property=\"og:description\" content=\"Compra Aleg-710-256gcs,842243028249 Unidad De Estado Solido Ssd Interno Legend 710 256gb M.2 2280 Nvme Pcie Gen 3x4 Lect.2400 Escrit.1800 Mbs Pc Laptop Minipc 3dnand Disipador Aleg-710-256gcs + Env\u00edo a domicilio + Pago seguro + Garant\u00eda\" \/>\n<meta property=\"og:url\" content=\"https:\/\/compuviper.mx\/tienda\/producto\/adata-aleg-710-256gcs842243028249-unidad-de-estado-solido-ssd-interno-legend-710-256gb-m-2-2280-nvme-pcie-gen-3x4-lect-2400-escrit-1800-mbs-pc-laptop-minipc-3dnand-disipador-aleg-710-256gcs\/\" \/>\n<meta property=\"og:site_name\" content=\"Compuviper\" \/>\n<meta property=\"article:publisher\" content=\"https:\/\/www.facebook.com\/compuviper\" \/>\n<meta property=\"article:modified_time\" content=\"2026-04-03T06:00:14+00:00\" \/>\n<meta property=\"og:image\" content=\"https:\/\/compuviper.mx\/tienda\/wp-content\/uploads\/2026\/01\/Unidad-de-estado-solido-ssd-interno-adata-legend-710-256gb-m.2-2280-nvme-pcie-gen-3x4-lect.2400-escrit.1800-mbs-pc-laptop-minipc-3dnand-disipador-aleg-710-256gcs.jpg\" \/>\n\t<meta property=\"og:image:width\" content=\"200\" \/>\n\t<meta property=\"og:image:height\" content=\"200\" \/>\n\t<meta property=\"og:image:type\" content=\"image\/jpeg\" \/>\n<meta name=\"twitter:card\" content=\"summary_large_image\" \/>\n<meta name=\"twitter:label1\" content=\"Precio\" \/>\n\t<meta name=\"twitter:data1\" content=\"&#36;972 con IVA\" \/>\n\t<meta name=\"twitter:label2\" content=\"Availability\" \/>\n\t<meta name=\"twitter:data2\" content=\"In stock\" \/>\n<script type=\"application\/ld+json\" class=\"yoast-schema-graph\">{\"@context\":\"https:\/\/schema.org\",\"@graph\":[{\"@type\":\"WebPage\",\"@id\":\"https:\/\/compuviper.mx\/tienda\/producto\/adata-aleg-710-256gcs842243028249-unidad-de-estado-solido-ssd-interno-legend-710-256gb-m-2-2280-nvme-pcie-gen-3x4-lect-2400-escrit-1800-mbs-pc-laptop-minipc-3dnand-disipador-aleg-710-256gcs\/\",\"url\":\"https:\/\/compuviper.mx\/tienda\/producto\/adata-aleg-710-256gcs842243028249-unidad-de-estado-solido-ssd-interno-legend-710-256gb-m-2-2280-nvme-pcie-gen-3x4-lect-2400-escrit-1800-mbs-pc-laptop-minipc-3dnand-disipador-aleg-710-256gcs\/\",\"name\":\"[ Adata ] &#129351; Aleg-710-256gcs,842243028249 Unidad De Estado Solido Ssd Interno Legend 710 256gb M.2 2280 Nvme Pcie Gen 3x4 Lect.2400 Escrit.1800 Mbs Pc Laptop Minipc 3dnand Disipador Aleg-710-256gcs\",\"isPartOf\":{\"@id\":\"https:\/\/compuviper.mx\/tienda\/#website\"},\"datePublished\":\"2026-04-02T06:39:28+00:00\",\"dateModified\":\"2026-04-03T06:00:14+00:00\",\"description\":\"Compra Aleg-710-256gcs,842243028249 Unidad De Estado Solido Ssd Interno Legend 710 256gb M.2 2280 Nvme Pcie Gen 3x4 Lect.2400 Escrit.1800 Mbs Pc Laptop Minipc 3dnand Disipador Aleg-710-256gcs + Env\u00edo a domicilio + Pago seguro + Garant\u00eda\",\"breadcrumb\":{\"@id\":\"https:\/\/compuviper.mx\/tienda\/producto\/adata-aleg-710-256gcs842243028249-unidad-de-estado-solido-ssd-interno-legend-710-256gb-m-2-2280-nvme-pcie-gen-3x4-lect-2400-escrit-1800-mbs-pc-laptop-minipc-3dnand-disipador-aleg-710-256gcs\/#breadcrumb\"},\"inLanguage\":\"es-MX\",\"potentialAction\":[{\"@type\":\"ReadAction\",\"target\":[\"https:\/\/compuviper.mx\/tienda\/producto\/adata-aleg-710-256gcs842243028249-unidad-de-estado-solido-ssd-interno-legend-710-256gb-m-2-2280-nvme-pcie-gen-3x4-lect-2400-escrit-1800-mbs-pc-laptop-minipc-3dnand-disipador-aleg-710-256gcs\/\"]}]},{\"@type\":\"BreadcrumbList\",\"@id\":\"https:\/\/compuviper.mx\/tienda\/producto\/adata-aleg-710-256gcs842243028249-unidad-de-estado-solido-ssd-interno-legend-710-256gb-m-2-2280-nvme-pcie-gen-3x4-lect-2400-escrit-1800-mbs-pc-laptop-minipc-3dnand-disipador-aleg-710-256gcs\/#breadcrumb\",\"itemListElement\":[{\"@type\":\"ListItem\",\"position\":1,\"name\":\"Inicio\",\"item\":\"https:\/\/compuviper.mx\/tienda\/\"},{\"@type\":\"ListItem\",\"position\":2,\"name\":\"Productos\",\"item\":\"https:\/\/compuviper.mx\/tienda\/productos\/\"},{\"@type\":\"ListItem\",\"position\":3,\"name\":\"Discos Duros\",\"item\":\"https:\/\/compuviper.mx\/tienda\/categoria-producto\/discos-duros\/\"},{\"@type\":\"ListItem\",\"position\":4,\"name\":\"Unidad De Estado Solido\",\"item\":\"https:\/\/compuviper.mx\/tienda\/categoria-producto\/discos-duros\/unidad-de-estado-solido\/\"},{\"@type\":\"ListItem\",\"position\":5,\"name\":\"Adata Aleg-710-256gcs,842243028249 Unidad De Estado Solido Ssd Interno Legend 710 256gb M.2 2280 Nvme Pcie Gen 3&#215;4 Lect.2400 Escrit.1800 Mbs Pc Laptop Minipc 3dnand Disipador Aleg-710-256gcs\"}]},{\"@type\":\"WebSite\",\"@id\":\"https:\/\/compuviper.mx\/tienda\/#website\",\"url\":\"https:\/\/compuviper.mx\/tienda\/\",\"name\":\"Compuviper\",\"description\":\"Proveedor de Computadoras, Laptops, Servidores, Monitores, Puntos de Venta, Teclados,   Impresoras, T\u00f3ner, C\u00e1maras de Seguridad y m\u00e1s en tu tienda en l\u00ednea\",\"publisher\":{\"@id\":\"https:\/\/compuviper.mx\/tienda\/#organization\"},\"potentialAction\":[{\"@type\":\"SearchAction\",\"target\":{\"@type\":\"EntryPoint\",\"urlTemplate\":\"https:\/\/compuviper.mx\/tienda\/?s={search_term_string}\"},\"query-input\":\"required name=search_term_string\"}],\"inLanguage\":\"es-MX\"},{\"@type\":\"Organization\",\"@id\":\"https:\/\/compuviper.mx\/tienda\/#organization\",\"name\":\"Compuviper\",\"url\":\"https:\/\/compuviper.mx\/tienda\/\",\"logo\":{\"@type\":\"ImageObject\",\"inLanguage\":\"es-MX\",\"@id\":\"https:\/\/compuviper.mx\/tienda\/#\/schema\/logo\/image\/\",\"url\":\"https:\/\/compuviper.mx\/tienda\/wp-content\/uploads\/2021\/08\/Logo-Compuviper-10.png\",\"contentUrl\":\"https:\/\/compuviper.mx\/tienda\/wp-content\/uploads\/2021\/08\/Logo-Compuviper-10.png\",\"width\":1000,\"height\":500,\"caption\":\"Compuviper\"},\"image\":{\"@id\":\"https:\/\/compuviper.mx\/tienda\/#\/schema\/logo\/image\/\"},\"sameAs\":[\"https:\/\/www.facebook.com\/compuviper\",\"https:\/\/www.youtube.com\/channel\/UCf73dERp9Y3cfOq7q8BhLjA?view_as=subscriber\"]}]}<\/script>\n<meta property=\"product:brand\" content=\"ADATA\" \/>\n<meta property=\"product:price:amount\" content=\"972\" \/>\n<meta property=\"product:price:currency\" content=\"MXN\" \/>\n<meta property=\"og:availability\" content=\"instock\" \/>\n<meta property=\"product:availability\" content=\"instock\" \/>\n<meta property=\"product:retailer_item_id\" content=\"ALEG-710-256GCS,842243028249\" \/>\n<meta property=\"product:condition\" content=\"new\" \/>\n<!-- \/ Yoast SEO plugin. -->","yoast_head_json":{"title":"[ Adata ] &#129351; Aleg-710-256gcs,842243028249 Unidad De Estado Solido Ssd Interno Legend 710 256gb M.2 2280 Nvme Pcie Gen 3x4 Lect.2400 Escrit.1800 Mbs Pc Laptop Minipc 3dnand Disipador Aleg-710-256gcs","description":"Compra Aleg-710-256gcs,842243028249 Unidad De Estado Solido Ssd Interno Legend 710 256gb M.2 2280 Nvme Pcie Gen 3x4 Lect.2400 Escrit.1800 Mbs Pc Laptop Minipc 3dnand Disipador Aleg-710-256gcs + Env\u00edo a domicilio + Pago seguro + Garant\u00eda","robots":{"index":"index","follow":"follow","max-snippet":"max-snippet:-1","max-image-preview":"max-image-preview:large","max-video-preview":"max-video-preview:-1"},"canonical":"https:\/\/compuviper.mx\/tienda\/producto\/adata-aleg-710-256gcs842243028249-unidad-de-estado-solido-ssd-interno-legend-710-256gb-m-2-2280-nvme-pcie-gen-3x4-lect-2400-escrit-1800-mbs-pc-laptop-minipc-3dnand-disipador-aleg-710-256gcs\/","og_locale":"es_MX","og_type":"article","og_title":"[ Adata ] &#129351; Aleg-710-256gcs,842243028249 Unidad De Estado Solido Ssd Interno Legend 710 256gb M.2 2280 Nvme Pcie Gen 3x4 Lect.2400 Escrit.1800 Mbs Pc Laptop Minipc 3dnand Disipador Aleg-710-256gcs","og_description":"Compra Aleg-710-256gcs,842243028249 Unidad De Estado Solido Ssd Interno Legend 710 256gb M.2 2280 Nvme Pcie Gen 3x4 Lect.2400 Escrit.1800 Mbs Pc Laptop Minipc 3dnand Disipador Aleg-710-256gcs + Env\u00edo a domicilio + Pago seguro + Garant\u00eda","og_url":"https:\/\/compuviper.mx\/tienda\/producto\/adata-aleg-710-256gcs842243028249-unidad-de-estado-solido-ssd-interno-legend-710-256gb-m-2-2280-nvme-pcie-gen-3x4-lect-2400-escrit-1800-mbs-pc-laptop-minipc-3dnand-disipador-aleg-710-256gcs\/","og_site_name":"Compuviper","article_publisher":"https:\/\/www.facebook.com\/compuviper","article_modified_time":"2026-04-03T06:00:14+00:00","og_image":[{"width":200,"height":200,"url":"https:\/\/compuviper.mx\/tienda\/wp-content\/uploads\/2026\/01\/Unidad-de-estado-solido-ssd-interno-adata-legend-710-256gb-m.2-2280-nvme-pcie-gen-3x4-lect.2400-escrit.1800-mbs-pc-laptop-minipc-3dnand-disipador-aleg-710-256gcs.jpg","type":"image\/jpeg"}],"twitter_card":"summary_large_image","twitter_misc":{"Precio":"&#36;972 con IVA","Availability":"In stock"},"schema":{"@context":"https:\/\/schema.org","@graph":[{"@type":"WebPage","@id":"https:\/\/compuviper.mx\/tienda\/producto\/adata-aleg-710-256gcs842243028249-unidad-de-estado-solido-ssd-interno-legend-710-256gb-m-2-2280-nvme-pcie-gen-3x4-lect-2400-escrit-1800-mbs-pc-laptop-minipc-3dnand-disipador-aleg-710-256gcs\/","url":"https:\/\/compuviper.mx\/tienda\/producto\/adata-aleg-710-256gcs842243028249-unidad-de-estado-solido-ssd-interno-legend-710-256gb-m-2-2280-nvme-pcie-gen-3x4-lect-2400-escrit-1800-mbs-pc-laptop-minipc-3dnand-disipador-aleg-710-256gcs\/","name":"[ Adata ] &#129351; Aleg-710-256gcs,842243028249 Unidad De Estado Solido Ssd Interno Legend 710 256gb M.2 2280 Nvme Pcie Gen 3x4 Lect.2400 Escrit.1800 Mbs Pc Laptop Minipc 3dnand Disipador Aleg-710-256gcs","isPartOf":{"@id":"https:\/\/compuviper.mx\/tienda\/#website"},"datePublished":"2026-04-02T06:39:28+00:00","dateModified":"2026-04-03T06:00:14+00:00","description":"Compra Aleg-710-256gcs,842243028249 Unidad De Estado Solido Ssd Interno Legend 710 256gb M.2 2280 Nvme Pcie Gen 3x4 Lect.2400 Escrit.1800 Mbs Pc Laptop Minipc 3dnand Disipador Aleg-710-256gcs + Env\u00edo a domicilio + Pago seguro + Garant\u00eda","breadcrumb":{"@id":"https:\/\/compuviper.mx\/tienda\/producto\/adata-aleg-710-256gcs842243028249-unidad-de-estado-solido-ssd-interno-legend-710-256gb-m-2-2280-nvme-pcie-gen-3x4-lect-2400-escrit-1800-mbs-pc-laptop-minipc-3dnand-disipador-aleg-710-256gcs\/#breadcrumb"},"inLanguage":"es-MX","potentialAction":[{"@type":"ReadAction","target":["https:\/\/compuviper.mx\/tienda\/producto\/adata-aleg-710-256gcs842243028249-unidad-de-estado-solido-ssd-interno-legend-710-256gb-m-2-2280-nvme-pcie-gen-3x4-lect-2400-escrit-1800-mbs-pc-laptop-minipc-3dnand-disipador-aleg-710-256gcs\/"]}]},{"@type":"BreadcrumbList","@id":"https:\/\/compuviper.mx\/tienda\/producto\/adata-aleg-710-256gcs842243028249-unidad-de-estado-solido-ssd-interno-legend-710-256gb-m-2-2280-nvme-pcie-gen-3x4-lect-2400-escrit-1800-mbs-pc-laptop-minipc-3dnand-disipador-aleg-710-256gcs\/#breadcrumb","itemListElement":[{"@type":"ListItem","position":1,"name":"Inicio","item":"https:\/\/compuviper.mx\/tienda\/"},{"@type":"ListItem","position":2,"name":"Productos","item":"https:\/\/compuviper.mx\/tienda\/productos\/"},{"@type":"ListItem","position":3,"name":"Discos Duros","item":"https:\/\/compuviper.mx\/tienda\/categoria-producto\/discos-duros\/"},{"@type":"ListItem","position":4,"name":"Unidad De Estado Solido","item":"https:\/\/compuviper.mx\/tienda\/categoria-producto\/discos-duros\/unidad-de-estado-solido\/"},{"@type":"ListItem","position":5,"name":"Adata Aleg-710-256gcs,842243028249 Unidad De Estado Solido Ssd Interno Legend 710 256gb M.2 2280 Nvme Pcie Gen 3&#215;4 Lect.2400 Escrit.1800 Mbs Pc Laptop Minipc 3dnand Disipador Aleg-710-256gcs"}]},{"@type":"WebSite","@id":"https:\/\/compuviper.mx\/tienda\/#website","url":"https:\/\/compuviper.mx\/tienda\/","name":"Compuviper","description":"Proveedor de Computadoras, Laptops, Servidores, Monitores, Puntos de Venta, Teclados,   Impresoras, T\u00f3ner, C\u00e1maras de Seguridad y m\u00e1s en tu tienda en l\u00ednea","publisher":{"@id":"https:\/\/compuviper.mx\/tienda\/#organization"},"potentialAction":[{"@type":"SearchAction","target":{"@type":"EntryPoint","urlTemplate":"https:\/\/compuviper.mx\/tienda\/?s={search_term_string}"},"query-input":"required name=search_term_string"}],"inLanguage":"es-MX"},{"@type":"Organization","@id":"https:\/\/compuviper.mx\/tienda\/#organization","name":"Compuviper","url":"https:\/\/compuviper.mx\/tienda\/","logo":{"@type":"ImageObject","inLanguage":"es-MX","@id":"https:\/\/compuviper.mx\/tienda\/#\/schema\/logo\/image\/","url":"https:\/\/compuviper.mx\/tienda\/wp-content\/uploads\/2021\/08\/Logo-Compuviper-10.png","contentUrl":"https:\/\/compuviper.mx\/tienda\/wp-content\/uploads\/2021\/08\/Logo-Compuviper-10.png","width":1000,"height":500,"caption":"Compuviper"},"image":{"@id":"https:\/\/compuviper.mx\/tienda\/#\/schema\/logo\/image\/"},"sameAs":["https:\/\/www.facebook.com\/compuviper","https:\/\/www.youtube.com\/channel\/UCf73dERp9Y3cfOq7q8BhLjA?view_as=subscriber"]}]},"product_brand":"ADATA","product_price_amount":"972","product_price_currency":"MXN","og_availability":"instock","product_availability":"instock","product_retailer_item_id":"ALEG-710-256GCS,842243028249","product_condition":"new"},"_links":{"self":[{"href":"https:\/\/compuviper.mx\/tienda\/wp-json\/wp\/v2\/product\/266200"}],"collection":[{"href":"https:\/\/compuviper.mx\/tienda\/wp-json\/wp\/v2\/product"}],"about":[{"href":"https:\/\/compuviper.mx\/tienda\/wp-json\/wp\/v2\/types\/product"}],"replies":[{"embeddable":true,"href":"https:\/\/compuviper.mx\/tienda\/wp-json\/wp\/v2\/comments?post=266200"}],"wp:featuredmedia":[{"embeddable":true,"href":"https:\/\/compuviper.mx\/tienda\/wp-json\/wp\/v2\/media\/266201"}],"wp:attachment":[{"href":"https:\/\/compuviper.mx\/tienda\/wp-json\/wp\/v2\/media?parent=266200"}],"wp:term":[{"taxonomy":"product_cat","embeddable":true,"href":"https:\/\/compuviper.mx\/tienda\/wp-json\/wp\/v2\/product_cat?post=266200"},{"taxonomy":"product_tag","embeddable":true,"href":"https:\/\/compuviper.mx\/tienda\/wp-json\/wp\/v2\/product_tag?post=266200"}],"curies":[{"name":"wp","href":"https:\/\/api.w.org\/{rel}","templated":true}]}}