{"id":266170,"date":"2026-04-02T00:35:33","date_gmt":"2026-04-02T06:35:33","guid":{"rendered":"https:\/\/compuviper.mx\/tienda\/producto\/adata-asu630ss-480gq-r-unidad-de-estado-solido-ssd-interno-su630-480gb-2-5-sata3-lect-520-escrit-450-mbs-7mm-pc-laptop-minipc-sin-bracket-3dnand\/"},"modified":"2026-04-03T00:00:10","modified_gmt":"2026-04-03T06:00:10","slug":"adata-asu630ss-480gq-r-unidad-de-estado-solido-ssd-interno-su630-480gb-2-5-sata3-lect-520-escrit-450-mbs-7mm-pc-laptop-minipc-sin-bracket-3dnand","status":"publish","type":"product","link":"https:\/\/compuviper.mx\/tienda\/producto\/adata-asu630ss-480gq-r-unidad-de-estado-solido-ssd-interno-su630-480gb-2-5-sata3-lect-520-escrit-450-mbs-7mm-pc-laptop-minipc-sin-bracket-3dnand\/","title":{"rendered":"Adata Asu630ss-480gq-r Unidad De Estado Solido Ssd Interno  Su630 480gb 2.5 Sata3 Lect. 520 Escrit. 450 Mbs 7mm Pc Laptop Minipc Sin Bracket 3dnand"},"content":{"rendered":"<table class=\"descripcion\">\n<tr>\n<td>Capacidad 480gb<\/td>\n<\/tr>\n<tr>\n<td>Factor de forma 2,5<\/td>\n<\/tr>\n<tr>\n<td>Flash nand qlc 3d<\/td>\n<\/tr>\n<tr>\n<td>Dimensiones la x an x al 100,45 x 69,85 x 7 mm<\/td>\n<\/tr>\n<tr>\n<td>Peso 47,5 g<\/td>\n<\/tr>\n<tr>\n<td>Interfaz 6 gb\/s sata<\/td>\n<\/tr>\n<tr>\n<td>Rendimiento de l\/e secuencial m\u00e1x. hasta 520\/450 mb\/s<\/td>\n<\/tr>\n<tr>\n<td> el rendimiento real puede variar en funcin de la capacidad de la unidad de estado slido disponible, el hardware del sistema, los componentes de software y otros factores.<\/td>\n<\/tr>\n<tr>\n<td>Temperatura de funcionamiento 0\u00b0c &#8211; 70\u00b0c<\/td>\n<\/tr>\n<tr>\n<td>Temperatura de almacenamiento -40\u00b0c &#8211; 85\u00b0c<\/td>\n<\/tr>\n<tr>\n<td>Resistencia a impactos 1500 g\/0,5 ms<\/td>\n<\/tr>\n<tr>\n<td>Mtbf 1 500 000 horas<\/td>\n<\/tr>\n<tr>\n<td>Garantia 3 a\u00f1os<\/td>\n<\/tr>\n<tr>\n<td> la unidad de estado solido se basa en el periodo de garantia o tbw.<\/td>\n<\/tr>\n<tr>\n<td> visite www.adata.com\/es\/ss\/prowar\/ para m\u00e1s detalles.<\/td>\n<\/tr>\n<\/table>\n","protected":false},"excerpt":{"rendered":"<p>Si est\u00e1 buscando reemplazar su unidad de disco duro hdd por una unidad de estado slido ssd, no busque m\u00e1s; su630 de adata es lo que necesita. La ssd est\u00e1 construida con memoria flash nand 3d qlc. Tambin cuenta con excelentes caractersticas como la tecnologa ecc ldpc.  Ssd qlc 3d: alta capacidad asequible. La su630 es una actualizacin ideal para los usuarios que buscan pasar de una hdd a una ssd, ya sea como unidad de almacenamiento o como unidad de arranque. Con almacenamiento en cach slc din\u00e1mico, la memoria flash nand funciona en modo de celda de un solo nivel y aumenta el rendimiento. Esto permite a su630 alcanzar velocidades de lectura y escritura de hasta 520 y 450 mb\/s. Con compatibilidad con la tecnologa de cdigo de correccin de errores de comprobacin de paridad de baja densidad ldpc, low-density parity-check, la su630 puede detectar y corregir errores para garantizar la integridad de los datos.<\/p>\n","protected":false},"featured_media":266171,"comment_status":"open","ping_status":"open","template":"","meta":[],"product_cat":[1703,1708],"product_tag":[1539],"acf":[],"yoast_head":"<!-- This site is optimized with the Yoast SEO plugin v21.7 - https:\/\/yoast.com\/wordpress\/plugins\/seo\/ -->\n<title>[ Adata ] &#129351; Asu630ss-480gq-r Unidad De Estado Solido Ssd Interno Su630 480gb 2.5 Sata3 Lect. 520 Escrit. 450 Mbs 7mm Pc Laptop Minipc Sin Bracket 3dnand<\/title>\n<meta name=\"description\" content=\"Compra Asu630ss-480gq-r Unidad De Estado Solido Ssd Interno Su630 480gb 2.5 Sata3 Lect. 520 Escrit. 450 Mbs 7mm Pc Laptop Minipc Sin Bracket 3dnand + Env\u00edo a domicilio + Pago seguro + Garant\u00eda\" \/>\n<meta name=\"robots\" content=\"index, follow, max-snippet:-1, max-image-preview:large, max-video-preview:-1\" \/>\n<link rel=\"canonical\" href=\"https:\/\/compuviper.mx\/tienda\/producto\/adata-asu630ss-480gq-r-unidad-de-estado-solido-ssd-interno-su630-480gb-2-5-sata3-lect-520-escrit-450-mbs-7mm-pc-laptop-minipc-sin-bracket-3dnand\/\" \/>\n<meta property=\"og:locale\" content=\"es_MX\" \/>\n<meta property=\"og:type\" content=\"article\" \/>\n<meta property=\"og:title\" content=\"[ Adata ] &#129351; Asu630ss-480gq-r Unidad De Estado Solido Ssd Interno Su630 480gb 2.5 Sata3 Lect. 520 Escrit. 450 Mbs 7mm Pc Laptop Minipc Sin Bracket 3dnand\" \/>\n<meta property=\"og:description\" content=\"Compra Asu630ss-480gq-r Unidad De Estado Solido Ssd Interno Su630 480gb 2.5 Sata3 Lect. 520 Escrit. 450 Mbs 7mm Pc Laptop Minipc Sin Bracket 3dnand + Env\u00edo a domicilio + Pago seguro + Garant\u00eda\" \/>\n<meta property=\"og:url\" content=\"https:\/\/compuviper.mx\/tienda\/producto\/adata-asu630ss-480gq-r-unidad-de-estado-solido-ssd-interno-su630-480gb-2-5-sata3-lect-520-escrit-450-mbs-7mm-pc-laptop-minipc-sin-bracket-3dnand\/\" \/>\n<meta property=\"og:site_name\" content=\"Compuviper\" \/>\n<meta property=\"article:publisher\" content=\"https:\/\/www.facebook.com\/compuviper\" \/>\n<meta property=\"article:modified_time\" content=\"2026-04-03T06:00:10+00:00\" \/>\n<meta property=\"og:image\" content=\"https:\/\/compuviper.mx\/tienda\/wp-content\/uploads\/2026\/01\/Unidad-de-estado-solido-ssd-interno-adata-su630-480gb-2.5-sata3-lect.-520-escrit.-450-mbs-7mm-pc-laptop-minipc-sin-bracket-3dnand-asu630ss-480gq-r.jpg\" \/>\n\t<meta property=\"og:image:width\" content=\"200\" \/>\n\t<meta property=\"og:image:height\" content=\"200\" \/>\n\t<meta property=\"og:image:type\" content=\"image\/jpeg\" \/>\n<meta name=\"twitter:card\" content=\"summary_large_image\" \/>\n<meta name=\"twitter:label1\" content=\"Precio\" \/>\n\t<meta name=\"twitter:data1\" content=\"&#36;1,441 con IVA\" \/>\n\t<meta name=\"twitter:label2\" content=\"Availability\" \/>\n\t<meta name=\"twitter:data2\" content=\"In stock\" \/>\n<script type=\"application\/ld+json\" class=\"yoast-schema-graph\">{\"@context\":\"https:\/\/schema.org\",\"@graph\":[{\"@type\":\"WebPage\",\"@id\":\"https:\/\/compuviper.mx\/tienda\/producto\/adata-asu630ss-480gq-r-unidad-de-estado-solido-ssd-interno-su630-480gb-2-5-sata3-lect-520-escrit-450-mbs-7mm-pc-laptop-minipc-sin-bracket-3dnand\/\",\"url\":\"https:\/\/compuviper.mx\/tienda\/producto\/adata-asu630ss-480gq-r-unidad-de-estado-solido-ssd-interno-su630-480gb-2-5-sata3-lect-520-escrit-450-mbs-7mm-pc-laptop-minipc-sin-bracket-3dnand\/\",\"name\":\"[ Adata ] &#129351; Asu630ss-480gq-r Unidad De Estado Solido Ssd Interno Su630 480gb 2.5 Sata3 Lect. 520 Escrit. 450 Mbs 7mm Pc Laptop Minipc Sin Bracket 3dnand\",\"isPartOf\":{\"@id\":\"https:\/\/compuviper.mx\/tienda\/#website\"},\"datePublished\":\"2026-04-02T06:35:33+00:00\",\"dateModified\":\"2026-04-03T06:00:10+00:00\",\"description\":\"Compra Asu630ss-480gq-r Unidad De Estado Solido Ssd Interno Su630 480gb 2.5 Sata3 Lect. 520 Escrit. 450 Mbs 7mm Pc Laptop Minipc Sin Bracket 3dnand + Env\u00edo a domicilio + Pago seguro + Garant\u00eda\",\"breadcrumb\":{\"@id\":\"https:\/\/compuviper.mx\/tienda\/producto\/adata-asu630ss-480gq-r-unidad-de-estado-solido-ssd-interno-su630-480gb-2-5-sata3-lect-520-escrit-450-mbs-7mm-pc-laptop-minipc-sin-bracket-3dnand\/#breadcrumb\"},\"inLanguage\":\"es-MX\",\"potentialAction\":[{\"@type\":\"ReadAction\",\"target\":[\"https:\/\/compuviper.mx\/tienda\/producto\/adata-asu630ss-480gq-r-unidad-de-estado-solido-ssd-interno-su630-480gb-2-5-sata3-lect-520-escrit-450-mbs-7mm-pc-laptop-minipc-sin-bracket-3dnand\/\"]}]},{\"@type\":\"BreadcrumbList\",\"@id\":\"https:\/\/compuviper.mx\/tienda\/producto\/adata-asu630ss-480gq-r-unidad-de-estado-solido-ssd-interno-su630-480gb-2-5-sata3-lect-520-escrit-450-mbs-7mm-pc-laptop-minipc-sin-bracket-3dnand\/#breadcrumb\",\"itemListElement\":[{\"@type\":\"ListItem\",\"position\":1,\"name\":\"Inicio\",\"item\":\"https:\/\/compuviper.mx\/tienda\/\"},{\"@type\":\"ListItem\",\"position\":2,\"name\":\"Productos\",\"item\":\"https:\/\/compuviper.mx\/tienda\/productos\/\"},{\"@type\":\"ListItem\",\"position\":3,\"name\":\"Discos Duros\",\"item\":\"https:\/\/compuviper.mx\/tienda\/categoria-producto\/discos-duros\/\"},{\"@type\":\"ListItem\",\"position\":4,\"name\":\"Unidad De Estado Solido\",\"item\":\"https:\/\/compuviper.mx\/tienda\/categoria-producto\/discos-duros\/unidad-de-estado-solido\/\"},{\"@type\":\"ListItem\",\"position\":5,\"name\":\"Adata Asu630ss-480gq-r Unidad De Estado Solido Ssd Interno Su630 480gb 2.5 Sata3 Lect. 520 Escrit. 450 Mbs 7mm Pc Laptop Minipc Sin Bracket 3dnand\"}]},{\"@type\":\"WebSite\",\"@id\":\"https:\/\/compuviper.mx\/tienda\/#website\",\"url\":\"https:\/\/compuviper.mx\/tienda\/\",\"name\":\"Compuviper\",\"description\":\"Proveedor de Computadoras, Laptops, Servidores, Monitores, Puntos de Venta, Teclados,   Impresoras, T\u00f3ner, C\u00e1maras de Seguridad y m\u00e1s en tu tienda en l\u00ednea\",\"publisher\":{\"@id\":\"https:\/\/compuviper.mx\/tienda\/#organization\"},\"potentialAction\":[{\"@type\":\"SearchAction\",\"target\":{\"@type\":\"EntryPoint\",\"urlTemplate\":\"https:\/\/compuviper.mx\/tienda\/?s={search_term_string}\"},\"query-input\":\"required name=search_term_string\"}],\"inLanguage\":\"es-MX\"},{\"@type\":\"Organization\",\"@id\":\"https:\/\/compuviper.mx\/tienda\/#organization\",\"name\":\"Compuviper\",\"url\":\"https:\/\/compuviper.mx\/tienda\/\",\"logo\":{\"@type\":\"ImageObject\",\"inLanguage\":\"es-MX\",\"@id\":\"https:\/\/compuviper.mx\/tienda\/#\/schema\/logo\/image\/\",\"url\":\"https:\/\/compuviper.mx\/tienda\/wp-content\/uploads\/2021\/08\/Logo-Compuviper-10.png\",\"contentUrl\":\"https:\/\/compuviper.mx\/tienda\/wp-content\/uploads\/2021\/08\/Logo-Compuviper-10.png\",\"width\":1000,\"height\":500,\"caption\":\"Compuviper\"},\"image\":{\"@id\":\"https:\/\/compuviper.mx\/tienda\/#\/schema\/logo\/image\/\"},\"sameAs\":[\"https:\/\/www.facebook.com\/compuviper\",\"https:\/\/www.youtube.com\/channel\/UCf73dERp9Y3cfOq7q8BhLjA?view_as=subscriber\"]}]}<\/script>\n<meta property=\"product:brand\" content=\"ADATA\" \/>\n<meta property=\"product:price:amount\" content=\"1441\" \/>\n<meta property=\"product:price:currency\" content=\"MXN\" \/>\n<meta property=\"og:availability\" content=\"instock\" \/>\n<meta property=\"product:availability\" content=\"instock\" \/>\n<meta property=\"product:retailer_item_id\" content=\"ASU630SS-480GQ-R\" \/>\n<meta property=\"product:condition\" content=\"new\" \/>\n<!-- \/ Yoast SEO plugin. -->","yoast_head_json":{"title":"[ Adata ] &#129351; Asu630ss-480gq-r Unidad De Estado Solido Ssd Interno Su630 480gb 2.5 Sata3 Lect. 520 Escrit. 450 Mbs 7mm Pc Laptop Minipc Sin Bracket 3dnand","description":"Compra Asu630ss-480gq-r Unidad De Estado Solido Ssd Interno Su630 480gb 2.5 Sata3 Lect. 520 Escrit. 450 Mbs 7mm Pc Laptop Minipc Sin Bracket 3dnand + Env\u00edo a domicilio + Pago seguro + Garant\u00eda","robots":{"index":"index","follow":"follow","max-snippet":"max-snippet:-1","max-image-preview":"max-image-preview:large","max-video-preview":"max-video-preview:-1"},"canonical":"https:\/\/compuviper.mx\/tienda\/producto\/adata-asu630ss-480gq-r-unidad-de-estado-solido-ssd-interno-su630-480gb-2-5-sata3-lect-520-escrit-450-mbs-7mm-pc-laptop-minipc-sin-bracket-3dnand\/","og_locale":"es_MX","og_type":"article","og_title":"[ Adata ] &#129351; Asu630ss-480gq-r Unidad De Estado Solido Ssd Interno Su630 480gb 2.5 Sata3 Lect. 520 Escrit. 450 Mbs 7mm Pc Laptop Minipc Sin Bracket 3dnand","og_description":"Compra Asu630ss-480gq-r Unidad De Estado Solido Ssd Interno Su630 480gb 2.5 Sata3 Lect. 520 Escrit. 450 Mbs 7mm Pc Laptop Minipc Sin Bracket 3dnand + Env\u00edo a domicilio + Pago seguro + Garant\u00eda","og_url":"https:\/\/compuviper.mx\/tienda\/producto\/adata-asu630ss-480gq-r-unidad-de-estado-solido-ssd-interno-su630-480gb-2-5-sata3-lect-520-escrit-450-mbs-7mm-pc-laptop-minipc-sin-bracket-3dnand\/","og_site_name":"Compuviper","article_publisher":"https:\/\/www.facebook.com\/compuviper","article_modified_time":"2026-04-03T06:00:10+00:00","og_image":[{"width":200,"height":200,"url":"https:\/\/compuviper.mx\/tienda\/wp-content\/uploads\/2026\/01\/Unidad-de-estado-solido-ssd-interno-adata-su630-480gb-2.5-sata3-lect.-520-escrit.-450-mbs-7mm-pc-laptop-minipc-sin-bracket-3dnand-asu630ss-480gq-r.jpg","type":"image\/jpeg"}],"twitter_card":"summary_large_image","twitter_misc":{"Precio":"&#36;1,441 con IVA","Availability":"In stock"},"schema":{"@context":"https:\/\/schema.org","@graph":[{"@type":"WebPage","@id":"https:\/\/compuviper.mx\/tienda\/producto\/adata-asu630ss-480gq-r-unidad-de-estado-solido-ssd-interno-su630-480gb-2-5-sata3-lect-520-escrit-450-mbs-7mm-pc-laptop-minipc-sin-bracket-3dnand\/","url":"https:\/\/compuviper.mx\/tienda\/producto\/adata-asu630ss-480gq-r-unidad-de-estado-solido-ssd-interno-su630-480gb-2-5-sata3-lect-520-escrit-450-mbs-7mm-pc-laptop-minipc-sin-bracket-3dnand\/","name":"[ Adata ] &#129351; Asu630ss-480gq-r Unidad De Estado Solido Ssd Interno Su630 480gb 2.5 Sata3 Lect. 520 Escrit. 450 Mbs 7mm Pc Laptop Minipc Sin Bracket 3dnand","isPartOf":{"@id":"https:\/\/compuviper.mx\/tienda\/#website"},"datePublished":"2026-04-02T06:35:33+00:00","dateModified":"2026-04-03T06:00:10+00:00","description":"Compra Asu630ss-480gq-r Unidad De Estado Solido Ssd Interno Su630 480gb 2.5 Sata3 Lect. 520 Escrit. 450 Mbs 7mm Pc Laptop Minipc Sin Bracket 3dnand + Env\u00edo a domicilio + Pago seguro + Garant\u00eda","breadcrumb":{"@id":"https:\/\/compuviper.mx\/tienda\/producto\/adata-asu630ss-480gq-r-unidad-de-estado-solido-ssd-interno-su630-480gb-2-5-sata3-lect-520-escrit-450-mbs-7mm-pc-laptop-minipc-sin-bracket-3dnand\/#breadcrumb"},"inLanguage":"es-MX","potentialAction":[{"@type":"ReadAction","target":["https:\/\/compuviper.mx\/tienda\/producto\/adata-asu630ss-480gq-r-unidad-de-estado-solido-ssd-interno-su630-480gb-2-5-sata3-lect-520-escrit-450-mbs-7mm-pc-laptop-minipc-sin-bracket-3dnand\/"]}]},{"@type":"BreadcrumbList","@id":"https:\/\/compuviper.mx\/tienda\/producto\/adata-asu630ss-480gq-r-unidad-de-estado-solido-ssd-interno-su630-480gb-2-5-sata3-lect-520-escrit-450-mbs-7mm-pc-laptop-minipc-sin-bracket-3dnand\/#breadcrumb","itemListElement":[{"@type":"ListItem","position":1,"name":"Inicio","item":"https:\/\/compuviper.mx\/tienda\/"},{"@type":"ListItem","position":2,"name":"Productos","item":"https:\/\/compuviper.mx\/tienda\/productos\/"},{"@type":"ListItem","position":3,"name":"Discos Duros","item":"https:\/\/compuviper.mx\/tienda\/categoria-producto\/discos-duros\/"},{"@type":"ListItem","position":4,"name":"Unidad De Estado Solido","item":"https:\/\/compuviper.mx\/tienda\/categoria-producto\/discos-duros\/unidad-de-estado-solido\/"},{"@type":"ListItem","position":5,"name":"Adata Asu630ss-480gq-r Unidad De Estado Solido Ssd Interno Su630 480gb 2.5 Sata3 Lect. 520 Escrit. 450 Mbs 7mm Pc Laptop Minipc Sin Bracket 3dnand"}]},{"@type":"WebSite","@id":"https:\/\/compuviper.mx\/tienda\/#website","url":"https:\/\/compuviper.mx\/tienda\/","name":"Compuviper","description":"Proveedor de Computadoras, Laptops, Servidores, Monitores, Puntos de Venta, Teclados,   Impresoras, T\u00f3ner, C\u00e1maras de Seguridad y m\u00e1s en tu tienda en l\u00ednea","publisher":{"@id":"https:\/\/compuviper.mx\/tienda\/#organization"},"potentialAction":[{"@type":"SearchAction","target":{"@type":"EntryPoint","urlTemplate":"https:\/\/compuviper.mx\/tienda\/?s={search_term_string}"},"query-input":"required name=search_term_string"}],"inLanguage":"es-MX"},{"@type":"Organization","@id":"https:\/\/compuviper.mx\/tienda\/#organization","name":"Compuviper","url":"https:\/\/compuviper.mx\/tienda\/","logo":{"@type":"ImageObject","inLanguage":"es-MX","@id":"https:\/\/compuviper.mx\/tienda\/#\/schema\/logo\/image\/","url":"https:\/\/compuviper.mx\/tienda\/wp-content\/uploads\/2021\/08\/Logo-Compuviper-10.png","contentUrl":"https:\/\/compuviper.mx\/tienda\/wp-content\/uploads\/2021\/08\/Logo-Compuviper-10.png","width":1000,"height":500,"caption":"Compuviper"},"image":{"@id":"https:\/\/compuviper.mx\/tienda\/#\/schema\/logo\/image\/"},"sameAs":["https:\/\/www.facebook.com\/compuviper","https:\/\/www.youtube.com\/channel\/UCf73dERp9Y3cfOq7q8BhLjA?view_as=subscriber"]}]},"product_brand":"ADATA","product_price_amount":"1441","product_price_currency":"MXN","og_availability":"instock","product_availability":"instock","product_retailer_item_id":"ASU630SS-480GQ-R","product_condition":"new"},"_links":{"self":[{"href":"https:\/\/compuviper.mx\/tienda\/wp-json\/wp\/v2\/product\/266170"}],"collection":[{"href":"https:\/\/compuviper.mx\/tienda\/wp-json\/wp\/v2\/product"}],"about":[{"href":"https:\/\/compuviper.mx\/tienda\/wp-json\/wp\/v2\/types\/product"}],"replies":[{"embeddable":true,"href":"https:\/\/compuviper.mx\/tienda\/wp-json\/wp\/v2\/comments?post=266170"}],"wp:featuredmedia":[{"embeddable":true,"href":"https:\/\/compuviper.mx\/tienda\/wp-json\/wp\/v2\/media\/266171"}],"wp:attachment":[{"href":"https:\/\/compuviper.mx\/tienda\/wp-json\/wp\/v2\/media?parent=266170"}],"wp:term":[{"taxonomy":"product_cat","embeddable":true,"href":"https:\/\/compuviper.mx\/tienda\/wp-json\/wp\/v2\/product_cat?post=266170"},{"taxonomy":"product_tag","embeddable":true,"href":"https:\/\/compuviper.mx\/tienda\/wp-json\/wp\/v2\/product_tag?post=266170"}],"curies":[{"name":"wp","href":"https:\/\/api.w.org\/{rel}","templated":true}]}}