{"id":266150,"date":"2026-04-02T00:06:32","date_gmt":"2026-04-02T06:06:32","guid":{"rendered":"https:\/\/compuviper.mx\/tienda\/producto\/intel-bx80768285-procesador-core-ultra-9-285-s-1851-serie-2-hasta-5-6-ghz-cache-36mb-24-cores-8p16e-graficos-vpro-con-disipador-gamer-alto\/"},"modified":"2026-04-03T00:00:04","modified_gmt":"2026-04-03T06:00:04","slug":"intel-bx80768285-procesador-core-ultra-9-285-s-1851-serie-2-hasta-5-6-ghz-cache-36mb-24-cores-8p16e-graficos-vpro-con-disipador-gamer-alto","status":"publish","type":"product","link":"https:\/\/compuviper.mx\/tienda\/producto\/intel-bx80768285-procesador-core-ultra-9-285-s-1851-serie-2-hasta-5-6-ghz-cache-36mb-24-cores-8p16e-graficos-vpro-con-disipador-gamer-alto\/","title":{"rendered":"Intel Bx80768285 Procesador  Core Ultra 9-285 S- 1851 Serie 2 \/hasta 5.6 Ghz \/cache 36mb \/24 Cores 8p16e \/graficos  \/vpro \/con Disipador \/gamer Alto"},"content":{"rendered":"<table class=\"descripcion\">\n<tr>\n<td>Procesador intel core ultra 9 285<\/td>\n<\/tr>\n<tr>\n<td>Colecci\u00f3n de productos<\/td>\n<\/tr>\n<tr>\n<td>Intel\u00ae core\u00bf ultra processors (series 2)<\/td>\n<\/tr>\n<tr>\n<td>Nombre de c\u00f3digo products formerly arrow lake<\/td>\n<\/tr>\n<tr>\n<td>Segmento vertical desktop<\/td>\n<\/tr>\n<tr>\n<td>N\u00famero de procesador 285<\/td>\n<\/tr>\n<tr>\n<td>Tops m\u00e1ximo general (int8) 36<\/td>\n<\/tr>\n<tr>\n<td>Especificaciones de la cpu<\/td>\n<\/tr>\n<tr>\n<td>Cantidad de n\u00facleos  24<\/td>\n<\/tr>\n<tr>\n<td>Cantidad de performance-cores 8<\/td>\n<\/tr>\n<tr>\n<td>Cantidad de efficient-cores 16<\/td>\n<\/tr>\n<tr>\n<td>Total de subprocesos 24<\/td>\n<\/tr>\n<tr>\n<td>Frecuencia turbo m\u00e1xima 5.6 ghz<\/td>\n<\/tr>\n<tr>\n<td>Frecuencia de intel\u00ae thermal velocity boost 5.6 ghz<\/td>\n<\/tr>\n<tr>\n<td>Frecuencia de la tecnolog\u00eda intel\u00ae turbo boost max 3.0 \u00bf 5.5 ghz<\/td>\n<\/tr>\n<tr>\n<td>Frecuencia turbo m\u00e1xima del performance-core 5.4 ghz<\/td>\n<\/tr>\n<tr>\n<td>Frecuencia turbo m\u00e1xima de efficient-core 4.6 ghz<\/td>\n<\/tr>\n<tr>\n<td>Frecuencia base de performance-core 2.5 ghz<\/td>\n<\/tr>\n<tr>\n<td>Frecuencia base de efficient-core 1.9 ghz<\/td>\n<\/tr>\n<tr>\n<td>Cach\u00e9 36 mb intel\u00ae smart cache<\/td>\n<\/tr>\n<tr>\n<td>Cach\u00e9 l2 total 40 mb<\/td>\n<\/tr>\n<tr>\n<td>Potencia base del procesador 65 w<\/td>\n<\/tr>\n<tr>\n<td>Potencia turbo m\u00e1xima 182 w<\/td>\n<\/tr>\n<tr>\n<td>Intel\u00ae deep learning boost (intel\u00ae dl boost) yes<\/td>\n<\/tr>\n<tr>\n<td>Ai software frameworks supported by cpu<\/td>\n<\/tr>\n<tr>\n<td>Openvino\u00bf, windowsml, directml, onnx rt, webnn<\/td>\n<\/tr>\n<tr>\n<td>Litograf\u00eda de cpu tsmc n3b<\/td>\n<\/tr>\n<tr>\n<td>Especificaciones de memoria<\/td>\n<\/tr>\n<tr>\n<td>Tama\u00f1o de memoria m\u00e1ximo (depende del tipo de memoria) 256 gb<\/td>\n<\/tr>\n<tr>\n<td>Tipos de memoria up to ddr5 6400 mt\/s<\/td>\n<\/tr>\n<tr>\n<td>Cantidad m\u00e1xima de canales de memoria 2<\/td>\n<\/tr>\n<tr>\n<td>Compatible con memoria ecc \u00bf yes<\/td>\n<\/tr>\n<tr>\n<td>Gpu specifications<\/td>\n<\/tr>\n<tr>\n<td>Gpu name\u00bf intel\u00ae graphics<\/td>\n<\/tr>\n<tr>\n<td>Frecuencia de base de gr\u00e1ficos 300 mhz<\/td>\n<\/tr>\n<tr>\n<td>Frecuencia din\u00e1mica m\u00e1xima de gr\u00e1ficos 2 ghz<\/td>\n<\/tr>\n<tr>\n<td>Tops m\u00e1ximo de gpu (int8) 8<\/td>\n<\/tr>\n<tr>\n<td>Salida de gr\u00e1ficos dp2.1 uhbr20, hdm2.1 frl 12ghz, edp1.4b<\/td>\n<\/tr>\n<tr>\n<td>Xe-cores 4<\/td>\n<\/tr>\n<tr>\n<td>Resoluci\u00f3n m\u00e1xima (hdmi)\u00bf 4k @ 60hz (hdmi 2.1 tmds) 8k @ 60hz (hdmi2.1 frl)<\/td>\n<\/tr>\n<tr>\n<td>Resoluci\u00f3n m\u00e1xima (dp)\u00bf 8k @ 60hz<\/td>\n<\/tr>\n<tr>\n<td>Resoluci\u00f3n m\u00e1xima (edp &#8211; panel plano integrado)\u00bf 4k @ 60hz<\/td>\n<\/tr>\n<tr>\n<td>Compatibilidad con directx* 12<\/td>\n<\/tr>\n<tr>\n<td>Compatibilidad con opengl* 4.5<\/td>\n<\/tr>\n<tr>\n<td>Compatibilidad con opencl* 3<\/td>\n<\/tr>\n<tr>\n<td>Intel\u00ae quick sync video yes<\/td>\n<\/tr>\n<tr>\n<td>Cantidad de pantallas admitidas \u00bf 4<\/td>\n<\/tr>\n<tr>\n<td>Id de dispositivo 0x7d67<\/td>\n<\/tr>\n<tr>\n<td>Intel\u00ae deep learning boost (intel\u00ae dl boost) on gpu yes<\/td>\n<\/tr>\n<tr>\n<td>Especificaciones de npu<\/td>\n<\/tr>\n<tr>\n<td>Npu name\u00bf intel\u00ae ai boost<\/td>\n<\/tr>\n<tr>\n<td>Tops m\u00e1ximo de npu (int8) 13<\/td>\n<\/tr>\n<tr>\n<td>Sparsity support yes<\/td>\n<\/tr>\n<tr>\n<td>Windows studio effects support yes<\/td>\n<\/tr>\n<tr>\n<td>Ai software frameworks supported by npu<\/td>\n<\/tr>\n<tr>\n<td>Openvino\u00bf, windowsml, directml, onnx rt, webnn<\/td>\n<\/tr>\n<\/table>\n","protected":false},"excerpt":{"rendered":"<p>Procesadores intel core ultra para equipos de desktop (serie 2). Creados para jugar. Listos para lo que sea. Descripcion general. Los procesadores intel core ultra para equipos de desktop (serie 2) ofrecen un desempe\u00f1o legendario para gaming con nucleos de reciente desarrollo que ofrecen una experiencia de juego ultrafluida con gran capacidad de respuesta. Preparate para la proxima era del gaming con una pc con ia dotada de un procesador intel core ultra. Los procesadores en caja intel core ultra (serie 2) ofrecen un desempe\u00f1o legendario para gaming con nucleos de reciente desarrollo que ofrecen una experiencia de juego ultrafluida con gran capacidad de respuesta. Preparate para la pr\u00f3xima era del gaming con un procesador intel core ultra para equipos de desktop. Beneficios principales. Consigue una eficiencia ultrapotente con los procesadores intel core ultra para equipos de desktop que mejoran el desempe\u00f1o y la eficiencia, para que tu pc pueda funcionar con mayor refrigeracion, serenidad y velocidad. Consigue un mejor desempe\u00f1o de streaming y gaming. Descarga las tareas de ia, como la eliminacion de fondo, la optimizacion de audio y el encuadre automatico a la npu para poder transmitir en streaming y jugar sin problemas. Alcanza nuevos niveles de productividad con nucleos actualizados especializados para llevar tu gaming, transmision en streaming y creacion a nuevas alturas. Simplifica tu configuracion gracias a la compatibilidad con las ultimas generaciones de la tecnologia thunderbolt: un solo puerto capaz de conectar todos tus perifericos, como camaras, monitores y unidades de almacenamiento. Evita la frustracion de los retrasos con la disponibilidad de wi-fi 7 y wi-fi 6e integrado.<\/p>\n","protected":false},"featured_media":266151,"comment_status":"open","ping_status":"open","template":"","meta":[],"product_cat":[2300,1654],"product_tag":[1658],"acf":[],"yoast_head":"<!-- This site is optimized with the Yoast SEO plugin v21.7 - https:\/\/yoast.com\/wordpress\/plugins\/seo\/ -->\n<title>[ Intel ] &#129351; Bx80768285 Procesador Core Ultra 9-285 S- 1851 Serie 2 \/hasta 5.6 Ghz \/cache 36mb \/24 Cores 8p16e \/graficos \/vpro \/con Disipador \/gamer Alto<\/title>\n<meta name=\"description\" content=\"Compra Bx80768285 Procesador Core Ultra 9-285 S- 1851 Serie 2 \/hasta 5.6 Ghz \/cache 36mb \/24 Cores 8p16e \/graficos \/vpro \/con Disipador \/gamer Alto + Env\u00edo a domicilio + Pago seguro + Garant\u00eda\" \/>\n<meta name=\"robots\" content=\"index, follow, max-snippet:-1, max-image-preview:large, max-video-preview:-1\" \/>\n<link rel=\"canonical\" href=\"https:\/\/compuviper.mx\/tienda\/producto\/intel-bx80768285-procesador-core-ultra-9-285-s-1851-serie-2-hasta-5-6-ghz-cache-36mb-24-cores-8p16e-graficos-vpro-con-disipador-gamer-alto\/\" \/>\n<meta property=\"og:locale\" content=\"es_MX\" \/>\n<meta property=\"og:type\" content=\"article\" \/>\n<meta property=\"og:title\" content=\"[ Intel ] &#129351; Bx80768285 Procesador Core Ultra 9-285 S- 1851 Serie 2 \/hasta 5.6 Ghz \/cache 36mb \/24 Cores 8p16e \/graficos \/vpro \/con Disipador \/gamer Alto\" \/>\n<meta property=\"og:description\" content=\"Compra Bx80768285 Procesador Core Ultra 9-285 S- 1851 Serie 2 \/hasta 5.6 Ghz \/cache 36mb \/24 Cores 8p16e \/graficos \/vpro \/con Disipador \/gamer Alto + Env\u00edo a domicilio + Pago seguro + Garant\u00eda\" \/>\n<meta property=\"og:url\" content=\"https:\/\/compuviper.mx\/tienda\/producto\/intel-bx80768285-procesador-core-ultra-9-285-s-1851-serie-2-hasta-5-6-ghz-cache-36mb-24-cores-8p16e-graficos-vpro-con-disipador-gamer-alto\/\" \/>\n<meta property=\"og:site_name\" content=\"Compuviper\" \/>\n<meta property=\"article:publisher\" content=\"https:\/\/www.facebook.com\/compuviper\" \/>\n<meta property=\"article:modified_time\" content=\"2026-04-03T06:00:04+00:00\" \/>\n<meta property=\"og:image\" content=\"https:\/\/compuviper.mx\/tienda\/wp-content\/uploads\/2026\/01\/Procesador-intel-core-ultra-9-285-s-1851-serie-2-hasta-5.6-ghz-cache-36mb-24-cores-8p16e-graficos-intel-vpro-con-disipador-gamer-alto.jpg\" \/>\n\t<meta property=\"og:image:width\" content=\"200\" \/>\n\t<meta property=\"og:image:height\" content=\"200\" \/>\n\t<meta property=\"og:image:type\" content=\"image\/jpeg\" \/>\n<meta name=\"twitter:card\" content=\"summary_large_image\" \/>\n<meta name=\"twitter:label1\" content=\"Precio\" \/>\n\t<meta name=\"twitter:data1\" content=\"&#36;10,333 con IVA\" \/>\n\t<meta name=\"twitter:label2\" content=\"Availability\" \/>\n\t<meta name=\"twitter:data2\" content=\"In stock\" \/>\n<script type=\"application\/ld+json\" class=\"yoast-schema-graph\">{\"@context\":\"https:\/\/schema.org\",\"@graph\":[{\"@type\":\"WebPage\",\"@id\":\"https:\/\/compuviper.mx\/tienda\/producto\/intel-bx80768285-procesador-core-ultra-9-285-s-1851-serie-2-hasta-5-6-ghz-cache-36mb-24-cores-8p16e-graficos-vpro-con-disipador-gamer-alto\/\",\"url\":\"https:\/\/compuviper.mx\/tienda\/producto\/intel-bx80768285-procesador-core-ultra-9-285-s-1851-serie-2-hasta-5-6-ghz-cache-36mb-24-cores-8p16e-graficos-vpro-con-disipador-gamer-alto\/\",\"name\":\"[ Intel ] &#129351; Bx80768285 Procesador Core Ultra 9-285 S- 1851 Serie 2 \/hasta 5.6 Ghz \/cache 36mb \/24 Cores 8p16e \/graficos \/vpro \/con Disipador \/gamer Alto\",\"isPartOf\":{\"@id\":\"https:\/\/compuviper.mx\/tienda\/#website\"},\"datePublished\":\"2026-04-02T06:06:32+00:00\",\"dateModified\":\"2026-04-03T06:00:04+00:00\",\"description\":\"Compra Bx80768285 Procesador Core Ultra 9-285 S- 1851 Serie 2 \/hasta 5.6 Ghz \/cache 36mb \/24 Cores 8p16e \/graficos \/vpro \/con Disipador \/gamer Alto + Env\u00edo a domicilio + Pago seguro + Garant\u00eda\",\"breadcrumb\":{\"@id\":\"https:\/\/compuviper.mx\/tienda\/producto\/intel-bx80768285-procesador-core-ultra-9-285-s-1851-serie-2-hasta-5-6-ghz-cache-36mb-24-cores-8p16e-graficos-vpro-con-disipador-gamer-alto\/#breadcrumb\"},\"inLanguage\":\"es-MX\",\"potentialAction\":[{\"@type\":\"ReadAction\",\"target\":[\"https:\/\/compuviper.mx\/tienda\/producto\/intel-bx80768285-procesador-core-ultra-9-285-s-1851-serie-2-hasta-5-6-ghz-cache-36mb-24-cores-8p16e-graficos-vpro-con-disipador-gamer-alto\/\"]}]},{\"@type\":\"BreadcrumbList\",\"@id\":\"https:\/\/compuviper.mx\/tienda\/producto\/intel-bx80768285-procesador-core-ultra-9-285-s-1851-serie-2-hasta-5-6-ghz-cache-36mb-24-cores-8p16e-graficos-vpro-con-disipador-gamer-alto\/#breadcrumb\",\"itemListElement\":[{\"@type\":\"ListItem\",\"position\":1,\"name\":\"Inicio\",\"item\":\"https:\/\/compuviper.mx\/tienda\/\"},{\"@type\":\"ListItem\",\"position\":2,\"name\":\"Productos\",\"item\":\"https:\/\/compuviper.mx\/tienda\/productos\/\"},{\"@type\":\"ListItem\",\"position\":3,\"name\":\"Procesadores\",\"item\":\"https:\/\/compuviper.mx\/tienda\/categoria-producto\/procesadores\/\"},{\"@type\":\"ListItem\",\"position\":4,\"name\":\"Intel Core Ultra 9\",\"item\":\"https:\/\/compuviper.mx\/tienda\/categoria-producto\/procesadores\/intel-core-ultra-9\/\"},{\"@type\":\"ListItem\",\"position\":5,\"name\":\"Intel Bx80768285 Procesador Core Ultra 9-285 S- 1851 Serie 2 \/hasta 5.6 Ghz \/cache 36mb \/24 Cores 8p16e \/graficos \/vpro \/con Disipador \/gamer Alto\"}]},{\"@type\":\"WebSite\",\"@id\":\"https:\/\/compuviper.mx\/tienda\/#website\",\"url\":\"https:\/\/compuviper.mx\/tienda\/\",\"name\":\"Compuviper\",\"description\":\"Proveedor de Computadoras, Laptops, Servidores, Monitores, Puntos de Venta, Teclados,   Impresoras, T\u00f3ner, C\u00e1maras de Seguridad y m\u00e1s en tu tienda en l\u00ednea\",\"publisher\":{\"@id\":\"https:\/\/compuviper.mx\/tienda\/#organization\"},\"potentialAction\":[{\"@type\":\"SearchAction\",\"target\":{\"@type\":\"EntryPoint\",\"urlTemplate\":\"https:\/\/compuviper.mx\/tienda\/?s={search_term_string}\"},\"query-input\":\"required name=search_term_string\"}],\"inLanguage\":\"es-MX\"},{\"@type\":\"Organization\",\"@id\":\"https:\/\/compuviper.mx\/tienda\/#organization\",\"name\":\"Compuviper\",\"url\":\"https:\/\/compuviper.mx\/tienda\/\",\"logo\":{\"@type\":\"ImageObject\",\"inLanguage\":\"es-MX\",\"@id\":\"https:\/\/compuviper.mx\/tienda\/#\/schema\/logo\/image\/\",\"url\":\"https:\/\/compuviper.mx\/tienda\/wp-content\/uploads\/2021\/08\/Logo-Compuviper-10.png\",\"contentUrl\":\"https:\/\/compuviper.mx\/tienda\/wp-content\/uploads\/2021\/08\/Logo-Compuviper-10.png\",\"width\":1000,\"height\":500,\"caption\":\"Compuviper\"},\"image\":{\"@id\":\"https:\/\/compuviper.mx\/tienda\/#\/schema\/logo\/image\/\"},\"sameAs\":[\"https:\/\/www.facebook.com\/compuviper\",\"https:\/\/www.youtube.com\/channel\/UCf73dERp9Y3cfOq7q8BhLjA?view_as=subscriber\"]}]}<\/script>\n<meta property=\"product:brand\" content=\"INTEL\" \/>\n<meta property=\"product:price:amount\" content=\"10333\" \/>\n<meta property=\"product:price:currency\" content=\"MXN\" \/>\n<meta property=\"og:availability\" content=\"instock\" \/>\n<meta property=\"product:availability\" content=\"instock\" \/>\n<meta property=\"product:retailer_item_id\" content=\"BX80768285\" \/>\n<meta property=\"product:condition\" content=\"new\" \/>\n<!-- \/ Yoast SEO plugin. -->","yoast_head_json":{"title":"[ Intel ] &#129351; Bx80768285 Procesador Core Ultra 9-285 S- 1851 Serie 2 \/hasta 5.6 Ghz \/cache 36mb \/24 Cores 8p16e \/graficos \/vpro \/con Disipador \/gamer Alto","description":"Compra Bx80768285 Procesador Core Ultra 9-285 S- 1851 Serie 2 \/hasta 5.6 Ghz \/cache 36mb \/24 Cores 8p16e \/graficos \/vpro \/con Disipador \/gamer Alto + Env\u00edo a domicilio + Pago seguro + Garant\u00eda","robots":{"index":"index","follow":"follow","max-snippet":"max-snippet:-1","max-image-preview":"max-image-preview:large","max-video-preview":"max-video-preview:-1"},"canonical":"https:\/\/compuviper.mx\/tienda\/producto\/intel-bx80768285-procesador-core-ultra-9-285-s-1851-serie-2-hasta-5-6-ghz-cache-36mb-24-cores-8p16e-graficos-vpro-con-disipador-gamer-alto\/","og_locale":"es_MX","og_type":"article","og_title":"[ Intel ] &#129351; Bx80768285 Procesador Core Ultra 9-285 S- 1851 Serie 2 \/hasta 5.6 Ghz \/cache 36mb \/24 Cores 8p16e \/graficos \/vpro \/con Disipador \/gamer Alto","og_description":"Compra Bx80768285 Procesador Core Ultra 9-285 S- 1851 Serie 2 \/hasta 5.6 Ghz \/cache 36mb \/24 Cores 8p16e \/graficos \/vpro \/con Disipador \/gamer Alto + Env\u00edo a domicilio + Pago seguro + Garant\u00eda","og_url":"https:\/\/compuviper.mx\/tienda\/producto\/intel-bx80768285-procesador-core-ultra-9-285-s-1851-serie-2-hasta-5-6-ghz-cache-36mb-24-cores-8p16e-graficos-vpro-con-disipador-gamer-alto\/","og_site_name":"Compuviper","article_publisher":"https:\/\/www.facebook.com\/compuviper","article_modified_time":"2026-04-03T06:00:04+00:00","og_image":[{"width":200,"height":200,"url":"https:\/\/compuviper.mx\/tienda\/wp-content\/uploads\/2026\/01\/Procesador-intel-core-ultra-9-285-s-1851-serie-2-hasta-5.6-ghz-cache-36mb-24-cores-8p16e-graficos-intel-vpro-con-disipador-gamer-alto.jpg","type":"image\/jpeg"}],"twitter_card":"summary_large_image","twitter_misc":{"Precio":"&#36;10,333 con IVA","Availability":"In stock"},"schema":{"@context":"https:\/\/schema.org","@graph":[{"@type":"WebPage","@id":"https:\/\/compuviper.mx\/tienda\/producto\/intel-bx80768285-procesador-core-ultra-9-285-s-1851-serie-2-hasta-5-6-ghz-cache-36mb-24-cores-8p16e-graficos-vpro-con-disipador-gamer-alto\/","url":"https:\/\/compuviper.mx\/tienda\/producto\/intel-bx80768285-procesador-core-ultra-9-285-s-1851-serie-2-hasta-5-6-ghz-cache-36mb-24-cores-8p16e-graficos-vpro-con-disipador-gamer-alto\/","name":"[ Intel ] &#129351; Bx80768285 Procesador Core Ultra 9-285 S- 1851 Serie 2 \/hasta 5.6 Ghz \/cache 36mb \/24 Cores 8p16e \/graficos \/vpro \/con Disipador \/gamer Alto","isPartOf":{"@id":"https:\/\/compuviper.mx\/tienda\/#website"},"datePublished":"2026-04-02T06:06:32+00:00","dateModified":"2026-04-03T06:00:04+00:00","description":"Compra Bx80768285 Procesador Core Ultra 9-285 S- 1851 Serie 2 \/hasta 5.6 Ghz \/cache 36mb \/24 Cores 8p16e \/graficos \/vpro \/con Disipador \/gamer Alto + Env\u00edo a domicilio + Pago seguro + Garant\u00eda","breadcrumb":{"@id":"https:\/\/compuviper.mx\/tienda\/producto\/intel-bx80768285-procesador-core-ultra-9-285-s-1851-serie-2-hasta-5-6-ghz-cache-36mb-24-cores-8p16e-graficos-vpro-con-disipador-gamer-alto\/#breadcrumb"},"inLanguage":"es-MX","potentialAction":[{"@type":"ReadAction","target":["https:\/\/compuviper.mx\/tienda\/producto\/intel-bx80768285-procesador-core-ultra-9-285-s-1851-serie-2-hasta-5-6-ghz-cache-36mb-24-cores-8p16e-graficos-vpro-con-disipador-gamer-alto\/"]}]},{"@type":"BreadcrumbList","@id":"https:\/\/compuviper.mx\/tienda\/producto\/intel-bx80768285-procesador-core-ultra-9-285-s-1851-serie-2-hasta-5-6-ghz-cache-36mb-24-cores-8p16e-graficos-vpro-con-disipador-gamer-alto\/#breadcrumb","itemListElement":[{"@type":"ListItem","position":1,"name":"Inicio","item":"https:\/\/compuviper.mx\/tienda\/"},{"@type":"ListItem","position":2,"name":"Productos","item":"https:\/\/compuviper.mx\/tienda\/productos\/"},{"@type":"ListItem","position":3,"name":"Procesadores","item":"https:\/\/compuviper.mx\/tienda\/categoria-producto\/procesadores\/"},{"@type":"ListItem","position":4,"name":"Intel Core Ultra 9","item":"https:\/\/compuviper.mx\/tienda\/categoria-producto\/procesadores\/intel-core-ultra-9\/"},{"@type":"ListItem","position":5,"name":"Intel Bx80768285 Procesador Core Ultra 9-285 S- 1851 Serie 2 \/hasta 5.6 Ghz \/cache 36mb \/24 Cores 8p16e \/graficos \/vpro \/con Disipador \/gamer Alto"}]},{"@type":"WebSite","@id":"https:\/\/compuviper.mx\/tienda\/#website","url":"https:\/\/compuviper.mx\/tienda\/","name":"Compuviper","description":"Proveedor de Computadoras, Laptops, Servidores, Monitores, Puntos de Venta, Teclados,   Impresoras, T\u00f3ner, C\u00e1maras de Seguridad y m\u00e1s en tu tienda en l\u00ednea","publisher":{"@id":"https:\/\/compuviper.mx\/tienda\/#organization"},"potentialAction":[{"@type":"SearchAction","target":{"@type":"EntryPoint","urlTemplate":"https:\/\/compuviper.mx\/tienda\/?s={search_term_string}"},"query-input":"required name=search_term_string"}],"inLanguage":"es-MX"},{"@type":"Organization","@id":"https:\/\/compuviper.mx\/tienda\/#organization","name":"Compuviper","url":"https:\/\/compuviper.mx\/tienda\/","logo":{"@type":"ImageObject","inLanguage":"es-MX","@id":"https:\/\/compuviper.mx\/tienda\/#\/schema\/logo\/image\/","url":"https:\/\/compuviper.mx\/tienda\/wp-content\/uploads\/2021\/08\/Logo-Compuviper-10.png","contentUrl":"https:\/\/compuviper.mx\/tienda\/wp-content\/uploads\/2021\/08\/Logo-Compuviper-10.png","width":1000,"height":500,"caption":"Compuviper"},"image":{"@id":"https:\/\/compuviper.mx\/tienda\/#\/schema\/logo\/image\/"},"sameAs":["https:\/\/www.facebook.com\/compuviper","https:\/\/www.youtube.com\/channel\/UCf73dERp9Y3cfOq7q8BhLjA?view_as=subscriber"]}]},"product_brand":"INTEL","product_price_amount":"10333","product_price_currency":"MXN","og_availability":"instock","product_availability":"instock","product_retailer_item_id":"BX80768285","product_condition":"new"},"_links":{"self":[{"href":"https:\/\/compuviper.mx\/tienda\/wp-json\/wp\/v2\/product\/266150"}],"collection":[{"href":"https:\/\/compuviper.mx\/tienda\/wp-json\/wp\/v2\/product"}],"about":[{"href":"https:\/\/compuviper.mx\/tienda\/wp-json\/wp\/v2\/types\/product"}],"replies":[{"embeddable":true,"href":"https:\/\/compuviper.mx\/tienda\/wp-json\/wp\/v2\/comments?post=266150"}],"wp:featuredmedia":[{"embeddable":true,"href":"https:\/\/compuviper.mx\/tienda\/wp-json\/wp\/v2\/media\/266151"}],"wp:attachment":[{"href":"https:\/\/compuviper.mx\/tienda\/wp-json\/wp\/v2\/media?parent=266150"}],"wp:term":[{"taxonomy":"product_cat","embeddable":true,"href":"https:\/\/compuviper.mx\/tienda\/wp-json\/wp\/v2\/product_cat?post=266150"},{"taxonomy":"product_tag","embeddable":true,"href":"https:\/\/compuviper.mx\/tienda\/wp-json\/wp\/v2\/product_tag?post=266150"}],"curies":[{"name":"wp","href":"https:\/\/api.w.org\/{rel}","templated":true}]}}