{"id":266111,"date":"2026-04-02T01:50:18","date_gmt":"2026-04-02T07:50:18","guid":{"rendered":"https:\/\/compuviper.mx\/tienda\/producto\/adata-ad5s480016g-s-memoria-sodimm-ddr5-16gb-pc5-38400-4800mhz-cl40-260pin-1-1v-laptop-aio-mini-pcs\/"},"modified":"2026-04-02T01:50:18","modified_gmt":"2026-04-02T07:50:18","slug":"adata-ad5s480016g-s-memoria-sodimm-ddr5-16gb-pc5-38400-4800mhz-cl40-260pin-1-1v-laptop-aio-mini-pcs","status":"publish","type":"product","link":"https:\/\/compuviper.mx\/tienda\/producto\/adata-ad5s480016g-s-memoria-sodimm-ddr5-16gb-pc5-38400-4800mhz-cl40-260pin-1-1v-laptop-aio-mini-pcs\/","title":{"rendered":"Adata Ad5s480016g-s Memoria  Sodimm Ddr5 16gb Pc5-38400 4800mhz Cl40 260pin 1.1v Laptop\/aio\/mini Pcs"},"content":{"rendered":"<table class=\"descripcion\">\n<tr>\n<td>Capacidad: 16gb<\/td>\n<\/tr>\n<tr>\n<td>Modulo:dimm de 262 pines<\/td>\n<\/tr>\n<tr>\n<td>Fuente de alimentaci\u00f3n: vin= 5v<\/td>\n<\/tr>\n<tr>\n<td>Dram vdd 1,1 v<\/td>\n<\/tr>\n<tr>\n<td>Temperatura de funcionamiento:de 0\u00b0 a 85\u00b0c<\/td>\n<\/tr>\n<tr>\n<td>Caracteristicas: alta velocidad hasta 4800mhz<\/td>\n<\/tr>\n<tr>\n<td>Ic de administracion de energia incorporado, mas eficiente en energ\u00eda<\/td>\n<\/tr>\n<tr>\n<td>Capacidad duplicada<\/td>\n<\/tr>\n<tr>\n<td>Codigo de correccion de errores en matriz<\/td>\n<\/tr>\n<tr>\n<td>Estabilidad mejorada<\/td>\n<\/tr>\n<tr>\n<td>Admite cpu intel coretm serie 12<\/td>\n<\/tr>\n<tr>\n<td>Garant\u00eda: de por vida limitada<\/td>\n<\/tr>\n<\/table>\n","protected":false},"excerpt":{"rendered":"<p>El ddr5-4800 so-dimm ofrece frecuencias deslumbrantes de hasta 4800 mhz, un gran salto desde la m\u00e1xima frecuencia de los m\u00f3dulos ddr4 (3200 mhz) este modulo de memoria de pr\u00f3xima generaci\u00f3n funciona con solo 1,1 v, lo que lo hace un 8% mas energ\u00e9ticamente eficiente que ddr4. Ademas, cuenta con un ic de administraci\u00f3n de energ\u00eda (pmic) integrado para mejorar la estabilidad de la fuente de alimentaci\u00f3n<\/p>\n","protected":false},"featured_media":266112,"comment_status":"open","ping_status":"open","template":"","meta":[],"product_cat":[1793,1797],"product_tag":[1539],"acf":[],"yoast_head":"<!-- This site is optimized with the Yoast SEO plugin v21.7 - https:\/\/yoast.com\/wordpress\/plugins\/seo\/ -->\n<title>[ Adata ] &#129351; Ad5s480016g-s Memoria Sodimm Ddr5 16gb Pc5-38400 4800mhz Cl40 260pin 1.1v Laptop\/aio\/mini Pcs<\/title>\n<meta name=\"description\" content=\"Compra Ad5s480016g-s Memoria Sodimm Ddr5 16gb Pc5-38400 4800mhz Cl40 260pin 1.1v Laptop\/aio\/mini Pcs + Env\u00edo a domicilio + Pago seguro + Garant\u00eda\" \/>\n<meta name=\"robots\" content=\"index, follow, max-snippet:-1, max-image-preview:large, max-video-preview:-1\" \/>\n<link rel=\"canonical\" href=\"https:\/\/compuviper.mx\/tienda\/producto\/adata-ad5s480016g-s-memoria-sodimm-ddr5-16gb-pc5-38400-4800mhz-cl40-260pin-1-1v-laptop-aio-mini-pcs\/\" \/>\n<meta property=\"og:locale\" content=\"es_MX\" \/>\n<meta property=\"og:type\" content=\"article\" \/>\n<meta property=\"og:title\" content=\"[ Adata ] &#129351; Ad5s480016g-s Memoria Sodimm Ddr5 16gb Pc5-38400 4800mhz Cl40 260pin 1.1v Laptop\/aio\/mini Pcs\" \/>\n<meta property=\"og:description\" content=\"Compra Ad5s480016g-s Memoria Sodimm Ddr5 16gb Pc5-38400 4800mhz Cl40 260pin 1.1v Laptop\/aio\/mini Pcs + Env\u00edo a domicilio + Pago seguro + Garant\u00eda\" \/>\n<meta property=\"og:url\" content=\"https:\/\/compuviper.mx\/tienda\/producto\/adata-ad5s480016g-s-memoria-sodimm-ddr5-16gb-pc5-38400-4800mhz-cl40-260pin-1-1v-laptop-aio-mini-pcs\/\" \/>\n<meta property=\"og:site_name\" content=\"Compuviper\" \/>\n<meta property=\"article:publisher\" content=\"https:\/\/www.facebook.com\/compuviper\" \/>\n<meta property=\"og:image\" content=\"https:\/\/compuviper.mx\/tienda\/wp-content\/uploads\/2026\/01\/Memoria-adata-sodimm-ddr5-16gb-pc5-38400-4800mhz-cl40-260pin-1.1v-laptopaiomini-pcs-ad5s480016g-s.jpg\" \/>\n\t<meta property=\"og:image:width\" content=\"200\" \/>\n\t<meta property=\"og:image:height\" content=\"200\" \/>\n\t<meta property=\"og:image:type\" content=\"image\/jpeg\" \/>\n<meta name=\"twitter:card\" content=\"summary_large_image\" \/>\n<meta name=\"twitter:label1\" content=\"Precio\" \/>\n\t<meta name=\"twitter:data1\" content=\"&#36;3,265 &#36;2,949 con IVA\" \/>\n\t<meta name=\"twitter:label2\" content=\"Availability\" \/>\n\t<meta name=\"twitter:data2\" content=\"In stock\" \/>\n<script type=\"application\/ld+json\" class=\"yoast-schema-graph\">{\"@context\":\"https:\/\/schema.org\",\"@graph\":[{\"@type\":\"WebPage\",\"@id\":\"https:\/\/compuviper.mx\/tienda\/producto\/adata-ad5s480016g-s-memoria-sodimm-ddr5-16gb-pc5-38400-4800mhz-cl40-260pin-1-1v-laptop-aio-mini-pcs\/\",\"url\":\"https:\/\/compuviper.mx\/tienda\/producto\/adata-ad5s480016g-s-memoria-sodimm-ddr5-16gb-pc5-38400-4800mhz-cl40-260pin-1-1v-laptop-aio-mini-pcs\/\",\"name\":\"[ Adata ] &#129351; Ad5s480016g-s Memoria Sodimm Ddr5 16gb Pc5-38400 4800mhz Cl40 260pin 1.1v Laptop\/aio\/mini Pcs\",\"isPartOf\":{\"@id\":\"https:\/\/compuviper.mx\/tienda\/#website\"},\"datePublished\":\"2026-04-02T07:50:18+00:00\",\"dateModified\":\"2026-04-02T07:50:18+00:00\",\"description\":\"Compra Ad5s480016g-s Memoria Sodimm Ddr5 16gb Pc5-38400 4800mhz Cl40 260pin 1.1v Laptop\/aio\/mini Pcs + Env\u00edo a domicilio + Pago seguro + Garant\u00eda\",\"breadcrumb\":{\"@id\":\"https:\/\/compuviper.mx\/tienda\/producto\/adata-ad5s480016g-s-memoria-sodimm-ddr5-16gb-pc5-38400-4800mhz-cl40-260pin-1-1v-laptop-aio-mini-pcs\/#breadcrumb\"},\"inLanguage\":\"es-MX\",\"potentialAction\":[{\"@type\":\"ReadAction\",\"target\":[\"https:\/\/compuviper.mx\/tienda\/producto\/adata-ad5s480016g-s-memoria-sodimm-ddr5-16gb-pc5-38400-4800mhz-cl40-260pin-1-1v-laptop-aio-mini-pcs\/\"]}]},{\"@type\":\"BreadcrumbList\",\"@id\":\"https:\/\/compuviper.mx\/tienda\/producto\/adata-ad5s480016g-s-memoria-sodimm-ddr5-16gb-pc5-38400-4800mhz-cl40-260pin-1-1v-laptop-aio-mini-pcs\/#breadcrumb\",\"itemListElement\":[{\"@type\":\"ListItem\",\"position\":1,\"name\":\"Inicio\",\"item\":\"https:\/\/compuviper.mx\/tienda\/\"},{\"@type\":\"ListItem\",\"position\":2,\"name\":\"Productos\",\"item\":\"https:\/\/compuviper.mx\/tienda\/productos\/\"},{\"@type\":\"ListItem\",\"position\":3,\"name\":\"Memorias\",\"item\":\"https:\/\/compuviper.mx\/tienda\/categoria-producto\/memorias\/\"},{\"@type\":\"ListItem\",\"position\":4,\"name\":\"Memoria Ram\",\"item\":\"https:\/\/compuviper.mx\/tienda\/categoria-producto\/memorias\/memoria-ram\/\"},{\"@type\":\"ListItem\",\"position\":5,\"name\":\"Adata Ad5s480016g-s Memoria Sodimm Ddr5 16gb Pc5-38400 4800mhz Cl40 260pin 1.1v Laptop\/aio\/mini Pcs\"}]},{\"@type\":\"WebSite\",\"@id\":\"https:\/\/compuviper.mx\/tienda\/#website\",\"url\":\"https:\/\/compuviper.mx\/tienda\/\",\"name\":\"Compuviper\",\"description\":\"Proveedor de Computadoras, Laptops, Servidores, Monitores, Puntos de Venta, Teclados,   Impresoras, T\u00f3ner, C\u00e1maras de Seguridad y m\u00e1s en tu tienda en l\u00ednea\",\"publisher\":{\"@id\":\"https:\/\/compuviper.mx\/tienda\/#organization\"},\"potentialAction\":[{\"@type\":\"SearchAction\",\"target\":{\"@type\":\"EntryPoint\",\"urlTemplate\":\"https:\/\/compuviper.mx\/tienda\/?s={search_term_string}\"},\"query-input\":\"required name=search_term_string\"}],\"inLanguage\":\"es-MX\"},{\"@type\":\"Organization\",\"@id\":\"https:\/\/compuviper.mx\/tienda\/#organization\",\"name\":\"Compuviper\",\"url\":\"https:\/\/compuviper.mx\/tienda\/\",\"logo\":{\"@type\":\"ImageObject\",\"inLanguage\":\"es-MX\",\"@id\":\"https:\/\/compuviper.mx\/tienda\/#\/schema\/logo\/image\/\",\"url\":\"https:\/\/compuviper.mx\/tienda\/wp-content\/uploads\/2021\/08\/Logo-Compuviper-10.png\",\"contentUrl\":\"https:\/\/compuviper.mx\/tienda\/wp-content\/uploads\/2021\/08\/Logo-Compuviper-10.png\",\"width\":1000,\"height\":500,\"caption\":\"Compuviper\"},\"image\":{\"@id\":\"https:\/\/compuviper.mx\/tienda\/#\/schema\/logo\/image\/\"},\"sameAs\":[\"https:\/\/www.facebook.com\/compuviper\",\"https:\/\/www.youtube.com\/channel\/UCf73dERp9Y3cfOq7q8BhLjA?view_as=subscriber\"]}]}<\/script>\n<meta property=\"product:brand\" content=\"ADATA\" \/>\n<meta property=\"product:price:amount\" content=\"2949\" \/>\n<meta property=\"product:price:currency\" content=\"MXN\" \/>\n<meta property=\"og:availability\" content=\"instock\" \/>\n<meta property=\"product:availability\" content=\"instock\" \/>\n<meta property=\"product:retailer_item_id\" content=\"AD5S480016G-S\" \/>\n<meta property=\"product:condition\" content=\"new\" \/>\n<!-- \/ Yoast SEO plugin. -->","yoast_head_json":{"title":"[ Adata ] &#129351; Ad5s480016g-s Memoria Sodimm Ddr5 16gb Pc5-38400 4800mhz Cl40 260pin 1.1v Laptop\/aio\/mini Pcs","description":"Compra Ad5s480016g-s Memoria Sodimm Ddr5 16gb Pc5-38400 4800mhz Cl40 260pin 1.1v Laptop\/aio\/mini Pcs + Env\u00edo a domicilio + Pago seguro + Garant\u00eda","robots":{"index":"index","follow":"follow","max-snippet":"max-snippet:-1","max-image-preview":"max-image-preview:large","max-video-preview":"max-video-preview:-1"},"canonical":"https:\/\/compuviper.mx\/tienda\/producto\/adata-ad5s480016g-s-memoria-sodimm-ddr5-16gb-pc5-38400-4800mhz-cl40-260pin-1-1v-laptop-aio-mini-pcs\/","og_locale":"es_MX","og_type":"article","og_title":"[ Adata ] &#129351; Ad5s480016g-s Memoria Sodimm Ddr5 16gb Pc5-38400 4800mhz Cl40 260pin 1.1v Laptop\/aio\/mini Pcs","og_description":"Compra Ad5s480016g-s Memoria Sodimm Ddr5 16gb Pc5-38400 4800mhz Cl40 260pin 1.1v Laptop\/aio\/mini Pcs + Env\u00edo a domicilio + Pago seguro + Garant\u00eda","og_url":"https:\/\/compuviper.mx\/tienda\/producto\/adata-ad5s480016g-s-memoria-sodimm-ddr5-16gb-pc5-38400-4800mhz-cl40-260pin-1-1v-laptop-aio-mini-pcs\/","og_site_name":"Compuviper","article_publisher":"https:\/\/www.facebook.com\/compuviper","og_image":[{"width":200,"height":200,"url":"https:\/\/compuviper.mx\/tienda\/wp-content\/uploads\/2026\/01\/Memoria-adata-sodimm-ddr5-16gb-pc5-38400-4800mhz-cl40-260pin-1.1v-laptopaiomini-pcs-ad5s480016g-s.jpg","type":"image\/jpeg"}],"twitter_card":"summary_large_image","twitter_misc":{"Precio":"&#36;3,265 &#36;2,949 con IVA","Availability":"In stock"},"schema":{"@context":"https:\/\/schema.org","@graph":[{"@type":"WebPage","@id":"https:\/\/compuviper.mx\/tienda\/producto\/adata-ad5s480016g-s-memoria-sodimm-ddr5-16gb-pc5-38400-4800mhz-cl40-260pin-1-1v-laptop-aio-mini-pcs\/","url":"https:\/\/compuviper.mx\/tienda\/producto\/adata-ad5s480016g-s-memoria-sodimm-ddr5-16gb-pc5-38400-4800mhz-cl40-260pin-1-1v-laptop-aio-mini-pcs\/","name":"[ Adata ] &#129351; Ad5s480016g-s Memoria Sodimm Ddr5 16gb Pc5-38400 4800mhz Cl40 260pin 1.1v Laptop\/aio\/mini Pcs","isPartOf":{"@id":"https:\/\/compuviper.mx\/tienda\/#website"},"datePublished":"2026-04-02T07:50:18+00:00","dateModified":"2026-04-02T07:50:18+00:00","description":"Compra Ad5s480016g-s Memoria Sodimm Ddr5 16gb Pc5-38400 4800mhz Cl40 260pin 1.1v Laptop\/aio\/mini Pcs + Env\u00edo a domicilio + Pago seguro + Garant\u00eda","breadcrumb":{"@id":"https:\/\/compuviper.mx\/tienda\/producto\/adata-ad5s480016g-s-memoria-sodimm-ddr5-16gb-pc5-38400-4800mhz-cl40-260pin-1-1v-laptop-aio-mini-pcs\/#breadcrumb"},"inLanguage":"es-MX","potentialAction":[{"@type":"ReadAction","target":["https:\/\/compuviper.mx\/tienda\/producto\/adata-ad5s480016g-s-memoria-sodimm-ddr5-16gb-pc5-38400-4800mhz-cl40-260pin-1-1v-laptop-aio-mini-pcs\/"]}]},{"@type":"BreadcrumbList","@id":"https:\/\/compuviper.mx\/tienda\/producto\/adata-ad5s480016g-s-memoria-sodimm-ddr5-16gb-pc5-38400-4800mhz-cl40-260pin-1-1v-laptop-aio-mini-pcs\/#breadcrumb","itemListElement":[{"@type":"ListItem","position":1,"name":"Inicio","item":"https:\/\/compuviper.mx\/tienda\/"},{"@type":"ListItem","position":2,"name":"Productos","item":"https:\/\/compuviper.mx\/tienda\/productos\/"},{"@type":"ListItem","position":3,"name":"Memorias","item":"https:\/\/compuviper.mx\/tienda\/categoria-producto\/memorias\/"},{"@type":"ListItem","position":4,"name":"Memoria Ram","item":"https:\/\/compuviper.mx\/tienda\/categoria-producto\/memorias\/memoria-ram\/"},{"@type":"ListItem","position":5,"name":"Adata Ad5s480016g-s Memoria Sodimm Ddr5 16gb Pc5-38400 4800mhz Cl40 260pin 1.1v Laptop\/aio\/mini Pcs"}]},{"@type":"WebSite","@id":"https:\/\/compuviper.mx\/tienda\/#website","url":"https:\/\/compuviper.mx\/tienda\/","name":"Compuviper","description":"Proveedor de Computadoras, Laptops, Servidores, Monitores, Puntos de Venta, Teclados,   Impresoras, T\u00f3ner, C\u00e1maras de Seguridad y m\u00e1s en tu tienda en l\u00ednea","publisher":{"@id":"https:\/\/compuviper.mx\/tienda\/#organization"},"potentialAction":[{"@type":"SearchAction","target":{"@type":"EntryPoint","urlTemplate":"https:\/\/compuviper.mx\/tienda\/?s={search_term_string}"},"query-input":"required name=search_term_string"}],"inLanguage":"es-MX"},{"@type":"Organization","@id":"https:\/\/compuviper.mx\/tienda\/#organization","name":"Compuviper","url":"https:\/\/compuviper.mx\/tienda\/","logo":{"@type":"ImageObject","inLanguage":"es-MX","@id":"https:\/\/compuviper.mx\/tienda\/#\/schema\/logo\/image\/","url":"https:\/\/compuviper.mx\/tienda\/wp-content\/uploads\/2021\/08\/Logo-Compuviper-10.png","contentUrl":"https:\/\/compuviper.mx\/tienda\/wp-content\/uploads\/2021\/08\/Logo-Compuviper-10.png","width":1000,"height":500,"caption":"Compuviper"},"image":{"@id":"https:\/\/compuviper.mx\/tienda\/#\/schema\/logo\/image\/"},"sameAs":["https:\/\/www.facebook.com\/compuviper","https:\/\/www.youtube.com\/channel\/UCf73dERp9Y3cfOq7q8BhLjA?view_as=subscriber"]}]},"product_brand":"ADATA","product_price_amount":"2949","product_price_currency":"MXN","og_availability":"instock","product_availability":"instock","product_retailer_item_id":"AD5S480016G-S","product_condition":"new"},"_links":{"self":[{"href":"https:\/\/compuviper.mx\/tienda\/wp-json\/wp\/v2\/product\/266111"}],"collection":[{"href":"https:\/\/compuviper.mx\/tienda\/wp-json\/wp\/v2\/product"}],"about":[{"href":"https:\/\/compuviper.mx\/tienda\/wp-json\/wp\/v2\/types\/product"}],"replies":[{"embeddable":true,"href":"https:\/\/compuviper.mx\/tienda\/wp-json\/wp\/v2\/comments?post=266111"}],"wp:featuredmedia":[{"embeddable":true,"href":"https:\/\/compuviper.mx\/tienda\/wp-json\/wp\/v2\/media\/266112"}],"wp:attachment":[{"href":"https:\/\/compuviper.mx\/tienda\/wp-json\/wp\/v2\/media?parent=266111"}],"wp:term":[{"taxonomy":"product_cat","embeddable":true,"href":"https:\/\/compuviper.mx\/tienda\/wp-json\/wp\/v2\/product_cat?post=266111"},{"taxonomy":"product_tag","embeddable":true,"href":"https:\/\/compuviper.mx\/tienda\/wp-json\/wp\/v2\/product_tag?post=266111"}],"curies":[{"name":"wp","href":"https:\/\/api.w.org\/{rel}","templated":true}]}}