{"id":266097,"date":"2026-05-12T01:47:39","date_gmt":"2026-05-12T07:47:39","guid":{"rendered":"https:\/\/compuviper.mx\/tienda\/producto\/adata-addu1600w8g11-s-memoria-udimm-ddr3l-8gb-pc3-12800-1600mhz-cl11-240pin-1-35v-p-pc\/"},"modified":"2026-05-12T01:47:39","modified_gmt":"2026-05-12T07:47:39","slug":"adata-addu1600w8g11-s-memoria-udimm-ddr3l-8gb-pc3-12800-1600mhz-cl11-240pin-1-35v-p-pc","status":"publish","type":"product","link":"https:\/\/compuviper.mx\/tienda\/producto\/adata-addu1600w8g11-s-memoria-udimm-ddr3l-8gb-pc3-12800-1600mhz-cl11-240pin-1-35v-p-pc\/","title":{"rendered":"Adata Addu1600w8g11-s Memoria  Udimm Ddr3l 8gb Pc3-12800 1600mhz Cl11 240pin 1.35v P\/pc"},"content":{"rendered":"<table class=\"descripcion\">\n<tr>\n<td>Adecuada para pc<\/td>\n<\/tr>\n<tr>\n<td>Especificacion del modulo 240pin unbuffered dimm udimm<\/td>\n<\/tr>\n<tr>\n<td>Capacidad 8gb<\/td>\n<\/tr>\n<tr>\n<td>Configuracion ic 256 x 8, 512 x 8<\/td>\n<\/tr>\n<tr>\n<td>Latencia cas 11<\/td>\n<\/tr>\n<tr>\n<td>Voltaje de funcionamiento 1.35v (1.283v-1.45v)<\/td>\n<\/tr>\n<tr>\n<td>Garantiade por vida,  primer a\u00f1o corre por cuenta de  el resto con fabricante<\/td>\n<\/tr>\n<\/table>\n","protected":false},"excerpt":{"rendered":"<p>La ddr3l serie premier de 1600 mbps y 240 contactos (dimm sin b\u00fafer) son m\u00f3dulos de dise\u00f1o de contactos est\u00e1ndares que funcionan a 1,35 voltios, con un ancho de banda de transmisi\u00f3n de hasta 12,8 gb\/segundo (pc3l 12800). Tecnolog\u00eda punta de implementaci\u00f3n de los m\u00f3dulos de memoria que permite gran densidad de memoria en un \u00fanico m\u00f3dulo. Todos los m\u00f3dulos cumplen con los est\u00e1ndares de producci\u00f3n jedec (joint electron device engineering council, jedec solid state technology association) y rohs, asegurando al mismo tiempo la compatibilidad con todos los dem\u00e1s sistemas y adoptando el mismo producto est\u00e1ndar y ecol\u00f3gico. Los m\u00f3dulos de memoria de la serie adata vienen con una garant\u00eda y servicio de por vida, ofreciendo una protecci\u00f3n excepcional.<\/p>\n","protected":false},"featured_media":266098,"comment_status":"open","ping_status":"open","template":"","meta":[],"product_cat":[1797,1793],"product_tag":[1539],"acf":[],"yoast_head":"<!-- This site is optimized with the Yoast SEO plugin v21.7 - https:\/\/yoast.com\/wordpress\/plugins\/seo\/ -->\n<title>[ Adata ] &#129351; Addu1600w8g11-s Memoria Udimm Ddr3l 8gb Pc3-12800 1600mhz Cl11 240pin 1.35v P\/pc<\/title>\n<meta name=\"description\" content=\"Compra Addu1600w8g11-s Memoria Udimm Ddr3l 8gb Pc3-12800 1600mhz Cl11 240pin 1.35v P\/pc + Env\u00edo a domicilio + Pago seguro + Garant\u00eda\" \/>\n<meta name=\"robots\" content=\"index, follow, max-snippet:-1, max-image-preview:large, max-video-preview:-1\" \/>\n<link rel=\"canonical\" href=\"https:\/\/compuviper.mx\/tienda\/producto\/adata-addu1600w8g11-s-memoria-udimm-ddr3l-8gb-pc3-12800-1600mhz-cl11-240pin-1-35v-p-pc\/\" \/>\n<meta property=\"og:locale\" content=\"es_MX\" \/>\n<meta property=\"og:type\" content=\"article\" \/>\n<meta property=\"og:title\" content=\"[ Adata ] &#129351; Addu1600w8g11-s Memoria Udimm Ddr3l 8gb Pc3-12800 1600mhz Cl11 240pin 1.35v P\/pc\" \/>\n<meta property=\"og:description\" content=\"Compra Addu1600w8g11-s Memoria Udimm Ddr3l 8gb Pc3-12800 1600mhz Cl11 240pin 1.35v P\/pc + Env\u00edo a domicilio + Pago seguro + Garant\u00eda\" \/>\n<meta property=\"og:url\" content=\"https:\/\/compuviper.mx\/tienda\/producto\/adata-addu1600w8g11-s-memoria-udimm-ddr3l-8gb-pc3-12800-1600mhz-cl11-240pin-1-35v-p-pc\/\" \/>\n<meta property=\"og:site_name\" content=\"Compuviper\" \/>\n<meta property=\"article:publisher\" content=\"https:\/\/www.facebook.com\/compuviper\" \/>\n<meta property=\"og:image\" content=\"https:\/\/compuviper.mx\/tienda\/wp-content\/uploads\/2026\/01\/Memoria-adata-udimm-ddr3l-8gb-pc3-12800-1600mhz-cl11-240pin-1.35v-ppc-addu1600w8g11-s.jpg\" \/>\n\t<meta property=\"og:image:width\" content=\"200\" \/>\n\t<meta property=\"og:image:height\" content=\"200\" \/>\n\t<meta property=\"og:image:type\" content=\"image\/jpeg\" \/>\n<meta name=\"twitter:card\" content=\"summary_large_image\" \/>\n<meta name=\"twitter:label1\" content=\"Precio\" \/>\n\t<meta name=\"twitter:data1\" content=\"&#36;770 &#36;754 con IVA\" \/>\n\t<meta name=\"twitter:label2\" content=\"Availability\" \/>\n\t<meta name=\"twitter:data2\" content=\"In stock\" \/>\n<script type=\"application\/ld+json\" class=\"yoast-schema-graph\">{\"@context\":\"https:\/\/schema.org\",\"@graph\":[{\"@type\":\"WebPage\",\"@id\":\"https:\/\/compuviper.mx\/tienda\/producto\/adata-addu1600w8g11-s-memoria-udimm-ddr3l-8gb-pc3-12800-1600mhz-cl11-240pin-1-35v-p-pc\/\",\"url\":\"https:\/\/compuviper.mx\/tienda\/producto\/adata-addu1600w8g11-s-memoria-udimm-ddr3l-8gb-pc3-12800-1600mhz-cl11-240pin-1-35v-p-pc\/\",\"name\":\"[ Adata ] &#129351; Addu1600w8g11-s Memoria Udimm Ddr3l 8gb Pc3-12800 1600mhz Cl11 240pin 1.35v P\/pc\",\"isPartOf\":{\"@id\":\"https:\/\/compuviper.mx\/tienda\/#website\"},\"datePublished\":\"2026-05-12T07:47:39+00:00\",\"dateModified\":\"2026-05-12T07:47:39+00:00\",\"description\":\"Compra Addu1600w8g11-s Memoria Udimm Ddr3l 8gb Pc3-12800 1600mhz Cl11 240pin 1.35v P\/pc + Env\u00edo a domicilio + Pago seguro + Garant\u00eda\",\"breadcrumb\":{\"@id\":\"https:\/\/compuviper.mx\/tienda\/producto\/adata-addu1600w8g11-s-memoria-udimm-ddr3l-8gb-pc3-12800-1600mhz-cl11-240pin-1-35v-p-pc\/#breadcrumb\"},\"inLanguage\":\"es-MX\",\"potentialAction\":[{\"@type\":\"ReadAction\",\"target\":[\"https:\/\/compuviper.mx\/tienda\/producto\/adata-addu1600w8g11-s-memoria-udimm-ddr3l-8gb-pc3-12800-1600mhz-cl11-240pin-1-35v-p-pc\/\"]}]},{\"@type\":\"BreadcrumbList\",\"@id\":\"https:\/\/compuviper.mx\/tienda\/producto\/adata-addu1600w8g11-s-memoria-udimm-ddr3l-8gb-pc3-12800-1600mhz-cl11-240pin-1-35v-p-pc\/#breadcrumb\",\"itemListElement\":[{\"@type\":\"ListItem\",\"position\":1,\"name\":\"Inicio\",\"item\":\"https:\/\/compuviper.mx\/tienda\/\"},{\"@type\":\"ListItem\",\"position\":2,\"name\":\"Productos\",\"item\":\"https:\/\/compuviper.mx\/tienda\/productos\/\"},{\"@type\":\"ListItem\",\"position\":3,\"name\":\"Memorias\",\"item\":\"https:\/\/compuviper.mx\/tienda\/categoria-producto\/memorias\/\"},{\"@type\":\"ListItem\",\"position\":4,\"name\":\"Memoria Ram\",\"item\":\"https:\/\/compuviper.mx\/tienda\/categoria-producto\/memorias\/memoria-ram\/\"},{\"@type\":\"ListItem\",\"position\":5,\"name\":\"Adata Addu1600w8g11-s Memoria Udimm Ddr3l 8gb Pc3-12800 1600mhz Cl11 240pin 1.35v P\/pc\"}]},{\"@type\":\"WebSite\",\"@id\":\"https:\/\/compuviper.mx\/tienda\/#website\",\"url\":\"https:\/\/compuviper.mx\/tienda\/\",\"name\":\"Compuviper\",\"description\":\"Proveedor de Computadoras, Laptops, Servidores, Monitores, Puntos de Venta, Teclados,   Impresoras, T\u00f3ner, C\u00e1maras de Seguridad y m\u00e1s en tu tienda en l\u00ednea\",\"publisher\":{\"@id\":\"https:\/\/compuviper.mx\/tienda\/#organization\"},\"potentialAction\":[{\"@type\":\"SearchAction\",\"target\":{\"@type\":\"EntryPoint\",\"urlTemplate\":\"https:\/\/compuviper.mx\/tienda\/?s={search_term_string}\"},\"query-input\":\"required name=search_term_string\"}],\"inLanguage\":\"es-MX\"},{\"@type\":\"Organization\",\"@id\":\"https:\/\/compuviper.mx\/tienda\/#organization\",\"name\":\"Compuviper\",\"url\":\"https:\/\/compuviper.mx\/tienda\/\",\"logo\":{\"@type\":\"ImageObject\",\"inLanguage\":\"es-MX\",\"@id\":\"https:\/\/compuviper.mx\/tienda\/#\/schema\/logo\/image\/\",\"url\":\"https:\/\/compuviper.mx\/tienda\/wp-content\/uploads\/2021\/08\/Logo-Compuviper-10.png\",\"contentUrl\":\"https:\/\/compuviper.mx\/tienda\/wp-content\/uploads\/2021\/08\/Logo-Compuviper-10.png\",\"width\":1000,\"height\":500,\"caption\":\"Compuviper\"},\"image\":{\"@id\":\"https:\/\/compuviper.mx\/tienda\/#\/schema\/logo\/image\/\"},\"sameAs\":[\"https:\/\/www.facebook.com\/compuviper\",\"https:\/\/www.youtube.com\/channel\/UCf73dERp9Y3cfOq7q8BhLjA?view_as=subscriber\"]}]}<\/script>\n<meta property=\"product:brand\" content=\"ADATA\" \/>\n<meta property=\"product:price:amount\" content=\"754\" \/>\n<meta property=\"product:price:currency\" content=\"MXN\" \/>\n<meta property=\"og:availability\" content=\"instock\" \/>\n<meta property=\"product:availability\" content=\"instock\" \/>\n<meta property=\"product:retailer_item_id\" content=\"ADDU1600W8G11-S\" \/>\n<meta property=\"product:condition\" content=\"new\" \/>\n<!-- \/ Yoast SEO plugin. -->","yoast_head_json":{"title":"[ Adata ] &#129351; Addu1600w8g11-s Memoria Udimm Ddr3l 8gb Pc3-12800 1600mhz Cl11 240pin 1.35v P\/pc","description":"Compra Addu1600w8g11-s Memoria Udimm Ddr3l 8gb Pc3-12800 1600mhz Cl11 240pin 1.35v P\/pc + Env\u00edo a domicilio + Pago seguro + Garant\u00eda","robots":{"index":"index","follow":"follow","max-snippet":"max-snippet:-1","max-image-preview":"max-image-preview:large","max-video-preview":"max-video-preview:-1"},"canonical":"https:\/\/compuviper.mx\/tienda\/producto\/adata-addu1600w8g11-s-memoria-udimm-ddr3l-8gb-pc3-12800-1600mhz-cl11-240pin-1-35v-p-pc\/","og_locale":"es_MX","og_type":"article","og_title":"[ Adata ] &#129351; Addu1600w8g11-s Memoria Udimm Ddr3l 8gb Pc3-12800 1600mhz Cl11 240pin 1.35v P\/pc","og_description":"Compra Addu1600w8g11-s Memoria Udimm Ddr3l 8gb Pc3-12800 1600mhz Cl11 240pin 1.35v P\/pc + Env\u00edo a domicilio + Pago seguro + Garant\u00eda","og_url":"https:\/\/compuviper.mx\/tienda\/producto\/adata-addu1600w8g11-s-memoria-udimm-ddr3l-8gb-pc3-12800-1600mhz-cl11-240pin-1-35v-p-pc\/","og_site_name":"Compuviper","article_publisher":"https:\/\/www.facebook.com\/compuviper","og_image":[{"width":200,"height":200,"url":"https:\/\/compuviper.mx\/tienda\/wp-content\/uploads\/2026\/01\/Memoria-adata-udimm-ddr3l-8gb-pc3-12800-1600mhz-cl11-240pin-1.35v-ppc-addu1600w8g11-s.jpg","type":"image\/jpeg"}],"twitter_card":"summary_large_image","twitter_misc":{"Precio":"&#36;770 &#36;754 con IVA","Availability":"In stock"},"schema":{"@context":"https:\/\/schema.org","@graph":[{"@type":"WebPage","@id":"https:\/\/compuviper.mx\/tienda\/producto\/adata-addu1600w8g11-s-memoria-udimm-ddr3l-8gb-pc3-12800-1600mhz-cl11-240pin-1-35v-p-pc\/","url":"https:\/\/compuviper.mx\/tienda\/producto\/adata-addu1600w8g11-s-memoria-udimm-ddr3l-8gb-pc3-12800-1600mhz-cl11-240pin-1-35v-p-pc\/","name":"[ Adata ] &#129351; Addu1600w8g11-s Memoria Udimm Ddr3l 8gb Pc3-12800 1600mhz Cl11 240pin 1.35v P\/pc","isPartOf":{"@id":"https:\/\/compuviper.mx\/tienda\/#website"},"datePublished":"2026-05-12T07:47:39+00:00","dateModified":"2026-05-12T07:47:39+00:00","description":"Compra Addu1600w8g11-s Memoria Udimm Ddr3l 8gb Pc3-12800 1600mhz Cl11 240pin 1.35v P\/pc + Env\u00edo a domicilio + Pago seguro + Garant\u00eda","breadcrumb":{"@id":"https:\/\/compuviper.mx\/tienda\/producto\/adata-addu1600w8g11-s-memoria-udimm-ddr3l-8gb-pc3-12800-1600mhz-cl11-240pin-1-35v-p-pc\/#breadcrumb"},"inLanguage":"es-MX","potentialAction":[{"@type":"ReadAction","target":["https:\/\/compuviper.mx\/tienda\/producto\/adata-addu1600w8g11-s-memoria-udimm-ddr3l-8gb-pc3-12800-1600mhz-cl11-240pin-1-35v-p-pc\/"]}]},{"@type":"BreadcrumbList","@id":"https:\/\/compuviper.mx\/tienda\/producto\/adata-addu1600w8g11-s-memoria-udimm-ddr3l-8gb-pc3-12800-1600mhz-cl11-240pin-1-35v-p-pc\/#breadcrumb","itemListElement":[{"@type":"ListItem","position":1,"name":"Inicio","item":"https:\/\/compuviper.mx\/tienda\/"},{"@type":"ListItem","position":2,"name":"Productos","item":"https:\/\/compuviper.mx\/tienda\/productos\/"},{"@type":"ListItem","position":3,"name":"Memorias","item":"https:\/\/compuviper.mx\/tienda\/categoria-producto\/memorias\/"},{"@type":"ListItem","position":4,"name":"Memoria Ram","item":"https:\/\/compuviper.mx\/tienda\/categoria-producto\/memorias\/memoria-ram\/"},{"@type":"ListItem","position":5,"name":"Adata Addu1600w8g11-s Memoria Udimm Ddr3l 8gb Pc3-12800 1600mhz Cl11 240pin 1.35v P\/pc"}]},{"@type":"WebSite","@id":"https:\/\/compuviper.mx\/tienda\/#website","url":"https:\/\/compuviper.mx\/tienda\/","name":"Compuviper","description":"Proveedor de Computadoras, Laptops, Servidores, Monitores, Puntos de Venta, Teclados,   Impresoras, T\u00f3ner, C\u00e1maras de Seguridad y m\u00e1s en tu tienda en l\u00ednea","publisher":{"@id":"https:\/\/compuviper.mx\/tienda\/#organization"},"potentialAction":[{"@type":"SearchAction","target":{"@type":"EntryPoint","urlTemplate":"https:\/\/compuviper.mx\/tienda\/?s={search_term_string}"},"query-input":"required name=search_term_string"}],"inLanguage":"es-MX"},{"@type":"Organization","@id":"https:\/\/compuviper.mx\/tienda\/#organization","name":"Compuviper","url":"https:\/\/compuviper.mx\/tienda\/","logo":{"@type":"ImageObject","inLanguage":"es-MX","@id":"https:\/\/compuviper.mx\/tienda\/#\/schema\/logo\/image\/","url":"https:\/\/compuviper.mx\/tienda\/wp-content\/uploads\/2021\/08\/Logo-Compuviper-10.png","contentUrl":"https:\/\/compuviper.mx\/tienda\/wp-content\/uploads\/2021\/08\/Logo-Compuviper-10.png","width":1000,"height":500,"caption":"Compuviper"},"image":{"@id":"https:\/\/compuviper.mx\/tienda\/#\/schema\/logo\/image\/"},"sameAs":["https:\/\/www.facebook.com\/compuviper","https:\/\/www.youtube.com\/channel\/UCf73dERp9Y3cfOq7q8BhLjA?view_as=subscriber"]}]},"product_brand":"ADATA","product_price_amount":"754","product_price_currency":"MXN","og_availability":"instock","product_availability":"instock","product_retailer_item_id":"ADDU1600W8G11-S","product_condition":"new"},"_links":{"self":[{"href":"https:\/\/compuviper.mx\/tienda\/wp-json\/wp\/v2\/product\/266097"}],"collection":[{"href":"https:\/\/compuviper.mx\/tienda\/wp-json\/wp\/v2\/product"}],"about":[{"href":"https:\/\/compuviper.mx\/tienda\/wp-json\/wp\/v2\/types\/product"}],"replies":[{"embeddable":true,"href":"https:\/\/compuviper.mx\/tienda\/wp-json\/wp\/v2\/comments?post=266097"}],"wp:featuredmedia":[{"embeddable":true,"href":"https:\/\/compuviper.mx\/tienda\/wp-json\/wp\/v2\/media\/266098"}],"wp:attachment":[{"href":"https:\/\/compuviper.mx\/tienda\/wp-json\/wp\/v2\/media?parent=266097"}],"wp:term":[{"taxonomy":"product_cat","embeddable":true,"href":"https:\/\/compuviper.mx\/tienda\/wp-json\/wp\/v2\/product_cat?post=266097"},{"taxonomy":"product_tag","embeddable":true,"href":"https:\/\/compuviper.mx\/tienda\/wp-json\/wp\/v2\/product_tag?post=266097"}],"curies":[{"name":"wp","href":"https:\/\/api.w.org\/{rel}","templated":true}]}}