{"id":266087,"date":"2026-04-02T01:47:04","date_gmt":"2026-04-02T07:47:04","guid":{"rendered":"https:\/\/compuviper.mx\/tienda\/producto\/adata-auv220-32g-rwhgy-memoria-32gb-usb-2-0-uv220-retractil-blanco-gris\/"},"modified":"2026-04-03T00:00:22","modified_gmt":"2026-04-03T06:00:22","slug":"adata-auv220-32g-rwhgy-memoria-32gb-usb-2-0-uv220-retractil-blanco-gris","status":"publish","type":"product","link":"https:\/\/compuviper.mx\/tienda\/producto\/adata-auv220-32g-rwhgy-memoria-32gb-usb-2-0-uv220-retractil-blanco-gris\/","title":{"rendered":"Adata Auv220-32g-rwhgy Memoria  32gb Usb 2.0 Uv220 Retractil Blanco-gris ()"},"content":{"rendered":"<table class=\"descripcion\">\n<tr>\n<td>Capacidad 32gb<\/td>\n<\/tr>\n<tr>\n<td>Color azul blanco-gris<\/td>\n<\/tr>\n<tr>\n<td>Dimensiones (l x an x al)  55 x 19,5 x 10,2mm<\/td>\n<\/tr>\n<tr>\n<td>Peso 7,9g<\/td>\n<\/tr>\n<tr>\n<td>Interfaz  usb 2.0<\/td>\n<\/tr>\n<tr>\n<td>Requisitos del sistema  windows xp, vista, 7, 8, 8.1, 10, mac os 9.x y linux kernel 2.4 o superior, no necesita controlador<\/td>\n<\/tr>\n<tr>\n<td>Garantia: 5 a\u00f1os<\/td>\n<\/tr>\n<tr>\n<td>Nota  el rendimiento puede variar seg\u00fan la configuraci\u00f3n del hardware y la aplicaci\u00f3n de software<\/td>\n<\/tr>\n<tr>\n<td>Parte de la capacidad mostrada en un dispositivo de almacenamiento se utiliza para el formateo y otras funciones, y no est\u00e1 disponible para el almacenamiento de datos. la capacidad disponible real es inferior a la indicada en los productos.<\/td>\n<\/tr>\n<\/table>\n","protected":false},"excerpt":{"rendered":"<p>La uv220 incluye un conector usb deslizante, que sale suavemente desde la unidad con la pulsaci\u00f3n del dedo. El dise\u00f1o sin tapa elimina el problema de perder la tapa de la unidad. Ofrece diversas capacidades que van desde 8gb a 64gb, lo que le permite compartir m\u00e1s r\u00e1pido y almacenar m\u00e1s. Disponible en cuatro combinaciones de colores &#8211; blanco\/gris, negro\/azul, azul marino\/azul real y rosa\/azul turquesa para expresar su estilo personal. Podr\u00edamos tardar una eternidad mostrando los dispositivos que la uv220 puede usar. Pcs, tablets, televisores inteligentes, sistemas en el autom\u00f3vil, consolas de juegos, sistemas de entretenimiento dom\u00e9stico y muchos m\u00e1s.<\/p>\n","protected":false},"featured_media":266088,"comment_status":"open","ping_status":"open","template":"","meta":[],"product_cat":[1793,1796],"product_tag":[1539],"acf":[],"yoast_head":"<!-- This site is optimized with the Yoast SEO plugin v21.7 - https:\/\/yoast.com\/wordpress\/plugins\/seo\/ -->\n<title>[ Adata ] &#129351; Auv220-32g-rwhgy Memoria 32gb Usb 2.0 Uv220 Retractil Blanco-gris ()<\/title>\n<meta name=\"description\" content=\"Compra Auv220-32g-rwhgy Memoria 32gb Usb 2.0 Uv220 Retractil Blanco-gris () + Env\u00edo a domicilio + Pago seguro + Garant\u00eda\" \/>\n<meta name=\"robots\" content=\"index, follow, max-snippet:-1, max-image-preview:large, max-video-preview:-1\" \/>\n<link rel=\"canonical\" href=\"https:\/\/compuviper.mx\/tienda\/producto\/adata-auv220-32g-rwhgy-memoria-32gb-usb-2-0-uv220-retractil-blanco-gris\/\" \/>\n<meta property=\"og:locale\" content=\"es_MX\" \/>\n<meta property=\"og:type\" content=\"article\" \/>\n<meta property=\"og:title\" content=\"[ Adata ] &#129351; Auv220-32g-rwhgy Memoria 32gb Usb 2.0 Uv220 Retractil Blanco-gris ()\" \/>\n<meta property=\"og:description\" content=\"Compra Auv220-32g-rwhgy Memoria 32gb Usb 2.0 Uv220 Retractil Blanco-gris () + Env\u00edo a domicilio + Pago seguro + Garant\u00eda\" \/>\n<meta property=\"og:url\" content=\"https:\/\/compuviper.mx\/tienda\/producto\/adata-auv220-32g-rwhgy-memoria-32gb-usb-2-0-uv220-retractil-blanco-gris\/\" \/>\n<meta property=\"og:site_name\" content=\"Compuviper\" \/>\n<meta property=\"article:publisher\" content=\"https:\/\/www.facebook.com\/compuviper\" \/>\n<meta property=\"article:modified_time\" content=\"2026-04-03T06:00:22+00:00\" \/>\n<meta property=\"og:image\" content=\"https:\/\/compuviper.mx\/tienda\/wp-content\/uploads\/2026\/01\/Memoria-adata-32gb-usb-2.0-uv220-retractil-blanco-gris-auv220-32g-rwhgy.jpg\" \/>\n\t<meta property=\"og:image:width\" content=\"200\" \/>\n\t<meta property=\"og:image:height\" content=\"200\" \/>\n\t<meta property=\"og:image:type\" content=\"image\/jpeg\" \/>\n<meta name=\"twitter:card\" content=\"summary_large_image\" \/>\n<meta name=\"twitter:label1\" content=\"Precio\" \/>\n\t<meta name=\"twitter:data1\" content=\"&#36;87 con IVA\" \/>\n\t<meta name=\"twitter:label2\" content=\"Availability\" \/>\n\t<meta name=\"twitter:data2\" content=\"In stock\" \/>\n<script type=\"application\/ld+json\" class=\"yoast-schema-graph\">{\"@context\":\"https:\/\/schema.org\",\"@graph\":[{\"@type\":\"WebPage\",\"@id\":\"https:\/\/compuviper.mx\/tienda\/producto\/adata-auv220-32g-rwhgy-memoria-32gb-usb-2-0-uv220-retractil-blanco-gris\/\",\"url\":\"https:\/\/compuviper.mx\/tienda\/producto\/adata-auv220-32g-rwhgy-memoria-32gb-usb-2-0-uv220-retractil-blanco-gris\/\",\"name\":\"[ Adata ] &#129351; Auv220-32g-rwhgy Memoria 32gb Usb 2.0 Uv220 Retractil Blanco-gris ()\",\"isPartOf\":{\"@id\":\"https:\/\/compuviper.mx\/tienda\/#website\"},\"datePublished\":\"2026-04-02T07:47:04+00:00\",\"dateModified\":\"2026-04-03T06:00:22+00:00\",\"description\":\"Compra Auv220-32g-rwhgy Memoria 32gb Usb 2.0 Uv220 Retractil Blanco-gris () + Env\u00edo a domicilio + Pago seguro + Garant\u00eda\",\"breadcrumb\":{\"@id\":\"https:\/\/compuviper.mx\/tienda\/producto\/adata-auv220-32g-rwhgy-memoria-32gb-usb-2-0-uv220-retractil-blanco-gris\/#breadcrumb\"},\"inLanguage\":\"es-MX\",\"potentialAction\":[{\"@type\":\"ReadAction\",\"target\":[\"https:\/\/compuviper.mx\/tienda\/producto\/adata-auv220-32g-rwhgy-memoria-32gb-usb-2-0-uv220-retractil-blanco-gris\/\"]}]},{\"@type\":\"BreadcrumbList\",\"@id\":\"https:\/\/compuviper.mx\/tienda\/producto\/adata-auv220-32g-rwhgy-memoria-32gb-usb-2-0-uv220-retractil-blanco-gris\/#breadcrumb\",\"itemListElement\":[{\"@type\":\"ListItem\",\"position\":1,\"name\":\"Inicio\",\"item\":\"https:\/\/compuviper.mx\/tienda\/\"},{\"@type\":\"ListItem\",\"position\":2,\"name\":\"Productos\",\"item\":\"https:\/\/compuviper.mx\/tienda\/productos\/\"},{\"@type\":\"ListItem\",\"position\":3,\"name\":\"Memorias\",\"item\":\"https:\/\/compuviper.mx\/tienda\/categoria-producto\/memorias\/\"},{\"@type\":\"ListItem\",\"position\":4,\"name\":\"Memoria Flash Usb\",\"item\":\"https:\/\/compuviper.mx\/tienda\/categoria-producto\/memorias\/memoria-flash-usb\/\"},{\"@type\":\"ListItem\",\"position\":5,\"name\":\"Adata Auv220-32g-rwhgy Memoria 32gb Usb 2.0 Uv220 Retractil Blanco-gris ()\"}]},{\"@type\":\"WebSite\",\"@id\":\"https:\/\/compuviper.mx\/tienda\/#website\",\"url\":\"https:\/\/compuviper.mx\/tienda\/\",\"name\":\"Compuviper\",\"description\":\"Proveedor de Computadoras, Laptops, Servidores, Monitores, Puntos de Venta, Teclados,   Impresoras, T\u00f3ner, C\u00e1maras de Seguridad y m\u00e1s en tu tienda en l\u00ednea\",\"publisher\":{\"@id\":\"https:\/\/compuviper.mx\/tienda\/#organization\"},\"potentialAction\":[{\"@type\":\"SearchAction\",\"target\":{\"@type\":\"EntryPoint\",\"urlTemplate\":\"https:\/\/compuviper.mx\/tienda\/?s={search_term_string}\"},\"query-input\":\"required name=search_term_string\"}],\"inLanguage\":\"es-MX\"},{\"@type\":\"Organization\",\"@id\":\"https:\/\/compuviper.mx\/tienda\/#organization\",\"name\":\"Compuviper\",\"url\":\"https:\/\/compuviper.mx\/tienda\/\",\"logo\":{\"@type\":\"ImageObject\",\"inLanguage\":\"es-MX\",\"@id\":\"https:\/\/compuviper.mx\/tienda\/#\/schema\/logo\/image\/\",\"url\":\"https:\/\/compuviper.mx\/tienda\/wp-content\/uploads\/2021\/08\/Logo-Compuviper-10.png\",\"contentUrl\":\"https:\/\/compuviper.mx\/tienda\/wp-content\/uploads\/2021\/08\/Logo-Compuviper-10.png\",\"width\":1000,\"height\":500,\"caption\":\"Compuviper\"},\"image\":{\"@id\":\"https:\/\/compuviper.mx\/tienda\/#\/schema\/logo\/image\/\"},\"sameAs\":[\"https:\/\/www.facebook.com\/compuviper\",\"https:\/\/www.youtube.com\/channel\/UCf73dERp9Y3cfOq7q8BhLjA?view_as=subscriber\"]}]}<\/script>\n<meta property=\"product:brand\" content=\"ADATA\" \/>\n<meta property=\"product:price:amount\" content=\"87\" \/>\n<meta property=\"product:price:currency\" content=\"MXN\" \/>\n<meta property=\"og:availability\" content=\"instock\" \/>\n<meta property=\"product:availability\" content=\"instock\" \/>\n<meta property=\"product:retailer_item_id\" content=\"AUV220-32G-RWHGY\" \/>\n<meta property=\"product:condition\" content=\"new\" \/>\n<!-- \/ Yoast SEO plugin. -->","yoast_head_json":{"title":"[ Adata ] &#129351; Auv220-32g-rwhgy Memoria 32gb Usb 2.0 Uv220 Retractil Blanco-gris ()","description":"Compra Auv220-32g-rwhgy Memoria 32gb Usb 2.0 Uv220 Retractil Blanco-gris () + Env\u00edo a domicilio + Pago seguro + Garant\u00eda","robots":{"index":"index","follow":"follow","max-snippet":"max-snippet:-1","max-image-preview":"max-image-preview:large","max-video-preview":"max-video-preview:-1"},"canonical":"https:\/\/compuviper.mx\/tienda\/producto\/adata-auv220-32g-rwhgy-memoria-32gb-usb-2-0-uv220-retractil-blanco-gris\/","og_locale":"es_MX","og_type":"article","og_title":"[ Adata ] &#129351; Auv220-32g-rwhgy Memoria 32gb Usb 2.0 Uv220 Retractil Blanco-gris ()","og_description":"Compra Auv220-32g-rwhgy Memoria 32gb Usb 2.0 Uv220 Retractil Blanco-gris () + Env\u00edo a domicilio + Pago seguro + Garant\u00eda","og_url":"https:\/\/compuviper.mx\/tienda\/producto\/adata-auv220-32g-rwhgy-memoria-32gb-usb-2-0-uv220-retractil-blanco-gris\/","og_site_name":"Compuviper","article_publisher":"https:\/\/www.facebook.com\/compuviper","article_modified_time":"2026-04-03T06:00:22+00:00","og_image":[{"width":200,"height":200,"url":"https:\/\/compuviper.mx\/tienda\/wp-content\/uploads\/2026\/01\/Memoria-adata-32gb-usb-2.0-uv220-retractil-blanco-gris-auv220-32g-rwhgy.jpg","type":"image\/jpeg"}],"twitter_card":"summary_large_image","twitter_misc":{"Precio":"&#36;87 con IVA","Availability":"In stock"},"schema":{"@context":"https:\/\/schema.org","@graph":[{"@type":"WebPage","@id":"https:\/\/compuviper.mx\/tienda\/producto\/adata-auv220-32g-rwhgy-memoria-32gb-usb-2-0-uv220-retractil-blanco-gris\/","url":"https:\/\/compuviper.mx\/tienda\/producto\/adata-auv220-32g-rwhgy-memoria-32gb-usb-2-0-uv220-retractil-blanco-gris\/","name":"[ Adata ] &#129351; Auv220-32g-rwhgy Memoria 32gb Usb 2.0 Uv220 Retractil Blanco-gris ()","isPartOf":{"@id":"https:\/\/compuviper.mx\/tienda\/#website"},"datePublished":"2026-04-02T07:47:04+00:00","dateModified":"2026-04-03T06:00:22+00:00","description":"Compra Auv220-32g-rwhgy Memoria 32gb Usb 2.0 Uv220 Retractil Blanco-gris () + Env\u00edo a domicilio + Pago seguro + Garant\u00eda","breadcrumb":{"@id":"https:\/\/compuviper.mx\/tienda\/producto\/adata-auv220-32g-rwhgy-memoria-32gb-usb-2-0-uv220-retractil-blanco-gris\/#breadcrumb"},"inLanguage":"es-MX","potentialAction":[{"@type":"ReadAction","target":["https:\/\/compuviper.mx\/tienda\/producto\/adata-auv220-32g-rwhgy-memoria-32gb-usb-2-0-uv220-retractil-blanco-gris\/"]}]},{"@type":"BreadcrumbList","@id":"https:\/\/compuviper.mx\/tienda\/producto\/adata-auv220-32g-rwhgy-memoria-32gb-usb-2-0-uv220-retractil-blanco-gris\/#breadcrumb","itemListElement":[{"@type":"ListItem","position":1,"name":"Inicio","item":"https:\/\/compuviper.mx\/tienda\/"},{"@type":"ListItem","position":2,"name":"Productos","item":"https:\/\/compuviper.mx\/tienda\/productos\/"},{"@type":"ListItem","position":3,"name":"Memorias","item":"https:\/\/compuviper.mx\/tienda\/categoria-producto\/memorias\/"},{"@type":"ListItem","position":4,"name":"Memoria Flash Usb","item":"https:\/\/compuviper.mx\/tienda\/categoria-producto\/memorias\/memoria-flash-usb\/"},{"@type":"ListItem","position":5,"name":"Adata Auv220-32g-rwhgy Memoria 32gb Usb 2.0 Uv220 Retractil Blanco-gris ()"}]},{"@type":"WebSite","@id":"https:\/\/compuviper.mx\/tienda\/#website","url":"https:\/\/compuviper.mx\/tienda\/","name":"Compuviper","description":"Proveedor de Computadoras, Laptops, Servidores, Monitores, Puntos de Venta, Teclados,   Impresoras, T\u00f3ner, C\u00e1maras de Seguridad y m\u00e1s en tu tienda en l\u00ednea","publisher":{"@id":"https:\/\/compuviper.mx\/tienda\/#organization"},"potentialAction":[{"@type":"SearchAction","target":{"@type":"EntryPoint","urlTemplate":"https:\/\/compuviper.mx\/tienda\/?s={search_term_string}"},"query-input":"required name=search_term_string"}],"inLanguage":"es-MX"},{"@type":"Organization","@id":"https:\/\/compuviper.mx\/tienda\/#organization","name":"Compuviper","url":"https:\/\/compuviper.mx\/tienda\/","logo":{"@type":"ImageObject","inLanguage":"es-MX","@id":"https:\/\/compuviper.mx\/tienda\/#\/schema\/logo\/image\/","url":"https:\/\/compuviper.mx\/tienda\/wp-content\/uploads\/2021\/08\/Logo-Compuviper-10.png","contentUrl":"https:\/\/compuviper.mx\/tienda\/wp-content\/uploads\/2021\/08\/Logo-Compuviper-10.png","width":1000,"height":500,"caption":"Compuviper"},"image":{"@id":"https:\/\/compuviper.mx\/tienda\/#\/schema\/logo\/image\/"},"sameAs":["https:\/\/www.facebook.com\/compuviper","https:\/\/www.youtube.com\/channel\/UCf73dERp9Y3cfOq7q8BhLjA?view_as=subscriber"]}]},"product_brand":"ADATA","product_price_amount":"87","product_price_currency":"MXN","og_availability":"instock","product_availability":"instock","product_retailer_item_id":"AUV220-32G-RWHGY","product_condition":"new"},"_links":{"self":[{"href":"https:\/\/compuviper.mx\/tienda\/wp-json\/wp\/v2\/product\/266087"}],"collection":[{"href":"https:\/\/compuviper.mx\/tienda\/wp-json\/wp\/v2\/product"}],"about":[{"href":"https:\/\/compuviper.mx\/tienda\/wp-json\/wp\/v2\/types\/product"}],"replies":[{"embeddable":true,"href":"https:\/\/compuviper.mx\/tienda\/wp-json\/wp\/v2\/comments?post=266087"}],"wp:featuredmedia":[{"embeddable":true,"href":"https:\/\/compuviper.mx\/tienda\/wp-json\/wp\/v2\/media\/266088"}],"wp:attachment":[{"href":"https:\/\/compuviper.mx\/tienda\/wp-json\/wp\/v2\/media?parent=266087"}],"wp:term":[{"taxonomy":"product_cat","embeddable":true,"href":"https:\/\/compuviper.mx\/tienda\/wp-json\/wp\/v2\/product_cat?post=266087"},{"taxonomy":"product_tag","embeddable":true,"href":"https:\/\/compuviper.mx\/tienda\/wp-json\/wp\/v2\/product_tag?post=266087"}],"curies":[{"name":"wp","href":"https:\/\/api.w.org\/{rel}","templated":true}]}}