{"id":266080,"date":"2026-04-10T01:40:12","date_gmt":"2026-04-10T07:40:12","guid":{"rendered":"https:\/\/compuviper.mx\/tienda\/producto\/adata-ac906-32g-rwh-memoria-32gb-usb-2-0-c906-blanco\/"},"modified":"2026-04-10T01:40:13","modified_gmt":"2026-04-10T07:40:13","slug":"adata-ac906-32g-rwh-memoria-32gb-usb-2-0-c906-blanco","status":"publish","type":"product","link":"https:\/\/compuviper.mx\/tienda\/producto\/adata-ac906-32g-rwh-memoria-32gb-usb-2-0-c906-blanco\/","title":{"rendered":"Adata Ac906-32g-rwh Memoria  32gb Usb 2.0 C906 Blanco ()"},"content":{"rendered":"<table class=\"descripcion\">\n<tr>\n<td>Capacidad 32gb<\/td>\n<\/tr>\n<tr>\n<td>Color blanco<\/td>\n<\/tr>\n<tr>\n<td>Dimensiones 58 x 17,6 x 10.4mm (l x w x h)<\/td>\n<\/tr>\n<tr>\n<td>Peso 9g<\/td>\n<\/tr>\n<tr>\n<td>Compatible con usb 2.0\/1.1<\/td>\n<\/tr>\n<tr>\n<td>Requisitos del sistema windows 98\/98se\/me\/2000\/xp\/vista\/7 o superior, mac os 9.0 o superior, linux kernel 2.4 o superior.<\/td>\n<\/tr>\n<tr>\n<td>Garantia: 5 a\u00f1os<\/td>\n<\/tr>\n<\/table>\n","protected":false},"excerpt":{"rendered":"<p>El modelo c906 de la familia adata classic series, mantiene el  aspecto clasico de su predecesor. Disponible en blanco y negro, el c906 captura la esencia de un diseno moderno y presenta un estilo general del minimalismo con un toque de encanto urbano, por lo que es no solo un dispositivo de almacenamiento practico, sino tambien un accesorio de moda que habla de su individualidad.<\/p>\n","protected":false},"featured_media":138828,"comment_status":"open","ping_status":"open","template":"","meta":[],"product_cat":[1793,1794],"product_tag":[1539],"acf":[],"yoast_head":"<!-- This site is optimized with the Yoast SEO plugin v21.7 - https:\/\/yoast.com\/wordpress\/plugins\/seo\/ -->\n<title>[ Adata ] &#129351; Ac906-32g-rwh Memoria 32gb Usb 2.0 C906 Blanco ()<\/title>\n<meta name=\"description\" content=\"Compra Ac906-32g-rwh Memoria 32gb Usb 2.0 C906 Blanco () + Env\u00edo a domicilio + Pago seguro + Garant\u00eda\" \/>\n<meta name=\"robots\" content=\"index, follow, max-snippet:-1, max-image-preview:large, max-video-preview:-1\" \/>\n<link rel=\"canonical\" href=\"https:\/\/compuviper.mx\/tienda\/producto\/adata-ac906-32g-rwh-memoria-32gb-usb-2-0-c906-blanco\/\" \/>\n<meta property=\"og:locale\" content=\"es_MX\" \/>\n<meta property=\"og:type\" content=\"article\" \/>\n<meta property=\"og:title\" content=\"[ Adata ] &#129351; Ac906-32g-rwh Memoria 32gb Usb 2.0 C906 Blanco ()\" \/>\n<meta property=\"og:description\" content=\"Compra Ac906-32g-rwh Memoria 32gb Usb 2.0 C906 Blanco () + Env\u00edo a domicilio + Pago seguro + Garant\u00eda\" \/>\n<meta property=\"og:url\" content=\"https:\/\/compuviper.mx\/tienda\/producto\/adata-ac906-32g-rwh-memoria-32gb-usb-2-0-c906-blanco\/\" \/>\n<meta property=\"og:site_name\" content=\"Compuviper\" \/>\n<meta property=\"article:publisher\" content=\"https:\/\/www.facebook.com\/compuviper\" \/>\n<meta property=\"article:modified_time\" content=\"2026-04-10T07:40:13+00:00\" \/>\n<meta property=\"og:image\" content=\"https:\/\/compuviper.mx\/tienda\/wp-content\/uploads\/2021\/10\/Memoria-adata-32gb-usb-2.0-c906-blanco.jpg\" \/>\n\t<meta property=\"og:image:width\" content=\"200\" \/>\n\t<meta property=\"og:image:height\" content=\"200\" \/>\n\t<meta property=\"og:image:type\" content=\"image\/jpeg\" \/>\n<meta name=\"twitter:card\" content=\"summary_large_image\" \/>\n<meta name=\"twitter:label1\" content=\"Precio\" \/>\n\t<meta name=\"twitter:data1\" content=\"&#36;84 con IVA\" \/>\n\t<meta name=\"twitter:label2\" content=\"Availability\" \/>\n\t<meta name=\"twitter:data2\" content=\"In stock\" \/>\n<script type=\"application\/ld+json\" class=\"yoast-schema-graph\">{\"@context\":\"https:\/\/schema.org\",\"@graph\":[{\"@type\":\"WebPage\",\"@id\":\"https:\/\/compuviper.mx\/tienda\/producto\/adata-ac906-32g-rwh-memoria-32gb-usb-2-0-c906-blanco\/\",\"url\":\"https:\/\/compuviper.mx\/tienda\/producto\/adata-ac906-32g-rwh-memoria-32gb-usb-2-0-c906-blanco\/\",\"name\":\"[ Adata ] &#129351; Ac906-32g-rwh Memoria 32gb Usb 2.0 C906 Blanco ()\",\"isPartOf\":{\"@id\":\"https:\/\/compuviper.mx\/tienda\/#website\"},\"datePublished\":\"2026-04-10T07:40:12+00:00\",\"dateModified\":\"2026-04-10T07:40:13+00:00\",\"description\":\"Compra Ac906-32g-rwh Memoria 32gb Usb 2.0 C906 Blanco () + Env\u00edo a domicilio + Pago seguro + Garant\u00eda\",\"breadcrumb\":{\"@id\":\"https:\/\/compuviper.mx\/tienda\/producto\/adata-ac906-32g-rwh-memoria-32gb-usb-2-0-c906-blanco\/#breadcrumb\"},\"inLanguage\":\"es-MX\",\"potentialAction\":[{\"@type\":\"ReadAction\",\"target\":[\"https:\/\/compuviper.mx\/tienda\/producto\/adata-ac906-32g-rwh-memoria-32gb-usb-2-0-c906-blanco\/\"]}]},{\"@type\":\"BreadcrumbList\",\"@id\":\"https:\/\/compuviper.mx\/tienda\/producto\/adata-ac906-32g-rwh-memoria-32gb-usb-2-0-c906-blanco\/#breadcrumb\",\"itemListElement\":[{\"@type\":\"ListItem\",\"position\":1,\"name\":\"Inicio\",\"item\":\"https:\/\/compuviper.mx\/tienda\/\"},{\"@type\":\"ListItem\",\"position\":2,\"name\":\"Productos\",\"item\":\"https:\/\/compuviper.mx\/tienda\/productos\/\"},{\"@type\":\"ListItem\",\"position\":3,\"name\":\"Memorias\",\"item\":\"https:\/\/compuviper.mx\/tienda\/categoria-producto\/memorias\/\"},{\"@type\":\"ListItem\",\"position\":4,\"name\":\"Sin Categor\u00eda\",\"item\":\"https:\/\/compuviper.mx\/tienda\/categoria-producto\/memorias\/sin-categoria-memorias\/\"},{\"@type\":\"ListItem\",\"position\":5,\"name\":\"Adata Ac906-32g-rwh Memoria 32gb Usb 2.0 C906 Blanco ()\"}]},{\"@type\":\"WebSite\",\"@id\":\"https:\/\/compuviper.mx\/tienda\/#website\",\"url\":\"https:\/\/compuviper.mx\/tienda\/\",\"name\":\"Compuviper\",\"description\":\"Proveedor de Computadoras, Laptops, Servidores, Monitores, Puntos de Venta, Teclados,   Impresoras, T\u00f3ner, C\u00e1maras de Seguridad y m\u00e1s en tu tienda en l\u00ednea\",\"publisher\":{\"@id\":\"https:\/\/compuviper.mx\/tienda\/#organization\"},\"potentialAction\":[{\"@type\":\"SearchAction\",\"target\":{\"@type\":\"EntryPoint\",\"urlTemplate\":\"https:\/\/compuviper.mx\/tienda\/?s={search_term_string}\"},\"query-input\":\"required name=search_term_string\"}],\"inLanguage\":\"es-MX\"},{\"@type\":\"Organization\",\"@id\":\"https:\/\/compuviper.mx\/tienda\/#organization\",\"name\":\"Compuviper\",\"url\":\"https:\/\/compuviper.mx\/tienda\/\",\"logo\":{\"@type\":\"ImageObject\",\"inLanguage\":\"es-MX\",\"@id\":\"https:\/\/compuviper.mx\/tienda\/#\/schema\/logo\/image\/\",\"url\":\"https:\/\/compuviper.mx\/tienda\/wp-content\/uploads\/2021\/08\/Logo-Compuviper-10.png\",\"contentUrl\":\"https:\/\/compuviper.mx\/tienda\/wp-content\/uploads\/2021\/08\/Logo-Compuviper-10.png\",\"width\":1000,\"height\":500,\"caption\":\"Compuviper\"},\"image\":{\"@id\":\"https:\/\/compuviper.mx\/tienda\/#\/schema\/logo\/image\/\"},\"sameAs\":[\"https:\/\/www.facebook.com\/compuviper\",\"https:\/\/www.youtube.com\/channel\/UCf73dERp9Y3cfOq7q8BhLjA?view_as=subscriber\"]}]}<\/script>\n<meta property=\"product:brand\" content=\"ADATA\" \/>\n<meta property=\"product:price:amount\" content=\"84\" \/>\n<meta property=\"product:price:currency\" content=\"MXN\" \/>\n<meta property=\"og:availability\" content=\"instock\" \/>\n<meta property=\"product:availability\" content=\"instock\" \/>\n<meta property=\"product:retailer_item_id\" content=\"AC906-32G-RWH\" \/>\n<meta property=\"product:condition\" content=\"new\" \/>\n<!-- \/ Yoast SEO plugin. -->","yoast_head_json":{"title":"[ Adata ] &#129351; Ac906-32g-rwh Memoria 32gb Usb 2.0 C906 Blanco ()","description":"Compra Ac906-32g-rwh Memoria 32gb Usb 2.0 C906 Blanco () + Env\u00edo a domicilio + Pago seguro + Garant\u00eda","robots":{"index":"index","follow":"follow","max-snippet":"max-snippet:-1","max-image-preview":"max-image-preview:large","max-video-preview":"max-video-preview:-1"},"canonical":"https:\/\/compuviper.mx\/tienda\/producto\/adata-ac906-32g-rwh-memoria-32gb-usb-2-0-c906-blanco\/","og_locale":"es_MX","og_type":"article","og_title":"[ Adata ] &#129351; Ac906-32g-rwh Memoria 32gb Usb 2.0 C906 Blanco ()","og_description":"Compra Ac906-32g-rwh Memoria 32gb Usb 2.0 C906 Blanco () + Env\u00edo a domicilio + Pago seguro + Garant\u00eda","og_url":"https:\/\/compuviper.mx\/tienda\/producto\/adata-ac906-32g-rwh-memoria-32gb-usb-2-0-c906-blanco\/","og_site_name":"Compuviper","article_publisher":"https:\/\/www.facebook.com\/compuviper","article_modified_time":"2026-04-10T07:40:13+00:00","og_image":[{"width":200,"height":200,"url":"https:\/\/compuviper.mx\/tienda\/wp-content\/uploads\/2021\/10\/Memoria-adata-32gb-usb-2.0-c906-blanco.jpg","type":"image\/jpeg"}],"twitter_card":"summary_large_image","twitter_misc":{"Precio":"&#36;84 con IVA","Availability":"In stock"},"schema":{"@context":"https:\/\/schema.org","@graph":[{"@type":"WebPage","@id":"https:\/\/compuviper.mx\/tienda\/producto\/adata-ac906-32g-rwh-memoria-32gb-usb-2-0-c906-blanco\/","url":"https:\/\/compuviper.mx\/tienda\/producto\/adata-ac906-32g-rwh-memoria-32gb-usb-2-0-c906-blanco\/","name":"[ Adata ] &#129351; Ac906-32g-rwh Memoria 32gb Usb 2.0 C906 Blanco ()","isPartOf":{"@id":"https:\/\/compuviper.mx\/tienda\/#website"},"datePublished":"2026-04-10T07:40:12+00:00","dateModified":"2026-04-10T07:40:13+00:00","description":"Compra Ac906-32g-rwh Memoria 32gb Usb 2.0 C906 Blanco () + Env\u00edo a domicilio + Pago seguro + Garant\u00eda","breadcrumb":{"@id":"https:\/\/compuviper.mx\/tienda\/producto\/adata-ac906-32g-rwh-memoria-32gb-usb-2-0-c906-blanco\/#breadcrumb"},"inLanguage":"es-MX","potentialAction":[{"@type":"ReadAction","target":["https:\/\/compuviper.mx\/tienda\/producto\/adata-ac906-32g-rwh-memoria-32gb-usb-2-0-c906-blanco\/"]}]},{"@type":"BreadcrumbList","@id":"https:\/\/compuviper.mx\/tienda\/producto\/adata-ac906-32g-rwh-memoria-32gb-usb-2-0-c906-blanco\/#breadcrumb","itemListElement":[{"@type":"ListItem","position":1,"name":"Inicio","item":"https:\/\/compuviper.mx\/tienda\/"},{"@type":"ListItem","position":2,"name":"Productos","item":"https:\/\/compuviper.mx\/tienda\/productos\/"},{"@type":"ListItem","position":3,"name":"Memorias","item":"https:\/\/compuviper.mx\/tienda\/categoria-producto\/memorias\/"},{"@type":"ListItem","position":4,"name":"Sin Categor\u00eda","item":"https:\/\/compuviper.mx\/tienda\/categoria-producto\/memorias\/sin-categoria-memorias\/"},{"@type":"ListItem","position":5,"name":"Adata Ac906-32g-rwh Memoria 32gb Usb 2.0 C906 Blanco ()"}]},{"@type":"WebSite","@id":"https:\/\/compuviper.mx\/tienda\/#website","url":"https:\/\/compuviper.mx\/tienda\/","name":"Compuviper","description":"Proveedor de Computadoras, Laptops, Servidores, Monitores, Puntos de Venta, Teclados,   Impresoras, T\u00f3ner, C\u00e1maras de Seguridad y m\u00e1s en tu tienda en l\u00ednea","publisher":{"@id":"https:\/\/compuviper.mx\/tienda\/#organization"},"potentialAction":[{"@type":"SearchAction","target":{"@type":"EntryPoint","urlTemplate":"https:\/\/compuviper.mx\/tienda\/?s={search_term_string}"},"query-input":"required name=search_term_string"}],"inLanguage":"es-MX"},{"@type":"Organization","@id":"https:\/\/compuviper.mx\/tienda\/#organization","name":"Compuviper","url":"https:\/\/compuviper.mx\/tienda\/","logo":{"@type":"ImageObject","inLanguage":"es-MX","@id":"https:\/\/compuviper.mx\/tienda\/#\/schema\/logo\/image\/","url":"https:\/\/compuviper.mx\/tienda\/wp-content\/uploads\/2021\/08\/Logo-Compuviper-10.png","contentUrl":"https:\/\/compuviper.mx\/tienda\/wp-content\/uploads\/2021\/08\/Logo-Compuviper-10.png","width":1000,"height":500,"caption":"Compuviper"},"image":{"@id":"https:\/\/compuviper.mx\/tienda\/#\/schema\/logo\/image\/"},"sameAs":["https:\/\/www.facebook.com\/compuviper","https:\/\/www.youtube.com\/channel\/UCf73dERp9Y3cfOq7q8BhLjA?view_as=subscriber"]}]},"product_brand":"ADATA","product_price_amount":"84","product_price_currency":"MXN","og_availability":"instock","product_availability":"instock","product_retailer_item_id":"AC906-32G-RWH","product_condition":"new"},"_links":{"self":[{"href":"https:\/\/compuviper.mx\/tienda\/wp-json\/wp\/v2\/product\/266080"}],"collection":[{"href":"https:\/\/compuviper.mx\/tienda\/wp-json\/wp\/v2\/product"}],"about":[{"href":"https:\/\/compuviper.mx\/tienda\/wp-json\/wp\/v2\/types\/product"}],"replies":[{"embeddable":true,"href":"https:\/\/compuviper.mx\/tienda\/wp-json\/wp\/v2\/comments?post=266080"}],"wp:featuredmedia":[{"embeddable":true,"href":"https:\/\/compuviper.mx\/tienda\/wp-json\/wp\/v2\/media\/138828"}],"wp:attachment":[{"href":"https:\/\/compuviper.mx\/tienda\/wp-json\/wp\/v2\/media?parent=266080"}],"wp:term":[{"taxonomy":"product_cat","embeddable":true,"href":"https:\/\/compuviper.mx\/tienda\/wp-json\/wp\/v2\/product_cat?post=266080"},{"taxonomy":"product_tag","embeddable":true,"href":"https:\/\/compuviper.mx\/tienda\/wp-json\/wp\/v2\/product_tag?post=266080"}],"curies":[{"name":"wp","href":"https:\/\/api.w.org\/{rel}","templated":true}]}}