{"id":266030,"date":"2026-04-02T01:43:47","date_gmt":"2026-04-02T07:43:47","guid":{"rendered":"https:\/\/compuviper.mx\/tienda\/producto\/xerox-b315_dni-multifuncional-b315-42ppm-laser-monocromatico-usb-2-0-ethernet-red-wifi-duplex-carta-a4\/"},"modified":"2026-04-03T00:00:21","modified_gmt":"2026-04-03T06:00:21","slug":"xerox-b315_dni-multifuncional-b315-42ppm-laser-monocromatico-usb-2-0-ethernet-red-wifi-duplex-carta-a4","status":"publish","type":"product","link":"https:\/\/compuviper.mx\/tienda\/producto\/xerox-b315_dni-multifuncional-b315-42ppm-laser-monocromatico-usb-2-0-ethernet-red-wifi-duplex-carta-a4\/","title":{"rendered":"Xerox B315_dni Multifuncional  B315, 42ppm, Laser Monocromatico, Usb 2.0, Ethernet Red, Wifi, Duplex, Carta, A4"},"content":{"rendered":"<table class=\"descripcion\">\n<tr>\n<td>Velocidad hasta 42 ppm, blanco y negro, carta\/40 ppm, blanco y negro, a<\/td>\n<\/tr>\n<tr>\n<td>Ciclo de trabajo hasta 80 000 paginas\/mes<\/td>\n<\/tr>\n<tr>\n<td>Procesador doble nucleo de 1 ghz<\/td>\n<\/tr>\n<tr>\n<td>Memoria 512mb<\/td>\n<\/tr>\n<tr>\n<td>Conectividad usb 2.0 de alta velocidad (tipo b), ethernet 10\/100 base tx, inalambrica 802.11 b\/g\/n,  usb 2.0 de alta velocidad (tipo a &#8211; unidad de memoria thumbdrive)<\/td>\n<\/tr>\n<tr>\n<td>Resolucion de copia e impresion copia e impresion: 600 \u00d7 600 ppp, 2400 de calidad de imagen<\/td>\n<\/tr>\n<tr>\n<td>Pesos y dimensiones (alto x ancho x profundidad) 13.3 x 16.2 x 14.4 pulg.\/28.2 lb 339 x 411 x 366 mm\/12.8 kg<\/td>\n<\/tr>\n<tr>\n<td>Salida de la primera copia 5.3 segundos<\/td>\n<\/tr>\n<tr>\n<td>Salida de la primera impresion 5.8 segundos<\/td>\n<\/tr>\n<tr>\n<td>Caracteristicas de impresion interfaz de usuario de un toque, calidad de impresion, tipos de trabajo normal, seguro, guardado y de conjunto de muestras, a dos caras, orientacion, compaginacion, id de trabajos de impresion en margenes, modo de borrador, varias en 1, dise\u00f1o de folletos, marca de agua, estado de la bandeja y toner, rotar imagen 180 grados, ajustes guardados, configuracion de earth smart<\/td>\n<\/tr>\n<tr>\n<td>Impresion movil apple airprint, chromebook, mopria, wi-fi direct<\/td>\n<\/tr>\n<\/table>\n","protected":false},"excerpt":{"rendered":"<p>Copiar, imprimir, escanear, enviar fax. Ideal para peque\u00f1as y medianas empresas y oficinas en casa. Acceso al flujo de trabajo de documentos avanzado opcional con xerox workflow central. Fiable y digno de confianza. Compatible con dispositivos moviles: apple airprint, mopria, wi-fi direct. Funciones de seguridad integrales.. Escaner rapido con dadf de una sola pasada y platina. Velocidad: hasta 42 ppm. Un ritmo mas rapido. Mayores expectativas. Mayor agilidad. Las nuevas maneras de trabajar requieren mejores y mas versatiles formas de impresion, especialmente para empresas peque\u00f1as y medianas y empleados  remotos. 42 ppm, blanco y negro, carta\/40 ppm, blanco y negro, a4 \u00bf 600 \u00d7 600 ppp, 2400 de calidad de imagen \u00bf tama\u00f1o peque\u00f1o \u00bf wi-fi estandar: airprint, mopria  y wi-fi direct \u00bf capacidad de papel: 250 hojas mas alimentador multiuso de 100 hojas.  \u00bf pantalla tactil color de 2.8 pulgadas \u00bf capacidades de copiado y escaneado \u00bf adf y escaner plano: hasta 48 ipm, blanco y negro, carta \u00bf escaneado a correo electronico, usb, computadora de escritorio \u00bf alimentador de documentos automatico para 50 hojas \u00bf experiencia de usuario intuitiva; \u00bf conectividad con aplicaciones avanzadas de flujo de trabajo a traves de xerox workflow central (opcional)  \u00bf escaneado a dos caras de una sola pasada \u00bf capacidad de fax.<\/p>\n","protected":false},"featured_media":266031,"comment_status":"open","ping_status":"open","template":"","meta":[],"product_cat":[1777,1784],"product_tag":[2109],"acf":[],"yoast_head":"<!-- This site is optimized with the Yoast SEO plugin v21.7 - https:\/\/yoast.com\/wordpress\/plugins\/seo\/ -->\n<title>[ Xerox ] &#129351; B315_dni Multifuncional B315, 42ppm, Laser Monocromatico, Usb 2.0, Ethernet Red, Wifi, Duplex, Carta, A4<\/title>\n<meta name=\"description\" content=\"Compra B315_dni Multifuncional B315, 42ppm, Laser Monocromatico, Usb 2.0, Ethernet Red, Wifi, Duplex, Carta, A4 + Env\u00edo a domicilio + Pago seguro + Garant\u00eda\" \/>\n<meta name=\"robots\" content=\"index, follow, max-snippet:-1, max-image-preview:large, max-video-preview:-1\" \/>\n<link rel=\"canonical\" href=\"https:\/\/compuviper.mx\/tienda\/producto\/xerox-b315_dni-multifuncional-b315-42ppm-laser-monocromatico-usb-2-0-ethernet-red-wifi-duplex-carta-a4\/\" \/>\n<meta property=\"og:locale\" content=\"es_MX\" \/>\n<meta property=\"og:type\" content=\"article\" \/>\n<meta property=\"og:title\" content=\"[ Xerox ] &#129351; B315_dni Multifuncional B315, 42ppm, Laser Monocromatico, Usb 2.0, Ethernet Red, Wifi, Duplex, Carta, A4\" \/>\n<meta property=\"og:description\" content=\"Compra B315_dni Multifuncional B315, 42ppm, Laser Monocromatico, Usb 2.0, Ethernet Red, Wifi, Duplex, Carta, A4 + Env\u00edo a domicilio + Pago seguro + Garant\u00eda\" \/>\n<meta property=\"og:url\" content=\"https:\/\/compuviper.mx\/tienda\/producto\/xerox-b315_dni-multifuncional-b315-42ppm-laser-monocromatico-usb-2-0-ethernet-red-wifi-duplex-carta-a4\/\" \/>\n<meta property=\"og:site_name\" content=\"Compuviper\" \/>\n<meta property=\"article:publisher\" content=\"https:\/\/www.facebook.com\/compuviper\" \/>\n<meta property=\"article:modified_time\" content=\"2026-04-03T06:00:21+00:00\" \/>\n<meta property=\"og:image\" content=\"https:\/\/compuviper.mx\/tienda\/wp-content\/uploads\/2026\/01\/Multifuncional-xerox-b315-42ppm-laser-monocromatico-usb-2.0-ethernet-red-wifi-duplex-carta-a4.jpg\" \/>\n\t<meta property=\"og:image:width\" content=\"200\" \/>\n\t<meta property=\"og:image:height\" content=\"200\" \/>\n\t<meta property=\"og:image:type\" content=\"image\/jpeg\" \/>\n<meta name=\"twitter:card\" content=\"summary_large_image\" \/>\n<meta name=\"twitter:label1\" content=\"Precio\" \/>\n\t<meta name=\"twitter:data1\" content=\"&#36;10,494 con IVA\" \/>\n\t<meta name=\"twitter:label2\" content=\"Availability\" \/>\n\t<meta name=\"twitter:data2\" content=\"In stock\" \/>\n<script type=\"application\/ld+json\" class=\"yoast-schema-graph\">{\"@context\":\"https:\/\/schema.org\",\"@graph\":[{\"@type\":\"WebPage\",\"@id\":\"https:\/\/compuviper.mx\/tienda\/producto\/xerox-b315_dni-multifuncional-b315-42ppm-laser-monocromatico-usb-2-0-ethernet-red-wifi-duplex-carta-a4\/\",\"url\":\"https:\/\/compuviper.mx\/tienda\/producto\/xerox-b315_dni-multifuncional-b315-42ppm-laser-monocromatico-usb-2-0-ethernet-red-wifi-duplex-carta-a4\/\",\"name\":\"[ Xerox ] &#129351; B315_dni Multifuncional B315, 42ppm, Laser Monocromatico, Usb 2.0, Ethernet Red, Wifi, Duplex, Carta, A4\",\"isPartOf\":{\"@id\":\"https:\/\/compuviper.mx\/tienda\/#website\"},\"datePublished\":\"2026-04-02T07:43:47+00:00\",\"dateModified\":\"2026-04-03T06:00:21+00:00\",\"description\":\"Compra B315_dni Multifuncional B315, 42ppm, Laser Monocromatico, Usb 2.0, Ethernet Red, Wifi, Duplex, Carta, A4 + Env\u00edo a domicilio + Pago seguro + Garant\u00eda\",\"breadcrumb\":{\"@id\":\"https:\/\/compuviper.mx\/tienda\/producto\/xerox-b315_dni-multifuncional-b315-42ppm-laser-monocromatico-usb-2-0-ethernet-red-wifi-duplex-carta-a4\/#breadcrumb\"},\"inLanguage\":\"es-MX\",\"potentialAction\":[{\"@type\":\"ReadAction\",\"target\":[\"https:\/\/compuviper.mx\/tienda\/producto\/xerox-b315_dni-multifuncional-b315-42ppm-laser-monocromatico-usb-2-0-ethernet-red-wifi-duplex-carta-a4\/\"]}]},{\"@type\":\"BreadcrumbList\",\"@id\":\"https:\/\/compuviper.mx\/tienda\/producto\/xerox-b315_dni-multifuncional-b315-42ppm-laser-monocromatico-usb-2-0-ethernet-red-wifi-duplex-carta-a4\/#breadcrumb\",\"itemListElement\":[{\"@type\":\"ListItem\",\"position\":1,\"name\":\"Inicio\",\"item\":\"https:\/\/compuviper.mx\/tienda\/\"},{\"@type\":\"ListItem\",\"position\":2,\"name\":\"Productos\",\"item\":\"https:\/\/compuviper.mx\/tienda\/productos\/\"},{\"@type\":\"ListItem\",\"position\":3,\"name\":\"Impresoras\",\"item\":\"https:\/\/compuviper.mx\/tienda\/categoria-producto\/impresoras\/\"},{\"@type\":\"ListItem\",\"position\":4,\"name\":\"Laser Monocromatica\",\"item\":\"https:\/\/compuviper.mx\/tienda\/categoria-producto\/impresoras\/laser-monocromatica-impresoras\/\"},{\"@type\":\"ListItem\",\"position\":5,\"name\":\"Xerox B315_dni Multifuncional B315, 42ppm, Laser Monocromatico, Usb 2.0, Ethernet Red, Wifi, Duplex, Carta, A4\"}]},{\"@type\":\"WebSite\",\"@id\":\"https:\/\/compuviper.mx\/tienda\/#website\",\"url\":\"https:\/\/compuviper.mx\/tienda\/\",\"name\":\"Compuviper\",\"description\":\"Proveedor de Computadoras, Laptops, Servidores, Monitores, Puntos de Venta, Teclados,   Impresoras, T\u00f3ner, C\u00e1maras de Seguridad y m\u00e1s en tu tienda en l\u00ednea\",\"publisher\":{\"@id\":\"https:\/\/compuviper.mx\/tienda\/#organization\"},\"potentialAction\":[{\"@type\":\"SearchAction\",\"target\":{\"@type\":\"EntryPoint\",\"urlTemplate\":\"https:\/\/compuviper.mx\/tienda\/?s={search_term_string}\"},\"query-input\":\"required name=search_term_string\"}],\"inLanguage\":\"es-MX\"},{\"@type\":\"Organization\",\"@id\":\"https:\/\/compuviper.mx\/tienda\/#organization\",\"name\":\"Compuviper\",\"url\":\"https:\/\/compuviper.mx\/tienda\/\",\"logo\":{\"@type\":\"ImageObject\",\"inLanguage\":\"es-MX\",\"@id\":\"https:\/\/compuviper.mx\/tienda\/#\/schema\/logo\/image\/\",\"url\":\"https:\/\/compuviper.mx\/tienda\/wp-content\/uploads\/2021\/08\/Logo-Compuviper-10.png\",\"contentUrl\":\"https:\/\/compuviper.mx\/tienda\/wp-content\/uploads\/2021\/08\/Logo-Compuviper-10.png\",\"width\":1000,\"height\":500,\"caption\":\"Compuviper\"},\"image\":{\"@id\":\"https:\/\/compuviper.mx\/tienda\/#\/schema\/logo\/image\/\"},\"sameAs\":[\"https:\/\/www.facebook.com\/compuviper\",\"https:\/\/www.youtube.com\/channel\/UCf73dERp9Y3cfOq7q8BhLjA?view_as=subscriber\"]}]}<\/script>\n<meta property=\"product:brand\" content=\"Xerox\" \/>\n<meta property=\"product:price:amount\" content=\"10494\" \/>\n<meta property=\"product:price:currency\" content=\"MXN\" \/>\n<meta property=\"og:availability\" content=\"instock\" \/>\n<meta property=\"product:availability\" content=\"instock\" \/>\n<meta property=\"product:retailer_item_id\" content=\"B315_DNI\" \/>\n<meta property=\"product:condition\" content=\"new\" \/>\n<!-- \/ Yoast SEO plugin. -->","yoast_head_json":{"title":"[ Xerox ] &#129351; B315_dni Multifuncional B315, 42ppm, Laser Monocromatico, Usb 2.0, Ethernet Red, Wifi, Duplex, Carta, A4","description":"Compra B315_dni Multifuncional B315, 42ppm, Laser Monocromatico, Usb 2.0, Ethernet Red, Wifi, Duplex, Carta, A4 + Env\u00edo a domicilio + Pago seguro + Garant\u00eda","robots":{"index":"index","follow":"follow","max-snippet":"max-snippet:-1","max-image-preview":"max-image-preview:large","max-video-preview":"max-video-preview:-1"},"canonical":"https:\/\/compuviper.mx\/tienda\/producto\/xerox-b315_dni-multifuncional-b315-42ppm-laser-monocromatico-usb-2-0-ethernet-red-wifi-duplex-carta-a4\/","og_locale":"es_MX","og_type":"article","og_title":"[ Xerox ] &#129351; B315_dni Multifuncional B315, 42ppm, Laser Monocromatico, Usb 2.0, Ethernet Red, Wifi, Duplex, Carta, A4","og_description":"Compra B315_dni Multifuncional B315, 42ppm, Laser Monocromatico, Usb 2.0, Ethernet Red, Wifi, Duplex, Carta, A4 + Env\u00edo a domicilio + Pago seguro + Garant\u00eda","og_url":"https:\/\/compuviper.mx\/tienda\/producto\/xerox-b315_dni-multifuncional-b315-42ppm-laser-monocromatico-usb-2-0-ethernet-red-wifi-duplex-carta-a4\/","og_site_name":"Compuviper","article_publisher":"https:\/\/www.facebook.com\/compuviper","article_modified_time":"2026-04-03T06:00:21+00:00","og_image":[{"width":200,"height":200,"url":"https:\/\/compuviper.mx\/tienda\/wp-content\/uploads\/2026\/01\/Multifuncional-xerox-b315-42ppm-laser-monocromatico-usb-2.0-ethernet-red-wifi-duplex-carta-a4.jpg","type":"image\/jpeg"}],"twitter_card":"summary_large_image","twitter_misc":{"Precio":"&#36;10,494 con IVA","Availability":"In stock"},"schema":{"@context":"https:\/\/schema.org","@graph":[{"@type":"WebPage","@id":"https:\/\/compuviper.mx\/tienda\/producto\/xerox-b315_dni-multifuncional-b315-42ppm-laser-monocromatico-usb-2-0-ethernet-red-wifi-duplex-carta-a4\/","url":"https:\/\/compuviper.mx\/tienda\/producto\/xerox-b315_dni-multifuncional-b315-42ppm-laser-monocromatico-usb-2-0-ethernet-red-wifi-duplex-carta-a4\/","name":"[ Xerox ] &#129351; B315_dni Multifuncional B315, 42ppm, Laser Monocromatico, Usb 2.0, Ethernet Red, Wifi, Duplex, Carta, A4","isPartOf":{"@id":"https:\/\/compuviper.mx\/tienda\/#website"},"datePublished":"2026-04-02T07:43:47+00:00","dateModified":"2026-04-03T06:00:21+00:00","description":"Compra B315_dni Multifuncional B315, 42ppm, Laser Monocromatico, Usb 2.0, Ethernet Red, Wifi, Duplex, Carta, A4 + Env\u00edo a domicilio + Pago seguro + Garant\u00eda","breadcrumb":{"@id":"https:\/\/compuviper.mx\/tienda\/producto\/xerox-b315_dni-multifuncional-b315-42ppm-laser-monocromatico-usb-2-0-ethernet-red-wifi-duplex-carta-a4\/#breadcrumb"},"inLanguage":"es-MX","potentialAction":[{"@type":"ReadAction","target":["https:\/\/compuviper.mx\/tienda\/producto\/xerox-b315_dni-multifuncional-b315-42ppm-laser-monocromatico-usb-2-0-ethernet-red-wifi-duplex-carta-a4\/"]}]},{"@type":"BreadcrumbList","@id":"https:\/\/compuviper.mx\/tienda\/producto\/xerox-b315_dni-multifuncional-b315-42ppm-laser-monocromatico-usb-2-0-ethernet-red-wifi-duplex-carta-a4\/#breadcrumb","itemListElement":[{"@type":"ListItem","position":1,"name":"Inicio","item":"https:\/\/compuviper.mx\/tienda\/"},{"@type":"ListItem","position":2,"name":"Productos","item":"https:\/\/compuviper.mx\/tienda\/productos\/"},{"@type":"ListItem","position":3,"name":"Impresoras","item":"https:\/\/compuviper.mx\/tienda\/categoria-producto\/impresoras\/"},{"@type":"ListItem","position":4,"name":"Laser Monocromatica","item":"https:\/\/compuviper.mx\/tienda\/categoria-producto\/impresoras\/laser-monocromatica-impresoras\/"},{"@type":"ListItem","position":5,"name":"Xerox B315_dni Multifuncional B315, 42ppm, Laser Monocromatico, Usb 2.0, Ethernet Red, Wifi, Duplex, Carta, A4"}]},{"@type":"WebSite","@id":"https:\/\/compuviper.mx\/tienda\/#website","url":"https:\/\/compuviper.mx\/tienda\/","name":"Compuviper","description":"Proveedor de Computadoras, Laptops, Servidores, Monitores, Puntos de Venta, Teclados,   Impresoras, T\u00f3ner, C\u00e1maras de Seguridad y m\u00e1s en tu tienda en l\u00ednea","publisher":{"@id":"https:\/\/compuviper.mx\/tienda\/#organization"},"potentialAction":[{"@type":"SearchAction","target":{"@type":"EntryPoint","urlTemplate":"https:\/\/compuviper.mx\/tienda\/?s={search_term_string}"},"query-input":"required name=search_term_string"}],"inLanguage":"es-MX"},{"@type":"Organization","@id":"https:\/\/compuviper.mx\/tienda\/#organization","name":"Compuviper","url":"https:\/\/compuviper.mx\/tienda\/","logo":{"@type":"ImageObject","inLanguage":"es-MX","@id":"https:\/\/compuviper.mx\/tienda\/#\/schema\/logo\/image\/","url":"https:\/\/compuviper.mx\/tienda\/wp-content\/uploads\/2021\/08\/Logo-Compuviper-10.png","contentUrl":"https:\/\/compuviper.mx\/tienda\/wp-content\/uploads\/2021\/08\/Logo-Compuviper-10.png","width":1000,"height":500,"caption":"Compuviper"},"image":{"@id":"https:\/\/compuviper.mx\/tienda\/#\/schema\/logo\/image\/"},"sameAs":["https:\/\/www.facebook.com\/compuviper","https:\/\/www.youtube.com\/channel\/UCf73dERp9Y3cfOq7q8BhLjA?view_as=subscriber"]}]},"product_brand":"Xerox","product_price_amount":"10494","product_price_currency":"MXN","og_availability":"instock","product_availability":"instock","product_retailer_item_id":"B315_DNI","product_condition":"new"},"_links":{"self":[{"href":"https:\/\/compuviper.mx\/tienda\/wp-json\/wp\/v2\/product\/266030"}],"collection":[{"href":"https:\/\/compuviper.mx\/tienda\/wp-json\/wp\/v2\/product"}],"about":[{"href":"https:\/\/compuviper.mx\/tienda\/wp-json\/wp\/v2\/types\/product"}],"replies":[{"embeddable":true,"href":"https:\/\/compuviper.mx\/tienda\/wp-json\/wp\/v2\/comments?post=266030"}],"wp:featuredmedia":[{"embeddable":true,"href":"https:\/\/compuviper.mx\/tienda\/wp-json\/wp\/v2\/media\/266031"}],"wp:attachment":[{"href":"https:\/\/compuviper.mx\/tienda\/wp-json\/wp\/v2\/media?parent=266030"}],"wp:term":[{"taxonomy":"product_cat","embeddable":true,"href":"https:\/\/compuviper.mx\/tienda\/wp-json\/wp\/v2\/product_cat?post=266030"},{"taxonomy":"product_tag","embeddable":true,"href":"https:\/\/compuviper.mx\/tienda\/wp-json\/wp\/v2\/product_tag?post=266030"}],"curies":[{"name":"wp","href":"https:\/\/api.w.org\/{rel}","templated":true}]}}