{"id":266024,"date":"2026-04-25T01:16:54","date_gmt":"2026-04-25T07:16:54","guid":{"rendered":"https:\/\/compuviper.mx\/tienda\/producto\/lenovo-82wm0047lm-laptop-idea-gaming-legion-5-pro-16arx8-ryzen-7-7745hx-3-6ghz-16gb-ddr5-2-x-8gb-512gb-ssd-rtx-4060-8gb-16-wqxga-2560x1600-onyx-grey-win-11-home-1yr-cs\/"},"modified":"2026-04-25T01:16:55","modified_gmt":"2026-04-25T07:16:55","slug":"lenovo-82wm0047lm-laptop-idea-gaming-legion-5-pro-16arx8-ryzen-7-7745hx-3-6ghz-16gb-ddr5-2-x-8gb-512gb-ssd-rtx-4060-8gb-16-wqxga-2560x1600-onyx-grey-win-11-home-1yr-cs","status":"publish","type":"product","link":"https:\/\/compuviper.mx\/tienda\/producto\/lenovo-82wm0047lm-laptop-idea-gaming-legion-5-pro-16arx8-ryzen-7-7745hx-3-6ghz-16gb-ddr5-2-x-8gb-512gb-ssd-rtx-4060-8gb-16-wqxga-2560x1600-onyx-grey-win-11-home-1yr-cs\/","title":{"rendered":"Lenovo 82wm0047lm Laptop  Idea Gaming Legion 5 Pro 16arx8 \/ Ryzen 7 7745hx 3.6ghz \/ 16gb Ddr5 2 X 8gb \/ 512gb Ssd \/ Rtx 4060 8gb \/ 16 Wqxga 2560&#215;1600 \/ Onyx Grey \/ Win 11 Home \/ 1yr Cs"},"content":{"rendered":"<table class=\"descripcion\">\n<tr>\n<td>Legion pro 5 16arx8 82wm0047lm<\/td>\n<\/tr>\n<tr>\n<td>\u00b7 lenovo reserves the right to change specifications or other product information without notice.<\/td>\n<\/tr>\n<tr>\n<td>\u00b7 product image on this page is a sample, it may not match the real color of this model<\/td>\n<\/tr>\n<tr>\n<td>\u00b7 battery life is an estimated maximum. actual battery life may vary based on many factors, including screen brightness, active applications, features,<\/td>\n<\/tr>\n<tr>\n<td>  power management settings, battery age and conditioning, and other customer preferences<\/td>\n<\/tr>\n<tr>\n<td>Performance<\/td>\n<\/tr>\n<tr>\n<td>Processor<\/td>\n<\/tr>\n<tr>\n<td>Amd ryzen\u0099 7 7745hx (8c \/ 16t, 3.6 \/ 5.1ghz, 8mb l2 \/<\/td>\n<\/tr>\n<tr>\n<td>32mb l3)<\/td>\n<\/tr>\n<tr>\n<td>Graphics<\/td>\n<\/tr>\n<tr>\n<td>Nvidia\u00ae geforce rtx\u0099 4060 8gb gddr6, boost clock<\/td>\n<\/tr>\n<tr>\n<td>2370mhz, tgp 140w<\/td>\n<\/tr>\n<tr>\n<td>Chipset<\/td>\n<\/tr>\n<tr>\n<td>Amd soc platform<\/td>\n<\/tr>\n<tr>\n<td>Memory<\/td>\n<\/tr>\n<tr>\n<td>2x 8gb so-dimm ddr5-5200<\/td>\n<\/tr>\n<tr>\n<td>Memory slots<\/td>\n<\/tr>\n<tr>\n<td>Two ddr5 so-dimm slots, dual-channel capable<\/td>\n<\/tr>\n<tr>\n<td>Max memory<\/td>\n<\/tr>\n<tr>\n<td>Up to 32gb ddr5-5200 offering<\/td>\n<\/tr>\n<tr>\n<td>Storage<\/td>\n<\/tr>\n<tr>\n<td>512gb ssd m.2 2280 pcie\u00ae 4.0&#215;4 nvme\u00ae<\/td>\n<\/tr>\n<tr>\n<td>Storage support[1]<\/td>\n<\/tr>\n<tr>\n<td>Up to two drives, 2x m.2 2280 ssd<\/td>\n<\/tr>\n<tr>\n<td>\u0095 m.2 2280 ssd up to 1tb<\/td>\n<\/tr>\n<tr>\n<td>Storage slot<\/td>\n<\/tr>\n<tr>\n<td>Two m.2 2280 pcie 4.0 x4 slots<\/td>\n<\/tr>\n<tr>\n<td>Card reader<\/td>\n<\/tr>\n<tr>\n<td>None<\/td>\n<\/tr>\n<tr>\n<td>Optical<\/td>\n<\/tr>\n<tr>\n<td>None<\/td>\n<\/tr>\n<tr>\n<td>Audio chip<\/td>\n<\/tr>\n<tr>\n<td>High definition (hd) audio, realtek\u00ae alc3306 codec<\/td>\n<\/tr>\n<tr>\n<td>Speakers<\/td>\n<\/tr>\n<tr>\n<td>Stereo speakers, 2w x2, optimized with nahimic audio<\/td>\n<\/tr>\n<tr>\n<td>Camera<\/td>\n<\/tr>\n<tr>\n<td>Fhd 1080p with e-shutter<\/td>\n<\/tr>\n<tr>\n<td>Microphone<\/td>\n<\/tr>\n<tr>\n<td>2x, array<\/td>\n<\/tr>\n<tr>\n<td>Battery<\/td>\n<\/tr>\n<tr>\n<td>Integrated 80wh<\/td>\n<\/tr>\n<tr>\n<td>Power adapter<\/td>\n<\/tr>\n<tr>\n<td>300w slim tip (3-pin)<\/td>\n<\/tr>\n<tr>\n<td>Special features<\/td>\n<\/tr>\n<tr>\n<td>Legion coldfront 5.0 cooling system<\/td>\n<\/tr>\n<tr>\n<td>Design<\/td>\n<\/tr>\n<tr>\n<td>Display[2]<\/td>\n<\/tr>\n<tr>\n<td>16 wqxga (2560&#215;1600) ips 500nits anti-glare, 100% srgb,<\/td>\n<\/tr>\n<tr>\n<td>240hz, displayhdr\u0099 400, dolby\u00ae vision\u0099, freesync\u0099, gsync\u00ae, low blue light, high gaming performance<\/td>\n<\/tr>\n<tr>\n<td>Touchscreen<\/td>\n<\/tr>\n<tr>\n<td>None<\/td>\n<\/tr>\n<tr>\n<td>Color calibration<\/td>\n<\/tr>\n<tr>\n<td>Factory color calibration<\/td>\n<\/tr>\n<tr>\n<td>Keyboard<\/td>\n<\/tr>\n<tr>\n<td>4-zone rgb backlit, spanish (la)<\/td>\n<\/tr>\n<tr>\n<td>Case color<\/td>\n<\/tr>\n<tr>\n<td>Onyx grey<\/td>\n<\/tr>\n<tr>\n<td>Surface treatment<\/td>\n<\/tr>\n<tr>\n<td>Anodizing<\/td>\n<\/tr>\n<tr>\n<td>Case material<\/td>\n<\/tr>\n<tr>\n<td>Aluminium (top), pc-abs (bottom)<\/td>\n<\/tr>\n<tr>\n<td>Dimensions (wxdxh)[3]<\/td>\n<\/tr>\n<tr>\n<td>363.4 x 260.35 x 22.45-26.75 mm (14.31 x 10.25 x 0.88-1.05<\/td>\n<\/tr>\n<tr>\n<td>Inches)<\/td>\n<\/tr>\n<tr>\n<td>Weight[4]<\/td>\n<\/tr>\n<tr>\n<td>Less than 2.5 kg (5.5 lbs)<\/td>\n<\/tr>\n<tr>\n<td>Software<\/td>\n<\/tr>\n<tr>\n<td>Operating system<\/td>\n<\/tr>\n<tr>\n<td>Windows\u00ae 11 home single language, spanish<\/td>\n<\/tr>\n<tr>\n<td>Bundled software<\/td>\n<\/tr>\n<tr>\n<td>Office trial<\/td>\n<\/tr>\n<tr>\n<td>Connectivity<\/td>\n<\/tr>\n<tr>\n<td>Ethernet<\/td>\n<\/tr>\n<tr>\n<td>100\/1000m (rj-45)<\/td>\n<\/tr>\n<tr>\n<td>Wlan + bluetooth\u00ae[5][6]<\/td>\n<\/tr>\n<tr>\n<td>Wi-fi\u00ae 6e, 11ax 2&#215;2 + bt5.1<\/td>\n<\/tr>\n<tr>\n<td>Standard ports<\/td>\n<\/tr>\n<tr>\n<td>\u0095 3x usb 3.2 gen 1<\/td>\n<\/tr>\n<tr>\n<td>\u0095 1x usb 3.2 gen 1 (always on)<\/td>\n<\/tr>\n<tr>\n<td>1x usb-c\u00ae 3.2 gen 2 (support data transfer and<\/td>\n<\/tr>\n<tr>\n<td>Displayport\u0099 1.4)<\/td>\n<\/tr>\n<tr>\n<td>\u0095<\/td>\n<\/tr>\n<tr>\n<td>1x usb-c 3.2 gen 2 (support data transfer, power delivery<\/td>\n<\/tr>\n<tr>\n<td>140w and displayport 1.4)<\/td>\n<\/tr>\n<tr>\n<td>\u0095<\/td>\n<\/tr>\n<tr>\n<td>\u0095 1x hdmi\u00ae 2.1, up to 8k\/60hz<\/td>\n<\/tr>\n<tr>\n<td>\u0095 1x ethernet (rj-45)<\/td>\n<\/tr>\n<tr>\n<td>\u0095 1x headphone \/ microphone combo jack (3.5mm)<\/td>\n<\/tr>\n<tr>\n<td>\u0095 1x power connector<\/td>\n<\/tr>\n<tr>\n<td>Security  and  privacy<\/td>\n<\/tr>\n<tr>\n<td>Security chip<\/td>\n<\/tr>\n<tr>\n<td>Firmware tpm 2.0 enabled<\/td>\n<\/tr>\n<tr>\n<td>Fingerprint reader<\/td>\n<\/tr>\n<tr>\n<td>None<\/td>\n<\/tr>\n<tr>\n<td>Other security<\/td>\n<\/tr>\n<tr>\n<td>E-shutter<\/td>\n<\/tr>\n<tr>\n<td>Manageability<\/td>\n<\/tr>\n<tr>\n<td>Service<\/td>\n<\/tr>\n<tr>\n<td>Base warranty<\/td>\n<\/tr>\n<tr>\n<td>1-year, courier or carry-in<\/td>\n<\/tr>\n<tr>\n<td>Included upgrade<\/td>\n<\/tr>\n<tr>\n<td>None<\/td>\n<\/tr>\n<tr>\n<td>Accessories<\/td>\n<\/tr>\n<tr>\n<td>Bundled accessories<\/td>\n<\/tr>\n<tr>\n<td>None<\/td>\n<\/tr>\n<tr>\n<td>Certifications<\/td>\n<\/tr>\n<tr>\n<td>Green certifications<\/td>\n<\/tr>\n<tr>\n<td>\u0095 erp lot 3<\/td>\n<\/tr>\n<tr>\n<td>\u0095 rohs compliant<\/td>\n<\/tr>\n<tr>\n<td>Other certifications<\/td>\n<\/tr>\n<tr>\n<td>\u0095 t\u00fcv rheinland high gaming performance<\/td>\n<\/tr>\n<tr>\n<td>\u0095 t\u00fcv rheinland low blue light (hardware solution)<\/td>\n<\/tr>\n<\/table>\n","protected":false},"excerpt":{"rendered":"<p>Lenovo legion pro 5 16irx8. Procesadores amd ryzen . Rendimiento m\u00e1s all\u00e1 de los l\u00edmites. Potentes tarjetas gr\u00e1ficas nvidia\u00ae geforce rtx. M\u00e1s que r\u00e1pidas. Mant\u00e9n la calma, juega mucho: legion coldfront 5.0. No pierdas de vista el premio. Aseg\u00farate la ventaja de lenovo<\/p>\n","protected":false},"featured_media":266079,"comment_status":"open","ping_status":"open","template":"","meta":[],"product_cat":[1886,1891],"product_tag":[1578],"acf":[],"yoast_head":"<!-- This site is optimized with the Yoast SEO plugin v21.7 - https:\/\/yoast.com\/wordpress\/plugins\/seo\/ -->\n<title>[ Lenovo ] &#129351; 82wm0047lm Laptop Idea Gaming Legion 5 Pro 16arx8 \/ Ryzen 7 7745hx 3.6ghz \/ 16gb Ddr5 2 X 8gb \/ 512gb Ssd \/ Rtx 4060 8gb \/ 16 Wqxga 2560x1600 \/ Onyx Grey \/ Win 11 Home \/ 1yr Cs<\/title>\n<meta name=\"description\" content=\"Compra 82wm0047lm Laptop Idea Gaming Legion 5 Pro 16arx8 \/ Ryzen 7 7745hx 3.6ghz \/ 16gb Ddr5 2 X 8gb \/ 512gb Ssd \/ Rtx 4060 8gb \/ 16 Wqxga 2560x1600 \/ Onyx Grey \/ Win 11 Home \/ 1yr Cs + Env\u00edo a domicilio + Pago seguro + Garant\u00eda\" \/>\n<meta name=\"robots\" content=\"index, follow, max-snippet:-1, max-image-preview:large, max-video-preview:-1\" \/>\n<link rel=\"canonical\" href=\"https:\/\/compuviper.mx\/tienda\/producto\/lenovo-82wm0047lm-laptop-idea-gaming-legion-5-pro-16arx8-ryzen-7-7745hx-3-6ghz-16gb-ddr5-2-x-8gb-512gb-ssd-rtx-4060-8gb-16-wqxga-2560x1600-onyx-grey-win-11-home-1yr-cs\/\" \/>\n<meta property=\"og:locale\" content=\"es_MX\" \/>\n<meta property=\"og:type\" content=\"article\" \/>\n<meta property=\"og:title\" content=\"[ Lenovo ] &#129351; 82wm0047lm Laptop Idea Gaming Legion 5 Pro 16arx8 \/ Ryzen 7 7745hx 3.6ghz \/ 16gb Ddr5 2 X 8gb \/ 512gb Ssd \/ Rtx 4060 8gb \/ 16 Wqxga 2560x1600 \/ Onyx Grey \/ Win 11 Home \/ 1yr Cs\" \/>\n<meta property=\"og:description\" content=\"Compra 82wm0047lm Laptop Idea Gaming Legion 5 Pro 16arx8 \/ Ryzen 7 7745hx 3.6ghz \/ 16gb Ddr5 2 X 8gb \/ 512gb Ssd \/ Rtx 4060 8gb \/ 16 Wqxga 2560x1600 \/ Onyx Grey \/ Win 11 Home \/ 1yr Cs + Env\u00edo a domicilio + Pago seguro + Garant\u00eda\" \/>\n<meta property=\"og:url\" content=\"https:\/\/compuviper.mx\/tienda\/producto\/lenovo-82wm0047lm-laptop-idea-gaming-legion-5-pro-16arx8-ryzen-7-7745hx-3-6ghz-16gb-ddr5-2-x-8gb-512gb-ssd-rtx-4060-8gb-16-wqxga-2560x1600-onyx-grey-win-11-home-1yr-cs\/\" \/>\n<meta property=\"og:site_name\" content=\"Compuviper\" \/>\n<meta property=\"article:publisher\" content=\"https:\/\/www.facebook.com\/compuviper\" \/>\n<meta property=\"article:modified_time\" content=\"2026-04-25T07:16:55+00:00\" \/>\n<meta property=\"og:image\" content=\"https:\/\/compuviper.mx\/tienda\/wp-content\/uploads\/2026\/01\/Laptop-lenovo-idea-gaming-legion-5-pro-16arx8-ryzen-7-7745hx-3.6ghz-16gb-ddr5-2-x-8gb-512gb-ssd-rtx-4060-8gb-16-wqxga-2560x1600-onyx-grey-win-11-home-1yr-cs.jpg\" \/>\n\t<meta property=\"og:image:width\" content=\"200\" \/>\n\t<meta property=\"og:image:height\" content=\"200\" \/>\n\t<meta property=\"og:image:type\" content=\"image\/jpeg\" \/>\n<meta name=\"twitter:card\" content=\"summary_large_image\" \/>\n<meta name=\"twitter:label1\" content=\"Precio\" \/>\n\t<meta name=\"twitter:data1\" content=\"&#36;29,135 &#36;25,852 con IVA\" \/>\n\t<meta name=\"twitter:label2\" content=\"Availability\" \/>\n\t<meta name=\"twitter:data2\" content=\"In stock\" \/>\n<script type=\"application\/ld+json\" class=\"yoast-schema-graph\">{\"@context\":\"https:\/\/schema.org\",\"@graph\":[{\"@type\":\"WebPage\",\"@id\":\"https:\/\/compuviper.mx\/tienda\/producto\/lenovo-82wm0047lm-laptop-idea-gaming-legion-5-pro-16arx8-ryzen-7-7745hx-3-6ghz-16gb-ddr5-2-x-8gb-512gb-ssd-rtx-4060-8gb-16-wqxga-2560x1600-onyx-grey-win-11-home-1yr-cs\/\",\"url\":\"https:\/\/compuviper.mx\/tienda\/producto\/lenovo-82wm0047lm-laptop-idea-gaming-legion-5-pro-16arx8-ryzen-7-7745hx-3-6ghz-16gb-ddr5-2-x-8gb-512gb-ssd-rtx-4060-8gb-16-wqxga-2560x1600-onyx-grey-win-11-home-1yr-cs\/\",\"name\":\"[ Lenovo ] &#129351; 82wm0047lm Laptop Idea Gaming Legion 5 Pro 16arx8 \/ Ryzen 7 7745hx 3.6ghz \/ 16gb Ddr5 2 X 8gb \/ 512gb Ssd \/ Rtx 4060 8gb \/ 16 Wqxga 2560x1600 \/ Onyx Grey \/ Win 11 Home \/ 1yr Cs\",\"isPartOf\":{\"@id\":\"https:\/\/compuviper.mx\/tienda\/#website\"},\"datePublished\":\"2026-04-25T07:16:54+00:00\",\"dateModified\":\"2026-04-25T07:16:55+00:00\",\"description\":\"Compra 82wm0047lm Laptop Idea Gaming Legion 5 Pro 16arx8 \/ Ryzen 7 7745hx 3.6ghz \/ 16gb Ddr5 2 X 8gb \/ 512gb Ssd \/ Rtx 4060 8gb \/ 16 Wqxga 2560x1600 \/ Onyx Grey \/ Win 11 Home \/ 1yr Cs + Env\u00edo a domicilio + Pago seguro + Garant\u00eda\",\"breadcrumb\":{\"@id\":\"https:\/\/compuviper.mx\/tienda\/producto\/lenovo-82wm0047lm-laptop-idea-gaming-legion-5-pro-16arx8-ryzen-7-7745hx-3-6ghz-16gb-ddr5-2-x-8gb-512gb-ssd-rtx-4060-8gb-16-wqxga-2560x1600-onyx-grey-win-11-home-1yr-cs\/#breadcrumb\"},\"inLanguage\":\"es-MX\",\"potentialAction\":[{\"@type\":\"ReadAction\",\"target\":[\"https:\/\/compuviper.mx\/tienda\/producto\/lenovo-82wm0047lm-laptop-idea-gaming-legion-5-pro-16arx8-ryzen-7-7745hx-3-6ghz-16gb-ddr5-2-x-8gb-512gb-ssd-rtx-4060-8gb-16-wqxga-2560x1600-onyx-grey-win-11-home-1yr-cs\/\"]}]},{\"@type\":\"BreadcrumbList\",\"@id\":\"https:\/\/compuviper.mx\/tienda\/producto\/lenovo-82wm0047lm-laptop-idea-gaming-legion-5-pro-16arx8-ryzen-7-7745hx-3-6ghz-16gb-ddr5-2-x-8gb-512gb-ssd-rtx-4060-8gb-16-wqxga-2560x1600-onyx-grey-win-11-home-1yr-cs\/#breadcrumb\",\"itemListElement\":[{\"@type\":\"ListItem\",\"position\":1,\"name\":\"Inicio\",\"item\":\"https:\/\/compuviper.mx\/tienda\/\"},{\"@type\":\"ListItem\",\"position\":2,\"name\":\"Productos\",\"item\":\"https:\/\/compuviper.mx\/tienda\/productos\/\"},{\"@type\":\"ListItem\",\"position\":3,\"name\":\"Laptops\",\"item\":\"https:\/\/compuviper.mx\/tienda\/categoria-producto\/laptops\/\"},{\"@type\":\"ListItem\",\"position\":4,\"name\":\"Gaming\",\"item\":\"https:\/\/compuviper.mx\/tienda\/categoria-producto\/laptops\/gaming-laptops\/\"},{\"@type\":\"ListItem\",\"position\":5,\"name\":\"Lenovo 82wm0047lm Laptop Idea Gaming Legion 5 Pro 16arx8 \/ Ryzen 7 7745hx 3.6ghz \/ 16gb Ddr5 2 X 8gb \/ 512gb Ssd \/ Rtx 4060 8gb \/ 16 Wqxga 2560&#215;1600 \/ Onyx Grey \/ Win 11 Home \/ 1yr Cs\"}]},{\"@type\":\"WebSite\",\"@id\":\"https:\/\/compuviper.mx\/tienda\/#website\",\"url\":\"https:\/\/compuviper.mx\/tienda\/\",\"name\":\"Compuviper\",\"description\":\"Proveedor de Computadoras, Laptops, Servidores, Monitores, Puntos de Venta, Teclados,   Impresoras, T\u00f3ner, C\u00e1maras de Seguridad y m\u00e1s en tu tienda en l\u00ednea\",\"publisher\":{\"@id\":\"https:\/\/compuviper.mx\/tienda\/#organization\"},\"potentialAction\":[{\"@type\":\"SearchAction\",\"target\":{\"@type\":\"EntryPoint\",\"urlTemplate\":\"https:\/\/compuviper.mx\/tienda\/?s={search_term_string}\"},\"query-input\":\"required name=search_term_string\"}],\"inLanguage\":\"es-MX\"},{\"@type\":\"Organization\",\"@id\":\"https:\/\/compuviper.mx\/tienda\/#organization\",\"name\":\"Compuviper\",\"url\":\"https:\/\/compuviper.mx\/tienda\/\",\"logo\":{\"@type\":\"ImageObject\",\"inLanguage\":\"es-MX\",\"@id\":\"https:\/\/compuviper.mx\/tienda\/#\/schema\/logo\/image\/\",\"url\":\"https:\/\/compuviper.mx\/tienda\/wp-content\/uploads\/2021\/08\/Logo-Compuviper-10.png\",\"contentUrl\":\"https:\/\/compuviper.mx\/tienda\/wp-content\/uploads\/2021\/08\/Logo-Compuviper-10.png\",\"width\":1000,\"height\":500,\"caption\":\"Compuviper\"},\"image\":{\"@id\":\"https:\/\/compuviper.mx\/tienda\/#\/schema\/logo\/image\/\"},\"sameAs\":[\"https:\/\/www.facebook.com\/compuviper\",\"https:\/\/www.youtube.com\/channel\/UCf73dERp9Y3cfOq7q8BhLjA?view_as=subscriber\"]}]}<\/script>\n<meta property=\"product:brand\" content=\"LENOVO\" \/>\n<meta property=\"product:price:amount\" content=\"25852\" \/>\n<meta property=\"product:price:currency\" content=\"MXN\" \/>\n<meta property=\"og:availability\" content=\"instock\" \/>\n<meta property=\"product:availability\" content=\"instock\" \/>\n<meta property=\"product:retailer_item_id\" content=\"82WM0047LM\" \/>\n<meta property=\"product:condition\" content=\"new\" \/>\n<!-- \/ Yoast SEO plugin. -->","yoast_head_json":{"title":"[ Lenovo ] &#129351; 82wm0047lm Laptop Idea Gaming Legion 5 Pro 16arx8 \/ Ryzen 7 7745hx 3.6ghz \/ 16gb Ddr5 2 X 8gb \/ 512gb Ssd \/ Rtx 4060 8gb \/ 16 Wqxga 2560x1600 \/ Onyx Grey \/ Win 11 Home \/ 1yr Cs","description":"Compra 82wm0047lm Laptop Idea Gaming Legion 5 Pro 16arx8 \/ Ryzen 7 7745hx 3.6ghz \/ 16gb Ddr5 2 X 8gb \/ 512gb Ssd \/ Rtx 4060 8gb \/ 16 Wqxga 2560x1600 \/ Onyx Grey \/ Win 11 Home \/ 1yr Cs + Env\u00edo a domicilio + Pago seguro + Garant\u00eda","robots":{"index":"index","follow":"follow","max-snippet":"max-snippet:-1","max-image-preview":"max-image-preview:large","max-video-preview":"max-video-preview:-1"},"canonical":"https:\/\/compuviper.mx\/tienda\/producto\/lenovo-82wm0047lm-laptop-idea-gaming-legion-5-pro-16arx8-ryzen-7-7745hx-3-6ghz-16gb-ddr5-2-x-8gb-512gb-ssd-rtx-4060-8gb-16-wqxga-2560x1600-onyx-grey-win-11-home-1yr-cs\/","og_locale":"es_MX","og_type":"article","og_title":"[ Lenovo ] &#129351; 82wm0047lm Laptop Idea Gaming Legion 5 Pro 16arx8 \/ Ryzen 7 7745hx 3.6ghz \/ 16gb Ddr5 2 X 8gb \/ 512gb Ssd \/ Rtx 4060 8gb \/ 16 Wqxga 2560x1600 \/ Onyx Grey \/ Win 11 Home \/ 1yr Cs","og_description":"Compra 82wm0047lm Laptop Idea Gaming Legion 5 Pro 16arx8 \/ Ryzen 7 7745hx 3.6ghz \/ 16gb Ddr5 2 X 8gb \/ 512gb Ssd \/ Rtx 4060 8gb \/ 16 Wqxga 2560x1600 \/ Onyx Grey \/ Win 11 Home \/ 1yr Cs + Env\u00edo a domicilio + Pago seguro + Garant\u00eda","og_url":"https:\/\/compuviper.mx\/tienda\/producto\/lenovo-82wm0047lm-laptop-idea-gaming-legion-5-pro-16arx8-ryzen-7-7745hx-3-6ghz-16gb-ddr5-2-x-8gb-512gb-ssd-rtx-4060-8gb-16-wqxga-2560x1600-onyx-grey-win-11-home-1yr-cs\/","og_site_name":"Compuviper","article_publisher":"https:\/\/www.facebook.com\/compuviper","article_modified_time":"2026-04-25T07:16:55+00:00","og_image":[{"width":200,"height":200,"url":"https:\/\/compuviper.mx\/tienda\/wp-content\/uploads\/2026\/01\/Laptop-lenovo-idea-gaming-legion-5-pro-16arx8-ryzen-7-7745hx-3.6ghz-16gb-ddr5-2-x-8gb-512gb-ssd-rtx-4060-8gb-16-wqxga-2560x1600-onyx-grey-win-11-home-1yr-cs.jpg","type":"image\/jpeg"}],"twitter_card":"summary_large_image","twitter_misc":{"Precio":"&#36;29,135 &#36;25,852 con IVA","Availability":"In stock"},"schema":{"@context":"https:\/\/schema.org","@graph":[{"@type":"WebPage","@id":"https:\/\/compuviper.mx\/tienda\/producto\/lenovo-82wm0047lm-laptop-idea-gaming-legion-5-pro-16arx8-ryzen-7-7745hx-3-6ghz-16gb-ddr5-2-x-8gb-512gb-ssd-rtx-4060-8gb-16-wqxga-2560x1600-onyx-grey-win-11-home-1yr-cs\/","url":"https:\/\/compuviper.mx\/tienda\/producto\/lenovo-82wm0047lm-laptop-idea-gaming-legion-5-pro-16arx8-ryzen-7-7745hx-3-6ghz-16gb-ddr5-2-x-8gb-512gb-ssd-rtx-4060-8gb-16-wqxga-2560x1600-onyx-grey-win-11-home-1yr-cs\/","name":"[ Lenovo ] &#129351; 82wm0047lm Laptop Idea Gaming Legion 5 Pro 16arx8 \/ Ryzen 7 7745hx 3.6ghz \/ 16gb Ddr5 2 X 8gb \/ 512gb Ssd \/ Rtx 4060 8gb \/ 16 Wqxga 2560x1600 \/ Onyx Grey \/ Win 11 Home \/ 1yr Cs","isPartOf":{"@id":"https:\/\/compuviper.mx\/tienda\/#website"},"datePublished":"2026-04-25T07:16:54+00:00","dateModified":"2026-04-25T07:16:55+00:00","description":"Compra 82wm0047lm Laptop Idea Gaming Legion 5 Pro 16arx8 \/ Ryzen 7 7745hx 3.6ghz \/ 16gb Ddr5 2 X 8gb \/ 512gb Ssd \/ Rtx 4060 8gb \/ 16 Wqxga 2560x1600 \/ Onyx Grey \/ Win 11 Home \/ 1yr Cs + Env\u00edo a domicilio + Pago seguro + Garant\u00eda","breadcrumb":{"@id":"https:\/\/compuviper.mx\/tienda\/producto\/lenovo-82wm0047lm-laptop-idea-gaming-legion-5-pro-16arx8-ryzen-7-7745hx-3-6ghz-16gb-ddr5-2-x-8gb-512gb-ssd-rtx-4060-8gb-16-wqxga-2560x1600-onyx-grey-win-11-home-1yr-cs\/#breadcrumb"},"inLanguage":"es-MX","potentialAction":[{"@type":"ReadAction","target":["https:\/\/compuviper.mx\/tienda\/producto\/lenovo-82wm0047lm-laptop-idea-gaming-legion-5-pro-16arx8-ryzen-7-7745hx-3-6ghz-16gb-ddr5-2-x-8gb-512gb-ssd-rtx-4060-8gb-16-wqxga-2560x1600-onyx-grey-win-11-home-1yr-cs\/"]}]},{"@type":"BreadcrumbList","@id":"https:\/\/compuviper.mx\/tienda\/producto\/lenovo-82wm0047lm-laptop-idea-gaming-legion-5-pro-16arx8-ryzen-7-7745hx-3-6ghz-16gb-ddr5-2-x-8gb-512gb-ssd-rtx-4060-8gb-16-wqxga-2560x1600-onyx-grey-win-11-home-1yr-cs\/#breadcrumb","itemListElement":[{"@type":"ListItem","position":1,"name":"Inicio","item":"https:\/\/compuviper.mx\/tienda\/"},{"@type":"ListItem","position":2,"name":"Productos","item":"https:\/\/compuviper.mx\/tienda\/productos\/"},{"@type":"ListItem","position":3,"name":"Laptops","item":"https:\/\/compuviper.mx\/tienda\/categoria-producto\/laptops\/"},{"@type":"ListItem","position":4,"name":"Gaming","item":"https:\/\/compuviper.mx\/tienda\/categoria-producto\/laptops\/gaming-laptops\/"},{"@type":"ListItem","position":5,"name":"Lenovo 82wm0047lm Laptop Idea Gaming Legion 5 Pro 16arx8 \/ Ryzen 7 7745hx 3.6ghz \/ 16gb Ddr5 2 X 8gb \/ 512gb Ssd \/ Rtx 4060 8gb \/ 16 Wqxga 2560&#215;1600 \/ Onyx Grey \/ Win 11 Home \/ 1yr Cs"}]},{"@type":"WebSite","@id":"https:\/\/compuviper.mx\/tienda\/#website","url":"https:\/\/compuviper.mx\/tienda\/","name":"Compuviper","description":"Proveedor de Computadoras, Laptops, Servidores, Monitores, Puntos de Venta, Teclados,   Impresoras, T\u00f3ner, C\u00e1maras de Seguridad y m\u00e1s en tu tienda en l\u00ednea","publisher":{"@id":"https:\/\/compuviper.mx\/tienda\/#organization"},"potentialAction":[{"@type":"SearchAction","target":{"@type":"EntryPoint","urlTemplate":"https:\/\/compuviper.mx\/tienda\/?s={search_term_string}"},"query-input":"required name=search_term_string"}],"inLanguage":"es-MX"},{"@type":"Organization","@id":"https:\/\/compuviper.mx\/tienda\/#organization","name":"Compuviper","url":"https:\/\/compuviper.mx\/tienda\/","logo":{"@type":"ImageObject","inLanguage":"es-MX","@id":"https:\/\/compuviper.mx\/tienda\/#\/schema\/logo\/image\/","url":"https:\/\/compuviper.mx\/tienda\/wp-content\/uploads\/2021\/08\/Logo-Compuviper-10.png","contentUrl":"https:\/\/compuviper.mx\/tienda\/wp-content\/uploads\/2021\/08\/Logo-Compuviper-10.png","width":1000,"height":500,"caption":"Compuviper"},"image":{"@id":"https:\/\/compuviper.mx\/tienda\/#\/schema\/logo\/image\/"},"sameAs":["https:\/\/www.facebook.com\/compuviper","https:\/\/www.youtube.com\/channel\/UCf73dERp9Y3cfOq7q8BhLjA?view_as=subscriber"]}]},"product_brand":"LENOVO","product_price_amount":"25852","product_price_currency":"MXN","og_availability":"instock","product_availability":"instock","product_retailer_item_id":"82WM0047LM","product_condition":"new"},"_links":{"self":[{"href":"https:\/\/compuviper.mx\/tienda\/wp-json\/wp\/v2\/product\/266024"}],"collection":[{"href":"https:\/\/compuviper.mx\/tienda\/wp-json\/wp\/v2\/product"}],"about":[{"href":"https:\/\/compuviper.mx\/tienda\/wp-json\/wp\/v2\/types\/product"}],"replies":[{"embeddable":true,"href":"https:\/\/compuviper.mx\/tienda\/wp-json\/wp\/v2\/comments?post=266024"}],"wp:featuredmedia":[{"embeddable":true,"href":"https:\/\/compuviper.mx\/tienda\/wp-json\/wp\/v2\/media\/266079"}],"wp:attachment":[{"href":"https:\/\/compuviper.mx\/tienda\/wp-json\/wp\/v2\/media?parent=266024"}],"wp:term":[{"taxonomy":"product_cat","embeddable":true,"href":"https:\/\/compuviper.mx\/tienda\/wp-json\/wp\/v2\/product_cat?post=266024"},{"taxonomy":"product_tag","embeddable":true,"href":"https:\/\/compuviper.mx\/tienda\/wp-json\/wp\/v2\/product_tag?post=266024"}],"curies":[{"name":"wp","href":"https:\/\/api.w.org\/{rel}","templated":true}]}}