{"id":266023,"date":"2026-04-21T01:27:38","date_gmt":"2026-04-21T07:27:38","guid":{"rendered":"https:\/\/compuviper.mx\/tienda\/producto\/lenovo-zag60209mx-idea-tablet-yoga-tab-tb710fu-qualcomm-snapdragon-8-gen3-3-3ghz-12gb-ddr5-256gb-11-1-3-2k-3200x2000-seashell-android-15-1yr-centro-de-servicio\/"},"modified":"2026-04-21T01:27:38","modified_gmt":"2026-04-21T07:27:38","slug":"lenovo-zag60209mx-idea-tablet-yoga-tab-tb710fu-qualcomm-snapdragon-8-gen3-3-3ghz-12gb-ddr5-256gb-11-1-3-2k-3200x2000-seashell-android-15-1yr-centro-de-servicio","status":"publish","type":"product","link":"https:\/\/compuviper.mx\/tienda\/producto\/lenovo-zag60209mx-idea-tablet-yoga-tab-tb710fu-qualcomm-snapdragon-8-gen3-3-3ghz-12gb-ddr5-256gb-11-1-3-2k-3200x2000-seashell-android-15-1yr-centro-de-servicio\/","title":{"rendered":"Lenovo Zag60209mx  Idea Tablet Yoga Tab \/ Tb710fu \/ Qualcomm Snapdragon 8 Gen3 3.3ghz \/ 12gb Ddr5 \/ 256gb \/ 11.1 3.2k 3200&#215;2000 \/ Seashell \/ Android 15 \/ 1yr Centro De Servicio"},"content":{"rendered":"<table class=\"descripcion\">\n<tr>\n<td>Zag60209mx<\/td>\n<\/tr>\n<tr>\n<td>Performance<\/td>\n<\/tr>\n<tr>\n<td>Processor: qualcomm snapdragon 8 gen 3 qcm8650q mobile platform 6-core, 1 x cortex-x4 @3.3ghz   4 x cortex-a720 @2.95ghz  1 x cortex-a520 @2.1ghz<\/td>\n<\/tr>\n<tr>\n<td>Graphics: integrated qualcomm adreno 750 gpu<\/td>\n<\/tr>\n<tr>\n<td>Chipset: qualcomm snapdragon 8 gen 3 qcm8650q mobile platform<\/td>\n<\/tr>\n<tr>\n<td>Memory: 12gb soldered lpddr5x<\/td>\n<\/tr>\n<tr>\n<td>Storage: 256gb ufs 4.0<\/td>\n<\/tr>\n<tr>\n<td>Card reader: none<\/td>\n<\/tr>\n<tr>\n<td>Max storage support: 256gb ufs 4.0 on systemboard<\/td>\n<\/tr>\n<tr>\n<td>Speakers: 4 speaker system 2x tweeters, 2x woofers, optimized with dolby atmos\u00ae<\/td>\n<\/tr>\n<tr>\n<td>Microphone: dual microphone<\/td>\n<\/tr>\n<tr>\n<td>Camera: front 13.0mp \/ rear 13.0mp  2.0mp, with flashlight<\/td>\n<\/tr>\n<tr>\n<td>Voicecall: no<\/td>\n<\/tr>\n<tr>\n<td>Vibration motor: no support<\/td>\n<\/tr>\n<tr>\n<td>Sensors: accelerometer  gyroscope sensor<\/td>\n<\/tr>\n<tr>\n<td>Hall sensor<\/td>\n<\/tr>\n<tr>\n<td>Rgb sensor<\/td>\n<\/tr>\n<tr>\n<td>Battery: 8860mah typical<\/td>\n<\/tr>\n<tr>\n<td>Power adapter: 5~11v \/ 4.5a 45w max<\/td>\n<\/tr>\n<tr>\n<td>Design<\/td>\n<\/tr>\n<tr>\n<td>Display: 11.1 3.2k 3200&#215;2000 ltps, ips 600nits typical \/ 800nits peak, 98 dci-p3, 144hz, touch<\/td>\n<\/tr>\n<tr>\n<td>Touchscreen: in-cell, 10-point multi-touch<\/td>\n<\/tr>\n<tr>\n<td>Screen-to-body ratio: 88<\/td>\n<\/tr>\n<tr>\n<td>Pen: pen bundled<\/td>\n<\/tr>\n<tr>\n<td>Keyboard: non-backlit, spanish la<\/td>\n<\/tr>\n<tr>\n<td>Dimensions wxdxh: 255.52 x 165.84 x 6.2 mm 10.06 x 6.53 x 0.24 inches<\/td>\n<\/tr>\n<tr>\n<td>Weight: around 458 g 1.01 lbs<\/td>\n<\/tr>\n<tr>\n<td>Case color: seashell<\/td>\n<\/tr>\n<tr>\n<td>Case material: metal<\/td>\n<\/tr>\n<tr>\n<td>Software<\/td>\n<\/tr>\n<tr>\n<td>Operating system:  android 15 or later<\/td>\n<\/tr>\n<tr>\n<td>Connectivity<\/td>\n<\/tr>\n<tr>\n<td>Wlan  bluetooth:  wi-fi 7, 802.11be 2&#215;2  bt5.4<\/td>\n<\/tr>\n<tr>\n<td>Wwan: wwan not supported<\/td>\n<\/tr>\n<tr>\n<td>Location services: no location service<\/td>\n<\/tr>\n<tr>\n<td>Standard ports: 1x usb-c usb 5gbps \/ usb 3.2 gen 1, with charging, dp-out and audio<\/td>\n<\/tr>\n<tr>\n<td>1x pogo pin connector 3-point<\/td>\n<\/tr>\n<tr>\n<td>Security  and  privacy<\/td>\n<\/tr>\n<tr>\n<td>Fingerprint reader: none<\/td>\n<\/tr>\n<tr>\n<td>Service<\/td>\n<\/tr>\n<tr>\n<td>Base warranty: 1-year, carry-in<\/td>\n<\/tr>\n<tr>\n<td>Accessories<\/td>\n<\/tr>\n<tr>\n<td>Bundled accessories: lenovo tab pen pro  lenovo keyboard pack for yogatab<\/td>\n<\/tr>\n<tr>\n<td>Certifications<\/td>\n<\/tr>\n<tr>\n<td>Green certifications: energy star 9.0<\/td>\n<\/tr>\n<tr>\n<td>Erp lot 6\/26<\/td>\n<\/tr>\n<tr>\n<td>Rohs compliant<\/td>\n<\/tr>\n<tr>\n<td>Dust and water resistant: ip53<\/td>\n<\/tr>\n<tr>\n<td>Other certifications:<\/td>\n<\/tr>\n<tr>\n<td>Tv rheinland\u00ae flicker free<\/td>\n<\/tr>\n<tr>\n<td>Tv rheinland\u00ae low blue light hardware solution<\/td>\n<\/tr>\n<tr>\n<td>Tv rheinland\u00ae full care display 3.0 certification<\/td>\n<\/tr>\n<tr>\n<td>Model information<\/td>\n<\/tr>\n<tr>\n<td>Product: tb710fu<\/td>\n<\/tr>\n<tr>\n<td>Model: zag60209mx<\/td>\n<\/tr>\n<tr>\n<td>Ean \/ upc \/ jan: 198158755917<\/td>\n<\/tr>\n<\/table>\n","protected":false},"excerpt":{"rendered":"<p>Tablets lenovo: la opcin perfecta para todas tus necesidades. \u00bfbuscas una compaera vers\u00e1til para tu da a da? las tablets lenovo est\u00e1n diseadas para adaptarse a diferentes usos: estudiar, trabajar, jugar o simplemente relajarte viendo tus series favoritas. Con pantallas de gran calidad, batera duradera y un diseo moderno, elegir una tablet lenovo es apostar por la comodidad y el rendimiento. Si est\u00e1s pensando en comprar tablet, ac\u00e1 tienes muchas opciones para elegir. Explora las mejores opciones de tablets lenovo para cada estilo de vida. Cada persona es diferente, y en lenovo lo sabemos. Por eso, tenemos una tablet para cada estilo de vida. Si est\u00e1s buscando tablets lenovo que se adapten a tu ritmo, aqu encontrar\u00e1s la opcin perfecta.<\/p>\n","protected":false},"featured_media":0,"comment_status":"open","ping_status":"open","template":"","meta":[],"product_cat":[2135,1758],"product_tag":[1578],"acf":[],"yoast_head":"<!-- This site is optimized with the Yoast SEO plugin v21.7 - https:\/\/yoast.com\/wordpress\/plugins\/seo\/ -->\n<title>[ Lenovo ] &#129351; Zag60209mx Idea Tablet Yoga Tab \/ Tb710fu \/ Qualcomm Snapdragon 8 Gen3 3.3ghz \/ 12gb Ddr5 \/ 256gb \/ 11.1 3.2k 3200x2000 \/ Seashell \/ Android 15 \/ 1yr Centro De Servicio<\/title>\n<meta name=\"description\" content=\"Compra Zag60209mx Idea Tablet Yoga Tab \/ Tb710fu \/ Qualcomm Snapdragon 8 Gen3 3.3ghz \/ 12gb Ddr5 \/ 256gb \/ 11.1 3.2k 3200x2000 \/ Seashell \/ Android 15 \/ 1yr Centro De Servicio + Env\u00edo a domicilio + Pago seguro + Garant\u00eda\" \/>\n<meta name=\"robots\" content=\"index, follow, max-snippet:-1, max-image-preview:large, max-video-preview:-1\" \/>\n<link rel=\"canonical\" href=\"https:\/\/compuviper.mx\/tienda\/producto\/lenovo-zag60209mx-idea-tablet-yoga-tab-tb710fu-qualcomm-snapdragon-8-gen3-3-3ghz-12gb-ddr5-256gb-11-1-3-2k-3200x2000-seashell-android-15-1yr-centro-de-servicio\/\" \/>\n<meta property=\"og:locale\" content=\"es_MX\" \/>\n<meta property=\"og:type\" content=\"article\" \/>\n<meta property=\"og:title\" content=\"[ Lenovo ] &#129351; Zag60209mx Idea Tablet Yoga Tab \/ Tb710fu \/ Qualcomm Snapdragon 8 Gen3 3.3ghz \/ 12gb Ddr5 \/ 256gb \/ 11.1 3.2k 3200x2000 \/ Seashell \/ Android 15 \/ 1yr Centro De Servicio\" \/>\n<meta property=\"og:description\" content=\"Compra Zag60209mx Idea Tablet Yoga Tab \/ Tb710fu \/ Qualcomm Snapdragon 8 Gen3 3.3ghz \/ 12gb Ddr5 \/ 256gb \/ 11.1 3.2k 3200x2000 \/ Seashell \/ Android 15 \/ 1yr Centro De Servicio + Env\u00edo a domicilio + Pago seguro + Garant\u00eda\" \/>\n<meta property=\"og:url\" content=\"https:\/\/compuviper.mx\/tienda\/producto\/lenovo-zag60209mx-idea-tablet-yoga-tab-tb710fu-qualcomm-snapdragon-8-gen3-3-3ghz-12gb-ddr5-256gb-11-1-3-2k-3200x2000-seashell-android-15-1yr-centro-de-servicio\/\" \/>\n<meta property=\"og:site_name\" content=\"Compuviper\" \/>\n<meta property=\"article:publisher\" content=\"https:\/\/www.facebook.com\/compuviper\" \/>\n<meta name=\"twitter:card\" content=\"summary_large_image\" \/>\n<meta name=\"twitter:label1\" content=\"Precio\" \/>\n\t<meta name=\"twitter:data1\" content=\"&#36;12,372 &#36;12,016 con IVA\" \/>\n\t<meta name=\"twitter:label2\" content=\"Availability\" \/>\n\t<meta name=\"twitter:data2\" content=\"In stock\" \/>\n<script type=\"application\/ld+json\" class=\"yoast-schema-graph\">{\"@context\":\"https:\/\/schema.org\",\"@graph\":[{\"@type\":\"WebPage\",\"@id\":\"https:\/\/compuviper.mx\/tienda\/producto\/lenovo-zag60209mx-idea-tablet-yoga-tab-tb710fu-qualcomm-snapdragon-8-gen3-3-3ghz-12gb-ddr5-256gb-11-1-3-2k-3200x2000-seashell-android-15-1yr-centro-de-servicio\/\",\"url\":\"https:\/\/compuviper.mx\/tienda\/producto\/lenovo-zag60209mx-idea-tablet-yoga-tab-tb710fu-qualcomm-snapdragon-8-gen3-3-3ghz-12gb-ddr5-256gb-11-1-3-2k-3200x2000-seashell-android-15-1yr-centro-de-servicio\/\",\"name\":\"[ Lenovo ] &#129351; Zag60209mx Idea Tablet Yoga Tab \/ Tb710fu \/ Qualcomm Snapdragon 8 Gen3 3.3ghz \/ 12gb Ddr5 \/ 256gb \/ 11.1 3.2k 3200x2000 \/ Seashell \/ Android 15 \/ 1yr Centro De Servicio\",\"isPartOf\":{\"@id\":\"https:\/\/compuviper.mx\/tienda\/#website\"},\"datePublished\":\"2026-04-21T07:27:38+00:00\",\"dateModified\":\"2026-04-21T07:27:38+00:00\",\"description\":\"Compra Zag60209mx Idea Tablet Yoga Tab \/ Tb710fu \/ Qualcomm Snapdragon 8 Gen3 3.3ghz \/ 12gb Ddr5 \/ 256gb \/ 11.1 3.2k 3200x2000 \/ Seashell \/ Android 15 \/ 1yr Centro De Servicio + Env\u00edo a domicilio + Pago seguro + Garant\u00eda\",\"breadcrumb\":{\"@id\":\"https:\/\/compuviper.mx\/tienda\/producto\/lenovo-zag60209mx-idea-tablet-yoga-tab-tb710fu-qualcomm-snapdragon-8-gen3-3-3ghz-12gb-ddr5-256gb-11-1-3-2k-3200x2000-seashell-android-15-1yr-centro-de-servicio\/#breadcrumb\"},\"inLanguage\":\"es-MX\",\"potentialAction\":[{\"@type\":\"ReadAction\",\"target\":[\"https:\/\/compuviper.mx\/tienda\/producto\/lenovo-zag60209mx-idea-tablet-yoga-tab-tb710fu-qualcomm-snapdragon-8-gen3-3-3ghz-12gb-ddr5-256gb-11-1-3-2k-3200x2000-seashell-android-15-1yr-centro-de-servicio\/\"]}]},{\"@type\":\"BreadcrumbList\",\"@id\":\"https:\/\/compuviper.mx\/tienda\/producto\/lenovo-zag60209mx-idea-tablet-yoga-tab-tb710fu-qualcomm-snapdragon-8-gen3-3-3ghz-12gb-ddr5-256gb-11-1-3-2k-3200x2000-seashell-android-15-1yr-centro-de-servicio\/#breadcrumb\",\"itemListElement\":[{\"@type\":\"ListItem\",\"position\":1,\"name\":\"Inicio\",\"item\":\"https:\/\/compuviper.mx\/tienda\/\"},{\"@type\":\"ListItem\",\"position\":2,\"name\":\"Productos\",\"item\":\"https:\/\/compuviper.mx\/tienda\/productos\/\"},{\"@type\":\"ListItem\",\"position\":3,\"name\":\"Tabletas\",\"item\":\"https:\/\/compuviper.mx\/tienda\/categoria-producto\/tabletas\/\"},{\"@type\":\"ListItem\",\"position\":4,\"name\":\"Qualcomm Snapdragon\",\"item\":\"https:\/\/compuviper.mx\/tienda\/categoria-producto\/tabletas\/qualcomm-snapdragon\/\"},{\"@type\":\"ListItem\",\"position\":5,\"name\":\"Lenovo Zag60209mx Idea Tablet Yoga Tab \/ Tb710fu \/ Qualcomm Snapdragon 8 Gen3 3.3ghz \/ 12gb Ddr5 \/ 256gb \/ 11.1 3.2k 3200&#215;2000 \/ Seashell \/ Android 15 \/ 1yr Centro De Servicio\"}]},{\"@type\":\"WebSite\",\"@id\":\"https:\/\/compuviper.mx\/tienda\/#website\",\"url\":\"https:\/\/compuviper.mx\/tienda\/\",\"name\":\"Compuviper\",\"description\":\"Proveedor de Computadoras, Laptops, Servidores, Monitores, Puntos de Venta, Teclados,   Impresoras, T\u00f3ner, C\u00e1maras de Seguridad y m\u00e1s en tu tienda en l\u00ednea\",\"publisher\":{\"@id\":\"https:\/\/compuviper.mx\/tienda\/#organization\"},\"potentialAction\":[{\"@type\":\"SearchAction\",\"target\":{\"@type\":\"EntryPoint\",\"urlTemplate\":\"https:\/\/compuviper.mx\/tienda\/?s={search_term_string}\"},\"query-input\":\"required name=search_term_string\"}],\"inLanguage\":\"es-MX\"},{\"@type\":\"Organization\",\"@id\":\"https:\/\/compuviper.mx\/tienda\/#organization\",\"name\":\"Compuviper\",\"url\":\"https:\/\/compuviper.mx\/tienda\/\",\"logo\":{\"@type\":\"ImageObject\",\"inLanguage\":\"es-MX\",\"@id\":\"https:\/\/compuviper.mx\/tienda\/#\/schema\/logo\/image\/\",\"url\":\"https:\/\/compuviper.mx\/tienda\/wp-content\/uploads\/2021\/08\/Logo-Compuviper-10.png\",\"contentUrl\":\"https:\/\/compuviper.mx\/tienda\/wp-content\/uploads\/2021\/08\/Logo-Compuviper-10.png\",\"width\":1000,\"height\":500,\"caption\":\"Compuviper\"},\"image\":{\"@id\":\"https:\/\/compuviper.mx\/tienda\/#\/schema\/logo\/image\/\"},\"sameAs\":[\"https:\/\/www.facebook.com\/compuviper\",\"https:\/\/www.youtube.com\/channel\/UCf73dERp9Y3cfOq7q8BhLjA?view_as=subscriber\"]}]}<\/script>\n<meta property=\"product:brand\" content=\"LENOVO\" \/>\n<meta property=\"product:price:amount\" content=\"12016\" \/>\n<meta property=\"product:price:currency\" content=\"MXN\" \/>\n<meta property=\"og:availability\" content=\"instock\" \/>\n<meta property=\"product:availability\" content=\"instock\" \/>\n<meta property=\"product:retailer_item_id\" content=\"ZAG60209MX\" \/>\n<meta property=\"product:condition\" content=\"new\" \/>\n<!-- \/ Yoast SEO plugin. -->","yoast_head_json":{"title":"[ Lenovo ] &#129351; Zag60209mx Idea Tablet Yoga Tab \/ Tb710fu \/ Qualcomm Snapdragon 8 Gen3 3.3ghz \/ 12gb Ddr5 \/ 256gb \/ 11.1 3.2k 3200x2000 \/ Seashell \/ Android 15 \/ 1yr Centro De Servicio","description":"Compra Zag60209mx Idea Tablet Yoga Tab \/ Tb710fu \/ Qualcomm Snapdragon 8 Gen3 3.3ghz \/ 12gb Ddr5 \/ 256gb \/ 11.1 3.2k 3200x2000 \/ Seashell \/ Android 15 \/ 1yr Centro De Servicio + Env\u00edo a domicilio + Pago seguro + Garant\u00eda","robots":{"index":"index","follow":"follow","max-snippet":"max-snippet:-1","max-image-preview":"max-image-preview:large","max-video-preview":"max-video-preview:-1"},"canonical":"https:\/\/compuviper.mx\/tienda\/producto\/lenovo-zag60209mx-idea-tablet-yoga-tab-tb710fu-qualcomm-snapdragon-8-gen3-3-3ghz-12gb-ddr5-256gb-11-1-3-2k-3200x2000-seashell-android-15-1yr-centro-de-servicio\/","og_locale":"es_MX","og_type":"article","og_title":"[ Lenovo ] &#129351; Zag60209mx Idea Tablet Yoga Tab \/ Tb710fu \/ Qualcomm Snapdragon 8 Gen3 3.3ghz \/ 12gb Ddr5 \/ 256gb \/ 11.1 3.2k 3200x2000 \/ Seashell \/ Android 15 \/ 1yr Centro De Servicio","og_description":"Compra Zag60209mx Idea Tablet Yoga Tab \/ Tb710fu \/ Qualcomm Snapdragon 8 Gen3 3.3ghz \/ 12gb Ddr5 \/ 256gb \/ 11.1 3.2k 3200x2000 \/ Seashell \/ Android 15 \/ 1yr Centro De Servicio + Env\u00edo a domicilio + Pago seguro + Garant\u00eda","og_url":"https:\/\/compuviper.mx\/tienda\/producto\/lenovo-zag60209mx-idea-tablet-yoga-tab-tb710fu-qualcomm-snapdragon-8-gen3-3-3ghz-12gb-ddr5-256gb-11-1-3-2k-3200x2000-seashell-android-15-1yr-centro-de-servicio\/","og_site_name":"Compuviper","article_publisher":"https:\/\/www.facebook.com\/compuviper","twitter_card":"summary_large_image","twitter_misc":{"Precio":"&#36;12,372 &#36;12,016 con IVA","Availability":"In stock"},"schema":{"@context":"https:\/\/schema.org","@graph":[{"@type":"WebPage","@id":"https:\/\/compuviper.mx\/tienda\/producto\/lenovo-zag60209mx-idea-tablet-yoga-tab-tb710fu-qualcomm-snapdragon-8-gen3-3-3ghz-12gb-ddr5-256gb-11-1-3-2k-3200x2000-seashell-android-15-1yr-centro-de-servicio\/","url":"https:\/\/compuviper.mx\/tienda\/producto\/lenovo-zag60209mx-idea-tablet-yoga-tab-tb710fu-qualcomm-snapdragon-8-gen3-3-3ghz-12gb-ddr5-256gb-11-1-3-2k-3200x2000-seashell-android-15-1yr-centro-de-servicio\/","name":"[ Lenovo ] &#129351; Zag60209mx Idea Tablet Yoga Tab \/ Tb710fu \/ Qualcomm Snapdragon 8 Gen3 3.3ghz \/ 12gb Ddr5 \/ 256gb \/ 11.1 3.2k 3200x2000 \/ Seashell \/ Android 15 \/ 1yr Centro De Servicio","isPartOf":{"@id":"https:\/\/compuviper.mx\/tienda\/#website"},"datePublished":"2026-04-21T07:27:38+00:00","dateModified":"2026-04-21T07:27:38+00:00","description":"Compra Zag60209mx Idea Tablet Yoga Tab \/ Tb710fu \/ Qualcomm Snapdragon 8 Gen3 3.3ghz \/ 12gb Ddr5 \/ 256gb \/ 11.1 3.2k 3200x2000 \/ Seashell \/ Android 15 \/ 1yr Centro De Servicio + Env\u00edo a domicilio + Pago seguro + Garant\u00eda","breadcrumb":{"@id":"https:\/\/compuviper.mx\/tienda\/producto\/lenovo-zag60209mx-idea-tablet-yoga-tab-tb710fu-qualcomm-snapdragon-8-gen3-3-3ghz-12gb-ddr5-256gb-11-1-3-2k-3200x2000-seashell-android-15-1yr-centro-de-servicio\/#breadcrumb"},"inLanguage":"es-MX","potentialAction":[{"@type":"ReadAction","target":["https:\/\/compuviper.mx\/tienda\/producto\/lenovo-zag60209mx-idea-tablet-yoga-tab-tb710fu-qualcomm-snapdragon-8-gen3-3-3ghz-12gb-ddr5-256gb-11-1-3-2k-3200x2000-seashell-android-15-1yr-centro-de-servicio\/"]}]},{"@type":"BreadcrumbList","@id":"https:\/\/compuviper.mx\/tienda\/producto\/lenovo-zag60209mx-idea-tablet-yoga-tab-tb710fu-qualcomm-snapdragon-8-gen3-3-3ghz-12gb-ddr5-256gb-11-1-3-2k-3200x2000-seashell-android-15-1yr-centro-de-servicio\/#breadcrumb","itemListElement":[{"@type":"ListItem","position":1,"name":"Inicio","item":"https:\/\/compuviper.mx\/tienda\/"},{"@type":"ListItem","position":2,"name":"Productos","item":"https:\/\/compuviper.mx\/tienda\/productos\/"},{"@type":"ListItem","position":3,"name":"Tabletas","item":"https:\/\/compuviper.mx\/tienda\/categoria-producto\/tabletas\/"},{"@type":"ListItem","position":4,"name":"Qualcomm Snapdragon","item":"https:\/\/compuviper.mx\/tienda\/categoria-producto\/tabletas\/qualcomm-snapdragon\/"},{"@type":"ListItem","position":5,"name":"Lenovo Zag60209mx Idea Tablet Yoga Tab \/ Tb710fu \/ Qualcomm Snapdragon 8 Gen3 3.3ghz \/ 12gb Ddr5 \/ 256gb \/ 11.1 3.2k 3200&#215;2000 \/ Seashell \/ Android 15 \/ 1yr Centro De Servicio"}]},{"@type":"WebSite","@id":"https:\/\/compuviper.mx\/tienda\/#website","url":"https:\/\/compuviper.mx\/tienda\/","name":"Compuviper","description":"Proveedor de Computadoras, Laptops, Servidores, Monitores, Puntos de Venta, Teclados,   Impresoras, T\u00f3ner, C\u00e1maras de Seguridad y m\u00e1s en tu tienda en l\u00ednea","publisher":{"@id":"https:\/\/compuviper.mx\/tienda\/#organization"},"potentialAction":[{"@type":"SearchAction","target":{"@type":"EntryPoint","urlTemplate":"https:\/\/compuviper.mx\/tienda\/?s={search_term_string}"},"query-input":"required name=search_term_string"}],"inLanguage":"es-MX"},{"@type":"Organization","@id":"https:\/\/compuviper.mx\/tienda\/#organization","name":"Compuviper","url":"https:\/\/compuviper.mx\/tienda\/","logo":{"@type":"ImageObject","inLanguage":"es-MX","@id":"https:\/\/compuviper.mx\/tienda\/#\/schema\/logo\/image\/","url":"https:\/\/compuviper.mx\/tienda\/wp-content\/uploads\/2021\/08\/Logo-Compuviper-10.png","contentUrl":"https:\/\/compuviper.mx\/tienda\/wp-content\/uploads\/2021\/08\/Logo-Compuviper-10.png","width":1000,"height":500,"caption":"Compuviper"},"image":{"@id":"https:\/\/compuviper.mx\/tienda\/#\/schema\/logo\/image\/"},"sameAs":["https:\/\/www.facebook.com\/compuviper","https:\/\/www.youtube.com\/channel\/UCf73dERp9Y3cfOq7q8BhLjA?view_as=subscriber"]}]},"product_brand":"LENOVO","product_price_amount":"12016","product_price_currency":"MXN","og_availability":"instock","product_availability":"instock","product_retailer_item_id":"ZAG60209MX","product_condition":"new"},"_links":{"self":[{"href":"https:\/\/compuviper.mx\/tienda\/wp-json\/wp\/v2\/product\/266023"}],"collection":[{"href":"https:\/\/compuviper.mx\/tienda\/wp-json\/wp\/v2\/product"}],"about":[{"href":"https:\/\/compuviper.mx\/tienda\/wp-json\/wp\/v2\/types\/product"}],"replies":[{"embeddable":true,"href":"https:\/\/compuviper.mx\/tienda\/wp-json\/wp\/v2\/comments?post=266023"}],"wp:attachment":[{"href":"https:\/\/compuviper.mx\/tienda\/wp-json\/wp\/v2\/media?parent=266023"}],"wp:term":[{"taxonomy":"product_cat","embeddable":true,"href":"https:\/\/compuviper.mx\/tienda\/wp-json\/wp\/v2\/product_cat?post=266023"},{"taxonomy":"product_tag","embeddable":true,"href":"https:\/\/compuviper.mx\/tienda\/wp-json\/wp\/v2\/product_tag?post=266023"}],"curies":[{"name":"wp","href":"https:\/\/api.w.org\/{rel}","templated":true}]}}