{"id":266020,"date":"2026-04-25T01:13:22","date_gmt":"2026-04-25T07:13:22","guid":{"rendered":"https:\/\/compuviper.mx\/tienda\/producto\/lenovo-83m0005hlm-laptop-idea-gaming-legion-5-15arp10-ryzen-7-260-5-1ghz-16gb-ddr5-1tb-ssd-rtx-5050-8gb-15-3-wuxga-1920x1200-eclipse-black-win-11-home-1yr-cs\/"},"modified":"2026-04-25T01:13:22","modified_gmt":"2026-04-25T07:13:22","slug":"lenovo-83m0005hlm-laptop-idea-gaming-legion-5-15arp10-ryzen-7-260-5-1ghz-16gb-ddr5-1tb-ssd-rtx-5050-8gb-15-3-wuxga-1920x1200-eclipse-black-win-11-home-1yr-cs","status":"publish","type":"product","link":"https:\/\/compuviper.mx\/tienda\/producto\/lenovo-83m0005hlm-laptop-idea-gaming-legion-5-15arp10-ryzen-7-260-5-1ghz-16gb-ddr5-1tb-ssd-rtx-5050-8gb-15-3-wuxga-1920x1200-eclipse-black-win-11-home-1yr-cs\/","title":{"rendered":"Lenovo 83m0005hlm Laptop  Idea Gaming Legion 5 15arp10 \/ Ryzen 7 260 5.1ghz \/ 16gb Ddr5 \/ 1tb Ssd \/ Rtx 5050 8gb \/ 15.3 Wuxga 1920&#215;1200 \/ Eclipse Black \/ Win 11 Home \/ 1yr Cs"},"content":{"rendered":"<table class=\"descripcion\">\n<tr>\n<td>83m0005hlm<\/td>\n<\/tr>\n<tr>\n<td>Performance<\/td>\n<\/tr>\n<tr>\n<td>Processor: amd ryzen 7 260 (8c \/ 16t, 3.8 \/ 5.1ghz, 8mb l2 \/ 16mb l3)<\/td>\n<\/tr>\n<tr>\n<td>Ai pc category: ai-powered gaming pc<\/td>\n<\/tr>\n<tr>\n<td>Npu: integrated amd ryzen ai, up to 16 tops<\/td>\n<\/tr>\n<tr>\n<td>Graphics: nvidia geforce rtx 5050 8gb gddr7, boost clock 2662mhz, tgp 115w, 440 ai tops<\/td>\n<\/tr>\n<tr>\n<td>Chipset: amd soc platform<\/td>\n<\/tr>\n<tr>\n<td>Memory: 1x 16gb sodimm ddr5-5600<\/td>\n<\/tr>\n<tr>\n<td>Memory slots: two ddr5 sodimm slots, dual-channel capable<\/td>\n<\/tr>\n<tr>\n<td>Max memory: up to 32gb ddr5-5600 offering<\/td>\n<\/tr>\n<tr>\n<td>Storage: 1tb ssd m.2 2242 pcie 4.0&#215;4 nvme\u00ae<\/td>\n<\/tr>\n<tr>\n<td>Storage slot: two m.2 2280 pcie 4.0 x4 slots<\/td>\n<\/tr>\n<tr>\n<td>Max storage support: up to two drives, 2x m.2 ssd \/ m.2 2242 ssd up to 1tb each<\/td>\n<\/tr>\n<tr>\n<td>Optical: none<\/td>\n<\/tr>\n<tr>\n<td>Card reader: none<\/td>\n<\/tr>\n<tr>\n<td>Audio chip: high definition (hd) audio, realtek alc3287 codec<\/td>\n<\/tr>\n<tr>\n<td>Speakers: stereo speakers, 2w x2, audio by harman, optimized with nahimic audio<\/td>\n<\/tr>\n<tr>\n<td>Microphone: 2x, array<\/td>\n<\/tr>\n<tr>\n<td>Camera: hd 720p with e-shutter<\/td>\n<\/tr>\n<tr>\n<td>Battery: 60wh<\/td>\n<\/tr>\n<tr>\n<td>Power adapter: 245w slim tip (3-pin)<\/td>\n<\/tr>\n<tr>\n<td>Special features: ai chip: la1<\/td>\n<\/tr>\n<tr>\n<td>Design<\/td>\n<\/tr>\n<tr>\n<td>Display: 15.3 wuxga (1920&#215;1200) ips 300nits anti-glare, 100% srgb, 165hz, dolby vision<\/td>\n<\/tr>\n<tr>\n<td>Touchscreen: none<\/td>\n<\/tr>\n<tr>\n<td>Screen-to-body ratio: ips models: 90.9% aar (active area ratio)<\/td>\n<\/tr>\n<tr>\n<td>Color calibration: factory color calibration<\/td>\n<\/tr>\n<tr>\n<td>Pen: pen not supported<\/td>\n<\/tr>\n<tr>\n<td>Keyboard: white backlit, spanish (la)<\/td>\n<\/tr>\n<tr>\n<td>Touchpad: buttonless mylarsurface multi-touch touchpad, supports precision touchpad (ptp), 75 x 120 mm (2.95 x 4.72 inches)<\/td>\n<\/tr>\n<tr>\n<td>Dimensions (wxdxh): 344.9 x 255.35 x 22.50-23.99 mm (13.58 x 10.05 x 0.89-0.94 inches)<\/td>\n<\/tr>\n<tr>\n<td>Weight: starting at 2.1 kg (4.63 lbs)<\/td>\n<\/tr>\n<tr>\n<td>Case color: eclipse black<\/td>\n<\/tr>\n<tr>\n<td>Case material: pc-abs + 15% talc (top), pc-abs + 15% talc (bottom)<\/td>\n<\/tr>\n<tr>\n<td>Surface treatment: painting<\/td>\n<\/tr>\n<tr>\n<td>Software<\/td>\n<\/tr>\n<tr>\n<td>Operating system:  windows 11 home single language, spanish<\/td>\n<\/tr>\n<tr>\n<td>Bundled software: office trial + lenovo ai now<\/td>\n<\/tr>\n<tr>\n<td>Connectivity<\/td>\n<\/tr>\n<tr>\n<td>Wlan + bluetooth: wi-fi 6, 802.11ax 2&#215;2 + bt5.2<\/td>\n<\/tr>\n<tr>\n<td>Wwan: wwan not supported<\/td>\n<\/tr>\n<tr>\n<td>Ethernet: 100\/1000m (rj-45)<\/td>\n<\/tr>\n<tr>\n<td>Standard ports:<\/td>\n<\/tr>\n<tr>\n<td>2x usb-a (usb 5gbps \/ usb 3.2 gen 1)<\/td>\n<\/tr>\n<tr>\n<td>1x usb-a (usb 5gbps \/ usb 3.2 gen 1), always on<\/td>\n<\/tr>\n<tr>\n<td>1x usb-c (usb 10gbps \/ usb 3.2 gen 2), with usb pd 95-100w and displayport\u0099 2.1<\/td>\n<\/tr>\n<tr>\n<td>1x usb-c (usb4\u00ae 40gbps), with dp 1.4<\/td>\n<\/tr>\n<tr>\n<td>1x hdmi\u00ae 2.1, up to 8k\/60hz<\/td>\n<\/tr>\n<tr>\n<td>1x headphone \/ microphone combo jack (3.5mm)<\/td>\n<\/tr>\n<tr>\n<td>1x ethernet (rj-45)<\/td>\n<\/tr>\n<tr>\n<td>1x slim tip power connector<\/td>\n<\/tr>\n<tr>\n<td>Docking:<\/td>\n<\/tr>\n<tr>\n<td>Various docking solutions supported via usb-c<\/td>\n<\/tr>\n<tr>\n<td>For more compatible docking solutions, please visit<\/td>\n<\/tr>\n<tr>\n<td>Docking for legion 5 15ahp10<\/td>\n<\/tr>\n<tr>\n<td>Security  and  privacy<\/td>\n<\/tr>\n<tr>\n<td>Security chip: firmware tpm 2.0 enabled<\/td>\n<\/tr>\n<tr>\n<td>Fingerprint reader: none<\/td>\n<\/tr>\n<tr>\n<td>Other security: e-shutter<\/td>\n<\/tr>\n<tr>\n<td>Service<\/td>\n<\/tr>\n<tr>\n<td>Base warranty: 1-year, courier or carry-in<\/td>\n<\/tr>\n<tr>\n<td>Included upgrade: none<\/td>\n<\/tr>\n<tr>\n<td>Accessories<\/td>\n<\/tr>\n<tr>\n<td>Bundled accessories : none<\/td>\n<\/tr>\n<tr>\n<td>Certifications<\/td>\n<\/tr>\n<tr>\n<td>Green certifications:  energy star 9.0 \/ epeat gold registered \/ erp lot 6\/26 \/ rohs compliant<\/td>\n<\/tr>\n<tr>\n<td>Other certifications: t\u00fcv rheinland low blue light (hardware solution)<\/td>\n<\/tr>\n<tr>\n<td>Model information<\/td>\n<\/tr>\n<tr>\n<td>Model: 83m0005hlm<\/td>\n<\/tr>\n<tr>\n<td>Ean \/ upc \/ jan: 199272313687<\/td>\n<\/tr>\n<\/table>\n","protected":false},"excerpt":{"rendered":"<p>Alcanza la gloria en el gaming con lenovo legion. El universo gamer no es para todos. Est\u00e1 lleno de desaf\u00edos, de momentos donde renunciar parece la opci\u00f3n f\u00e1cil, pero tambi\u00e9n de recompensas que solo sienten los que nunca se rinden. En lenovo legion lo entendemos. Hemos dise\u00f1ado nuestras laptops gamer legion para que t\u00fa y tu equipo cuenten con todo lo necesario para enfrentar cada batalla. Puedes parar, tomar aire, pero nunca retroceder. Esa es la mentalidad que define a los verdaderos gamers, y tambi\u00e9n lo que inspira nuestra tecnolog\u00eda. Cada laptop lenovo legion, est\u00e1 creada para ofrecerte m\u00e1s potencia, m\u00e1s rapidez y una experiencia de gaming tan fluida como \u00e9pica. No importa si lideras a tu equipo hacia victorias inolvidables, compites al nivel m\u00e1s alto de esports o simplemente buscas romper tu propio r\u00e9cord en tus t\u00edtulos favoritos. Lenovo legion es tu aliado. Nuestras computadoras legion no solo son dispositivos; son herramientas dise\u00f1adas para superar cualquier l\u00edmite, igual que t\u00fa lo haces al pisar tus arenas de combate.<\/p>\n","protected":false},"featured_media":0,"comment_status":"open","ping_status":"open","template":"","meta":[],"product_cat":[1886,1891],"product_tag":[1578],"acf":[],"yoast_head":"<!-- This site is optimized with the Yoast SEO plugin v21.7 - https:\/\/yoast.com\/wordpress\/plugins\/seo\/ -->\n<title>[ Lenovo ] &#129351; 83m0005hlm Laptop Idea Gaming Legion 5 15arp10 \/ Ryzen 7 260 5.1ghz \/ 16gb Ddr5 \/ 1tb Ssd \/ Rtx 5050 8gb \/ 15.3 Wuxga 1920x1200 \/ Eclipse Black \/ Win 11 Home \/ 1yr Cs<\/title>\n<meta name=\"description\" content=\"Compra 83m0005hlm Laptop Idea Gaming Legion 5 15arp10 \/ Ryzen 7 260 5.1ghz \/ 16gb Ddr5 \/ 1tb Ssd \/ Rtx 5050 8gb \/ 15.3 Wuxga 1920x1200 \/ Eclipse Black \/ Win 11 Home \/ 1yr Cs + Env\u00edo a domicilio + Pago seguro + Garant\u00eda\" \/>\n<meta name=\"robots\" content=\"index, follow, max-snippet:-1, max-image-preview:large, max-video-preview:-1\" \/>\n<link rel=\"canonical\" href=\"https:\/\/compuviper.mx\/tienda\/producto\/lenovo-83m0005hlm-laptop-idea-gaming-legion-5-15arp10-ryzen-7-260-5-1ghz-16gb-ddr5-1tb-ssd-rtx-5050-8gb-15-3-wuxga-1920x1200-eclipse-black-win-11-home-1yr-cs\/\" \/>\n<meta property=\"og:locale\" content=\"es_MX\" \/>\n<meta property=\"og:type\" content=\"article\" \/>\n<meta property=\"og:title\" content=\"[ Lenovo ] &#129351; 83m0005hlm Laptop Idea Gaming Legion 5 15arp10 \/ Ryzen 7 260 5.1ghz \/ 16gb Ddr5 \/ 1tb Ssd \/ Rtx 5050 8gb \/ 15.3 Wuxga 1920x1200 \/ Eclipse Black \/ Win 11 Home \/ 1yr Cs\" \/>\n<meta property=\"og:description\" content=\"Compra 83m0005hlm Laptop Idea Gaming Legion 5 15arp10 \/ Ryzen 7 260 5.1ghz \/ 16gb Ddr5 \/ 1tb Ssd \/ Rtx 5050 8gb \/ 15.3 Wuxga 1920x1200 \/ Eclipse Black \/ Win 11 Home \/ 1yr Cs + Env\u00edo a domicilio + Pago seguro + Garant\u00eda\" \/>\n<meta property=\"og:url\" content=\"https:\/\/compuviper.mx\/tienda\/producto\/lenovo-83m0005hlm-laptop-idea-gaming-legion-5-15arp10-ryzen-7-260-5-1ghz-16gb-ddr5-1tb-ssd-rtx-5050-8gb-15-3-wuxga-1920x1200-eclipse-black-win-11-home-1yr-cs\/\" \/>\n<meta property=\"og:site_name\" content=\"Compuviper\" \/>\n<meta property=\"article:publisher\" content=\"https:\/\/www.facebook.com\/compuviper\" \/>\n<meta name=\"twitter:card\" content=\"summary_large_image\" \/>\n<meta name=\"twitter:label1\" content=\"Precio\" \/>\n\t<meta name=\"twitter:data1\" content=\"&#36;25,852 &#36;24,059 con IVA\" \/>\n\t<meta name=\"twitter:label2\" content=\"Availability\" \/>\n\t<meta name=\"twitter:data2\" content=\"In stock\" \/>\n<script type=\"application\/ld+json\" class=\"yoast-schema-graph\">{\"@context\":\"https:\/\/schema.org\",\"@graph\":[{\"@type\":\"WebPage\",\"@id\":\"https:\/\/compuviper.mx\/tienda\/producto\/lenovo-83m0005hlm-laptop-idea-gaming-legion-5-15arp10-ryzen-7-260-5-1ghz-16gb-ddr5-1tb-ssd-rtx-5050-8gb-15-3-wuxga-1920x1200-eclipse-black-win-11-home-1yr-cs\/\",\"url\":\"https:\/\/compuviper.mx\/tienda\/producto\/lenovo-83m0005hlm-laptop-idea-gaming-legion-5-15arp10-ryzen-7-260-5-1ghz-16gb-ddr5-1tb-ssd-rtx-5050-8gb-15-3-wuxga-1920x1200-eclipse-black-win-11-home-1yr-cs\/\",\"name\":\"[ Lenovo ] &#129351; 83m0005hlm Laptop Idea Gaming Legion 5 15arp10 \/ Ryzen 7 260 5.1ghz \/ 16gb Ddr5 \/ 1tb Ssd \/ Rtx 5050 8gb \/ 15.3 Wuxga 1920x1200 \/ Eclipse Black \/ Win 11 Home \/ 1yr Cs\",\"isPartOf\":{\"@id\":\"https:\/\/compuviper.mx\/tienda\/#website\"},\"datePublished\":\"2026-04-25T07:13:22+00:00\",\"dateModified\":\"2026-04-25T07:13:22+00:00\",\"description\":\"Compra 83m0005hlm Laptop Idea Gaming Legion 5 15arp10 \/ Ryzen 7 260 5.1ghz \/ 16gb Ddr5 \/ 1tb Ssd \/ Rtx 5050 8gb \/ 15.3 Wuxga 1920x1200 \/ Eclipse Black \/ Win 11 Home \/ 1yr Cs + Env\u00edo a domicilio + Pago seguro + Garant\u00eda\",\"breadcrumb\":{\"@id\":\"https:\/\/compuviper.mx\/tienda\/producto\/lenovo-83m0005hlm-laptop-idea-gaming-legion-5-15arp10-ryzen-7-260-5-1ghz-16gb-ddr5-1tb-ssd-rtx-5050-8gb-15-3-wuxga-1920x1200-eclipse-black-win-11-home-1yr-cs\/#breadcrumb\"},\"inLanguage\":\"es-MX\",\"potentialAction\":[{\"@type\":\"ReadAction\",\"target\":[\"https:\/\/compuviper.mx\/tienda\/producto\/lenovo-83m0005hlm-laptop-idea-gaming-legion-5-15arp10-ryzen-7-260-5-1ghz-16gb-ddr5-1tb-ssd-rtx-5050-8gb-15-3-wuxga-1920x1200-eclipse-black-win-11-home-1yr-cs\/\"]}]},{\"@type\":\"BreadcrumbList\",\"@id\":\"https:\/\/compuviper.mx\/tienda\/producto\/lenovo-83m0005hlm-laptop-idea-gaming-legion-5-15arp10-ryzen-7-260-5-1ghz-16gb-ddr5-1tb-ssd-rtx-5050-8gb-15-3-wuxga-1920x1200-eclipse-black-win-11-home-1yr-cs\/#breadcrumb\",\"itemListElement\":[{\"@type\":\"ListItem\",\"position\":1,\"name\":\"Inicio\",\"item\":\"https:\/\/compuviper.mx\/tienda\/\"},{\"@type\":\"ListItem\",\"position\":2,\"name\":\"Productos\",\"item\":\"https:\/\/compuviper.mx\/tienda\/productos\/\"},{\"@type\":\"ListItem\",\"position\":3,\"name\":\"Laptops\",\"item\":\"https:\/\/compuviper.mx\/tienda\/categoria-producto\/laptops\/\"},{\"@type\":\"ListItem\",\"position\":4,\"name\":\"Gaming\",\"item\":\"https:\/\/compuviper.mx\/tienda\/categoria-producto\/laptops\/gaming-laptops\/\"},{\"@type\":\"ListItem\",\"position\":5,\"name\":\"Lenovo 83m0005hlm Laptop Idea Gaming Legion 5 15arp10 \/ Ryzen 7 260 5.1ghz \/ 16gb Ddr5 \/ 1tb Ssd \/ Rtx 5050 8gb \/ 15.3 Wuxga 1920&#215;1200 \/ Eclipse Black \/ Win 11 Home \/ 1yr Cs\"}]},{\"@type\":\"WebSite\",\"@id\":\"https:\/\/compuviper.mx\/tienda\/#website\",\"url\":\"https:\/\/compuviper.mx\/tienda\/\",\"name\":\"Compuviper\",\"description\":\"Proveedor de Computadoras, Laptops, Servidores, Monitores, Puntos de Venta, Teclados,   Impresoras, T\u00f3ner, C\u00e1maras de Seguridad y m\u00e1s en tu tienda en l\u00ednea\",\"publisher\":{\"@id\":\"https:\/\/compuviper.mx\/tienda\/#organization\"},\"potentialAction\":[{\"@type\":\"SearchAction\",\"target\":{\"@type\":\"EntryPoint\",\"urlTemplate\":\"https:\/\/compuviper.mx\/tienda\/?s={search_term_string}\"},\"query-input\":\"required name=search_term_string\"}],\"inLanguage\":\"es-MX\"},{\"@type\":\"Organization\",\"@id\":\"https:\/\/compuviper.mx\/tienda\/#organization\",\"name\":\"Compuviper\",\"url\":\"https:\/\/compuviper.mx\/tienda\/\",\"logo\":{\"@type\":\"ImageObject\",\"inLanguage\":\"es-MX\",\"@id\":\"https:\/\/compuviper.mx\/tienda\/#\/schema\/logo\/image\/\",\"url\":\"https:\/\/compuviper.mx\/tienda\/wp-content\/uploads\/2021\/08\/Logo-Compuviper-10.png\",\"contentUrl\":\"https:\/\/compuviper.mx\/tienda\/wp-content\/uploads\/2021\/08\/Logo-Compuviper-10.png\",\"width\":1000,\"height\":500,\"caption\":\"Compuviper\"},\"image\":{\"@id\":\"https:\/\/compuviper.mx\/tienda\/#\/schema\/logo\/image\/\"},\"sameAs\":[\"https:\/\/www.facebook.com\/compuviper\",\"https:\/\/www.youtube.com\/channel\/UCf73dERp9Y3cfOq7q8BhLjA?view_as=subscriber\"]}]}<\/script>\n<meta property=\"product:brand\" content=\"LENOVO\" \/>\n<meta property=\"product:price:amount\" content=\"24059\" \/>\n<meta property=\"product:price:currency\" content=\"MXN\" \/>\n<meta property=\"og:availability\" content=\"instock\" \/>\n<meta property=\"product:availability\" content=\"instock\" \/>\n<meta property=\"product:retailer_item_id\" content=\"83M0005HLM\" \/>\n<meta property=\"product:condition\" content=\"new\" \/>\n<!-- \/ Yoast SEO plugin. -->","yoast_head_json":{"title":"[ Lenovo ] &#129351; 83m0005hlm Laptop Idea Gaming Legion 5 15arp10 \/ Ryzen 7 260 5.1ghz \/ 16gb Ddr5 \/ 1tb Ssd \/ Rtx 5050 8gb \/ 15.3 Wuxga 1920x1200 \/ Eclipse Black \/ Win 11 Home \/ 1yr Cs","description":"Compra 83m0005hlm Laptop Idea Gaming Legion 5 15arp10 \/ Ryzen 7 260 5.1ghz \/ 16gb Ddr5 \/ 1tb Ssd \/ Rtx 5050 8gb \/ 15.3 Wuxga 1920x1200 \/ Eclipse Black \/ Win 11 Home \/ 1yr Cs + Env\u00edo a domicilio + Pago seguro + Garant\u00eda","robots":{"index":"index","follow":"follow","max-snippet":"max-snippet:-1","max-image-preview":"max-image-preview:large","max-video-preview":"max-video-preview:-1"},"canonical":"https:\/\/compuviper.mx\/tienda\/producto\/lenovo-83m0005hlm-laptop-idea-gaming-legion-5-15arp10-ryzen-7-260-5-1ghz-16gb-ddr5-1tb-ssd-rtx-5050-8gb-15-3-wuxga-1920x1200-eclipse-black-win-11-home-1yr-cs\/","og_locale":"es_MX","og_type":"article","og_title":"[ Lenovo ] &#129351; 83m0005hlm Laptop Idea Gaming Legion 5 15arp10 \/ Ryzen 7 260 5.1ghz \/ 16gb Ddr5 \/ 1tb Ssd \/ Rtx 5050 8gb \/ 15.3 Wuxga 1920x1200 \/ Eclipse Black \/ Win 11 Home \/ 1yr Cs","og_description":"Compra 83m0005hlm Laptop Idea Gaming Legion 5 15arp10 \/ Ryzen 7 260 5.1ghz \/ 16gb Ddr5 \/ 1tb Ssd \/ Rtx 5050 8gb \/ 15.3 Wuxga 1920x1200 \/ Eclipse Black \/ Win 11 Home \/ 1yr Cs + Env\u00edo a domicilio + Pago seguro + Garant\u00eda","og_url":"https:\/\/compuviper.mx\/tienda\/producto\/lenovo-83m0005hlm-laptop-idea-gaming-legion-5-15arp10-ryzen-7-260-5-1ghz-16gb-ddr5-1tb-ssd-rtx-5050-8gb-15-3-wuxga-1920x1200-eclipse-black-win-11-home-1yr-cs\/","og_site_name":"Compuviper","article_publisher":"https:\/\/www.facebook.com\/compuviper","twitter_card":"summary_large_image","twitter_misc":{"Precio":"&#36;25,852 &#36;24,059 con IVA","Availability":"In stock"},"schema":{"@context":"https:\/\/schema.org","@graph":[{"@type":"WebPage","@id":"https:\/\/compuviper.mx\/tienda\/producto\/lenovo-83m0005hlm-laptop-idea-gaming-legion-5-15arp10-ryzen-7-260-5-1ghz-16gb-ddr5-1tb-ssd-rtx-5050-8gb-15-3-wuxga-1920x1200-eclipse-black-win-11-home-1yr-cs\/","url":"https:\/\/compuviper.mx\/tienda\/producto\/lenovo-83m0005hlm-laptop-idea-gaming-legion-5-15arp10-ryzen-7-260-5-1ghz-16gb-ddr5-1tb-ssd-rtx-5050-8gb-15-3-wuxga-1920x1200-eclipse-black-win-11-home-1yr-cs\/","name":"[ Lenovo ] &#129351; 83m0005hlm Laptop Idea Gaming Legion 5 15arp10 \/ Ryzen 7 260 5.1ghz \/ 16gb Ddr5 \/ 1tb Ssd \/ Rtx 5050 8gb \/ 15.3 Wuxga 1920x1200 \/ Eclipse Black \/ Win 11 Home \/ 1yr Cs","isPartOf":{"@id":"https:\/\/compuviper.mx\/tienda\/#website"},"datePublished":"2026-04-25T07:13:22+00:00","dateModified":"2026-04-25T07:13:22+00:00","description":"Compra 83m0005hlm Laptop Idea Gaming Legion 5 15arp10 \/ Ryzen 7 260 5.1ghz \/ 16gb Ddr5 \/ 1tb Ssd \/ Rtx 5050 8gb \/ 15.3 Wuxga 1920x1200 \/ Eclipse Black \/ Win 11 Home \/ 1yr Cs + Env\u00edo a domicilio + Pago seguro + Garant\u00eda","breadcrumb":{"@id":"https:\/\/compuviper.mx\/tienda\/producto\/lenovo-83m0005hlm-laptop-idea-gaming-legion-5-15arp10-ryzen-7-260-5-1ghz-16gb-ddr5-1tb-ssd-rtx-5050-8gb-15-3-wuxga-1920x1200-eclipse-black-win-11-home-1yr-cs\/#breadcrumb"},"inLanguage":"es-MX","potentialAction":[{"@type":"ReadAction","target":["https:\/\/compuviper.mx\/tienda\/producto\/lenovo-83m0005hlm-laptop-idea-gaming-legion-5-15arp10-ryzen-7-260-5-1ghz-16gb-ddr5-1tb-ssd-rtx-5050-8gb-15-3-wuxga-1920x1200-eclipse-black-win-11-home-1yr-cs\/"]}]},{"@type":"BreadcrumbList","@id":"https:\/\/compuviper.mx\/tienda\/producto\/lenovo-83m0005hlm-laptop-idea-gaming-legion-5-15arp10-ryzen-7-260-5-1ghz-16gb-ddr5-1tb-ssd-rtx-5050-8gb-15-3-wuxga-1920x1200-eclipse-black-win-11-home-1yr-cs\/#breadcrumb","itemListElement":[{"@type":"ListItem","position":1,"name":"Inicio","item":"https:\/\/compuviper.mx\/tienda\/"},{"@type":"ListItem","position":2,"name":"Productos","item":"https:\/\/compuviper.mx\/tienda\/productos\/"},{"@type":"ListItem","position":3,"name":"Laptops","item":"https:\/\/compuviper.mx\/tienda\/categoria-producto\/laptops\/"},{"@type":"ListItem","position":4,"name":"Gaming","item":"https:\/\/compuviper.mx\/tienda\/categoria-producto\/laptops\/gaming-laptops\/"},{"@type":"ListItem","position":5,"name":"Lenovo 83m0005hlm Laptop Idea Gaming Legion 5 15arp10 \/ Ryzen 7 260 5.1ghz \/ 16gb Ddr5 \/ 1tb Ssd \/ Rtx 5050 8gb \/ 15.3 Wuxga 1920&#215;1200 \/ Eclipse Black \/ Win 11 Home \/ 1yr Cs"}]},{"@type":"WebSite","@id":"https:\/\/compuviper.mx\/tienda\/#website","url":"https:\/\/compuviper.mx\/tienda\/","name":"Compuviper","description":"Proveedor de Computadoras, Laptops, Servidores, Monitores, Puntos de Venta, Teclados,   Impresoras, T\u00f3ner, C\u00e1maras de Seguridad y m\u00e1s en tu tienda en l\u00ednea","publisher":{"@id":"https:\/\/compuviper.mx\/tienda\/#organization"},"potentialAction":[{"@type":"SearchAction","target":{"@type":"EntryPoint","urlTemplate":"https:\/\/compuviper.mx\/tienda\/?s={search_term_string}"},"query-input":"required name=search_term_string"}],"inLanguage":"es-MX"},{"@type":"Organization","@id":"https:\/\/compuviper.mx\/tienda\/#organization","name":"Compuviper","url":"https:\/\/compuviper.mx\/tienda\/","logo":{"@type":"ImageObject","inLanguage":"es-MX","@id":"https:\/\/compuviper.mx\/tienda\/#\/schema\/logo\/image\/","url":"https:\/\/compuviper.mx\/tienda\/wp-content\/uploads\/2021\/08\/Logo-Compuviper-10.png","contentUrl":"https:\/\/compuviper.mx\/tienda\/wp-content\/uploads\/2021\/08\/Logo-Compuviper-10.png","width":1000,"height":500,"caption":"Compuviper"},"image":{"@id":"https:\/\/compuviper.mx\/tienda\/#\/schema\/logo\/image\/"},"sameAs":["https:\/\/www.facebook.com\/compuviper","https:\/\/www.youtube.com\/channel\/UCf73dERp9Y3cfOq7q8BhLjA?view_as=subscriber"]}]},"product_brand":"LENOVO","product_price_amount":"24059","product_price_currency":"MXN","og_availability":"instock","product_availability":"instock","product_retailer_item_id":"83M0005HLM","product_condition":"new"},"_links":{"self":[{"href":"https:\/\/compuviper.mx\/tienda\/wp-json\/wp\/v2\/product\/266020"}],"collection":[{"href":"https:\/\/compuviper.mx\/tienda\/wp-json\/wp\/v2\/product"}],"about":[{"href":"https:\/\/compuviper.mx\/tienda\/wp-json\/wp\/v2\/types\/product"}],"replies":[{"embeddable":true,"href":"https:\/\/compuviper.mx\/tienda\/wp-json\/wp\/v2\/comments?post=266020"}],"wp:attachment":[{"href":"https:\/\/compuviper.mx\/tienda\/wp-json\/wp\/v2\/media?parent=266020"}],"wp:term":[{"taxonomy":"product_cat","embeddable":true,"href":"https:\/\/compuviper.mx\/tienda\/wp-json\/wp\/v2\/product_cat?post=266020"},{"taxonomy":"product_tag","embeddable":true,"href":"https:\/\/compuviper.mx\/tienda\/wp-json\/wp\/v2\/product_tag?post=266020"}],"curies":[{"name":"wp","href":"https:\/\/api.w.org\/{rel}","templated":true}]}}