{"id":265996,"date":"2026-04-25T00:40:31","date_gmt":"2026-04-25T06:40:31","guid":{"rendered":"https:\/\/compuviper.mx\/tienda\/producto\/asus-oem-rog-strix-b850-a-gaming-wifi-mb-asus-b850-amd-s-am5-9a-gen-4x-ddr5-8000-hdmi-dp-6x-usb-3-2-wifi-7-bluetooth-atx-gama-alta-gamer-rgb-white\/"},"modified":"2026-04-26T00:00:20","modified_gmt":"2026-04-26T06:00:20","slug":"asus-oem-rog-strix-b850-a-gaming-wifi-mb-asus-b850-amd-s-am5-9a-gen-4x-ddr5-8000-hdmi-dp-6x-usb-3-2-wifi-7-bluetooth-atx-gama-alta-gamer-rgb-white","status":"publish","type":"product","link":"https:\/\/compuviper.mx\/tienda\/producto\/asus-oem-rog-strix-b850-a-gaming-wifi-mb-asus-b850-amd-s-am5-9a-gen-4x-ddr5-8000-hdmi-dp-6x-usb-3-2-wifi-7-bluetooth-atx-gama-alta-gamer-rgb-white\/","title":{"rendered":"Asus Oem Rog Strix B850-a Gaming Wifi Mb Asus B850 Amd S-am5 9a Gen \/4x Ddr5 8000 \/hdmi \/dp \/6x Usb 3.2 \/wifi 7 \/bluetooth \/atx \/gama Alta \/gamer \/rgb \/white"},"content":{"rendered":"<table class=\"descripcion\">\n<tr>\n<td>Rog strix b850-a gaming wifi<\/td>\n<\/tr>\n<tr>\n<td>Warranty 3 years<\/td>\n<\/tr>\n<tr>\n<td>Cpu type amd ryzen 9000  and  8000  and  7000 series desktop processors<\/td>\n<\/tr>\n<tr>\n<td>Socket socket am5<\/td>\n<\/tr>\n<tr>\n<td>Chipset vendor amdb850<\/td>\n<\/tr>\n<tr>\n<td>Memory  socket 4ddr5 dual channel<\/td>\n<\/tr>\n<tr>\n<td>Bus support up to 8000mt\/s oc<\/td>\n<\/tr>\n<tr>\n<td>Max 192gb<\/td>\n<\/tr>\n<tr>\n<td>Ecc ecc  and  non-ecc<\/td>\n<\/tr>\n<tr>\n<td>Output 1 x displayport 1.4;1 x hdmi 2.1<\/td>\n<\/tr>\n<tr>\n<td>Graphics slot 1 x pcie 5.0 x16  1 x pcie 4.0 x16 max. x4<\/td>\n<\/tr>\n<tr>\n<td>Multi-vga n<\/td>\n<\/tr>\n<tr>\n<td>Sb sata 4 x sata 6gb\/s<\/td>\n<\/tr>\n<tr>\n<td>Extra storage controller n<\/td>\n<\/tr>\n<tr>\n<td>Extra sata n<\/td>\n<\/tr>\n<tr>\n<td>M.2 4 x m.2 socket 3 key m 1 x pcie 5.0 x4  3 pcie 4.0 x4<\/td>\n<\/tr>\n<tr>\n<td>U.2 n\/a<\/td>\n<\/tr>\n<tr>\n<td>Audio type supremefx<\/td>\n<\/tr>\n<tr>\n<td>Audio codec alc4080<\/td>\n<\/tr>\n<tr>\n<td>S\/pdif  s\/pdif back i\/o optical out<\/td>\n<\/tr>\n<tr>\n<td>S\/pdif onboard header none<\/td>\n<\/tr>\n<tr>\n<td>Tpm onboard header none only supports firmware tpm<\/td>\n<\/tr>\n<tr>\n<td>Lan 1 x intel\u00ae 2.5gb ethernet<\/td>\n<\/tr>\n<tr>\n<td>Wifi wi-fi 7<\/td>\n<\/tr>\n<tr>\n<td>Usb 3.2 gen 2 4 3@back, 2 x type-a  1 x type-c; 1@front, 1 x type-c<\/td>\n<\/tr>\n<tr>\n<td>Usb 3.2 gen 1 6 4@back, 4 x type-a; 2@front<\/td>\n<\/tr>\n<tr>\n<td>Usb 2.0 6 2@back, 2 x type-a; 4@front<\/td>\n<\/tr>\n<tr>\n<td>Aura rgb y<\/td>\n<\/tr>\n<tr>\n<td>Rgb header 3addressable headers<\/td>\n<\/tr>\n<tr>\n<td>Form factor atx<\/td>\n<\/tr>\n<tr>\n<td>O\/s support compatibility windows 11<\/td>\n<\/tr>\n<\/table>\n","protected":false},"excerpt":{"rendered":"<p>Rog strix b850-a gaming wifi. Mejora tu equipo con la rog strix b850-a gaming wifi. Con una elegante placa base blanca y compatibilidad con procesadores amd ryzen serie 9000, esta placa base ofrece la potencia y la conectividad necesarias para aplicaciones de ia avanzadas. Con compatibilidad con ddr5, capacidades pcie 5.0 completas, puerto usb de 20 gbps y wifi 7, es la combinacin perfecta de estilo y rendimiento.<\/p>\n","protected":false},"featured_media":265997,"comment_status":"open","ping_status":"open","template":"","meta":[],"product_cat":[2240,1727],"product_tag":[2096],"acf":[],"yoast_head":"<!-- This site is optimized with the Yoast SEO plugin v21.7 - https:\/\/yoast.com\/wordpress\/plugins\/seo\/ -->\n<title>[ Asus Oem ] &#129351; Rog Strix B850-a Gaming Wifi Mb Asus B850 Amd S-am5 9a Gen \/4x Ddr5 8000 \/hdmi \/dp \/6x Usb 3.2 \/wifi 7 \/bluetooth \/atx \/gama Alta \/gamer \/rgb \/white<\/title>\n<meta name=\"description\" content=\"Compra Rog Strix B850-a Gaming Wifi Mb Asus B850 Amd S-am5 9a Gen \/4x Ddr5 8000 \/hdmi \/dp \/6x Usb 3.2 \/wifi 7 \/bluetooth \/atx \/gama Alta \/gamer \/rgb \/white + Env\u00edo a domicilio + Pago seguro + Garant\u00eda\" \/>\n<meta name=\"robots\" content=\"index, follow, max-snippet:-1, max-image-preview:large, max-video-preview:-1\" \/>\n<link rel=\"canonical\" href=\"https:\/\/compuviper.mx\/tienda\/producto\/asus-oem-rog-strix-b850-a-gaming-wifi-mb-asus-b850-amd-s-am5-9a-gen-4x-ddr5-8000-hdmi-dp-6x-usb-3-2-wifi-7-bluetooth-atx-gama-alta-gamer-rgb-white\/\" \/>\n<meta property=\"og:locale\" content=\"es_MX\" \/>\n<meta property=\"og:type\" content=\"article\" \/>\n<meta property=\"og:title\" content=\"[ Asus Oem ] &#129351; Rog Strix B850-a Gaming Wifi Mb Asus B850 Amd S-am5 9a Gen \/4x Ddr5 8000 \/hdmi \/dp \/6x Usb 3.2 \/wifi 7 \/bluetooth \/atx \/gama Alta \/gamer \/rgb \/white\" \/>\n<meta property=\"og:description\" content=\"Compra Rog Strix B850-a Gaming Wifi Mb Asus B850 Amd S-am5 9a Gen \/4x Ddr5 8000 \/hdmi \/dp \/6x Usb 3.2 \/wifi 7 \/bluetooth \/atx \/gama Alta \/gamer \/rgb \/white + Env\u00edo a domicilio + Pago seguro + Garant\u00eda\" \/>\n<meta property=\"og:url\" content=\"https:\/\/compuviper.mx\/tienda\/producto\/asus-oem-rog-strix-b850-a-gaming-wifi-mb-asus-b850-amd-s-am5-9a-gen-4x-ddr5-8000-hdmi-dp-6x-usb-3-2-wifi-7-bluetooth-atx-gama-alta-gamer-rgb-white\/\" \/>\n<meta property=\"og:site_name\" content=\"Compuviper\" \/>\n<meta property=\"article:publisher\" content=\"https:\/\/www.facebook.com\/compuviper\" \/>\n<meta property=\"article:modified_time\" content=\"2026-04-26T06:00:20+00:00\" \/>\n<meta property=\"og:image\" content=\"https:\/\/compuviper.mx\/tienda\/wp-content\/uploads\/2026\/01\/Mb-asus-b850-amd-s-am5-9a-gen-4x-ddr5-8000-hdmi-dp-6x-usb-3.2-wifi-7-bluetooth-atx-gama-alta-gamer-rgb-white.jpg\" \/>\n\t<meta property=\"og:image:width\" content=\"200\" \/>\n\t<meta property=\"og:image:height\" content=\"200\" \/>\n\t<meta property=\"og:image:type\" content=\"image\/jpeg\" \/>\n<meta name=\"twitter:card\" content=\"summary_large_image\" \/>\n<meta name=\"twitter:label1\" content=\"Precio\" \/>\n\t<meta name=\"twitter:data1\" content=\"&#36;4,769 con IVA\" \/>\n\t<meta name=\"twitter:label2\" content=\"Availability\" \/>\n\t<meta name=\"twitter:data2\" content=\"In stock\" \/>\n<script type=\"application\/ld+json\" class=\"yoast-schema-graph\">{\"@context\":\"https:\/\/schema.org\",\"@graph\":[{\"@type\":\"WebPage\",\"@id\":\"https:\/\/compuviper.mx\/tienda\/producto\/asus-oem-rog-strix-b850-a-gaming-wifi-mb-asus-b850-amd-s-am5-9a-gen-4x-ddr5-8000-hdmi-dp-6x-usb-3-2-wifi-7-bluetooth-atx-gama-alta-gamer-rgb-white\/\",\"url\":\"https:\/\/compuviper.mx\/tienda\/producto\/asus-oem-rog-strix-b850-a-gaming-wifi-mb-asus-b850-amd-s-am5-9a-gen-4x-ddr5-8000-hdmi-dp-6x-usb-3-2-wifi-7-bluetooth-atx-gama-alta-gamer-rgb-white\/\",\"name\":\"[ Asus Oem ] &#129351; Rog Strix B850-a Gaming Wifi Mb Asus B850 Amd S-am5 9a Gen \/4x Ddr5 8000 \/hdmi \/dp \/6x Usb 3.2 \/wifi 7 \/bluetooth \/atx \/gama Alta \/gamer \/rgb \/white\",\"isPartOf\":{\"@id\":\"https:\/\/compuviper.mx\/tienda\/#website\"},\"datePublished\":\"2026-04-25T06:40:31+00:00\",\"dateModified\":\"2026-04-26T06:00:20+00:00\",\"description\":\"Compra Rog Strix B850-a Gaming Wifi Mb Asus B850 Amd S-am5 9a Gen \/4x Ddr5 8000 \/hdmi \/dp \/6x Usb 3.2 \/wifi 7 \/bluetooth \/atx \/gama Alta \/gamer \/rgb \/white + Env\u00edo a domicilio + Pago seguro + Garant\u00eda\",\"breadcrumb\":{\"@id\":\"https:\/\/compuviper.mx\/tienda\/producto\/asus-oem-rog-strix-b850-a-gaming-wifi-mb-asus-b850-amd-s-am5-9a-gen-4x-ddr5-8000-hdmi-dp-6x-usb-3-2-wifi-7-bluetooth-atx-gama-alta-gamer-rgb-white\/#breadcrumb\"},\"inLanguage\":\"es-MX\",\"potentialAction\":[{\"@type\":\"ReadAction\",\"target\":[\"https:\/\/compuviper.mx\/tienda\/producto\/asus-oem-rog-strix-b850-a-gaming-wifi-mb-asus-b850-amd-s-am5-9a-gen-4x-ddr5-8000-hdmi-dp-6x-usb-3-2-wifi-7-bluetooth-atx-gama-alta-gamer-rgb-white\/\"]}]},{\"@type\":\"BreadcrumbList\",\"@id\":\"https:\/\/compuviper.mx\/tienda\/producto\/asus-oem-rog-strix-b850-a-gaming-wifi-mb-asus-b850-amd-s-am5-9a-gen-4x-ddr5-8000-hdmi-dp-6x-usb-3-2-wifi-7-bluetooth-atx-gama-alta-gamer-rgb-white\/#breadcrumb\",\"itemListElement\":[{\"@type\":\"ListItem\",\"position\":1,\"name\":\"Inicio\",\"item\":\"https:\/\/compuviper.mx\/tienda\/\"},{\"@type\":\"ListItem\",\"position\":2,\"name\":\"Productos\",\"item\":\"https:\/\/compuviper.mx\/tienda\/productos\/\"},{\"@type\":\"ListItem\",\"position\":3,\"name\":\"Tarjeta Madre\",\"item\":\"https:\/\/compuviper.mx\/tienda\/categoria-producto\/tarjeta-madre\/\"},{\"@type\":\"ListItem\",\"position\":4,\"name\":\"Socket Am5\",\"item\":\"https:\/\/compuviper.mx\/tienda\/categoria-producto\/tarjeta-madre\/socket-am5\/\"},{\"@type\":\"ListItem\",\"position\":5,\"name\":\"Asus Oem Rog Strix B850-a Gaming Wifi Mb Asus B850 Amd S-am5 9a Gen \/4x Ddr5 8000 \/hdmi \/dp \/6x Usb 3.2 \/wifi 7 \/bluetooth \/atx \/gama Alta \/gamer \/rgb \/white\"}]},{\"@type\":\"WebSite\",\"@id\":\"https:\/\/compuviper.mx\/tienda\/#website\",\"url\":\"https:\/\/compuviper.mx\/tienda\/\",\"name\":\"Compuviper\",\"description\":\"Proveedor de Computadoras, Laptops, Servidores, Monitores, Puntos de Venta, Teclados,   Impresoras, T\u00f3ner, C\u00e1maras de Seguridad y m\u00e1s en tu tienda en l\u00ednea\",\"publisher\":{\"@id\":\"https:\/\/compuviper.mx\/tienda\/#organization\"},\"potentialAction\":[{\"@type\":\"SearchAction\",\"target\":{\"@type\":\"EntryPoint\",\"urlTemplate\":\"https:\/\/compuviper.mx\/tienda\/?s={search_term_string}\"},\"query-input\":\"required name=search_term_string\"}],\"inLanguage\":\"es-MX\"},{\"@type\":\"Organization\",\"@id\":\"https:\/\/compuviper.mx\/tienda\/#organization\",\"name\":\"Compuviper\",\"url\":\"https:\/\/compuviper.mx\/tienda\/\",\"logo\":{\"@type\":\"ImageObject\",\"inLanguage\":\"es-MX\",\"@id\":\"https:\/\/compuviper.mx\/tienda\/#\/schema\/logo\/image\/\",\"url\":\"https:\/\/compuviper.mx\/tienda\/wp-content\/uploads\/2021\/08\/Logo-Compuviper-10.png\",\"contentUrl\":\"https:\/\/compuviper.mx\/tienda\/wp-content\/uploads\/2021\/08\/Logo-Compuviper-10.png\",\"width\":1000,\"height\":500,\"caption\":\"Compuviper\"},\"image\":{\"@id\":\"https:\/\/compuviper.mx\/tienda\/#\/schema\/logo\/image\/\"},\"sameAs\":[\"https:\/\/www.facebook.com\/compuviper\",\"https:\/\/www.youtube.com\/channel\/UCf73dERp9Y3cfOq7q8BhLjA?view_as=subscriber\"]}]}<\/script>\n<meta property=\"product:brand\" content=\"Asus Oem\" \/>\n<meta property=\"product:price:amount\" content=\"4769\" \/>\n<meta property=\"product:price:currency\" content=\"MXN\" \/>\n<meta property=\"og:availability\" content=\"instock\" \/>\n<meta property=\"product:availability\" content=\"instock\" \/>\n<meta property=\"product:retailer_item_id\" content=\"ROG STRIX B850-A GAMING WIFI\" \/>\n<meta property=\"product:condition\" content=\"new\" \/>\n<!-- \/ Yoast SEO plugin. -->","yoast_head_json":{"title":"[ Asus Oem ] &#129351; Rog Strix B850-a Gaming Wifi Mb Asus B850 Amd S-am5 9a Gen \/4x Ddr5 8000 \/hdmi \/dp \/6x Usb 3.2 \/wifi 7 \/bluetooth \/atx \/gama Alta \/gamer \/rgb \/white","description":"Compra Rog Strix B850-a Gaming Wifi Mb Asus B850 Amd S-am5 9a Gen \/4x Ddr5 8000 \/hdmi \/dp \/6x Usb 3.2 \/wifi 7 \/bluetooth \/atx \/gama Alta \/gamer \/rgb \/white + Env\u00edo a domicilio + Pago seguro + Garant\u00eda","robots":{"index":"index","follow":"follow","max-snippet":"max-snippet:-1","max-image-preview":"max-image-preview:large","max-video-preview":"max-video-preview:-1"},"canonical":"https:\/\/compuviper.mx\/tienda\/producto\/asus-oem-rog-strix-b850-a-gaming-wifi-mb-asus-b850-amd-s-am5-9a-gen-4x-ddr5-8000-hdmi-dp-6x-usb-3-2-wifi-7-bluetooth-atx-gama-alta-gamer-rgb-white\/","og_locale":"es_MX","og_type":"article","og_title":"[ Asus Oem ] &#129351; Rog Strix B850-a Gaming Wifi Mb Asus B850 Amd S-am5 9a Gen \/4x Ddr5 8000 \/hdmi \/dp \/6x Usb 3.2 \/wifi 7 \/bluetooth \/atx \/gama Alta \/gamer \/rgb \/white","og_description":"Compra Rog Strix B850-a Gaming Wifi Mb Asus B850 Amd S-am5 9a Gen \/4x Ddr5 8000 \/hdmi \/dp \/6x Usb 3.2 \/wifi 7 \/bluetooth \/atx \/gama Alta \/gamer \/rgb \/white + Env\u00edo a domicilio + Pago seguro + Garant\u00eda","og_url":"https:\/\/compuviper.mx\/tienda\/producto\/asus-oem-rog-strix-b850-a-gaming-wifi-mb-asus-b850-amd-s-am5-9a-gen-4x-ddr5-8000-hdmi-dp-6x-usb-3-2-wifi-7-bluetooth-atx-gama-alta-gamer-rgb-white\/","og_site_name":"Compuviper","article_publisher":"https:\/\/www.facebook.com\/compuviper","article_modified_time":"2026-04-26T06:00:20+00:00","og_image":[{"width":200,"height":200,"url":"https:\/\/compuviper.mx\/tienda\/wp-content\/uploads\/2026\/01\/Mb-asus-b850-amd-s-am5-9a-gen-4x-ddr5-8000-hdmi-dp-6x-usb-3.2-wifi-7-bluetooth-atx-gama-alta-gamer-rgb-white.jpg","type":"image\/jpeg"}],"twitter_card":"summary_large_image","twitter_misc":{"Precio":"&#36;4,769 con IVA","Availability":"In stock"},"schema":{"@context":"https:\/\/schema.org","@graph":[{"@type":"WebPage","@id":"https:\/\/compuviper.mx\/tienda\/producto\/asus-oem-rog-strix-b850-a-gaming-wifi-mb-asus-b850-amd-s-am5-9a-gen-4x-ddr5-8000-hdmi-dp-6x-usb-3-2-wifi-7-bluetooth-atx-gama-alta-gamer-rgb-white\/","url":"https:\/\/compuviper.mx\/tienda\/producto\/asus-oem-rog-strix-b850-a-gaming-wifi-mb-asus-b850-amd-s-am5-9a-gen-4x-ddr5-8000-hdmi-dp-6x-usb-3-2-wifi-7-bluetooth-atx-gama-alta-gamer-rgb-white\/","name":"[ Asus Oem ] &#129351; Rog Strix B850-a Gaming Wifi Mb Asus B850 Amd S-am5 9a Gen \/4x Ddr5 8000 \/hdmi \/dp \/6x Usb 3.2 \/wifi 7 \/bluetooth \/atx \/gama Alta \/gamer \/rgb \/white","isPartOf":{"@id":"https:\/\/compuviper.mx\/tienda\/#website"},"datePublished":"2026-04-25T06:40:31+00:00","dateModified":"2026-04-26T06:00:20+00:00","description":"Compra Rog Strix B850-a Gaming Wifi Mb Asus B850 Amd S-am5 9a Gen \/4x Ddr5 8000 \/hdmi \/dp \/6x Usb 3.2 \/wifi 7 \/bluetooth \/atx \/gama Alta \/gamer \/rgb \/white + Env\u00edo a domicilio + Pago seguro + Garant\u00eda","breadcrumb":{"@id":"https:\/\/compuviper.mx\/tienda\/producto\/asus-oem-rog-strix-b850-a-gaming-wifi-mb-asus-b850-amd-s-am5-9a-gen-4x-ddr5-8000-hdmi-dp-6x-usb-3-2-wifi-7-bluetooth-atx-gama-alta-gamer-rgb-white\/#breadcrumb"},"inLanguage":"es-MX","potentialAction":[{"@type":"ReadAction","target":["https:\/\/compuviper.mx\/tienda\/producto\/asus-oem-rog-strix-b850-a-gaming-wifi-mb-asus-b850-amd-s-am5-9a-gen-4x-ddr5-8000-hdmi-dp-6x-usb-3-2-wifi-7-bluetooth-atx-gama-alta-gamer-rgb-white\/"]}]},{"@type":"BreadcrumbList","@id":"https:\/\/compuviper.mx\/tienda\/producto\/asus-oem-rog-strix-b850-a-gaming-wifi-mb-asus-b850-amd-s-am5-9a-gen-4x-ddr5-8000-hdmi-dp-6x-usb-3-2-wifi-7-bluetooth-atx-gama-alta-gamer-rgb-white\/#breadcrumb","itemListElement":[{"@type":"ListItem","position":1,"name":"Inicio","item":"https:\/\/compuviper.mx\/tienda\/"},{"@type":"ListItem","position":2,"name":"Productos","item":"https:\/\/compuviper.mx\/tienda\/productos\/"},{"@type":"ListItem","position":3,"name":"Tarjeta Madre","item":"https:\/\/compuviper.mx\/tienda\/categoria-producto\/tarjeta-madre\/"},{"@type":"ListItem","position":4,"name":"Socket Am5","item":"https:\/\/compuviper.mx\/tienda\/categoria-producto\/tarjeta-madre\/socket-am5\/"},{"@type":"ListItem","position":5,"name":"Asus Oem Rog Strix B850-a Gaming Wifi Mb Asus B850 Amd S-am5 9a Gen \/4x Ddr5 8000 \/hdmi \/dp \/6x Usb 3.2 \/wifi 7 \/bluetooth \/atx \/gama Alta \/gamer \/rgb \/white"}]},{"@type":"WebSite","@id":"https:\/\/compuviper.mx\/tienda\/#website","url":"https:\/\/compuviper.mx\/tienda\/","name":"Compuviper","description":"Proveedor de Computadoras, Laptops, Servidores, Monitores, Puntos de Venta, Teclados,   Impresoras, T\u00f3ner, C\u00e1maras de Seguridad y m\u00e1s en tu tienda en l\u00ednea","publisher":{"@id":"https:\/\/compuviper.mx\/tienda\/#organization"},"potentialAction":[{"@type":"SearchAction","target":{"@type":"EntryPoint","urlTemplate":"https:\/\/compuviper.mx\/tienda\/?s={search_term_string}"},"query-input":"required name=search_term_string"}],"inLanguage":"es-MX"},{"@type":"Organization","@id":"https:\/\/compuviper.mx\/tienda\/#organization","name":"Compuviper","url":"https:\/\/compuviper.mx\/tienda\/","logo":{"@type":"ImageObject","inLanguage":"es-MX","@id":"https:\/\/compuviper.mx\/tienda\/#\/schema\/logo\/image\/","url":"https:\/\/compuviper.mx\/tienda\/wp-content\/uploads\/2021\/08\/Logo-Compuviper-10.png","contentUrl":"https:\/\/compuviper.mx\/tienda\/wp-content\/uploads\/2021\/08\/Logo-Compuviper-10.png","width":1000,"height":500,"caption":"Compuviper"},"image":{"@id":"https:\/\/compuviper.mx\/tienda\/#\/schema\/logo\/image\/"},"sameAs":["https:\/\/www.facebook.com\/compuviper","https:\/\/www.youtube.com\/channel\/UCf73dERp9Y3cfOq7q8BhLjA?view_as=subscriber"]}]},"product_brand":"Asus Oem","product_price_amount":"4769","product_price_currency":"MXN","og_availability":"instock","product_availability":"instock","product_retailer_item_id":"ROG STRIX B850-A GAMING WIFI","product_condition":"new"},"_links":{"self":[{"href":"https:\/\/compuviper.mx\/tienda\/wp-json\/wp\/v2\/product\/265996"}],"collection":[{"href":"https:\/\/compuviper.mx\/tienda\/wp-json\/wp\/v2\/product"}],"about":[{"href":"https:\/\/compuviper.mx\/tienda\/wp-json\/wp\/v2\/types\/product"}],"replies":[{"embeddable":true,"href":"https:\/\/compuviper.mx\/tienda\/wp-json\/wp\/v2\/comments?post=265996"}],"wp:featuredmedia":[{"embeddable":true,"href":"https:\/\/compuviper.mx\/tienda\/wp-json\/wp\/v2\/media\/265997"}],"wp:attachment":[{"href":"https:\/\/compuviper.mx\/tienda\/wp-json\/wp\/v2\/media?parent=265996"}],"wp:term":[{"taxonomy":"product_cat","embeddable":true,"href":"https:\/\/compuviper.mx\/tienda\/wp-json\/wp\/v2\/product_cat?post=265996"},{"taxonomy":"product_tag","embeddable":true,"href":"https:\/\/compuviper.mx\/tienda\/wp-json\/wp\/v2\/product_tag?post=265996"}],"curies":[{"name":"wp","href":"https:\/\/api.w.org\/{rel}","templated":true}]}}