{"id":265951,"date":"2026-04-05T23:22:13","date_gmt":"2026-04-06T05:22:13","guid":{"rendered":"https:\/\/compuviper.mx\/tienda\/producto\/adata-ad4s26668g19-sgn-memoria-sodimm-ddr4-8gb-pc4-21300-2666mhz-cl19-260pin-1-2v-laptop-aio-mini-pcs\/"},"modified":"2026-04-05T23:22:13","modified_gmt":"2026-04-06T05:22:13","slug":"adata-ad4s26668g19-sgn-memoria-sodimm-ddr4-8gb-pc4-21300-2666mhz-cl19-260pin-1-2v-laptop-aio-mini-pcs","status":"publish","type":"product","link":"https:\/\/compuviper.mx\/tienda\/producto\/adata-ad4s26668g19-sgn-memoria-sodimm-ddr4-8gb-pc4-21300-2666mhz-cl19-260pin-1-2v-laptop-aio-mini-pcs\/","title":{"rendered":"Adata Ad4s26668g19-sgn Memoria  Sodimm Ddr4 8gb Pc4-21300 2666mhz Cl19 260pin 1.2v Laptop\/aio\/mini Pcs ()"},"content":{"rendered":"<table class=\"descripcion\">\n<tr>\n<td>Tipo de mdulo sodimm<\/td>\n<\/tr>\n<tr>\n<td>Factor de forma altura estndar de 1,18<\/td>\n<\/tr>\n<tr>\n<td>Tipo de memoria ddr4<\/td>\n<\/tr>\n<tr>\n<td>Estndar jedec<\/td>\n<\/tr>\n<tr>\n<td>Interfaz 260 contactos<\/td>\n<\/tr>\n<tr>\n<td>Densidad 8gb<\/td>\n<\/tr>\n<tr>\n<td>Velocidad 2666mhz<\/td>\n<\/tr>\n<tr>\n<td>Latencia cas cl 19-19-19<\/td>\n<\/tr>\n<tr>\n<td>Fuente de alimentacin vdd y vddq = 1,2v \u00b1 0,06v<\/td>\n<\/tr>\n<tr>\n<td>Fuente de alimentacin de activacin dram vpp = 2.5v 0,25v \/ -0,125v<\/td>\n<\/tr>\n<tr>\n<td>Especificaciones\/vcc dram ddr4 std 1,2v<\/td>\n<\/tr>\n<tr>\n<td>Temperaturas de operacin 0\u00b0c a 85\u00b0c<\/td>\n<\/tr>\n<tr>\n<td>Garanta de por vida<\/td>\n<\/tr>\n<\/table>\n","protected":false},"excerpt":{"rendered":"<p>Los mdulos ddr4 adata para porttiles aprovechan ventajas de la nueva generacin de productos econmicos y de alta fiabilidad. Ddr4 ofrece un mayor rendimiento gracias a frecuencias ms rpidas en comparacin con ddr3, subiendo hasta 2666mhz. Esto lo consigue operando a tan slo 1.2v, que es 20 menos que ddr3 en trminos de consumo energtico.  And 9679; cumple con los estndares jedec.  And 9679; compatible con rohs.  And 9679; soporta las plataformas intel skylake y coffee lake, preparado para futuras plataformas kaby lake y cannon lake<\/p>\n","protected":false},"featured_media":265952,"comment_status":"open","ping_status":"open","template":"","meta":[],"product_cat":[1793,1797],"product_tag":[1539],"acf":[],"yoast_head":"<!-- This site is optimized with the Yoast SEO plugin v21.7 - https:\/\/yoast.com\/wordpress\/plugins\/seo\/ -->\n<title>[ Adata ] &#129351; Ad4s26668g19-sgn Memoria Sodimm Ddr4 8gb Pc4-21300 2666mhz Cl19 260pin 1.2v Laptop\/aio\/mini Pcs ()<\/title>\n<meta name=\"description\" content=\"Compra Ad4s26668g19-sgn Memoria Sodimm Ddr4 8gb Pc4-21300 2666mhz Cl19 260pin 1.2v Laptop\/aio\/mini Pcs () + Env\u00edo a domicilio + Pago seguro + Garant\u00eda\" \/>\n<meta name=\"robots\" content=\"index, follow, max-snippet:-1, max-image-preview:large, max-video-preview:-1\" \/>\n<link rel=\"canonical\" href=\"https:\/\/compuviper.mx\/tienda\/producto\/adata-ad4s26668g19-sgn-memoria-sodimm-ddr4-8gb-pc4-21300-2666mhz-cl19-260pin-1-2v-laptop-aio-mini-pcs\/\" \/>\n<meta property=\"og:locale\" content=\"es_MX\" \/>\n<meta property=\"og:type\" content=\"article\" \/>\n<meta property=\"og:title\" content=\"[ Adata ] &#129351; Ad4s26668g19-sgn Memoria Sodimm Ddr4 8gb Pc4-21300 2666mhz Cl19 260pin 1.2v Laptop\/aio\/mini Pcs ()\" \/>\n<meta property=\"og:description\" content=\"Compra Ad4s26668g19-sgn Memoria Sodimm Ddr4 8gb Pc4-21300 2666mhz Cl19 260pin 1.2v Laptop\/aio\/mini Pcs () + Env\u00edo a domicilio + Pago seguro + Garant\u00eda\" \/>\n<meta property=\"og:url\" content=\"https:\/\/compuviper.mx\/tienda\/producto\/adata-ad4s26668g19-sgn-memoria-sodimm-ddr4-8gb-pc4-21300-2666mhz-cl19-260pin-1-2v-laptop-aio-mini-pcs\/\" \/>\n<meta property=\"og:site_name\" content=\"Compuviper\" \/>\n<meta property=\"article:publisher\" content=\"https:\/\/www.facebook.com\/compuviper\" \/>\n<meta property=\"og:image\" content=\"https:\/\/compuviper.mx\/tienda\/wp-content\/uploads\/2026\/01\/Memoria-adata-sodimm-ddr4-8gb-pc4-21300-2666mhz-cl19-260pin-1.2v-laptopaiomini-pcs-ad4s26668g19-sgn.jpg\" \/>\n\t<meta property=\"og:image:width\" content=\"200\" \/>\n\t<meta property=\"og:image:height\" content=\"200\" \/>\n\t<meta property=\"og:image:type\" content=\"image\/jpeg\" \/>\n<meta name=\"twitter:card\" content=\"summary_large_image\" \/>\n<meta name=\"twitter:label1\" content=\"Precio\" \/>\n\t<meta name=\"twitter:data1\" content=\"&#36;1,267 &#36;1,148 con IVA\" \/>\n\t<meta name=\"twitter:label2\" content=\"Availability\" \/>\n\t<meta name=\"twitter:data2\" content=\"In stock\" \/>\n<script type=\"application\/ld+json\" class=\"yoast-schema-graph\">{\"@context\":\"https:\/\/schema.org\",\"@graph\":[{\"@type\":\"WebPage\",\"@id\":\"https:\/\/compuviper.mx\/tienda\/producto\/adata-ad4s26668g19-sgn-memoria-sodimm-ddr4-8gb-pc4-21300-2666mhz-cl19-260pin-1-2v-laptop-aio-mini-pcs\/\",\"url\":\"https:\/\/compuviper.mx\/tienda\/producto\/adata-ad4s26668g19-sgn-memoria-sodimm-ddr4-8gb-pc4-21300-2666mhz-cl19-260pin-1-2v-laptop-aio-mini-pcs\/\",\"name\":\"[ Adata ] &#129351; Ad4s26668g19-sgn Memoria Sodimm Ddr4 8gb Pc4-21300 2666mhz Cl19 260pin 1.2v Laptop\/aio\/mini Pcs ()\",\"isPartOf\":{\"@id\":\"https:\/\/compuviper.mx\/tienda\/#website\"},\"datePublished\":\"2026-04-06T05:22:13+00:00\",\"dateModified\":\"2026-04-06T05:22:13+00:00\",\"description\":\"Compra Ad4s26668g19-sgn Memoria Sodimm Ddr4 8gb Pc4-21300 2666mhz Cl19 260pin 1.2v Laptop\/aio\/mini Pcs () + Env\u00edo a domicilio + Pago seguro + Garant\u00eda\",\"breadcrumb\":{\"@id\":\"https:\/\/compuviper.mx\/tienda\/producto\/adata-ad4s26668g19-sgn-memoria-sodimm-ddr4-8gb-pc4-21300-2666mhz-cl19-260pin-1-2v-laptop-aio-mini-pcs\/#breadcrumb\"},\"inLanguage\":\"es-MX\",\"potentialAction\":[{\"@type\":\"ReadAction\",\"target\":[\"https:\/\/compuviper.mx\/tienda\/producto\/adata-ad4s26668g19-sgn-memoria-sodimm-ddr4-8gb-pc4-21300-2666mhz-cl19-260pin-1-2v-laptop-aio-mini-pcs\/\"]}]},{\"@type\":\"BreadcrumbList\",\"@id\":\"https:\/\/compuviper.mx\/tienda\/producto\/adata-ad4s26668g19-sgn-memoria-sodimm-ddr4-8gb-pc4-21300-2666mhz-cl19-260pin-1-2v-laptop-aio-mini-pcs\/#breadcrumb\",\"itemListElement\":[{\"@type\":\"ListItem\",\"position\":1,\"name\":\"Inicio\",\"item\":\"https:\/\/compuviper.mx\/tienda\/\"},{\"@type\":\"ListItem\",\"position\":2,\"name\":\"Productos\",\"item\":\"https:\/\/compuviper.mx\/tienda\/productos\/\"},{\"@type\":\"ListItem\",\"position\":3,\"name\":\"Memorias\",\"item\":\"https:\/\/compuviper.mx\/tienda\/categoria-producto\/memorias\/\"},{\"@type\":\"ListItem\",\"position\":4,\"name\":\"Memoria Ram\",\"item\":\"https:\/\/compuviper.mx\/tienda\/categoria-producto\/memorias\/memoria-ram\/\"},{\"@type\":\"ListItem\",\"position\":5,\"name\":\"Adata Ad4s26668g19-sgn Memoria Sodimm Ddr4 8gb Pc4-21300 2666mhz Cl19 260pin 1.2v Laptop\/aio\/mini Pcs ()\"}]},{\"@type\":\"WebSite\",\"@id\":\"https:\/\/compuviper.mx\/tienda\/#website\",\"url\":\"https:\/\/compuviper.mx\/tienda\/\",\"name\":\"Compuviper\",\"description\":\"Proveedor de Computadoras, Laptops, Servidores, Monitores, Puntos de Venta, Teclados,   Impresoras, T\u00f3ner, C\u00e1maras de Seguridad y m\u00e1s en tu tienda en l\u00ednea\",\"publisher\":{\"@id\":\"https:\/\/compuviper.mx\/tienda\/#organization\"},\"potentialAction\":[{\"@type\":\"SearchAction\",\"target\":{\"@type\":\"EntryPoint\",\"urlTemplate\":\"https:\/\/compuviper.mx\/tienda\/?s={search_term_string}\"},\"query-input\":\"required name=search_term_string\"}],\"inLanguage\":\"es-MX\"},{\"@type\":\"Organization\",\"@id\":\"https:\/\/compuviper.mx\/tienda\/#organization\",\"name\":\"Compuviper\",\"url\":\"https:\/\/compuviper.mx\/tienda\/\",\"logo\":{\"@type\":\"ImageObject\",\"inLanguage\":\"es-MX\",\"@id\":\"https:\/\/compuviper.mx\/tienda\/#\/schema\/logo\/image\/\",\"url\":\"https:\/\/compuviper.mx\/tienda\/wp-content\/uploads\/2021\/08\/Logo-Compuviper-10.png\",\"contentUrl\":\"https:\/\/compuviper.mx\/tienda\/wp-content\/uploads\/2021\/08\/Logo-Compuviper-10.png\",\"width\":1000,\"height\":500,\"caption\":\"Compuviper\"},\"image\":{\"@id\":\"https:\/\/compuviper.mx\/tienda\/#\/schema\/logo\/image\/\"},\"sameAs\":[\"https:\/\/www.facebook.com\/compuviper\",\"https:\/\/www.youtube.com\/channel\/UCf73dERp9Y3cfOq7q8BhLjA?view_as=subscriber\"]}]}<\/script>\n<meta property=\"product:brand\" content=\"ADATA\" \/>\n<meta property=\"product:price:amount\" content=\"1148\" \/>\n<meta property=\"product:price:currency\" content=\"MXN\" \/>\n<meta property=\"og:availability\" content=\"instock\" \/>\n<meta property=\"product:availability\" content=\"instock\" \/>\n<meta property=\"product:retailer_item_id\" content=\"AD4S26668G19-SGN\" \/>\n<meta property=\"product:condition\" content=\"new\" \/>\n<!-- \/ Yoast SEO plugin. -->","yoast_head_json":{"title":"[ Adata ] &#129351; Ad4s26668g19-sgn Memoria Sodimm Ddr4 8gb Pc4-21300 2666mhz Cl19 260pin 1.2v Laptop\/aio\/mini Pcs ()","description":"Compra Ad4s26668g19-sgn Memoria Sodimm Ddr4 8gb Pc4-21300 2666mhz Cl19 260pin 1.2v Laptop\/aio\/mini Pcs () + Env\u00edo a domicilio + Pago seguro + Garant\u00eda","robots":{"index":"index","follow":"follow","max-snippet":"max-snippet:-1","max-image-preview":"max-image-preview:large","max-video-preview":"max-video-preview:-1"},"canonical":"https:\/\/compuviper.mx\/tienda\/producto\/adata-ad4s26668g19-sgn-memoria-sodimm-ddr4-8gb-pc4-21300-2666mhz-cl19-260pin-1-2v-laptop-aio-mini-pcs\/","og_locale":"es_MX","og_type":"article","og_title":"[ Adata ] &#129351; Ad4s26668g19-sgn Memoria Sodimm Ddr4 8gb Pc4-21300 2666mhz Cl19 260pin 1.2v Laptop\/aio\/mini Pcs ()","og_description":"Compra Ad4s26668g19-sgn Memoria Sodimm Ddr4 8gb Pc4-21300 2666mhz Cl19 260pin 1.2v Laptop\/aio\/mini Pcs () + Env\u00edo a domicilio + Pago seguro + Garant\u00eda","og_url":"https:\/\/compuviper.mx\/tienda\/producto\/adata-ad4s26668g19-sgn-memoria-sodimm-ddr4-8gb-pc4-21300-2666mhz-cl19-260pin-1-2v-laptop-aio-mini-pcs\/","og_site_name":"Compuviper","article_publisher":"https:\/\/www.facebook.com\/compuviper","og_image":[{"width":200,"height":200,"url":"https:\/\/compuviper.mx\/tienda\/wp-content\/uploads\/2026\/01\/Memoria-adata-sodimm-ddr4-8gb-pc4-21300-2666mhz-cl19-260pin-1.2v-laptopaiomini-pcs-ad4s26668g19-sgn.jpg","type":"image\/jpeg"}],"twitter_card":"summary_large_image","twitter_misc":{"Precio":"&#36;1,267 &#36;1,148 con IVA","Availability":"In stock"},"schema":{"@context":"https:\/\/schema.org","@graph":[{"@type":"WebPage","@id":"https:\/\/compuviper.mx\/tienda\/producto\/adata-ad4s26668g19-sgn-memoria-sodimm-ddr4-8gb-pc4-21300-2666mhz-cl19-260pin-1-2v-laptop-aio-mini-pcs\/","url":"https:\/\/compuviper.mx\/tienda\/producto\/adata-ad4s26668g19-sgn-memoria-sodimm-ddr4-8gb-pc4-21300-2666mhz-cl19-260pin-1-2v-laptop-aio-mini-pcs\/","name":"[ Adata ] &#129351; Ad4s26668g19-sgn Memoria Sodimm Ddr4 8gb Pc4-21300 2666mhz Cl19 260pin 1.2v Laptop\/aio\/mini Pcs ()","isPartOf":{"@id":"https:\/\/compuviper.mx\/tienda\/#website"},"datePublished":"2026-04-06T05:22:13+00:00","dateModified":"2026-04-06T05:22:13+00:00","description":"Compra Ad4s26668g19-sgn Memoria Sodimm Ddr4 8gb Pc4-21300 2666mhz Cl19 260pin 1.2v Laptop\/aio\/mini Pcs () + Env\u00edo a domicilio + Pago seguro + Garant\u00eda","breadcrumb":{"@id":"https:\/\/compuviper.mx\/tienda\/producto\/adata-ad4s26668g19-sgn-memoria-sodimm-ddr4-8gb-pc4-21300-2666mhz-cl19-260pin-1-2v-laptop-aio-mini-pcs\/#breadcrumb"},"inLanguage":"es-MX","potentialAction":[{"@type":"ReadAction","target":["https:\/\/compuviper.mx\/tienda\/producto\/adata-ad4s26668g19-sgn-memoria-sodimm-ddr4-8gb-pc4-21300-2666mhz-cl19-260pin-1-2v-laptop-aio-mini-pcs\/"]}]},{"@type":"BreadcrumbList","@id":"https:\/\/compuviper.mx\/tienda\/producto\/adata-ad4s26668g19-sgn-memoria-sodimm-ddr4-8gb-pc4-21300-2666mhz-cl19-260pin-1-2v-laptop-aio-mini-pcs\/#breadcrumb","itemListElement":[{"@type":"ListItem","position":1,"name":"Inicio","item":"https:\/\/compuviper.mx\/tienda\/"},{"@type":"ListItem","position":2,"name":"Productos","item":"https:\/\/compuviper.mx\/tienda\/productos\/"},{"@type":"ListItem","position":3,"name":"Memorias","item":"https:\/\/compuviper.mx\/tienda\/categoria-producto\/memorias\/"},{"@type":"ListItem","position":4,"name":"Memoria Ram","item":"https:\/\/compuviper.mx\/tienda\/categoria-producto\/memorias\/memoria-ram\/"},{"@type":"ListItem","position":5,"name":"Adata Ad4s26668g19-sgn Memoria Sodimm Ddr4 8gb Pc4-21300 2666mhz Cl19 260pin 1.2v Laptop\/aio\/mini Pcs ()"}]},{"@type":"WebSite","@id":"https:\/\/compuviper.mx\/tienda\/#website","url":"https:\/\/compuviper.mx\/tienda\/","name":"Compuviper","description":"Proveedor de Computadoras, Laptops, Servidores, Monitores, Puntos de Venta, Teclados,   Impresoras, T\u00f3ner, C\u00e1maras de Seguridad y m\u00e1s en tu tienda en l\u00ednea","publisher":{"@id":"https:\/\/compuviper.mx\/tienda\/#organization"},"potentialAction":[{"@type":"SearchAction","target":{"@type":"EntryPoint","urlTemplate":"https:\/\/compuviper.mx\/tienda\/?s={search_term_string}"},"query-input":"required name=search_term_string"}],"inLanguage":"es-MX"},{"@type":"Organization","@id":"https:\/\/compuviper.mx\/tienda\/#organization","name":"Compuviper","url":"https:\/\/compuviper.mx\/tienda\/","logo":{"@type":"ImageObject","inLanguage":"es-MX","@id":"https:\/\/compuviper.mx\/tienda\/#\/schema\/logo\/image\/","url":"https:\/\/compuviper.mx\/tienda\/wp-content\/uploads\/2021\/08\/Logo-Compuviper-10.png","contentUrl":"https:\/\/compuviper.mx\/tienda\/wp-content\/uploads\/2021\/08\/Logo-Compuviper-10.png","width":1000,"height":500,"caption":"Compuviper"},"image":{"@id":"https:\/\/compuviper.mx\/tienda\/#\/schema\/logo\/image\/"},"sameAs":["https:\/\/www.facebook.com\/compuviper","https:\/\/www.youtube.com\/channel\/UCf73dERp9Y3cfOq7q8BhLjA?view_as=subscriber"]}]},"product_brand":"ADATA","product_price_amount":"1148","product_price_currency":"MXN","og_availability":"instock","product_availability":"instock","product_retailer_item_id":"AD4S26668G19-SGN","product_condition":"new"},"_links":{"self":[{"href":"https:\/\/compuviper.mx\/tienda\/wp-json\/wp\/v2\/product\/265951"}],"collection":[{"href":"https:\/\/compuviper.mx\/tienda\/wp-json\/wp\/v2\/product"}],"about":[{"href":"https:\/\/compuviper.mx\/tienda\/wp-json\/wp\/v2\/types\/product"}],"replies":[{"embeddable":true,"href":"https:\/\/compuviper.mx\/tienda\/wp-json\/wp\/v2\/comments?post=265951"}],"wp:featuredmedia":[{"embeddable":true,"href":"https:\/\/compuviper.mx\/tienda\/wp-json\/wp\/v2\/media\/265952"}],"wp:attachment":[{"href":"https:\/\/compuviper.mx\/tienda\/wp-json\/wp\/v2\/media?parent=265951"}],"wp:term":[{"taxonomy":"product_cat","embeddable":true,"href":"https:\/\/compuviper.mx\/tienda\/wp-json\/wp\/v2\/product_cat?post=265951"},{"taxonomy":"product_tag","embeddable":true,"href":"https:\/\/compuviper.mx\/tienda\/wp-json\/wp\/v2\/product_tag?post=265951"}],"curies":[{"name":"wp","href":"https:\/\/api.w.org\/{rel}","templated":true}]}}