{"id":265948,"date":"2026-04-02T01:30:58","date_gmt":"2026-04-02T07:30:58","guid":{"rendered":"https:\/\/compuviper.mx\/tienda\/producto\/lenovo-f0hm00prld-aio-ideacentre-27irh9-core-i7-13620h-4-9-ghz-max-frec-8gb-512gbssd-27-fhd-touch-color-nube-gris-win-11-home-1-ao-en-centro-de-servicio\/"},"modified":"2026-04-02T01:30:59","modified_gmt":"2026-04-02T07:30:59","slug":"lenovo-f0hm00prld-aio-ideacentre-27irh9-core-i7-13620h-4-9-ghz-max-frec-8gb-512gbssd-27-fhd-touch-color-nube-gris-win-11-home-1-ao-en-centro-de-servicio","status":"publish","type":"product","link":"https:\/\/compuviper.mx\/tienda\/producto\/lenovo-f0hm00prld-aio-ideacentre-27irh9-core-i7-13620h-4-9-ghz-max-frec-8gb-512gbssd-27-fhd-touch-color-nube-gris-win-11-home-1-ao-en-centro-de-servicio\/","title":{"rendered":"Lenovo F0hm00prld Aio  Ideacentre 27irh9\/core I7-13620h  4.9 Ghz Max Frec\/8gb\/512gbssd\/27 Fhd\/touch\/color Nube Gris\/win 11 Home\/ 1 A?o En Centro De Servicio"},"content":{"rendered":"<table class=\"descripcion\">\n<tr>\n<td>Marca: lenovo<\/td>\n<\/tr>\n<tr>\n<td>No.partee:f0hm00prld<\/td>\n<\/tr>\n<tr>\n<td>Procesador: intel core i7-13620h, 10c (6p + 4e) \/ 16t, n\u00facleo p hasta 4,9 ghz, n\u00facleo e hasta 3,6 ghz, 24 mb de cach\u00e9 inteligente intel<\/td>\n<\/tr>\n<tr>\n<td>Gr\u00e1ficos: intel uhd integrados<\/td>\n<\/tr>\n<tr>\n<td>Conjunto de chips: plataforma intel soc<\/td>\n<\/tr>\n<tr>\n<td>Memoria: 1x 8 gb sodimm ddr5-5200<\/td>\n<\/tr>\n<tr>\n<td>Ranuras de memoria : dos ranuras sodimm ddr5 con capacidad de doble canal<\/td>\n<\/tr>\n<tr>\n<td>Memoria m\u00e1xima: hasta 32 gb ddr5-5200<\/td>\n<\/tr>\n<tr>\n<td>Almacenamiento: unidad de estado s\u00f3lido de 512 gb m.2 2280 pcie 4.0&#215;4 nvme<\/td>\n<\/tr>\n<tr>\n<td>Soporte de almacenamiento m\u00e1ximo: una unidad, hasta 1 tb ssd m.2<\/td>\n<\/tr>\n<tr>\n<td>Chip de audio : audio de alta definici\u00f3n (hd), c\u00f3dec realtek alc233-cg<\/td>\n<\/tr>\n<tr>\n<td>Bocinas: 3wx2, harman<\/td>\n<\/tr>\n<tr>\n<td>C\u00e1mara: 5.0mp<\/td>\n<\/tr>\n<tr>\n<td>Micr\u00f3fono : micr\u00f3fono dual<\/td>\n<\/tr>\n<tr>\n<td>Fuente de alimentaci\u00f3n: adaptador de 90 w y 89 %<\/td>\n<\/tr>\n<tr>\n<td>Pantalla: fhd de 27 (1920 x 1080) ips de 300 nits, antirreflejo, 99 % srgb, sin bordes en 3 lados, luz azul baja por hardware, t\u00e1ctil<\/td>\n<\/tr>\n<tr>\n<td>Pantalla t\u00e1ctil: multit\u00e1ctil de 10 puntos<\/td>\n<\/tr>\n<tr>\n<td>Teclado :<\/td>\n<\/tr>\n<tr>\n<td>Teclado inal\u00e1mbrico eos, gris nube, espa\u00f1ol (la)<\/td>\n<\/tr>\n<tr>\n<td>Rat\u00f3n : rat\u00f3n inal\u00e1mbrico eos, gris nube<\/td>\n<\/tr>\n<tr>\n<td>Ranuras de expansi\u00f3n : dos ranuras m.2 (una para wlan, otra para ssd)<\/td>\n<\/tr>\n<tr>\n<td>Color: nube gris<\/td>\n<\/tr>\n<tr>\n<td>Soporte aio<\/td>\n<\/tr>\n<tr>\n<td>Factor de forma: aio (27 pulgadas)<\/td>\n<\/tr>\n<tr>\n<td>Dimensiones (an x pr x al) : 611,72 x 192 x 473,16 mm (24,08 x 7,55 x 18,62 pulgadas)<\/td>\n<\/tr>\n<tr>\n<td>Peso: alrededor de 7,1 kg (15,65 libras)<\/td>\n<\/tr>\n<tr>\n<td>Conectividad:<\/td>\n<\/tr>\n<tr>\n<td>Wlan + bluetooth : wi-fi 6, 802.11ax 2&#215;2 + bt5.2<\/td>\n<\/tr>\n<tr>\n<td>Ethernet: integrado 100\/1000m<\/td>\n<\/tr>\n<tr>\n<td>Puertos traseros:<\/td>\n<\/tr>\n<tr>\n<td>1x usb-a (usb 10 gbps \/ usb 3.2 gen 2)<\/td>\n<\/tr>\n<tr>\n<td>2x usb-a (usb de alta velocidad\/usb 2.0)<\/td>\n<\/tr>\n<tr>\n<td>1 entrada hdmi 1.4<\/td>\n<\/tr>\n<tr>\n<td>1 salida hdmi 2.1 tmds<\/td>\n<\/tr>\n<tr>\n<td>1x ethernet (rj-45)<\/td>\n<\/tr>\n<tr>\n<td>1x conector de alimentaci\u00f3n<\/td>\n<\/tr>\n<tr>\n<td>Puertos de la izquierda:<\/td>\n<\/tr>\n<tr>\n<td>1x usb-c (usb 10 gbps \/ usb 3.2 gen 2), solo transferencia de datos<\/td>\n<\/tr>\n<tr>\n<td>1 conector combinado para auriculares y micr\u00f3fono (3,5 mm)<\/td>\n<\/tr>\n<tr>\n<td>Seguridad y privacidad<\/td>\n<\/tr>\n<tr>\n<td>Chip de seguridad : firmware tpm 2.0 integrado en soc<\/td>\n<\/tr>\n<tr>\n<td>Servicio:<\/td>\n<\/tr>\n<tr>\n<td>Garant\u00eda b\u00e1sica : 1 a\u00f1o en centro de servicio<\/td>\n<\/tr>\n<tr>\n<td>Certificaciones<\/td>\n<\/tr>\n<tr>\n<td>Certificaciones verdes :<\/td>\n<\/tr>\n<tr>\n<td>Lote erp 3\/7<\/td>\n<\/tr>\n<tr>\n<td>Greenguard<\/td>\n<\/tr>\n<tr>\n<td>Rohs \/ raee \/ reach<\/td>\n<\/tr>\n<tr>\n<td>Otras certificaciones :<\/td>\n<\/tr>\n<tr>\n<td>T\u00fcv rheinland\u00ae sin parpadeo<\/td>\n<\/tr>\n<tr>\n<td>T\u00fcv rheinland\u00ae luz azul baja<\/td>\n<\/tr>\n<tr>\n<td>T\u00fcv rheinland\u00ae ruido ultrabajo<\/td>\n<\/tr>\n<tr>\n<td>Sistema operativo:<\/td>\n<\/tr>\n<tr>\n<td>Windows 11 home en un solo idioma, espa\u00f1ol<\/td>\n<\/tr>\n<tr>\n<td>**no te arriesgues proteje tu equipo** adquiere la extension de garantia y\/o servicios adicionales como garantia contra da\u00f1os de accidentes.<\/td>\n<\/tr>\n<tr>\n<td>La imagen presentada es ilustrativa puede variar*<\/td>\n<\/tr>\n<\/table>\n","protected":false},"excerpt":{"rendered":"<p>Lenovo ideacentre 27irh9 tu mejor inversion<\/p>\n","protected":false},"featured_media":0,"comment_status":"open","ping_status":"open","template":"","meta":[],"product_cat":[1977,1971],"product_tag":[1578],"acf":[],"yoast_head":"<!-- This site is optimized with the Yoast SEO plugin v21.7 - https:\/\/yoast.com\/wordpress\/plugins\/seo\/ -->\n<title>[ Lenovo ] &#129351; F0hm00prld Aio Ideacentre 27irh9\/core I7-13620h 4.9 Ghz Max Frec\/8gb\/512gbssd\/27 Fhd\/touch\/color Nube Gris\/win 11 Home\/ 1 A\u00f1o En Centro De Servicio<\/title>\n<meta name=\"description\" content=\"Compra F0hm00prld Aio Ideacentre 27irh9\/core I7-13620h 4.9 Ghz Max Frec\/8gb\/512gbssd\/27 Fhd\/touch\/color Nube Gris\/win 11 Home\/ 1 A\u00f1o En Centro De Servicio + Env\u00edo a domicilio + Pago seguro + Garant\u00eda\" \/>\n<meta name=\"robots\" content=\"index, follow, max-snippet:-1, max-image-preview:large, max-video-preview:-1\" \/>\n<link rel=\"canonical\" href=\"https:\/\/compuviper.mx\/tienda\/producto\/lenovo-f0hm00prld-aio-ideacentre-27irh9-core-i7-13620h-4-9-ghz-max-frec-8gb-512gbssd-27-fhd-touch-color-nube-gris-win-11-home-1-ao-en-centro-de-servicio\/\" \/>\n<meta property=\"og:locale\" content=\"es_MX\" \/>\n<meta property=\"og:type\" content=\"article\" \/>\n<meta property=\"og:title\" content=\"[ Lenovo ] &#129351; F0hm00prld Aio Ideacentre 27irh9\/core I7-13620h 4.9 Ghz Max Frec\/8gb\/512gbssd\/27 Fhd\/touch\/color Nube Gris\/win 11 Home\/ 1 A\u00f1o En Centro De Servicio\" \/>\n<meta property=\"og:description\" content=\"Compra F0hm00prld Aio Ideacentre 27irh9\/core I7-13620h 4.9 Ghz Max Frec\/8gb\/512gbssd\/27 Fhd\/touch\/color Nube Gris\/win 11 Home\/ 1 A\u00f1o En Centro De Servicio + Env\u00edo a domicilio + Pago seguro + Garant\u00eda\" \/>\n<meta property=\"og:url\" content=\"https:\/\/compuviper.mx\/tienda\/producto\/lenovo-f0hm00prld-aio-ideacentre-27irh9-core-i7-13620h-4-9-ghz-max-frec-8gb-512gbssd-27-fhd-touch-color-nube-gris-win-11-home-1-ao-en-centro-de-servicio\/\" \/>\n<meta property=\"og:site_name\" content=\"Compuviper\" \/>\n<meta property=\"article:publisher\" content=\"https:\/\/www.facebook.com\/compuviper\" \/>\n<meta property=\"article:modified_time\" content=\"2026-04-02T07:30:59+00:00\" \/>\n<meta name=\"twitter:card\" content=\"summary_large_image\" \/>\n<meta name=\"twitter:label1\" content=\"Precio\" \/>\n\t<meta name=\"twitter:data1\" content=\"&#36;16,309 con IVA\" \/>\n\t<meta name=\"twitter:label2\" content=\"Availability\" \/>\n\t<meta name=\"twitter:data2\" content=\"In stock\" \/>\n<script type=\"application\/ld+json\" class=\"yoast-schema-graph\">{\"@context\":\"https:\/\/schema.org\",\"@graph\":[{\"@type\":\"WebPage\",\"@id\":\"https:\/\/compuviper.mx\/tienda\/producto\/lenovo-f0hm00prld-aio-ideacentre-27irh9-core-i7-13620h-4-9-ghz-max-frec-8gb-512gbssd-27-fhd-touch-color-nube-gris-win-11-home-1-ao-en-centro-de-servicio\/\",\"url\":\"https:\/\/compuviper.mx\/tienda\/producto\/lenovo-f0hm00prld-aio-ideacentre-27irh9-core-i7-13620h-4-9-ghz-max-frec-8gb-512gbssd-27-fhd-touch-color-nube-gris-win-11-home-1-ao-en-centro-de-servicio\/\",\"name\":\"[ Lenovo ] &#129351; F0hm00prld Aio Ideacentre 27irh9\/core I7-13620h 4.9 Ghz Max Frec\/8gb\/512gbssd\/27 Fhd\/touch\/color Nube Gris\/win 11 Home\/ 1 A\u00f1o En Centro De Servicio\",\"isPartOf\":{\"@id\":\"https:\/\/compuviper.mx\/tienda\/#website\"},\"datePublished\":\"2026-04-02T07:30:58+00:00\",\"dateModified\":\"2026-04-02T07:30:59+00:00\",\"description\":\"Compra F0hm00prld Aio Ideacentre 27irh9\/core I7-13620h 4.9 Ghz Max Frec\/8gb\/512gbssd\/27 Fhd\/touch\/color Nube Gris\/win 11 Home\/ 1 A\u00f1o En Centro De Servicio + Env\u00edo a domicilio + Pago seguro + Garant\u00eda\",\"breadcrumb\":{\"@id\":\"https:\/\/compuviper.mx\/tienda\/producto\/lenovo-f0hm00prld-aio-ideacentre-27irh9-core-i7-13620h-4-9-ghz-max-frec-8gb-512gbssd-27-fhd-touch-color-nube-gris-win-11-home-1-ao-en-centro-de-servicio\/#breadcrumb\"},\"inLanguage\":\"es-MX\",\"potentialAction\":[{\"@type\":\"ReadAction\",\"target\":[\"https:\/\/compuviper.mx\/tienda\/producto\/lenovo-f0hm00prld-aio-ideacentre-27irh9-core-i7-13620h-4-9-ghz-max-frec-8gb-512gbssd-27-fhd-touch-color-nube-gris-win-11-home-1-ao-en-centro-de-servicio\/\"]}]},{\"@type\":\"BreadcrumbList\",\"@id\":\"https:\/\/compuviper.mx\/tienda\/producto\/lenovo-f0hm00prld-aio-ideacentre-27irh9-core-i7-13620h-4-9-ghz-max-frec-8gb-512gbssd-27-fhd-touch-color-nube-gris-win-11-home-1-ao-en-centro-de-servicio\/#breadcrumb\",\"itemListElement\":[{\"@type\":\"ListItem\",\"position\":1,\"name\":\"Inicio\",\"item\":\"https:\/\/compuviper.mx\/tienda\/\"},{\"@type\":\"ListItem\",\"position\":2,\"name\":\"Productos\",\"item\":\"https:\/\/compuviper.mx\/tienda\/productos\/\"},{\"@type\":\"ListItem\",\"position\":3,\"name\":\"Computadoras\",\"item\":\"https:\/\/compuviper.mx\/tienda\/categoria-producto\/computadoras\/\"},{\"@type\":\"ListItem\",\"position\":4,\"name\":\"All In One\",\"item\":\"https:\/\/compuviper.mx\/tienda\/categoria-producto\/computadoras\/all-in-one-computadoras\/\"},{\"@type\":\"ListItem\",\"position\":5,\"name\":\"Lenovo F0hm00prld Aio Ideacentre 27irh9\/core I7-13620h 4.9 Ghz Max Frec\/8gb\/512gbssd\/27 Fhd\/touch\/color Nube Gris\/win 11 Home\/ 1 A?o En Centro De Servicio\"}]},{\"@type\":\"WebSite\",\"@id\":\"https:\/\/compuviper.mx\/tienda\/#website\",\"url\":\"https:\/\/compuviper.mx\/tienda\/\",\"name\":\"Compuviper\",\"description\":\"Proveedor de Computadoras, Laptops, Servidores, Monitores, Puntos de Venta, Teclados,   Impresoras, T\u00f3ner, C\u00e1maras de Seguridad y m\u00e1s en tu tienda en l\u00ednea\",\"publisher\":{\"@id\":\"https:\/\/compuviper.mx\/tienda\/#organization\"},\"potentialAction\":[{\"@type\":\"SearchAction\",\"target\":{\"@type\":\"EntryPoint\",\"urlTemplate\":\"https:\/\/compuviper.mx\/tienda\/?s={search_term_string}\"},\"query-input\":\"required name=search_term_string\"}],\"inLanguage\":\"es-MX\"},{\"@type\":\"Organization\",\"@id\":\"https:\/\/compuviper.mx\/tienda\/#organization\",\"name\":\"Compuviper\",\"url\":\"https:\/\/compuviper.mx\/tienda\/\",\"logo\":{\"@type\":\"ImageObject\",\"inLanguage\":\"es-MX\",\"@id\":\"https:\/\/compuviper.mx\/tienda\/#\/schema\/logo\/image\/\",\"url\":\"https:\/\/compuviper.mx\/tienda\/wp-content\/uploads\/2021\/08\/Logo-Compuviper-10.png\",\"contentUrl\":\"https:\/\/compuviper.mx\/tienda\/wp-content\/uploads\/2021\/08\/Logo-Compuviper-10.png\",\"width\":1000,\"height\":500,\"caption\":\"Compuviper\"},\"image\":{\"@id\":\"https:\/\/compuviper.mx\/tienda\/#\/schema\/logo\/image\/\"},\"sameAs\":[\"https:\/\/www.facebook.com\/compuviper\",\"https:\/\/www.youtube.com\/channel\/UCf73dERp9Y3cfOq7q8BhLjA?view_as=subscriber\"]}]}<\/script>\n<meta property=\"product:brand\" content=\"LENOVO\" \/>\n<meta property=\"product:price:amount\" content=\"16309\" \/>\n<meta property=\"product:price:currency\" content=\"MXN\" \/>\n<meta property=\"og:availability\" content=\"instock\" \/>\n<meta property=\"product:availability\" content=\"instock\" \/>\n<meta property=\"product:retailer_item_id\" content=\"F0HM00PRLD\" \/>\n<meta property=\"product:condition\" content=\"new\" \/>\n<!-- \/ Yoast SEO plugin. -->","yoast_head_json":{"title":"[ Lenovo ] &#129351; F0hm00prld Aio Ideacentre 27irh9\/core I7-13620h 4.9 Ghz Max Frec\/8gb\/512gbssd\/27 Fhd\/touch\/color Nube Gris\/win 11 Home\/ 1 A\u00f1o En Centro De Servicio","description":"Compra F0hm00prld Aio Ideacentre 27irh9\/core I7-13620h 4.9 Ghz Max Frec\/8gb\/512gbssd\/27 Fhd\/touch\/color Nube Gris\/win 11 Home\/ 1 A\u00f1o En Centro De Servicio + Env\u00edo a domicilio + Pago seguro + Garant\u00eda","robots":{"index":"index","follow":"follow","max-snippet":"max-snippet:-1","max-image-preview":"max-image-preview:large","max-video-preview":"max-video-preview:-1"},"canonical":"https:\/\/compuviper.mx\/tienda\/producto\/lenovo-f0hm00prld-aio-ideacentre-27irh9-core-i7-13620h-4-9-ghz-max-frec-8gb-512gbssd-27-fhd-touch-color-nube-gris-win-11-home-1-ao-en-centro-de-servicio\/","og_locale":"es_MX","og_type":"article","og_title":"[ Lenovo ] &#129351; F0hm00prld Aio Ideacentre 27irh9\/core I7-13620h 4.9 Ghz Max Frec\/8gb\/512gbssd\/27 Fhd\/touch\/color Nube Gris\/win 11 Home\/ 1 A\u00f1o En Centro De Servicio","og_description":"Compra F0hm00prld Aio Ideacentre 27irh9\/core I7-13620h 4.9 Ghz Max Frec\/8gb\/512gbssd\/27 Fhd\/touch\/color Nube Gris\/win 11 Home\/ 1 A\u00f1o En Centro De Servicio + Env\u00edo a domicilio + Pago seguro + Garant\u00eda","og_url":"https:\/\/compuviper.mx\/tienda\/producto\/lenovo-f0hm00prld-aio-ideacentre-27irh9-core-i7-13620h-4-9-ghz-max-frec-8gb-512gbssd-27-fhd-touch-color-nube-gris-win-11-home-1-ao-en-centro-de-servicio\/","og_site_name":"Compuviper","article_publisher":"https:\/\/www.facebook.com\/compuviper","article_modified_time":"2026-04-02T07:30:59+00:00","twitter_card":"summary_large_image","twitter_misc":{"Precio":"&#36;16,309 con IVA","Availability":"In stock"},"schema":{"@context":"https:\/\/schema.org","@graph":[{"@type":"WebPage","@id":"https:\/\/compuviper.mx\/tienda\/producto\/lenovo-f0hm00prld-aio-ideacentre-27irh9-core-i7-13620h-4-9-ghz-max-frec-8gb-512gbssd-27-fhd-touch-color-nube-gris-win-11-home-1-ao-en-centro-de-servicio\/","url":"https:\/\/compuviper.mx\/tienda\/producto\/lenovo-f0hm00prld-aio-ideacentre-27irh9-core-i7-13620h-4-9-ghz-max-frec-8gb-512gbssd-27-fhd-touch-color-nube-gris-win-11-home-1-ao-en-centro-de-servicio\/","name":"[ Lenovo ] &#129351; F0hm00prld Aio Ideacentre 27irh9\/core I7-13620h 4.9 Ghz Max Frec\/8gb\/512gbssd\/27 Fhd\/touch\/color Nube Gris\/win 11 Home\/ 1 A\u00f1o En Centro De Servicio","isPartOf":{"@id":"https:\/\/compuviper.mx\/tienda\/#website"},"datePublished":"2026-04-02T07:30:58+00:00","dateModified":"2026-04-02T07:30:59+00:00","description":"Compra F0hm00prld Aio Ideacentre 27irh9\/core I7-13620h 4.9 Ghz Max Frec\/8gb\/512gbssd\/27 Fhd\/touch\/color Nube Gris\/win 11 Home\/ 1 A\u00f1o En Centro De Servicio + Env\u00edo a domicilio + Pago seguro + Garant\u00eda","breadcrumb":{"@id":"https:\/\/compuviper.mx\/tienda\/producto\/lenovo-f0hm00prld-aio-ideacentre-27irh9-core-i7-13620h-4-9-ghz-max-frec-8gb-512gbssd-27-fhd-touch-color-nube-gris-win-11-home-1-ao-en-centro-de-servicio\/#breadcrumb"},"inLanguage":"es-MX","potentialAction":[{"@type":"ReadAction","target":["https:\/\/compuviper.mx\/tienda\/producto\/lenovo-f0hm00prld-aio-ideacentre-27irh9-core-i7-13620h-4-9-ghz-max-frec-8gb-512gbssd-27-fhd-touch-color-nube-gris-win-11-home-1-ao-en-centro-de-servicio\/"]}]},{"@type":"BreadcrumbList","@id":"https:\/\/compuviper.mx\/tienda\/producto\/lenovo-f0hm00prld-aio-ideacentre-27irh9-core-i7-13620h-4-9-ghz-max-frec-8gb-512gbssd-27-fhd-touch-color-nube-gris-win-11-home-1-ao-en-centro-de-servicio\/#breadcrumb","itemListElement":[{"@type":"ListItem","position":1,"name":"Inicio","item":"https:\/\/compuviper.mx\/tienda\/"},{"@type":"ListItem","position":2,"name":"Productos","item":"https:\/\/compuviper.mx\/tienda\/productos\/"},{"@type":"ListItem","position":3,"name":"Computadoras","item":"https:\/\/compuviper.mx\/tienda\/categoria-producto\/computadoras\/"},{"@type":"ListItem","position":4,"name":"All In One","item":"https:\/\/compuviper.mx\/tienda\/categoria-producto\/computadoras\/all-in-one-computadoras\/"},{"@type":"ListItem","position":5,"name":"Lenovo F0hm00prld Aio Ideacentre 27irh9\/core I7-13620h 4.9 Ghz Max Frec\/8gb\/512gbssd\/27 Fhd\/touch\/color Nube Gris\/win 11 Home\/ 1 A?o En Centro De Servicio"}]},{"@type":"WebSite","@id":"https:\/\/compuviper.mx\/tienda\/#website","url":"https:\/\/compuviper.mx\/tienda\/","name":"Compuviper","description":"Proveedor de Computadoras, Laptops, Servidores, Monitores, Puntos de Venta, Teclados,   Impresoras, T\u00f3ner, C\u00e1maras de Seguridad y m\u00e1s en tu tienda en l\u00ednea","publisher":{"@id":"https:\/\/compuviper.mx\/tienda\/#organization"},"potentialAction":[{"@type":"SearchAction","target":{"@type":"EntryPoint","urlTemplate":"https:\/\/compuviper.mx\/tienda\/?s={search_term_string}"},"query-input":"required name=search_term_string"}],"inLanguage":"es-MX"},{"@type":"Organization","@id":"https:\/\/compuviper.mx\/tienda\/#organization","name":"Compuviper","url":"https:\/\/compuviper.mx\/tienda\/","logo":{"@type":"ImageObject","inLanguage":"es-MX","@id":"https:\/\/compuviper.mx\/tienda\/#\/schema\/logo\/image\/","url":"https:\/\/compuviper.mx\/tienda\/wp-content\/uploads\/2021\/08\/Logo-Compuviper-10.png","contentUrl":"https:\/\/compuviper.mx\/tienda\/wp-content\/uploads\/2021\/08\/Logo-Compuviper-10.png","width":1000,"height":500,"caption":"Compuviper"},"image":{"@id":"https:\/\/compuviper.mx\/tienda\/#\/schema\/logo\/image\/"},"sameAs":["https:\/\/www.facebook.com\/compuviper","https:\/\/www.youtube.com\/channel\/UCf73dERp9Y3cfOq7q8BhLjA?view_as=subscriber"]}]},"product_brand":"LENOVO","product_price_amount":"16309","product_price_currency":"MXN","og_availability":"instock","product_availability":"instock","product_retailer_item_id":"F0HM00PRLD","product_condition":"new"},"_links":{"self":[{"href":"https:\/\/compuviper.mx\/tienda\/wp-json\/wp\/v2\/product\/265948"}],"collection":[{"href":"https:\/\/compuviper.mx\/tienda\/wp-json\/wp\/v2\/product"}],"about":[{"href":"https:\/\/compuviper.mx\/tienda\/wp-json\/wp\/v2\/types\/product"}],"replies":[{"embeddable":true,"href":"https:\/\/compuviper.mx\/tienda\/wp-json\/wp\/v2\/comments?post=265948"}],"wp:attachment":[{"href":"https:\/\/compuviper.mx\/tienda\/wp-json\/wp\/v2\/media?parent=265948"}],"wp:term":[{"taxonomy":"product_cat","embeddable":true,"href":"https:\/\/compuviper.mx\/tienda\/wp-json\/wp\/v2\/product_cat?post=265948"},{"taxonomy":"product_tag","embeddable":true,"href":"https:\/\/compuviper.mx\/tienda\/wp-json\/wp\/v2\/product_tag?post=265948"}],"curies":[{"name":"wp","href":"https:\/\/api.w.org\/{rel}","templated":true}]}}