{"id":265947,"date":"2026-04-02T01:30:57","date_gmt":"2026-04-02T07:30:57","guid":{"rendered":"https:\/\/compuviper.mx\/tienda\/producto\/lenovo-f0hn00fqld-aio-ideacentre-24irh9-core-i5-13420h-4-6-ghz-max-frec-8gb-512gb-23-8-fhd-touch-color-nuble-gris-win-11-home-1-ao-en-centro-de-servicio\/"},"modified":"2026-04-02T01:30:57","modified_gmt":"2026-04-02T07:30:57","slug":"lenovo-f0hn00fqld-aio-ideacentre-24irh9-core-i5-13420h-4-6-ghz-max-frec-8gb-512gb-23-8-fhd-touch-color-nuble-gris-win-11-home-1-ao-en-centro-de-servicio","status":"publish","type":"product","link":"https:\/\/compuviper.mx\/tienda\/producto\/lenovo-f0hn00fqld-aio-ideacentre-24irh9-core-i5-13420h-4-6-ghz-max-frec-8gb-512gb-23-8-fhd-touch-color-nuble-gris-win-11-home-1-ao-en-centro-de-servicio\/","title":{"rendered":"Lenovo F0hn00fqld Aio  Ideacentre 24irh9\/core I5-13420h 4.6 Ghz Max Frec\/8gb\/512gb\/23.8 Fhd\/touch\/color Nuble Gris\/win 11 Home\/1 A?o En Centro De Servicio"},"content":{"rendered":"<table class=\"descripcion\">\n<tr>\n<td>Marca: lenovo<\/td>\n<\/tr>\n<tr>\n<td>No. parte: f0hn00fqld<\/td>\n<\/tr>\n<tr>\n<td>Modelo: ideacentre aio 24irh9<\/td>\n<\/tr>\n<tr>\n<td>P<\/td>\n<\/tr>\n<tr>\n<td>Rocesador: intel core i5-13420h, 8c (4p + 4e) \/ 12t, n\u00facleo p hasta 4,6 ghz, n\u00facleo e hasta 3,4 ghz, 12 mb de cach\u00e9 inteligente intel.<\/td>\n<\/tr>\n<tr>\n<td>Gr\u00e1ficos: intel uhd integrados<\/td>\n<\/tr>\n<tr>\n<td>Conjunto de chips: plataforma intel soc<\/td>\n<\/tr>\n<tr>\n<td>Memoria: 1x 8 gb sodimm ddr5-5200<\/td>\n<\/tr>\n<tr>\n<td>Ranuras de memoria: hasta 24 gb ddr5-5200<\/td>\n<\/tr>\n<tr>\n<td>Memoria m\u00e1xima: hasta 24 gb ddr5-5200<\/td>\n<\/tr>\n<tr>\n<td>Almacenamiento: unidad de estado s\u00f3lido de 512 gb m.2 2280 pcie 4.0&#215;4 nvme<\/td>\n<\/tr>\n<tr>\n<td>Soporte de almacenamiento m\u00e1ximo: una unidad, hasta 1 tb ssd m.2<\/td>\n<\/tr>\n<tr>\n<td>Chip de audio: audio de alta definici\u00f3n (hd), c\u00f3dec realtek alc233-cg<\/td>\n<\/tr>\n<tr>\n<td>Bocina: 3wx2, harman<\/td>\n<\/tr>\n<tr>\n<td>C\u00e1mara: 5.0mp<\/td>\n<\/tr>\n<tr>\n<td>Micr\u00f3fono: micr\u00f3fono dual<\/td>\n<\/tr>\n<tr>\n<td>Fuente de alimentaci\u00f3n: adaptador de 135 w al 90 %<\/td>\n<\/tr>\n<tr>\n<td>Pantalla: ips fhd de 23,8 (1920 x 1080) antirreflejo de 250 nits, 100 hz, 99 % srgb, luz azul baja por hardware, sin bordes en 3 lados, t\u00e1ctil<\/td>\n<\/tr>\n<tr>\n<td>Pantalla t\u00e1ctil: multit\u00e1ctil de 10 puntos<\/td>\n<\/tr>\n<tr>\n<td>Teclado: inal\u00e1mbrico eos, gris nube, espa\u00f1ol (la)<\/td>\n<\/tr>\n<tr>\n<td>Rat\u00f3n: rat\u00f3n inal\u00e1mbrico eos, gris nube<\/td>\n<\/tr>\n<tr>\n<td>Soporte aio<\/td>\n<\/tr>\n<tr>\n<td>Cargador inal\u00e1mbrico<\/td>\n<\/tr>\n<tr>\n<td>Factor de forma: aio (23,8 pulgadas)<\/td>\n<\/tr>\n<tr>\n<td>Dimensiones ( an x pr x al) : 540 x 192 x 431 mm (21,25 x 7,56 x 16,97 pulgadas)<\/td>\n<\/tr>\n<tr>\n<td>Peso: alrededor de 6,0 kg (13,23 libras)<\/td>\n<\/tr>\n<tr>\n<td>Conectividad:<\/td>\n<\/tr>\n<tr>\n<td>Wlan + bluetooth : wi-fi 6, 802.11ax 2&#215;2 + bt5.2<\/td>\n<\/tr>\n<tr>\n<td>Ethernet :integrado 100\/1000m<\/td>\n<\/tr>\n<tr>\n<td>Puertos traseros:<\/td>\n<\/tr>\n<tr>\n<td>1x usb-a (usb 10 gbps \/ usb 3.2 gen 2)<\/td>\n<\/tr>\n<tr>\n<td>2x usb-a (usb de alta velocidad\/usb 2.0)<\/td>\n<\/tr>\n<tr>\n<td>1 entrada hdmi 1.4<\/td>\n<\/tr>\n<tr>\n<td>1 salida hdmi 2.1 tmds<\/td>\n<\/tr>\n<tr>\n<td>1x ethernet (rj-45)<\/td>\n<\/tr>\n<tr>\n<td>1x conector de alimentaci\u00f3n<\/td>\n<\/tr>\n<tr>\n<td>Puertos de la izquierda:<\/td>\n<\/tr>\n<tr>\n<td>1x usb-c (usb 10 gbps \/ usb 3.2 gen 2), solo transferencia de datos<\/td>\n<\/tr>\n<tr>\n<td>1 conector combinado para auriculares y micr\u00f3fono (3,5 mm)<\/td>\n<\/tr>\n<tr>\n<td>Seguridad y privacidad<\/td>\n<\/tr>\n<tr>\n<td>Chip de seguridad: firmware tpm 2.0 integrado en soc<\/td>\n<\/tr>\n<tr>\n<td>Servicio:<\/td>\n<\/tr>\n<tr>\n<td>Garant\u00eda b\u00e1sica : 1 a\u00f1o en centro de servicio<\/td>\n<\/tr>\n<tr>\n<td>Certificaciones:<\/td>\n<\/tr>\n<tr>\n<td>Certificaciones verdes:<\/td>\n<\/tr>\n<tr>\n<td>Lote erp 3\/7<\/td>\n<\/tr>\n<tr>\n<td>Greenguard<\/td>\n<\/tr>\n<tr>\n<td>Rohs \/ raee \/ reach<\/td>\n<\/tr>\n<tr>\n<td>Otras certificaciones:<\/td>\n<\/tr>\n<tr>\n<td>T\u00fcv rheinland sin parpadeo<\/td>\n<\/tr>\n<tr>\n<td>T\u00fcv rheinland luz azul baja<\/td>\n<\/tr>\n<tr>\n<td>T\u00fcv rheinland ruido ultrabajo<\/td>\n<\/tr>\n<tr>\n<td>Software:<\/td>\n<\/tr>\n<tr>\n<td>Sistema operativo : windows 11 home en un solo idioma, espa\u00f1ol<\/td>\n<\/tr>\n<tr>\n<td>**note arriesgues proteje tu equipo** adquiere la extension de garantia y servicios adicionales como garantia contra da\u00f1os de accidentes.**<\/td>\n<\/tr>\n<tr>\n<td>**la imagen presentada es ilustrativa puede variar**<\/td>\n<\/tr>\n<\/table>\n","protected":false},"excerpt":{"rendered":"<p>Lenovo ideacentre aio 24irh9 tu mejor inversion<\/p>\n","protected":false},"featured_media":0,"comment_status":"open","ping_status":"open","template":"","meta":[],"product_cat":[1977,1971],"product_tag":[1578],"acf":[],"yoast_head":"<!-- This site is optimized with the Yoast SEO plugin v21.7 - https:\/\/yoast.com\/wordpress\/plugins\/seo\/ -->\n<title>[ Lenovo ] &#129351; F0hn00fqld Aio Ideacentre 24irh9\/core I5-13420h 4.6 Ghz Max Frec\/8gb\/512gb\/23.8 Fhd\/touch\/color Nuble Gris\/win 11 Home\/1 A\u00f1o En Centro De Servicio<\/title>\n<meta name=\"description\" content=\"Compra F0hn00fqld Aio Ideacentre 24irh9\/core I5-13420h 4.6 Ghz Max Frec\/8gb\/512gb\/23.8 Fhd\/touch\/color Nuble Gris\/win 11 Home\/1 A\u00f1o En Centro De Servicio + Env\u00edo a domicilio + Pago seguro + Garant\u00eda\" \/>\n<meta name=\"robots\" content=\"index, follow, max-snippet:-1, max-image-preview:large, max-video-preview:-1\" \/>\n<link rel=\"canonical\" href=\"https:\/\/compuviper.mx\/tienda\/producto\/lenovo-f0hn00fqld-aio-ideacentre-24irh9-core-i5-13420h-4-6-ghz-max-frec-8gb-512gb-23-8-fhd-touch-color-nuble-gris-win-11-home-1-ao-en-centro-de-servicio\/\" \/>\n<meta property=\"og:locale\" content=\"es_MX\" \/>\n<meta property=\"og:type\" content=\"article\" \/>\n<meta property=\"og:title\" content=\"[ Lenovo ] &#129351; F0hn00fqld Aio Ideacentre 24irh9\/core I5-13420h 4.6 Ghz Max Frec\/8gb\/512gb\/23.8 Fhd\/touch\/color Nuble Gris\/win 11 Home\/1 A\u00f1o En Centro De Servicio\" \/>\n<meta property=\"og:description\" content=\"Compra F0hn00fqld Aio Ideacentre 24irh9\/core I5-13420h 4.6 Ghz Max Frec\/8gb\/512gb\/23.8 Fhd\/touch\/color Nuble Gris\/win 11 Home\/1 A\u00f1o En Centro De Servicio + Env\u00edo a domicilio + Pago seguro + Garant\u00eda\" \/>\n<meta property=\"og:url\" content=\"https:\/\/compuviper.mx\/tienda\/producto\/lenovo-f0hn00fqld-aio-ideacentre-24irh9-core-i5-13420h-4-6-ghz-max-frec-8gb-512gb-23-8-fhd-touch-color-nuble-gris-win-11-home-1-ao-en-centro-de-servicio\/\" \/>\n<meta property=\"og:site_name\" content=\"Compuviper\" \/>\n<meta property=\"article:publisher\" content=\"https:\/\/www.facebook.com\/compuviper\" \/>\n<meta name=\"twitter:card\" content=\"summary_large_image\" \/>\n<meta name=\"twitter:label1\" content=\"Precio\" \/>\n\t<meta name=\"twitter:data1\" content=\"&#36;15,053 con IVA\" \/>\n\t<meta name=\"twitter:label2\" content=\"Availability\" \/>\n\t<meta name=\"twitter:data2\" content=\"In stock\" \/>\n<script type=\"application\/ld+json\" class=\"yoast-schema-graph\">{\"@context\":\"https:\/\/schema.org\",\"@graph\":[{\"@type\":\"WebPage\",\"@id\":\"https:\/\/compuviper.mx\/tienda\/producto\/lenovo-f0hn00fqld-aio-ideacentre-24irh9-core-i5-13420h-4-6-ghz-max-frec-8gb-512gb-23-8-fhd-touch-color-nuble-gris-win-11-home-1-ao-en-centro-de-servicio\/\",\"url\":\"https:\/\/compuviper.mx\/tienda\/producto\/lenovo-f0hn00fqld-aio-ideacentre-24irh9-core-i5-13420h-4-6-ghz-max-frec-8gb-512gb-23-8-fhd-touch-color-nuble-gris-win-11-home-1-ao-en-centro-de-servicio\/\",\"name\":\"[ Lenovo ] &#129351; F0hn00fqld Aio Ideacentre 24irh9\/core I5-13420h 4.6 Ghz Max Frec\/8gb\/512gb\/23.8 Fhd\/touch\/color Nuble Gris\/win 11 Home\/1 A\u00f1o En Centro De Servicio\",\"isPartOf\":{\"@id\":\"https:\/\/compuviper.mx\/tienda\/#website\"},\"datePublished\":\"2026-04-02T07:30:57+00:00\",\"dateModified\":\"2026-04-02T07:30:57+00:00\",\"description\":\"Compra F0hn00fqld Aio Ideacentre 24irh9\/core I5-13420h 4.6 Ghz Max Frec\/8gb\/512gb\/23.8 Fhd\/touch\/color Nuble Gris\/win 11 Home\/1 A\u00f1o En Centro De Servicio + Env\u00edo a domicilio + Pago seguro + Garant\u00eda\",\"breadcrumb\":{\"@id\":\"https:\/\/compuviper.mx\/tienda\/producto\/lenovo-f0hn00fqld-aio-ideacentre-24irh9-core-i5-13420h-4-6-ghz-max-frec-8gb-512gb-23-8-fhd-touch-color-nuble-gris-win-11-home-1-ao-en-centro-de-servicio\/#breadcrumb\"},\"inLanguage\":\"es-MX\",\"potentialAction\":[{\"@type\":\"ReadAction\",\"target\":[\"https:\/\/compuviper.mx\/tienda\/producto\/lenovo-f0hn00fqld-aio-ideacentre-24irh9-core-i5-13420h-4-6-ghz-max-frec-8gb-512gb-23-8-fhd-touch-color-nuble-gris-win-11-home-1-ao-en-centro-de-servicio\/\"]}]},{\"@type\":\"BreadcrumbList\",\"@id\":\"https:\/\/compuviper.mx\/tienda\/producto\/lenovo-f0hn00fqld-aio-ideacentre-24irh9-core-i5-13420h-4-6-ghz-max-frec-8gb-512gb-23-8-fhd-touch-color-nuble-gris-win-11-home-1-ao-en-centro-de-servicio\/#breadcrumb\",\"itemListElement\":[{\"@type\":\"ListItem\",\"position\":1,\"name\":\"Inicio\",\"item\":\"https:\/\/compuviper.mx\/tienda\/\"},{\"@type\":\"ListItem\",\"position\":2,\"name\":\"Productos\",\"item\":\"https:\/\/compuviper.mx\/tienda\/productos\/\"},{\"@type\":\"ListItem\",\"position\":3,\"name\":\"Computadoras\",\"item\":\"https:\/\/compuviper.mx\/tienda\/categoria-producto\/computadoras\/\"},{\"@type\":\"ListItem\",\"position\":4,\"name\":\"All In One\",\"item\":\"https:\/\/compuviper.mx\/tienda\/categoria-producto\/computadoras\/all-in-one-computadoras\/\"},{\"@type\":\"ListItem\",\"position\":5,\"name\":\"Lenovo F0hn00fqld Aio Ideacentre 24irh9\/core I5-13420h 4.6 Ghz Max Frec\/8gb\/512gb\/23.8 Fhd\/touch\/color Nuble Gris\/win 11 Home\/1 A?o En Centro De Servicio\"}]},{\"@type\":\"WebSite\",\"@id\":\"https:\/\/compuviper.mx\/tienda\/#website\",\"url\":\"https:\/\/compuviper.mx\/tienda\/\",\"name\":\"Compuviper\",\"description\":\"Proveedor de Computadoras, Laptops, Servidores, Monitores, Puntos de Venta, Teclados,   Impresoras, T\u00f3ner, C\u00e1maras de Seguridad y m\u00e1s en tu tienda en l\u00ednea\",\"publisher\":{\"@id\":\"https:\/\/compuviper.mx\/tienda\/#organization\"},\"potentialAction\":[{\"@type\":\"SearchAction\",\"target\":{\"@type\":\"EntryPoint\",\"urlTemplate\":\"https:\/\/compuviper.mx\/tienda\/?s={search_term_string}\"},\"query-input\":\"required name=search_term_string\"}],\"inLanguage\":\"es-MX\"},{\"@type\":\"Organization\",\"@id\":\"https:\/\/compuviper.mx\/tienda\/#organization\",\"name\":\"Compuviper\",\"url\":\"https:\/\/compuviper.mx\/tienda\/\",\"logo\":{\"@type\":\"ImageObject\",\"inLanguage\":\"es-MX\",\"@id\":\"https:\/\/compuviper.mx\/tienda\/#\/schema\/logo\/image\/\",\"url\":\"https:\/\/compuviper.mx\/tienda\/wp-content\/uploads\/2021\/08\/Logo-Compuviper-10.png\",\"contentUrl\":\"https:\/\/compuviper.mx\/tienda\/wp-content\/uploads\/2021\/08\/Logo-Compuviper-10.png\",\"width\":1000,\"height\":500,\"caption\":\"Compuviper\"},\"image\":{\"@id\":\"https:\/\/compuviper.mx\/tienda\/#\/schema\/logo\/image\/\"},\"sameAs\":[\"https:\/\/www.facebook.com\/compuviper\",\"https:\/\/www.youtube.com\/channel\/UCf73dERp9Y3cfOq7q8BhLjA?view_as=subscriber\"]}]}<\/script>\n<meta property=\"product:brand\" content=\"LENOVO\" \/>\n<meta property=\"product:price:amount\" content=\"15053\" \/>\n<meta property=\"product:price:currency\" content=\"MXN\" \/>\n<meta property=\"og:availability\" content=\"instock\" \/>\n<meta property=\"product:availability\" content=\"instock\" \/>\n<meta property=\"product:retailer_item_id\" content=\"F0HN00FQLD\" \/>\n<meta property=\"product:condition\" content=\"new\" \/>\n<!-- \/ Yoast SEO plugin. -->","yoast_head_json":{"title":"[ Lenovo ] &#129351; F0hn00fqld Aio Ideacentre 24irh9\/core I5-13420h 4.6 Ghz Max Frec\/8gb\/512gb\/23.8 Fhd\/touch\/color Nuble Gris\/win 11 Home\/1 A\u00f1o En Centro De Servicio","description":"Compra F0hn00fqld Aio Ideacentre 24irh9\/core I5-13420h 4.6 Ghz Max Frec\/8gb\/512gb\/23.8 Fhd\/touch\/color Nuble Gris\/win 11 Home\/1 A\u00f1o En Centro De Servicio + Env\u00edo a domicilio + Pago seguro + Garant\u00eda","robots":{"index":"index","follow":"follow","max-snippet":"max-snippet:-1","max-image-preview":"max-image-preview:large","max-video-preview":"max-video-preview:-1"},"canonical":"https:\/\/compuviper.mx\/tienda\/producto\/lenovo-f0hn00fqld-aio-ideacentre-24irh9-core-i5-13420h-4-6-ghz-max-frec-8gb-512gb-23-8-fhd-touch-color-nuble-gris-win-11-home-1-ao-en-centro-de-servicio\/","og_locale":"es_MX","og_type":"article","og_title":"[ Lenovo ] &#129351; F0hn00fqld Aio Ideacentre 24irh9\/core I5-13420h 4.6 Ghz Max Frec\/8gb\/512gb\/23.8 Fhd\/touch\/color Nuble Gris\/win 11 Home\/1 A\u00f1o En Centro De Servicio","og_description":"Compra F0hn00fqld Aio Ideacentre 24irh9\/core I5-13420h 4.6 Ghz Max Frec\/8gb\/512gb\/23.8 Fhd\/touch\/color Nuble Gris\/win 11 Home\/1 A\u00f1o En Centro De Servicio + Env\u00edo a domicilio + Pago seguro + Garant\u00eda","og_url":"https:\/\/compuviper.mx\/tienda\/producto\/lenovo-f0hn00fqld-aio-ideacentre-24irh9-core-i5-13420h-4-6-ghz-max-frec-8gb-512gb-23-8-fhd-touch-color-nuble-gris-win-11-home-1-ao-en-centro-de-servicio\/","og_site_name":"Compuviper","article_publisher":"https:\/\/www.facebook.com\/compuviper","twitter_card":"summary_large_image","twitter_misc":{"Precio":"&#36;15,053 con IVA","Availability":"In stock"},"schema":{"@context":"https:\/\/schema.org","@graph":[{"@type":"WebPage","@id":"https:\/\/compuviper.mx\/tienda\/producto\/lenovo-f0hn00fqld-aio-ideacentre-24irh9-core-i5-13420h-4-6-ghz-max-frec-8gb-512gb-23-8-fhd-touch-color-nuble-gris-win-11-home-1-ao-en-centro-de-servicio\/","url":"https:\/\/compuviper.mx\/tienda\/producto\/lenovo-f0hn00fqld-aio-ideacentre-24irh9-core-i5-13420h-4-6-ghz-max-frec-8gb-512gb-23-8-fhd-touch-color-nuble-gris-win-11-home-1-ao-en-centro-de-servicio\/","name":"[ Lenovo ] &#129351; F0hn00fqld Aio Ideacentre 24irh9\/core I5-13420h 4.6 Ghz Max Frec\/8gb\/512gb\/23.8 Fhd\/touch\/color Nuble Gris\/win 11 Home\/1 A\u00f1o En Centro De Servicio","isPartOf":{"@id":"https:\/\/compuviper.mx\/tienda\/#website"},"datePublished":"2026-04-02T07:30:57+00:00","dateModified":"2026-04-02T07:30:57+00:00","description":"Compra F0hn00fqld Aio Ideacentre 24irh9\/core I5-13420h 4.6 Ghz Max Frec\/8gb\/512gb\/23.8 Fhd\/touch\/color Nuble Gris\/win 11 Home\/1 A\u00f1o En Centro De Servicio + Env\u00edo a domicilio + Pago seguro + Garant\u00eda","breadcrumb":{"@id":"https:\/\/compuviper.mx\/tienda\/producto\/lenovo-f0hn00fqld-aio-ideacentre-24irh9-core-i5-13420h-4-6-ghz-max-frec-8gb-512gb-23-8-fhd-touch-color-nuble-gris-win-11-home-1-ao-en-centro-de-servicio\/#breadcrumb"},"inLanguage":"es-MX","potentialAction":[{"@type":"ReadAction","target":["https:\/\/compuviper.mx\/tienda\/producto\/lenovo-f0hn00fqld-aio-ideacentre-24irh9-core-i5-13420h-4-6-ghz-max-frec-8gb-512gb-23-8-fhd-touch-color-nuble-gris-win-11-home-1-ao-en-centro-de-servicio\/"]}]},{"@type":"BreadcrumbList","@id":"https:\/\/compuviper.mx\/tienda\/producto\/lenovo-f0hn00fqld-aio-ideacentre-24irh9-core-i5-13420h-4-6-ghz-max-frec-8gb-512gb-23-8-fhd-touch-color-nuble-gris-win-11-home-1-ao-en-centro-de-servicio\/#breadcrumb","itemListElement":[{"@type":"ListItem","position":1,"name":"Inicio","item":"https:\/\/compuviper.mx\/tienda\/"},{"@type":"ListItem","position":2,"name":"Productos","item":"https:\/\/compuviper.mx\/tienda\/productos\/"},{"@type":"ListItem","position":3,"name":"Computadoras","item":"https:\/\/compuviper.mx\/tienda\/categoria-producto\/computadoras\/"},{"@type":"ListItem","position":4,"name":"All In One","item":"https:\/\/compuviper.mx\/tienda\/categoria-producto\/computadoras\/all-in-one-computadoras\/"},{"@type":"ListItem","position":5,"name":"Lenovo F0hn00fqld Aio Ideacentre 24irh9\/core I5-13420h 4.6 Ghz Max Frec\/8gb\/512gb\/23.8 Fhd\/touch\/color Nuble Gris\/win 11 Home\/1 A?o En Centro De Servicio"}]},{"@type":"WebSite","@id":"https:\/\/compuviper.mx\/tienda\/#website","url":"https:\/\/compuviper.mx\/tienda\/","name":"Compuviper","description":"Proveedor de Computadoras, Laptops, Servidores, Monitores, Puntos de Venta, Teclados,   Impresoras, T\u00f3ner, C\u00e1maras de Seguridad y m\u00e1s en tu tienda en l\u00ednea","publisher":{"@id":"https:\/\/compuviper.mx\/tienda\/#organization"},"potentialAction":[{"@type":"SearchAction","target":{"@type":"EntryPoint","urlTemplate":"https:\/\/compuviper.mx\/tienda\/?s={search_term_string}"},"query-input":"required name=search_term_string"}],"inLanguage":"es-MX"},{"@type":"Organization","@id":"https:\/\/compuviper.mx\/tienda\/#organization","name":"Compuviper","url":"https:\/\/compuviper.mx\/tienda\/","logo":{"@type":"ImageObject","inLanguage":"es-MX","@id":"https:\/\/compuviper.mx\/tienda\/#\/schema\/logo\/image\/","url":"https:\/\/compuviper.mx\/tienda\/wp-content\/uploads\/2021\/08\/Logo-Compuviper-10.png","contentUrl":"https:\/\/compuviper.mx\/tienda\/wp-content\/uploads\/2021\/08\/Logo-Compuviper-10.png","width":1000,"height":500,"caption":"Compuviper"},"image":{"@id":"https:\/\/compuviper.mx\/tienda\/#\/schema\/logo\/image\/"},"sameAs":["https:\/\/www.facebook.com\/compuviper","https:\/\/www.youtube.com\/channel\/UCf73dERp9Y3cfOq7q8BhLjA?view_as=subscriber"]}]},"product_brand":"LENOVO","product_price_amount":"15053","product_price_currency":"MXN","og_availability":"instock","product_availability":"instock","product_retailer_item_id":"F0HN00FQLD","product_condition":"new"},"_links":{"self":[{"href":"https:\/\/compuviper.mx\/tienda\/wp-json\/wp\/v2\/product\/265947"}],"collection":[{"href":"https:\/\/compuviper.mx\/tienda\/wp-json\/wp\/v2\/product"}],"about":[{"href":"https:\/\/compuviper.mx\/tienda\/wp-json\/wp\/v2\/types\/product"}],"replies":[{"embeddable":true,"href":"https:\/\/compuviper.mx\/tienda\/wp-json\/wp\/v2\/comments?post=265947"}],"wp:attachment":[{"href":"https:\/\/compuviper.mx\/tienda\/wp-json\/wp\/v2\/media?parent=265947"}],"wp:term":[{"taxonomy":"product_cat","embeddable":true,"href":"https:\/\/compuviper.mx\/tienda\/wp-json\/wp\/v2\/product_cat?post=265947"},{"taxonomy":"product_tag","embeddable":true,"href":"https:\/\/compuviper.mx\/tienda\/wp-json\/wp\/v2\/product_tag?post=265947"}],"curies":[{"name":"wp","href":"https:\/\/api.w.org\/{rel}","templated":true}]}}