{"id":265943,"date":"2026-04-14T01:18:51","date_gmt":"2026-04-14T07:18:51","guid":{"rendered":"https:\/\/compuviper.mx\/tienda\/producto\/lenovo-83k700axlm-laptop-ideapad-3-15arp10-ryzen-7-7735hs-3-2-ghz-16gb-1tb-ssd-15-3-wuxga-color-azul-cosmico-win-11-home-1-ao-en-centro-de-servicio\/"},"modified":"2026-04-14T01:18:52","modified_gmt":"2026-04-14T07:18:52","slug":"lenovo-83k700axlm-laptop-ideapad-3-15arp10-ryzen-7-7735hs-3-2-ghz-16gb-1tb-ssd-15-3-wuxga-color-azul-cosmico-win-11-home-1-ao-en-centro-de-servicio","status":"publish","type":"product","link":"https:\/\/compuviper.mx\/tienda\/producto\/lenovo-83k700axlm-laptop-ideapad-3-15arp10-ryzen-7-7735hs-3-2-ghz-16gb-1tb-ssd-15-3-wuxga-color-azul-cosmico-win-11-home-1-ao-en-centro-de-servicio\/","title":{"rendered":"Lenovo 83k700axlm Laptop  Ideapad 3 15arp10\/ryzen  7 7735hs 3.2 Ghz\/16gb\/1tb Ssd\/15.3 Wuxga\/color Azul Cosmico\/win 11 Home\/1 A?o En Centro De Servicio"},"content":{"rendered":"<table class=\"descripcion\">\n<tr>\n<td>Marca: lenovo<\/td>\n<\/tr>\n<tr>\n<td>No.parte: 83k700axlm<\/td>\n<\/tr>\n<tr>\n<td>Familia: ideapad slim 3 15arp10<\/td>\n<\/tr>\n<tr>\n<td>Procesador:  amd ryzen 7 7735hs (8c\/16t, 3,2\/4,75 ghz, 4 mb l2\/16 mb l3)<\/td>\n<\/tr>\n<tr>\n<td>Gr\u00e1ficos: amd radeon 680m integrados<\/td>\n<\/tr>\n<tr>\n<td>Conjunto de chips : plataforma soc amd<\/td>\n<\/tr>\n<tr>\n<td>Memoria : 8 gb ddr5-4800 soldada + 8 gb sodimm ddr5-4800<\/td>\n<\/tr>\n<tr>\n<td>Ranuras de memoria : una memoria soldada a la placa base, una ranura sodimm ddr5, con capacidad para doble canal<\/td>\n<\/tr>\n<tr>\n<td>Memoria m\u00e1xima :oferta de ddr5-4800 de hasta 24 gb (8 gb soldados + 16 gb sodimm)<\/td>\n<\/tr>\n<tr>\n<td>Almacenamiento : unidad de estado s\u00f3lido de 1 tb m.2 2242 pcie\u00ae 4.0&#215;4 nvme<\/td>\n<\/tr>\n<tr>\n<td>Ranura de almacenamiento : dos ranuras m.2 2242 pcie 4.0 x4<\/td>\n<\/tr>\n<tr>\n<td>Soporte de almacenamiento m\u00e1ximo : hasta dos unidades, 2 ssd m.2 \u0095 ssd m.2 2242 hasta 1 tb<\/td>\n<\/tr>\n<tr>\n<td>Puerto de lector de tarjetas sd<\/td>\n<\/tr>\n<tr>\n<td>Chip de audio :audio de alta definici\u00f3n (hd)<\/td>\n<\/tr>\n<tr>\n<td>Bocinas: altavoces est\u00e9reo, 2 w x2, optimizados con dolby audio<\/td>\n<\/tr>\n<tr>\n<td>Micr\u00f3fono :2x, matriz<\/td>\n<\/tr>\n<tr>\n<td>C\u00e1mara : fhd 1080p + ir con obturador de privacidad<\/td>\n<\/tr>\n<tr>\n<td>Bater\u00eda :60 wh<\/td>\n<\/tr>\n<tr>\n<td>Adaptador de corriente : punta redonda de 65 w (3 pines)<\/td>\n<\/tr>\n<tr>\n<td>Pantalla: ips wuxga de 15,3 (1920 x 1200), 300 nits, antirreflejo, 45 % ntsc, 60 hz<\/td>\n<\/tr>\n<tr>\n<td>Relaci\u00f3n pantalla-cuerpo : modelos ips: 90,7 % aar (relaci\u00f3n de \u00e1rea activa)<\/td>\n<\/tr>\n<tr>\n<td>Panel t\u00e1ctil : multit\u00e1ctil con superficie mylar\u00ae sin botones, compatible con precisi\u00f3n touchpad (ptp), 75 x 120 mm (2,95 x 4,72 pulgadas)<\/td>\n<\/tr>\n<tr>\n<td>Dimensiones (an x pr x al) :343,4 x 239,5 x 16,9-17,9 mm (13,52 x 9,51 x 0,67-0,70 pulgadas)<\/td>\n<\/tr>\n<tr>\n<td>Peso :a partir de 1,63 kg (3,59 lbs)<\/td>\n<\/tr>\n<tr>\n<td>Color  : azul c\u00f3smico<\/td>\n<\/tr>\n<tr>\n<td>Material de la caja : aluminio (arriba), pc-abs (abajo)<\/td>\n<\/tr>\n<tr>\n<td>Tratamiento de superficies :estampado de aluminio anodizado (arriba), textura (abajo)<\/td>\n<\/tr>\n<tr>\n<td>Sistema operativo : windows 11 home en un solo idioma, espa\u00f1ol<\/td>\n<\/tr>\n<tr>\n<td>Conectividad<\/td>\n<\/tr>\n<tr>\n<td>Wlan + bluetooth :wi-fi 6, 802.11ax 2&#215;2 + bt5.3<\/td>\n<\/tr>\n<tr>\n<td>Sin ethernet integrado<\/td>\n<\/tr>\n<tr>\n<td>Puertos est\u00e1ndar:<\/td>\n<\/tr>\n<tr>\n<td>2 puertos usb-a (usb 5 gbps\/usb 3.2 gen 1)<\/td>\n<\/tr>\n<tr>\n<td>1x usb-c (usb 5 gbps \/ usb 3.2 gen 1), con usb pd 45-65 w y displayport 1.2<\/td>\n<\/tr>\n<tr>\n<td>1x hdmi 1.4<\/td>\n<\/tr>\n<tr>\n<td>1 conector combinado para auriculares y micr\u00f3fono (3,5 mm)<\/td>\n<\/tr>\n<tr>\n<td>1x lector de tarjetas sd<\/td>\n<\/tr>\n<tr>\n<td>1 conector de alimentaci\u00f3n de punta redonda<\/td>\n<\/tr>\n<tr>\n<td>Seguridad y privacidad<\/td>\n<\/tr>\n<tr>\n<td>Chip de seguridad :microsoft pluton tpm 2.0 habilitado<\/td>\n<\/tr>\n<tr>\n<td>Otra seguridad :<\/td>\n<\/tr>\n<tr>\n<td>Obturador de privacidad de la c\u00e1mara<\/td>\n<\/tr>\n<tr>\n<td>C\u00e1mara infrarroja para windows hello (reconocimiento facial)<\/td>\n<\/tr>\n<tr>\n<td>Garant\u00eda b\u00e1sica: 1 a\u00f1o en centro de servicio<\/td>\n<\/tr>\n<tr>\n<td>Certificaciones<\/td>\n<\/tr>\n<tr>\n<td>Certificaciones verdes:<\/td>\n<\/tr>\n<tr>\n<td>Energy star 9.0<\/td>\n<\/tr>\n<tr>\n<td>Registrado como oro en epeat<\/td>\n<\/tr>\n<tr>\n<td>Lote erp 6\/26<\/td>\n<\/tr>\n<tr>\n<td>Cumple con rohs<\/td>\n<\/tr>\n<tr>\n<td>Prueba de especificaciones militares : prueba militar mil-std-810h aprobada (21 elementos de prueba)<\/td>\n<\/tr>\n<tr>\n<td>Otras certificaciones : t\u00fcv rheinland luz azul baja (soluci\u00f3n de software)<\/td>\n<\/tr>\n<\/table>\n","protected":false},"excerpt":{"rendered":"<p>Marca: lenovo No.parte: 83k700axlm Familia: ideapad slim 3 15arp10 Procesador: amd ryzen 7 7735hs (8c\/16t, 3,2\/4,75 ghz, 4 mb l2\/16 mb l3) Gr\u00e1ficos: amd radeon 680m integrados Conjunto de chips : plataforma soc amd Memoria : 8 gb ddr5-4800 soldada + 8 gb sodimm ddr5-4800 Ranuras de memoria : una memoria soldada a la placa [&hellip;]<\/p>\n","protected":false},"featured_media":0,"comment_status":"open","ping_status":"open","template":"","meta":[],"product_cat":[1886,1887],"product_tag":[1578],"acf":[],"yoast_head":"<!-- This site is optimized with the Yoast SEO plugin v21.7 - https:\/\/yoast.com\/wordpress\/plugins\/seo\/ -->\n<title>[ Lenovo ] &#129351; 83k700axlm Laptop Ideapad 3 15arp10\/ryzen 7 7735hs 3.2 Ghz\/16gb\/1tb Ssd\/15.3 Wuxga\/color Azul Cosmico\/win 11 Home\/1 A\u00f1o En Centro De Servicio<\/title>\n<meta name=\"description\" content=\"Compra 83k700axlm Laptop Ideapad 3 15arp10\/ryzen 7 7735hs 3.2 Ghz\/16gb\/1tb Ssd\/15.3 Wuxga\/color Azul Cosmico\/win 11 Home\/1 A\u00f1o En Centro De Servicio + Env\u00edo a domicilio + Pago seguro + Garant\u00eda\" \/>\n<meta name=\"robots\" content=\"index, follow, max-snippet:-1, max-image-preview:large, max-video-preview:-1\" \/>\n<link rel=\"canonical\" href=\"https:\/\/compuviper.mx\/tienda\/producto\/lenovo-83k700axlm-laptop-ideapad-3-15arp10-ryzen-7-7735hs-3-2-ghz-16gb-1tb-ssd-15-3-wuxga-color-azul-cosmico-win-11-home-1-ao-en-centro-de-servicio\/\" \/>\n<meta property=\"og:locale\" content=\"es_MX\" \/>\n<meta property=\"og:type\" content=\"article\" \/>\n<meta property=\"og:title\" content=\"[ Lenovo ] &#129351; 83k700axlm Laptop Ideapad 3 15arp10\/ryzen 7 7735hs 3.2 Ghz\/16gb\/1tb Ssd\/15.3 Wuxga\/color Azul Cosmico\/win 11 Home\/1 A\u00f1o En Centro De Servicio\" \/>\n<meta property=\"og:description\" content=\"Compra 83k700axlm Laptop Ideapad 3 15arp10\/ryzen 7 7735hs 3.2 Ghz\/16gb\/1tb Ssd\/15.3 Wuxga\/color Azul Cosmico\/win 11 Home\/1 A\u00f1o En Centro De Servicio + Env\u00edo a domicilio + Pago seguro + Garant\u00eda\" \/>\n<meta property=\"og:url\" content=\"https:\/\/compuviper.mx\/tienda\/producto\/lenovo-83k700axlm-laptop-ideapad-3-15arp10-ryzen-7-7735hs-3-2-ghz-16gb-1tb-ssd-15-3-wuxga-color-azul-cosmico-win-11-home-1-ao-en-centro-de-servicio\/\" \/>\n<meta property=\"og:site_name\" content=\"Compuviper\" \/>\n<meta property=\"article:publisher\" content=\"https:\/\/www.facebook.com\/compuviper\" \/>\n<meta property=\"article:modified_time\" content=\"2026-04-14T07:18:52+00:00\" \/>\n<meta name=\"twitter:card\" content=\"summary_large_image\" \/>\n<meta name=\"twitter:label1\" content=\"Precio\" \/>\n\t<meta name=\"twitter:data1\" content=\"&#36;12,963 &#36;12,726 con IVA\" \/>\n\t<meta name=\"twitter:label2\" content=\"Availability\" \/>\n\t<meta name=\"twitter:data2\" content=\"In stock\" \/>\n<script type=\"application\/ld+json\" class=\"yoast-schema-graph\">{\"@context\":\"https:\/\/schema.org\",\"@graph\":[{\"@type\":\"WebPage\",\"@id\":\"https:\/\/compuviper.mx\/tienda\/producto\/lenovo-83k700axlm-laptop-ideapad-3-15arp10-ryzen-7-7735hs-3-2-ghz-16gb-1tb-ssd-15-3-wuxga-color-azul-cosmico-win-11-home-1-ao-en-centro-de-servicio\/\",\"url\":\"https:\/\/compuviper.mx\/tienda\/producto\/lenovo-83k700axlm-laptop-ideapad-3-15arp10-ryzen-7-7735hs-3-2-ghz-16gb-1tb-ssd-15-3-wuxga-color-azul-cosmico-win-11-home-1-ao-en-centro-de-servicio\/\",\"name\":\"[ Lenovo ] &#129351; 83k700axlm Laptop Ideapad 3 15arp10\/ryzen 7 7735hs 3.2 Ghz\/16gb\/1tb Ssd\/15.3 Wuxga\/color Azul Cosmico\/win 11 Home\/1 A\u00f1o En Centro De Servicio\",\"isPartOf\":{\"@id\":\"https:\/\/compuviper.mx\/tienda\/#website\"},\"datePublished\":\"2026-04-14T07:18:51+00:00\",\"dateModified\":\"2026-04-14T07:18:52+00:00\",\"description\":\"Compra 83k700axlm Laptop Ideapad 3 15arp10\/ryzen 7 7735hs 3.2 Ghz\/16gb\/1tb Ssd\/15.3 Wuxga\/color Azul Cosmico\/win 11 Home\/1 A\u00f1o En Centro De Servicio + Env\u00edo a domicilio + Pago seguro + Garant\u00eda\",\"breadcrumb\":{\"@id\":\"https:\/\/compuviper.mx\/tienda\/producto\/lenovo-83k700axlm-laptop-ideapad-3-15arp10-ryzen-7-7735hs-3-2-ghz-16gb-1tb-ssd-15-3-wuxga-color-azul-cosmico-win-11-home-1-ao-en-centro-de-servicio\/#breadcrumb\"},\"inLanguage\":\"es-MX\",\"potentialAction\":[{\"@type\":\"ReadAction\",\"target\":[\"https:\/\/compuviper.mx\/tienda\/producto\/lenovo-83k700axlm-laptop-ideapad-3-15arp10-ryzen-7-7735hs-3-2-ghz-16gb-1tb-ssd-15-3-wuxga-color-azul-cosmico-win-11-home-1-ao-en-centro-de-servicio\/\"]}]},{\"@type\":\"BreadcrumbList\",\"@id\":\"https:\/\/compuviper.mx\/tienda\/producto\/lenovo-83k700axlm-laptop-ideapad-3-15arp10-ryzen-7-7735hs-3-2-ghz-16gb-1tb-ssd-15-3-wuxga-color-azul-cosmico-win-11-home-1-ao-en-centro-de-servicio\/#breadcrumb\",\"itemListElement\":[{\"@type\":\"ListItem\",\"position\":1,\"name\":\"Inicio\",\"item\":\"https:\/\/compuviper.mx\/tienda\/\"},{\"@type\":\"ListItem\",\"position\":2,\"name\":\"Productos\",\"item\":\"https:\/\/compuviper.mx\/tienda\/productos\/\"},{\"@type\":\"ListItem\",\"position\":3,\"name\":\"Laptops\",\"item\":\"https:\/\/compuviper.mx\/tienda\/categoria-producto\/laptops\/\"},{\"@type\":\"ListItem\",\"position\":4,\"name\":\"Notebook\",\"item\":\"https:\/\/compuviper.mx\/tienda\/categoria-producto\/laptops\/notebook-laptops\/\"},{\"@type\":\"ListItem\",\"position\":5,\"name\":\"Lenovo 83k700axlm Laptop Ideapad 3 15arp10\/ryzen 7 7735hs 3.2 Ghz\/16gb\/1tb Ssd\/15.3 Wuxga\/color Azul Cosmico\/win 11 Home\/1 A?o En Centro De Servicio\"}]},{\"@type\":\"WebSite\",\"@id\":\"https:\/\/compuviper.mx\/tienda\/#website\",\"url\":\"https:\/\/compuviper.mx\/tienda\/\",\"name\":\"Compuviper\",\"description\":\"Proveedor de Computadoras, Laptops, Servidores, Monitores, Puntos de Venta, Teclados,   Impresoras, T\u00f3ner, C\u00e1maras de Seguridad y m\u00e1s en tu tienda en l\u00ednea\",\"publisher\":{\"@id\":\"https:\/\/compuviper.mx\/tienda\/#organization\"},\"potentialAction\":[{\"@type\":\"SearchAction\",\"target\":{\"@type\":\"EntryPoint\",\"urlTemplate\":\"https:\/\/compuviper.mx\/tienda\/?s={search_term_string}\"},\"query-input\":\"required name=search_term_string\"}],\"inLanguage\":\"es-MX\"},{\"@type\":\"Organization\",\"@id\":\"https:\/\/compuviper.mx\/tienda\/#organization\",\"name\":\"Compuviper\",\"url\":\"https:\/\/compuviper.mx\/tienda\/\",\"logo\":{\"@type\":\"ImageObject\",\"inLanguage\":\"es-MX\",\"@id\":\"https:\/\/compuviper.mx\/tienda\/#\/schema\/logo\/image\/\",\"url\":\"https:\/\/compuviper.mx\/tienda\/wp-content\/uploads\/2021\/08\/Logo-Compuviper-10.png\",\"contentUrl\":\"https:\/\/compuviper.mx\/tienda\/wp-content\/uploads\/2021\/08\/Logo-Compuviper-10.png\",\"width\":1000,\"height\":500,\"caption\":\"Compuviper\"},\"image\":{\"@id\":\"https:\/\/compuviper.mx\/tienda\/#\/schema\/logo\/image\/\"},\"sameAs\":[\"https:\/\/www.facebook.com\/compuviper\",\"https:\/\/www.youtube.com\/channel\/UCf73dERp9Y3cfOq7q8BhLjA?view_as=subscriber\"]}]}<\/script>\n<meta property=\"product:brand\" content=\"LENOVO\" \/>\n<meta property=\"product:price:amount\" content=\"12726\" \/>\n<meta property=\"product:price:currency\" content=\"MXN\" \/>\n<meta property=\"og:availability\" content=\"instock\" \/>\n<meta property=\"product:availability\" content=\"instock\" \/>\n<meta property=\"product:retailer_item_id\" content=\"83K700AXLM\" \/>\n<meta property=\"product:condition\" content=\"new\" \/>\n<!-- \/ Yoast SEO plugin. -->","yoast_head_json":{"title":"[ Lenovo ] &#129351; 83k700axlm Laptop Ideapad 3 15arp10\/ryzen 7 7735hs 3.2 Ghz\/16gb\/1tb Ssd\/15.3 Wuxga\/color Azul Cosmico\/win 11 Home\/1 A\u00f1o En Centro De Servicio","description":"Compra 83k700axlm Laptop Ideapad 3 15arp10\/ryzen 7 7735hs 3.2 Ghz\/16gb\/1tb Ssd\/15.3 Wuxga\/color Azul Cosmico\/win 11 Home\/1 A\u00f1o En Centro De Servicio + Env\u00edo a domicilio + Pago seguro + Garant\u00eda","robots":{"index":"index","follow":"follow","max-snippet":"max-snippet:-1","max-image-preview":"max-image-preview:large","max-video-preview":"max-video-preview:-1"},"canonical":"https:\/\/compuviper.mx\/tienda\/producto\/lenovo-83k700axlm-laptop-ideapad-3-15arp10-ryzen-7-7735hs-3-2-ghz-16gb-1tb-ssd-15-3-wuxga-color-azul-cosmico-win-11-home-1-ao-en-centro-de-servicio\/","og_locale":"es_MX","og_type":"article","og_title":"[ Lenovo ] &#129351; 83k700axlm Laptop Ideapad 3 15arp10\/ryzen 7 7735hs 3.2 Ghz\/16gb\/1tb Ssd\/15.3 Wuxga\/color Azul Cosmico\/win 11 Home\/1 A\u00f1o En Centro De Servicio","og_description":"Compra 83k700axlm Laptop Ideapad 3 15arp10\/ryzen 7 7735hs 3.2 Ghz\/16gb\/1tb Ssd\/15.3 Wuxga\/color Azul Cosmico\/win 11 Home\/1 A\u00f1o En Centro De Servicio + Env\u00edo a domicilio + Pago seguro + Garant\u00eda","og_url":"https:\/\/compuviper.mx\/tienda\/producto\/lenovo-83k700axlm-laptop-ideapad-3-15arp10-ryzen-7-7735hs-3-2-ghz-16gb-1tb-ssd-15-3-wuxga-color-azul-cosmico-win-11-home-1-ao-en-centro-de-servicio\/","og_site_name":"Compuviper","article_publisher":"https:\/\/www.facebook.com\/compuviper","article_modified_time":"2026-04-14T07:18:52+00:00","twitter_card":"summary_large_image","twitter_misc":{"Precio":"&#36;12,963 &#36;12,726 con IVA","Availability":"In stock"},"schema":{"@context":"https:\/\/schema.org","@graph":[{"@type":"WebPage","@id":"https:\/\/compuviper.mx\/tienda\/producto\/lenovo-83k700axlm-laptop-ideapad-3-15arp10-ryzen-7-7735hs-3-2-ghz-16gb-1tb-ssd-15-3-wuxga-color-azul-cosmico-win-11-home-1-ao-en-centro-de-servicio\/","url":"https:\/\/compuviper.mx\/tienda\/producto\/lenovo-83k700axlm-laptop-ideapad-3-15arp10-ryzen-7-7735hs-3-2-ghz-16gb-1tb-ssd-15-3-wuxga-color-azul-cosmico-win-11-home-1-ao-en-centro-de-servicio\/","name":"[ Lenovo ] &#129351; 83k700axlm Laptop Ideapad 3 15arp10\/ryzen 7 7735hs 3.2 Ghz\/16gb\/1tb Ssd\/15.3 Wuxga\/color Azul Cosmico\/win 11 Home\/1 A\u00f1o En Centro De Servicio","isPartOf":{"@id":"https:\/\/compuviper.mx\/tienda\/#website"},"datePublished":"2026-04-14T07:18:51+00:00","dateModified":"2026-04-14T07:18:52+00:00","description":"Compra 83k700axlm Laptop Ideapad 3 15arp10\/ryzen 7 7735hs 3.2 Ghz\/16gb\/1tb Ssd\/15.3 Wuxga\/color Azul Cosmico\/win 11 Home\/1 A\u00f1o En Centro De Servicio + Env\u00edo a domicilio + Pago seguro + Garant\u00eda","breadcrumb":{"@id":"https:\/\/compuviper.mx\/tienda\/producto\/lenovo-83k700axlm-laptop-ideapad-3-15arp10-ryzen-7-7735hs-3-2-ghz-16gb-1tb-ssd-15-3-wuxga-color-azul-cosmico-win-11-home-1-ao-en-centro-de-servicio\/#breadcrumb"},"inLanguage":"es-MX","potentialAction":[{"@type":"ReadAction","target":["https:\/\/compuviper.mx\/tienda\/producto\/lenovo-83k700axlm-laptop-ideapad-3-15arp10-ryzen-7-7735hs-3-2-ghz-16gb-1tb-ssd-15-3-wuxga-color-azul-cosmico-win-11-home-1-ao-en-centro-de-servicio\/"]}]},{"@type":"BreadcrumbList","@id":"https:\/\/compuviper.mx\/tienda\/producto\/lenovo-83k700axlm-laptop-ideapad-3-15arp10-ryzen-7-7735hs-3-2-ghz-16gb-1tb-ssd-15-3-wuxga-color-azul-cosmico-win-11-home-1-ao-en-centro-de-servicio\/#breadcrumb","itemListElement":[{"@type":"ListItem","position":1,"name":"Inicio","item":"https:\/\/compuviper.mx\/tienda\/"},{"@type":"ListItem","position":2,"name":"Productos","item":"https:\/\/compuviper.mx\/tienda\/productos\/"},{"@type":"ListItem","position":3,"name":"Laptops","item":"https:\/\/compuviper.mx\/tienda\/categoria-producto\/laptops\/"},{"@type":"ListItem","position":4,"name":"Notebook","item":"https:\/\/compuviper.mx\/tienda\/categoria-producto\/laptops\/notebook-laptops\/"},{"@type":"ListItem","position":5,"name":"Lenovo 83k700axlm Laptop Ideapad 3 15arp10\/ryzen 7 7735hs 3.2 Ghz\/16gb\/1tb Ssd\/15.3 Wuxga\/color Azul Cosmico\/win 11 Home\/1 A?o En Centro De Servicio"}]},{"@type":"WebSite","@id":"https:\/\/compuviper.mx\/tienda\/#website","url":"https:\/\/compuviper.mx\/tienda\/","name":"Compuviper","description":"Proveedor de Computadoras, Laptops, Servidores, Monitores, Puntos de Venta, Teclados,   Impresoras, T\u00f3ner, C\u00e1maras de Seguridad y m\u00e1s en tu tienda en l\u00ednea","publisher":{"@id":"https:\/\/compuviper.mx\/tienda\/#organization"},"potentialAction":[{"@type":"SearchAction","target":{"@type":"EntryPoint","urlTemplate":"https:\/\/compuviper.mx\/tienda\/?s={search_term_string}"},"query-input":"required name=search_term_string"}],"inLanguage":"es-MX"},{"@type":"Organization","@id":"https:\/\/compuviper.mx\/tienda\/#organization","name":"Compuviper","url":"https:\/\/compuviper.mx\/tienda\/","logo":{"@type":"ImageObject","inLanguage":"es-MX","@id":"https:\/\/compuviper.mx\/tienda\/#\/schema\/logo\/image\/","url":"https:\/\/compuviper.mx\/tienda\/wp-content\/uploads\/2021\/08\/Logo-Compuviper-10.png","contentUrl":"https:\/\/compuviper.mx\/tienda\/wp-content\/uploads\/2021\/08\/Logo-Compuviper-10.png","width":1000,"height":500,"caption":"Compuviper"},"image":{"@id":"https:\/\/compuviper.mx\/tienda\/#\/schema\/logo\/image\/"},"sameAs":["https:\/\/www.facebook.com\/compuviper","https:\/\/www.youtube.com\/channel\/UCf73dERp9Y3cfOq7q8BhLjA?view_as=subscriber"]}]},"product_brand":"LENOVO","product_price_amount":"12726","product_price_currency":"MXN","og_availability":"instock","product_availability":"instock","product_retailer_item_id":"83K700AXLM","product_condition":"new"},"_links":{"self":[{"href":"https:\/\/compuviper.mx\/tienda\/wp-json\/wp\/v2\/product\/265943"}],"collection":[{"href":"https:\/\/compuviper.mx\/tienda\/wp-json\/wp\/v2\/product"}],"about":[{"href":"https:\/\/compuviper.mx\/tienda\/wp-json\/wp\/v2\/types\/product"}],"replies":[{"embeddable":true,"href":"https:\/\/compuviper.mx\/tienda\/wp-json\/wp\/v2\/comments?post=265943"}],"wp:attachment":[{"href":"https:\/\/compuviper.mx\/tienda\/wp-json\/wp\/v2\/media?parent=265943"}],"wp:term":[{"taxonomy":"product_cat","embeddable":true,"href":"https:\/\/compuviper.mx\/tienda\/wp-json\/wp\/v2\/product_cat?post=265943"},{"taxonomy":"product_tag","embeddable":true,"href":"https:\/\/compuviper.mx\/tienda\/wp-json\/wp\/v2\/product_tag?post=265943"}],"curies":[{"name":"wp","href":"https:\/\/api.w.org\/{rel}","templated":true}]}}