{"id":265940,"date":"2026-04-02T01:19:33","date_gmt":"2026-04-02T07:19:33","guid":{"rendered":"https:\/\/compuviper.mx\/tienda\/producto\/huawei-53014ntxn-ds-matebook-d-14-ultra-5-125h-16gb-1tb-ssd-wifi-bluetooth-5-1-sin-el-sistema-operativo\/"},"modified":"2026-04-02T01:19:33","modified_gmt":"2026-04-02T07:19:33","slug":"huawei-53014ntxn-ds-matebook-d-14-ultra-5-125h-16gb-1tb-ssd-wifi-bluetooth-5-1-sin-el-sistema-operativo","status":"publish","type":"product","link":"https:\/\/compuviper.mx\/tienda\/producto\/huawei-53014ntxn-ds-matebook-d-14-ultra-5-125h-16gb-1tb-ssd-wifi-bluetooth-5-1-sin-el-sistema-operativo\/","title":{"rendered":"Huawei 53014ntxn-ds  Matebook D 14 \/ Ultra 5 125h\/ 16gb \/ 1tb Ssd \/ Wifi \/ Bluetooth 5.1 \/ Sin El Sistema Operativo"},"content":{"rendered":"<table class=\"descripcion\">\n<tr>\n<td>Pantalla<\/td>\n<\/tr>\n<tr>\n<td>Tamao:<\/td>\n<\/tr>\n<tr>\n<td>14 pulgadas<\/td>\n<\/tr>\n<tr>\n<td>Tipo:<\/td>\n<\/tr>\n<tr>\n<td>Oled<\/td>\n<\/tr>\n<tr>\n<td>Relacin pantalla cuerpo:<\/td>\n<\/tr>\n<tr>\n<td>91<\/td>\n<\/tr>\n<tr>\n<td>Relacin de aspecto:<\/td>\n<\/tr>\n<tr>\n<td>3:2<\/td>\n<\/tr>\n<tr>\n<td>Resolucin:<\/td>\n<\/tr>\n<tr>\n<td>2880  1920, 243 ppi<\/td>\n<\/tr>\n<tr>\n<td>Brillo mximo:<\/td>\n<\/tr>\n<tr>\n<td>450 nits<\/td>\n<\/tr>\n<tr>\n<td>Gama de colores:<\/td>\n<\/tr>\n<tr>\n<td>100 srgb, 100 dci-p3, 95 adobe rgb and 65288;valor tpico and 65289;<\/td>\n<\/tr>\n<tr>\n<td>Relacin de contraste:<\/td>\n<\/tr>\n<tr>\n<td>1000000:1 valor tpico<\/td>\n<\/tr>\n<tr>\n<td>Pantalla tctil:<\/td>\n<\/tr>\n<tr>\n<td>Sensible multitctil de 10 puntos con captura de pantalla gestual con el dedo<\/td>\n<\/tr>\n<tr>\n<td>El brillo, la gama de colores, la relacin de contraste y el ngulo de visin son valores tpicos.<\/td>\n<\/tr>\n<tr>\n<td>Procesador<\/td>\n<\/tr>\n<tr>\n<td>Intel core ultra 5 125h<\/td>\n<\/tr>\n<tr>\n<td>Grficos<\/td>\n<\/tr>\n<tr>\n<td>Intel arc<\/td>\n<\/tr>\n<tr>\n<td>Memoria<\/td>\n<\/tr>\n<tr>\n<td>16 gb<\/td>\n<\/tr>\n<tr>\n<td>Almacenamiento<\/td>\n<\/tr>\n<tr>\n<td>1 tb  ssd<\/td>\n<\/tr>\n<tr>\n<td>La capacidad real tras el formateo puede ser menor.<\/td>\n<\/tr>\n<tr>\n<td>Batera<\/td>\n<\/tr>\n<tr>\n<td>Material:<\/td>\n<\/tr>\n<tr>\n<td>Polmero de litio<\/td>\n<\/tr>\n<tr>\n<td>Capacidad:<\/td>\n<\/tr>\n<tr>\n<td>70 wh capacidad nominal<\/td>\n<\/tr>\n<tr>\n<td>Conectividad<\/td>\n<\/tr>\n<tr>\n<td>Wlan:<\/td>\n<\/tr>\n<tr>\n<td>Ieee 802.11a\/b\/g\/n\/ac\/ax,160mhz<\/td>\n<\/tr>\n<tr>\n<td>2.4 ghz y 5 ghz<\/td>\n<\/tr>\n<tr>\n<td>2  2 mimo<\/td>\n<\/tr>\n<tr>\n<td>Wpa\/wpa2\/wpa3<\/td>\n<\/tr>\n<tr>\n<td>Bluetooth:<\/td>\n<\/tr>\n<tr>\n<td>Bluetooth 5.2<\/td>\n<\/tr>\n<tr>\n<td>Puertos<\/td>\n<\/tr>\n<tr>\n<td>Usb-c  1 transferencia de datos, carga y displayport<\/td>\n<\/tr>\n<tr>\n<td>Usb3.2 gen 1  2<\/td>\n<\/tr>\n<tr>\n<td>Hdmi  1<\/td>\n<\/tr>\n<tr>\n<td>Jack de 3.5 mm 2 en 1 para micrfono y audfonos  1<\/td>\n<\/tr>\n<tr>\n<td>Teclado y pad tctil<\/td>\n<\/tr>\n<tr>\n<td>Teclado retroiluminado de tamao completo<\/td>\n<\/tr>\n<tr>\n<td>Touchpad con multi-touch<\/td>\n<\/tr>\n<tr>\n<td>Botn de encendido<\/td>\n<\/tr>\n<tr>\n<td>Botn de encendido con lector de huella dactilar<\/td>\n<\/tr>\n<tr>\n<td>Cmara<\/td>\n<\/tr>\n<tr>\n<td>Cmara hd 1080p<\/td>\n<\/tr>\n<tr>\n<td>Audio<\/td>\n<\/tr>\n<tr>\n<td>Micrfonos  2<\/td>\n<\/tr>\n<tr>\n<td>Altavoces  2<\/td>\n<\/tr>\n<tr>\n<td>Aplicaciones destacadas<\/td>\n<\/tr>\n<tr>\n<td>Sper dispositivo<\/td>\n<\/tr>\n<tr>\n<td>Superturbo<\/td>\n<\/tr>\n<tr>\n<td>Huawei pc manager<\/td>\n<\/tr>\n<tr>\n<td>Gestor de pantalla modo confort ocular<\/td>\n<\/tr>\n<tr>\n<td>Modo ebook<\/td>\n<\/tr>\n<tr>\n<td>Modo rendimiento teclas fn  p<\/td>\n<\/tr>\n<tr>\n<td>Modo de ahorro de energa<\/td>\n<\/tr>\n<tr>\n<td>Restablecimiento de fbrica de huawei<\/td>\n<\/tr>\n<tr>\n<td>Slo algunos telfonos, tablets, monitores, freebuds y algunas laptops huawei con pc manager 13.0.2.300 o posterior son compatibles con esta funcin. si tienes alguna pregunta sobre la experiencia general, las restricciones de uso o los modelos compatibles con esta funcin, ponte en contacto con el servicio local de atencin al cliente de huawei.<\/td>\n<\/tr>\n<tr>\n<td>En la caja<\/td>\n<\/tr>\n<tr>\n<td>Huawei matebook 14<\/td>\n<\/tr>\n<tr>\n<td>Adaptador de corriente usb-c de 65 w conexin integrada entre el adaptador y el cable de carga<\/td>\n<\/tr>\n<tr>\n<td>Gua de inicio rpido<\/td>\n<\/tr>\n<\/table>\n","protected":false},"excerpt":{"rendered":"<p>La huawei matebook d 14 se comercializa como una laptop ideal para la productividad diaria, destacando por su diseo delgado, ligero y elegante, y ofreciendo un excelente rendimiento para tareas de oficina, estudio y multimedia. Se posiciona como una opcin de gran relacin calidad-precio. Diseo y pantalla. La laptop presenta un chasis de aluminio, lo que le otorga una sensacin de robustez y un aspecto premium. Portabilidad: su peso ligero alrededor de 1.38 kg y diseo delgado aprox. 14.5 mm facilitan su transporte, ideal para usuarios mviles como estudiantes o profesionales. Pantalla fullview: cuenta con una pantalla ips full hd 1920 x 1080 de 14 pulgadas con biseles ultradelgados de solo 4.8 mm, logrando una alta relacin pantalla-cuerpo 84 para una experiencia visual inmersiva. Proteccin visual: incorpora la certificacin tv rheinland, que reduce la luz azul para minimizar la fatiga visual durante usos prolongados. Rendimiento y caractersticas. Equipada con procesadores modernos como intel core o amd ryzen, dependiendo de la generacin, la matebook d 14 ofrece un rendimiento fluido para ejecutar mltiples aplicaciones sin inconvenientes. Procesador y memoria: las configuraciones varan, incluyendo opciones con hasta intel core i7 de 13\u00aa generacin o amd ryzen 5, acompaados de 8 gb o 16 gb de ram ddr4 y almacenamiento ssd pcie rpido. Carga rpida: incluye un cargador usb-c de 65 w que permite cargar aproximadamente del 40 al 48 de la batera en solo media hora y una carga completa en unos 90 minutos. Seguridad y privacidad: el botn de encendido integra un lector de huellas dactilares para un acceso rpido y seguro al escritorio. Adems, cuenta con una cmara web retrctil oculta en el teclado, que prioriza la privacidad del usuario. Conectividad inteligente. Uno de los puntos clave de venta es la integracin del ecosistema de huawei, facilitada por la funcin huawei share. Huawei share: esta caracterstica permite una conexin fluida e inalmbrica entre la laptop y un smartphone huawei compatible, posibilitando ver la pantalla del telfono en la laptop, transferir archivos y texto fcilmente, y usar el telfono como segundo monitor.<\/p>\n","protected":false},"featured_media":0,"comment_status":"open","ping_status":"open","template":"","meta":[],"product_cat":[1886,1887],"product_tag":[1673],"acf":[],"yoast_head":"<!-- This site is optimized with the Yoast SEO plugin v21.7 - https:\/\/yoast.com\/wordpress\/plugins\/seo\/ -->\n<title>[ Huawei ] &#129351; 53014ntxn-ds Matebook D 14 \/ Ultra 5 125h\/ 16gb \/ 1tb Ssd \/ Wifi \/ Bluetooth 5.1 \/ Sin El Sistema Operativo<\/title>\n<meta name=\"description\" content=\"Compra 53014ntxn-ds Matebook D 14 \/ Ultra 5 125h\/ 16gb \/ 1tb Ssd \/ Wifi \/ Bluetooth 5.1 \/ Sin El Sistema Operativo + Env\u00edo a domicilio + Pago seguro + Garant\u00eda\" \/>\n<meta name=\"robots\" content=\"index, follow, max-snippet:-1, max-image-preview:large, max-video-preview:-1\" \/>\n<link rel=\"canonical\" href=\"https:\/\/compuviper.mx\/tienda\/producto\/huawei-53014ntxn-ds-matebook-d-14-ultra-5-125h-16gb-1tb-ssd-wifi-bluetooth-5-1-sin-el-sistema-operativo\/\" \/>\n<meta property=\"og:locale\" content=\"es_MX\" \/>\n<meta property=\"og:type\" content=\"article\" \/>\n<meta property=\"og:title\" content=\"[ Huawei ] &#129351; 53014ntxn-ds Matebook D 14 \/ Ultra 5 125h\/ 16gb \/ 1tb Ssd \/ Wifi \/ Bluetooth 5.1 \/ Sin El Sistema Operativo\" \/>\n<meta property=\"og:description\" content=\"Compra 53014ntxn-ds Matebook D 14 \/ Ultra 5 125h\/ 16gb \/ 1tb Ssd \/ Wifi \/ Bluetooth 5.1 \/ Sin El Sistema Operativo + Env\u00edo a domicilio + Pago seguro + Garant\u00eda\" \/>\n<meta property=\"og:url\" content=\"https:\/\/compuviper.mx\/tienda\/producto\/huawei-53014ntxn-ds-matebook-d-14-ultra-5-125h-16gb-1tb-ssd-wifi-bluetooth-5-1-sin-el-sistema-operativo\/\" \/>\n<meta property=\"og:site_name\" content=\"Compuviper\" \/>\n<meta property=\"article:publisher\" content=\"https:\/\/www.facebook.com\/compuviper\" \/>\n<meta name=\"twitter:card\" content=\"summary_large_image\" \/>\n<meta name=\"twitter:label1\" content=\"Precio\" \/>\n\t<meta name=\"twitter:data1\" content=\"&#36;14,766 con IVA\" \/>\n\t<meta name=\"twitter:label2\" content=\"Availability\" \/>\n\t<meta name=\"twitter:data2\" content=\"Out of stock\" \/>\n<script type=\"application\/ld+json\" class=\"yoast-schema-graph\">{\"@context\":\"https:\/\/schema.org\",\"@graph\":[{\"@type\":\"WebPage\",\"@id\":\"https:\/\/compuviper.mx\/tienda\/producto\/huawei-53014ntxn-ds-matebook-d-14-ultra-5-125h-16gb-1tb-ssd-wifi-bluetooth-5-1-sin-el-sistema-operativo\/\",\"url\":\"https:\/\/compuviper.mx\/tienda\/producto\/huawei-53014ntxn-ds-matebook-d-14-ultra-5-125h-16gb-1tb-ssd-wifi-bluetooth-5-1-sin-el-sistema-operativo\/\",\"name\":\"[ Huawei ] &#129351; 53014ntxn-ds Matebook D 14 \/ Ultra 5 125h\/ 16gb \/ 1tb Ssd \/ Wifi \/ Bluetooth 5.1 \/ Sin El Sistema Operativo\",\"isPartOf\":{\"@id\":\"https:\/\/compuviper.mx\/tienda\/#website\"},\"datePublished\":\"2026-04-02T07:19:33+00:00\",\"dateModified\":\"2026-04-02T07:19:33+00:00\",\"description\":\"Compra 53014ntxn-ds Matebook D 14 \/ Ultra 5 125h\/ 16gb \/ 1tb Ssd \/ Wifi \/ Bluetooth 5.1 \/ Sin El Sistema Operativo + Env\u00edo a domicilio + Pago seguro + Garant\u00eda\",\"breadcrumb\":{\"@id\":\"https:\/\/compuviper.mx\/tienda\/producto\/huawei-53014ntxn-ds-matebook-d-14-ultra-5-125h-16gb-1tb-ssd-wifi-bluetooth-5-1-sin-el-sistema-operativo\/#breadcrumb\"},\"inLanguage\":\"es-MX\",\"potentialAction\":[{\"@type\":\"ReadAction\",\"target\":[\"https:\/\/compuviper.mx\/tienda\/producto\/huawei-53014ntxn-ds-matebook-d-14-ultra-5-125h-16gb-1tb-ssd-wifi-bluetooth-5-1-sin-el-sistema-operativo\/\"]}]},{\"@type\":\"BreadcrumbList\",\"@id\":\"https:\/\/compuviper.mx\/tienda\/producto\/huawei-53014ntxn-ds-matebook-d-14-ultra-5-125h-16gb-1tb-ssd-wifi-bluetooth-5-1-sin-el-sistema-operativo\/#breadcrumb\",\"itemListElement\":[{\"@type\":\"ListItem\",\"position\":1,\"name\":\"Inicio\",\"item\":\"https:\/\/compuviper.mx\/tienda\/\"},{\"@type\":\"ListItem\",\"position\":2,\"name\":\"Productos\",\"item\":\"https:\/\/compuviper.mx\/tienda\/productos\/\"},{\"@type\":\"ListItem\",\"position\":3,\"name\":\"Laptops\",\"item\":\"https:\/\/compuviper.mx\/tienda\/categoria-producto\/laptops\/\"},{\"@type\":\"ListItem\",\"position\":4,\"name\":\"Notebook\",\"item\":\"https:\/\/compuviper.mx\/tienda\/categoria-producto\/laptops\/notebook-laptops\/\"},{\"@type\":\"ListItem\",\"position\":5,\"name\":\"Huawei 53014ntxn-ds Matebook D 14 \/ Ultra 5 125h\/ 16gb \/ 1tb Ssd \/ Wifi \/ Bluetooth 5.1 \/ Sin El Sistema Operativo\"}]},{\"@type\":\"WebSite\",\"@id\":\"https:\/\/compuviper.mx\/tienda\/#website\",\"url\":\"https:\/\/compuviper.mx\/tienda\/\",\"name\":\"Compuviper\",\"description\":\"Proveedor de Computadoras, Laptops, Servidores, Monitores, Puntos de Venta, Teclados,   Impresoras, T\u00f3ner, C\u00e1maras de Seguridad y m\u00e1s en tu tienda en l\u00ednea\",\"publisher\":{\"@id\":\"https:\/\/compuviper.mx\/tienda\/#organization\"},\"potentialAction\":[{\"@type\":\"SearchAction\",\"target\":{\"@type\":\"EntryPoint\",\"urlTemplate\":\"https:\/\/compuviper.mx\/tienda\/?s={search_term_string}\"},\"query-input\":\"required name=search_term_string\"}],\"inLanguage\":\"es-MX\"},{\"@type\":\"Organization\",\"@id\":\"https:\/\/compuviper.mx\/tienda\/#organization\",\"name\":\"Compuviper\",\"url\":\"https:\/\/compuviper.mx\/tienda\/\",\"logo\":{\"@type\":\"ImageObject\",\"inLanguage\":\"es-MX\",\"@id\":\"https:\/\/compuviper.mx\/tienda\/#\/schema\/logo\/image\/\",\"url\":\"https:\/\/compuviper.mx\/tienda\/wp-content\/uploads\/2021\/08\/Logo-Compuviper-10.png\",\"contentUrl\":\"https:\/\/compuviper.mx\/tienda\/wp-content\/uploads\/2021\/08\/Logo-Compuviper-10.png\",\"width\":1000,\"height\":500,\"caption\":\"Compuviper\"},\"image\":{\"@id\":\"https:\/\/compuviper.mx\/tienda\/#\/schema\/logo\/image\/\"},\"sameAs\":[\"https:\/\/www.facebook.com\/compuviper\",\"https:\/\/www.youtube.com\/channel\/UCf73dERp9Y3cfOq7q8BhLjA?view_as=subscriber\"]}]}<\/script>\n<meta property=\"product:brand\" content=\"HUAWEI\" \/>\n<meta property=\"product:price:amount\" content=\"14766\" \/>\n<meta property=\"product:price:currency\" content=\"MXN\" \/>\n<meta property=\"og:availability\" content=\"out of stock\" \/>\n<meta property=\"product:availability\" content=\"out of stock\" \/>\n<meta property=\"product:retailer_item_id\" content=\"53014NTXN-DS\" \/>\n<meta property=\"product:condition\" content=\"new\" \/>\n<!-- \/ Yoast SEO plugin. -->","yoast_head_json":{"title":"[ Huawei ] &#129351; 53014ntxn-ds Matebook D 14 \/ Ultra 5 125h\/ 16gb \/ 1tb Ssd \/ Wifi \/ Bluetooth 5.1 \/ Sin El Sistema Operativo","description":"Compra 53014ntxn-ds Matebook D 14 \/ Ultra 5 125h\/ 16gb \/ 1tb Ssd \/ Wifi \/ Bluetooth 5.1 \/ Sin El Sistema Operativo + Env\u00edo a domicilio + Pago seguro + Garant\u00eda","robots":{"index":"index","follow":"follow","max-snippet":"max-snippet:-1","max-image-preview":"max-image-preview:large","max-video-preview":"max-video-preview:-1"},"canonical":"https:\/\/compuviper.mx\/tienda\/producto\/huawei-53014ntxn-ds-matebook-d-14-ultra-5-125h-16gb-1tb-ssd-wifi-bluetooth-5-1-sin-el-sistema-operativo\/","og_locale":"es_MX","og_type":"article","og_title":"[ Huawei ] &#129351; 53014ntxn-ds Matebook D 14 \/ Ultra 5 125h\/ 16gb \/ 1tb Ssd \/ Wifi \/ Bluetooth 5.1 \/ Sin El Sistema Operativo","og_description":"Compra 53014ntxn-ds Matebook D 14 \/ Ultra 5 125h\/ 16gb \/ 1tb Ssd \/ Wifi \/ Bluetooth 5.1 \/ Sin El Sistema Operativo + Env\u00edo a domicilio + Pago seguro + Garant\u00eda","og_url":"https:\/\/compuviper.mx\/tienda\/producto\/huawei-53014ntxn-ds-matebook-d-14-ultra-5-125h-16gb-1tb-ssd-wifi-bluetooth-5-1-sin-el-sistema-operativo\/","og_site_name":"Compuviper","article_publisher":"https:\/\/www.facebook.com\/compuviper","twitter_card":"summary_large_image","twitter_misc":{"Precio":"&#36;14,766 con IVA","Availability":"Out of stock"},"schema":{"@context":"https:\/\/schema.org","@graph":[{"@type":"WebPage","@id":"https:\/\/compuviper.mx\/tienda\/producto\/huawei-53014ntxn-ds-matebook-d-14-ultra-5-125h-16gb-1tb-ssd-wifi-bluetooth-5-1-sin-el-sistema-operativo\/","url":"https:\/\/compuviper.mx\/tienda\/producto\/huawei-53014ntxn-ds-matebook-d-14-ultra-5-125h-16gb-1tb-ssd-wifi-bluetooth-5-1-sin-el-sistema-operativo\/","name":"[ Huawei ] &#129351; 53014ntxn-ds Matebook D 14 \/ Ultra 5 125h\/ 16gb \/ 1tb Ssd \/ Wifi \/ Bluetooth 5.1 \/ Sin El Sistema Operativo","isPartOf":{"@id":"https:\/\/compuviper.mx\/tienda\/#website"},"datePublished":"2026-04-02T07:19:33+00:00","dateModified":"2026-04-02T07:19:33+00:00","description":"Compra 53014ntxn-ds Matebook D 14 \/ Ultra 5 125h\/ 16gb \/ 1tb Ssd \/ Wifi \/ Bluetooth 5.1 \/ Sin El Sistema Operativo + Env\u00edo a domicilio + Pago seguro + Garant\u00eda","breadcrumb":{"@id":"https:\/\/compuviper.mx\/tienda\/producto\/huawei-53014ntxn-ds-matebook-d-14-ultra-5-125h-16gb-1tb-ssd-wifi-bluetooth-5-1-sin-el-sistema-operativo\/#breadcrumb"},"inLanguage":"es-MX","potentialAction":[{"@type":"ReadAction","target":["https:\/\/compuviper.mx\/tienda\/producto\/huawei-53014ntxn-ds-matebook-d-14-ultra-5-125h-16gb-1tb-ssd-wifi-bluetooth-5-1-sin-el-sistema-operativo\/"]}]},{"@type":"BreadcrumbList","@id":"https:\/\/compuviper.mx\/tienda\/producto\/huawei-53014ntxn-ds-matebook-d-14-ultra-5-125h-16gb-1tb-ssd-wifi-bluetooth-5-1-sin-el-sistema-operativo\/#breadcrumb","itemListElement":[{"@type":"ListItem","position":1,"name":"Inicio","item":"https:\/\/compuviper.mx\/tienda\/"},{"@type":"ListItem","position":2,"name":"Productos","item":"https:\/\/compuviper.mx\/tienda\/productos\/"},{"@type":"ListItem","position":3,"name":"Laptops","item":"https:\/\/compuviper.mx\/tienda\/categoria-producto\/laptops\/"},{"@type":"ListItem","position":4,"name":"Notebook","item":"https:\/\/compuviper.mx\/tienda\/categoria-producto\/laptops\/notebook-laptops\/"},{"@type":"ListItem","position":5,"name":"Huawei 53014ntxn-ds Matebook D 14 \/ Ultra 5 125h\/ 16gb \/ 1tb Ssd \/ Wifi \/ Bluetooth 5.1 \/ Sin El Sistema Operativo"}]},{"@type":"WebSite","@id":"https:\/\/compuviper.mx\/tienda\/#website","url":"https:\/\/compuviper.mx\/tienda\/","name":"Compuviper","description":"Proveedor de Computadoras, Laptops, Servidores, Monitores, Puntos de Venta, Teclados,   Impresoras, T\u00f3ner, C\u00e1maras de Seguridad y m\u00e1s en tu tienda en l\u00ednea","publisher":{"@id":"https:\/\/compuviper.mx\/tienda\/#organization"},"potentialAction":[{"@type":"SearchAction","target":{"@type":"EntryPoint","urlTemplate":"https:\/\/compuviper.mx\/tienda\/?s={search_term_string}"},"query-input":"required name=search_term_string"}],"inLanguage":"es-MX"},{"@type":"Organization","@id":"https:\/\/compuviper.mx\/tienda\/#organization","name":"Compuviper","url":"https:\/\/compuviper.mx\/tienda\/","logo":{"@type":"ImageObject","inLanguage":"es-MX","@id":"https:\/\/compuviper.mx\/tienda\/#\/schema\/logo\/image\/","url":"https:\/\/compuviper.mx\/tienda\/wp-content\/uploads\/2021\/08\/Logo-Compuviper-10.png","contentUrl":"https:\/\/compuviper.mx\/tienda\/wp-content\/uploads\/2021\/08\/Logo-Compuviper-10.png","width":1000,"height":500,"caption":"Compuviper"},"image":{"@id":"https:\/\/compuviper.mx\/tienda\/#\/schema\/logo\/image\/"},"sameAs":["https:\/\/www.facebook.com\/compuviper","https:\/\/www.youtube.com\/channel\/UCf73dERp9Y3cfOq7q8BhLjA?view_as=subscriber"]}]},"product_brand":"HUAWEI","product_price_amount":"14766","product_price_currency":"MXN","og_availability":"out of stock","product_availability":"out of stock","product_retailer_item_id":"53014NTXN-DS","product_condition":"new"},"_links":{"self":[{"href":"https:\/\/compuviper.mx\/tienda\/wp-json\/wp\/v2\/product\/265940"}],"collection":[{"href":"https:\/\/compuviper.mx\/tienda\/wp-json\/wp\/v2\/product"}],"about":[{"href":"https:\/\/compuviper.mx\/tienda\/wp-json\/wp\/v2\/types\/product"}],"replies":[{"embeddable":true,"href":"https:\/\/compuviper.mx\/tienda\/wp-json\/wp\/v2\/comments?post=265940"}],"wp:attachment":[{"href":"https:\/\/compuviper.mx\/tienda\/wp-json\/wp\/v2\/media?parent=265940"}],"wp:term":[{"taxonomy":"product_cat","embeddable":true,"href":"https:\/\/compuviper.mx\/tienda\/wp-json\/wp\/v2\/product_cat?post=265940"},{"taxonomy":"product_tag","embeddable":true,"href":"https:\/\/compuviper.mx\/tienda\/wp-json\/wp\/v2\/product_tag?post=265940"}],"curies":[{"name":"wp","href":"https:\/\/api.w.org\/{rel}","templated":true}]}}