{"id":265936,"date":"2026-04-25T00:49:18","date_gmt":"2026-04-25T06:49:18","guid":{"rendered":"https:\/\/compuviper.mx\/tienda\/producto\/sharp-display-pn-e439-monitor-profesional-sharp-43-uhd-3840-x-2160-16-7-350-cd-m2-40001-2-hdmi-usb-c-hdcp-rj-45\/"},"modified":"2026-04-25T00:49:18","modified_gmt":"2026-04-25T06:49:18","slug":"sharp-display-pn-e439-monitor-profesional-sharp-43-uhd-3840-x-2160-16-7-350-cd-m2-40001-2-hdmi-usb-c-hdcp-rj-45","status":"publish","type":"product","link":"https:\/\/compuviper.mx\/tienda\/producto\/sharp-display-pn-e439-monitor-profesional-sharp-43-uhd-3840-x-2160-16-7-350-cd-m2-40001-2-hdmi-usb-c-hdcp-rj-45\/","title":{"rendered":"Sharp Display Pn-e439 Monitor Profesional Sharp 43?  Uhd 3840 X 2160 16\/7, 350 Cd\/m2, 4000:1, 2 Hdmi, Usb-c Hdcp, Rj-45"},"content":{"rendered":"<table class=\"descripcion\">\n<tr>\n<td>Pantalla<\/td>\n<\/tr>\n<tr>\n<td>Tecnolog\u00eda de panel ads<\/td>\n<\/tr>\n<tr>\n<td>Tecnolog\u00eda de pantalla lcd con retroiluminaci\u00f3n led<\/td>\n<\/tr>\n<tr>\n<td>Tama\u00f1o de imagen visible 43<\/td>\n<\/tr>\n<tr>\n<td>Relaci\u00f3n de aspecto 16:9<\/td>\n<\/tr>\n<tr>\n<td>Resoluci\u00f3n de pantalla 3840 x 2160<\/td>\n<\/tr>\n<tr>\n<td>Resoluciones compatibles hdmi: hasta 3840 x 2160 (60 hz), hdcp 2.2\/1.4, usb-c: hasta 3840 x 2160 (60 hz), hdcp 2.2\/1.3<\/td>\n<\/tr>\n<tr>\n<td>Paso de p\u00edxeles 0,25 mm<\/td>\n<\/tr>\n<tr>\n<td>P\u00edxeles por pulgada 104 ppp<\/td>\n<\/tr>\n<tr>\n<td>Tipo de retroiluminaci\u00f3n iluminaci\u00f3n directa por led<\/td>\n<\/tr>\n<tr>\n<td>Brillo (t\u00edpico) 350 cd\/ m\u00b2<\/td>\n<\/tr>\n<tr>\n<td>Relaci\u00f3n de contraste (t\u00edpica) 1200:1<\/td>\n<\/tr>\n<tr>\n<td>\u00e1ngulo de visi\u00f3n (t\u00edpico) 178\u00b0 vertical, 178\u00b0 horizontal (89\u00b0 superior\/89\u00b0 inferior\/89\u00b0 inferior) a cr 10<\/td>\n<\/tr>\n<tr>\n<td>Tiempo de respuesta (gris a gris) 8 ms<\/td>\n<\/tr>\n<tr>\n<td>Frecuencia de actualizaci\u00f3n 60 hz<\/td>\n<\/tr>\n<tr>\n<td>\u00e1rea de pantalla activa 37,06 x 20,84 pulgadas \/ 941,2 x 529,4 mm<\/td>\n<\/tr>\n<tr>\n<td>Orientaci\u00f3n horizontal\/vertical<\/td>\n<\/tr>\n<tr>\n<td>Colores visualizables 1070 millones<\/td>\n<\/tr>\n<tr>\n<td>Rango de sincronizaci\u00f3n<\/td>\n<\/tr>\n<tr>\n<td>Horizontal (digital) 15,0 &#8211; 136,0 khz<\/td>\n<\/tr>\n<tr>\n<td>Vertical (digital) 24.0 hz &#8211; 75.0 hz<\/td>\n<\/tr>\n<tr>\n<td>Compatibilidad de se\u00f1al<\/td>\n<\/tr>\n<tr>\n<td>Compatibilidad de se\u00f1al de v\u00eddeo sd\/hd 1 usb-c<\/td>\n<\/tr>\n<tr>\n<td>Compatibilidad con se\u00f1al de pc s\u00ed<\/td>\n<\/tr>\n<tr>\n<td>Compatibilidad con se\u00f1al de macintosh s\u00ed<\/td>\n<\/tr>\n<tr>\n<td>Conectividad &#8211; terminales de entrada<\/td>\n<\/tr>\n<tr>\n<td>Digital hdmi (2.0 x 2 con hdcp 2.2), usb-c (x1 con)<\/td>\n<\/tr>\n<tr>\n<td>Audio miniconector est\u00e9reo x1, audio hdmi x2, audio usb-c x1<\/td>\n<\/tr>\n<tr>\n<td>Control externo rs-232c, lan (100 mb), control remoto por infrarrojos<\/td>\n<\/tr>\n<tr>\n<td>Datos usb 2.0 (reproductor multimedia), usb-c (alimentaci\u00f3n)<\/td>\n<\/tr>\n<tr>\n<td>Conectividad &#8211; terminales de salida<\/td>\n<\/tr>\n<tr>\n<td>Audio miniconector est\u00e9reo de 3,5 mm<\/td>\n<\/tr>\n<tr>\n<td>Consumo de energ\u00eda (t\u00edpico)<\/td>\n<\/tr>\n<tr>\n<td>Encendido 85 w<\/td>\n<\/tr>\n<tr>\n<td>Modo eco en espera 0.5 w<\/td>\n<\/tr>\n<tr>\n<td>Modo de espera de red 2 w<\/td>\n<\/tr>\n<tr>\n<td>Consumo de energ\u00eda (m\u00e1x.) 120 w<\/td>\n<\/tr>\n<tr>\n<td>Corriente de entrada 1,4 a a 100 v \/ 0,6 a a 240 v<\/td>\n<\/tr>\n<tr>\n<td>Requisitos de alimentaci\u00f3n 100-240 v ca, 50\/60 hz<\/td>\n<\/tr>\n<tr>\n<td>Especificaciones f\u00edsicas<\/td>\n<\/tr>\n<tr>\n<td>Dimensiones (sin soporte) (an. x al. x pr.) 965 x 555 x 59,1 mm<\/td>\n<\/tr>\n<tr>\n<td>Env\u00edo (an. x al. x pr.) 1075 x 683 x 127 mm \/ 42,32 x 26,89 x 5 pulgadas<\/td>\n<\/tr>\n<tr>\n<td>Peso neto (sin soporte) 16,53 libras \/ 7,5 kg<\/td>\n<\/tr>\n<tr>\n<td>Peso del env\u00edo 11 kg<\/td>\n<\/tr>\n<tr>\n<td>Configuraci\u00f3n del orificio vesa 200 x 200 mm (m6)<\/td>\n<\/tr>\n<tr>\n<td>Condiciones ambientales<\/td>\n<\/tr>\n<tr>\n<td>Temperatura de funcionamiento 0-40 \u00b0c<\/td>\n<\/tr>\n<tr>\n<td>Humedad de funcionamiento 20 % a 80 %<\/td>\n<\/tr>\n<tr>\n<td>Altitud de funcionamiento 5000 m<\/td>\n<\/tr>\n<tr>\n<td>Temperatura de almacenamiento -20 \u0096 60 \u00b0c \/ -4 \u0096 140 \u00b0f<\/td>\n<\/tr>\n<tr>\n<td>Humedad de almacenamiento 10-80 %<\/td>\n<\/tr>\n<tr>\n<td>Altitud de almacenamiento 5000 m<\/td>\n<\/tr>\n<tr>\n<td>Garant\u00eda limitada (piezas y mano de obra)<\/td>\n<\/tr>\n<tr>\n<td>3 a\u00f1os<\/td>\n<\/tr>\n<tr>\n<td>Funciones adicionales<\/td>\n<\/tr>\n<tr>\n<td>Configuraci\u00f3n avanzada de v\u00eddeo\/audio<\/td>\n<\/tr>\n<tr>\n<td>Compatibilidad con tile matrix<\/td>\n<\/tr>\n<tr>\n<td>Comunicaci\u00f3n cec<\/td>\n<\/tr>\n<tr>\n<td>Reproductor multimedia usb integrado<\/td>\n<\/tr>\n<tr>\n<td>Compatible con naviset administrator 2<\/td>\n<\/tr>\n<tr>\n<td>Alimentaci\u00f3n usb (5 v\/3 a)<\/td>\n<\/tr>\n<tr>\n<td>Puerto usb-c para audio\/v\u00eddeo<\/td>\n<\/tr>\n<tr>\n<td>Modos de imagen variables (din\u00e1mico\/est\u00e1ndar\/ahorro de energ\u00eda\/conferencia\/brillo alto\/personalizado)<\/td>\n<\/tr>\n<tr>\n<td>Modos de sonido variables (est\u00e1ndar\/m\u00fasica\/pel\u00edcula\/personalizado)<\/td>\n<\/tr>\n<tr>\n<td>Incluye:<\/td>\n<\/tr>\n<tr>\n<td>Pilas<\/td>\n<\/tr>\n<tr>\n<td>Cable de alimentaci\u00f3n<\/td>\n<\/tr>\n<tr>\n<td>Manual de instalaci\u00f3n<\/td>\n<\/tr>\n<tr>\n<td>Control remoto inal\u00e1mbrico<\/td>\n<\/tr>\n<tr>\n<td>Abrazadera de cable<\/td>\n<\/tr>\n<\/table>\n","protected":false},"excerpt":{"rendered":"<p>Pantalla comercial de ultra alta definici\u00f3n de 43. Modelo: pn-e439. Mejore el rendimiento de sus reuniones y conferencias con una impresionante resoluci\u00f3n uhd. Obtenga calidad y fiabilidad de alta gama a un bajo coste total de propiedad y con una larga vida \u00fatil. Los niveles de neblina profesionales garantizan una gran visibilidad sin reflejos que distraigan; junto con un brillo de hasta 350 cd\/m\u00b2, el sharp pn-e439 de 43 satisface las demandas de los entornos de reuniones actuales. Un reproductor multimedia integrado admite la resoluci\u00f3n uhd nativa para la reproducci\u00f3n de contenido con funci\u00f3n de reproducci\u00f3n autom\u00e1tica. Sin necesidad de cables adicionales, dispositivos externos ni software de se\u00f1alizaci\u00f3n, el reproductor multimedia usb permite una soluci\u00f3n de se\u00f1alizaci\u00f3n profesional sencilla y sin interrupciones. Con esta pantalla sharp, los presentadores se sentir\u00e1n seguros durante las reuniones, mientras que los minoristas y los establecimientos de hosteler\u00eda pueden aumentar las ventas a trav\u00e9s de la se\u00f1alizaci\u00f3n digital. Para un inicio instant\u00e1neo en espacios de reuni\u00f3n, las entradas se detectan autom\u00e1ticamente con un cambio sencillo entre fuentes hdmi o usb-c. Los administradores de instalaciones agradecer\u00e1n la posibilidad de controlar de forma remota su patrimonio digital a trav\u00e9s de la red gracias a la lan integrada y a la funcionalidad naviset administrator 2, lo que convierte a esta pantalla en la opci\u00f3n perfecta para salas de reuniones corporativas y se\u00f1alizaci\u00f3n digital de nivel b\u00e1sico. Caracter\u00edsticas. \u00a1la resoluci\u00f3n nativa 4k uhd   permite una agudeza visual de alta gama. Los altavoces integrados de 10 w mejoran la experiencia con un sonido superior. Panel de primera calidad y resistencia industrial con marco de metal que permite un funcionamiento sin problemas las 16 horas del d\u00eda, los 7 d\u00edas de la semana. Instalaci\u00f3n inclinada hacia adelante y hacia atr\u00e1s (-20\u00b0 and #65374;20\u00b0) para instalarla en el \u00e1ngulo deseado. La orientaci\u00f3n horizontal y vertical permite flexibilidad de instalaci\u00f3n seg\u00fan sus necesidades. El temporizador de encendido y apagado de 24 horas mantiene los horarios de energ\u00eda. El reproductor multimedia integrado permite la reproducci\u00f3n de audio, v\u00eddeo o im\u00e1genes a trav\u00e9s de usb. Garant\u00eda comercial completa de 3 a\u00f1os para brindar tranquilidad y protecci\u00f3n a su inversi\u00f3n. Puerto usb tipo c para entrada de audio\/video. Naviset administrator 2 soluci\u00f3n de software gratuita que facilita enormemente la administraci\u00f3n y gesti\u00f3n de instalaciones de dispositivos de visualizaci\u00f3n de mayor tama\u00f1o.<\/p>\n","protected":false},"featured_media":0,"comment_status":"open","ping_status":"open","template":"","meta":[],"product_cat":[1740,1741],"product_tag":[2237],"acf":[],"yoast_head":"<!-- This site is optimized with the Yoast SEO plugin v21.7 - https:\/\/yoast.com\/wordpress\/plugins\/seo\/ -->\n<title>[ Sharp Display ] &#129351; Pn-e439 Monitor Profesional Sharp 43\u0094 Uhd 3840 X 2160 16\/7, 350 Cd\/m2, 4000:1, 2 Hdmi, Usb-c Hdcp, Rj-45<\/title>\n<meta name=\"description\" content=\"Compra Pn-e439 Monitor Profesional Sharp 43\u0094 Uhd 3840 X 2160 16\/7, 350 Cd\/m2, 4000:1, 2 Hdmi, Usb-c Hdcp, Rj-45 + Env\u00edo a domicilio + Pago seguro + Garant\u00eda\" \/>\n<meta name=\"robots\" content=\"index, follow, max-snippet:-1, max-image-preview:large, max-video-preview:-1\" \/>\n<link rel=\"canonical\" href=\"https:\/\/compuviper.mx\/tienda\/producto\/sharp-display-pn-e439-monitor-profesional-sharp-43-uhd-3840-x-2160-16-7-350-cd-m2-40001-2-hdmi-usb-c-hdcp-rj-45\/\" \/>\n<meta property=\"og:locale\" content=\"es_MX\" \/>\n<meta property=\"og:type\" content=\"article\" \/>\n<meta property=\"og:title\" content=\"[ Sharp Display ] &#129351; Pn-e439 Monitor Profesional Sharp 43\u0094 Uhd 3840 X 2160 16\/7, 350 Cd\/m2, 4000:1, 2 Hdmi, Usb-c Hdcp, Rj-45\" \/>\n<meta property=\"og:description\" content=\"Compra Pn-e439 Monitor Profesional Sharp 43\u0094 Uhd 3840 X 2160 16\/7, 350 Cd\/m2, 4000:1, 2 Hdmi, Usb-c Hdcp, Rj-45 + Env\u00edo a domicilio + Pago seguro + Garant\u00eda\" \/>\n<meta property=\"og:url\" content=\"https:\/\/compuviper.mx\/tienda\/producto\/sharp-display-pn-e439-monitor-profesional-sharp-43-uhd-3840-x-2160-16-7-350-cd-m2-40001-2-hdmi-usb-c-hdcp-rj-45\/\" \/>\n<meta property=\"og:site_name\" content=\"Compuviper\" \/>\n<meta property=\"article:publisher\" content=\"https:\/\/www.facebook.com\/compuviper\" \/>\n<meta name=\"twitter:card\" content=\"summary_large_image\" \/>\n<meta name=\"twitter:label1\" content=\"Precio\" \/>\n\t<meta name=\"twitter:data1\" content=\"&#36;9,217 &#36;8,756 con IVA\" \/>\n\t<meta name=\"twitter:label2\" content=\"Availability\" \/>\n\t<meta name=\"twitter:data2\" content=\"Out of stock\" \/>\n<script type=\"application\/ld+json\" class=\"yoast-schema-graph\">{\"@context\":\"https:\/\/schema.org\",\"@graph\":[{\"@type\":\"WebPage\",\"@id\":\"https:\/\/compuviper.mx\/tienda\/producto\/sharp-display-pn-e439-monitor-profesional-sharp-43-uhd-3840-x-2160-16-7-350-cd-m2-40001-2-hdmi-usb-c-hdcp-rj-45\/\",\"url\":\"https:\/\/compuviper.mx\/tienda\/producto\/sharp-display-pn-e439-monitor-profesional-sharp-43-uhd-3840-x-2160-16-7-350-cd-m2-40001-2-hdmi-usb-c-hdcp-rj-45\/\",\"name\":\"[ Sharp Display ] &#129351; Pn-e439 Monitor Profesional Sharp 43\u0094 Uhd 3840 X 2160 16\/7, 350 Cd\/m2, 4000:1, 2 Hdmi, Usb-c Hdcp, Rj-45\",\"isPartOf\":{\"@id\":\"https:\/\/compuviper.mx\/tienda\/#website\"},\"datePublished\":\"2026-04-25T06:49:18+00:00\",\"dateModified\":\"2026-04-25T06:49:18+00:00\",\"description\":\"Compra Pn-e439 Monitor Profesional Sharp 43\u0094 Uhd 3840 X 2160 16\/7, 350 Cd\/m2, 4000:1, 2 Hdmi, Usb-c Hdcp, Rj-45 + Env\u00edo a domicilio + Pago seguro + Garant\u00eda\",\"breadcrumb\":{\"@id\":\"https:\/\/compuviper.mx\/tienda\/producto\/sharp-display-pn-e439-monitor-profesional-sharp-43-uhd-3840-x-2160-16-7-350-cd-m2-40001-2-hdmi-usb-c-hdcp-rj-45\/#breadcrumb\"},\"inLanguage\":\"es-MX\",\"potentialAction\":[{\"@type\":\"ReadAction\",\"target\":[\"https:\/\/compuviper.mx\/tienda\/producto\/sharp-display-pn-e439-monitor-profesional-sharp-43-uhd-3840-x-2160-16-7-350-cd-m2-40001-2-hdmi-usb-c-hdcp-rj-45\/\"]}]},{\"@type\":\"BreadcrumbList\",\"@id\":\"https:\/\/compuviper.mx\/tienda\/producto\/sharp-display-pn-e439-monitor-profesional-sharp-43-uhd-3840-x-2160-16-7-350-cd-m2-40001-2-hdmi-usb-c-hdcp-rj-45\/#breadcrumb\",\"itemListElement\":[{\"@type\":\"ListItem\",\"position\":1,\"name\":\"Inicio\",\"item\":\"https:\/\/compuviper.mx\/tienda\/\"},{\"@type\":\"ListItem\",\"position\":2,\"name\":\"Productos\",\"item\":\"https:\/\/compuviper.mx\/tienda\/productos\/\"},{\"@type\":\"ListItem\",\"position\":3,\"name\":\"Monitores\",\"item\":\"https:\/\/compuviper.mx\/tienda\/categoria-producto\/monitores\/\"},{\"@type\":\"ListItem\",\"position\":4,\"name\":\"Led\",\"item\":\"https:\/\/compuviper.mx\/tienda\/categoria-producto\/monitores\/led\/\"},{\"@type\":\"ListItem\",\"position\":5,\"name\":\"Sharp Display Pn-e439 Monitor Profesional Sharp 43? Uhd 3840 X 2160 16\/7, 350 Cd\/m2, 4000:1, 2 Hdmi, Usb-c Hdcp, Rj-45\"}]},{\"@type\":\"WebSite\",\"@id\":\"https:\/\/compuviper.mx\/tienda\/#website\",\"url\":\"https:\/\/compuviper.mx\/tienda\/\",\"name\":\"Compuviper\",\"description\":\"Proveedor de Computadoras, Laptops, Servidores, Monitores, Puntos de Venta, Teclados,   Impresoras, T\u00f3ner, C\u00e1maras de Seguridad y m\u00e1s en tu tienda en l\u00ednea\",\"publisher\":{\"@id\":\"https:\/\/compuviper.mx\/tienda\/#organization\"},\"potentialAction\":[{\"@type\":\"SearchAction\",\"target\":{\"@type\":\"EntryPoint\",\"urlTemplate\":\"https:\/\/compuviper.mx\/tienda\/?s={search_term_string}\"},\"query-input\":\"required name=search_term_string\"}],\"inLanguage\":\"es-MX\"},{\"@type\":\"Organization\",\"@id\":\"https:\/\/compuviper.mx\/tienda\/#organization\",\"name\":\"Compuviper\",\"url\":\"https:\/\/compuviper.mx\/tienda\/\",\"logo\":{\"@type\":\"ImageObject\",\"inLanguage\":\"es-MX\",\"@id\":\"https:\/\/compuviper.mx\/tienda\/#\/schema\/logo\/image\/\",\"url\":\"https:\/\/compuviper.mx\/tienda\/wp-content\/uploads\/2021\/08\/Logo-Compuviper-10.png\",\"contentUrl\":\"https:\/\/compuviper.mx\/tienda\/wp-content\/uploads\/2021\/08\/Logo-Compuviper-10.png\",\"width\":1000,\"height\":500,\"caption\":\"Compuviper\"},\"image\":{\"@id\":\"https:\/\/compuviper.mx\/tienda\/#\/schema\/logo\/image\/\"},\"sameAs\":[\"https:\/\/www.facebook.com\/compuviper\",\"https:\/\/www.youtube.com\/channel\/UCf73dERp9Y3cfOq7q8BhLjA?view_as=subscriber\"]}]}<\/script>\n<meta property=\"product:brand\" content=\"Sharp Display\" \/>\n<meta property=\"product:price:amount\" content=\"8756\" \/>\n<meta property=\"product:price:currency\" content=\"MXN\" \/>\n<meta property=\"og:availability\" content=\"out of stock\" \/>\n<meta property=\"product:availability\" content=\"out of stock\" \/>\n<meta property=\"product:retailer_item_id\" content=\"PN-E439\" \/>\n<meta property=\"product:condition\" content=\"new\" \/>\n<!-- \/ Yoast SEO plugin. -->","yoast_head_json":{"title":"[ Sharp Display ] &#129351; Pn-e439 Monitor Profesional Sharp 43\u0094 Uhd 3840 X 2160 16\/7, 350 Cd\/m2, 4000:1, 2 Hdmi, Usb-c Hdcp, Rj-45","description":"Compra Pn-e439 Monitor Profesional Sharp 43\u0094 Uhd 3840 X 2160 16\/7, 350 Cd\/m2, 4000:1, 2 Hdmi, Usb-c Hdcp, Rj-45 + Env\u00edo a domicilio + Pago seguro + Garant\u00eda","robots":{"index":"index","follow":"follow","max-snippet":"max-snippet:-1","max-image-preview":"max-image-preview:large","max-video-preview":"max-video-preview:-1"},"canonical":"https:\/\/compuviper.mx\/tienda\/producto\/sharp-display-pn-e439-monitor-profesional-sharp-43-uhd-3840-x-2160-16-7-350-cd-m2-40001-2-hdmi-usb-c-hdcp-rj-45\/","og_locale":"es_MX","og_type":"article","og_title":"[ Sharp Display ] &#129351; Pn-e439 Monitor Profesional Sharp 43\u0094 Uhd 3840 X 2160 16\/7, 350 Cd\/m2, 4000:1, 2 Hdmi, Usb-c Hdcp, Rj-45","og_description":"Compra Pn-e439 Monitor Profesional Sharp 43\u0094 Uhd 3840 X 2160 16\/7, 350 Cd\/m2, 4000:1, 2 Hdmi, Usb-c Hdcp, Rj-45 + Env\u00edo a domicilio + Pago seguro + Garant\u00eda","og_url":"https:\/\/compuviper.mx\/tienda\/producto\/sharp-display-pn-e439-monitor-profesional-sharp-43-uhd-3840-x-2160-16-7-350-cd-m2-40001-2-hdmi-usb-c-hdcp-rj-45\/","og_site_name":"Compuviper","article_publisher":"https:\/\/www.facebook.com\/compuviper","twitter_card":"summary_large_image","twitter_misc":{"Precio":"&#36;9,217 &#36;8,756 con IVA","Availability":"Out of stock"},"schema":{"@context":"https:\/\/schema.org","@graph":[{"@type":"WebPage","@id":"https:\/\/compuviper.mx\/tienda\/producto\/sharp-display-pn-e439-monitor-profesional-sharp-43-uhd-3840-x-2160-16-7-350-cd-m2-40001-2-hdmi-usb-c-hdcp-rj-45\/","url":"https:\/\/compuviper.mx\/tienda\/producto\/sharp-display-pn-e439-monitor-profesional-sharp-43-uhd-3840-x-2160-16-7-350-cd-m2-40001-2-hdmi-usb-c-hdcp-rj-45\/","name":"[ Sharp Display ] &#129351; Pn-e439 Monitor Profesional Sharp 43\u0094 Uhd 3840 X 2160 16\/7, 350 Cd\/m2, 4000:1, 2 Hdmi, Usb-c Hdcp, Rj-45","isPartOf":{"@id":"https:\/\/compuviper.mx\/tienda\/#website"},"datePublished":"2026-04-25T06:49:18+00:00","dateModified":"2026-04-25T06:49:18+00:00","description":"Compra Pn-e439 Monitor Profesional Sharp 43\u0094 Uhd 3840 X 2160 16\/7, 350 Cd\/m2, 4000:1, 2 Hdmi, Usb-c Hdcp, Rj-45 + Env\u00edo a domicilio + Pago seguro + Garant\u00eda","breadcrumb":{"@id":"https:\/\/compuviper.mx\/tienda\/producto\/sharp-display-pn-e439-monitor-profesional-sharp-43-uhd-3840-x-2160-16-7-350-cd-m2-40001-2-hdmi-usb-c-hdcp-rj-45\/#breadcrumb"},"inLanguage":"es-MX","potentialAction":[{"@type":"ReadAction","target":["https:\/\/compuviper.mx\/tienda\/producto\/sharp-display-pn-e439-monitor-profesional-sharp-43-uhd-3840-x-2160-16-7-350-cd-m2-40001-2-hdmi-usb-c-hdcp-rj-45\/"]}]},{"@type":"BreadcrumbList","@id":"https:\/\/compuviper.mx\/tienda\/producto\/sharp-display-pn-e439-monitor-profesional-sharp-43-uhd-3840-x-2160-16-7-350-cd-m2-40001-2-hdmi-usb-c-hdcp-rj-45\/#breadcrumb","itemListElement":[{"@type":"ListItem","position":1,"name":"Inicio","item":"https:\/\/compuviper.mx\/tienda\/"},{"@type":"ListItem","position":2,"name":"Productos","item":"https:\/\/compuviper.mx\/tienda\/productos\/"},{"@type":"ListItem","position":3,"name":"Monitores","item":"https:\/\/compuviper.mx\/tienda\/categoria-producto\/monitores\/"},{"@type":"ListItem","position":4,"name":"Led","item":"https:\/\/compuviper.mx\/tienda\/categoria-producto\/monitores\/led\/"},{"@type":"ListItem","position":5,"name":"Sharp Display Pn-e439 Monitor Profesional Sharp 43? Uhd 3840 X 2160 16\/7, 350 Cd\/m2, 4000:1, 2 Hdmi, Usb-c Hdcp, Rj-45"}]},{"@type":"WebSite","@id":"https:\/\/compuviper.mx\/tienda\/#website","url":"https:\/\/compuviper.mx\/tienda\/","name":"Compuviper","description":"Proveedor de Computadoras, Laptops, Servidores, Monitores, Puntos de Venta, Teclados,   Impresoras, T\u00f3ner, C\u00e1maras de Seguridad y m\u00e1s en tu tienda en l\u00ednea","publisher":{"@id":"https:\/\/compuviper.mx\/tienda\/#organization"},"potentialAction":[{"@type":"SearchAction","target":{"@type":"EntryPoint","urlTemplate":"https:\/\/compuviper.mx\/tienda\/?s={search_term_string}"},"query-input":"required name=search_term_string"}],"inLanguage":"es-MX"},{"@type":"Organization","@id":"https:\/\/compuviper.mx\/tienda\/#organization","name":"Compuviper","url":"https:\/\/compuviper.mx\/tienda\/","logo":{"@type":"ImageObject","inLanguage":"es-MX","@id":"https:\/\/compuviper.mx\/tienda\/#\/schema\/logo\/image\/","url":"https:\/\/compuviper.mx\/tienda\/wp-content\/uploads\/2021\/08\/Logo-Compuviper-10.png","contentUrl":"https:\/\/compuviper.mx\/tienda\/wp-content\/uploads\/2021\/08\/Logo-Compuviper-10.png","width":1000,"height":500,"caption":"Compuviper"},"image":{"@id":"https:\/\/compuviper.mx\/tienda\/#\/schema\/logo\/image\/"},"sameAs":["https:\/\/www.facebook.com\/compuviper","https:\/\/www.youtube.com\/channel\/UCf73dERp9Y3cfOq7q8BhLjA?view_as=subscriber"]}]},"product_brand":"Sharp Display","product_price_amount":"8756","product_price_currency":"MXN","og_availability":"out of stock","product_availability":"out of stock","product_retailer_item_id":"PN-E439","product_condition":"new"},"_links":{"self":[{"href":"https:\/\/compuviper.mx\/tienda\/wp-json\/wp\/v2\/product\/265936"}],"collection":[{"href":"https:\/\/compuviper.mx\/tienda\/wp-json\/wp\/v2\/product"}],"about":[{"href":"https:\/\/compuviper.mx\/tienda\/wp-json\/wp\/v2\/types\/product"}],"replies":[{"embeddable":true,"href":"https:\/\/compuviper.mx\/tienda\/wp-json\/wp\/v2\/comments?post=265936"}],"wp:attachment":[{"href":"https:\/\/compuviper.mx\/tienda\/wp-json\/wp\/v2\/media?parent=265936"}],"wp:term":[{"taxonomy":"product_cat","embeddable":true,"href":"https:\/\/compuviper.mx\/tienda\/wp-json\/wp\/v2\/product_cat?post=265936"},{"taxonomy":"product_tag","embeddable":true,"href":"https:\/\/compuviper.mx\/tienda\/wp-json\/wp\/v2\/product_tag?post=265936"}],"curies":[{"name":"wp","href":"https:\/\/api.w.org\/{rel}","templated":true}]}}