{"id":265931,"date":"2026-04-21T00:56:25","date_gmt":"2026-04-21T06:56:25","guid":{"rendered":"https:\/\/compuviper.mx\/tienda\/producto\/asus-oem-prime-a520m-k192876826928-mb-asus-a520-amd-s-am4-5a-gen-2x-ddr4-2800-hdmi-vga-m-2-4x-usb3-2-micro-atx-gama-basica\/"},"modified":"2026-04-21T00:56:25","modified_gmt":"2026-04-21T06:56:25","slug":"asus-oem-prime-a520m-k192876826928-mb-asus-a520-amd-s-am4-5a-gen-2x-ddr4-2800-hdmi-vga-m-2-4x-usb3-2-micro-atx-gama-basica","status":"publish","type":"product","link":"https:\/\/compuviper.mx\/tienda\/producto\/asus-oem-prime-a520m-k192876826928-mb-asus-a520-amd-s-am4-5a-gen-2x-ddr4-2800-hdmi-vga-m-2-4x-usb3-2-micro-atx-gama-basica\/","title":{"rendered":"Asus Oem Prime A520m-k,192876826928 Mb Asus A520 Amd S-am4 5a Gen\/2x Ddr4 2800\/hdmi\/vga\/m.2\/4x Usb3.2\/micro Atx\/gama Basica"},"content":{"rendered":"<table class=\"descripcion\">\n<tr>\n<td>Cpu<\/td>\n<\/tr>\n<tr>\n<td>Build in amd am4 socket processors *<\/td>\n<\/tr>\n<tr>\n<td>* refer to www.asus.com for cpu support list<\/td>\n<\/tr>\n<tr>\n<td>Chipset<\/td>\n<\/tr>\n<tr>\n<td>Amd a520<\/td>\n<\/tr>\n<tr>\n<td>Memoria<\/td>\n<\/tr>\n<tr>\n<td>2 x dimm, max. 64gb, ddr4 4600(o.c)\/4400(o.c)\/4000(o.c.)\/3866(o.c.)\/3733(o.c.)\/3600(o.c.)\/3466(o.c.)\/3333(o.c.)\/3200\/3000\/2800\/2666\/2400\/2133 mhz un-buffered memory *<\/td>\n<\/tr>\n<tr>\n<td>Dual channel memory architecture<\/td>\n<\/tr>\n<tr>\n<td>Ecc memory (ecc mode) support varies by cpu.<\/td>\n<\/tr>\n<tr>\n<td>* refer to www.asus.com for the memory qvl (qualified vendors lists).<\/td>\n<\/tr>\n<tr>\n<td>* the maximum memory frequency supported varies by processor.<\/td>\n<\/tr>\n<tr>\n<td>Gr\u00e1fica<\/td>\n<\/tr>\n<tr>\n<td>1 x d-sub<\/td>\n<\/tr>\n<tr>\n<td>1 x hdmi 2.1(4k@60hz)<\/td>\n<\/tr>\n<tr>\n<td>Puertos de expansi\u00f3n<\/td>\n<\/tr>\n<tr>\n<td>3rd gen amd ryzen\u0099 and 3rd gen amd ryzen\u0099 with radeon\u0099 graphics processors<\/td>\n<\/tr>\n<tr>\n<td>1 x pcie 3.0 x16 (x16 mode)<\/td>\n<\/tr>\n<tr>\n<td>Amd a520 chipset<\/td>\n<\/tr>\n<tr>\n<td>2 x pcie 3.0 x1<\/td>\n<\/tr>\n<tr>\n<td>Almacenamiento<\/td>\n<\/tr>\n<tr>\n<td>Total supports 1 x m.2 slot(s) and 4 x sata 6gb\/s ports<\/td>\n<\/tr>\n<tr>\n<td>3rd gen amd ryzen\u0099 and 3rd gen amd ryzen\u0099 with radeon\u0099 graphics processors :<\/td>\n<\/tr>\n<tr>\n<td>1 x m.2 socket 3, with m key, type 2242\/2260\/2280 (pcie 3.0 x4 and sata modes) storage devices support<\/td>\n<\/tr>\n<tr>\n<td>Amd a520 chipset :<\/td>\n<\/tr>\n<tr>\n<td>4 x sata 6gb\/s port(s),<\/td>\n<\/tr>\n<tr>\n<td>Support raid 0, 1, 10<\/td>\n<\/tr>\n<tr>\n<td>Lan<\/td>\n<\/tr>\n<tr>\n<td>Realtek rtl8111h 1gb ethernet<\/td>\n<\/tr>\n<tr>\n<td>Asus languard<\/td>\n<\/tr>\n<tr>\n<td>Audio<\/td>\n<\/tr>\n<tr>\n<td>Realtek alc887 7.1 surround sound high definition audio codec *<\/td>\n<\/tr>\n<tr>\n<td>&#8211; supports : jack-detection, multi-streaming, front panel jack-retasking, up to 24-bit\/192khz playback<\/td>\n<\/tr>\n<tr>\n<td>Audio feature :<\/td>\n<\/tr>\n<tr>\n<td>&#8211; audio shielding<\/td>\n<\/tr>\n<tr>\n<td>&#8211; dedicated audio pcb layers<\/td>\n<\/tr>\n<tr>\n<td>* choose the chassis with hd audio module in front panel to support 8-channel audio output.<\/td>\n<\/tr>\n<tr>\n<td>Puertos usb<\/td>\n<\/tr>\n<tr>\n<td>Rear usb port ( total 6 )<\/td>\n<\/tr>\n<tr>\n<td>4 x usb 3.2 gen 1 port(s)(4 x type-a)<\/td>\n<\/tr>\n<tr>\n<td>2 x usb 2.0 port(s)(2 x type-a)<\/td>\n<\/tr>\n<tr>\n<td>Front usb port ( total 6 )<\/td>\n<\/tr>\n<tr>\n<td>2 x usb 3.2 gen 1 port(s)(2 x type-a)<\/td>\n<\/tr>\n<tr>\n<td>4 x usb 2.0 port(s)(4 x type-a)<\/td>\n<\/tr>\n<tr>\n<td>Software features<\/td>\n<\/tr>\n<tr>\n<td>Asus exclusive software<\/td>\n<\/tr>\n<tr>\n<td>Armoury crate<\/td>\n<\/tr>\n<tr>\n<td>Ai suite 3<\/td>\n<\/tr>\n<tr>\n<td>&#8211; performance and power saving utility<\/td>\n<\/tr>\n<tr>\n<td>Turbov evo<\/td>\n<\/tr>\n<tr>\n<td>Epu<\/td>\n<\/tr>\n<tr>\n<td>Digi+ vrm<\/td>\n<\/tr>\n<tr>\n<td>Fan xpert<\/td>\n<\/tr>\n<tr>\n<td>&#8211; ez update<\/td>\n<\/tr>\n<tr>\n<td>Asus cpu-z<\/td>\n<\/tr>\n<tr>\n<td>Ai charger<\/td>\n<\/tr>\n<tr>\n<td>Daemon tools<\/td>\n<\/tr>\n<tr>\n<td>Norton anti-virus software (free trial for 60 days)<\/td>\n<\/tr>\n<tr>\n<td>Winrar<\/td>\n<\/tr>\n<tr>\n<td>Uefi bios<\/td>\n<\/tr>\n<tr>\n<td>Asus ez diy<\/td>\n<\/tr>\n<tr>\n<td>&#8211; asus crashfree bios 3<\/td>\n<\/tr>\n<tr>\n<td>&#8211; asus ez flash 3<\/td>\n<\/tr>\n<tr>\n<td>&#8211; asus uefi bios ez mode<\/td>\n<\/tr>\n<tr>\n<td>Asus special features<\/td>\n<\/tr>\n<tr>\n<td>Asus 5x protection iii<\/td>\n<\/tr>\n<tr>\n<td>&#8211; asus digi+ vrm<\/td>\n<\/tr>\n<tr>\n<td>&#8211; asus languard<\/td>\n<\/tr>\n<tr>\n<td>&#8211; asus overvoltage protection<\/td>\n<\/tr>\n<tr>\n<td>&#8211; asus safeslot core<\/td>\n<\/tr>\n<tr>\n<td>&#8211; asus stainless-steel back i\/o<\/td>\n<\/tr>\n<tr>\n<td>Asus q-design<\/td>\n<\/tr>\n<tr>\n<td>&#8211; asus q-dimm<\/td>\n<\/tr>\n<tr>\n<td>&#8211; asus q-slot<\/td>\n<\/tr>\n<tr>\n<td>Asus thermal solution<\/td>\n<\/tr>\n<tr>\n<td>&#8211; aluminum heatsink design<\/td>\n<\/tr>\n<tr>\n<td>Puertos posteriores i\/o<\/td>\n<\/tr>\n<tr>\n<td>1 x ps\/2 keyboard\/mouse combo port(s)<\/td>\n<\/tr>\n<tr>\n<td>1 x d-sub<\/td>\n<\/tr>\n<tr>\n<td>1 x hdmi<\/td>\n<\/tr>\n<tr>\n<td>1 x lan (rj45) port(s)<\/td>\n<\/tr>\n<tr>\n<td>4 x usb 3.2 gen 1 (blue) type-a<\/td>\n<\/tr>\n<tr>\n<td>2 x usb 2.0<\/td>\n<\/tr>\n<tr>\n<td>3 x audio jack(s)<\/td>\n<\/tr>\n<tr>\n<td>Internal i\/o<\/td>\n<\/tr>\n<tr>\n<td>1 x cpu fan connector(s)<\/td>\n<\/tr>\n<tr>\n<td>1 x chassis fan connector(s)<\/td>\n<\/tr>\n<tr>\n<td>1 x usb 3.2 gen 1(up to 5gbps) connector(s) support(s) additional 2 usb 3.2 gen 1 port(s)<\/td>\n<\/tr>\n<tr>\n<td>2 x usb 2.0 connector(s) support(s) additional 4 usb 2.0 port(s)<\/td>\n<\/tr>\n<tr>\n<td>1 x m.2 socket 3 with m key, type 2242\/2260\/2280 storage devices support (sata  and  pcie 3.0 x 4 mode)<\/td>\n<\/tr>\n<tr>\n<td>1 x spi tpm header<\/td>\n<\/tr>\n<tr>\n<td>4 x sata 6gb\/s connector(s)<\/td>\n<\/tr>\n<tr>\n<td>1 x s\/pdif out header(s)<\/td>\n<\/tr>\n<tr>\n<td>1 x 24-pin eatx power connector(s)<\/td>\n<\/tr>\n<tr>\n<td>1 x 8-pin eatx 12v power connectors<\/td>\n<\/tr>\n<tr>\n<td>1 x front panel audio connector(s) (aafp)<\/td>\n<\/tr>\n<tr>\n<td>1 x clear cmos jumper(s)<\/td>\n<\/tr>\n<tr>\n<td>1 x system panel connector<\/td>\n<\/tr>\n<tr>\n<td>1 x com port header<\/td>\n<\/tr>\n<tr>\n<td>1 x speaker connector<\/td>\n<\/tr>\n<tr>\n<td>Accesorios<\/td>\n<\/tr>\n<tr>\n<td>Users manual<\/td>\n<\/tr>\n<tr>\n<td>I\/o shield<\/td>\n<\/tr>\n<tr>\n<td>2 x sata 6gb\/s cable(s)<\/td>\n<\/tr>\n<tr>\n<td>1 x supporting dvd<\/td>\n<\/tr>\n<tr>\n<td>1 x m.2 ssd screw package(s)<\/td>\n<\/tr>\n<tr>\n<td>Bios<\/td>\n<\/tr>\n<tr>\n<td>256 mb flash rom, uefi ami bios<\/td>\n<\/tr>\n<tr>\n<td>Manejo<\/td>\n<\/tr>\n<tr>\n<td>Wol by pme, pxe<\/td>\n<\/tr>\n<tr>\n<td>Sistema operativo<\/td>\n<\/tr>\n<tr>\n<td>Windows\u00ae 10 64-bit<\/td>\n<\/tr>\n<tr>\n<td>Form factor<\/td>\n<\/tr>\n<tr>\n<td>Matx form factor<\/td>\n<\/tr>\n<tr>\n<td>8.9 inch x 8.7 inch ( 22.6 cm x 22.1 cm )<\/td>\n<\/tr>\n<\/table>\n","protected":false},"excerpt":{"rendered":"<p>Tarjeta madre micro atx amd a520 (ryzen am4) con soporte m.2, ethernet de 1 gb, hdmi \/ d-sub, sata 6 gbps, usb 3.2 gen 1 tipo a. Socket amd am4: listo para amd ryzen\u0099 de tercera generaci\u00f3n y amd ryzen\u0099 de tercera generaci\u00f3n con procesadores gr\u00e1ficos radeon\u0099. Refrigeraci\u00f3n completa: disipador de chipset y fan xpert. Conectividad ultrarr\u00e1pida: compatibilidad con m.2, ethernet de 1 gb, usb 3.2 gen 2 tipo a. 5x protection iii: m\u00faltiples protecciones de hardware para la protecci\u00f3n integral del sistema.<\/p>\n","protected":false},"featured_media":265932,"comment_status":"open","ping_status":"open","template":"","meta":[],"product_cat":[1734,1727],"product_tag":[2096],"acf":[],"yoast_head":"<!-- This site is optimized with the Yoast SEO plugin v21.7 - https:\/\/yoast.com\/wordpress\/plugins\/seo\/ -->\n<title>[ Asus Oem ] &#129351; Prime A520m-k,192876826928 Mb Asus A520 Amd S-am4 5a Gen\/2x Ddr4 2800\/hdmi\/vga\/m.2\/4x Usb3.2\/micro Atx\/gama Basica<\/title>\n<meta name=\"description\" content=\"Compra Prime A520m-k,192876826928 Mb Asus A520 Amd S-am4 5a Gen\/2x Ddr4 2800\/hdmi\/vga\/m.2\/4x Usb3.2\/micro Atx\/gama Basica + Env\u00edo a domicilio + Pago seguro + Garant\u00eda\" \/>\n<meta name=\"robots\" content=\"index, follow, max-snippet:-1, max-image-preview:large, max-video-preview:-1\" \/>\n<link rel=\"canonical\" href=\"https:\/\/compuviper.mx\/tienda\/producto\/asus-oem-prime-a520m-k192876826928-mb-asus-a520-amd-s-am4-5a-gen-2x-ddr4-2800-hdmi-vga-m-2-4x-usb3-2-micro-atx-gama-basica\/\" \/>\n<meta property=\"og:locale\" content=\"es_MX\" \/>\n<meta property=\"og:type\" content=\"article\" \/>\n<meta property=\"og:title\" content=\"[ Asus Oem ] &#129351; Prime A520m-k,192876826928 Mb Asus A520 Amd S-am4 5a Gen\/2x Ddr4 2800\/hdmi\/vga\/m.2\/4x Usb3.2\/micro Atx\/gama Basica\" \/>\n<meta property=\"og:description\" content=\"Compra Prime A520m-k,192876826928 Mb Asus A520 Amd S-am4 5a Gen\/2x Ddr4 2800\/hdmi\/vga\/m.2\/4x Usb3.2\/micro Atx\/gama Basica + Env\u00edo a domicilio + Pago seguro + Garant\u00eda\" \/>\n<meta property=\"og:url\" content=\"https:\/\/compuviper.mx\/tienda\/producto\/asus-oem-prime-a520m-k192876826928-mb-asus-a520-amd-s-am4-5a-gen-2x-ddr4-2800-hdmi-vga-m-2-4x-usb3-2-micro-atx-gama-basica\/\" \/>\n<meta property=\"og:site_name\" content=\"Compuviper\" \/>\n<meta property=\"article:publisher\" content=\"https:\/\/www.facebook.com\/compuviper\" \/>\n<meta property=\"og:image\" content=\"https:\/\/compuviper.mx\/tienda\/wp-content\/uploads\/2026\/01\/Mb-asus-a520-amd-s-am4-5a-gen2x-ddr4-2800hdmivgam.24x-usb3.2micro-atxgama-basica.jpg\" \/>\n\t<meta property=\"og:image:width\" content=\"200\" \/>\n\t<meta property=\"og:image:height\" content=\"200\" \/>\n\t<meta property=\"og:image:type\" content=\"image\/jpeg\" \/>\n<meta name=\"twitter:card\" content=\"summary_large_image\" \/>\n<meta name=\"twitter:label1\" content=\"Precio\" \/>\n\t<meta name=\"twitter:data1\" content=\"&#36;931 con IVA\" \/>\n\t<meta name=\"twitter:label2\" content=\"Availability\" \/>\n\t<meta name=\"twitter:data2\" content=\"Out of stock\" \/>\n<script type=\"application\/ld+json\" class=\"yoast-schema-graph\">{\"@context\":\"https:\/\/schema.org\",\"@graph\":[{\"@type\":\"WebPage\",\"@id\":\"https:\/\/compuviper.mx\/tienda\/producto\/asus-oem-prime-a520m-k192876826928-mb-asus-a520-amd-s-am4-5a-gen-2x-ddr4-2800-hdmi-vga-m-2-4x-usb3-2-micro-atx-gama-basica\/\",\"url\":\"https:\/\/compuviper.mx\/tienda\/producto\/asus-oem-prime-a520m-k192876826928-mb-asus-a520-amd-s-am4-5a-gen-2x-ddr4-2800-hdmi-vga-m-2-4x-usb3-2-micro-atx-gama-basica\/\",\"name\":\"[ Asus Oem ] &#129351; Prime A520m-k,192876826928 Mb Asus A520 Amd S-am4 5a Gen\/2x Ddr4 2800\/hdmi\/vga\/m.2\/4x Usb3.2\/micro Atx\/gama Basica\",\"isPartOf\":{\"@id\":\"https:\/\/compuviper.mx\/tienda\/#website\"},\"datePublished\":\"2026-04-21T06:56:25+00:00\",\"dateModified\":\"2026-04-21T06:56:25+00:00\",\"description\":\"Compra Prime A520m-k,192876826928 Mb Asus A520 Amd S-am4 5a Gen\/2x Ddr4 2800\/hdmi\/vga\/m.2\/4x Usb3.2\/micro Atx\/gama Basica + Env\u00edo a domicilio + Pago seguro + Garant\u00eda\",\"breadcrumb\":{\"@id\":\"https:\/\/compuviper.mx\/tienda\/producto\/asus-oem-prime-a520m-k192876826928-mb-asus-a520-amd-s-am4-5a-gen-2x-ddr4-2800-hdmi-vga-m-2-4x-usb3-2-micro-atx-gama-basica\/#breadcrumb\"},\"inLanguage\":\"es-MX\",\"potentialAction\":[{\"@type\":\"ReadAction\",\"target\":[\"https:\/\/compuviper.mx\/tienda\/producto\/asus-oem-prime-a520m-k192876826928-mb-asus-a520-amd-s-am4-5a-gen-2x-ddr4-2800-hdmi-vga-m-2-4x-usb3-2-micro-atx-gama-basica\/\"]}]},{\"@type\":\"BreadcrumbList\",\"@id\":\"https:\/\/compuviper.mx\/tienda\/producto\/asus-oem-prime-a520m-k192876826928-mb-asus-a520-amd-s-am4-5a-gen-2x-ddr4-2800-hdmi-vga-m-2-4x-usb3-2-micro-atx-gama-basica\/#breadcrumb\",\"itemListElement\":[{\"@type\":\"ListItem\",\"position\":1,\"name\":\"Inicio\",\"item\":\"https:\/\/compuviper.mx\/tienda\/\"},{\"@type\":\"ListItem\",\"position\":2,\"name\":\"Productos\",\"item\":\"https:\/\/compuviper.mx\/tienda\/productos\/\"},{\"@type\":\"ListItem\",\"position\":3,\"name\":\"Tarjeta Madre\",\"item\":\"https:\/\/compuviper.mx\/tienda\/categoria-producto\/tarjeta-madre\/\"},{\"@type\":\"ListItem\",\"position\":4,\"name\":\"Socket Am4\",\"item\":\"https:\/\/compuviper.mx\/tienda\/categoria-producto\/tarjeta-madre\/socket-am4\/\"},{\"@type\":\"ListItem\",\"position\":5,\"name\":\"Asus Oem Prime A520m-k,192876826928 Mb Asus A520 Amd S-am4 5a Gen\/2x Ddr4 2800\/hdmi\/vga\/m.2\/4x Usb3.2\/micro Atx\/gama Basica\"}]},{\"@type\":\"WebSite\",\"@id\":\"https:\/\/compuviper.mx\/tienda\/#website\",\"url\":\"https:\/\/compuviper.mx\/tienda\/\",\"name\":\"Compuviper\",\"description\":\"Proveedor de Computadoras, Laptops, Servidores, Monitores, Puntos de Venta, Teclados,   Impresoras, T\u00f3ner, C\u00e1maras de Seguridad y m\u00e1s en tu tienda en l\u00ednea\",\"publisher\":{\"@id\":\"https:\/\/compuviper.mx\/tienda\/#organization\"},\"potentialAction\":[{\"@type\":\"SearchAction\",\"target\":{\"@type\":\"EntryPoint\",\"urlTemplate\":\"https:\/\/compuviper.mx\/tienda\/?s={search_term_string}\"},\"query-input\":\"required name=search_term_string\"}],\"inLanguage\":\"es-MX\"},{\"@type\":\"Organization\",\"@id\":\"https:\/\/compuviper.mx\/tienda\/#organization\",\"name\":\"Compuviper\",\"url\":\"https:\/\/compuviper.mx\/tienda\/\",\"logo\":{\"@type\":\"ImageObject\",\"inLanguage\":\"es-MX\",\"@id\":\"https:\/\/compuviper.mx\/tienda\/#\/schema\/logo\/image\/\",\"url\":\"https:\/\/compuviper.mx\/tienda\/wp-content\/uploads\/2021\/08\/Logo-Compuviper-10.png\",\"contentUrl\":\"https:\/\/compuviper.mx\/tienda\/wp-content\/uploads\/2021\/08\/Logo-Compuviper-10.png\",\"width\":1000,\"height\":500,\"caption\":\"Compuviper\"},\"image\":{\"@id\":\"https:\/\/compuviper.mx\/tienda\/#\/schema\/logo\/image\/\"},\"sameAs\":[\"https:\/\/www.facebook.com\/compuviper\",\"https:\/\/www.youtube.com\/channel\/UCf73dERp9Y3cfOq7q8BhLjA?view_as=subscriber\"]}]}<\/script>\n<meta property=\"product:brand\" content=\"Asus Oem\" \/>\n<meta property=\"product:price:amount\" content=\"931\" \/>\n<meta property=\"product:price:currency\" content=\"MXN\" \/>\n<meta property=\"og:availability\" content=\"out of stock\" \/>\n<meta property=\"product:availability\" content=\"out of stock\" \/>\n<meta property=\"product:retailer_item_id\" content=\"PRIME A520M-K,192876826928\" \/>\n<meta property=\"product:condition\" content=\"new\" \/>\n<!-- \/ Yoast SEO plugin. -->","yoast_head_json":{"title":"[ Asus Oem ] &#129351; Prime A520m-k,192876826928 Mb Asus A520 Amd S-am4 5a Gen\/2x Ddr4 2800\/hdmi\/vga\/m.2\/4x Usb3.2\/micro Atx\/gama Basica","description":"Compra Prime A520m-k,192876826928 Mb Asus A520 Amd S-am4 5a Gen\/2x Ddr4 2800\/hdmi\/vga\/m.2\/4x Usb3.2\/micro Atx\/gama Basica + Env\u00edo a domicilio + Pago seguro + Garant\u00eda","robots":{"index":"index","follow":"follow","max-snippet":"max-snippet:-1","max-image-preview":"max-image-preview:large","max-video-preview":"max-video-preview:-1"},"canonical":"https:\/\/compuviper.mx\/tienda\/producto\/asus-oem-prime-a520m-k192876826928-mb-asus-a520-amd-s-am4-5a-gen-2x-ddr4-2800-hdmi-vga-m-2-4x-usb3-2-micro-atx-gama-basica\/","og_locale":"es_MX","og_type":"article","og_title":"[ Asus Oem ] &#129351; Prime A520m-k,192876826928 Mb Asus A520 Amd S-am4 5a Gen\/2x Ddr4 2800\/hdmi\/vga\/m.2\/4x Usb3.2\/micro Atx\/gama Basica","og_description":"Compra Prime A520m-k,192876826928 Mb Asus A520 Amd S-am4 5a Gen\/2x Ddr4 2800\/hdmi\/vga\/m.2\/4x Usb3.2\/micro Atx\/gama Basica + Env\u00edo a domicilio + Pago seguro + Garant\u00eda","og_url":"https:\/\/compuviper.mx\/tienda\/producto\/asus-oem-prime-a520m-k192876826928-mb-asus-a520-amd-s-am4-5a-gen-2x-ddr4-2800-hdmi-vga-m-2-4x-usb3-2-micro-atx-gama-basica\/","og_site_name":"Compuviper","article_publisher":"https:\/\/www.facebook.com\/compuviper","og_image":[{"width":200,"height":200,"url":"https:\/\/compuviper.mx\/tienda\/wp-content\/uploads\/2026\/01\/Mb-asus-a520-amd-s-am4-5a-gen2x-ddr4-2800hdmivgam.24x-usb3.2micro-atxgama-basica.jpg","type":"image\/jpeg"}],"twitter_card":"summary_large_image","twitter_misc":{"Precio":"&#36;931 con IVA","Availability":"Out of stock"},"schema":{"@context":"https:\/\/schema.org","@graph":[{"@type":"WebPage","@id":"https:\/\/compuviper.mx\/tienda\/producto\/asus-oem-prime-a520m-k192876826928-mb-asus-a520-amd-s-am4-5a-gen-2x-ddr4-2800-hdmi-vga-m-2-4x-usb3-2-micro-atx-gama-basica\/","url":"https:\/\/compuviper.mx\/tienda\/producto\/asus-oem-prime-a520m-k192876826928-mb-asus-a520-amd-s-am4-5a-gen-2x-ddr4-2800-hdmi-vga-m-2-4x-usb3-2-micro-atx-gama-basica\/","name":"[ Asus Oem ] &#129351; Prime A520m-k,192876826928 Mb Asus A520 Amd S-am4 5a Gen\/2x Ddr4 2800\/hdmi\/vga\/m.2\/4x Usb3.2\/micro Atx\/gama Basica","isPartOf":{"@id":"https:\/\/compuviper.mx\/tienda\/#website"},"datePublished":"2026-04-21T06:56:25+00:00","dateModified":"2026-04-21T06:56:25+00:00","description":"Compra Prime A520m-k,192876826928 Mb Asus A520 Amd S-am4 5a Gen\/2x Ddr4 2800\/hdmi\/vga\/m.2\/4x Usb3.2\/micro Atx\/gama Basica + Env\u00edo a domicilio + Pago seguro + Garant\u00eda","breadcrumb":{"@id":"https:\/\/compuviper.mx\/tienda\/producto\/asus-oem-prime-a520m-k192876826928-mb-asus-a520-amd-s-am4-5a-gen-2x-ddr4-2800-hdmi-vga-m-2-4x-usb3-2-micro-atx-gama-basica\/#breadcrumb"},"inLanguage":"es-MX","potentialAction":[{"@type":"ReadAction","target":["https:\/\/compuviper.mx\/tienda\/producto\/asus-oem-prime-a520m-k192876826928-mb-asus-a520-amd-s-am4-5a-gen-2x-ddr4-2800-hdmi-vga-m-2-4x-usb3-2-micro-atx-gama-basica\/"]}]},{"@type":"BreadcrumbList","@id":"https:\/\/compuviper.mx\/tienda\/producto\/asus-oem-prime-a520m-k192876826928-mb-asus-a520-amd-s-am4-5a-gen-2x-ddr4-2800-hdmi-vga-m-2-4x-usb3-2-micro-atx-gama-basica\/#breadcrumb","itemListElement":[{"@type":"ListItem","position":1,"name":"Inicio","item":"https:\/\/compuviper.mx\/tienda\/"},{"@type":"ListItem","position":2,"name":"Productos","item":"https:\/\/compuviper.mx\/tienda\/productos\/"},{"@type":"ListItem","position":3,"name":"Tarjeta Madre","item":"https:\/\/compuviper.mx\/tienda\/categoria-producto\/tarjeta-madre\/"},{"@type":"ListItem","position":4,"name":"Socket Am4","item":"https:\/\/compuviper.mx\/tienda\/categoria-producto\/tarjeta-madre\/socket-am4\/"},{"@type":"ListItem","position":5,"name":"Asus Oem Prime A520m-k,192876826928 Mb Asus A520 Amd S-am4 5a Gen\/2x Ddr4 2800\/hdmi\/vga\/m.2\/4x Usb3.2\/micro Atx\/gama Basica"}]},{"@type":"WebSite","@id":"https:\/\/compuviper.mx\/tienda\/#website","url":"https:\/\/compuviper.mx\/tienda\/","name":"Compuviper","description":"Proveedor de Computadoras, Laptops, Servidores, Monitores, Puntos de Venta, Teclados,   Impresoras, T\u00f3ner, C\u00e1maras de Seguridad y m\u00e1s en tu tienda en l\u00ednea","publisher":{"@id":"https:\/\/compuviper.mx\/tienda\/#organization"},"potentialAction":[{"@type":"SearchAction","target":{"@type":"EntryPoint","urlTemplate":"https:\/\/compuviper.mx\/tienda\/?s={search_term_string}"},"query-input":"required name=search_term_string"}],"inLanguage":"es-MX"},{"@type":"Organization","@id":"https:\/\/compuviper.mx\/tienda\/#organization","name":"Compuviper","url":"https:\/\/compuviper.mx\/tienda\/","logo":{"@type":"ImageObject","inLanguage":"es-MX","@id":"https:\/\/compuviper.mx\/tienda\/#\/schema\/logo\/image\/","url":"https:\/\/compuviper.mx\/tienda\/wp-content\/uploads\/2021\/08\/Logo-Compuviper-10.png","contentUrl":"https:\/\/compuviper.mx\/tienda\/wp-content\/uploads\/2021\/08\/Logo-Compuviper-10.png","width":1000,"height":500,"caption":"Compuviper"},"image":{"@id":"https:\/\/compuviper.mx\/tienda\/#\/schema\/logo\/image\/"},"sameAs":["https:\/\/www.facebook.com\/compuviper","https:\/\/www.youtube.com\/channel\/UCf73dERp9Y3cfOq7q8BhLjA?view_as=subscriber"]}]},"product_brand":"Asus Oem","product_price_amount":"931","product_price_currency":"MXN","og_availability":"out of stock","product_availability":"out of stock","product_retailer_item_id":"PRIME A520M-K,192876826928","product_condition":"new"},"_links":{"self":[{"href":"https:\/\/compuviper.mx\/tienda\/wp-json\/wp\/v2\/product\/265931"}],"collection":[{"href":"https:\/\/compuviper.mx\/tienda\/wp-json\/wp\/v2\/product"}],"about":[{"href":"https:\/\/compuviper.mx\/tienda\/wp-json\/wp\/v2\/types\/product"}],"replies":[{"embeddable":true,"href":"https:\/\/compuviper.mx\/tienda\/wp-json\/wp\/v2\/comments?post=265931"}],"wp:featuredmedia":[{"embeddable":true,"href":"https:\/\/compuviper.mx\/tienda\/wp-json\/wp\/v2\/media\/265932"}],"wp:attachment":[{"href":"https:\/\/compuviper.mx\/tienda\/wp-json\/wp\/v2\/media?parent=265931"}],"wp:term":[{"taxonomy":"product_cat","embeddable":true,"href":"https:\/\/compuviper.mx\/tienda\/wp-json\/wp\/v2\/product_cat?post=265931"},{"taxonomy":"product_tag","embeddable":true,"href":"https:\/\/compuviper.mx\/tienda\/wp-json\/wp\/v2\/product_tag?post=265931"}],"curies":[{"name":"wp","href":"https:\/\/api.w.org\/{rel}","templated":true}]}}