{"id":265899,"date":"2026-04-02T01:19:31","date_gmt":"2026-04-02T07:19:31","guid":{"rendered":"https:\/\/compuviper.mx\/tienda\/producto\/huawei-53014ntyn-ds-matebook-d-14-core-ultra-ultra-7-155h-16gb-1tb-ssd-wifi-bluetooth-5-1-sin-el-sistema-operativo-1-ao-de-garantia\/"},"modified":"2026-04-02T01:19:32","modified_gmt":"2026-04-02T07:19:32","slug":"huawei-53014ntyn-ds-matebook-d-14-core-ultra-ultra-7-155h-16gb-1tb-ssd-wifi-bluetooth-5-1-sin-el-sistema-operativo-1-ao-de-garantia","status":"publish","type":"product","link":"https:\/\/compuviper.mx\/tienda\/producto\/huawei-53014ntyn-ds-matebook-d-14-core-ultra-ultra-7-155h-16gb-1tb-ssd-wifi-bluetooth-5-1-sin-el-sistema-operativo-1-ao-de-garantia\/","title":{"rendered":"Huawei 53014ntyn-ds  Matebook D 14 \/ Core Ultra Ultra 7 155h,\/ 16gb \/ 1tb Ssd \/ Wifi \/ Bluetooth 5.1 \/ Sin El Sistema Operativo \/ 1 A?o De Garantia"},"content":{"rendered":"<table class=\"descripcion\">\n<tr>\n<td>Pantalla<\/td>\n<\/tr>\n<tr>\n<td>Tama\u00f1o:<\/td>\n<\/tr>\n<tr>\n<td>14  pulgadas<\/td>\n<\/tr>\n<tr>\n<td>Tipo:<\/td>\n<\/tr>\n<tr>\n<td>Oled<\/td>\n<\/tr>\n<tr>\n<td>Relaci\u00f3n pantalla cuerpo:<\/td>\n<\/tr>\n<tr>\n<td>91%<\/td>\n<\/tr>\n<tr>\n<td>Relaci\u00f3n de aspecto:<\/td>\n<\/tr>\n<tr>\n<td>3:2<\/td>\n<\/tr>\n<tr>\n<td>Resoluci\u00f3n:<\/td>\n<\/tr>\n<tr>\n<td>2880 \u00d7 1920, 243 ppi<\/td>\n<\/tr>\n<tr>\n<td>Brillo m\u00e1ximo:<\/td>\n<\/tr>\n<tr>\n<td>450 nits<\/td>\n<\/tr>\n<tr>\n<td>Gama de colores:<\/td>\n<\/tr>\n<tr>\n<td>100% srgb, 100% dci-p3, 95% adobe rgb and #65288;valor t\u00edpico and #65289;<\/td>\n<\/tr>\n<tr>\n<td>Relaci\u00f3n de contraste:<\/td>\n<\/tr>\n<tr>\n<td>1000000:1 (valor t\u00edpico)<\/td>\n<\/tr>\n<tr>\n<td>Pantalla t\u00e1ctil:<\/td>\n<\/tr>\n<tr>\n<td>Sensible multit\u00e1ctil de 10 puntos con captura de pantalla gestual con el dedo<\/td>\n<\/tr>\n<tr>\n<td>*el brillo, la gama de colores, la relaci\u00f3n de contraste y el \u00e1ngulo de visi\u00f3n son valores t\u00edpicos.<\/td>\n<\/tr>\n<tr>\n<td>Procesador<\/td>\n<\/tr>\n<tr>\n<td>Intel\u00ae core\u0099 ultra 7 155h<\/td>\n<\/tr>\n<tr>\n<td>Gr\u00e1ficos<\/td>\n<\/tr>\n<tr>\n<td>Intel\u00ae arc\u0099<\/td>\n<\/tr>\n<tr>\n<td>Memoria<\/td>\n<\/tr>\n<tr>\n<td>16 gb<\/td>\n<\/tr>\n<tr>\n<td>Almacenamiento<\/td>\n<\/tr>\n<tr>\n<td>1 tb ssd<\/td>\n<\/tr>\n<tr>\n<td>*la capacidad real tras el formateo puede ser menor.<\/td>\n<\/tr>\n<tr>\n<td>Bater\u00eda<\/td>\n<\/tr>\n<tr>\n<td>Material:<\/td>\n<\/tr>\n<tr>\n<td>Pol\u00edmero de litio<\/td>\n<\/tr>\n<tr>\n<td>Capacidad:<\/td>\n<\/tr>\n<tr>\n<td>70 wh (capacidad nominal)<\/td>\n<\/tr>\n<tr>\n<td>Conectividad<\/td>\n<\/tr>\n<tr>\n<td>Wlan:<\/td>\n<\/tr>\n<tr>\n<td>Ieee 802.11a\/b\/g\/n\/ac\/ax,160mhz<\/td>\n<\/tr>\n<tr>\n<td>2.4 ghz y 5 ghz<\/td>\n<\/tr>\n<tr>\n<td>2 \u00d7 2 mimo<\/td>\n<\/tr>\n<tr>\n<td>Wpa\/wpa2\/wpa3<\/td>\n<\/tr>\n<tr>\n<td>Bluetooth:<\/td>\n<\/tr>\n<tr>\n<td>Bluetooth 5.2<\/td>\n<\/tr>\n<tr>\n<td>Puertos<\/td>\n<\/tr>\n<tr>\n<td>Usb-c \u00d7 1 (transferencia de datos, carga y displayport)<\/td>\n<\/tr>\n<tr>\n<td>Usb3.2 gen 1 \u00d7 2<\/td>\n<\/tr>\n<tr>\n<td>Hdmi \u00d7 1<\/td>\n<\/tr>\n<tr>\n<td>Jack de 3.5 mm 2 en 1 para micr\u00f3fono y aud\u00edfonos \u00d7 1<\/td>\n<\/tr>\n<tr>\n<td>Teclado y pad t\u00e1ctil<\/td>\n<\/tr>\n<tr>\n<td>Teclado retroiluminado de tama\u00f1o completo<\/td>\n<\/tr>\n<tr>\n<td>Touchpad con multi-touch<\/td>\n<\/tr>\n<tr>\n<td>Bot\u00f3n de encendido<\/td>\n<\/tr>\n<tr>\n<td>Bot\u00f3n de encendido con lector de huella dactilar<\/td>\n<\/tr>\n<tr>\n<td>C\u00e1mara<\/td>\n<\/tr>\n<tr>\n<td>C\u00e1mara hd 1080p<\/td>\n<\/tr>\n<tr>\n<td>Audio<\/td>\n<\/tr>\n<tr>\n<td>Micr\u00f3fonos \u00d7 2<\/td>\n<\/tr>\n<tr>\n<td>Altavoces \u00d7 2<\/td>\n<\/tr>\n<tr>\n<td>Aplicaciones destacadas<\/td>\n<\/tr>\n<tr>\n<td>S\u00faper dispositivo<\/td>\n<\/tr>\n<tr>\n<td>Superturbo<\/td>\n<\/tr>\n<tr>\n<td>Huawei pc manager<\/td>\n<\/tr>\n<tr>\n<td>Gestor de pantalla (modo confort ocular)<\/td>\n<\/tr>\n<tr>\n<td>Modo ebook<\/td>\n<\/tr>\n<tr>\n<td>Modo rendimiento (teclas fn + p)<\/td>\n<\/tr>\n<tr>\n<td>Modo de ahorro de energ\u00eda<\/td>\n<\/tr>\n<tr>\n<td>Restablecimiento de f\u00e1brica de huawei<\/td>\n<\/tr>\n<tr>\n<td>*s\u00f3lo algunos tel\u00e9fonos, tablets, monitores, freebuds y algunas laptops huawei con pc manager 13.0.2.300 o posterior son compatibles con esta funci\u00f3n. si tienes alguna pregunta sobre la experiencia general, las restricciones de uso o los modelos compatibles con esta funci\u00f3n, ponte en contacto con el servicio local de atenci\u00f3n al cliente de huawei.<\/td>\n<\/tr>\n<tr>\n<td>En la caja<\/td>\n<\/tr>\n<tr>\n<td>Huawei matebook 14<\/td>\n<\/tr>\n<tr>\n<td>Adaptador de corriente usb-c de 65 w (conexi\u00f3n integrada entre el adaptador y el cable de carga)<\/td>\n<\/tr>\n<tr>\n<td>Gu\u00eda de inicio r\u00e1pido<\/td>\n<\/tr>\n<\/table>\n","protected":false},"excerpt":{"rendered":"<p>La huawei matebook 14 (la versi\u00f3n m\u00e1s reciente que incorpora procesadores ultra, no existe un modelo espec\u00edfico ultra d 14) es un port\u00e1til premium ultradelgado y ligero, dise\u00f1ado para la productividad y el entretenimiento, que destaca por su pantalla oled t\u00e1ctil de alta resoluci\u00f3n y su potente rendimiento con procesadores intel core ultra. Caracter\u00edsticas clave. Dise\u00f1o premium y portabilidad: cuenta con un cuerpo met\u00e1lico y un dise\u00f1o ultradelgado, con solo 14,5 mm de grosor y un peso aproximado de 1,31 kg, lo que la hace muy f\u00e1cil de transportar. Pantalla oled impresionante: est\u00e1 equipada con una pantalla oled t\u00e1ctil huawei fullview de 14,2 pulgadas con una resoluci\u00f3n de 2.8k (2880 x 1920 p\u00edxeles), una relaci\u00f3n de aspecto de 3:2 ideal para productividad, y una frecuencia de actualizaci\u00f3n de hasta 120 hz. Rendimiento potente: impulsada por procesadores intel\u00ae core\u0099 ultra de primera generaci\u00f3n (opciones core ultra 5 o ultra 7), junto con gr\u00e1ficos integrados intel arc, ofrece un rendimiento eficiente para tareas diarias, multitarea e incluso edici\u00f3n de video ligera. Bater\u00eda de larga duraci\u00f3n y carga r\u00e1pida: ofrece una excelente autonom\u00eda, con pruebas que sugieren hasta 19 horas de reproducci\u00f3n de video local, y viene con un cargador usb tipo c de 65w compatible con carga r\u00e1pida para otros dispositivos huawei. Conectividad y funciones inteligentes: incluye puertos vers\u00e1tiles (usb-c, usb-a, hdmi, jack de audio) y es compatible con la funci\u00f3n huawei share y super device para una integraci\u00f3n fluida con tel\u00e9fonos y tabletas. Huawei.<\/p>\n","protected":false},"featured_media":0,"comment_status":"open","ping_status":"open","template":"","meta":[],"product_cat":[1886,1887],"product_tag":[1673],"acf":[],"yoast_head":"<!-- This site is optimized with the Yoast SEO plugin v21.7 - https:\/\/yoast.com\/wordpress\/plugins\/seo\/ -->\n<title>[ Huawei ] &#129351; 53014ntyn-ds Matebook D 14 \/ Core Ultra Ultra 7 155h,\/ 16gb \/ 1tb Ssd \/ Wifi \/ Bluetooth 5.1 \/ Sin El Sistema Operativo \/ 1 A\u00f1o De Garantia<\/title>\n<meta name=\"description\" content=\"Compra 53014ntyn-ds Matebook D 14 \/ Core Ultra Ultra 7 155h,\/ 16gb \/ 1tb Ssd \/ Wifi \/ Bluetooth 5.1 \/ Sin El Sistema Operativo \/ 1 A\u00f1o De Garantia + Env\u00edo a domicilio + Pago seguro + Garant\u00eda\" \/>\n<meta name=\"robots\" content=\"index, follow, max-snippet:-1, max-image-preview:large, max-video-preview:-1\" \/>\n<link rel=\"canonical\" href=\"https:\/\/compuviper.mx\/tienda\/producto\/huawei-53014ntyn-ds-matebook-d-14-core-ultra-ultra-7-155h-16gb-1tb-ssd-wifi-bluetooth-5-1-sin-el-sistema-operativo-1-ao-de-garantia\/\" \/>\n<meta property=\"og:locale\" content=\"es_MX\" \/>\n<meta property=\"og:type\" content=\"article\" \/>\n<meta property=\"og:title\" content=\"[ Huawei ] &#129351; 53014ntyn-ds Matebook D 14 \/ Core Ultra Ultra 7 155h,\/ 16gb \/ 1tb Ssd \/ Wifi \/ Bluetooth 5.1 \/ Sin El Sistema Operativo \/ 1 A\u00f1o De Garantia\" \/>\n<meta property=\"og:description\" content=\"Compra 53014ntyn-ds Matebook D 14 \/ Core Ultra Ultra 7 155h,\/ 16gb \/ 1tb Ssd \/ Wifi \/ Bluetooth 5.1 \/ Sin El Sistema Operativo \/ 1 A\u00f1o De Garantia + Env\u00edo a domicilio + Pago seguro + Garant\u00eda\" \/>\n<meta property=\"og:url\" content=\"https:\/\/compuviper.mx\/tienda\/producto\/huawei-53014ntyn-ds-matebook-d-14-core-ultra-ultra-7-155h-16gb-1tb-ssd-wifi-bluetooth-5-1-sin-el-sistema-operativo-1-ao-de-garantia\/\" \/>\n<meta property=\"og:site_name\" content=\"Compuviper\" \/>\n<meta property=\"article:publisher\" content=\"https:\/\/www.facebook.com\/compuviper\" \/>\n<meta property=\"article:modified_time\" content=\"2026-04-02T07:19:32+00:00\" \/>\n<meta name=\"twitter:card\" content=\"summary_large_image\" \/>\n<meta name=\"twitter:label1\" content=\"Precio\" \/>\n\t<meta name=\"twitter:data1\" content=\"&#36;16,735 con IVA\" \/>\n\t<meta name=\"twitter:label2\" content=\"Availability\" \/>\n\t<meta name=\"twitter:data2\" content=\"Out of stock\" \/>\n<script type=\"application\/ld+json\" class=\"yoast-schema-graph\">{\"@context\":\"https:\/\/schema.org\",\"@graph\":[{\"@type\":\"WebPage\",\"@id\":\"https:\/\/compuviper.mx\/tienda\/producto\/huawei-53014ntyn-ds-matebook-d-14-core-ultra-ultra-7-155h-16gb-1tb-ssd-wifi-bluetooth-5-1-sin-el-sistema-operativo-1-ao-de-garantia\/\",\"url\":\"https:\/\/compuviper.mx\/tienda\/producto\/huawei-53014ntyn-ds-matebook-d-14-core-ultra-ultra-7-155h-16gb-1tb-ssd-wifi-bluetooth-5-1-sin-el-sistema-operativo-1-ao-de-garantia\/\",\"name\":\"[ Huawei ] &#129351; 53014ntyn-ds Matebook D 14 \/ Core Ultra Ultra 7 155h,\/ 16gb \/ 1tb Ssd \/ Wifi \/ Bluetooth 5.1 \/ Sin El Sistema Operativo \/ 1 A\u00f1o De Garantia\",\"isPartOf\":{\"@id\":\"https:\/\/compuviper.mx\/tienda\/#website\"},\"datePublished\":\"2026-04-02T07:19:31+00:00\",\"dateModified\":\"2026-04-02T07:19:32+00:00\",\"description\":\"Compra 53014ntyn-ds Matebook D 14 \/ Core Ultra Ultra 7 155h,\/ 16gb \/ 1tb Ssd \/ Wifi \/ Bluetooth 5.1 \/ Sin El Sistema Operativo \/ 1 A\u00f1o De Garantia + Env\u00edo a domicilio + Pago seguro + Garant\u00eda\",\"breadcrumb\":{\"@id\":\"https:\/\/compuviper.mx\/tienda\/producto\/huawei-53014ntyn-ds-matebook-d-14-core-ultra-ultra-7-155h-16gb-1tb-ssd-wifi-bluetooth-5-1-sin-el-sistema-operativo-1-ao-de-garantia\/#breadcrumb\"},\"inLanguage\":\"es-MX\",\"potentialAction\":[{\"@type\":\"ReadAction\",\"target\":[\"https:\/\/compuviper.mx\/tienda\/producto\/huawei-53014ntyn-ds-matebook-d-14-core-ultra-ultra-7-155h-16gb-1tb-ssd-wifi-bluetooth-5-1-sin-el-sistema-operativo-1-ao-de-garantia\/\"]}]},{\"@type\":\"BreadcrumbList\",\"@id\":\"https:\/\/compuviper.mx\/tienda\/producto\/huawei-53014ntyn-ds-matebook-d-14-core-ultra-ultra-7-155h-16gb-1tb-ssd-wifi-bluetooth-5-1-sin-el-sistema-operativo-1-ao-de-garantia\/#breadcrumb\",\"itemListElement\":[{\"@type\":\"ListItem\",\"position\":1,\"name\":\"Inicio\",\"item\":\"https:\/\/compuviper.mx\/tienda\/\"},{\"@type\":\"ListItem\",\"position\":2,\"name\":\"Productos\",\"item\":\"https:\/\/compuviper.mx\/tienda\/productos\/\"},{\"@type\":\"ListItem\",\"position\":3,\"name\":\"Laptops\",\"item\":\"https:\/\/compuviper.mx\/tienda\/categoria-producto\/laptops\/\"},{\"@type\":\"ListItem\",\"position\":4,\"name\":\"Notebook\",\"item\":\"https:\/\/compuviper.mx\/tienda\/categoria-producto\/laptops\/notebook-laptops\/\"},{\"@type\":\"ListItem\",\"position\":5,\"name\":\"Huawei 53014ntyn-ds Matebook D 14 \/ Core Ultra Ultra 7 155h,\/ 16gb \/ 1tb Ssd \/ Wifi \/ Bluetooth 5.1 \/ Sin El Sistema Operativo \/ 1 A?o De Garantia\"}]},{\"@type\":\"WebSite\",\"@id\":\"https:\/\/compuviper.mx\/tienda\/#website\",\"url\":\"https:\/\/compuviper.mx\/tienda\/\",\"name\":\"Compuviper\",\"description\":\"Proveedor de Computadoras, Laptops, Servidores, Monitores, Puntos de Venta, Teclados,   Impresoras, T\u00f3ner, C\u00e1maras de Seguridad y m\u00e1s en tu tienda en l\u00ednea\",\"publisher\":{\"@id\":\"https:\/\/compuviper.mx\/tienda\/#organization\"},\"potentialAction\":[{\"@type\":\"SearchAction\",\"target\":{\"@type\":\"EntryPoint\",\"urlTemplate\":\"https:\/\/compuviper.mx\/tienda\/?s={search_term_string}\"},\"query-input\":\"required name=search_term_string\"}],\"inLanguage\":\"es-MX\"},{\"@type\":\"Organization\",\"@id\":\"https:\/\/compuviper.mx\/tienda\/#organization\",\"name\":\"Compuviper\",\"url\":\"https:\/\/compuviper.mx\/tienda\/\",\"logo\":{\"@type\":\"ImageObject\",\"inLanguage\":\"es-MX\",\"@id\":\"https:\/\/compuviper.mx\/tienda\/#\/schema\/logo\/image\/\",\"url\":\"https:\/\/compuviper.mx\/tienda\/wp-content\/uploads\/2021\/08\/Logo-Compuviper-10.png\",\"contentUrl\":\"https:\/\/compuviper.mx\/tienda\/wp-content\/uploads\/2021\/08\/Logo-Compuviper-10.png\",\"width\":1000,\"height\":500,\"caption\":\"Compuviper\"},\"image\":{\"@id\":\"https:\/\/compuviper.mx\/tienda\/#\/schema\/logo\/image\/\"},\"sameAs\":[\"https:\/\/www.facebook.com\/compuviper\",\"https:\/\/www.youtube.com\/channel\/UCf73dERp9Y3cfOq7q8BhLjA?view_as=subscriber\"]}]}<\/script>\n<meta property=\"product:brand\" content=\"HUAWEI\" \/>\n<meta property=\"product:price:amount\" content=\"16735\" \/>\n<meta property=\"product:price:currency\" content=\"MXN\" \/>\n<meta property=\"og:availability\" content=\"out of stock\" \/>\n<meta property=\"product:availability\" content=\"out of stock\" \/>\n<meta property=\"product:retailer_item_id\" content=\"53014NTYN-DS\" \/>\n<meta property=\"product:condition\" content=\"new\" \/>\n<!-- \/ Yoast SEO plugin. -->","yoast_head_json":{"title":"[ Huawei ] &#129351; 53014ntyn-ds Matebook D 14 \/ Core Ultra Ultra 7 155h,\/ 16gb \/ 1tb Ssd \/ Wifi \/ Bluetooth 5.1 \/ Sin El Sistema Operativo \/ 1 A\u00f1o De Garantia","description":"Compra 53014ntyn-ds Matebook D 14 \/ Core Ultra Ultra 7 155h,\/ 16gb \/ 1tb Ssd \/ Wifi \/ Bluetooth 5.1 \/ Sin El Sistema Operativo \/ 1 A\u00f1o De Garantia + Env\u00edo a domicilio + Pago seguro + Garant\u00eda","robots":{"index":"index","follow":"follow","max-snippet":"max-snippet:-1","max-image-preview":"max-image-preview:large","max-video-preview":"max-video-preview:-1"},"canonical":"https:\/\/compuviper.mx\/tienda\/producto\/huawei-53014ntyn-ds-matebook-d-14-core-ultra-ultra-7-155h-16gb-1tb-ssd-wifi-bluetooth-5-1-sin-el-sistema-operativo-1-ao-de-garantia\/","og_locale":"es_MX","og_type":"article","og_title":"[ Huawei ] &#129351; 53014ntyn-ds Matebook D 14 \/ Core Ultra Ultra 7 155h,\/ 16gb \/ 1tb Ssd \/ Wifi \/ Bluetooth 5.1 \/ Sin El Sistema Operativo \/ 1 A\u00f1o De Garantia","og_description":"Compra 53014ntyn-ds Matebook D 14 \/ Core Ultra Ultra 7 155h,\/ 16gb \/ 1tb Ssd \/ Wifi \/ Bluetooth 5.1 \/ Sin El Sistema Operativo \/ 1 A\u00f1o De Garantia + Env\u00edo a domicilio + Pago seguro + Garant\u00eda","og_url":"https:\/\/compuviper.mx\/tienda\/producto\/huawei-53014ntyn-ds-matebook-d-14-core-ultra-ultra-7-155h-16gb-1tb-ssd-wifi-bluetooth-5-1-sin-el-sistema-operativo-1-ao-de-garantia\/","og_site_name":"Compuviper","article_publisher":"https:\/\/www.facebook.com\/compuviper","article_modified_time":"2026-04-02T07:19:32+00:00","twitter_card":"summary_large_image","twitter_misc":{"Precio":"&#36;16,735 con IVA","Availability":"Out of stock"},"schema":{"@context":"https:\/\/schema.org","@graph":[{"@type":"WebPage","@id":"https:\/\/compuviper.mx\/tienda\/producto\/huawei-53014ntyn-ds-matebook-d-14-core-ultra-ultra-7-155h-16gb-1tb-ssd-wifi-bluetooth-5-1-sin-el-sistema-operativo-1-ao-de-garantia\/","url":"https:\/\/compuviper.mx\/tienda\/producto\/huawei-53014ntyn-ds-matebook-d-14-core-ultra-ultra-7-155h-16gb-1tb-ssd-wifi-bluetooth-5-1-sin-el-sistema-operativo-1-ao-de-garantia\/","name":"[ Huawei ] &#129351; 53014ntyn-ds Matebook D 14 \/ Core Ultra Ultra 7 155h,\/ 16gb \/ 1tb Ssd \/ Wifi \/ Bluetooth 5.1 \/ Sin El Sistema Operativo \/ 1 A\u00f1o De Garantia","isPartOf":{"@id":"https:\/\/compuviper.mx\/tienda\/#website"},"datePublished":"2026-04-02T07:19:31+00:00","dateModified":"2026-04-02T07:19:32+00:00","description":"Compra 53014ntyn-ds Matebook D 14 \/ Core Ultra Ultra 7 155h,\/ 16gb \/ 1tb Ssd \/ Wifi \/ Bluetooth 5.1 \/ Sin El Sistema Operativo \/ 1 A\u00f1o De Garantia + Env\u00edo a domicilio + Pago seguro + Garant\u00eda","breadcrumb":{"@id":"https:\/\/compuviper.mx\/tienda\/producto\/huawei-53014ntyn-ds-matebook-d-14-core-ultra-ultra-7-155h-16gb-1tb-ssd-wifi-bluetooth-5-1-sin-el-sistema-operativo-1-ao-de-garantia\/#breadcrumb"},"inLanguage":"es-MX","potentialAction":[{"@type":"ReadAction","target":["https:\/\/compuviper.mx\/tienda\/producto\/huawei-53014ntyn-ds-matebook-d-14-core-ultra-ultra-7-155h-16gb-1tb-ssd-wifi-bluetooth-5-1-sin-el-sistema-operativo-1-ao-de-garantia\/"]}]},{"@type":"BreadcrumbList","@id":"https:\/\/compuviper.mx\/tienda\/producto\/huawei-53014ntyn-ds-matebook-d-14-core-ultra-ultra-7-155h-16gb-1tb-ssd-wifi-bluetooth-5-1-sin-el-sistema-operativo-1-ao-de-garantia\/#breadcrumb","itemListElement":[{"@type":"ListItem","position":1,"name":"Inicio","item":"https:\/\/compuviper.mx\/tienda\/"},{"@type":"ListItem","position":2,"name":"Productos","item":"https:\/\/compuviper.mx\/tienda\/productos\/"},{"@type":"ListItem","position":3,"name":"Laptops","item":"https:\/\/compuviper.mx\/tienda\/categoria-producto\/laptops\/"},{"@type":"ListItem","position":4,"name":"Notebook","item":"https:\/\/compuviper.mx\/tienda\/categoria-producto\/laptops\/notebook-laptops\/"},{"@type":"ListItem","position":5,"name":"Huawei 53014ntyn-ds Matebook D 14 \/ Core Ultra Ultra 7 155h,\/ 16gb \/ 1tb Ssd \/ Wifi \/ Bluetooth 5.1 \/ Sin El Sistema Operativo \/ 1 A?o De Garantia"}]},{"@type":"WebSite","@id":"https:\/\/compuviper.mx\/tienda\/#website","url":"https:\/\/compuviper.mx\/tienda\/","name":"Compuviper","description":"Proveedor de Computadoras, Laptops, Servidores, Monitores, Puntos de Venta, Teclados,   Impresoras, T\u00f3ner, C\u00e1maras de Seguridad y m\u00e1s en tu tienda en l\u00ednea","publisher":{"@id":"https:\/\/compuviper.mx\/tienda\/#organization"},"potentialAction":[{"@type":"SearchAction","target":{"@type":"EntryPoint","urlTemplate":"https:\/\/compuviper.mx\/tienda\/?s={search_term_string}"},"query-input":"required name=search_term_string"}],"inLanguage":"es-MX"},{"@type":"Organization","@id":"https:\/\/compuviper.mx\/tienda\/#organization","name":"Compuviper","url":"https:\/\/compuviper.mx\/tienda\/","logo":{"@type":"ImageObject","inLanguage":"es-MX","@id":"https:\/\/compuviper.mx\/tienda\/#\/schema\/logo\/image\/","url":"https:\/\/compuviper.mx\/tienda\/wp-content\/uploads\/2021\/08\/Logo-Compuviper-10.png","contentUrl":"https:\/\/compuviper.mx\/tienda\/wp-content\/uploads\/2021\/08\/Logo-Compuviper-10.png","width":1000,"height":500,"caption":"Compuviper"},"image":{"@id":"https:\/\/compuviper.mx\/tienda\/#\/schema\/logo\/image\/"},"sameAs":["https:\/\/www.facebook.com\/compuviper","https:\/\/www.youtube.com\/channel\/UCf73dERp9Y3cfOq7q8BhLjA?view_as=subscriber"]}]},"product_brand":"HUAWEI","product_price_amount":"16735","product_price_currency":"MXN","og_availability":"out of stock","product_availability":"out of stock","product_retailer_item_id":"53014NTYN-DS","product_condition":"new"},"_links":{"self":[{"href":"https:\/\/compuviper.mx\/tienda\/wp-json\/wp\/v2\/product\/265899"}],"collection":[{"href":"https:\/\/compuviper.mx\/tienda\/wp-json\/wp\/v2\/product"}],"about":[{"href":"https:\/\/compuviper.mx\/tienda\/wp-json\/wp\/v2\/types\/product"}],"replies":[{"embeddable":true,"href":"https:\/\/compuviper.mx\/tienda\/wp-json\/wp\/v2\/comments?post=265899"}],"wp:attachment":[{"href":"https:\/\/compuviper.mx\/tienda\/wp-json\/wp\/v2\/media?parent=265899"}],"wp:term":[{"taxonomy":"product_cat","embeddable":true,"href":"https:\/\/compuviper.mx\/tienda\/wp-json\/wp\/v2\/product_cat?post=265899"},{"taxonomy":"product_tag","embeddable":true,"href":"https:\/\/compuviper.mx\/tienda\/wp-json\/wp\/v2\/product_tag?post=265899"}],"curies":[{"name":"wp","href":"https:\/\/api.w.org\/{rel}","templated":true}]}}