{"id":265898,"date":"2026-04-14T01:18:43","date_gmt":"2026-04-14T07:18:43","guid":{"rendered":"https:\/\/compuviper.mx\/tienda\/producto\/huawei-53014msjn-ds-matebook-d16-core-i5-13420h-ram-16gb-1-tb-nvme-pcie-ssd-sin-sistema-operativo-1-ao-de-garantia\/"},"modified":"2026-04-14T01:18:43","modified_gmt":"2026-04-14T07:18:43","slug":"huawei-53014msjn-ds-matebook-d16-core-i5-13420h-ram-16gb-1-tb-nvme-pcie-ssd-sin-sistema-operativo-1-ao-de-garantia","status":"publish","type":"product","link":"https:\/\/compuviper.mx\/tienda\/producto\/huawei-53014msjn-ds-matebook-d16-core-i5-13420h-ram-16gb-1-tb-nvme-pcie-ssd-sin-sistema-operativo-1-ao-de-garantia\/","title":{"rendered":"Huawei 53014msjn-ds  Matebook D16  \/ Core I5 13420h \/ Ram 16gb \/ 1 Tb Nvme Pcie Ssd \/ Sin Sistema Operativo \/1 A?o De Garantia"},"content":{"rendered":"<table class=\"descripcion\">\n<tr>\n<td>Dimensiones<\/td>\n<\/tr>\n<tr>\n<td>Ancho<\/td>\n<\/tr>\n<tr>\n<td>356.7 mil\u00edmetros<\/td>\n<\/tr>\n<tr>\n<td>Grosor<\/td>\n<\/tr>\n<tr>\n<td>248.7 mil\u00edmetros<\/td>\n<\/tr>\n<tr>\n<td>Alto<\/td>\n<\/tr>\n<tr>\n<td>17 mil\u00edmetros<\/td>\n<\/tr>\n<tr>\n<td>Peso<\/td>\n<\/tr>\n<tr>\n<td>Aprox. 1.68 kg (versi\u00f3n con bater\u00eda de 56 wh)<\/td>\n<\/tr>\n<tr>\n<td>Aprox. 1.72 kg (versi\u00f3n con bater\u00eda de 70 wh)<\/td>\n<\/tr>\n<tr>\n<td>*el tama\u00f1o y el peso del producto y las especificaciones relacionadas son valores \u00fanicamente te\u00f3ricos. las medidas reales entre productos individuales pueden variar. todas las especificaciones est\u00e1n sujetas al producto real.<\/td>\n<\/tr>\n<tr>\n<td>Pantalla<\/td>\n<\/tr>\n<tr>\n<td>Tama\u00f1o<\/td>\n<\/tr>\n<tr>\n<td>16 pulgadas<\/td>\n<\/tr>\n<tr>\n<td>Tipo<\/td>\n<\/tr>\n<tr>\n<td>Ips<\/td>\n<\/tr>\n<tr>\n<td>Relaci\u00f3n pantalla-cuerpo<\/td>\n<\/tr>\n<tr>\n<td>90%<\/td>\n<\/tr>\n<tr>\n<td>Relaci\u00f3n de aspecto<\/td>\n<\/tr>\n<tr>\n<td>16:10<\/td>\n<\/tr>\n<tr>\n<td>Resoluci\u00f3n<\/td>\n<\/tr>\n<tr>\n<td>1920 \u00d7 1200, 142 ppi<\/td>\n<\/tr>\n<tr>\n<td>Brillo m\u00e1ximo<\/td>\n<\/tr>\n<tr>\n<td>300 nits<\/td>\n<\/tr>\n<tr>\n<td>Gama de colores<\/td>\n<\/tr>\n<tr>\n<td>100% srgb \/ 45% ntsc<\/td>\n<\/tr>\n<tr>\n<td>Relaci\u00f3n de contraste<\/td>\n<\/tr>\n<tr>\n<td>1200:1<\/td>\n<\/tr>\n<tr>\n<td>\u00e1ngulo de visi\u00f3n<\/td>\n<\/tr>\n<tr>\n<td>178 grados<\/td>\n<\/tr>\n<tr>\n<td>*brillo, gama de colores, relaci\u00f3n de contraste, la gama de colores y el \u00e1ngulo de visi\u00f3n son valores t\u00edpicos.<\/td>\n<\/tr>\n<tr>\n<td>Procesador<\/td>\n<\/tr>\n<tr>\n<td>Procesador intel\u00ae core\u0099 i5-13420h de 13\u00aa generaci\u00f3n<\/td>\n<\/tr>\n<tr>\n<td>Gr\u00e1ficos intel\u00ae uhd (intel\u00ae core\u0099 i5-12450h, intel\u00ae core\u0099 i5-13420h)<\/td>\n<\/tr>\n<tr>\n<td>Memoria  ram 16  gb<\/td>\n<\/tr>\n<tr>\n<td>Bater\u00eda<\/td>\n<\/tr>\n<tr>\n<td>Material<\/td>\n<\/tr>\n<tr>\n<td>Pol\u00edmero de litio<\/td>\n<\/tr>\n<tr>\n<td>Capacidad<\/td>\n<\/tr>\n<tr>\n<td>56 wh (capacidad nominal)(intel\u00ae core\u0099 i5-12450h, intel\u00ae core\u0099 i5-13420h)<\/td>\n<\/tr>\n<tr>\n<td>Conectividad<\/td>\n<\/tr>\n<tr>\n<td>Wlan:<\/td>\n<\/tr>\n<tr>\n<td>Ieee 802.11a\/b\/g\/n\/ac\/ax<\/td>\n<\/tr>\n<tr>\n<td>2.4 ghz y 5 ghz<\/td>\n<\/tr>\n<tr>\n<td>2 \u00d7 2 mimo<\/td>\n<\/tr>\n<tr>\n<td>Wpa\/wpa2\/wpa3<\/td>\n<\/tr>\n<tr>\n<td>Bluetooth:<\/td>\n<\/tr>\n<tr>\n<td>Bluetooth 5.1<\/td>\n<\/tr>\n<tr>\n<td>Puertos<\/td>\n<\/tr>\n<tr>\n<td>Usb-c \u00d7 1 (datos de soporte, carga y displayport)<\/td>\n<\/tr>\n<tr>\n<td>Usb 3.2 gen 1 \u00d7 1<\/td>\n<\/tr>\n<tr>\n<td>Usb 2.0 \u00d7 1<\/td>\n<\/tr>\n<tr>\n<td>Hdmi \u00d7 1<\/td>\n<\/tr>\n<tr>\n<td>Puerto de 3.5 mm para aud\u00edfonos y micr\u00f3fono 2 en 1 \u00d7 1<\/td>\n<\/tr>\n<tr>\n<td>Teclado y pad t\u00e1ctil<\/td>\n<\/tr>\n<tr>\n<td>Recorrido de teclas de 1.5 mm<\/td>\n<\/tr>\n<tr>\n<td>Teclado completo retroiluminado (intel\u00ae core\u0099 i9-13900h)<\/td>\n<\/tr>\n<tr>\n<td>No retroiluminado (intel\u00ae core\u0099 i5-12450h, intel\u00ae core\u0099 i5-13420h)<\/td>\n<\/tr>\n<tr>\n<td>Teclado num\u00e9rico<\/td>\n<\/tr>\n<tr>\n<td>Bot\u00f3n de encendido<\/td>\n<\/tr>\n<tr>\n<td>Bot\u00f3n de encendido con lector de huella<\/td>\n<\/tr>\n<tr>\n<td>C\u00e1mara<\/td>\n<\/tr>\n<tr>\n<td>C\u00e1mara 720p hd<\/td>\n<\/tr>\n<tr>\n<td>Audio<\/td>\n<\/tr>\n<tr>\n<td>Micr\u00f3fonos \u00d7 2<\/td>\n<\/tr>\n<tr>\n<td>Altavoces \u00d7 2<\/td>\n<\/tr>\n<tr>\n<td>Aplicaciones destacadas<\/td>\n<\/tr>\n<tr>\n<td>Huawei pc manager<\/td>\n<\/tr>\n<tr>\n<td>Display manager<\/td>\n<\/tr>\n<tr>\n<td>Huawei factory reset<\/td>\n<\/tr>\n<tr>\n<td>En la caja<\/td>\n<\/tr>\n<tr>\n<td>Huawei matebook d 16<\/td>\n<\/tr>\n<tr>\n<td>Adaptador de corriente usb-c de 65 w (conexi\u00f3n integrada entre el adaptador y el cable de carga)<\/td>\n<\/tr>\n<tr>\n<td>Gu\u00eda de inicio r\u00e1pido<\/td>\n<\/tr>\n<tr>\n<td>Tarjeta de garant\u00eda<\/td>\n<\/tr>\n<\/table>\n","protected":false},"excerpt":{"rendered":"<p>Huawei matebook d 16 la posiciona como una laptop que ofrece una gran pantalla y alto rendimiento en un cuerpo ligero y elegante, ideal para la productividad y el entretenimiento diario. Caracter\u00edsticas comerciales destacadas. Los puntos clave de venta que resaltan en su descripci\u00f3n comercial, seg\u00fan la informaci\u00f3n de expertos y usuarios, son. Pantalla inmersiva de 16 pulgadas: cuenta con una pantalla ips de 16 pulgadas con biseles delgados y una relaci\u00f3n de aspecto de 16:10, lo que proporciona un \u00e1rea de visualizaci\u00f3n m\u00e1s amplia e inmersiva para trabajar o consumir contenido multimedia. Rendimiento potente: equipada con procesadores intel core de alto rendimiento (serie h), como hasta un i9 de 13\u00aa generaci\u00f3n, la laptop est\u00e1 dise\u00f1ada para realizar m\u00faltiples tareas sin esfuerzo, desde ofim\u00e1tica y edici\u00f3n hasta un poco de gaming casual. Dise\u00f1o ligero y port\u00e1til: a pesar de su gran pantalla de 16 pulgadas, el chasis de aleaci\u00f3n de aluminio y magnesio es sorprendentemente ligero (alrededor de 1.7 kg) y delgado (17 mm), facilitando su transporte. Conectividad avanzada: destaca por su antena wi-fi de alta capacidad, que ha recibido cinco estrellas en capacidad de se\u00f1al wi-fi y puede mantener una conexi\u00f3n estable incluso a distancias considerables del router. Ecosistema huawei: se beneficia de la integraci\u00f3n con el ecosistema de huawei, permitiendo una sincronizaci\u00f3n fluida con tel\u00e9fonos y tabletas huawei a trav\u00e9s de funciones como superdispositivo y superhub. Comodidad de uso: incluye caracter\u00edsticas valoradas por los usuarios como un teclado retroiluminado y c\u00f3modo con teclado num\u00e9rico, un trackpad generoso y un bot\u00f3n de encendido con lector de huellas dactilares para un acceso r\u00e1pido y seguro<\/p>\n","protected":false},"featured_media":0,"comment_status":"open","ping_status":"open","template":"","meta":[],"product_cat":[1886,1887],"product_tag":[1673],"acf":[],"yoast_head":"<!-- This site is optimized with the Yoast SEO plugin v21.7 - https:\/\/yoast.com\/wordpress\/plugins\/seo\/ -->\n<title>[ Huawei ] &#129351; 53014msjn-ds Matebook D16 \/ Core I5 13420h \/ Ram 16gb \/ 1 Tb Nvme Pcie Ssd \/ Sin Sistema Operativo \/1 A\u00f1o De Garantia<\/title>\n<meta name=\"description\" content=\"Compra 53014msjn-ds Matebook D16 \/ Core I5 13420h \/ Ram 16gb \/ 1 Tb Nvme Pcie Ssd \/ Sin Sistema Operativo \/1 A\u00f1o De Garantia + Env\u00edo a domicilio + Pago seguro + Garant\u00eda\" \/>\n<meta name=\"robots\" content=\"index, follow, max-snippet:-1, max-image-preview:large, max-video-preview:-1\" \/>\n<link rel=\"canonical\" href=\"https:\/\/compuviper.mx\/tienda\/producto\/huawei-53014msjn-ds-matebook-d16-core-i5-13420h-ram-16gb-1-tb-nvme-pcie-ssd-sin-sistema-operativo-1-ao-de-garantia\/\" \/>\n<meta property=\"og:locale\" content=\"es_MX\" \/>\n<meta property=\"og:type\" content=\"article\" \/>\n<meta property=\"og:title\" content=\"[ Huawei ] &#129351; 53014msjn-ds Matebook D16 \/ Core I5 13420h \/ Ram 16gb \/ 1 Tb Nvme Pcie Ssd \/ Sin Sistema Operativo \/1 A\u00f1o De Garantia\" \/>\n<meta property=\"og:description\" content=\"Compra 53014msjn-ds Matebook D16 \/ Core I5 13420h \/ Ram 16gb \/ 1 Tb Nvme Pcie Ssd \/ Sin Sistema Operativo \/1 A\u00f1o De Garantia + Env\u00edo a domicilio + Pago seguro + Garant\u00eda\" \/>\n<meta property=\"og:url\" content=\"https:\/\/compuviper.mx\/tienda\/producto\/huawei-53014msjn-ds-matebook-d16-core-i5-13420h-ram-16gb-1-tb-nvme-pcie-ssd-sin-sistema-operativo-1-ao-de-garantia\/\" \/>\n<meta property=\"og:site_name\" content=\"Compuviper\" \/>\n<meta property=\"article:publisher\" content=\"https:\/\/www.facebook.com\/compuviper\" \/>\n<meta name=\"twitter:card\" content=\"summary_large_image\" \/>\n<meta name=\"twitter:label1\" content=\"Precio\" \/>\n\t<meta name=\"twitter:data1\" content=\"&#36;10,930 con IVA\" \/>\n\t<meta name=\"twitter:label2\" content=\"Availability\" \/>\n\t<meta name=\"twitter:data2\" content=\"Out of stock\" \/>\n<script type=\"application\/ld+json\" class=\"yoast-schema-graph\">{\"@context\":\"https:\/\/schema.org\",\"@graph\":[{\"@type\":\"WebPage\",\"@id\":\"https:\/\/compuviper.mx\/tienda\/producto\/huawei-53014msjn-ds-matebook-d16-core-i5-13420h-ram-16gb-1-tb-nvme-pcie-ssd-sin-sistema-operativo-1-ao-de-garantia\/\",\"url\":\"https:\/\/compuviper.mx\/tienda\/producto\/huawei-53014msjn-ds-matebook-d16-core-i5-13420h-ram-16gb-1-tb-nvme-pcie-ssd-sin-sistema-operativo-1-ao-de-garantia\/\",\"name\":\"[ Huawei ] &#129351; 53014msjn-ds Matebook D16 \/ Core I5 13420h \/ Ram 16gb \/ 1 Tb Nvme Pcie Ssd \/ Sin Sistema Operativo \/1 A\u00f1o De Garantia\",\"isPartOf\":{\"@id\":\"https:\/\/compuviper.mx\/tienda\/#website\"},\"datePublished\":\"2026-04-14T07:18:43+00:00\",\"dateModified\":\"2026-04-14T07:18:43+00:00\",\"description\":\"Compra 53014msjn-ds Matebook D16 \/ Core I5 13420h \/ Ram 16gb \/ 1 Tb Nvme Pcie Ssd \/ Sin Sistema Operativo \/1 A\u00f1o De Garantia + Env\u00edo a domicilio + Pago seguro + Garant\u00eda\",\"breadcrumb\":{\"@id\":\"https:\/\/compuviper.mx\/tienda\/producto\/huawei-53014msjn-ds-matebook-d16-core-i5-13420h-ram-16gb-1-tb-nvme-pcie-ssd-sin-sistema-operativo-1-ao-de-garantia\/#breadcrumb\"},\"inLanguage\":\"es-MX\",\"potentialAction\":[{\"@type\":\"ReadAction\",\"target\":[\"https:\/\/compuviper.mx\/tienda\/producto\/huawei-53014msjn-ds-matebook-d16-core-i5-13420h-ram-16gb-1-tb-nvme-pcie-ssd-sin-sistema-operativo-1-ao-de-garantia\/\"]}]},{\"@type\":\"BreadcrumbList\",\"@id\":\"https:\/\/compuviper.mx\/tienda\/producto\/huawei-53014msjn-ds-matebook-d16-core-i5-13420h-ram-16gb-1-tb-nvme-pcie-ssd-sin-sistema-operativo-1-ao-de-garantia\/#breadcrumb\",\"itemListElement\":[{\"@type\":\"ListItem\",\"position\":1,\"name\":\"Inicio\",\"item\":\"https:\/\/compuviper.mx\/tienda\/\"},{\"@type\":\"ListItem\",\"position\":2,\"name\":\"Productos\",\"item\":\"https:\/\/compuviper.mx\/tienda\/productos\/\"},{\"@type\":\"ListItem\",\"position\":3,\"name\":\"Laptops\",\"item\":\"https:\/\/compuviper.mx\/tienda\/categoria-producto\/laptops\/\"},{\"@type\":\"ListItem\",\"position\":4,\"name\":\"Notebook\",\"item\":\"https:\/\/compuviper.mx\/tienda\/categoria-producto\/laptops\/notebook-laptops\/\"},{\"@type\":\"ListItem\",\"position\":5,\"name\":\"Huawei 53014msjn-ds Matebook D16 \/ Core I5 13420h \/ Ram 16gb \/ 1 Tb Nvme Pcie Ssd \/ Sin Sistema Operativo \/1 A?o De Garantia\"}]},{\"@type\":\"WebSite\",\"@id\":\"https:\/\/compuviper.mx\/tienda\/#website\",\"url\":\"https:\/\/compuviper.mx\/tienda\/\",\"name\":\"Compuviper\",\"description\":\"Proveedor de Computadoras, Laptops, Servidores, Monitores, Puntos de Venta, Teclados,   Impresoras, T\u00f3ner, C\u00e1maras de Seguridad y m\u00e1s en tu tienda en l\u00ednea\",\"publisher\":{\"@id\":\"https:\/\/compuviper.mx\/tienda\/#organization\"},\"potentialAction\":[{\"@type\":\"SearchAction\",\"target\":{\"@type\":\"EntryPoint\",\"urlTemplate\":\"https:\/\/compuviper.mx\/tienda\/?s={search_term_string}\"},\"query-input\":\"required name=search_term_string\"}],\"inLanguage\":\"es-MX\"},{\"@type\":\"Organization\",\"@id\":\"https:\/\/compuviper.mx\/tienda\/#organization\",\"name\":\"Compuviper\",\"url\":\"https:\/\/compuviper.mx\/tienda\/\",\"logo\":{\"@type\":\"ImageObject\",\"inLanguage\":\"es-MX\",\"@id\":\"https:\/\/compuviper.mx\/tienda\/#\/schema\/logo\/image\/\",\"url\":\"https:\/\/compuviper.mx\/tienda\/wp-content\/uploads\/2021\/08\/Logo-Compuviper-10.png\",\"contentUrl\":\"https:\/\/compuviper.mx\/tienda\/wp-content\/uploads\/2021\/08\/Logo-Compuviper-10.png\",\"width\":1000,\"height\":500,\"caption\":\"Compuviper\"},\"image\":{\"@id\":\"https:\/\/compuviper.mx\/tienda\/#\/schema\/logo\/image\/\"},\"sameAs\":[\"https:\/\/www.facebook.com\/compuviper\",\"https:\/\/www.youtube.com\/channel\/UCf73dERp9Y3cfOq7q8BhLjA?view_as=subscriber\"]}]}<\/script>\n<meta property=\"product:brand\" content=\"HUAWEI\" \/>\n<meta property=\"product:price:amount\" content=\"10930\" \/>\n<meta property=\"product:price:currency\" content=\"MXN\" \/>\n<meta property=\"og:availability\" content=\"out of stock\" \/>\n<meta property=\"product:availability\" content=\"out of stock\" \/>\n<meta property=\"product:retailer_item_id\" content=\"53014MSJN-DS\" \/>\n<meta property=\"product:condition\" content=\"new\" \/>\n<!-- \/ Yoast SEO plugin. -->","yoast_head_json":{"title":"[ Huawei ] &#129351; 53014msjn-ds Matebook D16 \/ Core I5 13420h \/ Ram 16gb \/ 1 Tb Nvme Pcie Ssd \/ Sin Sistema Operativo \/1 A\u00f1o De Garantia","description":"Compra 53014msjn-ds Matebook D16 \/ Core I5 13420h \/ Ram 16gb \/ 1 Tb Nvme Pcie Ssd \/ Sin Sistema Operativo \/1 A\u00f1o De Garantia + Env\u00edo a domicilio + Pago seguro + Garant\u00eda","robots":{"index":"index","follow":"follow","max-snippet":"max-snippet:-1","max-image-preview":"max-image-preview:large","max-video-preview":"max-video-preview:-1"},"canonical":"https:\/\/compuviper.mx\/tienda\/producto\/huawei-53014msjn-ds-matebook-d16-core-i5-13420h-ram-16gb-1-tb-nvme-pcie-ssd-sin-sistema-operativo-1-ao-de-garantia\/","og_locale":"es_MX","og_type":"article","og_title":"[ Huawei ] &#129351; 53014msjn-ds Matebook D16 \/ Core I5 13420h \/ Ram 16gb \/ 1 Tb Nvme Pcie Ssd \/ Sin Sistema Operativo \/1 A\u00f1o De Garantia","og_description":"Compra 53014msjn-ds Matebook D16 \/ Core I5 13420h \/ Ram 16gb \/ 1 Tb Nvme Pcie Ssd \/ Sin Sistema Operativo \/1 A\u00f1o De Garantia + Env\u00edo a domicilio + Pago seguro + Garant\u00eda","og_url":"https:\/\/compuviper.mx\/tienda\/producto\/huawei-53014msjn-ds-matebook-d16-core-i5-13420h-ram-16gb-1-tb-nvme-pcie-ssd-sin-sistema-operativo-1-ao-de-garantia\/","og_site_name":"Compuviper","article_publisher":"https:\/\/www.facebook.com\/compuviper","twitter_card":"summary_large_image","twitter_misc":{"Precio":"&#36;10,930 con IVA","Availability":"Out of stock"},"schema":{"@context":"https:\/\/schema.org","@graph":[{"@type":"WebPage","@id":"https:\/\/compuviper.mx\/tienda\/producto\/huawei-53014msjn-ds-matebook-d16-core-i5-13420h-ram-16gb-1-tb-nvme-pcie-ssd-sin-sistema-operativo-1-ao-de-garantia\/","url":"https:\/\/compuviper.mx\/tienda\/producto\/huawei-53014msjn-ds-matebook-d16-core-i5-13420h-ram-16gb-1-tb-nvme-pcie-ssd-sin-sistema-operativo-1-ao-de-garantia\/","name":"[ Huawei ] &#129351; 53014msjn-ds Matebook D16 \/ Core I5 13420h \/ Ram 16gb \/ 1 Tb Nvme Pcie Ssd \/ Sin Sistema Operativo \/1 A\u00f1o De Garantia","isPartOf":{"@id":"https:\/\/compuviper.mx\/tienda\/#website"},"datePublished":"2026-04-14T07:18:43+00:00","dateModified":"2026-04-14T07:18:43+00:00","description":"Compra 53014msjn-ds Matebook D16 \/ Core I5 13420h \/ Ram 16gb \/ 1 Tb Nvme Pcie Ssd \/ Sin Sistema Operativo \/1 A\u00f1o De Garantia + Env\u00edo a domicilio + Pago seguro + Garant\u00eda","breadcrumb":{"@id":"https:\/\/compuviper.mx\/tienda\/producto\/huawei-53014msjn-ds-matebook-d16-core-i5-13420h-ram-16gb-1-tb-nvme-pcie-ssd-sin-sistema-operativo-1-ao-de-garantia\/#breadcrumb"},"inLanguage":"es-MX","potentialAction":[{"@type":"ReadAction","target":["https:\/\/compuviper.mx\/tienda\/producto\/huawei-53014msjn-ds-matebook-d16-core-i5-13420h-ram-16gb-1-tb-nvme-pcie-ssd-sin-sistema-operativo-1-ao-de-garantia\/"]}]},{"@type":"BreadcrumbList","@id":"https:\/\/compuviper.mx\/tienda\/producto\/huawei-53014msjn-ds-matebook-d16-core-i5-13420h-ram-16gb-1-tb-nvme-pcie-ssd-sin-sistema-operativo-1-ao-de-garantia\/#breadcrumb","itemListElement":[{"@type":"ListItem","position":1,"name":"Inicio","item":"https:\/\/compuviper.mx\/tienda\/"},{"@type":"ListItem","position":2,"name":"Productos","item":"https:\/\/compuviper.mx\/tienda\/productos\/"},{"@type":"ListItem","position":3,"name":"Laptops","item":"https:\/\/compuviper.mx\/tienda\/categoria-producto\/laptops\/"},{"@type":"ListItem","position":4,"name":"Notebook","item":"https:\/\/compuviper.mx\/tienda\/categoria-producto\/laptops\/notebook-laptops\/"},{"@type":"ListItem","position":5,"name":"Huawei 53014msjn-ds Matebook D16 \/ Core I5 13420h \/ Ram 16gb \/ 1 Tb Nvme Pcie Ssd \/ Sin Sistema Operativo \/1 A?o De Garantia"}]},{"@type":"WebSite","@id":"https:\/\/compuviper.mx\/tienda\/#website","url":"https:\/\/compuviper.mx\/tienda\/","name":"Compuviper","description":"Proveedor de Computadoras, Laptops, Servidores, Monitores, Puntos de Venta, Teclados,   Impresoras, T\u00f3ner, C\u00e1maras de Seguridad y m\u00e1s en tu tienda en l\u00ednea","publisher":{"@id":"https:\/\/compuviper.mx\/tienda\/#organization"},"potentialAction":[{"@type":"SearchAction","target":{"@type":"EntryPoint","urlTemplate":"https:\/\/compuviper.mx\/tienda\/?s={search_term_string}"},"query-input":"required name=search_term_string"}],"inLanguage":"es-MX"},{"@type":"Organization","@id":"https:\/\/compuviper.mx\/tienda\/#organization","name":"Compuviper","url":"https:\/\/compuviper.mx\/tienda\/","logo":{"@type":"ImageObject","inLanguage":"es-MX","@id":"https:\/\/compuviper.mx\/tienda\/#\/schema\/logo\/image\/","url":"https:\/\/compuviper.mx\/tienda\/wp-content\/uploads\/2021\/08\/Logo-Compuviper-10.png","contentUrl":"https:\/\/compuviper.mx\/tienda\/wp-content\/uploads\/2021\/08\/Logo-Compuviper-10.png","width":1000,"height":500,"caption":"Compuviper"},"image":{"@id":"https:\/\/compuviper.mx\/tienda\/#\/schema\/logo\/image\/"},"sameAs":["https:\/\/www.facebook.com\/compuviper","https:\/\/www.youtube.com\/channel\/UCf73dERp9Y3cfOq7q8BhLjA?view_as=subscriber"]}]},"product_brand":"HUAWEI","product_price_amount":"10930","product_price_currency":"MXN","og_availability":"out of stock","product_availability":"out of stock","product_retailer_item_id":"53014MSJN-DS","product_condition":"new"},"_links":{"self":[{"href":"https:\/\/compuviper.mx\/tienda\/wp-json\/wp\/v2\/product\/265898"}],"collection":[{"href":"https:\/\/compuviper.mx\/tienda\/wp-json\/wp\/v2\/product"}],"about":[{"href":"https:\/\/compuviper.mx\/tienda\/wp-json\/wp\/v2\/types\/product"}],"replies":[{"embeddable":true,"href":"https:\/\/compuviper.mx\/tienda\/wp-json\/wp\/v2\/comments?post=265898"}],"wp:attachment":[{"href":"https:\/\/compuviper.mx\/tienda\/wp-json\/wp\/v2\/media?parent=265898"}],"wp:term":[{"taxonomy":"product_cat","embeddable":true,"href":"https:\/\/compuviper.mx\/tienda\/wp-json\/wp\/v2\/product_cat?post=265898"},{"taxonomy":"product_tag","embeddable":true,"href":"https:\/\/compuviper.mx\/tienda\/wp-json\/wp\/v2\/product_tag?post=265898"}],"curies":[{"name":"wp","href":"https:\/\/api.w.org\/{rel}","templated":true}]}}