{"id":265889,"date":"2026-04-14T02:24:11","date_gmt":"2026-04-14T08:24:11","guid":{"rendered":"https:\/\/compuviper.mx\/tienda\/producto\/asus-oem-dual-rx7600-o8g-evo-tarjeta-de-video-asus-radeon-rx7600-pcie-x16-4-0-8gb-gddr6-hdmi-3xdp-estandar-gama-media\/"},"modified":"2026-04-14T02:24:11","modified_gmt":"2026-04-14T08:24:11","slug":"asus-oem-dual-rx7600-o8g-evo-tarjeta-de-video-asus-radeon-rx7600-pcie-x16-4-0-8gb-gddr6-hdmi-3xdp-estandar-gama-media","status":"publish","type":"product","link":"https:\/\/compuviper.mx\/tienda\/producto\/asus-oem-dual-rx7600-o8g-evo-tarjeta-de-video-asus-radeon-rx7600-pcie-x16-4-0-8gb-gddr6-hdmi-3xdp-estandar-gama-media\/","title":{"rendered":"Asus Oem Dual-rx7600-o8g-evo Tarjeta De Video Asus Radeon Rx7600 \/pcie X16 4.0 \/8gb Gddr6 \/hdmi \/3xdp \/estandar \/gama Media"},"content":{"rendered":"<table class=\"descripcion\">\n<tr>\n<td>Dual-rx7600-o8g-evo<\/td>\n<\/tr>\n<tr>\n<td>Motor grafico<\/td>\n<\/tr>\n<tr>\n<td>Tarjeta gr\u00e1fica amd radeon rx 7600<\/td>\n<\/tr>\n<tr>\n<td>Estandar de autobus<\/td>\n<\/tr>\n<tr>\n<td>Pci express 4.0<\/td>\n<\/tr>\n<tr>\n<td>Opengl<\/td>\n<\/tr>\n<tr>\n<td>Opengl 4.6<\/td>\n<\/tr>\n<tr>\n<td>Memoria de video<\/td>\n<\/tr>\n<tr>\n<td>8 gb gddr6<\/td>\n<\/tr>\n<tr>\n<td>Reloj del motor<\/td>\n<\/tr>\n<tr>\n<td>Modo oc: hasta 2715 mhz (boost clock)\/hasta 2300 mhz (game clock)<\/td>\n<\/tr>\n<tr>\n<td>Modo predeterminado: hasta 2695 mhz (boost clock)\/hasta 2280 mhz (game clock)<\/td>\n<\/tr>\n<tr>\n<td>Procesadores de flujo<\/td>\n<\/tr>\n<tr>\n<td>2048<\/td>\n<\/tr>\n<tr>\n<td>Velocidad de la memoria<\/td>\n<\/tr>\n<tr>\n<td>18 gbps<\/td>\n<\/tr>\n<tr>\n<td>Interfaz de memoria<\/td>\n<\/tr>\n<tr>\n<td>128 bits<\/td>\n<\/tr>\n<tr>\n<td>Resolucion<\/td>\n<\/tr>\n<tr>\n<td>Resolucion maxima digital 7680 x 4320<\/td>\n<\/tr>\n<tr>\n<td>Interfaz<\/td>\n<\/tr>\n<tr>\n<td>Si x 1 (hdmi 2.1 nativo)<\/td>\n<\/tr>\n<tr>\n<td>Si x 3 (displayport 1.4a nativo)<\/td>\n<\/tr>\n<tr>\n<td>Compatibilidad con hdcp s\u00ed (2.3)<\/td>\n<\/tr>\n<tr>\n<td>Compatibilidad m\u00e1xima con pantalla<\/td>\n<\/tr>\n<tr>\n<td>4<\/td>\n<\/tr>\n<tr>\n<td>Compatibilidad con nvlink\/crossfire<\/td>\n<\/tr>\n<tr>\n<td>No<\/td>\n<\/tr>\n<tr>\n<td>Accesorios<\/td>\n<\/tr>\n<tr>\n<td>1 x manual de configuraci\u00f3n de velocidad<\/td>\n<\/tr>\n<tr>\n<td>Software<\/td>\n<\/tr>\n<tr>\n<td>Asus gpu tweak iii y controladores: descargue todo el software del sitio de soporte.<\/td>\n<\/tr>\n<tr>\n<td>Dimensiones<\/td>\n<\/tr>\n<tr>\n<td>22,9 x 12,3 x 4,9 cm<\/td>\n<\/tr>\n<tr>\n<td>9,02 x 4,85 x 1,96 pulgadas<\/td>\n<\/tr>\n<tr>\n<td>Fuente de alimentaci\u00f3n recomendada<\/td>\n<\/tr>\n<tr>\n<td>550 w<\/td>\n<\/tr>\n<tr>\n<td>Conectores de alimentaci\u00f3n<\/td>\n<\/tr>\n<tr>\n<td>1 x 8 pines<\/td>\n<\/tr>\n<tr>\n<td>Ranura<\/td>\n<\/tr>\n<tr>\n<td>2,5 ranuras<\/td>\n<\/tr>\n<\/table>\n","protected":false},"excerpt":{"rendered":"<p>La dual radeon rx 7600 evo, que ofrece la ultima experiencia de la arquitectura amd rdna 3 en su forma mas pura, combina rendimiento y simplicidad como ninguna otra. Aprovechando las tecnolog\u00edas de refrigeracion avanzadas derivadas de las tarjetas graficas insignia, la serie dual opta por la sustancia en lugar del estilo, lo que la convierte en la opcion perfecta para una configuracion bien equilibrada. Abrochese el cinturon y disfrute de una destreza de juego de vanguardia.<\/p>\n","protected":false},"featured_media":265890,"comment_status":"open","ping_status":"open","template":"","meta":[],"product_cat":[1841,1842],"product_tag":[2096],"acf":[],"yoast_head":"<!-- This site is optimized with the Yoast SEO plugin v21.7 - https:\/\/yoast.com\/wordpress\/plugins\/seo\/ -->\n<title>[ Asus Oem ] &#129351; Dual-rx7600-o8g-evo Tarjeta De Video Asus Radeon Rx7600 \/pcie X16 4.0 \/8gb Gddr6 \/hdmi \/3xdp \/estandar \/gama Media<\/title>\n<meta name=\"description\" content=\"Compra Dual-rx7600-o8g-evo Tarjeta De Video Asus Radeon Rx7600 \/pcie X16 4.0 \/8gb Gddr6 \/hdmi \/3xdp \/estandar \/gama Media + Env\u00edo a domicilio + Pago seguro + Garant\u00eda\" \/>\n<meta name=\"robots\" content=\"index, follow, max-snippet:-1, max-image-preview:large, max-video-preview:-1\" \/>\n<link rel=\"canonical\" href=\"https:\/\/compuviper.mx\/tienda\/producto\/asus-oem-dual-rx7600-o8g-evo-tarjeta-de-video-asus-radeon-rx7600-pcie-x16-4-0-8gb-gddr6-hdmi-3xdp-estandar-gama-media\/\" \/>\n<meta property=\"og:locale\" content=\"es_MX\" \/>\n<meta property=\"og:type\" content=\"article\" \/>\n<meta property=\"og:title\" content=\"[ Asus Oem ] &#129351; Dual-rx7600-o8g-evo Tarjeta De Video Asus Radeon Rx7600 \/pcie X16 4.0 \/8gb Gddr6 \/hdmi \/3xdp \/estandar \/gama Media\" \/>\n<meta property=\"og:description\" content=\"Compra Dual-rx7600-o8g-evo Tarjeta De Video Asus Radeon Rx7600 \/pcie X16 4.0 \/8gb Gddr6 \/hdmi \/3xdp \/estandar \/gama Media + Env\u00edo a domicilio + Pago seguro + Garant\u00eda\" \/>\n<meta property=\"og:url\" content=\"https:\/\/compuviper.mx\/tienda\/producto\/asus-oem-dual-rx7600-o8g-evo-tarjeta-de-video-asus-radeon-rx7600-pcie-x16-4-0-8gb-gddr6-hdmi-3xdp-estandar-gama-media\/\" \/>\n<meta property=\"og:site_name\" content=\"Compuviper\" \/>\n<meta property=\"article:publisher\" content=\"https:\/\/www.facebook.com\/compuviper\" \/>\n<meta property=\"og:image\" content=\"https:\/\/compuviper.mx\/tienda\/wp-content\/uploads\/2026\/01\/Tarjeta-de-video-asus-radeon-rx7600-pcie-x16-4.0-8gb-gddr6-hdmi-3xdp-estandar-gama-media.jpg\" \/>\n\t<meta property=\"og:image:width\" content=\"200\" \/>\n\t<meta property=\"og:image:height\" content=\"200\" \/>\n\t<meta property=\"og:image:type\" content=\"image\/jpeg\" \/>\n<meta name=\"twitter:card\" content=\"summary_large_image\" \/>\n<meta name=\"twitter:label1\" content=\"Precio\" \/>\n\t<meta name=\"twitter:data1\" content=\"&#36;4,745 con IVA\" \/>\n\t<meta name=\"twitter:label2\" content=\"Availability\" \/>\n\t<meta name=\"twitter:data2\" content=\"In stock\" \/>\n<script type=\"application\/ld+json\" class=\"yoast-schema-graph\">{\"@context\":\"https:\/\/schema.org\",\"@graph\":[{\"@type\":\"WebPage\",\"@id\":\"https:\/\/compuviper.mx\/tienda\/producto\/asus-oem-dual-rx7600-o8g-evo-tarjeta-de-video-asus-radeon-rx7600-pcie-x16-4-0-8gb-gddr6-hdmi-3xdp-estandar-gama-media\/\",\"url\":\"https:\/\/compuviper.mx\/tienda\/producto\/asus-oem-dual-rx7600-o8g-evo-tarjeta-de-video-asus-radeon-rx7600-pcie-x16-4-0-8gb-gddr6-hdmi-3xdp-estandar-gama-media\/\",\"name\":\"[ Asus Oem ] &#129351; Dual-rx7600-o8g-evo Tarjeta De Video Asus Radeon Rx7600 \/pcie X16 4.0 \/8gb Gddr6 \/hdmi \/3xdp \/estandar \/gama Media\",\"isPartOf\":{\"@id\":\"https:\/\/compuviper.mx\/tienda\/#website\"},\"datePublished\":\"2026-04-14T08:24:11+00:00\",\"dateModified\":\"2026-04-14T08:24:11+00:00\",\"description\":\"Compra Dual-rx7600-o8g-evo Tarjeta De Video Asus Radeon Rx7600 \/pcie X16 4.0 \/8gb Gddr6 \/hdmi \/3xdp \/estandar \/gama Media + Env\u00edo a domicilio + Pago seguro + Garant\u00eda\",\"breadcrumb\":{\"@id\":\"https:\/\/compuviper.mx\/tienda\/producto\/asus-oem-dual-rx7600-o8g-evo-tarjeta-de-video-asus-radeon-rx7600-pcie-x16-4-0-8gb-gddr6-hdmi-3xdp-estandar-gama-media\/#breadcrumb\"},\"inLanguage\":\"es-MX\",\"potentialAction\":[{\"@type\":\"ReadAction\",\"target\":[\"https:\/\/compuviper.mx\/tienda\/producto\/asus-oem-dual-rx7600-o8g-evo-tarjeta-de-video-asus-radeon-rx7600-pcie-x16-4-0-8gb-gddr6-hdmi-3xdp-estandar-gama-media\/\"]}]},{\"@type\":\"BreadcrumbList\",\"@id\":\"https:\/\/compuviper.mx\/tienda\/producto\/asus-oem-dual-rx7600-o8g-evo-tarjeta-de-video-asus-radeon-rx7600-pcie-x16-4-0-8gb-gddr6-hdmi-3xdp-estandar-gama-media\/#breadcrumb\",\"itemListElement\":[{\"@type\":\"ListItem\",\"position\":1,\"name\":\"Inicio\",\"item\":\"https:\/\/compuviper.mx\/tienda\/\"},{\"@type\":\"ListItem\",\"position\":2,\"name\":\"Productos\",\"item\":\"https:\/\/compuviper.mx\/tienda\/productos\/\"},{\"@type\":\"ListItem\",\"position\":3,\"name\":\"Video\",\"item\":\"https:\/\/compuviper.mx\/tienda\/categoria-producto\/video\/\"},{\"@type\":\"ListItem\",\"position\":4,\"name\":\"Video\",\"item\":\"https:\/\/compuviper.mx\/tienda\/categoria-producto\/video\/video-video\/\"},{\"@type\":\"ListItem\",\"position\":5,\"name\":\"Asus Oem Dual-rx7600-o8g-evo Tarjeta De Video Asus Radeon Rx7600 \/pcie X16 4.0 \/8gb Gddr6 \/hdmi \/3xdp \/estandar \/gama Media\"}]},{\"@type\":\"WebSite\",\"@id\":\"https:\/\/compuviper.mx\/tienda\/#website\",\"url\":\"https:\/\/compuviper.mx\/tienda\/\",\"name\":\"Compuviper\",\"description\":\"Proveedor de Computadoras, Laptops, Servidores, Monitores, Puntos de Venta, Teclados,   Impresoras, T\u00f3ner, C\u00e1maras de Seguridad y m\u00e1s en tu tienda en l\u00ednea\",\"publisher\":{\"@id\":\"https:\/\/compuviper.mx\/tienda\/#organization\"},\"potentialAction\":[{\"@type\":\"SearchAction\",\"target\":{\"@type\":\"EntryPoint\",\"urlTemplate\":\"https:\/\/compuviper.mx\/tienda\/?s={search_term_string}\"},\"query-input\":\"required name=search_term_string\"}],\"inLanguage\":\"es-MX\"},{\"@type\":\"Organization\",\"@id\":\"https:\/\/compuviper.mx\/tienda\/#organization\",\"name\":\"Compuviper\",\"url\":\"https:\/\/compuviper.mx\/tienda\/\",\"logo\":{\"@type\":\"ImageObject\",\"inLanguage\":\"es-MX\",\"@id\":\"https:\/\/compuviper.mx\/tienda\/#\/schema\/logo\/image\/\",\"url\":\"https:\/\/compuviper.mx\/tienda\/wp-content\/uploads\/2021\/08\/Logo-Compuviper-10.png\",\"contentUrl\":\"https:\/\/compuviper.mx\/tienda\/wp-content\/uploads\/2021\/08\/Logo-Compuviper-10.png\",\"width\":1000,\"height\":500,\"caption\":\"Compuviper\"},\"image\":{\"@id\":\"https:\/\/compuviper.mx\/tienda\/#\/schema\/logo\/image\/\"},\"sameAs\":[\"https:\/\/www.facebook.com\/compuviper\",\"https:\/\/www.youtube.com\/channel\/UCf73dERp9Y3cfOq7q8BhLjA?view_as=subscriber\"]}]}<\/script>\n<meta property=\"product:brand\" content=\"Asus Oem\" \/>\n<meta property=\"product:price:amount\" content=\"4745\" \/>\n<meta property=\"product:price:currency\" content=\"MXN\" \/>\n<meta property=\"og:availability\" content=\"instock\" \/>\n<meta property=\"product:availability\" content=\"instock\" \/>\n<meta property=\"product:retailer_item_id\" content=\"DUAL-RX7600-O8G-EVO\" \/>\n<meta property=\"product:condition\" content=\"new\" \/>\n<!-- \/ Yoast SEO plugin. -->","yoast_head_json":{"title":"[ Asus Oem ] &#129351; Dual-rx7600-o8g-evo Tarjeta De Video Asus Radeon Rx7600 \/pcie X16 4.0 \/8gb Gddr6 \/hdmi \/3xdp \/estandar \/gama Media","description":"Compra Dual-rx7600-o8g-evo Tarjeta De Video Asus Radeon Rx7600 \/pcie X16 4.0 \/8gb Gddr6 \/hdmi \/3xdp \/estandar \/gama Media + Env\u00edo a domicilio + Pago seguro + Garant\u00eda","robots":{"index":"index","follow":"follow","max-snippet":"max-snippet:-1","max-image-preview":"max-image-preview:large","max-video-preview":"max-video-preview:-1"},"canonical":"https:\/\/compuviper.mx\/tienda\/producto\/asus-oem-dual-rx7600-o8g-evo-tarjeta-de-video-asus-radeon-rx7600-pcie-x16-4-0-8gb-gddr6-hdmi-3xdp-estandar-gama-media\/","og_locale":"es_MX","og_type":"article","og_title":"[ Asus Oem ] &#129351; Dual-rx7600-o8g-evo Tarjeta De Video Asus Radeon Rx7600 \/pcie X16 4.0 \/8gb Gddr6 \/hdmi \/3xdp \/estandar \/gama Media","og_description":"Compra Dual-rx7600-o8g-evo Tarjeta De Video Asus Radeon Rx7600 \/pcie X16 4.0 \/8gb Gddr6 \/hdmi \/3xdp \/estandar \/gama Media + Env\u00edo a domicilio + Pago seguro + Garant\u00eda","og_url":"https:\/\/compuviper.mx\/tienda\/producto\/asus-oem-dual-rx7600-o8g-evo-tarjeta-de-video-asus-radeon-rx7600-pcie-x16-4-0-8gb-gddr6-hdmi-3xdp-estandar-gama-media\/","og_site_name":"Compuviper","article_publisher":"https:\/\/www.facebook.com\/compuviper","og_image":[{"width":200,"height":200,"url":"https:\/\/compuviper.mx\/tienda\/wp-content\/uploads\/2026\/01\/Tarjeta-de-video-asus-radeon-rx7600-pcie-x16-4.0-8gb-gddr6-hdmi-3xdp-estandar-gama-media.jpg","type":"image\/jpeg"}],"twitter_card":"summary_large_image","twitter_misc":{"Precio":"&#36;4,745 con IVA","Availability":"In stock"},"schema":{"@context":"https:\/\/schema.org","@graph":[{"@type":"WebPage","@id":"https:\/\/compuviper.mx\/tienda\/producto\/asus-oem-dual-rx7600-o8g-evo-tarjeta-de-video-asus-radeon-rx7600-pcie-x16-4-0-8gb-gddr6-hdmi-3xdp-estandar-gama-media\/","url":"https:\/\/compuviper.mx\/tienda\/producto\/asus-oem-dual-rx7600-o8g-evo-tarjeta-de-video-asus-radeon-rx7600-pcie-x16-4-0-8gb-gddr6-hdmi-3xdp-estandar-gama-media\/","name":"[ Asus Oem ] &#129351; Dual-rx7600-o8g-evo Tarjeta De Video Asus Radeon Rx7600 \/pcie X16 4.0 \/8gb Gddr6 \/hdmi \/3xdp \/estandar \/gama Media","isPartOf":{"@id":"https:\/\/compuviper.mx\/tienda\/#website"},"datePublished":"2026-04-14T08:24:11+00:00","dateModified":"2026-04-14T08:24:11+00:00","description":"Compra Dual-rx7600-o8g-evo Tarjeta De Video Asus Radeon Rx7600 \/pcie X16 4.0 \/8gb Gddr6 \/hdmi \/3xdp \/estandar \/gama Media + Env\u00edo a domicilio + Pago seguro + Garant\u00eda","breadcrumb":{"@id":"https:\/\/compuviper.mx\/tienda\/producto\/asus-oem-dual-rx7600-o8g-evo-tarjeta-de-video-asus-radeon-rx7600-pcie-x16-4-0-8gb-gddr6-hdmi-3xdp-estandar-gama-media\/#breadcrumb"},"inLanguage":"es-MX","potentialAction":[{"@type":"ReadAction","target":["https:\/\/compuviper.mx\/tienda\/producto\/asus-oem-dual-rx7600-o8g-evo-tarjeta-de-video-asus-radeon-rx7600-pcie-x16-4-0-8gb-gddr6-hdmi-3xdp-estandar-gama-media\/"]}]},{"@type":"BreadcrumbList","@id":"https:\/\/compuviper.mx\/tienda\/producto\/asus-oem-dual-rx7600-o8g-evo-tarjeta-de-video-asus-radeon-rx7600-pcie-x16-4-0-8gb-gddr6-hdmi-3xdp-estandar-gama-media\/#breadcrumb","itemListElement":[{"@type":"ListItem","position":1,"name":"Inicio","item":"https:\/\/compuviper.mx\/tienda\/"},{"@type":"ListItem","position":2,"name":"Productos","item":"https:\/\/compuviper.mx\/tienda\/productos\/"},{"@type":"ListItem","position":3,"name":"Video","item":"https:\/\/compuviper.mx\/tienda\/categoria-producto\/video\/"},{"@type":"ListItem","position":4,"name":"Video","item":"https:\/\/compuviper.mx\/tienda\/categoria-producto\/video\/video-video\/"},{"@type":"ListItem","position":5,"name":"Asus Oem Dual-rx7600-o8g-evo Tarjeta De Video Asus Radeon Rx7600 \/pcie X16 4.0 \/8gb Gddr6 \/hdmi \/3xdp \/estandar \/gama Media"}]},{"@type":"WebSite","@id":"https:\/\/compuviper.mx\/tienda\/#website","url":"https:\/\/compuviper.mx\/tienda\/","name":"Compuviper","description":"Proveedor de Computadoras, Laptops, Servidores, Monitores, Puntos de Venta, Teclados,   Impresoras, T\u00f3ner, C\u00e1maras de Seguridad y m\u00e1s en tu tienda en l\u00ednea","publisher":{"@id":"https:\/\/compuviper.mx\/tienda\/#organization"},"potentialAction":[{"@type":"SearchAction","target":{"@type":"EntryPoint","urlTemplate":"https:\/\/compuviper.mx\/tienda\/?s={search_term_string}"},"query-input":"required name=search_term_string"}],"inLanguage":"es-MX"},{"@type":"Organization","@id":"https:\/\/compuviper.mx\/tienda\/#organization","name":"Compuviper","url":"https:\/\/compuviper.mx\/tienda\/","logo":{"@type":"ImageObject","inLanguage":"es-MX","@id":"https:\/\/compuviper.mx\/tienda\/#\/schema\/logo\/image\/","url":"https:\/\/compuviper.mx\/tienda\/wp-content\/uploads\/2021\/08\/Logo-Compuviper-10.png","contentUrl":"https:\/\/compuviper.mx\/tienda\/wp-content\/uploads\/2021\/08\/Logo-Compuviper-10.png","width":1000,"height":500,"caption":"Compuviper"},"image":{"@id":"https:\/\/compuviper.mx\/tienda\/#\/schema\/logo\/image\/"},"sameAs":["https:\/\/www.facebook.com\/compuviper","https:\/\/www.youtube.com\/channel\/UCf73dERp9Y3cfOq7q8BhLjA?view_as=subscriber"]}]},"product_brand":"Asus Oem","product_price_amount":"4745","product_price_currency":"MXN","og_availability":"instock","product_availability":"instock","product_retailer_item_id":"DUAL-RX7600-O8G-EVO","product_condition":"new"},"_links":{"self":[{"href":"https:\/\/compuviper.mx\/tienda\/wp-json\/wp\/v2\/product\/265889"}],"collection":[{"href":"https:\/\/compuviper.mx\/tienda\/wp-json\/wp\/v2\/product"}],"about":[{"href":"https:\/\/compuviper.mx\/tienda\/wp-json\/wp\/v2\/types\/product"}],"replies":[{"embeddable":true,"href":"https:\/\/compuviper.mx\/tienda\/wp-json\/wp\/v2\/comments?post=265889"}],"wp:featuredmedia":[{"embeddable":true,"href":"https:\/\/compuviper.mx\/tienda\/wp-json\/wp\/v2\/media\/265890"}],"wp:attachment":[{"href":"https:\/\/compuviper.mx\/tienda\/wp-json\/wp\/v2\/media?parent=265889"}],"wp:term":[{"taxonomy":"product_cat","embeddable":true,"href":"https:\/\/compuviper.mx\/tienda\/wp-json\/wp\/v2\/product_cat?post=265889"},{"taxonomy":"product_tag","embeddable":true,"href":"https:\/\/compuviper.mx\/tienda\/wp-json\/wp\/v2\/product_tag?post=265889"}],"curies":[{"name":"wp","href":"https:\/\/api.w.org\/{rel}","templated":true}]}}