{"id":265887,"date":"2026-04-14T02:24:07","date_gmt":"2026-04-14T08:24:07","guid":{"rendered":"https:\/\/compuviper.mx\/tienda\/producto\/pny-vcnrtxa1000atx-pb751492788043-tarjeta-de-video-nvidia-quadro-rtx-a1000-8gb-gddr6-pcie-4-0-16x-4x-mdp-bajo-perfil-gama-media-diseo\/"},"modified":"2026-04-14T02:24:07","modified_gmt":"2026-04-14T08:24:07","slug":"pny-vcnrtxa1000atx-pb751492788043-tarjeta-de-video-nvidia-quadro-rtx-a1000-8gb-gddr6-pcie-4-0-16x-4x-mdp-bajo-perfil-gama-media-diseo","status":"publish","type":"product","link":"https:\/\/compuviper.mx\/tienda\/producto\/pny-vcnrtxa1000atx-pb751492788043-tarjeta-de-video-nvidia-quadro-rtx-a1000-8gb-gddr6-pcie-4-0-16x-4x-mdp-bajo-perfil-gama-media-diseo\/","title":{"rendered":"Pny Vcnrtxa1000atx-pb,751492788043 Tarjeta De Video  Nvidia Quadro Rtx A1000\/8gb\/gddr6\/pcie 4.0 16x\/4x Mdp\/bajo Perfil\/gama Media\/dise?o"},"content":{"rendered":"<table class=\"descripcion\">\n<tr>\n<td>N\u00facleos cuda:  2304<\/td>\n<\/tr>\n<tr>\n<td>N\u00facleos tensores:  72<\/td>\n<\/tr>\n<tr>\n<td>N\u00facleos rt:   18<\/td>\n<\/tr>\n<tr>\n<td>Rendimiento de precisi\u00f3n \u00fanica1:     6,74 tflops<\/td>\n<\/tr>\n<tr>\n<td>Rendimiento del n\u00facleo rt1:     13,2 tflops<\/td>\n<\/tr>\n<tr>\n<td>Rendimiento del tensor1:     53,8 tflops2<\/td>\n<\/tr>\n<tr>\n<td>Memoria gpu:    8 gb gddr6<\/td>\n<\/tr>\n<tr>\n<td>Interfaz de memoria:    128 bits<\/td>\n<\/tr>\n<tr>\n<td>Ancho de banda de memoria:    192 gb\/secc<\/td>\n<\/tr>\n<tr>\n<td>Interfaz del sistema:    pci express 4.0 x83<\/td>\n<\/tr>\n<tr>\n<td>Conectores de pantalla:    4x mdisplayport 1.4a<\/td>\n<\/tr>\n<tr>\n<td>Consumo m\u00e1ximo:    50 w<\/td>\n<\/tr>\n<tr>\n<td>\u0095 1 las velocidades m\u00e1ximas se basan en el reloj de refuerzo de la gpu.<\/td>\n<\/tr>\n<tr>\n<td>\u0095 2 fp16 tflops efectivos utilizando la funci\u00f3n de dispersi\u00f3n.<\/td>\n<\/tr>\n<tr>\n<td>\u0095 3 rtx a1000 utiliza una interfaz pcie gen 4 x8 de longitud completa.<\/td>\n<\/tr>\n<\/table>\n","protected":false},"excerpt":{"rendered":"<p>Basada en la arquitectura de gpu nvidia ampere, la gpu nvidia rtx\u0099 a1000 es una soluci\u00f3n potente y de bajo perfil que proporciona el rendimiento y las funciones que necesitan las aplicaciones profesionales m\u00e1s exigentes. Con 2.304 n\u00facleos cuda\u00ae, 18 n\u00facleos rt, 72 n\u00facleos tensoriales, 8 gb de memoria gddr6 y capacidad para manejar hasta cuatro pantallas 5k, la nvidia rtx a1000 est\u00e1 lista para llevar tu trabajo al siguiente nivel.<\/p>\n","protected":false},"featured_media":265888,"comment_status":"open","ping_status":"open","template":"","meta":[],"product_cat":[2153,1841],"product_tag":[1849],"acf":[],"yoast_head":"<!-- This site is optimized with the Yoast SEO plugin v21.7 - https:\/\/yoast.com\/wordpress\/plugins\/seo\/ -->\n<title>[ Pny ] &#129351; Vcnrtxa1000atx-pb,751492788043 Tarjeta De Video Nvidia Quadro Rtx A1000\/8gb\/gddr6\/pcie 4.0 16x\/4x Mdp\/bajo Perfil\/gama Media\/dise\u00f1o<\/title>\n<meta name=\"description\" content=\"Compra Vcnrtxa1000atx-pb,751492788043 Tarjeta De Video Nvidia Quadro Rtx A1000\/8gb\/gddr6\/pcie 4.0 16x\/4x Mdp\/bajo Perfil\/gama Media\/dise\u00f1o + Env\u00edo a domicilio + Pago seguro + Garant\u00eda\" \/>\n<meta name=\"robots\" content=\"index, follow, max-snippet:-1, max-image-preview:large, max-video-preview:-1\" \/>\n<link rel=\"canonical\" href=\"https:\/\/compuviper.mx\/tienda\/producto\/pny-vcnrtxa1000atx-pb751492788043-tarjeta-de-video-nvidia-quadro-rtx-a1000-8gb-gddr6-pcie-4-0-16x-4x-mdp-bajo-perfil-gama-media-diseo\/\" \/>\n<meta property=\"og:locale\" content=\"es_MX\" \/>\n<meta property=\"og:type\" content=\"article\" \/>\n<meta property=\"og:title\" content=\"[ Pny ] &#129351; Vcnrtxa1000atx-pb,751492788043 Tarjeta De Video Nvidia Quadro Rtx A1000\/8gb\/gddr6\/pcie 4.0 16x\/4x Mdp\/bajo Perfil\/gama Media\/dise\u00f1o\" \/>\n<meta property=\"og:description\" content=\"Compra Vcnrtxa1000atx-pb,751492788043 Tarjeta De Video Nvidia Quadro Rtx A1000\/8gb\/gddr6\/pcie 4.0 16x\/4x Mdp\/bajo Perfil\/gama Media\/dise\u00f1o + Env\u00edo a domicilio + Pago seguro + Garant\u00eda\" \/>\n<meta property=\"og:url\" content=\"https:\/\/compuviper.mx\/tienda\/producto\/pny-vcnrtxa1000atx-pb751492788043-tarjeta-de-video-nvidia-quadro-rtx-a1000-8gb-gddr6-pcie-4-0-16x-4x-mdp-bajo-perfil-gama-media-diseo\/\" \/>\n<meta property=\"og:site_name\" content=\"Compuviper\" \/>\n<meta property=\"article:publisher\" content=\"https:\/\/www.facebook.com\/compuviper\" \/>\n<meta property=\"og:image\" content=\"https:\/\/compuviper.mx\/tienda\/wp-content\/uploads\/2026\/01\/Tarjeta-de-video-pny-nvidia-quadro-rtx-a10008gbgddr6pcie-4.0-16x4x-mdpbajo-perfilgama-mediadiseno.jpg\" \/>\n\t<meta property=\"og:image:width\" content=\"200\" \/>\n\t<meta property=\"og:image:height\" content=\"200\" \/>\n\t<meta property=\"og:image:type\" content=\"image\/jpeg\" \/>\n<meta name=\"twitter:card\" content=\"summary_large_image\" \/>\n<meta name=\"twitter:label1\" content=\"Precio\" \/>\n\t<meta name=\"twitter:data1\" content=\"&#36;6,960 con IVA\" \/>\n\t<meta name=\"twitter:label2\" content=\"Availability\" \/>\n\t<meta name=\"twitter:data2\" content=\"In stock\" \/>\n<script type=\"application\/ld+json\" class=\"yoast-schema-graph\">{\"@context\":\"https:\/\/schema.org\",\"@graph\":[{\"@type\":\"WebPage\",\"@id\":\"https:\/\/compuviper.mx\/tienda\/producto\/pny-vcnrtxa1000atx-pb751492788043-tarjeta-de-video-nvidia-quadro-rtx-a1000-8gb-gddr6-pcie-4-0-16x-4x-mdp-bajo-perfil-gama-media-diseo\/\",\"url\":\"https:\/\/compuviper.mx\/tienda\/producto\/pny-vcnrtxa1000atx-pb751492788043-tarjeta-de-video-nvidia-quadro-rtx-a1000-8gb-gddr6-pcie-4-0-16x-4x-mdp-bajo-perfil-gama-media-diseo\/\",\"name\":\"[ Pny ] &#129351; Vcnrtxa1000atx-pb,751492788043 Tarjeta De Video Nvidia Quadro Rtx A1000\/8gb\/gddr6\/pcie 4.0 16x\/4x Mdp\/bajo Perfil\/gama Media\/dise\u00f1o\",\"isPartOf\":{\"@id\":\"https:\/\/compuviper.mx\/tienda\/#website\"},\"datePublished\":\"2026-04-14T08:24:07+00:00\",\"dateModified\":\"2026-04-14T08:24:07+00:00\",\"description\":\"Compra Vcnrtxa1000atx-pb,751492788043 Tarjeta De Video Nvidia Quadro Rtx A1000\/8gb\/gddr6\/pcie 4.0 16x\/4x Mdp\/bajo Perfil\/gama Media\/dise\u00f1o + Env\u00edo a domicilio + Pago seguro + Garant\u00eda\",\"breadcrumb\":{\"@id\":\"https:\/\/compuviper.mx\/tienda\/producto\/pny-vcnrtxa1000atx-pb751492788043-tarjeta-de-video-nvidia-quadro-rtx-a1000-8gb-gddr6-pcie-4-0-16x-4x-mdp-bajo-perfil-gama-media-diseo\/#breadcrumb\"},\"inLanguage\":\"es-MX\",\"potentialAction\":[{\"@type\":\"ReadAction\",\"target\":[\"https:\/\/compuviper.mx\/tienda\/producto\/pny-vcnrtxa1000atx-pb751492788043-tarjeta-de-video-nvidia-quadro-rtx-a1000-8gb-gddr6-pcie-4-0-16x-4x-mdp-bajo-perfil-gama-media-diseo\/\"]}]},{\"@type\":\"BreadcrumbList\",\"@id\":\"https:\/\/compuviper.mx\/tienda\/producto\/pny-vcnrtxa1000atx-pb751492788043-tarjeta-de-video-nvidia-quadro-rtx-a1000-8gb-gddr6-pcie-4-0-16x-4x-mdp-bajo-perfil-gama-media-diseo\/#breadcrumb\",\"itemListElement\":[{\"@type\":\"ListItem\",\"position\":1,\"name\":\"Inicio\",\"item\":\"https:\/\/compuviper.mx\/tienda\/\"},{\"@type\":\"ListItem\",\"position\":2,\"name\":\"Productos\",\"item\":\"https:\/\/compuviper.mx\/tienda\/productos\/\"},{\"@type\":\"ListItem\",\"position\":3,\"name\":\"Video\",\"item\":\"https:\/\/compuviper.mx\/tienda\/categoria-producto\/video\/\"},{\"@type\":\"ListItem\",\"position\":4,\"name\":\"Sin Categor\u00eda\",\"item\":\"https:\/\/compuviper.mx\/tienda\/categoria-producto\/video\/sin-categoria-video\/\"},{\"@type\":\"ListItem\",\"position\":5,\"name\":\"Pny Vcnrtxa1000atx-pb,751492788043 Tarjeta De Video Nvidia Quadro Rtx A1000\/8gb\/gddr6\/pcie 4.0 16x\/4x Mdp\/bajo Perfil\/gama Media\/dise?o\"}]},{\"@type\":\"WebSite\",\"@id\":\"https:\/\/compuviper.mx\/tienda\/#website\",\"url\":\"https:\/\/compuviper.mx\/tienda\/\",\"name\":\"Compuviper\",\"description\":\"Proveedor de Computadoras, Laptops, Servidores, Monitores, Puntos de Venta, Teclados,   Impresoras, T\u00f3ner, C\u00e1maras de Seguridad y m\u00e1s en tu tienda en l\u00ednea\",\"publisher\":{\"@id\":\"https:\/\/compuviper.mx\/tienda\/#organization\"},\"potentialAction\":[{\"@type\":\"SearchAction\",\"target\":{\"@type\":\"EntryPoint\",\"urlTemplate\":\"https:\/\/compuviper.mx\/tienda\/?s={search_term_string}\"},\"query-input\":\"required name=search_term_string\"}],\"inLanguage\":\"es-MX\"},{\"@type\":\"Organization\",\"@id\":\"https:\/\/compuviper.mx\/tienda\/#organization\",\"name\":\"Compuviper\",\"url\":\"https:\/\/compuviper.mx\/tienda\/\",\"logo\":{\"@type\":\"ImageObject\",\"inLanguage\":\"es-MX\",\"@id\":\"https:\/\/compuviper.mx\/tienda\/#\/schema\/logo\/image\/\",\"url\":\"https:\/\/compuviper.mx\/tienda\/wp-content\/uploads\/2021\/08\/Logo-Compuviper-10.png\",\"contentUrl\":\"https:\/\/compuviper.mx\/tienda\/wp-content\/uploads\/2021\/08\/Logo-Compuviper-10.png\",\"width\":1000,\"height\":500,\"caption\":\"Compuviper\"},\"image\":{\"@id\":\"https:\/\/compuviper.mx\/tienda\/#\/schema\/logo\/image\/\"},\"sameAs\":[\"https:\/\/www.facebook.com\/compuviper\",\"https:\/\/www.youtube.com\/channel\/UCf73dERp9Y3cfOq7q8BhLjA?view_as=subscriber\"]}]}<\/script>\n<meta property=\"product:brand\" content=\"PNY\" \/>\n<meta property=\"product:price:amount\" content=\"6960\" \/>\n<meta property=\"product:price:currency\" content=\"MXN\" \/>\n<meta property=\"og:availability\" content=\"instock\" \/>\n<meta property=\"product:availability\" content=\"instock\" \/>\n<meta property=\"product:retailer_item_id\" content=\"VCNRTXA1000ATX-PB,751492788043\" \/>\n<meta property=\"product:condition\" content=\"new\" \/>\n<!-- \/ Yoast SEO plugin. -->","yoast_head_json":{"title":"[ Pny ] &#129351; Vcnrtxa1000atx-pb,751492788043 Tarjeta De Video Nvidia Quadro Rtx A1000\/8gb\/gddr6\/pcie 4.0 16x\/4x Mdp\/bajo Perfil\/gama Media\/dise\u00f1o","description":"Compra Vcnrtxa1000atx-pb,751492788043 Tarjeta De Video Nvidia Quadro Rtx A1000\/8gb\/gddr6\/pcie 4.0 16x\/4x Mdp\/bajo Perfil\/gama Media\/dise\u00f1o + Env\u00edo a domicilio + Pago seguro + Garant\u00eda","robots":{"index":"index","follow":"follow","max-snippet":"max-snippet:-1","max-image-preview":"max-image-preview:large","max-video-preview":"max-video-preview:-1"},"canonical":"https:\/\/compuviper.mx\/tienda\/producto\/pny-vcnrtxa1000atx-pb751492788043-tarjeta-de-video-nvidia-quadro-rtx-a1000-8gb-gddr6-pcie-4-0-16x-4x-mdp-bajo-perfil-gama-media-diseo\/","og_locale":"es_MX","og_type":"article","og_title":"[ Pny ] &#129351; Vcnrtxa1000atx-pb,751492788043 Tarjeta De Video Nvidia Quadro Rtx A1000\/8gb\/gddr6\/pcie 4.0 16x\/4x Mdp\/bajo Perfil\/gama Media\/dise\u00f1o","og_description":"Compra Vcnrtxa1000atx-pb,751492788043 Tarjeta De Video Nvidia Quadro Rtx A1000\/8gb\/gddr6\/pcie 4.0 16x\/4x Mdp\/bajo Perfil\/gama Media\/dise\u00f1o + Env\u00edo a domicilio + Pago seguro + Garant\u00eda","og_url":"https:\/\/compuviper.mx\/tienda\/producto\/pny-vcnrtxa1000atx-pb751492788043-tarjeta-de-video-nvidia-quadro-rtx-a1000-8gb-gddr6-pcie-4-0-16x-4x-mdp-bajo-perfil-gama-media-diseo\/","og_site_name":"Compuviper","article_publisher":"https:\/\/www.facebook.com\/compuviper","og_image":[{"width":200,"height":200,"url":"https:\/\/compuviper.mx\/tienda\/wp-content\/uploads\/2026\/01\/Tarjeta-de-video-pny-nvidia-quadro-rtx-a10008gbgddr6pcie-4.0-16x4x-mdpbajo-perfilgama-mediadiseno.jpg","type":"image\/jpeg"}],"twitter_card":"summary_large_image","twitter_misc":{"Precio":"&#36;6,960 con IVA","Availability":"In stock"},"schema":{"@context":"https:\/\/schema.org","@graph":[{"@type":"WebPage","@id":"https:\/\/compuviper.mx\/tienda\/producto\/pny-vcnrtxa1000atx-pb751492788043-tarjeta-de-video-nvidia-quadro-rtx-a1000-8gb-gddr6-pcie-4-0-16x-4x-mdp-bajo-perfil-gama-media-diseo\/","url":"https:\/\/compuviper.mx\/tienda\/producto\/pny-vcnrtxa1000atx-pb751492788043-tarjeta-de-video-nvidia-quadro-rtx-a1000-8gb-gddr6-pcie-4-0-16x-4x-mdp-bajo-perfil-gama-media-diseo\/","name":"[ Pny ] &#129351; Vcnrtxa1000atx-pb,751492788043 Tarjeta De Video Nvidia Quadro Rtx A1000\/8gb\/gddr6\/pcie 4.0 16x\/4x Mdp\/bajo Perfil\/gama Media\/dise\u00f1o","isPartOf":{"@id":"https:\/\/compuviper.mx\/tienda\/#website"},"datePublished":"2026-04-14T08:24:07+00:00","dateModified":"2026-04-14T08:24:07+00:00","description":"Compra Vcnrtxa1000atx-pb,751492788043 Tarjeta De Video Nvidia Quadro Rtx A1000\/8gb\/gddr6\/pcie 4.0 16x\/4x Mdp\/bajo Perfil\/gama Media\/dise\u00f1o + Env\u00edo a domicilio + Pago seguro + Garant\u00eda","breadcrumb":{"@id":"https:\/\/compuviper.mx\/tienda\/producto\/pny-vcnrtxa1000atx-pb751492788043-tarjeta-de-video-nvidia-quadro-rtx-a1000-8gb-gddr6-pcie-4-0-16x-4x-mdp-bajo-perfil-gama-media-diseo\/#breadcrumb"},"inLanguage":"es-MX","potentialAction":[{"@type":"ReadAction","target":["https:\/\/compuviper.mx\/tienda\/producto\/pny-vcnrtxa1000atx-pb751492788043-tarjeta-de-video-nvidia-quadro-rtx-a1000-8gb-gddr6-pcie-4-0-16x-4x-mdp-bajo-perfil-gama-media-diseo\/"]}]},{"@type":"BreadcrumbList","@id":"https:\/\/compuviper.mx\/tienda\/producto\/pny-vcnrtxa1000atx-pb751492788043-tarjeta-de-video-nvidia-quadro-rtx-a1000-8gb-gddr6-pcie-4-0-16x-4x-mdp-bajo-perfil-gama-media-diseo\/#breadcrumb","itemListElement":[{"@type":"ListItem","position":1,"name":"Inicio","item":"https:\/\/compuviper.mx\/tienda\/"},{"@type":"ListItem","position":2,"name":"Productos","item":"https:\/\/compuviper.mx\/tienda\/productos\/"},{"@type":"ListItem","position":3,"name":"Video","item":"https:\/\/compuviper.mx\/tienda\/categoria-producto\/video\/"},{"@type":"ListItem","position":4,"name":"Sin Categor\u00eda","item":"https:\/\/compuviper.mx\/tienda\/categoria-producto\/video\/sin-categoria-video\/"},{"@type":"ListItem","position":5,"name":"Pny Vcnrtxa1000atx-pb,751492788043 Tarjeta De Video Nvidia Quadro Rtx A1000\/8gb\/gddr6\/pcie 4.0 16x\/4x Mdp\/bajo Perfil\/gama Media\/dise?o"}]},{"@type":"WebSite","@id":"https:\/\/compuviper.mx\/tienda\/#website","url":"https:\/\/compuviper.mx\/tienda\/","name":"Compuviper","description":"Proveedor de Computadoras, Laptops, Servidores, Monitores, Puntos de Venta, Teclados,   Impresoras, T\u00f3ner, C\u00e1maras de Seguridad y m\u00e1s en tu tienda en l\u00ednea","publisher":{"@id":"https:\/\/compuviper.mx\/tienda\/#organization"},"potentialAction":[{"@type":"SearchAction","target":{"@type":"EntryPoint","urlTemplate":"https:\/\/compuviper.mx\/tienda\/?s={search_term_string}"},"query-input":"required name=search_term_string"}],"inLanguage":"es-MX"},{"@type":"Organization","@id":"https:\/\/compuviper.mx\/tienda\/#organization","name":"Compuviper","url":"https:\/\/compuviper.mx\/tienda\/","logo":{"@type":"ImageObject","inLanguage":"es-MX","@id":"https:\/\/compuviper.mx\/tienda\/#\/schema\/logo\/image\/","url":"https:\/\/compuviper.mx\/tienda\/wp-content\/uploads\/2021\/08\/Logo-Compuviper-10.png","contentUrl":"https:\/\/compuviper.mx\/tienda\/wp-content\/uploads\/2021\/08\/Logo-Compuviper-10.png","width":1000,"height":500,"caption":"Compuviper"},"image":{"@id":"https:\/\/compuviper.mx\/tienda\/#\/schema\/logo\/image\/"},"sameAs":["https:\/\/www.facebook.com\/compuviper","https:\/\/www.youtube.com\/channel\/UCf73dERp9Y3cfOq7q8BhLjA?view_as=subscriber"]}]},"product_brand":"PNY","product_price_amount":"6960","product_price_currency":"MXN","og_availability":"instock","product_availability":"instock","product_retailer_item_id":"VCNRTXA1000ATX-PB,751492788043","product_condition":"new"},"_links":{"self":[{"href":"https:\/\/compuviper.mx\/tienda\/wp-json\/wp\/v2\/product\/265887"}],"collection":[{"href":"https:\/\/compuviper.mx\/tienda\/wp-json\/wp\/v2\/product"}],"about":[{"href":"https:\/\/compuviper.mx\/tienda\/wp-json\/wp\/v2\/types\/product"}],"replies":[{"embeddable":true,"href":"https:\/\/compuviper.mx\/tienda\/wp-json\/wp\/v2\/comments?post=265887"}],"wp:featuredmedia":[{"embeddable":true,"href":"https:\/\/compuviper.mx\/tienda\/wp-json\/wp\/v2\/media\/265888"}],"wp:attachment":[{"href":"https:\/\/compuviper.mx\/tienda\/wp-json\/wp\/v2\/media?parent=265887"}],"wp:term":[{"taxonomy":"product_cat","embeddable":true,"href":"https:\/\/compuviper.mx\/tienda\/wp-json\/wp\/v2\/product_cat?post=265887"},{"taxonomy":"product_tag","embeddable":true,"href":"https:\/\/compuviper.mx\/tienda\/wp-json\/wp\/v2\/product_tag?post=265887"}],"curies":[{"name":"wp","href":"https:\/\/api.w.org\/{rel}","templated":true}]}}